{"id":11416,"date":"2022-09-19T08:17:03","date_gmt":"2022-09-19T08:17:03","guid":{"rendered":"https:\/\/www.martinsdelima.com\/politique-de-confidentialite\/"},"modified":"2026-02-08T20:04:40","modified_gmt":"2026-02-08T20:04:40","slug":"politique-de-confidentialite","status":"publish","type":"page","link":"https:\/\/www.martinsdelima.com\/fr\/politique-de-confidentialite\/","title":{"rendered":"Politique de confidentialit\u00e9"},"content":{"rendered":"\t\t<div data-elementor-type=\"wp-page\" data-elementor-id=\"11416\" class=\"elementor elementor-11416 elementor-3\" data-elementor-post-type=\"page\">\n\t\t\t\t\t\t<section class=\"elementor-section elementor-top-section elementor-element elementor-element-32f7805 elementor-section-full_width elementor-section-stretched elementor-section-height-default elementor-section-height-default\" data-id=\"32f7805\" data-element_type=\"section\" data-settings=\"{&quot;stretch_section&quot;:&quot;section-stretched&quot;,&quot;background_background&quot;:&quot;classic&quot;}\">\n\t\t\t\t\t\t<div class=\"elementor-container elementor-column-gap-default\">\n\t\t\t\t\t<div class=\"elementor-column elementor-col-100 elementor-top-column elementor-element elementor-element-d0b5874\" data-id=\"d0b5874\" data-element_type=\"column\">\n\t\t\t<div class=\"elementor-widget-wrap elementor-element-populated\">\n\t\t\t\t\t\t<div class=\"elementor-element elementor-element-0550440 elementor-widget-mobile__width-initial elementor-widget elementor-widget-heading\" data-id=\"0550440\" data-element_type=\"widget\" data-widget_type=\"heading.default\">\n\t\t\t\t<div class=\"elementor-widget-container\">\n\t\t\t\t\t<h2 class=\"elementor-heading-title elementor-size-default\">Politique de confidentialit\u00e9<\/h2>\t\t\t\t<\/div>\n\t\t\t\t<\/div>\n\t\t\t\t\t<\/div>\n\t\t<\/div>\n\t\t\t\t\t<\/div>\n\t\t<\/section>\n\t\t\t\t<section class=\"elementor-section elementor-top-section elementor-element elementor-element-323d3691 elementor-section-boxed elementor-section-height-default elementor-section-height-default\" data-id=\"323d3691\" data-element_type=\"section\">\n\t\t\t\t\t\t<div class=\"elementor-container elementor-column-gap-default\">\n\t\t\t\t\t<div class=\"elementor-column elementor-col-100 elementor-top-column elementor-element elementor-element-3e211db4\" data-id=\"3e211db4\" data-element_type=\"column\">\n\t\t\t<div class=\"elementor-widget-wrap elementor-element-populated\">\n\t\t\t\t\t\t<div class=\"elementor-element elementor-element-ea454b3 elementor-widget__width-initial elementor-widget elementor-widget-text-editor\" data-id=\"ea454b3\" data-element_type=\"widget\" data-widget_type=\"text-editor.default\">\n\t\t\t\t<div class=\"elementor-widget-container\">\n\t\t\t\t\t\t\t\t\t<p><span>Conform\u00e9ment aux principes de lic\u00e9it\u00e9, de loyaut\u00e9 et de transparence, nous mettons \u00e0 votre disposition la pr\u00e9sente politique de confidentialit\u00e9.<br><br><\/span><\/p>\n<hr style=\"height: 2px; background-color: grey;\">\n<p><span style=\"color: #7d2728; font-weight: 500;\"><br>Qui est le responsable du traitement de vos donn\u00e9es ?<\/span><\/p>\n<p><span style=\"color: #7d2728; font-weight: 200;\">Responsable&nbsp;:<\/span><span style=\"font-size: inherit; color: var( --e-global-color-text ); word-spacing: var( --e-global-typography-text-word-spacing );\"> <span style=\"font-weight: 500;\">Martins de Lima S.L.<\/span><\/span><\/p>\n<p><span style=\"color: #7d2728; font-weight: 200;\">NIF&nbsp;: <\/span>B84866466<\/p>\n<p><span style=\"color: #7d2728; font-weight: 200;\">Si\u00e8ge social&nbsp;:<\/span> Calle Serrano&nbsp;93, 5E, 28006, Madrid<\/p>\n<p><span style=\"color: #7d2728; font-weight: 200;\">Contact&nbsp;:<\/span><\/p>\n<ul style=\"font-weight: 100;\">\n<li><span>Courriel&nbsp;: <a href=\"mailto:lopd@martinsdelima.com\">lopd@martinsdelima.com<\/a><\/span><\/li>\n<li><span>T\u00e9l\u00e9phone&nbsp;: 911995651<\/span><\/li>\n<\/ul>\n<hr style=\"height: 2px; background-color: grey;\">\n<p><span style=\"color: #7d2728; font-weight: 500;\"><br>Dans quel but traitons-nous vos donn\u00e9es personnelles&nbsp;?<\/span><\/p>\n<p><span>Chez <span style=\"font-weight: 500;\">Martins de Lima S.L.<\/span>, selon la cat\u00e9gorie de personne concern\u00e9e, nous traitons les informations que vous nous fournissez aux fins suivantes&nbsp;:<br><\/span><span style=\"font-size: inherit; word-spacing: var( --e-global-typography-text-word-spacing );\"><br><span style=\"color: #7d2728;\">Clients potentiels<\/span><\/span><\/p>\n<p><span>G\u00e9rer la relation commerciale et\/ou professionnelle potentielle, g\u00e9rer l\u2019envoi des informations demand\u00e9es et\/ou r\u00e9pondre aux questions pos\u00e9es, faciliter les offres de nos services et\/ou produits qui vous int\u00e9ressent.<\/span><\/p>\n<p><span><span style=\"color: #7d2728;\">Clients<\/span><br><\/span><span>G\u00e9rer la relation commerciale et\/ou professionnelle, faciliter les offres de nos services et\/ou produits qui vous int\u00e9ressent.<\/span><\/p>\n<p><span><span style=\"color: #7d2728;\">Fournisseurs<\/span><br><\/span><span>G\u00e9rer la relation commerciale et\/ou professionnelle.<\/span><span>&nbsp;<\/span><\/p>\n<p><span><span style=\"color: #7d2728;\">Candidats<\/span><br><\/span><span>G\u00e9rer le processus de s\u00e9lection du personnel.<\/span><\/p>\n<p><span><span style=\"color: #7d2728;\">Utilisateurs web<\/span><br><\/span><span>G\u00e9rer l\u2019analyse de vos donn\u00e9es de navigation.<br><br><\/span><\/p>\n<hr style=\"height: 2px; background-color: grey;\">\n<p><span style=\"color: #7d2728; font-weight: 500;\"><br>Quelle est la l\u00e9gitimation du traitement de vos donn\u00e9es&nbsp;?<\/span><\/p>\n<p><span>La base juridique du traitement de vos donn\u00e9es personnelles, selon la cat\u00e9gorie de personne concern\u00e9e, peut \u00eatre&nbsp;:<\/span><\/p>\n<p><span style=\"color: #7d2728;\">Clients potentiels<\/span><\/p>\n<p><span>Art. 6.1.b RGPD&nbsp;: application, \u00e0 la demande de la personne concern\u00e9e, de mesures pr\u00e9contractuelles (devis, feuilles de mission, offres de services\u2026).<\/span><\/p>\n<p><span>Art. 6.1.f RGPD&nbsp;: Int\u00e9r\u00eat l\u00e9gitime (envoyer les informations demand\u00e9es, r\u00e9pondre aux questions pos\u00e9es\u2026).<\/span><\/p>\n<p><span>Art. 6.1.a RGPD&nbsp;: consentement de la personne concern\u00e9e (faciliter les offres de nos services et\/ou produits).<\/span><\/p>\n<p><span style=\"color: #7d2728;\">Clients<\/span><\/p>\n<p><span>Art. 6.1.b RGPD&nbsp;: ex\u00e9cution d\u2019un contrat auquel la personne concern\u00e9e est partie.<\/span><\/p>\n<p><span style=\"color: #7d2728;\">Fournisseurs<\/span><\/p>\n<p><span>Art. 6.1.b RGPD&nbsp;: ex\u00e9cution d\u2019un contrat auquel la personne concern\u00e9e est partie.<\/span><\/p>\n<p><span style=\"color: #7d2728;\">Candidats<\/span><\/p>\n<p><span>Art. 6.1.a RGPD&nbsp;: consentement de la personne concern\u00e9e.<\/span><\/p>\n<p><span style=\"color: #7d2728;\">Utilisateurs web<\/span><\/p>\n<p><span>Art. 6.1.a RGPD&nbsp;: consentement de la personne concern\u00e9e.<\/span><\/p>\n<p><span>Les donn\u00e9es que nous vous demandons sont ad\u00e9quates, pertinentes et strictement n\u00e9cessaires et vous n\u2019\u00eates en aucun cas oblig\u00e9 de nous les fournir, mais leur non-communication peut affecter la finalit\u00e9 du service ou l\u2019impossibilit\u00e9 de le fournir.<br><br><\/span><\/p>\n<hr style=\"height: 2px; background-color: grey;\">\n<p><span style=\"color: #7d2728; font-weight: 500;\"><br>Pendant combien de temps conserverons-nous vos donn\u00e9es personnelles&nbsp;?<\/span><\/p>\n<p><span>Vos donn\u00e9es seront conserv\u00e9es pendant la dur\u00e9e minimale n\u00e9cessaire \u00e0 la bonne prestation du service offert ainsi que pour r\u00e9pondre aux responsabilit\u00e9s qui pourraient en d\u00e9couler et \u00e0 toute autre exigence l\u00e9gale.<br><br><\/span><\/p>\n<hr style=\"height: 2px; background-color: grey;\">\n<p><span style=\"color: #7d2728; font-weight: 500;\"><br>\u00c0 quels destinataires vos donn\u00e9es seront-elles communiqu\u00e9es&nbsp;?<\/span><\/p>\n<p><span style=\"color: var( --e-global-color-text ); word-spacing: var( --e-global-typography-text-word-spacing );\"><span style=\"font-weight: 500;\">Martins de Lima S.L.<\/span><span> ne communiquera vos donn\u00e9es \u00e0 aucun tiers, sauf si cela est express\u00e9ment indiqu\u00e9.<\/span><\/span><\/p>\n<p><span>De plus, nous vous informons que certaines donn\u00e9es, en vertu de la r\u00e9glementation en vigueur ou de la relation contractuelle que vous entretenez avec <span style=\"font-weight: 500;\">Martins de Lima S.L.,<\/span> pourront \u00eatre communiqu\u00e9es \u00e0&nbsp;:<\/span><span>&nbsp;<\/span><\/p>\n<p><span>Les banques et \u00e9tablissements financiers pour le recouvrement des services contract\u00e9s et\/ou des produits achet\u00e9s.<\/span><\/p>\n<p><span>Les administrations publiques comp\u00e9tentes dans les secteurs d\u2019activit\u00e9 de <span style=\"font-weight: 500;\">Martins de Lima S.L.,<\/span> lorsque la r\u00e9glementation en vigueur l\u2019\u00e9tablit.<br><br><\/span><\/p>\n<hr style=\"height: 2px; background-color: grey;\">\n<p><span style=\"color: #7d2728; font-weight: 500;\"><br>Quels sont vos droits lorsque vous nous fournissez vos donn\u00e9es&nbsp;?<\/span><\/p>\n<p><span>Les droits de protection des donn\u00e9es que les personnes concern\u00e9es pourront exercer, le cas \u00e9ch\u00e9ant, sont les suivants&nbsp;:<\/span><\/p>\n<ul style=\"font-weight: 100;\">\n<li><span>Droit de demander l\u2019acc\u00e8s aux donn\u00e9es personnelles relatives \u00e0 la personne concern\u00e9e.<\/span><\/li>\n<li><span>Droit de rectification ou de suppression.<\/span><\/li>\n<li><span>Droit d\u2019opposition.<\/span><\/li>\n<li><span>Droit de demander la limitation de leur traitement.<\/span><\/li>\n<li><span>Droit \u00e0 la portabilit\u00e9 des donn\u00e9es.<\/span><\/li>\n<li><span>Droit de ne pas faire l\u2019objet de d\u00e9cisions fond\u00e9es uniquement sur le traitement automatis\u00e9 des donn\u00e9es.<\/span><\/li>\n<\/ul>\n<p><span>Les titulaires des donn\u00e9es personnelles obtenues pourront exercer leurs droits de protection des donn\u00e9es personnelles en adressant une communication \u00e9crite au si\u00e8ge social de <span style=\"font-weight: 500;\">Martins de Lima S.L.<\/span> ou \u00e0 l\u2019adresse \u00e9lectronique pr\u00e9vue \u00e0 cet effet, <a href=\"mailto:lopd@martinsdelima.com\">lopd@martinsdelima.com<\/a>.<\/span><\/p>\n<p><span>Mod\u00e8les, formulaires et plus d\u2019informations disponibles sur vos droits sur la page web de l\u2019autorit\u00e9 de contr\u00f4le nationale, Agence espagnole de protection des donn\u00e9es, ci-apr\u00e8s, AEPD, <a href=\"http:\/\/www.aepd.es\" target=\"_blank\" rel=\"noopener\">www.aepd.es<\/a>.<br><br><\/span><\/p>\n<hr style=\"height: 2px; background-color: grey;\">\n<p><span style=\"color: #7d2728; font-weight: 500;\"><br>Puis-je retirer mon consentement&nbsp;?<\/span><\/p>\n<p><span>Vous avez la possibilit\u00e9 et le droit de retirer votre consentement pour toute finalit\u00e9 sp\u00e9cifique accord\u00e9e \u00e0 un moment donn\u00e9, sans que cela n\u2019affecte la lic\u00e9it\u00e9 du traitement fond\u00e9 sur le consentement pr\u00e9alable \u00e0 son retrait.<br><br><\/span><\/p>\n<hr style=\"height: 2px; background-color: grey;\">\n<p><span style=\"color: #7d2728; font-weight: 500;\"><br>O\u00f9 puis-je d\u00e9poser une plainte si je consid\u00e8re que mes donn\u00e9es ne sont pas trait\u00e9es correctement&nbsp;?<\/span><\/p>\n<p><span>Si une personne concern\u00e9e consid\u00e8re que ses donn\u00e9es ne sont pas trait\u00e9es correctement par <span style=\"font-weight: 500;\">Martins de Lima S.L.<\/span> ou que les demandes d\u2019exercice des droits n\u2019ont pas \u00e9t\u00e9 trait\u00e9es de mani\u00e8re satisfaisante, elle peut d\u00e9poser une plainte aupr\u00e8s de l\u2019autorit\u00e9 de protection des donn\u00e9es comp\u00e9tente, l\u2019AEPD \u00e9tant celle indiqu\u00e9e sur le territoire national, <a href=\"http:\/\/www.aepd.es\" target=\"_blank\" rel=\"noopener\">www.aepd.es<\/a>.<br><br><\/span><\/p>\n<hr style=\"height: 2px; background-color: grey;\">\n<p><span style=\"color: #7d2728; font-weight: 500;\"><br>S\u00e9curit\u00e9 et mise \u00e0 jour de vos donn\u00e9es personnelles<\/span><\/p>\n<p><span>Afin de sauvegarder la s\u00e9curit\u00e9 de vos donn\u00e9es personnelles, nous vous informons que nous avons adopt\u00e9 toutes les mesures techniques et organisationnelles n\u00e9cessaires pour garantir la s\u00e9curit\u00e9 des donn\u00e9es personnelles fournies. Tout cela afin d\u2019\u00e9viter leur alt\u00e9ration, leur perte et\/ou leur traitement ou acc\u00e8s non autoris\u00e9s, comme l\u2019exige la r\u00e9glementation, m\u00eame si la s\u00e9curit\u00e9 absolue n\u2019existe pas. <\/span><span>&nbsp;<\/span><\/p>\n<p><span>Il est important que, pour que nous puissions maintenir vos donn\u00e9es personnelles \u00e0 jour, vous nous informiez chaque fois qu\u2019une modification de celles-ci se produit.<br><br><\/span><\/p>\n<hr style=\"height: 2px; background-color: grey;\">\n<p><span style=\"color: #7d2728; font-weight: 500;\"><br>Confidentialit\u00e9<\/span><\/p>\n<p><span><span style=\"font-weight: 500;\">Martins de Lima S.L.<\/span> vous informe que vos donn\u00e9es seront trait\u00e9es avec le plus grand soin et la plus grande confidentialit\u00e9 par tout le personnel qui intervient dans l\u2019une des phases du traitement. Nous ne c\u00e9derons ni ne communiquerons vos donn\u00e9es \u00e0 aucun tiers, sauf dans les cas l\u00e9galement pr\u00e9vus, ou sauf si la personne concern\u00e9e nous y a express\u00e9ment autoris\u00e9s. <\/span><\/p>\t\t\t\t\t\t\t\t<\/div>\n\t\t\t\t<\/div>\n\t\t\t\t\t<\/div>\n\t\t<\/div>\n\t\t\t\t\t<\/div>\n\t\t<\/section>\n\t\t\t\t<section class=\"elementor-section elementor-top-section elementor-element elementor-element-f9e24ac elementor-section-boxed elementor-section-height-default elementor-section-height-default\" data-id=\"f9e24ac\" data-element_type=\"section\">\n\t\t\t\t\t\t<div class=\"elementor-container elementor-column-gap-default\">\n\t\t\t\t\t<div class=\"elementor-column elementor-col-100 elementor-top-column elementor-element elementor-element-6060ea1\" data-id=\"6060ea1\" data-element_type=\"column\">\n\t\t\t<div class=\"elementor-widget-wrap\">\n\t\t\t\t\t\t\t<\/div>\n\t\t<\/div>\n\t\t\t\t\t<\/div>\n\t\t<\/section>\n\t\t\t\t<\/div>\n\t\t","protected":false},"excerpt":{"rendered":"<p>Politique de confidentialit\u00e9 Conform\u00e9ment aux principes de lic\u00e9it\u00e9, de loyaut\u00e9 et de transparence, nous mettons \u00e0 votre disposition la pr\u00e9sente politique de confidentialit\u00e9. Qui est le responsable du traitement de vos donn\u00e9es ? Responsable&nbsp;: Martins de Lima S.L. NIF&nbsp;: B84866466 Si\u00e8ge social&nbsp;: Calle Serrano&nbsp;93, 5E, 28006, Madrid Contact&nbsp;: Courriel&nbsp;: lopd@martinsdelima.com [&hellip;]<\/p>\n","protected":false},"author":1,"featured_media":0,"parent":0,"menu_order":0,"comment_status":"closed","ping_status":"open","template":"page-templates\/template-pagebuilder-full-width.php","meta":{"footnotes":""},"class_list":["post-11416","page","type-page","status-publish","hentry"],"yoast_head":"<!-- This site is optimized with the Yoast SEO plugin v26.4 - https:\/\/yoast.com\/wordpress\/plugins\/seo\/ -->\n<title>Politique de confidentialit\u00e9 - Martinsdelima<\/title>\n<meta name=\"robots\" content=\"index, follow, max-snippet:-1, max-image-preview:large, max-video-preview:-1\" \/>\n<link rel=\"canonical\" href=\"https:\/\/www.martinsdelima.com\/fr\/politique-de-confidentialite\/\" \/>\n<meta property=\"og:locale\" content=\"fr_FR\" \/>\n<meta property=\"og:type\" content=\"article\" \/>\n<meta property=\"og:title\" content=\"Politique de confidentialit\u00e9 - Martinsdelima\" \/>\n<meta property=\"og:description\" content=\"Politique de confidentialit\u00e9 Conform\u00e9ment aux principes de lic\u00e9it\u00e9, de loyaut\u00e9 et de transparence, nous mettons \u00e0 votre disposition la pr\u00e9sente politique de confidentialit\u00e9. Qui est le responsable du traitement de vos donn\u00e9es ? Responsable&nbsp;: Martins de Lima S.L. NIF&nbsp;: B84866466 Si\u00e8ge social&nbsp;: Calle Serrano&nbsp;93, 5E, 28006, Madrid Contact&nbsp;: Courriel&nbsp;: lopd@martinsdelima.com [&hellip;]\" \/>\n<meta property=\"og:url\" content=\"https:\/\/www.martinsdelima.com\/fr\/politique-de-confidentialite\/\" \/>\n<meta property=\"og:site_name\" content=\"Martinsdelima\" \/>\n<meta property=\"article:modified_time\" content=\"2026-02-08T20:04:40+00:00\" \/>\n<meta name=\"twitter:card\" content=\"summary_large_image\" \/>\n<meta name=\"twitter:label1\" content=\"Dur\u00e9e de lecture estim\u00e9e\" \/>\n\t<meta name=\"twitter:data1\" content=\"5 minutes\" \/>\n<script type=\"application\/ld+json\" class=\"yoast-schema-graph\">{\"@context\":\"https:\/\/schema.org\",\"@graph\":[{\"@type\":\"WebPage\",\"@id\":\"https:\/\/www.martinsdelima.com\/fr\/politique-de-confidentialite\/\",\"url\":\"https:\/\/www.martinsdelima.com\/fr\/politique-de-confidentialite\/\",\"name\":\"Politique de confidentialit\u00e9 - Martinsdelima\",\"isPartOf\":{\"@id\":\"https:\/\/www.martinsdelima.com\/fr\/#website\"},\"datePublished\":\"2022-09-19T08:17:03+00:00\",\"dateModified\":\"2026-02-08T20:04:40+00:00\",\"breadcrumb\":{\"@id\":\"https:\/\/www.martinsdelima.com\/fr\/politique-de-confidentialite\/#breadcrumb\"},\"inLanguage\":\"fr-FR\",\"potentialAction\":[{\"@type\":\"ReadAction\",\"target\":[\"https:\/\/www.martinsdelima.com\/fr\/politique-de-confidentialite\/\"]}]},{\"@type\":\"BreadcrumbList\",\"@id\":\"https:\/\/www.martinsdelima.com\/fr\/politique-de-confidentialite\/#breadcrumb\",\"itemListElement\":[{\"@type\":\"ListItem\",\"position\":1,\"name\":\"Page d'accueil\",\"item\":\"https:\/\/www.martinsdelima.com\/fr\/accueil\/\"},{\"@type\":\"ListItem\",\"position\":2,\"name\":\"Politique de confidentialit\u00e9\"}]},{\"@type\":\"WebSite\",\"@id\":\"https:\/\/www.martinsdelima.com\/fr\/#website\",\"url\":\"https:\/\/www.martinsdelima.com\/fr\/\",\"name\":\"Martinsdelima\",\"description\":\"Forensic&amp;Finance\",\"publisher\":{\"@id\":\"https:\/\/www.martinsdelima.com\/fr\/#organization\"},\"potentialAction\":[{\"@type\":\"SearchAction\",\"target\":{\"@type\":\"EntryPoint\",\"urlTemplate\":\"https:\/\/www.martinsdelima.com\/fr\/?s={search_term_string}\"},\"query-input\":{\"@type\":\"PropertyValueSpecification\",\"valueRequired\":true,\"valueName\":\"search_term_string\"}}],\"inLanguage\":\"fr-FR\"},{\"@type\":\"Organization\",\"@id\":\"https:\/\/www.martinsdelima.com\/fr\/#organization\",\"name\":\"Martinsdelima\",\"url\":\"https:\/\/www.martinsdelima.com\/fr\/\",\"logo\":{\"@type\":\"ImageObject\",\"inLanguage\":\"fr-FR\",\"@id\":\"https:\/\/www.martinsdelima.com\/fr\/#\/schema\/logo\/image\/\",\"url\":\"https:\/\/mligy6wbr5rs.i.optimole.com\/w:auto\/h:auto\/q:mauto\/f:best\/https:\/\/www.martinsdelima.com\/wp-content\/uploads\/2025\/10\/martinsdelima-letras-claras-horizontal.png\",\"contentUrl\":\"https:\/\/mligy6wbr5rs.i.optimole.com\/w:auto\/h:auto\/q:mauto\/f:best\/https:\/\/www.martinsdelima.com\/wp-content\/uploads\/2025\/10\/martinsdelima-letras-claras-horizontal.png\",\"width\":1315,\"height\":217,\"caption\":\"Martinsdelima\"},\"image\":{\"@id\":\"https:\/\/www.martinsdelima.com\/fr\/#\/schema\/logo\/image\/\"}}]}<\/script>\n<!-- \/ Yoast SEO plugin. -->","yoast_head_json":{"title":"Politique de confidentialit\u00e9 - Martinsdelima","robots":{"index":"index","follow":"follow","max-snippet":"max-snippet:-1","max-image-preview":"max-image-preview:large","max-video-preview":"max-video-preview:-1"},"canonical":"https:\/\/www.martinsdelima.com\/fr\/politique-de-confidentialite\/","og_locale":"fr_FR","og_type":"article","og_title":"Politique de confidentialit\u00e9 - Martinsdelima","og_description":"Politique de confidentialit\u00e9 Conform\u00e9ment aux principes de lic\u00e9it\u00e9, de loyaut\u00e9 et de transparence, nous mettons \u00e0 votre disposition la pr\u00e9sente politique de confidentialit\u00e9. Qui est le responsable du traitement de vos donn\u00e9es ? Responsable&nbsp;: Martins de Lima S.L. NIF&nbsp;: B84866466 Si\u00e8ge social&nbsp;: Calle Serrano&nbsp;93, 5E, 28006, Madrid Contact&nbsp;: Courriel&nbsp;: lopd@martinsdelima.com [&hellip;]","og_url":"https:\/\/www.martinsdelima.com\/fr\/politique-de-confidentialite\/","og_site_name":"Martinsdelima","article_modified_time":"2026-02-08T20:04:40+00:00","twitter_card":"summary_large_image","twitter_misc":{"Dur\u00e9e de lecture estim\u00e9e":"5 minutes"},"schema":{"@context":"https:\/\/schema.org","@graph":[{"@type":"WebPage","@id":"https:\/\/www.martinsdelima.com\/fr\/politique-de-confidentialite\/","url":"https:\/\/www.martinsdelima.com\/fr\/politique-de-confidentialite\/","name":"Politique de confidentialit\u00e9 - Martinsdelima","isPartOf":{"@id":"https:\/\/www.martinsdelima.com\/fr\/#website"},"datePublished":"2022-09-19T08:17:03+00:00","dateModified":"2026-02-08T20:04:40+00:00","breadcrumb":{"@id":"https:\/\/www.martinsdelima.com\/fr\/politique-de-confidentialite\/#breadcrumb"},"inLanguage":"fr-FR","potentialAction":[{"@type":"ReadAction","target":["https:\/\/www.martinsdelima.com\/fr\/politique-de-confidentialite\/"]}]},{"@type":"BreadcrumbList","@id":"https:\/\/www.martinsdelima.com\/fr\/politique-de-confidentialite\/#breadcrumb","itemListElement":[{"@type":"ListItem","position":1,"name":"Page d'accueil","item":"https:\/\/www.martinsdelima.com\/fr\/accueil\/"},{"@type":"ListItem","position":2,"name":"Politique de confidentialit\u00e9"}]},{"@type":"WebSite","@id":"https:\/\/www.martinsdelima.com\/fr\/#website","url":"https:\/\/www.martinsdelima.com\/fr\/","name":"Martinsdelima","description":"Forensic&amp;Finance","publisher":{"@id":"https:\/\/www.martinsdelima.com\/fr\/#organization"},"potentialAction":[{"@type":"SearchAction","target":{"@type":"EntryPoint","urlTemplate":"https:\/\/www.martinsdelima.com\/fr\/?s={search_term_string}"},"query-input":{"@type":"PropertyValueSpecification","valueRequired":true,"valueName":"search_term_string"}}],"inLanguage":"fr-FR"},{"@type":"Organization","@id":"https:\/\/www.martinsdelima.com\/fr\/#organization","name":"Martinsdelima","url":"https:\/\/www.martinsdelima.com\/fr\/","logo":{"@type":"ImageObject","inLanguage":"fr-FR","@id":"https:\/\/www.martinsdelima.com\/fr\/#\/schema\/logo\/image\/","url":"https:\/\/mligy6wbr5rs.i.optimole.com\/w:auto\/h:auto\/q:mauto\/f:best\/https:\/\/www.martinsdelima.com\/wp-content\/uploads\/2025\/10\/martinsdelima-letras-claras-horizontal.png","contentUrl":"https:\/\/mligy6wbr5rs.i.optimole.com\/w:auto\/h:auto\/q:mauto\/f:best\/https:\/\/www.martinsdelima.com\/wp-content\/uploads\/2025\/10\/martinsdelima-letras-claras-horizontal.png","width":1315,"height":217,"caption":"Martinsdelima"},"image":{"@id":"https:\/\/www.martinsdelima.com\/fr\/#\/schema\/logo\/image\/"}}]}},"_links":{"self":[{"href":"https:\/\/www.martinsdelima.com\/fr\/wp-json\/wp\/v2\/pages\/11416","targetHints":{"allow":["GET"]}}],"collection":[{"href":"https:\/\/www.martinsdelima.com\/fr\/wp-json\/wp\/v2\/pages"}],"about":[{"href":"https:\/\/www.martinsdelima.com\/fr\/wp-json\/wp\/v2\/types\/page"}],"author":[{"embeddable":true,"href":"https:\/\/www.martinsdelima.com\/fr\/wp-json\/wp\/v2\/users\/1"}],"replies":[{"embeddable":true,"href":"https:\/\/www.martinsdelima.com\/fr\/wp-json\/wp\/v2\/comments?post=11416"}],"version-history":[{"count":1,"href":"https:\/\/www.martinsdelima.com\/fr\/wp-json\/wp\/v2\/pages\/11416\/revisions"}],"predecessor-version":[{"id":11418,"href":"https:\/\/www.martinsdelima.com\/fr\/wp-json\/wp\/v2\/pages\/11416\/revisions\/11418"}],"wp:attachment":[{"href":"https:\/\/www.martinsdelima.com\/fr\/wp-json\/wp\/v2\/media?parent=11416"}],"curies":[{"name":"wp","href":"https:\/\/api.w.org\/{rel}","templated":true}]}}