{"id":10366,"date":"2026-01-20T17:04:52","date_gmt":"2026-01-20T17:04:52","guid":{"rendered":"https:\/\/www.martinsdelima.com\/experiencias-planos-capex\/"},"modified":"2026-02-08T18:38:32","modified_gmt":"2026-02-08T18:38:32","slug":"experiencias-planos-capex","status":"publish","type":"page","link":"https:\/\/www.martinsdelima.com\/pt-pt\/experiencias-planos-capex\/","title":{"rendered":"Experi\u00eancias planos capex"},"content":{"rendered":"\t\t<div data-elementor-type=\"wp-page\" data-elementor-id=\"10366\" class=\"elementor elementor-10366 elementor-9815\" data-elementor-post-type=\"page\">\n\t\t\t\t\t\t<section class=\"elementor-section elementor-top-section elementor-element elementor-element-5861a17 elementor-section-full_width elementor-section-stretched elementor-section-height-min-height elementor-section-height-default elementor-section-items-middle\" data-id=\"5861a17\" data-element_type=\"section\" data-settings=\"{&quot;stretch_section&quot;:&quot;section-stretched&quot;,&quot;background_background&quot;:&quot;classic&quot;}\">\n\t\t\t\t\t\t\t<div class=\"elementor-background-overlay\"><\/div>\n\t\t\t\t\t\t\t<div class=\"elementor-container elementor-column-gap-default\">\n\t\t\t\t\t<div class=\"elementor-column elementor-col-100 elementor-top-column elementor-element elementor-element-ea42bdb\" data-id=\"ea42bdb\" data-element_type=\"column\">\n\t\t\t<div class=\"elementor-widget-wrap elementor-element-populated\">\n\t\t\t\t\t\t<div class=\"elementor-element elementor-element-8924fce elementor-widget__width-initial elementor-widget-mobile__width-initial elementor-widget elementor-widget-heading\" data-id=\"8924fce\" data-element_type=\"widget\" data-widget_type=\"heading.default\">\n\t\t\t\t<div class=\"elementor-widget-container\">\n\t\t\t\t\t<h2 class=\"elementor-heading-title elementor-size-default\"><b>Experi\u00eancias<\/b><br><strong>Modeliza\u00e7\u00e3o financeira e CAPEX<\/strong><br>Empresa industrial com m\u00faltiplos ativos<\/h2>\t\t\t\t<\/div>\n\t\t\t\t<\/div>\n\t\t\t\t\t<\/div>\n\t\t<\/div>\n\t\t\t\t\t<\/div>\n\t\t<\/section>\n\t\t\t\t<section class=\"elementor-section elementor-top-section elementor-element elementor-element-9dff6a0 elementor-section-boxed elementor-section-height-default elementor-section-height-default\" data-id=\"9dff6a0\" data-element_type=\"section\">\n\t\t\t\t\t\t<div class=\"elementor-container elementor-column-gap-default\">\n\t\t\t\t\t<div class=\"elementor-column elementor-col-100 elementor-top-column elementor-element elementor-element-c3e38d1\" data-id=\"c3e38d1\" data-element_type=\"column\">\n\t\t\t<div class=\"elementor-widget-wrap elementor-element-populated\">\n\t\t\t\t\t\t<div class=\"elementor-element elementor-element-78fa56c elementor-widget elementor-widget-text-editor\" data-id=\"78fa56c\" data-element_type=\"widget\" data-widget_type=\"text-editor.default\">\n\t\t\t\t<div class=\"elementor-widget-container\">\n\t\t\t\t\t\t\t\t\t<h6>Uma empresa industrial do setor sider\u00fargico solicitou-nos uma <strong>avalia\u00e7\u00e3o integral para apoiar decis\u00f5es estrat\u00e9gicas<\/strong>: entender que parte do neg\u00f3cio gerava valor de forma recorrente, que ativos aportavam valor \u201cseparadamente\u201d e como se devia interpretar o conjunto na hora de tomar decis\u00f5es corporativas. O ponto de partida foi claro: <strong>o valor real n\u00e3o est\u00e1 numa foto contabil\u00edstica<\/strong>, mas sim na <strong>capacidade de gerar caixa sustent\u00e1vel<\/strong> e na <strong>qualidade (e exequibilidade) dos ativos<\/strong> que acompanham o neg\u00f3cio principal. <\/h6><h6>O caso tinha uma complexidade adicional: n\u00e3o era uma \u00fanica unidade homog\u00e9nea, mas sim um per\u00edmetro com pe\u00e7as distintas. Por isso, estrutur\u00e1mos a an\u00e1lise separando <strong>ativos produtivos<\/strong>, <strong>ativos n\u00e3o produtivos<\/strong>, <strong>ativos imobili\u00e1rios<\/strong>, <strong>cr\u00e9ditos fiscais<\/strong> e <strong>garantias\/avalies<\/strong>, tratando cada bloco com a abordagem que melhor refletisse a sua natureza econ\u00f3mica. Esta vis\u00e3o \u201cpor m\u00f3dulos\u201d foi fundamental para obter uma conclus\u00e3o s\u00f3lida e acion\u00e1vel.  <\/h6><h6>Al\u00e9m disso, o setor exigia rigor extra: trata-se de uma atividade onde pesam muito vari\u00e1veis como <strong>procura c\u00edclica<\/strong>, <strong>press\u00e3o competitiva<\/strong> e <strong>custos energ\u00e9ticos<\/strong>, fatores que afetam diretamente <strong>margens, necessidades de fundo de maneio e planos de investimento<\/strong>. Em vez de ficarmos numa descri\u00e7\u00e3o gen\u00e9rica, aterr\u00e1mos estas din\u00e2micas setoriais em hip\u00f3teses operacionais coerentes para que o modelo financeiro n\u00e3o fosse \u201cbonito\u201d, mas sim \u00fatil para decidir. <\/h6><h6>O trabalho converteu-se, na pr\u00e1tica, num exerc\u00edcio de <strong>avalia\u00e7\u00e3o \u201cprojeto por projeto\u201d dentro da empresa<\/strong>: que parte do per\u00edmetro podia considerar-se motor de caixa, que parte tinha valor por <strong>desinvestimento ou reposicionamento<\/strong>, e que elementos deviam ser analisados com prud\u00eancia (por exemplo, pela sua depend\u00eancia de condi\u00e7\u00f5es futuras). Esta separa\u00e7\u00e3o evitou compensa\u00e7\u00f5es enganosas (um ativo \u201cencobre\u201d outro) e permitiu explicar o valor com transpar\u00eancia. <\/h6><h6>Em metodologia, aplic\u00e1mos uma abordagem triangulada e muito defensiva: <strong>Desconto de Fluxos de Caixa<\/strong> para o neg\u00f3cio produtivo, com foco em proje\u00e7\u00f5es operacionais, <strong>CAPEX<\/strong> e termo residual; c\u00e1lculo expl\u00edcito da <strong>taxa de desconto (WACC)<\/strong>; contraste com <strong>m\u00faltiplos (PER e EV\/EBITDA)<\/strong>; e, em paralelo, avalia\u00e7\u00e3o espec\u00edfica de <strong>im\u00f3veis<\/strong>, <strong>ativos fiscais<\/strong> e <strong>garantias\/avalies<\/strong>, cada um com a sua t\u00e9cnica correspondente. Em CAPEX, constru\u00edmos uma proje\u00e7\u00e3o vinculada aos drivers reais do neg\u00f3cio (manuten\u00e7\u00e3o, efici\u00eancia e continuidade operacional), evitando \u201cm\u00e9dias\u201d que distorcem. <\/h6><h6>O resultado foi uma resolu\u00e7\u00e3o especialmente potente para o cliente: uma avalia\u00e7\u00e3o final <strong>robusta, rastre\u00e1vel e defens\u00e1vel desde a l\u00f3gica financeira<\/strong>, com um relato claro de onde nasce o valor e que pressupostos o sustentam. O mais importante: a an\u00e1lise n\u00e3o ficou num n\u00famero, mas sim entregou um <strong>mapa de alavancas de gest\u00e3o<\/strong> (CAPEX, efici\u00eancia operacional, estrutura de ativos e riscos) que permitiu tomar decis\u00f5es com seguran\u00e7a. Em resumo, a <strong>martinsdelima transformou um caso complexo num diagn\u00f3stico claro e acion\u00e1vel<\/strong>, combinando rigor t\u00e9cnico e abordagem pr\u00e1tica de neg\u00f3cio.  <\/h6>\t\t\t\t\t\t\t\t<\/div>\n\t\t\t\t<\/div>\n\t\t\t\t\t<\/div>\n\t\t<\/div>\n\t\t\t\t\t<\/div>\n\t\t<\/section>\n\t\t\t\t<\/div>\n\t\t","protected":false},"excerpt":{"rendered":"<p>Experi\u00eanciasModeliza\u00e7\u00e3o financeira e CAPEXEmpresa industrial com m\u00faltiplos ativos Uma empresa industrial do setor sider\u00fargico solicitou-nos uma avalia\u00e7\u00e3o integral para apoiar decis\u00f5es estrat\u00e9gicas: entender que parte do neg\u00f3cio gerava valor de forma recorrente, que ativos aportavam valor \u201cseparadamente\u201d e como se devia interpretar o conjunto na hora de tomar decis\u00f5es corporativas. [&hellip;]<\/p>\n","protected":false},"author":1,"featured_media":0,"parent":0,"menu_order":0,"comment_status":"closed","ping_status":"closed","template":"page-templates\/template-pagebuilder-full-width.php","meta":{"footnotes":""},"class_list":["post-10366","page","type-page","status-publish","hentry"],"yoast_head":"<!-- This site is optimized with the Yoast SEO plugin v26.4 - https:\/\/yoast.com\/wordpress\/plugins\/seo\/ -->\n<title>Experi\u00eancias planos capex - Martinsdelima<\/title>\n<meta name=\"robots\" content=\"index, follow, max-snippet:-1, max-image-preview:large, max-video-preview:-1\" \/>\n<link rel=\"canonical\" href=\"https:\/\/www.martinsdelima.com\/pt-pt\/experiencias-planos-capex\/\" \/>\n<meta property=\"og:locale\" content=\"pt_PT\" \/>\n<meta property=\"og:type\" content=\"article\" \/>\n<meta property=\"og:title\" content=\"Experi\u00eancias planos capex - Martinsdelima\" \/>\n<meta property=\"og:description\" content=\"Experi\u00eanciasModeliza\u00e7\u00e3o financeira e CAPEXEmpresa industrial com m\u00faltiplos ativos Uma empresa industrial do setor sider\u00fargico solicitou-nos uma avalia\u00e7\u00e3o integral para apoiar decis\u00f5es estrat\u00e9gicas: entender que parte do neg\u00f3cio gerava valor de forma recorrente, que ativos aportavam valor \u201cseparadamente\u201d e como se devia interpretar o conjunto na hora de tomar decis\u00f5es corporativas. [&hellip;]\" \/>\n<meta property=\"og:url\" content=\"https:\/\/www.martinsdelima.com\/pt-pt\/experiencias-planos-capex\/\" \/>\n<meta property=\"og:site_name\" content=\"Martinsdelima\" \/>\n<meta property=\"article:modified_time\" content=\"2026-02-08T18:38:32+00:00\" \/>\n<meta name=\"twitter:card\" content=\"summary_large_image\" \/>\n<meta name=\"twitter:label1\" content=\"Tempo estimado de leitura\" \/>\n\t<meta name=\"twitter:data1\" content=\"3 minutos\" \/>\n<script type=\"application\/ld+json\" class=\"yoast-schema-graph\">{\"@context\":\"https:\/\/schema.org\",\"@graph\":[{\"@type\":\"WebPage\",\"@id\":\"https:\/\/www.martinsdelima.com\/pt-pt\/experiencias-planos-capex\/\",\"url\":\"https:\/\/www.martinsdelima.com\/pt-pt\/experiencias-planos-capex\/\",\"name\":\"Experi\u00eancias planos capex - Martinsdelima\",\"isPartOf\":{\"@id\":\"https:\/\/www.martinsdelima.com\/pt-pt\/#website\"},\"datePublished\":\"2026-01-20T17:04:52+00:00\",\"dateModified\":\"2026-02-08T18:38:32+00:00\",\"breadcrumb\":{\"@id\":\"https:\/\/www.martinsdelima.com\/pt-pt\/experiencias-planos-capex\/#breadcrumb\"},\"inLanguage\":\"pt-PT\",\"potentialAction\":[{\"@type\":\"ReadAction\",\"target\":[\"https:\/\/www.martinsdelima.com\/pt-pt\/experiencias-planos-capex\/\"]}]},{\"@type\":\"BreadcrumbList\",\"@id\":\"https:\/\/www.martinsdelima.com\/pt-pt\/experiencias-planos-capex\/#breadcrumb\",\"itemListElement\":[{\"@type\":\"ListItem\",\"position\":1,\"name\":\"P\u00e1gina inicial\",\"item\":\"https:\/\/www.martinsdelima.com\/pt-pt\/inicio\/\"},{\"@type\":\"ListItem\",\"position\":2,\"name\":\"Experi\u00eancias planos capex\"}]},{\"@type\":\"WebSite\",\"@id\":\"https:\/\/www.martinsdelima.com\/pt-pt\/#website\",\"url\":\"https:\/\/www.martinsdelima.com\/pt-pt\/\",\"name\":\"Martinsdelima\",\"description\":\"Forensic&amp;Finance\",\"publisher\":{\"@id\":\"https:\/\/www.martinsdelima.com\/pt-pt\/#organization\"},\"potentialAction\":[{\"@type\":\"SearchAction\",\"target\":{\"@type\":\"EntryPoint\",\"urlTemplate\":\"https:\/\/www.martinsdelima.com\/pt-pt\/?s={search_term_string}\"},\"query-input\":{\"@type\":\"PropertyValueSpecification\",\"valueRequired\":true,\"valueName\":\"search_term_string\"}}],\"inLanguage\":\"pt-PT\"},{\"@type\":\"Organization\",\"@id\":\"https:\/\/www.martinsdelima.com\/pt-pt\/#organization\",\"name\":\"Martinsdelima\",\"url\":\"https:\/\/www.martinsdelima.com\/pt-pt\/\",\"logo\":{\"@type\":\"ImageObject\",\"inLanguage\":\"pt-PT\",\"@id\":\"https:\/\/www.martinsdelima.com\/pt-pt\/#\/schema\/logo\/image\/\",\"url\":\"https:\/\/mligy6wbr5rs.i.optimole.com\/w:auto\/h:auto\/q:mauto\/f:best\/https:\/\/www.martinsdelima.com\/wp-content\/uploads\/2025\/10\/martinsdelima-letras-claras-horizontal.png\",\"contentUrl\":\"https:\/\/mligy6wbr5rs.i.optimole.com\/w:auto\/h:auto\/q:mauto\/f:best\/https:\/\/www.martinsdelima.com\/wp-content\/uploads\/2025\/10\/martinsdelima-letras-claras-horizontal.png\",\"width\":1315,\"height\":217,\"caption\":\"Martinsdelima\"},\"image\":{\"@id\":\"https:\/\/www.martinsdelima.com\/pt-pt\/#\/schema\/logo\/image\/\"}}]}<\/script>\n<!-- \/ Yoast SEO plugin. -->","yoast_head_json":{"title":"Experi\u00eancias planos capex - Martinsdelima","robots":{"index":"index","follow":"follow","max-snippet":"max-snippet:-1","max-image-preview":"max-image-preview:large","max-video-preview":"max-video-preview:-1"},"canonical":"https:\/\/www.martinsdelima.com\/pt-pt\/experiencias-planos-capex\/","og_locale":"pt_PT","og_type":"article","og_title":"Experi\u00eancias planos capex - Martinsdelima","og_description":"Experi\u00eanciasModeliza\u00e7\u00e3o financeira e CAPEXEmpresa industrial com m\u00faltiplos ativos Uma empresa industrial do setor sider\u00fargico solicitou-nos uma avalia\u00e7\u00e3o integral para apoiar decis\u00f5es estrat\u00e9gicas: entender que parte do neg\u00f3cio gerava valor de forma recorrente, que ativos aportavam valor \u201cseparadamente\u201d e como se devia interpretar o conjunto na hora de tomar decis\u00f5es corporativas. [&hellip;]","og_url":"https:\/\/www.martinsdelima.com\/pt-pt\/experiencias-planos-capex\/","og_site_name":"Martinsdelima","article_modified_time":"2026-02-08T18:38:32+00:00","twitter_card":"summary_large_image","twitter_misc":{"Tempo estimado de leitura":"3 minutos"},"schema":{"@context":"https:\/\/schema.org","@graph":[{"@type":"WebPage","@id":"https:\/\/www.martinsdelima.com\/pt-pt\/experiencias-planos-capex\/","url":"https:\/\/www.martinsdelima.com\/pt-pt\/experiencias-planos-capex\/","name":"Experi\u00eancias planos capex - Martinsdelima","isPartOf":{"@id":"https:\/\/www.martinsdelima.com\/pt-pt\/#website"},"datePublished":"2026-01-20T17:04:52+00:00","dateModified":"2026-02-08T18:38:32+00:00","breadcrumb":{"@id":"https:\/\/www.martinsdelima.com\/pt-pt\/experiencias-planos-capex\/#breadcrumb"},"inLanguage":"pt-PT","potentialAction":[{"@type":"ReadAction","target":["https:\/\/www.martinsdelima.com\/pt-pt\/experiencias-planos-capex\/"]}]},{"@type":"BreadcrumbList","@id":"https:\/\/www.martinsdelima.com\/pt-pt\/experiencias-planos-capex\/#breadcrumb","itemListElement":[{"@type":"ListItem","position":1,"name":"P\u00e1gina inicial","item":"https:\/\/www.martinsdelima.com\/pt-pt\/inicio\/"},{"@type":"ListItem","position":2,"name":"Experi\u00eancias planos capex"}]},{"@type":"WebSite","@id":"https:\/\/www.martinsdelima.com\/pt-pt\/#website","url":"https:\/\/www.martinsdelima.com\/pt-pt\/","name":"Martinsdelima","description":"Forensic&amp;Finance","publisher":{"@id":"https:\/\/www.martinsdelima.com\/pt-pt\/#organization"},"potentialAction":[{"@type":"SearchAction","target":{"@type":"EntryPoint","urlTemplate":"https:\/\/www.martinsdelima.com\/pt-pt\/?s={search_term_string}"},"query-input":{"@type":"PropertyValueSpecification","valueRequired":true,"valueName":"search_term_string"}}],"inLanguage":"pt-PT"},{"@type":"Organization","@id":"https:\/\/www.martinsdelima.com\/pt-pt\/#organization","name":"Martinsdelima","url":"https:\/\/www.martinsdelima.com\/pt-pt\/","logo":{"@type":"ImageObject","inLanguage":"pt-PT","@id":"https:\/\/www.martinsdelima.com\/pt-pt\/#\/schema\/logo\/image\/","url":"https:\/\/mligy6wbr5rs.i.optimole.com\/w:auto\/h:auto\/q:mauto\/f:best\/https:\/\/www.martinsdelima.com\/wp-content\/uploads\/2025\/10\/martinsdelima-letras-claras-horizontal.png","contentUrl":"https:\/\/mligy6wbr5rs.i.optimole.com\/w:auto\/h:auto\/q:mauto\/f:best\/https:\/\/www.martinsdelima.com\/wp-content\/uploads\/2025\/10\/martinsdelima-letras-claras-horizontal.png","width":1315,"height":217,"caption":"Martinsdelima"},"image":{"@id":"https:\/\/www.martinsdelima.com\/pt-pt\/#\/schema\/logo\/image\/"}}]}},"_links":{"self":[{"href":"https:\/\/www.martinsdelima.com\/pt-pt\/wp-json\/wp\/v2\/pages\/10366","targetHints":{"allow":["GET"]}}],"collection":[{"href":"https:\/\/www.martinsdelima.com\/pt-pt\/wp-json\/wp\/v2\/pages"}],"about":[{"href":"https:\/\/www.martinsdelima.com\/pt-pt\/wp-json\/wp\/v2\/types\/page"}],"author":[{"embeddable":true,"href":"https:\/\/www.martinsdelima.com\/pt-pt\/wp-json\/wp\/v2\/users\/1"}],"replies":[{"embeddable":true,"href":"https:\/\/www.martinsdelima.com\/pt-pt\/wp-json\/wp\/v2\/comments?post=10366"}],"version-history":[{"count":1,"href":"https:\/\/www.martinsdelima.com\/pt-pt\/wp-json\/wp\/v2\/pages\/10366\/revisions"}],"predecessor-version":[{"id":10367,"href":"https:\/\/www.martinsdelima.com\/pt-pt\/wp-json\/wp\/v2\/pages\/10366\/revisions\/10367"}],"wp:attachment":[{"href":"https:\/\/www.martinsdelima.com\/pt-pt\/wp-json\/wp\/v2\/media?parent=10366"}],"curies":[{"name":"wp","href":"https:\/\/api.w.org\/{rel}","templated":true}]}}