{"id":10370,"date":"2026-01-20T06:15:43","date_gmt":"2026-01-20T06:15:43","guid":{"rendered":"https:\/\/www.martinsdelima.com\/experiencias-planos-publicidade\/"},"modified":"2026-02-08T18:38:42","modified_gmt":"2026-02-08T18:38:42","slug":"experiencias-planos-publicidade","status":"publish","type":"page","link":"https:\/\/www.martinsdelima.com\/pt-pt\/experiencias-planos-publicidade\/","title":{"rendered":"Experi\u00eancias planos publicidade"},"content":{"rendered":"\t\t<div data-elementor-type=\"wp-page\" data-elementor-id=\"10370\" class=\"elementor elementor-10370 elementor-9795\" data-elementor-post-type=\"page\">\n\t\t\t\t\t\t<section class=\"elementor-section elementor-top-section elementor-element elementor-element-5861a17 elementor-section-full_width elementor-section-stretched elementor-section-height-min-height elementor-section-height-default elementor-section-items-middle\" data-id=\"5861a17\" data-element_type=\"section\" data-settings=\"{&quot;stretch_section&quot;:&quot;section-stretched&quot;,&quot;background_background&quot;:&quot;classic&quot;}\">\n\t\t\t\t\t\t\t<div class=\"elementor-background-overlay\"><\/div>\n\t\t\t\t\t\t\t<div class=\"elementor-container elementor-column-gap-default\">\n\t\t\t\t\t<div class=\"elementor-column elementor-col-100 elementor-top-column elementor-element elementor-element-ea42bdb\" data-id=\"ea42bdb\" data-element_type=\"column\">\n\t\t\t<div class=\"elementor-widget-wrap elementor-element-populated\">\n\t\t\t\t\t\t<div class=\"elementor-element elementor-element-8924fce elementor-widget__width-initial elementor-widget-mobile__width-initial elementor-widget elementor-widget-heading\" data-id=\"8924fce\" data-element_type=\"widget\" data-widget_type=\"heading.default\">\n\t\t\t\t<div class=\"elementor-widget-container\">\n\t\t\t\t\t<h2 class=\"elementor-heading-title elementor-size-default\"><b>Experi\u00eancias<\/b><br><b>Planos de Publicidade e Marketing<\/b><br>Cadeia de retalho desportivo: reposicionamento, omnicanalidade e crescimento rent\u00e1vel<\/h2>\t\t\t\t<\/div>\n\t\t\t\t<\/div>\n\t\t\t\t\t<\/div>\n\t\t<\/div>\n\t\t\t\t\t<\/div>\n\t\t<\/section>\n\t\t\t\t<section class=\"elementor-section elementor-top-section elementor-element elementor-element-9dff6a0 elementor-section-boxed elementor-section-height-default elementor-section-height-default\" data-id=\"9dff6a0\" data-element_type=\"section\">\n\t\t\t\t\t\t<div class=\"elementor-container elementor-column-gap-default\">\n\t\t\t\t\t<div class=\"elementor-column elementor-col-100 elementor-top-column elementor-element elementor-element-c3e38d1\" data-id=\"c3e38d1\" data-element_type=\"column\">\n\t\t\t<div class=\"elementor-widget-wrap elementor-element-populated\">\n\t\t\t\t\t\t<div class=\"elementor-element elementor-element-78fa56c elementor-widget elementor-widget-text-editor\" data-id=\"78fa56c\" data-element_type=\"widget\" data-widget_type=\"text-editor.default\">\n\t\t\t\t<div class=\"elementor-widget-container\">\n\t\t\t\t\t\t\t\t\t<h6>Uma <strong>cadeia nacional de lojas de retalho desportivo<\/strong>, com uma presen\u00e7a f\u00edsica consolidada, colocou-nos um desafio muito concreto: <strong>converter o seu crescimento num modelo escal\u00e1vel<\/strong> e, sobretudo, <strong>fazer com que cada euro investido em marketing e publicidade tivesse um retorno mensur\u00e1vel<\/strong>. O ponto de partida era forte: um neg\u00f3cio com forte capilaridade, uma vasta oferta de produtos e uma ambi\u00e7\u00e3o clara de continuar a expandir o mercado. <\/h6><h6>No diagn\u00f3stico inicial, detet\u00e1mos uma <strong>vantagem competitiva<\/strong> fundamental: a empresa j\u00e1 trabalhava intensivamente a <strong>rela\u00e7\u00e3o com o cliente<\/strong> atrav\u00e9s de <strong>comunica\u00e7\u00f5es peri\u00f3dicas, redes sociais e ativos digitais pr\u00f3prios<\/strong>, o que permitia passar de campanhas \u201ct\u00e1ticas\u201d para uma estrat\u00e9gia de marca sustentada e coerente. Al\u00e9m disso, a sua abordagem <strong>omnicanal, integrando a experi\u00eancia f\u00edsica e digital<\/strong>, abria a porta a <strong>planos de investimento em marketing baseados em dados e atribui\u00e7\u00e3o real<\/strong>, n\u00e3o apenas em notoriedade. <\/h6><h6>Outro elemento diferenciador foi a sua opera\u00e7\u00e3o interna: encontr\u00e1mos um sistema avan\u00e7ado de gest\u00e3o de invent\u00e1rio apoiado em <strong>Big Data e an\u00e1lise<\/strong>, capaz de otimizar a disponibilidade, a rota\u00e7\u00e3o e a variedade por zona. Isto \u00e9 crucial para o marketing, porque <strong>a publicidade sem stock (ou com uma variedade desalinhada) destr\u00f3i a efici\u00eancia<\/strong>. Com este ponto forte, o plano de investimento podia apoiar-se numa promessa real ao cliente: disponibilidade, conveni\u00eancia e experi\u00eancia.  <\/h6><h6>Trabalh\u00e1mos tamb\u00e9m o \u00e2ngulo da <strong>marca e experi\u00eancia<\/strong>: a empresa operava com <strong>formatos de loja diferenciados<\/strong> e uma proposta pensada para adaptar o produto, o visual <strong>merchandising e o ambiente a diferentes p\u00fablicos<\/strong>. Isto permitiu estruturar uma arquitetura de marca clara e, a partir da\u00ed, conceber um investimento publicit\u00e1rio \u201cpor miss\u00e3o\u201d: capta\u00e7\u00e3o, convers\u00e3o, recorr\u00eancia e fideliza\u00e7\u00e3o, de acordo com o formato e o perfil do cliente. <\/h6><h6>A metodologia da martinsdelima foi o que fez a diferen\u00e7a: combin\u00e1mos <strong>uma an\u00e1lise rigorosa da documenta\u00e7\u00e3o interna<\/strong>, <strong>o contraste com fontes p\u00fablicas e uma interpreta\u00e7\u00e3o objetiva<\/strong> orientada para decis\u00f5es acion\u00e1veis. Para garantir que as recomenda\u00e7\u00f5es eram \u201cverdade operacional\u201d e n\u00e3o teoria, realiz\u00e1mos valida\u00e7\u00f5es no terreno com <strong>verifica\u00e7\u00f5es f\u00edsicas e invent\u00e1rios aleat\u00f3rios<\/strong>, de modo a que o plano de marketing se apoiasse em dados fi\u00e1veis e numa execu\u00e7\u00e3o realista. <\/h6><h6>O resultado foi um roteiro que ligava estrat\u00e9gia e execu\u00e7\u00e3o: <strong>uma vis\u00e3o de marca n\u00edtida<\/strong>, um reposicionamento que expandia o mercado <strong>sem perder o ADN original<\/strong> e um plano de investimento focado em <strong>melhor experi\u00eancia e maior convers\u00e3o<\/strong>, apoiado em <strong>capacidades digitais e operacionais<\/strong> j\u00e1 existentes. Na pr\u00e1tica, o cliente obteve um quadro claro para decidir onde investir, como medir e como escalar, com uma narrativa s\u00f3lida para as partes interessadas internas: <strong>uma resolu\u00e7\u00e3o excelente porque o investimento em marketing ficou alinhado com a realidade do neg\u00f3cio e preparado para crescer com controlo<\/strong>. <\/h6>\t\t\t\t\t\t\t\t<\/div>\n\t\t\t\t<\/div>\n\t\t\t\t\t<\/div>\n\t\t<\/div>\n\t\t\t\t\t<\/div>\n\t\t<\/section>\n\t\t\t\t<\/div>\n\t\t","protected":false},"excerpt":{"rendered":"<p>Experi\u00eanciasPlanos de Publicidade e MarketingCadeia de retalho desportivo: reposicionamento, omnicanalidade e crescimento rent\u00e1vel Uma cadeia nacional de lojas de retalho desportivo, com uma presen\u00e7a f\u00edsica consolidada, colocou-nos um desafio muito concreto: converter o seu crescimento num modelo escal\u00e1vel e, sobretudo, fazer com que cada euro investido em marketing e publicidade [&hellip;]<\/p>\n","protected":false},"author":1,"featured_media":0,"parent":0,"menu_order":0,"comment_status":"closed","ping_status":"closed","template":"page-templates\/template-pagebuilder-full-width.php","meta":{"footnotes":""},"class_list":["post-10370","page","type-page","status-publish","hentry"],"yoast_head":"<!-- This site is optimized with the Yoast SEO plugin v26.4 - https:\/\/yoast.com\/wordpress\/plugins\/seo\/ -->\n<title>Experi\u00eancias planos publicidade - Martinsdelima<\/title>\n<meta name=\"robots\" content=\"index, follow, max-snippet:-1, max-image-preview:large, max-video-preview:-1\" \/>\n<link rel=\"canonical\" href=\"https:\/\/www.martinsdelima.com\/pt-pt\/experiencias-planos-publicidade\/\" \/>\n<meta property=\"og:locale\" content=\"pt_PT\" \/>\n<meta property=\"og:type\" content=\"article\" \/>\n<meta property=\"og:title\" content=\"Experi\u00eancias planos publicidade - Martinsdelima\" \/>\n<meta property=\"og:description\" content=\"Experi\u00eanciasPlanos de Publicidade e MarketingCadeia de retalho desportivo: reposicionamento, omnicanalidade e crescimento rent\u00e1vel Uma cadeia nacional de lojas de retalho desportivo, com uma presen\u00e7a f\u00edsica consolidada, colocou-nos um desafio muito concreto: converter o seu crescimento num modelo escal\u00e1vel e, sobretudo, fazer com que cada euro investido em marketing e publicidade [&hellip;]\" \/>\n<meta property=\"og:url\" content=\"https:\/\/www.martinsdelima.com\/pt-pt\/experiencias-planos-publicidade\/\" \/>\n<meta property=\"og:site_name\" content=\"Martinsdelima\" \/>\n<meta property=\"article:modified_time\" content=\"2026-02-08T18:38:42+00:00\" \/>\n<meta name=\"twitter:card\" content=\"summary_large_image\" \/>\n<meta name=\"twitter:label1\" content=\"Tempo estimado de leitura\" \/>\n\t<meta name=\"twitter:data1\" content=\"3 minutos\" \/>\n<script type=\"application\/ld+json\" class=\"yoast-schema-graph\">{\"@context\":\"https:\/\/schema.org\",\"@graph\":[{\"@type\":\"WebPage\",\"@id\":\"https:\/\/www.martinsdelima.com\/pt-pt\/experiencias-planos-publicidade\/\",\"url\":\"https:\/\/www.martinsdelima.com\/pt-pt\/experiencias-planos-publicidade\/\",\"name\":\"Experi\u00eancias planos publicidade - Martinsdelima\",\"isPartOf\":{\"@id\":\"https:\/\/www.martinsdelima.com\/pt-pt\/#website\"},\"datePublished\":\"2026-01-20T06:15:43+00:00\",\"dateModified\":\"2026-02-08T18:38:42+00:00\",\"breadcrumb\":{\"@id\":\"https:\/\/www.martinsdelima.com\/pt-pt\/experiencias-planos-publicidade\/#breadcrumb\"},\"inLanguage\":\"pt-PT\",\"potentialAction\":[{\"@type\":\"ReadAction\",\"target\":[\"https:\/\/www.martinsdelima.com\/pt-pt\/experiencias-planos-publicidade\/\"]}]},{\"@type\":\"BreadcrumbList\",\"@id\":\"https:\/\/www.martinsdelima.com\/pt-pt\/experiencias-planos-publicidade\/#breadcrumb\",\"itemListElement\":[{\"@type\":\"ListItem\",\"position\":1,\"name\":\"P\u00e1gina inicial\",\"item\":\"https:\/\/www.martinsdelima.com\/pt-pt\/inicio\/\"},{\"@type\":\"ListItem\",\"position\":2,\"name\":\"Experi\u00eancias planos publicidade\"}]},{\"@type\":\"WebSite\",\"@id\":\"https:\/\/www.martinsdelima.com\/pt-pt\/#website\",\"url\":\"https:\/\/www.martinsdelima.com\/pt-pt\/\",\"name\":\"Martinsdelima\",\"description\":\"Forensic&amp;Finance\",\"publisher\":{\"@id\":\"https:\/\/www.martinsdelima.com\/pt-pt\/#organization\"},\"potentialAction\":[{\"@type\":\"SearchAction\",\"target\":{\"@type\":\"EntryPoint\",\"urlTemplate\":\"https:\/\/www.martinsdelima.com\/pt-pt\/?s={search_term_string}\"},\"query-input\":{\"@type\":\"PropertyValueSpecification\",\"valueRequired\":true,\"valueName\":\"search_term_string\"}}],\"inLanguage\":\"pt-PT\"},{\"@type\":\"Organization\",\"@id\":\"https:\/\/www.martinsdelima.com\/pt-pt\/#organization\",\"name\":\"Martinsdelima\",\"url\":\"https:\/\/www.martinsdelima.com\/pt-pt\/\",\"logo\":{\"@type\":\"ImageObject\",\"inLanguage\":\"pt-PT\",\"@id\":\"https:\/\/www.martinsdelima.com\/pt-pt\/#\/schema\/logo\/image\/\",\"url\":\"https:\/\/mligy6wbr5rs.i.optimole.com\/w:auto\/h:auto\/q:mauto\/f:best\/https:\/\/www.martinsdelima.com\/wp-content\/uploads\/2025\/10\/martinsdelima-letras-claras-horizontal.png\",\"contentUrl\":\"https:\/\/mligy6wbr5rs.i.optimole.com\/w:auto\/h:auto\/q:mauto\/f:best\/https:\/\/www.martinsdelima.com\/wp-content\/uploads\/2025\/10\/martinsdelima-letras-claras-horizontal.png\",\"width\":1315,\"height\":217,\"caption\":\"Martinsdelima\"},\"image\":{\"@id\":\"https:\/\/www.martinsdelima.com\/pt-pt\/#\/schema\/logo\/image\/\"}}]}<\/script>\n<!-- \/ Yoast SEO plugin. -->","yoast_head_json":{"title":"Experi\u00eancias planos publicidade - Martinsdelima","robots":{"index":"index","follow":"follow","max-snippet":"max-snippet:-1","max-image-preview":"max-image-preview:large","max-video-preview":"max-video-preview:-1"},"canonical":"https:\/\/www.martinsdelima.com\/pt-pt\/experiencias-planos-publicidade\/","og_locale":"pt_PT","og_type":"article","og_title":"Experi\u00eancias planos publicidade - Martinsdelima","og_description":"Experi\u00eanciasPlanos de Publicidade e MarketingCadeia de retalho desportivo: reposicionamento, omnicanalidade e crescimento rent\u00e1vel Uma cadeia nacional de lojas de retalho desportivo, com uma presen\u00e7a f\u00edsica consolidada, colocou-nos um desafio muito concreto: converter o seu crescimento num modelo escal\u00e1vel e, sobretudo, fazer com que cada euro investido em marketing e publicidade [&hellip;]","og_url":"https:\/\/www.martinsdelima.com\/pt-pt\/experiencias-planos-publicidade\/","og_site_name":"Martinsdelima","article_modified_time":"2026-02-08T18:38:42+00:00","twitter_card":"summary_large_image","twitter_misc":{"Tempo estimado de leitura":"3 minutos"},"schema":{"@context":"https:\/\/schema.org","@graph":[{"@type":"WebPage","@id":"https:\/\/www.martinsdelima.com\/pt-pt\/experiencias-planos-publicidade\/","url":"https:\/\/www.martinsdelima.com\/pt-pt\/experiencias-planos-publicidade\/","name":"Experi\u00eancias planos publicidade - Martinsdelima","isPartOf":{"@id":"https:\/\/www.martinsdelima.com\/pt-pt\/#website"},"datePublished":"2026-01-20T06:15:43+00:00","dateModified":"2026-02-08T18:38:42+00:00","breadcrumb":{"@id":"https:\/\/www.martinsdelima.com\/pt-pt\/experiencias-planos-publicidade\/#breadcrumb"},"inLanguage":"pt-PT","potentialAction":[{"@type":"ReadAction","target":["https:\/\/www.martinsdelima.com\/pt-pt\/experiencias-planos-publicidade\/"]}]},{"@type":"BreadcrumbList","@id":"https:\/\/www.martinsdelima.com\/pt-pt\/experiencias-planos-publicidade\/#breadcrumb","itemListElement":[{"@type":"ListItem","position":1,"name":"P\u00e1gina inicial","item":"https:\/\/www.martinsdelima.com\/pt-pt\/inicio\/"},{"@type":"ListItem","position":2,"name":"Experi\u00eancias planos publicidade"}]},{"@type":"WebSite","@id":"https:\/\/www.martinsdelima.com\/pt-pt\/#website","url":"https:\/\/www.martinsdelima.com\/pt-pt\/","name":"Martinsdelima","description":"Forensic&amp;Finance","publisher":{"@id":"https:\/\/www.martinsdelima.com\/pt-pt\/#organization"},"potentialAction":[{"@type":"SearchAction","target":{"@type":"EntryPoint","urlTemplate":"https:\/\/www.martinsdelima.com\/pt-pt\/?s={search_term_string}"},"query-input":{"@type":"PropertyValueSpecification","valueRequired":true,"valueName":"search_term_string"}}],"inLanguage":"pt-PT"},{"@type":"Organization","@id":"https:\/\/www.martinsdelima.com\/pt-pt\/#organization","name":"Martinsdelima","url":"https:\/\/www.martinsdelima.com\/pt-pt\/","logo":{"@type":"ImageObject","inLanguage":"pt-PT","@id":"https:\/\/www.martinsdelima.com\/pt-pt\/#\/schema\/logo\/image\/","url":"https:\/\/mligy6wbr5rs.i.optimole.com\/w:auto\/h:auto\/q:mauto\/f:best\/https:\/\/www.martinsdelima.com\/wp-content\/uploads\/2025\/10\/martinsdelima-letras-claras-horizontal.png","contentUrl":"https:\/\/mligy6wbr5rs.i.optimole.com\/w:auto\/h:auto\/q:mauto\/f:best\/https:\/\/www.martinsdelima.com\/wp-content\/uploads\/2025\/10\/martinsdelima-letras-claras-horizontal.png","width":1315,"height":217,"caption":"Martinsdelima"},"image":{"@id":"https:\/\/www.martinsdelima.com\/pt-pt\/#\/schema\/logo\/image\/"}}]}},"_links":{"self":[{"href":"https:\/\/www.martinsdelima.com\/pt-pt\/wp-json\/wp\/v2\/pages\/10370","targetHints":{"allow":["GET"]}}],"collection":[{"href":"https:\/\/www.martinsdelima.com\/pt-pt\/wp-json\/wp\/v2\/pages"}],"about":[{"href":"https:\/\/www.martinsdelima.com\/pt-pt\/wp-json\/wp\/v2\/types\/page"}],"author":[{"embeddable":true,"href":"https:\/\/www.martinsdelima.com\/pt-pt\/wp-json\/wp\/v2\/users\/1"}],"replies":[{"embeddable":true,"href":"https:\/\/www.martinsdelima.com\/pt-pt\/wp-json\/wp\/v2\/comments?post=10370"}],"version-history":[{"count":1,"href":"https:\/\/www.martinsdelima.com\/pt-pt\/wp-json\/wp\/v2\/pages\/10370\/revisions"}],"predecessor-version":[{"id":10371,"href":"https:\/\/www.martinsdelima.com\/pt-pt\/wp-json\/wp\/v2\/pages\/10370\/revisions\/10371"}],"wp:attachment":[{"href":"https:\/\/www.martinsdelima.com\/pt-pt\/wp-json\/wp\/v2\/media?parent=10370"}],"curies":[{"name":"wp","href":"https:\/\/api.w.org\/{rel}","templated":true}]}}