{"id":10378,"date":"2026-01-19T16:05:15","date_gmt":"2026-01-19T16:05:15","guid":{"rendered":"https:\/\/www.martinsdelima.com\/experiencias-reestruturacoes-unidade\/"},"modified":"2026-02-08T18:39:03","modified_gmt":"2026-02-08T18:39:03","slug":"experiencias-reestruturacoes-unidade","status":"publish","type":"page","link":"https:\/\/www.martinsdelima.com\/pt-pt\/experiencias-reestruturacoes-unidade\/","title":{"rendered":"Experi\u00eancias reestrutura\u00e7\u00f5es unidade"},"content":{"rendered":"\t\t<div data-elementor-type=\"wp-page\" data-elementor-id=\"10378\" class=\"elementor elementor-10378 elementor-9729\" data-elementor-post-type=\"page\">\n\t\t\t\t\t\t<section class=\"elementor-section elementor-top-section elementor-element elementor-element-5861a17 elementor-section-full_width elementor-section-stretched elementor-section-height-min-height elementor-section-height-default elementor-section-items-middle\" data-id=\"5861a17\" data-element_type=\"section\" data-settings=\"{&quot;stretch_section&quot;:&quot;section-stretched&quot;,&quot;background_background&quot;:&quot;classic&quot;}\">\n\t\t\t\t\t\t\t<div class=\"elementor-background-overlay\"><\/div>\n\t\t\t\t\t\t\t<div class=\"elementor-container elementor-column-gap-default\">\n\t\t\t\t\t<div class=\"elementor-column elementor-col-100 elementor-top-column elementor-element elementor-element-ea42bdb\" data-id=\"ea42bdb\" data-element_type=\"column\">\n\t\t\t<div class=\"elementor-widget-wrap elementor-element-populated\">\n\t\t\t\t\t\t<div class=\"elementor-element elementor-element-8924fce elementor-widget__width-initial elementor-widget-mobile__width-initial elementor-widget elementor-widget-heading\" data-id=\"8924fce\" data-element_type=\"widget\" data-widget_type=\"heading.default\">\n\t\t\t\t<div class=\"elementor-widget-container\">\n\t\t\t\t\t<h2 class=\"elementor-heading-title elementor-size-default\"><b>Experi\u00eancias<\/b><br><b>Reestrutura\u00e7\u00f5es Unidades de Neg\u00f3cio<\/b><br>Nova Unidade de Neg\u00f3cio<\/h2>\t\t\t\t<\/div>\n\t\t\t\t<\/div>\n\t\t\t\t\t<\/div>\n\t\t<\/div>\n\t\t\t\t\t<\/div>\n\t\t<\/section>\n\t\t\t\t<section class=\"elementor-section elementor-top-section elementor-element elementor-element-9dff6a0 elementor-section-boxed elementor-section-height-default elementor-section-height-default\" data-id=\"9dff6a0\" data-element_type=\"section\">\n\t\t\t\t\t\t<div class=\"elementor-container elementor-column-gap-default\">\n\t\t\t\t\t<div class=\"elementor-column elementor-col-100 elementor-top-column elementor-element elementor-element-c3e38d1\" data-id=\"c3e38d1\" data-element_type=\"column\">\n\t\t\t<div class=\"elementor-widget-wrap elementor-element-populated\">\n\t\t\t\t\t\t<div class=\"elementor-element elementor-element-78fa56c elementor-widget elementor-widget-text-editor\" data-id=\"78fa56c\" data-element_type=\"widget\" data-widget_type=\"text-editor.default\">\n\t\t\t\t<div class=\"elementor-widget-container\">\n\t\t\t\t\t\t\t\t\t<h6>No <strong>ciclo de vida de um neg\u00f3cio<\/strong>, h\u00e1 um momento em que se chega \u00e0 encruzilhada de decidir se <strong>continua a crescer<\/strong> e a expandir o neg\u00f3cio ou se n\u00e3o arrisca e estagna, desencadeando as consequ\u00eancias habituais.<\/h6><h6>O nosso cliente, uma Associa\u00e7\u00e3o cuja atividade se encontra limitada \u00e0 Comunidade de Madrid e a um setor espec\u00edfico, pediu-nos aconselhamento para fazer crescer os seus servi\u00e7os. <strong>Tinham uma ideia e era necess\u00e1rio dar-lhe forma.<\/strong><\/h6><h6>Gra\u00e7as a<span> <\/span><b>martinsdelima<\/b>, esta Associa\u00e7\u00e3o criou uma nova unidade de neg\u00f3cio que lhe permite ampliar o seu p\u00fablico-alvo e a sua \u00e1rea de trabalho, <strong>incrementando<\/strong> tamb\u00e9m assim as suas <strong>receitas<\/strong>. Gra\u00e7as a isso, atualmente oferece <strong>mais servi\u00e7os, mais completos e a mais empresas<\/strong>. Al\u00e9m disso, o seu \u00e2mbito de atua\u00e7\u00e3o abrange outras \u00e1reas geogr\u00e1ficas al\u00e9m da Comunidade de Madrid.  <\/h6><h6>Essa nova unidade de neg\u00f3cio teve de ser estruturada noutro <strong>ve\u00edculo jur\u00eddico independente<\/strong> para n\u00e3o estar limitada pelos Estatutos da Associa\u00e7\u00e3o. Por outro lado, a reestrutura\u00e7\u00e3o conseguiu que a Associa\u00e7\u00e3o se beneficie em todos os aspetos. Entre eles, agora a <strong>Associa\u00e7\u00e3o tem mais for\u00e7a econ\u00f3mica e oferece mais servi\u00e7os e mais completos.<\/strong>  <\/h6><h6>Para isso, a Associa\u00e7\u00e3o confiou na an\u00e1lise estrutural e setorial que realiz\u00e1mos para avaliar as <strong>op\u00e7\u00f5es de inter-rela\u00e7\u00e3o entre a Associa\u00e7\u00e3o e o novo servi\u00e7o<\/strong> que querem prestar. Assim, aplicou o <strong>plano de marketing e a\u00e7\u00e3o concebido \u00e0 medida<\/strong>, com o fim de conseguir alcan\u00e7ar os objetivos marcados para que o plano financeiro seja um sucesso. <\/h6><h6>Al\u00e9m disso, uma vez determinada a estrutura, trabalhando em conjunto com o cliente, <strong>concebemos<\/strong>, de acordo com os seus gostos e necessidades, a <strong>identidade corporativa da nova empresa e um plano econ\u00f3mico-financeiro<\/strong> que garanta as expetativas de sucesso da presta\u00e7\u00e3o desse servi\u00e7o.<\/h6>\t\t\t\t\t\t\t\t<\/div>\n\t\t\t\t<\/div>\n\t\t\t\t\t<\/div>\n\t\t<\/div>\n\t\t\t\t\t<\/div>\n\t\t<\/section>\n\t\t\t\t<\/div>\n\t\t","protected":false},"excerpt":{"rendered":"<p>Experi\u00eanciasReestrutura\u00e7\u00f5es Unidades de Neg\u00f3cioNova Unidade de Neg\u00f3cio No ciclo de vida de um neg\u00f3cio, h\u00e1 um momento em que se chega \u00e0 encruzilhada de decidir se continua a crescer e a expandir o neg\u00f3cio ou se n\u00e3o arrisca e estagna, desencadeando as consequ\u00eancias habituais. O nosso cliente, uma Associa\u00e7\u00e3o cuja [&hellip;]<\/p>\n","protected":false},"author":1,"featured_media":0,"parent":0,"menu_order":0,"comment_status":"closed","ping_status":"closed","template":"page-templates\/template-pagebuilder-full-width.php","meta":{"footnotes":""},"class_list":["post-10378","page","type-page","status-publish","hentry"],"yoast_head":"<!-- This site is optimized with the Yoast SEO plugin v26.4 - https:\/\/yoast.com\/wordpress\/plugins\/seo\/ -->\n<title>Experi\u00eancias reestrutura\u00e7\u00f5es unidade - Martinsdelima<\/title>\n<meta name=\"robots\" content=\"index, follow, max-snippet:-1, max-image-preview:large, max-video-preview:-1\" \/>\n<link rel=\"canonical\" href=\"https:\/\/www.martinsdelima.com\/pt-pt\/experiencias-reestruturacoes-unidade\/\" \/>\n<meta property=\"og:locale\" content=\"pt_PT\" \/>\n<meta property=\"og:type\" content=\"article\" \/>\n<meta property=\"og:title\" content=\"Experi\u00eancias reestrutura\u00e7\u00f5es unidade - Martinsdelima\" \/>\n<meta property=\"og:description\" content=\"Experi\u00eanciasReestrutura\u00e7\u00f5es Unidades de Neg\u00f3cioNova Unidade de Neg\u00f3cio No ciclo de vida de um neg\u00f3cio, h\u00e1 um momento em que se chega \u00e0 encruzilhada de decidir se continua a crescer e a expandir o neg\u00f3cio ou se n\u00e3o arrisca e estagna, desencadeando as consequ\u00eancias habituais. O nosso cliente, uma Associa\u00e7\u00e3o cuja [&hellip;]\" \/>\n<meta property=\"og:url\" content=\"https:\/\/www.martinsdelima.com\/pt-pt\/experiencias-reestruturacoes-unidade\/\" \/>\n<meta property=\"og:site_name\" content=\"Martinsdelima\" \/>\n<meta property=\"article:modified_time\" content=\"2026-02-08T18:39:03+00:00\" \/>\n<meta name=\"twitter:card\" content=\"summary_large_image\" \/>\n<meta name=\"twitter:label1\" content=\"Tempo estimado de leitura\" \/>\n\t<meta name=\"twitter:data1\" content=\"2 minutos\" \/>\n<script type=\"application\/ld+json\" class=\"yoast-schema-graph\">{\"@context\":\"https:\/\/schema.org\",\"@graph\":[{\"@type\":\"WebPage\",\"@id\":\"https:\/\/www.martinsdelima.com\/pt-pt\/experiencias-reestruturacoes-unidade\/\",\"url\":\"https:\/\/www.martinsdelima.com\/pt-pt\/experiencias-reestruturacoes-unidade\/\",\"name\":\"Experi\u00eancias reestrutura\u00e7\u00f5es unidade - Martinsdelima\",\"isPartOf\":{\"@id\":\"https:\/\/www.martinsdelima.com\/pt-pt\/#website\"},\"datePublished\":\"2026-01-19T16:05:15+00:00\",\"dateModified\":\"2026-02-08T18:39:03+00:00\",\"breadcrumb\":{\"@id\":\"https:\/\/www.martinsdelima.com\/pt-pt\/experiencias-reestruturacoes-unidade\/#breadcrumb\"},\"inLanguage\":\"pt-PT\",\"potentialAction\":[{\"@type\":\"ReadAction\",\"target\":[\"https:\/\/www.martinsdelima.com\/pt-pt\/experiencias-reestruturacoes-unidade\/\"]}]},{\"@type\":\"BreadcrumbList\",\"@id\":\"https:\/\/www.martinsdelima.com\/pt-pt\/experiencias-reestruturacoes-unidade\/#breadcrumb\",\"itemListElement\":[{\"@type\":\"ListItem\",\"position\":1,\"name\":\"P\u00e1gina inicial\",\"item\":\"https:\/\/www.martinsdelima.com\/pt-pt\/inicio\/\"},{\"@type\":\"ListItem\",\"position\":2,\"name\":\"Experi\u00eancias reestrutura\u00e7\u00f5es unidade\"}]},{\"@type\":\"WebSite\",\"@id\":\"https:\/\/www.martinsdelima.com\/pt-pt\/#website\",\"url\":\"https:\/\/www.martinsdelima.com\/pt-pt\/\",\"name\":\"Martinsdelima\",\"description\":\"Forensic&amp;Finance\",\"publisher\":{\"@id\":\"https:\/\/www.martinsdelima.com\/pt-pt\/#organization\"},\"potentialAction\":[{\"@type\":\"SearchAction\",\"target\":{\"@type\":\"EntryPoint\",\"urlTemplate\":\"https:\/\/www.martinsdelima.com\/pt-pt\/?s={search_term_string}\"},\"query-input\":{\"@type\":\"PropertyValueSpecification\",\"valueRequired\":true,\"valueName\":\"search_term_string\"}}],\"inLanguage\":\"pt-PT\"},{\"@type\":\"Organization\",\"@id\":\"https:\/\/www.martinsdelima.com\/pt-pt\/#organization\",\"name\":\"Martinsdelima\",\"url\":\"https:\/\/www.martinsdelima.com\/pt-pt\/\",\"logo\":{\"@type\":\"ImageObject\",\"inLanguage\":\"pt-PT\",\"@id\":\"https:\/\/www.martinsdelima.com\/pt-pt\/#\/schema\/logo\/image\/\",\"url\":\"https:\/\/mligy6wbr5rs.i.optimole.com\/w:auto\/h:auto\/q:mauto\/f:best\/https:\/\/www.martinsdelima.com\/wp-content\/uploads\/2025\/10\/martinsdelima-letras-claras-horizontal.png\",\"contentUrl\":\"https:\/\/mligy6wbr5rs.i.optimole.com\/w:auto\/h:auto\/q:mauto\/f:best\/https:\/\/www.martinsdelima.com\/wp-content\/uploads\/2025\/10\/martinsdelima-letras-claras-horizontal.png\",\"width\":1315,\"height\":217,\"caption\":\"Martinsdelima\"},\"image\":{\"@id\":\"https:\/\/www.martinsdelima.com\/pt-pt\/#\/schema\/logo\/image\/\"}}]}<\/script>\n<!-- \/ Yoast SEO plugin. -->","yoast_head_json":{"title":"Experi\u00eancias reestrutura\u00e7\u00f5es unidade - Martinsdelima","robots":{"index":"index","follow":"follow","max-snippet":"max-snippet:-1","max-image-preview":"max-image-preview:large","max-video-preview":"max-video-preview:-1"},"canonical":"https:\/\/www.martinsdelima.com\/pt-pt\/experiencias-reestruturacoes-unidade\/","og_locale":"pt_PT","og_type":"article","og_title":"Experi\u00eancias reestrutura\u00e7\u00f5es unidade - Martinsdelima","og_description":"Experi\u00eanciasReestrutura\u00e7\u00f5es Unidades de Neg\u00f3cioNova Unidade de Neg\u00f3cio No ciclo de vida de um neg\u00f3cio, h\u00e1 um momento em que se chega \u00e0 encruzilhada de decidir se continua a crescer e a expandir o neg\u00f3cio ou se n\u00e3o arrisca e estagna, desencadeando as consequ\u00eancias habituais. O nosso cliente, uma Associa\u00e7\u00e3o cuja [&hellip;]","og_url":"https:\/\/www.martinsdelima.com\/pt-pt\/experiencias-reestruturacoes-unidade\/","og_site_name":"Martinsdelima","article_modified_time":"2026-02-08T18:39:03+00:00","twitter_card":"summary_large_image","twitter_misc":{"Tempo estimado de leitura":"2 minutos"},"schema":{"@context":"https:\/\/schema.org","@graph":[{"@type":"WebPage","@id":"https:\/\/www.martinsdelima.com\/pt-pt\/experiencias-reestruturacoes-unidade\/","url":"https:\/\/www.martinsdelima.com\/pt-pt\/experiencias-reestruturacoes-unidade\/","name":"Experi\u00eancias reestrutura\u00e7\u00f5es unidade - Martinsdelima","isPartOf":{"@id":"https:\/\/www.martinsdelima.com\/pt-pt\/#website"},"datePublished":"2026-01-19T16:05:15+00:00","dateModified":"2026-02-08T18:39:03+00:00","breadcrumb":{"@id":"https:\/\/www.martinsdelima.com\/pt-pt\/experiencias-reestruturacoes-unidade\/#breadcrumb"},"inLanguage":"pt-PT","potentialAction":[{"@type":"ReadAction","target":["https:\/\/www.martinsdelima.com\/pt-pt\/experiencias-reestruturacoes-unidade\/"]}]},{"@type":"BreadcrumbList","@id":"https:\/\/www.martinsdelima.com\/pt-pt\/experiencias-reestruturacoes-unidade\/#breadcrumb","itemListElement":[{"@type":"ListItem","position":1,"name":"P\u00e1gina inicial","item":"https:\/\/www.martinsdelima.com\/pt-pt\/inicio\/"},{"@type":"ListItem","position":2,"name":"Experi\u00eancias reestrutura\u00e7\u00f5es unidade"}]},{"@type":"WebSite","@id":"https:\/\/www.martinsdelima.com\/pt-pt\/#website","url":"https:\/\/www.martinsdelima.com\/pt-pt\/","name":"Martinsdelima","description":"Forensic&amp;Finance","publisher":{"@id":"https:\/\/www.martinsdelima.com\/pt-pt\/#organization"},"potentialAction":[{"@type":"SearchAction","target":{"@type":"EntryPoint","urlTemplate":"https:\/\/www.martinsdelima.com\/pt-pt\/?s={search_term_string}"},"query-input":{"@type":"PropertyValueSpecification","valueRequired":true,"valueName":"search_term_string"}}],"inLanguage":"pt-PT"},{"@type":"Organization","@id":"https:\/\/www.martinsdelima.com\/pt-pt\/#organization","name":"Martinsdelima","url":"https:\/\/www.martinsdelima.com\/pt-pt\/","logo":{"@type":"ImageObject","inLanguage":"pt-PT","@id":"https:\/\/www.martinsdelima.com\/pt-pt\/#\/schema\/logo\/image\/","url":"https:\/\/mligy6wbr5rs.i.optimole.com\/w:auto\/h:auto\/q:mauto\/f:best\/https:\/\/www.martinsdelima.com\/wp-content\/uploads\/2025\/10\/martinsdelima-letras-claras-horizontal.png","contentUrl":"https:\/\/mligy6wbr5rs.i.optimole.com\/w:auto\/h:auto\/q:mauto\/f:best\/https:\/\/www.martinsdelima.com\/wp-content\/uploads\/2025\/10\/martinsdelima-letras-claras-horizontal.png","width":1315,"height":217,"caption":"Martinsdelima"},"image":{"@id":"https:\/\/www.martinsdelima.com\/pt-pt\/#\/schema\/logo\/image\/"}}]}},"_links":{"self":[{"href":"https:\/\/www.martinsdelima.com\/pt-pt\/wp-json\/wp\/v2\/pages\/10378","targetHints":{"allow":["GET"]}}],"collection":[{"href":"https:\/\/www.martinsdelima.com\/pt-pt\/wp-json\/wp\/v2\/pages"}],"about":[{"href":"https:\/\/www.martinsdelima.com\/pt-pt\/wp-json\/wp\/v2\/types\/page"}],"author":[{"embeddable":true,"href":"https:\/\/www.martinsdelima.com\/pt-pt\/wp-json\/wp\/v2\/users\/1"}],"replies":[{"embeddable":true,"href":"https:\/\/www.martinsdelima.com\/pt-pt\/wp-json\/wp\/v2\/comments?post=10378"}],"version-history":[{"count":1,"href":"https:\/\/www.martinsdelima.com\/pt-pt\/wp-json\/wp\/v2\/pages\/10378\/revisions"}],"predecessor-version":[{"id":10379,"href":"https:\/\/www.martinsdelima.com\/pt-pt\/wp-json\/wp\/v2\/pages\/10378\/revisions\/10379"}],"wp:attachment":[{"href":"https:\/\/www.martinsdelima.com\/pt-pt\/wp-json\/wp\/v2\/media?parent=10378"}],"curies":[{"name":"wp","href":"https:\/\/api.w.org\/{rel}","templated":true}]}}