{"id":10394,"date":"2026-01-19T14:58:36","date_gmt":"2026-01-19T14:58:36","guid":{"rendered":"https:\/\/www.martinsdelima.com\/experiencias-de-reestruturacoes-de-rh\/"},"modified":"2026-02-08T18:39:45","modified_gmt":"2026-02-08T18:39:45","slug":"experiencias-de-reestruturacoes-de-rh","status":"publish","type":"page","link":"https:\/\/www.martinsdelima.com\/pt-pt\/experiencias-de-reestruturacoes-de-rh\/","title":{"rendered":"Experi\u00eancias de reestrutura\u00e7\u00f5es de RH"},"content":{"rendered":"\t\t<div data-elementor-type=\"wp-page\" data-elementor-id=\"10394\" class=\"elementor elementor-10394 elementor-9677\" data-elementor-post-type=\"page\">\n\t\t\t\t\t\t<section class=\"elementor-section elementor-top-section elementor-element elementor-element-5861a17 elementor-section-full_width elementor-section-stretched elementor-section-height-min-height elementor-section-height-default elementor-section-items-middle\" data-id=\"5861a17\" data-element_type=\"section\" data-settings=\"{&quot;stretch_section&quot;:&quot;section-stretched&quot;,&quot;background_background&quot;:&quot;classic&quot;}\">\n\t\t\t\t\t\t\t<div class=\"elementor-background-overlay\"><\/div>\n\t\t\t\t\t\t\t<div class=\"elementor-container elementor-column-gap-default\">\n\t\t\t\t\t<div class=\"elementor-column elementor-col-100 elementor-top-column elementor-element elementor-element-ea42bdb\" data-id=\"ea42bdb\" data-element_type=\"column\">\n\t\t\t<div class=\"elementor-widget-wrap elementor-element-populated\">\n\t\t\t\t\t\t<div class=\"elementor-element elementor-element-8924fce elementor-widget__width-initial elementor-widget-mobile__width-initial elementor-widget elementor-widget-heading\" data-id=\"8924fce\" data-element_type=\"widget\" data-widget_type=\"heading.default\">\n\t\t\t\t<div class=\"elementor-widget-container\">\n\t\t\t\t\t<h2 class=\"elementor-heading-title elementor-size-default\"><b>Experi\u00eancias<\/b><br><b>Reestrutura\u00e7\u00f5es Recursos Humanos<\/b><br>Reorganiza\u00e7\u00e3o operacional de uma grande f\u00e1brica industrial<\/h2>\t\t\t\t<\/div>\n\t\t\t\t<\/div>\n\t\t\t\t\t<\/div>\n\t\t<\/div>\n\t\t\t\t\t<\/div>\n\t\t<\/section>\n\t\t\t\t<section class=\"elementor-section elementor-top-section elementor-element elementor-element-9dff6a0 elementor-section-boxed elementor-section-height-default elementor-section-height-default\" data-id=\"9dff6a0\" data-element_type=\"section\">\n\t\t\t\t\t\t<div class=\"elementor-container elementor-column-gap-default\">\n\t\t\t\t\t<div class=\"elementor-column elementor-col-100 elementor-top-column elementor-element elementor-element-c3e38d1\" data-id=\"c3e38d1\" data-element_type=\"column\">\n\t\t\t<div class=\"elementor-widget-wrap elementor-element-populated\">\n\t\t\t\t\t\t<div class=\"elementor-element elementor-element-78fa56c elementor-widget elementor-widget-text-editor\" data-id=\"78fa56c\" data-element_type=\"widget\" data-widget_type=\"text-editor.default\">\n\t\t\t\t<div class=\"elementor-widget-container\">\n\t\t\t\t\t\t\t\t\t<h6>Uma empresa industrial com atividade integrada de transforma\u00e7\u00e3o enfrentava o desafio de <strong>recuperar n\u00edveis de produtividade e refor\u00e7ar a viabilidade do seu principal centro operativo<\/strong>, sem perder de vista a continuidade do emprego e a estabilidade do neg\u00f3cio. A tarefa que recebemos foi clara: <strong>analisar em profundidade a efici\u00eancia, a organiza\u00e7\u00e3o e a produtividade da f\u00e1brica<\/strong>, identificar alavancas realistas de melhoria e convert\u00ea-las num plano acion\u00e1vel. <\/h6><h6>Desde o in\u00edcio, abord\u00e1mos o projeto como um <strong>diagn\u00f3stico integral<\/strong>, n\u00e3o como uma cole\u00e7\u00e3o de \u201carranjos\u201d isolados. A an\u00e1lise combinou <strong>ambiente macro, din\u00e2mica de mercado e mudan\u00e7as estruturais do setor<\/strong>, para evitar que as decis\u00f5es internas fossem tomadas \u201c\u00e0s cegas\u201d face a tend\u00eancias externas que afetam a procura, mat\u00e9rias-primas, ind\u00fastria utilizadora e substitui\u00e7\u00e3o tecnol\u00f3gica. <\/h6><h6>Com essa base, concentr\u00e1mo-nos na realidade operacional: <strong>produtividade, estrutura de custos e organiza\u00e7\u00e3o do trabalho<\/strong>. Realiz\u00e1mos um contraste com uma <strong>refer\u00eancia industrial compar\u00e1vel<\/strong> para dimensionar lacunas e priorizar a\u00e7\u00f5es, e discrimin\u00e1mos os principais fatores de custo, prestando especial aten\u00e7\u00e3o ao <strong>equil\u00edbrio entre custos fixos e vari\u00e1veis<\/strong> e a <strong>que parte era realmente gestion\u00e1vel<\/strong>. <\/h6><h6>O cerne do trabalho foi um design <strong>projeto por projeto (e \u00e1rea por \u00e1rea)<\/strong>, adaptado ao funcionamento real da f\u00e1brica. N\u00e3o fic\u00e1mos em recomenda\u00e7\u00f5es gen\u00e9ricas: constru\u00edmos uma <strong>proposta por departamentos que percorria toda a cadeia operativa<\/strong>, desde a siderurgia e lamina\u00e7\u00e3o at\u00e9 \u00e0 coordena\u00e7\u00e3o, qualidade e servi\u00e7os de suporte, e acompanh\u00e1mo-la de crit\u00e9rios claros para implementar mudan\u00e7as sem romper a continuidade produtiva. <\/h6><h6>Al\u00e9m disso, cuid\u00e1mos especialmente das <strong>fun\u00e7\u00f5es de suporte<\/strong>, onde geralmente se escondem <strong>inefici\u00eancias \u201csilenciosas\u201d<\/strong> que penalizam toda a organiza\u00e7\u00e3o. Por isso, a an\u00e1lise incorporou a administra\u00e7\u00e3o, compras, sistemas, armaz\u00e9m e recursos humanos, n\u00e3o como cap\u00edtulos acess\u00f3rios, mas como pe\u00e7as-chave para reduzir a fric\u00e7\u00e3o interna, acelerar as decis\u00f5es e melhorar o servi\u00e7o \u00e0 produ\u00e7\u00e3o. <\/h6><h6>Na martinsdelima aplicamos uma metodologia de tr\u00eas camadas:<\/h6><h6>(i) leitura do <strong>contexto (macro e setorial)<\/strong> para entender restri\u00e7\u00f5es e oportunidades;<\/h6><h6>(ii) <strong>diagn\u00f3stico quantitativo e operativo<\/strong> de produtividade e custos, distinguindo o estrutural do otimiz\u00e1vel; e<\/h6><h6>(iii) convers\u00e3o do diagn\u00f3stico num <strong>plano de medidas priorizadas<\/strong>, incluindo <strong>adapta\u00e7\u00e3o de custos \u00e0 realidade da f\u00e1brica<\/strong>, revis\u00e3o de pr\u00e1ticas internas e uma abordagem expl\u00edcita de elimina\u00e7\u00e3o de desperd\u00edcios e atividades desnecess\u00e1rias.<\/h6><h6>O resultado foi um roteiro s\u00f3lido, coerente e execut\u00e1vel, que permitiu \u00e0 dire\u00e7\u00e3o <strong>tomar decis\u00f5es com seguran\u00e7a<\/strong>, alinhar as \u00e1reas envolvidas e avan\u00e7ar para uma melhoria tang\u00edvel da efici\u00eancia sem perder o foco na sustentabilidade do emprego e do neg\u00f3cio.<\/h6>\t\t\t\t\t\t\t\t<\/div>\n\t\t\t\t<\/div>\n\t\t\t\t\t<\/div>\n\t\t<\/div>\n\t\t\t\t\t<\/div>\n\t\t<\/section>\n\t\t\t\t<\/div>\n\t\t","protected":false},"excerpt":{"rendered":"<p>Experi\u00eanciasReestrutura\u00e7\u00f5es Recursos HumanosReorganiza\u00e7\u00e3o operacional de uma grande f\u00e1brica industrial Uma empresa industrial com atividade integrada de transforma\u00e7\u00e3o enfrentava o desafio de recuperar n\u00edveis de produtividade e refor\u00e7ar a viabilidade do seu principal centro operativo, sem perder de vista a continuidade do emprego e a estabilidade do neg\u00f3cio. A tarefa que [&hellip;]<\/p>\n","protected":false},"author":1,"featured_media":0,"parent":0,"menu_order":0,"comment_status":"closed","ping_status":"closed","template":"page-templates\/template-pagebuilder-full-width.php","meta":{"footnotes":""},"class_list":["post-10394","page","type-page","status-publish","hentry"],"yoast_head":"<!-- This site is optimized with the Yoast SEO plugin v26.4 - https:\/\/yoast.com\/wordpress\/plugins\/seo\/ -->\n<title>Experi\u00eancias de reestrutura\u00e7\u00f5es de RH - Martinsdelima<\/title>\n<meta name=\"robots\" content=\"index, follow, max-snippet:-1, max-image-preview:large, max-video-preview:-1\" \/>\n<link rel=\"canonical\" href=\"https:\/\/www.martinsdelima.com\/pt-pt\/experiencias-de-reestruturacoes-de-rh\/\" \/>\n<meta property=\"og:locale\" content=\"pt_PT\" \/>\n<meta property=\"og:type\" content=\"article\" \/>\n<meta property=\"og:title\" content=\"Experi\u00eancias de reestrutura\u00e7\u00f5es de RH - Martinsdelima\" \/>\n<meta property=\"og:description\" content=\"Experi\u00eanciasReestrutura\u00e7\u00f5es Recursos HumanosReorganiza\u00e7\u00e3o operacional de uma grande f\u00e1brica industrial Uma empresa industrial com atividade integrada de transforma\u00e7\u00e3o enfrentava o desafio de recuperar n\u00edveis de produtividade e refor\u00e7ar a viabilidade do seu principal centro operativo, sem perder de vista a continuidade do emprego e a estabilidade do neg\u00f3cio. A tarefa que [&hellip;]\" \/>\n<meta property=\"og:url\" content=\"https:\/\/www.martinsdelima.com\/pt-pt\/experiencias-de-reestruturacoes-de-rh\/\" \/>\n<meta property=\"og:site_name\" content=\"Martinsdelima\" \/>\n<meta property=\"article:modified_time\" content=\"2026-02-08T18:39:45+00:00\" \/>\n<meta name=\"twitter:card\" content=\"summary_large_image\" \/>\n<meta name=\"twitter:label1\" content=\"Tempo estimado de leitura\" \/>\n\t<meta name=\"twitter:data1\" content=\"2 minutos\" \/>\n<script type=\"application\/ld+json\" class=\"yoast-schema-graph\">{\"@context\":\"https:\/\/schema.org\",\"@graph\":[{\"@type\":\"WebPage\",\"@id\":\"https:\/\/www.martinsdelima.com\/pt-pt\/experiencias-de-reestruturacoes-de-rh\/\",\"url\":\"https:\/\/www.martinsdelima.com\/pt-pt\/experiencias-de-reestruturacoes-de-rh\/\",\"name\":\"Experi\u00eancias de reestrutura\u00e7\u00f5es de RH - Martinsdelima\",\"isPartOf\":{\"@id\":\"https:\/\/www.martinsdelima.com\/pt-pt\/#website\"},\"datePublished\":\"2026-01-19T14:58:36+00:00\",\"dateModified\":\"2026-02-08T18:39:45+00:00\",\"breadcrumb\":{\"@id\":\"https:\/\/www.martinsdelima.com\/pt-pt\/experiencias-de-reestruturacoes-de-rh\/#breadcrumb\"},\"inLanguage\":\"pt-PT\",\"potentialAction\":[{\"@type\":\"ReadAction\",\"target\":[\"https:\/\/www.martinsdelima.com\/pt-pt\/experiencias-de-reestruturacoes-de-rh\/\"]}]},{\"@type\":\"BreadcrumbList\",\"@id\":\"https:\/\/www.martinsdelima.com\/pt-pt\/experiencias-de-reestruturacoes-de-rh\/#breadcrumb\",\"itemListElement\":[{\"@type\":\"ListItem\",\"position\":1,\"name\":\"P\u00e1gina inicial\",\"item\":\"https:\/\/www.martinsdelima.com\/pt-pt\/inicio\/\"},{\"@type\":\"ListItem\",\"position\":2,\"name\":\"Experi\u00eancias de reestrutura\u00e7\u00f5es de RH\"}]},{\"@type\":\"WebSite\",\"@id\":\"https:\/\/www.martinsdelima.com\/pt-pt\/#website\",\"url\":\"https:\/\/www.martinsdelima.com\/pt-pt\/\",\"name\":\"Martinsdelima\",\"description\":\"Forensic&amp;Finance\",\"publisher\":{\"@id\":\"https:\/\/www.martinsdelima.com\/pt-pt\/#organization\"},\"potentialAction\":[{\"@type\":\"SearchAction\",\"target\":{\"@type\":\"EntryPoint\",\"urlTemplate\":\"https:\/\/www.martinsdelima.com\/pt-pt\/?s={search_term_string}\"},\"query-input\":{\"@type\":\"PropertyValueSpecification\",\"valueRequired\":true,\"valueName\":\"search_term_string\"}}],\"inLanguage\":\"pt-PT\"},{\"@type\":\"Organization\",\"@id\":\"https:\/\/www.martinsdelima.com\/pt-pt\/#organization\",\"name\":\"Martinsdelima\",\"url\":\"https:\/\/www.martinsdelima.com\/pt-pt\/\",\"logo\":{\"@type\":\"ImageObject\",\"inLanguage\":\"pt-PT\",\"@id\":\"https:\/\/www.martinsdelima.com\/pt-pt\/#\/schema\/logo\/image\/\",\"url\":\"https:\/\/mligy6wbr5rs.i.optimole.com\/w:auto\/h:auto\/q:mauto\/f:best\/https:\/\/www.martinsdelima.com\/wp-content\/uploads\/2025\/10\/martinsdelima-letras-claras-horizontal.png\",\"contentUrl\":\"https:\/\/mligy6wbr5rs.i.optimole.com\/w:auto\/h:auto\/q:mauto\/f:best\/https:\/\/www.martinsdelima.com\/wp-content\/uploads\/2025\/10\/martinsdelima-letras-claras-horizontal.png\",\"width\":1315,\"height\":217,\"caption\":\"Martinsdelima\"},\"image\":{\"@id\":\"https:\/\/www.martinsdelima.com\/pt-pt\/#\/schema\/logo\/image\/\"}}]}<\/script>\n<!-- \/ Yoast SEO plugin. -->","yoast_head_json":{"title":"Experi\u00eancias de reestrutura\u00e7\u00f5es de RH - Martinsdelima","robots":{"index":"index","follow":"follow","max-snippet":"max-snippet:-1","max-image-preview":"max-image-preview:large","max-video-preview":"max-video-preview:-1"},"canonical":"https:\/\/www.martinsdelima.com\/pt-pt\/experiencias-de-reestruturacoes-de-rh\/","og_locale":"pt_PT","og_type":"article","og_title":"Experi\u00eancias de reestrutura\u00e7\u00f5es de RH - Martinsdelima","og_description":"Experi\u00eanciasReestrutura\u00e7\u00f5es Recursos HumanosReorganiza\u00e7\u00e3o operacional de uma grande f\u00e1brica industrial Uma empresa industrial com atividade integrada de transforma\u00e7\u00e3o enfrentava o desafio de recuperar n\u00edveis de produtividade e refor\u00e7ar a viabilidade do seu principal centro operativo, sem perder de vista a continuidade do emprego e a estabilidade do neg\u00f3cio. A tarefa que [&hellip;]","og_url":"https:\/\/www.martinsdelima.com\/pt-pt\/experiencias-de-reestruturacoes-de-rh\/","og_site_name":"Martinsdelima","article_modified_time":"2026-02-08T18:39:45+00:00","twitter_card":"summary_large_image","twitter_misc":{"Tempo estimado de leitura":"2 minutos"},"schema":{"@context":"https:\/\/schema.org","@graph":[{"@type":"WebPage","@id":"https:\/\/www.martinsdelima.com\/pt-pt\/experiencias-de-reestruturacoes-de-rh\/","url":"https:\/\/www.martinsdelima.com\/pt-pt\/experiencias-de-reestruturacoes-de-rh\/","name":"Experi\u00eancias de reestrutura\u00e7\u00f5es de RH - Martinsdelima","isPartOf":{"@id":"https:\/\/www.martinsdelima.com\/pt-pt\/#website"},"datePublished":"2026-01-19T14:58:36+00:00","dateModified":"2026-02-08T18:39:45+00:00","breadcrumb":{"@id":"https:\/\/www.martinsdelima.com\/pt-pt\/experiencias-de-reestruturacoes-de-rh\/#breadcrumb"},"inLanguage":"pt-PT","potentialAction":[{"@type":"ReadAction","target":["https:\/\/www.martinsdelima.com\/pt-pt\/experiencias-de-reestruturacoes-de-rh\/"]}]},{"@type":"BreadcrumbList","@id":"https:\/\/www.martinsdelima.com\/pt-pt\/experiencias-de-reestruturacoes-de-rh\/#breadcrumb","itemListElement":[{"@type":"ListItem","position":1,"name":"P\u00e1gina inicial","item":"https:\/\/www.martinsdelima.com\/pt-pt\/inicio\/"},{"@type":"ListItem","position":2,"name":"Experi\u00eancias de reestrutura\u00e7\u00f5es de RH"}]},{"@type":"WebSite","@id":"https:\/\/www.martinsdelima.com\/pt-pt\/#website","url":"https:\/\/www.martinsdelima.com\/pt-pt\/","name":"Martinsdelima","description":"Forensic&amp;Finance","publisher":{"@id":"https:\/\/www.martinsdelima.com\/pt-pt\/#organization"},"potentialAction":[{"@type":"SearchAction","target":{"@type":"EntryPoint","urlTemplate":"https:\/\/www.martinsdelima.com\/pt-pt\/?s={search_term_string}"},"query-input":{"@type":"PropertyValueSpecification","valueRequired":true,"valueName":"search_term_string"}}],"inLanguage":"pt-PT"},{"@type":"Organization","@id":"https:\/\/www.martinsdelima.com\/pt-pt\/#organization","name":"Martinsdelima","url":"https:\/\/www.martinsdelima.com\/pt-pt\/","logo":{"@type":"ImageObject","inLanguage":"pt-PT","@id":"https:\/\/www.martinsdelima.com\/pt-pt\/#\/schema\/logo\/image\/","url":"https:\/\/mligy6wbr5rs.i.optimole.com\/w:auto\/h:auto\/q:mauto\/f:best\/https:\/\/www.martinsdelima.com\/wp-content\/uploads\/2025\/10\/martinsdelima-letras-claras-horizontal.png","contentUrl":"https:\/\/mligy6wbr5rs.i.optimole.com\/w:auto\/h:auto\/q:mauto\/f:best\/https:\/\/www.martinsdelima.com\/wp-content\/uploads\/2025\/10\/martinsdelima-letras-claras-horizontal.png","width":1315,"height":217,"caption":"Martinsdelima"},"image":{"@id":"https:\/\/www.martinsdelima.com\/pt-pt\/#\/schema\/logo\/image\/"}}]}},"_links":{"self":[{"href":"https:\/\/www.martinsdelima.com\/pt-pt\/wp-json\/wp\/v2\/pages\/10394","targetHints":{"allow":["GET"]}}],"collection":[{"href":"https:\/\/www.martinsdelima.com\/pt-pt\/wp-json\/wp\/v2\/pages"}],"about":[{"href":"https:\/\/www.martinsdelima.com\/pt-pt\/wp-json\/wp\/v2\/types\/page"}],"author":[{"embeddable":true,"href":"https:\/\/www.martinsdelima.com\/pt-pt\/wp-json\/wp\/v2\/users\/1"}],"replies":[{"embeddable":true,"href":"https:\/\/www.martinsdelima.com\/pt-pt\/wp-json\/wp\/v2\/comments?post=10394"}],"version-history":[{"count":1,"href":"https:\/\/www.martinsdelima.com\/pt-pt\/wp-json\/wp\/v2\/pages\/10394\/revisions"}],"predecessor-version":[{"id":10395,"href":"https:\/\/www.martinsdelima.com\/pt-pt\/wp-json\/wp\/v2\/pages\/10394\/revisions\/10395"}],"wp:attachment":[{"href":"https:\/\/www.martinsdelima.com\/pt-pt\/wp-json\/wp\/v2\/media?parent=10394"}],"curies":[{"name":"wp","href":"https:\/\/api.w.org\/{rel}","templated":true}]}}