{"id":10409,"date":"2026-01-17T19:39:29","date_gmt":"2026-01-17T19:39:29","guid":{"rendered":"https:\/\/www.martinsdelima.com\/experiencias-avaliacoes-fundos\/"},"modified":"2026-02-08T18:40:49","modified_gmt":"2026-02-08T18:40:49","slug":"experiencias-avaliacoes-fundos","status":"publish","type":"page","link":"https:\/\/www.martinsdelima.com\/pt-pt\/experiencias-avaliacoes-fundos\/","title":{"rendered":"Experi\u00eancias avalia\u00e7\u00f5es fundos"},"content":{"rendered":"\t\t<div data-elementor-type=\"wp-page\" data-elementor-id=\"10409\" class=\"elementor elementor-10409 elementor-9585\" data-elementor-post-type=\"page\">\n\t\t\t\t\t\t<section class=\"elementor-section elementor-top-section elementor-element elementor-element-5861a17 elementor-section-full_width elementor-section-stretched elementor-section-height-min-height elementor-section-height-default elementor-section-items-middle\" data-id=\"5861a17\" data-element_type=\"section\" data-settings=\"{&quot;stretch_section&quot;:&quot;section-stretched&quot;,&quot;background_background&quot;:&quot;classic&quot;}\">\n\t\t\t\t\t\t\t<div class=\"elementor-background-overlay\"><\/div>\n\t\t\t\t\t\t\t<div class=\"elementor-container elementor-column-gap-default\">\n\t\t\t\t\t<div class=\"elementor-column elementor-col-100 elementor-top-column elementor-element elementor-element-ea42bdb\" data-id=\"ea42bdb\" data-element_type=\"column\">\n\t\t\t<div class=\"elementor-widget-wrap elementor-element-populated\">\n\t\t\t\t\t\t<div class=\"elementor-element elementor-element-8924fce elementor-widget__width-initial elementor-widget-mobile__width-initial elementor-widget elementor-widget-heading\" data-id=\"8924fce\" data-element_type=\"widget\" data-widget_type=\"heading.default\">\n\t\t\t\t<div class=\"elementor-widget-container\">\n\t\t\t\t\t<h2 class=\"elementor-heading-title elementor-size-default\"><b>Experi\u00eancias<br>Avalia\u00e7\u00f5es de Fundos e Carteiras de Ativos<\/b><br>Avalia\u00e7\u00e3o de ve\u00edculo imobili\u00e1rio e fundo associado<\/h2>\t\t\t\t<\/div>\n\t\t\t\t<\/div>\n\t\t\t\t\t<\/div>\n\t\t<\/div>\n\t\t\t\t\t<\/div>\n\t\t<\/section>\n\t\t\t\t<section class=\"elementor-section elementor-top-section elementor-element elementor-element-9dff6a0 elementor-section-boxed elementor-section-height-default elementor-section-height-default\" data-id=\"9dff6a0\" data-element_type=\"section\">\n\t\t\t\t\t\t<div class=\"elementor-container elementor-column-gap-default\">\n\t\t\t\t\t<div class=\"elementor-column elementor-col-100 elementor-top-column elementor-element elementor-element-c3e38d1\" data-id=\"c3e38d1\" data-element_type=\"column\">\n\t\t\t<div class=\"elementor-widget-wrap elementor-element-populated\">\n\t\t\t\t\t\t<div class=\"elementor-element elementor-element-78fa56c elementor-widget elementor-widget-text-editor\" data-id=\"78fa56c\" data-element_type=\"widget\" data-widget_type=\"text-editor.default\">\n\t\t\t\t<div class=\"elementor-widget-container\">\n\t\t\t\t\t\t\t\t\t<h6>Uma empresa com investimentos num <strong>ve\u00edculo de investimento imobili\u00e1rio<\/strong> necessitava de uma vis\u00e3o clara e acion\u00e1vel sobre o desempenho da sua participa\u00e7\u00e3o e, sobretudo, de uma <strong>estimativa robusta do valor que deveria ser refletido sob uma gest\u00e3o alinhada com as melhores pr\u00e1ticas<\/strong>. O desafio n\u00e3o era \u201colhar para um n\u00famero\u201d, mas sim entender o que tinha acontecido na carteira, como tinha sido gerida e que implica\u00e7\u00f5es reais tinha para o valor econ\u00f3mico final. <\/h6><h6>O nosso trabalho foi estruturado como uma <strong>an\u00e1lise t\u00e9cnica completa do projeto investidor<\/strong>: revimos o <strong>historial de investimento<\/strong>, o <strong>perfil de risco<\/strong>, o n\u00edvel de experi\u00eancia investidora e a coer\u00eancia entre objetivos e resultados. A partir da\u00ed, estud\u00e1mos tamb\u00e9m a documenta\u00e7\u00e3o e comunica\u00e7\u00f5es do produto para assegurar que a <strong>abordagem de gest\u00e3o, riscos<\/strong> e expectativas ficavam bem tra\u00e7ados dentro do diagn\u00f3stico global. <\/h6><h6>O n\u00facleo da encomenda foi avaliar <strong>como estava a ser operada a carteira imobili\u00e1ria<\/strong>: analis\u00e1mos explica\u00e7\u00f5es de <strong>gest\u00e3o<\/strong>, <strong>estrutura de gastos<\/strong>, din\u00e2mica de <strong>receitas<\/strong>, <strong>explora\u00e7\u00e3o de ativos, decis\u00f5es financeiras<\/strong> e o seu impacto sobre a evolu\u00e7\u00e3o do <strong>valor liquidativo<\/strong>. Esta abordagem permitiu separar o conjuntural do estrutural e detetar com precis\u00e3o os fatores que realmente estavam a impulsionar o valor numa dire\u00e7\u00e3o ou noutra. <\/h6><h6>Al\u00e9m disso, contrast\u00e1mos a gest\u00e3o do ve\u00edculo com a de um <strong>fundo imobili\u00e1rio compar\u00e1vel<\/strong> que <strong>partilhava elementos de governo e opera\u00e7\u00e3o<\/strong>, para medir de forma objetiva se a execu\u00e7\u00e3o e o tratamento aos investidores era consistente entre ambas as estruturas. A an\u00e1lise mostrou que a gest\u00e3o tinha sido articulada em grande parte de forma conjunta e coordenada em aspetos-chave, o que refor\u00e7ava a necessidade de uma compara\u00e7\u00e3o t\u00e9cnica rigorosa. <\/h6><h6>Para converter esse diagn\u00f3stico numa conclus\u00e3o de valor defens\u00e1vel a n\u00edvel empresarial, aplic\u00e1mos uma metodologia s\u00f3lida: estim\u00e1mos o <strong>valor final \u201csob uma gest\u00e3o adequada\u201d<\/strong> utilizando <strong>cinco abordagens complementares<\/strong> (capitaliza\u00e7\u00e3o financeira do esfor\u00e7o investidor, refer\u00eancia ao comportamento do mercado imobili\u00e1rio, ajuste por partidas de custos n\u00e3o explicadas pela operativa, equipara\u00e7\u00e3o com crit\u00e9rios de liquida\u00e7\u00e3o do fundo compar\u00e1vel e contraste com condi\u00e7\u00f5es observadas noutro ve\u00edculo equivalente). O resultado final foi determinado como <strong>m\u00e9dia dos cinco m\u00e9todos<\/strong>, aportando estabilidade, rastreabilidade e uma leitura equilibrada. <\/h6><h6>Gra\u00e7as a esta abordagem, a empresa obteve uma <strong>avalia\u00e7\u00e3o final clara, consistente e acion\u00e1vel<\/strong>, respaldada por <strong>an\u00e1lise quantitativa e contraste de mercado<\/strong>, e acompanhada de conclus\u00f5es \u00fateis para a tomada de decis\u00f5es: desde como interpretar a <strong>evolu\u00e7\u00e3o do valor<\/strong> at\u00e9 que alavancas de gest\u00e3o explicam a diverg\u00eancia entre expectativas e desempenho. Em resumo: um trabalho onde a martinsdelima aportou <strong>diagn\u00f3stico profundo, metodologia robusta e uma conclus\u00e3o de valor s\u00f3lida<\/strong>, pronta para ser usada na governa\u00e7\u00e3o interna e planeamento estrat\u00e9gico. <\/h6>\t\t\t\t\t\t\t\t<\/div>\n\t\t\t\t<\/div>\n\t\t\t\t\t<\/div>\n\t\t<\/div>\n\t\t\t\t\t<\/div>\n\t\t<\/section>\n\t\t\t\t<\/div>\n\t\t","protected":false},"excerpt":{"rendered":"<p>Experi\u00eanciasAvalia\u00e7\u00f5es de Fundos e Carteiras de AtivosAvalia\u00e7\u00e3o de ve\u00edculo imobili\u00e1rio e fundo associado Uma empresa com investimentos num ve\u00edculo de investimento imobili\u00e1rio necessitava de uma vis\u00e3o clara e acion\u00e1vel sobre o desempenho da sua participa\u00e7\u00e3o e, sobretudo, de uma estimativa robusta do valor que deveria ser refletido sob uma gest\u00e3o [&hellip;]<\/p>\n","protected":false},"author":1,"featured_media":0,"parent":0,"menu_order":0,"comment_status":"closed","ping_status":"closed","template":"page-templates\/template-pagebuilder-full-width.php","meta":{"footnotes":""},"class_list":["post-10409","page","type-page","status-publish","hentry"],"yoast_head":"<!-- This site is optimized with the Yoast SEO plugin v26.4 - https:\/\/yoast.com\/wordpress\/plugins\/seo\/ -->\n<title>Experi\u00eancias avalia\u00e7\u00f5es fundos - Martinsdelima<\/title>\n<meta name=\"robots\" content=\"index, follow, max-snippet:-1, max-image-preview:large, max-video-preview:-1\" \/>\n<link rel=\"canonical\" href=\"https:\/\/www.martinsdelima.com\/pt-pt\/experiencias-avaliacoes-fundos\/\" \/>\n<meta property=\"og:locale\" content=\"pt_PT\" \/>\n<meta property=\"og:type\" content=\"article\" \/>\n<meta property=\"og:title\" content=\"Experi\u00eancias avalia\u00e7\u00f5es fundos - Martinsdelima\" \/>\n<meta property=\"og:description\" content=\"Experi\u00eanciasAvalia\u00e7\u00f5es de Fundos e Carteiras de AtivosAvalia\u00e7\u00e3o de ve\u00edculo imobili\u00e1rio e fundo associado Uma empresa com investimentos num ve\u00edculo de investimento imobili\u00e1rio necessitava de uma vis\u00e3o clara e acion\u00e1vel sobre o desempenho da sua participa\u00e7\u00e3o e, sobretudo, de uma estimativa robusta do valor que deveria ser refletido sob uma gest\u00e3o [&hellip;]\" \/>\n<meta property=\"og:url\" content=\"https:\/\/www.martinsdelima.com\/pt-pt\/experiencias-avaliacoes-fundos\/\" \/>\n<meta property=\"og:site_name\" content=\"Martinsdelima\" \/>\n<meta property=\"article:modified_time\" content=\"2026-02-08T18:40:49+00:00\" \/>\n<meta name=\"twitter:card\" content=\"summary_large_image\" \/>\n<meta name=\"twitter:label1\" content=\"Tempo estimado de leitura\" \/>\n\t<meta name=\"twitter:data1\" content=\"3 minutos\" \/>\n<script type=\"application\/ld+json\" class=\"yoast-schema-graph\">{\"@context\":\"https:\/\/schema.org\",\"@graph\":[{\"@type\":\"WebPage\",\"@id\":\"https:\/\/www.martinsdelima.com\/pt-pt\/experiencias-avaliacoes-fundos\/\",\"url\":\"https:\/\/www.martinsdelima.com\/pt-pt\/experiencias-avaliacoes-fundos\/\",\"name\":\"Experi\u00eancias avalia\u00e7\u00f5es fundos - Martinsdelima\",\"isPartOf\":{\"@id\":\"https:\/\/www.martinsdelima.com\/pt-pt\/#website\"},\"datePublished\":\"2026-01-17T19:39:29+00:00\",\"dateModified\":\"2026-02-08T18:40:49+00:00\",\"breadcrumb\":{\"@id\":\"https:\/\/www.martinsdelima.com\/pt-pt\/experiencias-avaliacoes-fundos\/#breadcrumb\"},\"inLanguage\":\"pt-PT\",\"potentialAction\":[{\"@type\":\"ReadAction\",\"target\":[\"https:\/\/www.martinsdelima.com\/pt-pt\/experiencias-avaliacoes-fundos\/\"]}]},{\"@type\":\"BreadcrumbList\",\"@id\":\"https:\/\/www.martinsdelima.com\/pt-pt\/experiencias-avaliacoes-fundos\/#breadcrumb\",\"itemListElement\":[{\"@type\":\"ListItem\",\"position\":1,\"name\":\"P\u00e1gina inicial\",\"item\":\"https:\/\/www.martinsdelima.com\/pt-pt\/inicio\/\"},{\"@type\":\"ListItem\",\"position\":2,\"name\":\"Experi\u00eancias avalia\u00e7\u00f5es fundos\"}]},{\"@type\":\"WebSite\",\"@id\":\"https:\/\/www.martinsdelima.com\/pt-pt\/#website\",\"url\":\"https:\/\/www.martinsdelima.com\/pt-pt\/\",\"name\":\"Martinsdelima\",\"description\":\"Forensic&amp;Finance\",\"publisher\":{\"@id\":\"https:\/\/www.martinsdelima.com\/pt-pt\/#organization\"},\"potentialAction\":[{\"@type\":\"SearchAction\",\"target\":{\"@type\":\"EntryPoint\",\"urlTemplate\":\"https:\/\/www.martinsdelima.com\/pt-pt\/?s={search_term_string}\"},\"query-input\":{\"@type\":\"PropertyValueSpecification\",\"valueRequired\":true,\"valueName\":\"search_term_string\"}}],\"inLanguage\":\"pt-PT\"},{\"@type\":\"Organization\",\"@id\":\"https:\/\/www.martinsdelima.com\/pt-pt\/#organization\",\"name\":\"Martinsdelima\",\"url\":\"https:\/\/www.martinsdelima.com\/pt-pt\/\",\"logo\":{\"@type\":\"ImageObject\",\"inLanguage\":\"pt-PT\",\"@id\":\"https:\/\/www.martinsdelima.com\/pt-pt\/#\/schema\/logo\/image\/\",\"url\":\"https:\/\/mligy6wbr5rs.i.optimole.com\/w:auto\/h:auto\/q:mauto\/f:best\/https:\/\/www.martinsdelima.com\/wp-content\/uploads\/2025\/10\/martinsdelima-letras-claras-horizontal.png\",\"contentUrl\":\"https:\/\/mligy6wbr5rs.i.optimole.com\/w:auto\/h:auto\/q:mauto\/f:best\/https:\/\/www.martinsdelima.com\/wp-content\/uploads\/2025\/10\/martinsdelima-letras-claras-horizontal.png\",\"width\":1315,\"height\":217,\"caption\":\"Martinsdelima\"},\"image\":{\"@id\":\"https:\/\/www.martinsdelima.com\/pt-pt\/#\/schema\/logo\/image\/\"}}]}<\/script>\n<!-- \/ Yoast SEO plugin. -->","yoast_head_json":{"title":"Experi\u00eancias avalia\u00e7\u00f5es fundos - Martinsdelima","robots":{"index":"index","follow":"follow","max-snippet":"max-snippet:-1","max-image-preview":"max-image-preview:large","max-video-preview":"max-video-preview:-1"},"canonical":"https:\/\/www.martinsdelima.com\/pt-pt\/experiencias-avaliacoes-fundos\/","og_locale":"pt_PT","og_type":"article","og_title":"Experi\u00eancias avalia\u00e7\u00f5es fundos - Martinsdelima","og_description":"Experi\u00eanciasAvalia\u00e7\u00f5es de Fundos e Carteiras de AtivosAvalia\u00e7\u00e3o de ve\u00edculo imobili\u00e1rio e fundo associado Uma empresa com investimentos num ve\u00edculo de investimento imobili\u00e1rio necessitava de uma vis\u00e3o clara e acion\u00e1vel sobre o desempenho da sua participa\u00e7\u00e3o e, sobretudo, de uma estimativa robusta do valor que deveria ser refletido sob uma gest\u00e3o [&hellip;]","og_url":"https:\/\/www.martinsdelima.com\/pt-pt\/experiencias-avaliacoes-fundos\/","og_site_name":"Martinsdelima","article_modified_time":"2026-02-08T18:40:49+00:00","twitter_card":"summary_large_image","twitter_misc":{"Tempo estimado de leitura":"3 minutos"},"schema":{"@context":"https:\/\/schema.org","@graph":[{"@type":"WebPage","@id":"https:\/\/www.martinsdelima.com\/pt-pt\/experiencias-avaliacoes-fundos\/","url":"https:\/\/www.martinsdelima.com\/pt-pt\/experiencias-avaliacoes-fundos\/","name":"Experi\u00eancias avalia\u00e7\u00f5es fundos - Martinsdelima","isPartOf":{"@id":"https:\/\/www.martinsdelima.com\/pt-pt\/#website"},"datePublished":"2026-01-17T19:39:29+00:00","dateModified":"2026-02-08T18:40:49+00:00","breadcrumb":{"@id":"https:\/\/www.martinsdelima.com\/pt-pt\/experiencias-avaliacoes-fundos\/#breadcrumb"},"inLanguage":"pt-PT","potentialAction":[{"@type":"ReadAction","target":["https:\/\/www.martinsdelima.com\/pt-pt\/experiencias-avaliacoes-fundos\/"]}]},{"@type":"BreadcrumbList","@id":"https:\/\/www.martinsdelima.com\/pt-pt\/experiencias-avaliacoes-fundos\/#breadcrumb","itemListElement":[{"@type":"ListItem","position":1,"name":"P\u00e1gina inicial","item":"https:\/\/www.martinsdelima.com\/pt-pt\/inicio\/"},{"@type":"ListItem","position":2,"name":"Experi\u00eancias avalia\u00e7\u00f5es fundos"}]},{"@type":"WebSite","@id":"https:\/\/www.martinsdelima.com\/pt-pt\/#website","url":"https:\/\/www.martinsdelima.com\/pt-pt\/","name":"Martinsdelima","description":"Forensic&amp;Finance","publisher":{"@id":"https:\/\/www.martinsdelima.com\/pt-pt\/#organization"},"potentialAction":[{"@type":"SearchAction","target":{"@type":"EntryPoint","urlTemplate":"https:\/\/www.martinsdelima.com\/pt-pt\/?s={search_term_string}"},"query-input":{"@type":"PropertyValueSpecification","valueRequired":true,"valueName":"search_term_string"}}],"inLanguage":"pt-PT"},{"@type":"Organization","@id":"https:\/\/www.martinsdelima.com\/pt-pt\/#organization","name":"Martinsdelima","url":"https:\/\/www.martinsdelima.com\/pt-pt\/","logo":{"@type":"ImageObject","inLanguage":"pt-PT","@id":"https:\/\/www.martinsdelima.com\/pt-pt\/#\/schema\/logo\/image\/","url":"https:\/\/mligy6wbr5rs.i.optimole.com\/w:auto\/h:auto\/q:mauto\/f:best\/https:\/\/www.martinsdelima.com\/wp-content\/uploads\/2025\/10\/martinsdelima-letras-claras-horizontal.png","contentUrl":"https:\/\/mligy6wbr5rs.i.optimole.com\/w:auto\/h:auto\/q:mauto\/f:best\/https:\/\/www.martinsdelima.com\/wp-content\/uploads\/2025\/10\/martinsdelima-letras-claras-horizontal.png","width":1315,"height":217,"caption":"Martinsdelima"},"image":{"@id":"https:\/\/www.martinsdelima.com\/pt-pt\/#\/schema\/logo\/image\/"}}]}},"_links":{"self":[{"href":"https:\/\/www.martinsdelima.com\/pt-pt\/wp-json\/wp\/v2\/pages\/10409","targetHints":{"allow":["GET"]}}],"collection":[{"href":"https:\/\/www.martinsdelima.com\/pt-pt\/wp-json\/wp\/v2\/pages"}],"about":[{"href":"https:\/\/www.martinsdelima.com\/pt-pt\/wp-json\/wp\/v2\/types\/page"}],"author":[{"embeddable":true,"href":"https:\/\/www.martinsdelima.com\/pt-pt\/wp-json\/wp\/v2\/users\/1"}],"replies":[{"embeddable":true,"href":"https:\/\/www.martinsdelima.com\/pt-pt\/wp-json\/wp\/v2\/comments?post=10409"}],"version-history":[{"count":1,"href":"https:\/\/www.martinsdelima.com\/pt-pt\/wp-json\/wp\/v2\/pages\/10409\/revisions"}],"predecessor-version":[{"id":10410,"href":"https:\/\/www.martinsdelima.com\/pt-pt\/wp-json\/wp\/v2\/pages\/10409\/revisions\/10410"}],"wp:attachment":[{"href":"https:\/\/www.martinsdelima.com\/pt-pt\/wp-json\/wp\/v2\/media?parent=10409"}],"curies":[{"name":"wp","href":"https:\/\/api.w.org\/{rel}","templated":true}]}}