{"id":10420,"date":"2026-01-17T19:09:06","date_gmt":"2026-01-17T19:09:06","guid":{"rendered":"https:\/\/www.martinsdelima.com\/experiencias-avaliacoes-marcas\/"},"modified":"2026-02-08T18:41:13","modified_gmt":"2026-02-08T18:41:13","slug":"experiencias-avaliacoes-marcas","status":"publish","type":"page","link":"https:\/\/www.martinsdelima.com\/pt-pt\/experiencias-avaliacoes-marcas\/","title":{"rendered":"Experi\u00eancias avalia\u00e7\u00f5es marcas"},"content":{"rendered":"\t\t<div data-elementor-type=\"wp-page\" data-elementor-id=\"10420\" class=\"elementor elementor-10420 elementor-9463\" data-elementor-post-type=\"page\">\n\t\t\t\t\t\t<section class=\"elementor-section elementor-top-section elementor-element elementor-element-5861a17 elementor-section-full_width elementor-section-stretched elementor-section-height-min-height elementor-section-height-default elementor-section-items-middle\" data-id=\"5861a17\" data-element_type=\"section\" data-settings=\"{&quot;stretch_section&quot;:&quot;section-stretched&quot;,&quot;background_background&quot;:&quot;classic&quot;}\">\n\t\t\t\t\t\t\t<div class=\"elementor-background-overlay\"><\/div>\n\t\t\t\t\t\t\t<div class=\"elementor-container elementor-column-gap-default\">\n\t\t\t\t\t<div class=\"elementor-column elementor-col-100 elementor-top-column elementor-element elementor-element-ea42bdb\" data-id=\"ea42bdb\" data-element_type=\"column\">\n\t\t\t<div class=\"elementor-widget-wrap elementor-element-populated\">\n\t\t\t\t\t\t<div class=\"elementor-element elementor-element-8924fce elementor-widget__width-initial elementor-widget-mobile__width-initial elementor-widget elementor-widget-heading\" data-id=\"8924fce\" data-element_type=\"widget\" data-widget_type=\"heading.default\">\n\t\t\t\t<div class=\"elementor-widget-container\">\n\t\t\t\t\t<h2 class=\"elementor-heading-title elementor-size-default\"><b>Experi\u00eancias<br>Avalia\u00e7\u00f5es de Propriedade Intelectual e Marcas<\/b><br>Avalia\u00e7\u00e3o de uma marca com proje\u00e7\u00e3o internacional<\/h2>\t\t\t\t<\/div>\n\t\t\t\t<\/div>\n\t\t\t\t\t<\/div>\n\t\t<\/div>\n\t\t\t\t\t<\/div>\n\t\t<\/section>\n\t\t\t\t<section class=\"elementor-section elementor-top-section elementor-element elementor-element-9dff6a0 elementor-section-boxed elementor-section-height-default elementor-section-height-default\" data-id=\"9dff6a0\" data-element_type=\"section\">\n\t\t\t\t\t\t<div class=\"elementor-container elementor-column-gap-default\">\n\t\t\t\t\t<div class=\"elementor-column elementor-col-100 elementor-top-column elementor-element elementor-element-c3e38d1\" data-id=\"c3e38d1\" data-element_type=\"column\">\n\t\t\t<div class=\"elementor-widget-wrap elementor-element-populated\">\n\t\t\t\t\t\t<div class=\"elementor-element elementor-element-78fa56c elementor-widget elementor-widget-text-editor\" data-id=\"78fa56c\" data-element_type=\"widget\" data-widget_type=\"text-editor.default\">\n\t\t\t\t<div class=\"elementor-widget-container\">\n\t\t\t\t\t\t\t\t\t<h6>Uma companhia especializada em solu\u00e7\u00f5es log\u00edsticas destac\u00e1veis e equipamentos para <strong>ambientes militares e de emerg\u00eancia<\/strong> necessitava de determinar, com crit\u00e9rios objetivos, o valor econ\u00f3mico da sua <strong>marca como ativo intang\u00edvel<\/strong>. O encargo tinha um objetivo claro: contar com uma avalia\u00e7\u00e3o s\u00f3lida e defens\u00e1vel para tomar decis\u00f5es corporativas com maior seguran\u00e7a, <strong>alinhando estrat\u00e9gia, investimento e posicionamento comercial.<\/strong> <\/h6><h6>O principal desafio residia no facto de a marca n\u00e3o poder ser analisada como um \u201cnome\u201d isolado, mas sim como um elemento que concentra <strong>confian\u00e7a operacional, capacidade de acesso a mercados exigentes e reputa\u00e7\u00e3o t\u00e9cnica<\/strong>. Neste tipo de ind\u00fastrias, <strong>a marca funciona como um atalho de credibilidade<\/strong>: influencia processos de compra altamente rigorosos, reduz fric\u00e7\u00f5es comerciais e refor\u00e7a a perce\u00e7\u00e3o de fiabilidade em situa\u00e7\u00f5es cr\u00edticas. <\/h6><h6>Al\u00e9m disso, a empresa operava com uma e<strong>strutura completa, desde produ\u00e7\u00e3o e montagem at\u00e9 integra\u00e7\u00e3o log\u00edstica e I+D,<\/strong> o que tornava imprescind\u00edvel compreender bem como a <strong>marca se \u201cmaterializa\u201d em produto, servi\u00e7o e experi\u00eancia do cliente<\/strong>. Por isso, antes de avaliar, realiz\u00e1mos uma <strong>an\u00e1lise do neg\u00f3cio e da sua proposta de valor:<\/strong> cat\u00e1logo, aplica\u00e7\u00f5es reais, exig\u00eancias do utilizador final e din\u00e2mica competitiva do mercado. <\/h6><h6>Outro fator chave foi o contexto: <strong>neste setor nem sempre existem transa\u00e7\u00f5es p\u00fablicas compar\u00e1veis<\/strong> que permitam \u201cler\u201d o mercado de forma direta. Precisamente por isso, <strong>descart\u00e1mos a abordagem de mercado<\/strong> quando n\u00e3o oferecia refer\u00eancias fi\u00e1veis e preferimos um caminho que refletisse de forma mais precisa o valor que a marca pode gerar no futuro. <\/h6><h6>A metodologia foi concebida para ser <strong>t\u00e9cnica, rigorosa e conservadora<\/strong>, combinando a abordagem de rendas com duas pe\u00e7as complementares: por um lado, a estimativa de <strong>fluxos de caixa<\/strong> a partir de proje\u00e7\u00f5es realistas; por outro, a determina\u00e7\u00e3o de uma <strong>taxa de royalty<\/strong> coerente com o setor, ajustada mediante uma an\u00e1lise qualitativa de vari\u00e1veis como barreiras de entrada, exclusividade e potencial de mercado.<\/h6><h6>O resultado foi uma avalia\u00e7\u00e3o <strong>robusta e acion\u00e1vel<\/strong>, que n\u00e3o se ficou por um n\u00famero, mas que explicou <strong>por que<\/strong> a marca vale o que vale e <strong>que alavancas a impulsionam<\/strong>. Esse \u201cmapa\u201d permitiu \u00e0 dire\u00e7\u00e3o entender o impacto da marca na gera\u00e7\u00e3o de rendas futuras e dispor de uma base clara para decis\u00f5es estrat\u00e9gicas (crescimento, licen\u00e7as, investimento e posicionamento). Por outras palavras: <strong>uma avalia\u00e7\u00e3o feita para decidir<\/strong>, com o n\u00edvel de detalhe e fiabilidade que distingue o trabalho da martinsdelima.  <\/h6>\t\t\t\t\t\t\t\t<\/div>\n\t\t\t\t<\/div>\n\t\t\t\t\t<\/div>\n\t\t<\/div>\n\t\t\t\t\t<\/div>\n\t\t<\/section>\n\t\t\t\t<\/div>\n\t\t","protected":false},"excerpt":{"rendered":"<p>Experi\u00eanciasAvalia\u00e7\u00f5es de Propriedade Intelectual e MarcasAvalia\u00e7\u00e3o de uma marca com proje\u00e7\u00e3o internacional Uma companhia especializada em solu\u00e7\u00f5es log\u00edsticas destac\u00e1veis e equipamentos para ambientes militares e de emerg\u00eancia necessitava de determinar, com crit\u00e9rios objetivos, o valor econ\u00f3mico da sua marca como ativo intang\u00edvel. O encargo tinha um objetivo claro: contar com [&hellip;]<\/p>\n","protected":false},"author":1,"featured_media":0,"parent":0,"menu_order":0,"comment_status":"closed","ping_status":"closed","template":"page-templates\/template-pagebuilder-full-width.php","meta":{"footnotes":""},"class_list":["post-10420","page","type-page","status-publish","hentry"],"yoast_head":"<!-- This site is optimized with the Yoast SEO plugin v26.4 - https:\/\/yoast.com\/wordpress\/plugins\/seo\/ -->\n<title>Experi\u00eancias avalia\u00e7\u00f5es marcas - Martinsdelima<\/title>\n<meta name=\"robots\" content=\"index, follow, max-snippet:-1, max-image-preview:large, max-video-preview:-1\" \/>\n<link rel=\"canonical\" href=\"https:\/\/www.martinsdelima.com\/pt-pt\/experiencias-avaliacoes-marcas\/\" \/>\n<meta property=\"og:locale\" content=\"pt_PT\" \/>\n<meta property=\"og:type\" content=\"article\" \/>\n<meta property=\"og:title\" content=\"Experi\u00eancias avalia\u00e7\u00f5es marcas - Martinsdelima\" \/>\n<meta property=\"og:description\" content=\"Experi\u00eanciasAvalia\u00e7\u00f5es de Propriedade Intelectual e MarcasAvalia\u00e7\u00e3o de uma marca com proje\u00e7\u00e3o internacional Uma companhia especializada em solu\u00e7\u00f5es log\u00edsticas destac\u00e1veis e equipamentos para ambientes militares e de emerg\u00eancia necessitava de determinar, com crit\u00e9rios objetivos, o valor econ\u00f3mico da sua marca como ativo intang\u00edvel. O encargo tinha um objetivo claro: contar com [&hellip;]\" \/>\n<meta property=\"og:url\" content=\"https:\/\/www.martinsdelima.com\/pt-pt\/experiencias-avaliacoes-marcas\/\" \/>\n<meta property=\"og:site_name\" content=\"Martinsdelima\" \/>\n<meta property=\"article:modified_time\" content=\"2026-02-08T18:41:13+00:00\" \/>\n<meta name=\"twitter:card\" content=\"summary_large_image\" \/>\n<meta name=\"twitter:label1\" content=\"Tempo estimado de leitura\" \/>\n\t<meta name=\"twitter:data1\" content=\"2 minutos\" \/>\n<script type=\"application\/ld+json\" class=\"yoast-schema-graph\">{\"@context\":\"https:\/\/schema.org\",\"@graph\":[{\"@type\":\"WebPage\",\"@id\":\"https:\/\/www.martinsdelima.com\/pt-pt\/experiencias-avaliacoes-marcas\/\",\"url\":\"https:\/\/www.martinsdelima.com\/pt-pt\/experiencias-avaliacoes-marcas\/\",\"name\":\"Experi\u00eancias avalia\u00e7\u00f5es marcas - Martinsdelima\",\"isPartOf\":{\"@id\":\"https:\/\/www.martinsdelima.com\/pt-pt\/#website\"},\"datePublished\":\"2026-01-17T19:09:06+00:00\",\"dateModified\":\"2026-02-08T18:41:13+00:00\",\"breadcrumb\":{\"@id\":\"https:\/\/www.martinsdelima.com\/pt-pt\/experiencias-avaliacoes-marcas\/#breadcrumb\"},\"inLanguage\":\"pt-PT\",\"potentialAction\":[{\"@type\":\"ReadAction\",\"target\":[\"https:\/\/www.martinsdelima.com\/pt-pt\/experiencias-avaliacoes-marcas\/\"]}]},{\"@type\":\"BreadcrumbList\",\"@id\":\"https:\/\/www.martinsdelima.com\/pt-pt\/experiencias-avaliacoes-marcas\/#breadcrumb\",\"itemListElement\":[{\"@type\":\"ListItem\",\"position\":1,\"name\":\"P\u00e1gina inicial\",\"item\":\"https:\/\/www.martinsdelima.com\/pt-pt\/inicio\/\"},{\"@type\":\"ListItem\",\"position\":2,\"name\":\"Experi\u00eancias avalia\u00e7\u00f5es marcas\"}]},{\"@type\":\"WebSite\",\"@id\":\"https:\/\/www.martinsdelima.com\/pt-pt\/#website\",\"url\":\"https:\/\/www.martinsdelima.com\/pt-pt\/\",\"name\":\"Martinsdelima\",\"description\":\"Forensic&amp;Finance\",\"publisher\":{\"@id\":\"https:\/\/www.martinsdelima.com\/pt-pt\/#organization\"},\"potentialAction\":[{\"@type\":\"SearchAction\",\"target\":{\"@type\":\"EntryPoint\",\"urlTemplate\":\"https:\/\/www.martinsdelima.com\/pt-pt\/?s={search_term_string}\"},\"query-input\":{\"@type\":\"PropertyValueSpecification\",\"valueRequired\":true,\"valueName\":\"search_term_string\"}}],\"inLanguage\":\"pt-PT\"},{\"@type\":\"Organization\",\"@id\":\"https:\/\/www.martinsdelima.com\/pt-pt\/#organization\",\"name\":\"Martinsdelima\",\"url\":\"https:\/\/www.martinsdelima.com\/pt-pt\/\",\"logo\":{\"@type\":\"ImageObject\",\"inLanguage\":\"pt-PT\",\"@id\":\"https:\/\/www.martinsdelima.com\/pt-pt\/#\/schema\/logo\/image\/\",\"url\":\"https:\/\/mligy6wbr5rs.i.optimole.com\/w:auto\/h:auto\/q:mauto\/f:best\/https:\/\/www.martinsdelima.com\/wp-content\/uploads\/2025\/10\/martinsdelima-letras-claras-horizontal.png\",\"contentUrl\":\"https:\/\/mligy6wbr5rs.i.optimole.com\/w:auto\/h:auto\/q:mauto\/f:best\/https:\/\/www.martinsdelima.com\/wp-content\/uploads\/2025\/10\/martinsdelima-letras-claras-horizontal.png\",\"width\":1315,\"height\":217,\"caption\":\"Martinsdelima\"},\"image\":{\"@id\":\"https:\/\/www.martinsdelima.com\/pt-pt\/#\/schema\/logo\/image\/\"}}]}<\/script>\n<!-- \/ Yoast SEO plugin. -->","yoast_head_json":{"title":"Experi\u00eancias avalia\u00e7\u00f5es marcas - Martinsdelima","robots":{"index":"index","follow":"follow","max-snippet":"max-snippet:-1","max-image-preview":"max-image-preview:large","max-video-preview":"max-video-preview:-1"},"canonical":"https:\/\/www.martinsdelima.com\/pt-pt\/experiencias-avaliacoes-marcas\/","og_locale":"pt_PT","og_type":"article","og_title":"Experi\u00eancias avalia\u00e7\u00f5es marcas - Martinsdelima","og_description":"Experi\u00eanciasAvalia\u00e7\u00f5es de Propriedade Intelectual e MarcasAvalia\u00e7\u00e3o de uma marca com proje\u00e7\u00e3o internacional Uma companhia especializada em solu\u00e7\u00f5es log\u00edsticas destac\u00e1veis e equipamentos para ambientes militares e de emerg\u00eancia necessitava de determinar, com crit\u00e9rios objetivos, o valor econ\u00f3mico da sua marca como ativo intang\u00edvel. O encargo tinha um objetivo claro: contar com [&hellip;]","og_url":"https:\/\/www.martinsdelima.com\/pt-pt\/experiencias-avaliacoes-marcas\/","og_site_name":"Martinsdelima","article_modified_time":"2026-02-08T18:41:13+00:00","twitter_card":"summary_large_image","twitter_misc":{"Tempo estimado de leitura":"2 minutos"},"schema":{"@context":"https:\/\/schema.org","@graph":[{"@type":"WebPage","@id":"https:\/\/www.martinsdelima.com\/pt-pt\/experiencias-avaliacoes-marcas\/","url":"https:\/\/www.martinsdelima.com\/pt-pt\/experiencias-avaliacoes-marcas\/","name":"Experi\u00eancias avalia\u00e7\u00f5es marcas - Martinsdelima","isPartOf":{"@id":"https:\/\/www.martinsdelima.com\/pt-pt\/#website"},"datePublished":"2026-01-17T19:09:06+00:00","dateModified":"2026-02-08T18:41:13+00:00","breadcrumb":{"@id":"https:\/\/www.martinsdelima.com\/pt-pt\/experiencias-avaliacoes-marcas\/#breadcrumb"},"inLanguage":"pt-PT","potentialAction":[{"@type":"ReadAction","target":["https:\/\/www.martinsdelima.com\/pt-pt\/experiencias-avaliacoes-marcas\/"]}]},{"@type":"BreadcrumbList","@id":"https:\/\/www.martinsdelima.com\/pt-pt\/experiencias-avaliacoes-marcas\/#breadcrumb","itemListElement":[{"@type":"ListItem","position":1,"name":"P\u00e1gina inicial","item":"https:\/\/www.martinsdelima.com\/pt-pt\/inicio\/"},{"@type":"ListItem","position":2,"name":"Experi\u00eancias avalia\u00e7\u00f5es marcas"}]},{"@type":"WebSite","@id":"https:\/\/www.martinsdelima.com\/pt-pt\/#website","url":"https:\/\/www.martinsdelima.com\/pt-pt\/","name":"Martinsdelima","description":"Forensic&amp;Finance","publisher":{"@id":"https:\/\/www.martinsdelima.com\/pt-pt\/#organization"},"potentialAction":[{"@type":"SearchAction","target":{"@type":"EntryPoint","urlTemplate":"https:\/\/www.martinsdelima.com\/pt-pt\/?s={search_term_string}"},"query-input":{"@type":"PropertyValueSpecification","valueRequired":true,"valueName":"search_term_string"}}],"inLanguage":"pt-PT"},{"@type":"Organization","@id":"https:\/\/www.martinsdelima.com\/pt-pt\/#organization","name":"Martinsdelima","url":"https:\/\/www.martinsdelima.com\/pt-pt\/","logo":{"@type":"ImageObject","inLanguage":"pt-PT","@id":"https:\/\/www.martinsdelima.com\/pt-pt\/#\/schema\/logo\/image\/","url":"https:\/\/mligy6wbr5rs.i.optimole.com\/w:auto\/h:auto\/q:mauto\/f:best\/https:\/\/www.martinsdelima.com\/wp-content\/uploads\/2025\/10\/martinsdelima-letras-claras-horizontal.png","contentUrl":"https:\/\/mligy6wbr5rs.i.optimole.com\/w:auto\/h:auto\/q:mauto\/f:best\/https:\/\/www.martinsdelima.com\/wp-content\/uploads\/2025\/10\/martinsdelima-letras-claras-horizontal.png","width":1315,"height":217,"caption":"Martinsdelima"},"image":{"@id":"https:\/\/www.martinsdelima.com\/pt-pt\/#\/schema\/logo\/image\/"}}]}},"_links":{"self":[{"href":"https:\/\/www.martinsdelima.com\/pt-pt\/wp-json\/wp\/v2\/pages\/10420","targetHints":{"allow":["GET"]}}],"collection":[{"href":"https:\/\/www.martinsdelima.com\/pt-pt\/wp-json\/wp\/v2\/pages"}],"about":[{"href":"https:\/\/www.martinsdelima.com\/pt-pt\/wp-json\/wp\/v2\/types\/page"}],"author":[{"embeddable":true,"href":"https:\/\/www.martinsdelima.com\/pt-pt\/wp-json\/wp\/v2\/users\/1"}],"replies":[{"embeddable":true,"href":"https:\/\/www.martinsdelima.com\/pt-pt\/wp-json\/wp\/v2\/comments?post=10420"}],"version-history":[{"count":1,"href":"https:\/\/www.martinsdelima.com\/pt-pt\/wp-json\/wp\/v2\/pages\/10420\/revisions"}],"predecessor-version":[{"id":10421,"href":"https:\/\/www.martinsdelima.com\/pt-pt\/wp-json\/wp\/v2\/pages\/10420\/revisions\/10421"}],"wp:attachment":[{"href":"https:\/\/www.martinsdelima.com\/pt-pt\/wp-json\/wp\/v2\/media?parent=10420"}],"curies":[{"name":"wp","href":"https:\/\/api.w.org\/{rel}","templated":true}]}}