{"id":10444,"date":"2026-01-17T11:27:00","date_gmt":"2026-01-17T11:27:00","guid":{"rendered":"https:\/\/www.martinsdelima.com\/experiencias-avaliacoes-desportistas\/"},"modified":"2026-02-08T18:42:19","modified_gmt":"2026-02-08T18:42:19","slug":"experiencias-avaliacoes-desportistas","status":"publish","type":"page","link":"https:\/\/www.martinsdelima.com\/pt-pt\/experiencias-avaliacoes-desportistas\/","title":{"rendered":"Experi\u00eancias Avalia\u00e7\u00f5es Desportistas"},"content":{"rendered":"\t\t<div data-elementor-type=\"wp-page\" data-elementor-id=\"10444\" class=\"elementor elementor-10444 elementor-9467\" data-elementor-post-type=\"page\">\n\t\t\t\t\t\t<section class=\"elementor-section elementor-top-section elementor-element elementor-element-5861a17 elementor-section-full_width elementor-section-stretched elementor-section-height-min-height elementor-section-height-default elementor-section-items-middle\" data-id=\"5861a17\" data-element_type=\"section\" data-settings=\"{&quot;stretch_section&quot;:&quot;section-stretched&quot;,&quot;background_background&quot;:&quot;classic&quot;}\">\n\t\t\t\t\t\t\t<div class=\"elementor-background-overlay\"><\/div>\n\t\t\t\t\t\t\t<div class=\"elementor-container elementor-column-gap-default\">\n\t\t\t\t\t<div class=\"elementor-column elementor-col-100 elementor-top-column elementor-element elementor-element-ea42bdb\" data-id=\"ea42bdb\" data-element_type=\"column\">\n\t\t\t<div class=\"elementor-widget-wrap elementor-element-populated\">\n\t\t\t\t\t\t<div class=\"elementor-element elementor-element-8924fce elementor-widget__width-initial elementor-widget-mobile__width-initial elementor-widget elementor-widget-heading\" data-id=\"8924fce\" data-element_type=\"widget\" data-widget_type=\"heading.default\">\n\t\t\t\t<div class=\"elementor-widget-container\">\n\t\t\t\t\t<h2 class=\"elementor-heading-title elementor-size-default\"><b>Experi\u00eancias<br>Avalia\u00e7\u00e3o de Desportistas<\/b><br>Avalia\u00e7\u00e3o de dois futebolistas da primeira divis\u00e3o<\/h2>\t\t\t\t<\/div>\n\t\t\t\t<\/div>\n\t\t\t\t\t<\/div>\n\t\t<\/div>\n\t\t\t\t\t<\/div>\n\t\t<\/section>\n\t\t\t\t<section class=\"elementor-section elementor-top-section elementor-element elementor-element-9dff6a0 elementor-section-boxed elementor-section-height-default elementor-section-height-default\" data-id=\"9dff6a0\" data-element_type=\"section\">\n\t\t\t\t\t\t<div class=\"elementor-container elementor-column-gap-default\">\n\t\t\t\t\t<div class=\"elementor-column elementor-col-100 elementor-top-column elementor-element elementor-element-c3e38d1\" data-id=\"c3e38d1\" data-element_type=\"column\">\n\t\t\t<div class=\"elementor-widget-wrap elementor-element-populated\">\n\t\t\t\t\t\t<div class=\"elementor-element elementor-element-78fa56c elementor-widget elementor-widget-text-editor\" data-id=\"78fa56c\" data-element_type=\"widget\" data-widget_type=\"text-editor.default\">\n\t\t\t\t<div class=\"elementor-widget-container\">\n\t\t\t\t\t\t\t\t\t<h6>Um clube de primeiro n\u00edvel enfrentava um <strong>conflito devido \u00e0 interpreta\u00e7\u00e3o de um contrato de transmiss\u00e3o de direitos federativos e econ\u00f3micos<\/strong>, com especial foco no montante a ser reconhecido \u00e0 outra parte perante determinados cen\u00e1rios de transfer\u00eancia e oferta recebida. A controv\u00e9rsia apoiava-se, al\u00e9m disso, em <strong>relat\u00f3rios de terceiros<\/strong> que defendiam valores dos jogadores substancialmente superiores, o que elevava o risco jur\u00eddico e econ\u00f3mico do procedimento. <\/h6>\n<h6>Na martinsdelima, abordamos o assunto numa perspetiva <strong>t\u00e9cnica, objetiva e imparcial<\/strong>, com um objetivo muito claro: <strong>analisar criticamente os relat\u00f3rios existentes<\/strong> e construir uma <strong>avalia\u00e7\u00e3o alternativa e independente<\/strong> dos direitos econ\u00f3micos de <strong>dois jogadores<\/strong> (com perfis e trajet\u00f3rias distintas) no \u00e2mbito do <strong>mercado real de transfer\u00eancias<\/strong>. Esta dupla linha de trabalho foi fundamental para converter o caso numa discuss\u00e3o baseada <strong>em evid\u00eancias e n\u00e3o em perce\u00e7\u00f5es<\/strong> ou estimativas pouco verific\u00e1veis, algo muito comum neste tipo de mercados onde &#8220;muitos se consideram especialistas&#8221;. <\/h6>\n<h6>A primeira fase consistiu em detetar, com rigor pericial, as fragilidades dos relat\u00f3rios apresentados pela parte contr\u00e1ria e por organismos setoriais. Assinal\u00e1mos car\u00eancias como <strong>aus\u00eancia de documenta\u00e7\u00e3o precisa em vari\u00e1veis cr\u00edticas<\/strong>, <strong>falta de compar\u00e1veis de mercado<\/strong>, <strong>atualiza\u00e7\u00f5es sem metodologia transparente<\/strong> e uma <strong>depend\u00eancia excessiva do ju\u00edzo subjetivo<\/strong> do perito, elementos que reduziam a fiabilidade e a replicabilidade das suas conclus\u00f5es. <\/h6>\n<h6>A partir da\u00ed, constru\u00edmos a nossa avalia\u00e7\u00e3o sobre uma abordagem de mercado com <strong>transa\u00e7\u00f5es compar\u00e1veis reais<\/strong> <strong>de jogadores com caracter\u00edsticas desportivas semelhantes (posi\u00e7\u00e3o, fun\u00e7\u00e3o e perfil)<\/strong>, e com uma an\u00e1lise que reconhece uma realidade essencial: no mercado espanhol, os montantes de transfer\u00eancia costumam situar-se <strong>abaixo do \u201cvalor de mercado\u201d publicado<\/strong>, especialmente em contextos de restri\u00e7\u00e3o financeira.<\/h6>\n<h6>A nossa abordagem metodol\u00f3gica foi:<\/h6>\n<h6><strong>(i) benchmarking de compar\u00e1veis<\/strong>,<\/h6>\n<h6><strong>(ii) uma r\u00e1cio custo\/valor de mercado<\/strong> para obter uma base objetiva e<\/h6>\n<h6><strong>(iii) ajustes t\u00e9cnicos<\/strong> (pr\u00e9mio ou desconto) segundo fatores contrast\u00e1veis como rendimento, hist\u00f3rico f\u00edsico, situa\u00e7\u00e3o contratual\/transferibilidade e o contexto econ\u00f3mico geral do mercado.<\/h6>\n<h6>Esta abordagem permitiu assentar a discuss\u00e3o em <strong>crit\u00e9rios verific\u00e1veis<\/strong> e defens\u00e1veis em sede de negocia\u00e7\u00e3o ou procedimento.<\/h6>\n<h6>O resultado foi uma conclus\u00e3o especialmente s\u00f3lida: a nossa avalia\u00e7\u00e3o ficou <strong>alinhada com a realidade do mercado e com o pr\u00f3prio acordo alcan\u00e7ado entre clubes<\/strong>, refor\u00e7ando a tese de que o valor defendido pela martinsdelima era o mais consistente e razo\u00e1vel. Por outras palavras, n\u00e3o s\u00f3 apresent\u00e1mos um relat\u00f3rio: apresent\u00e1mos <strong>um quadro t\u00e9cnico convincente<\/strong> que permitiu sustentar uma posi\u00e7\u00e3o robusta e encaminhar o caso para uma <strong>resolu\u00e7\u00e3o excelente<\/strong> para os interesses defendidos, demonstrando a capacidade da martinsdelima para converter disputas complexas em resultados claros mediante <strong>an\u00e1lise econ\u00f3mica, evid\u00eancia de mercado e rigor<\/strong>. <\/h6>\t\t\t\t\t\t\t\t<\/div>\n\t\t\t\t<\/div>\n\t\t\t\t\t<\/div>\n\t\t<\/div>\n\t\t\t\t\t<\/div>\n\t\t<\/section>\n\t\t\t\t<\/div>\n\t\t","protected":false},"excerpt":{"rendered":"<p>Experi\u00eanciasAvalia\u00e7\u00e3o de DesportistasAvalia\u00e7\u00e3o de dois futebolistas da primeira divis\u00e3o Um clube de primeiro n\u00edvel enfrentava um conflito devido \u00e0 interpreta\u00e7\u00e3o de um contrato de transmiss\u00e3o de direitos federativos e econ\u00f3micos, com especial foco no montante a ser reconhecido \u00e0 outra parte perante determinados cen\u00e1rios de transfer\u00eancia e oferta recebida. A [&hellip;]<\/p>\n","protected":false},"author":1,"featured_media":0,"parent":0,"menu_order":0,"comment_status":"closed","ping_status":"closed","template":"page-templates\/template-pagebuilder-full-width.php","meta":{"footnotes":""},"class_list":["post-10444","page","type-page","status-publish","hentry"],"yoast_head":"<!-- This site is optimized with the Yoast SEO plugin v26.4 - https:\/\/yoast.com\/wordpress\/plugins\/seo\/ -->\n<title>Experi\u00eancias Avalia\u00e7\u00f5es Desportistas - Martinsdelima<\/title>\n<meta name=\"robots\" content=\"index, follow, max-snippet:-1, max-image-preview:large, max-video-preview:-1\" \/>\n<link rel=\"canonical\" href=\"https:\/\/www.martinsdelima.com\/pt-pt\/experiencias-avaliacoes-desportistas\/\" \/>\n<meta property=\"og:locale\" content=\"pt_PT\" \/>\n<meta property=\"og:type\" content=\"article\" \/>\n<meta property=\"og:title\" content=\"Experi\u00eancias Avalia\u00e7\u00f5es Desportistas - Martinsdelima\" \/>\n<meta property=\"og:description\" content=\"Experi\u00eanciasAvalia\u00e7\u00e3o de DesportistasAvalia\u00e7\u00e3o de dois futebolistas da primeira divis\u00e3o Um clube de primeiro n\u00edvel enfrentava um conflito devido \u00e0 interpreta\u00e7\u00e3o de um contrato de transmiss\u00e3o de direitos federativos e econ\u00f3micos, com especial foco no montante a ser reconhecido \u00e0 outra parte perante determinados cen\u00e1rios de transfer\u00eancia e oferta recebida. A [&hellip;]\" \/>\n<meta property=\"og:url\" content=\"https:\/\/www.martinsdelima.com\/pt-pt\/experiencias-avaliacoes-desportistas\/\" \/>\n<meta property=\"og:site_name\" content=\"Martinsdelima\" \/>\n<meta property=\"article:modified_time\" content=\"2026-02-08T18:42:19+00:00\" \/>\n<meta name=\"twitter:card\" content=\"summary_large_image\" \/>\n<meta name=\"twitter:label1\" content=\"Tempo estimado de leitura\" \/>\n\t<meta name=\"twitter:data1\" content=\"3 minutos\" \/>\n<script type=\"application\/ld+json\" class=\"yoast-schema-graph\">{\"@context\":\"https:\/\/schema.org\",\"@graph\":[{\"@type\":\"WebPage\",\"@id\":\"https:\/\/www.martinsdelima.com\/pt-pt\/experiencias-avaliacoes-desportistas\/\",\"url\":\"https:\/\/www.martinsdelima.com\/pt-pt\/experiencias-avaliacoes-desportistas\/\",\"name\":\"Experi\u00eancias Avalia\u00e7\u00f5es Desportistas - Martinsdelima\",\"isPartOf\":{\"@id\":\"https:\/\/www.martinsdelima.com\/pt-pt\/#website\"},\"datePublished\":\"2026-01-17T11:27:00+00:00\",\"dateModified\":\"2026-02-08T18:42:19+00:00\",\"breadcrumb\":{\"@id\":\"https:\/\/www.martinsdelima.com\/pt-pt\/experiencias-avaliacoes-desportistas\/#breadcrumb\"},\"inLanguage\":\"pt-PT\",\"potentialAction\":[{\"@type\":\"ReadAction\",\"target\":[\"https:\/\/www.martinsdelima.com\/pt-pt\/experiencias-avaliacoes-desportistas\/\"]}]},{\"@type\":\"BreadcrumbList\",\"@id\":\"https:\/\/www.martinsdelima.com\/pt-pt\/experiencias-avaliacoes-desportistas\/#breadcrumb\",\"itemListElement\":[{\"@type\":\"ListItem\",\"position\":1,\"name\":\"P\u00e1gina inicial\",\"item\":\"https:\/\/www.martinsdelima.com\/pt-pt\/inicio\/\"},{\"@type\":\"ListItem\",\"position\":2,\"name\":\"Experi\u00eancias Avalia\u00e7\u00f5es Desportistas\"}]},{\"@type\":\"WebSite\",\"@id\":\"https:\/\/www.martinsdelima.com\/pt-pt\/#website\",\"url\":\"https:\/\/www.martinsdelima.com\/pt-pt\/\",\"name\":\"Martinsdelima\",\"description\":\"Forensic&amp;Finance\",\"publisher\":{\"@id\":\"https:\/\/www.martinsdelima.com\/pt-pt\/#organization\"},\"potentialAction\":[{\"@type\":\"SearchAction\",\"target\":{\"@type\":\"EntryPoint\",\"urlTemplate\":\"https:\/\/www.martinsdelima.com\/pt-pt\/?s={search_term_string}\"},\"query-input\":{\"@type\":\"PropertyValueSpecification\",\"valueRequired\":true,\"valueName\":\"search_term_string\"}}],\"inLanguage\":\"pt-PT\"},{\"@type\":\"Organization\",\"@id\":\"https:\/\/www.martinsdelima.com\/pt-pt\/#organization\",\"name\":\"Martinsdelima\",\"url\":\"https:\/\/www.martinsdelima.com\/pt-pt\/\",\"logo\":{\"@type\":\"ImageObject\",\"inLanguage\":\"pt-PT\",\"@id\":\"https:\/\/www.martinsdelima.com\/pt-pt\/#\/schema\/logo\/image\/\",\"url\":\"https:\/\/mligy6wbr5rs.i.optimole.com\/w:auto\/h:auto\/q:mauto\/f:best\/https:\/\/www.martinsdelima.com\/wp-content\/uploads\/2025\/10\/martinsdelima-letras-claras-horizontal.png\",\"contentUrl\":\"https:\/\/mligy6wbr5rs.i.optimole.com\/w:auto\/h:auto\/q:mauto\/f:best\/https:\/\/www.martinsdelima.com\/wp-content\/uploads\/2025\/10\/martinsdelima-letras-claras-horizontal.png\",\"width\":1315,\"height\":217,\"caption\":\"Martinsdelima\"},\"image\":{\"@id\":\"https:\/\/www.martinsdelima.com\/pt-pt\/#\/schema\/logo\/image\/\"}}]}<\/script>\n<!-- \/ Yoast SEO plugin. -->","yoast_head_json":{"title":"Experi\u00eancias Avalia\u00e7\u00f5es Desportistas - Martinsdelima","robots":{"index":"index","follow":"follow","max-snippet":"max-snippet:-1","max-image-preview":"max-image-preview:large","max-video-preview":"max-video-preview:-1"},"canonical":"https:\/\/www.martinsdelima.com\/pt-pt\/experiencias-avaliacoes-desportistas\/","og_locale":"pt_PT","og_type":"article","og_title":"Experi\u00eancias Avalia\u00e7\u00f5es Desportistas - Martinsdelima","og_description":"Experi\u00eanciasAvalia\u00e7\u00e3o de DesportistasAvalia\u00e7\u00e3o de dois futebolistas da primeira divis\u00e3o Um clube de primeiro n\u00edvel enfrentava um conflito devido \u00e0 interpreta\u00e7\u00e3o de um contrato de transmiss\u00e3o de direitos federativos e econ\u00f3micos, com especial foco no montante a ser reconhecido \u00e0 outra parte perante determinados cen\u00e1rios de transfer\u00eancia e oferta recebida. A [&hellip;]","og_url":"https:\/\/www.martinsdelima.com\/pt-pt\/experiencias-avaliacoes-desportistas\/","og_site_name":"Martinsdelima","article_modified_time":"2026-02-08T18:42:19+00:00","twitter_card":"summary_large_image","twitter_misc":{"Tempo estimado de leitura":"3 minutos"},"schema":{"@context":"https:\/\/schema.org","@graph":[{"@type":"WebPage","@id":"https:\/\/www.martinsdelima.com\/pt-pt\/experiencias-avaliacoes-desportistas\/","url":"https:\/\/www.martinsdelima.com\/pt-pt\/experiencias-avaliacoes-desportistas\/","name":"Experi\u00eancias Avalia\u00e7\u00f5es Desportistas - Martinsdelima","isPartOf":{"@id":"https:\/\/www.martinsdelima.com\/pt-pt\/#website"},"datePublished":"2026-01-17T11:27:00+00:00","dateModified":"2026-02-08T18:42:19+00:00","breadcrumb":{"@id":"https:\/\/www.martinsdelima.com\/pt-pt\/experiencias-avaliacoes-desportistas\/#breadcrumb"},"inLanguage":"pt-PT","potentialAction":[{"@type":"ReadAction","target":["https:\/\/www.martinsdelima.com\/pt-pt\/experiencias-avaliacoes-desportistas\/"]}]},{"@type":"BreadcrumbList","@id":"https:\/\/www.martinsdelima.com\/pt-pt\/experiencias-avaliacoes-desportistas\/#breadcrumb","itemListElement":[{"@type":"ListItem","position":1,"name":"P\u00e1gina inicial","item":"https:\/\/www.martinsdelima.com\/pt-pt\/inicio\/"},{"@type":"ListItem","position":2,"name":"Experi\u00eancias Avalia\u00e7\u00f5es Desportistas"}]},{"@type":"WebSite","@id":"https:\/\/www.martinsdelima.com\/pt-pt\/#website","url":"https:\/\/www.martinsdelima.com\/pt-pt\/","name":"Martinsdelima","description":"Forensic&amp;Finance","publisher":{"@id":"https:\/\/www.martinsdelima.com\/pt-pt\/#organization"},"potentialAction":[{"@type":"SearchAction","target":{"@type":"EntryPoint","urlTemplate":"https:\/\/www.martinsdelima.com\/pt-pt\/?s={search_term_string}"},"query-input":{"@type":"PropertyValueSpecification","valueRequired":true,"valueName":"search_term_string"}}],"inLanguage":"pt-PT"},{"@type":"Organization","@id":"https:\/\/www.martinsdelima.com\/pt-pt\/#organization","name":"Martinsdelima","url":"https:\/\/www.martinsdelima.com\/pt-pt\/","logo":{"@type":"ImageObject","inLanguage":"pt-PT","@id":"https:\/\/www.martinsdelima.com\/pt-pt\/#\/schema\/logo\/image\/","url":"https:\/\/mligy6wbr5rs.i.optimole.com\/w:auto\/h:auto\/q:mauto\/f:best\/https:\/\/www.martinsdelima.com\/wp-content\/uploads\/2025\/10\/martinsdelima-letras-claras-horizontal.png","contentUrl":"https:\/\/mligy6wbr5rs.i.optimole.com\/w:auto\/h:auto\/q:mauto\/f:best\/https:\/\/www.martinsdelima.com\/wp-content\/uploads\/2025\/10\/martinsdelima-letras-claras-horizontal.png","width":1315,"height":217,"caption":"Martinsdelima"},"image":{"@id":"https:\/\/www.martinsdelima.com\/pt-pt\/#\/schema\/logo\/image\/"}}]}},"_links":{"self":[{"href":"https:\/\/www.martinsdelima.com\/pt-pt\/wp-json\/wp\/v2\/pages\/10444","targetHints":{"allow":["GET"]}}],"collection":[{"href":"https:\/\/www.martinsdelima.com\/pt-pt\/wp-json\/wp\/v2\/pages"}],"about":[{"href":"https:\/\/www.martinsdelima.com\/pt-pt\/wp-json\/wp\/v2\/types\/page"}],"author":[{"embeddable":true,"href":"https:\/\/www.martinsdelima.com\/pt-pt\/wp-json\/wp\/v2\/users\/1"}],"replies":[{"embeddable":true,"href":"https:\/\/www.martinsdelima.com\/pt-pt\/wp-json\/wp\/v2\/comments?post=10444"}],"version-history":[{"count":1,"href":"https:\/\/www.martinsdelima.com\/pt-pt\/wp-json\/wp\/v2\/pages\/10444\/revisions"}],"predecessor-version":[{"id":10445,"href":"https:\/\/www.martinsdelima.com\/pt-pt\/wp-json\/wp\/v2\/pages\/10444\/revisions\/10445"}],"wp:attachment":[{"href":"https:\/\/www.martinsdelima.com\/pt-pt\/wp-json\/wp\/v2\/media?parent=10444"}],"curies":[{"name":"wp","href":"https:\/\/api.w.org\/{rel}","templated":true}]}}