{"id":10485,"date":"2026-01-13T12:19:35","date_gmt":"2026-01-13T12:19:35","guid":{"rendered":"https:\/\/www.martinsdelima.com\/experiencias-em-processos-de-concorrencia\/"},"modified":"2026-02-12T11:20:47","modified_gmt":"2026-02-12T11:20:47","slug":"experiencias-em-processos-de-concorrencia","status":"publish","type":"page","link":"https:\/\/www.martinsdelima.com\/pt-pt\/experiencias-em-processos-de-concorrencia\/","title":{"rendered":"Experi\u00eancias em processos de concorr\u00eancia"},"content":{"rendered":"\t\t<div data-elementor-type=\"wp-page\" data-elementor-id=\"10485\" class=\"elementor elementor-10485 elementor-8961\" data-elementor-post-type=\"page\">\n\t\t\t\t\t\t<section class=\"elementor-section elementor-top-section elementor-element elementor-element-8f0456b elementor-section-full_width elementor-section-stretched elementor-section-height-min-height elementor-section-height-default elementor-section-items-middle\" data-id=\"8f0456b\" data-element_type=\"section\" data-settings=\"{&quot;stretch_section&quot;:&quot;section-stretched&quot;,&quot;background_background&quot;:&quot;classic&quot;}\">\n\t\t\t\t\t\t\t<div class=\"elementor-background-overlay\"><\/div>\n\t\t\t\t\t\t\t<div class=\"elementor-container elementor-column-gap-default\">\n\t\t\t\t\t<div class=\"elementor-column elementor-col-100 elementor-top-column elementor-element elementor-element-3c69b29\" data-id=\"3c69b29\" data-element_type=\"column\">\n\t\t\t<div class=\"elementor-widget-wrap elementor-element-populated\">\n\t\t\t\t\t\t<div class=\"elementor-element elementor-element-585aa77 elementor-widget__width-initial elementor-widget elementor-widget-heading\" data-id=\"585aa77\" data-element_type=\"widget\" data-widget_type=\"heading.default\">\n\t\t\t\t<div class=\"elementor-widget-container\">\n\t\t\t\t\t<h2 class=\"elementor-heading-title elementor-size-default\"><b>Experi\u00eancias<\/b><br><b>An\u00e1lise de Processos<\/b><br>An\u00e1lise de processos perante a Comiss\u00e3o da Concorr\u00eancia e defesa na Audi\u00eancia Nacional<\/h2>\t\t\t\t<\/div>\n\t\t\t\t<\/div>\n\t\t\t\t\t<\/div>\n\t\t<\/div>\n\t\t\t\t\t<\/div>\n\t\t<\/section>\n\t\t\t\t<section class=\"elementor-section elementor-top-section elementor-element elementor-element-c9461eb elementor-section-boxed elementor-section-height-default elementor-section-height-default\" data-id=\"c9461eb\" data-element_type=\"section\">\n\t\t\t\t\t\t<div class=\"elementor-container elementor-column-gap-default\">\n\t\t\t\t\t<div class=\"elementor-column elementor-col-100 elementor-top-column elementor-element elementor-element-dc44822\" data-id=\"dc44822\" data-element_type=\"column\">\n\t\t\t<div class=\"elementor-widget-wrap elementor-element-populated\">\n\t\t\t\t\t\t<div class=\"elementor-element elementor-element-707e395 elementor-widget elementor-widget-text-editor\" data-id=\"707e395\" data-element_type=\"widget\" data-widget_type=\"text-editor.default\">\n\t\t\t\t<div class=\"elementor-widget-container\">\n\t\t\t\t\t\t\t\t\t<p>O caso partia de um processo sancionat\u00f3rio em que a autoridade da concorr\u00eancia investigava a poss\u00edvel exist\u00eancia de um&nbsp;<strong>cartel num mercado industrial<\/strong>. A controv\u00e9rsia girava, principalmente, em torno de se a din\u00e2mica comercial observada (especialmente em &nbsp;<strong>pre\u00e7os, descontos e adjudica\u00e7\u00e3o de projetos<\/strong>) era compat\u00edvel com um ambiente de&nbsp;<strong>livre concorr\u00eancia<\/strong>, ou se, pelo contr\u00e1rio, refletia coordena\u00e7\u00e3o entre operadores.<\/p>\n<p>Numa primeira fase, a martinsdelima elaborou um relat\u00f3rio econ\u00f3mico para a sua&nbsp;<strong>apresenta\u00e7\u00e3o perante a CNMC<\/strong>, centrado em submeter a prova (com evid\u00eancias quantitativas) os elementos que normalmente sustentam uma acusa\u00e7\u00e3o de cartel. O ponto de partida foi a an\u00e1lise da &nbsp;<strong>dispers\u00e3o de descontos<\/strong> e do seu comportamento, com o objetivo de discernir se os padr\u00f5es eram plaus\u00edveis sob concorr\u00eancia ou se podiam ser consistentes com um acordo. Al\u00e9m disso, avaliou-se a &nbsp;<strong>verosimilhan\u00e7a de uma suposta partilha de projetos<\/strong> e as&nbsp;<strong>caracter\u00edsticas competitivas dos intervenientes<\/strong> do setor.<\/p>\n<p>Ao mesmo tempo, o relat\u00f3rio abordou um aspeto chave para qualquer processo de concorr\u00eancia: delimitar o <strong>per\u00edmetro efetivamente afetado<\/strong>, tanto em termos de <strong>fatura\u00e7\u00e3o<\/strong> como de <strong>margens<\/strong>, e construir uma leitura econ\u00f3mica coerente de como se formam e negociam as condi\u00e7\u00f5es comerciais neste tipo de mercado (incluindo o papel de refer\u00eancias, cota\u00e7\u00f5es e descontos).<\/p>\n<p>Numa segunda fase, j\u00e1 em sede judicial, a martinsdelima preparou um relat\u00f3rio espec\u00edfico para a sua&nbsp;<strong>apresenta\u00e7\u00e3o perante a Audi\u00eancia Nacional<\/strong>, focado na an\u00e1lise cr\u00edtica da&nbsp;<strong>Resolu\u00e7\u00e3o do processo<\/strong>. Nesta etapa, o objetivo foi &nbsp;<strong>refutar e contrastar tecnicamente os argumentos essenciais da Resolu\u00e7\u00e3o<\/strong>, revendo se o racioc\u00ednio econ\u00f3mico era consistente e se a&nbsp;<strong>multa<\/strong> resultava&nbsp;<strong>adequada ou merecia corre\u00e7\u00e3o<\/strong> de um ponto de vista econ\u00f3mico-pericial.<\/p>\n<p>Al\u00e9m disso, em coer\u00eancia com a an\u00e1lise da conduta e dos seus poss\u00edveis efeitos, o trabalho incorporou uma revis\u00e3o orientada para identificar o <strong>poss\u00edvel sobrecusto<\/strong> e, quando aplic\u00e1vel, a sua <strong>eventual repercuss\u00e3o (pass-on) na cadeia de distribui\u00e7\u00e3o<\/strong>, com o prop\u00f3sito de contrastar a l\u00f3gica econ\u00f3mica do dano com a constru\u00e7\u00e3o do processo e a sua resolu\u00e7\u00e3o, sempre com uma abordagem pericial, verific\u00e1vel e defens\u00e1vel.<\/p>\n<p>Quanto \u00e0 metodologia aplicada, seguimos os seguintes passos:<\/p>\n<p><strong>(i) An\u00e1lise da concorr\u00eancia e teste de plausibilidade do cartel:<\/strong> avalia\u00e7\u00e3o da <strong>dispers\u00e3o de descontos<\/strong>, leitura da estrutura competitiva e contraste de hip\u00f3teses (concorr\u00eancia vs. coordena\u00e7\u00e3o), incluindo a <strong>verosimilhan\u00e7a da partilha de projetos<\/strong> e a an\u00e1lise de concorrentes.<\/p>\n<p><strong>(ii) Constru\u00e7\u00e3o de um cen\u00e1rio \u201csem conduta\u201d (contrafactual):<\/strong> estimativa de um <strong>pre\u00e7o razo\u00e1vel de mercado na aus\u00eancia do suposto cartel<\/strong>, apoiado em comparativos e na rela\u00e7\u00e3o entre pre\u00e7os, refer\u00eancias e principais custos.<\/p>\n<p><strong>(iii) Revis\u00e3o t\u00e9cnica da Resolu\u00e7\u00e3o e do c\u00e1lculo sancionat\u00f3rio:<\/strong> contraste de <strong>consist\u00eancia econ\u00f3mica,<\/strong> identifica\u00e7\u00e3o de <strong>pontos fracos<\/strong>\/controversos e avalia\u00e7\u00e3o de se a <strong>multa<\/strong> se sustenta com a l\u00f3gica econ\u00f3mica exposta.<\/p>\n<p><strong>(iv) Abordagem de rastreabilidade:<\/strong> hip\u00f3teses expl\u00edcitas, passos reproduz\u00edveis e argumenta\u00e7\u00e3o orientada para que a an\u00e1lise seja <strong>audit\u00e1vel<\/strong> por terceiros (autoridade, tribunal e contraperitos).<\/p>\n<p>O valor diferencial da martinsdelima neste assunto foi construir uma defesa baseada em&nbsp;<strong>economia aplicada e evid\u00eancia<\/strong>, n\u00e3o em afirma\u00e7\u00f5es gen\u00e9ricas:&nbsp;<strong>ordenamos o processo em quest\u00f5es econ\u00f3micas verific\u00e1veis<\/strong>, quantificamos o relevante (pre\u00e7os, descontos, per\u00edmetro, coer\u00eancia) e convertemos um caso complexo numa narrativa t\u00e9cnica clara, \u00fatil tanto para a&nbsp;<strong>fase administrativa (CNMC)<\/strong> como para a&nbsp;<strong>fase judicial (Audi\u00eancia Nacional)<\/strong>. O resultado foi um trabalho &nbsp;<strong>especialmente robusto e persuasivo<\/strong>: coerente na teoria econ\u00f3mica, consistente nos dados, e concebido para se sustentar sob escrut\u00ednio em procedimentos de alta exig\u00eancia.<\/p>\t\t\t\t\t\t\t\t<\/div>\n\t\t\t\t<\/div>\n\t\t\t\t\t<\/div>\n\t\t<\/div>\n\t\t\t\t\t<\/div>\n\t\t<\/section>\n\t\t\t\t<\/div>\n\t\t","protected":false},"excerpt":{"rendered":"<p>Experi\u00eanciasAn\u00e1lise de ProcessosAn\u00e1lise de processos perante a Comiss\u00e3o da Concorr\u00eancia e defesa na Audi\u00eancia Nacional O caso partia de um processo sancionat\u00f3rio em que a autoridade da concorr\u00eancia investigava a poss\u00edvel exist\u00eancia de um&nbsp;cartel num mercado industrial. A controv\u00e9rsia girava, principalmente, em torno de se a din\u00e2mica comercial observada (especialmente [&hellip;]<\/p>\n","protected":false},"author":1,"featured_media":0,"parent":0,"menu_order":0,"comment_status":"closed","ping_status":"closed","template":"page-templates\/template-pagebuilder-full-width.php","meta":{"footnotes":""},"class_list":["post-10485","page","type-page","status-publish","hentry"],"yoast_head":"<!-- This site is optimized with the Yoast SEO plugin v26.4 - https:\/\/yoast.com\/wordpress\/plugins\/seo\/ -->\n<title>Experi\u00eancias em processos de concorr\u00eancia - Martinsdelima<\/title>\n<meta name=\"robots\" content=\"index, follow, max-snippet:-1, max-image-preview:large, max-video-preview:-1\" \/>\n<link rel=\"canonical\" href=\"https:\/\/www.martinsdelima.com\/pt-pt\/experiencias-em-processos-de-concorrencia\/\" \/>\n<meta property=\"og:locale\" content=\"pt_PT\" \/>\n<meta property=\"og:type\" content=\"article\" \/>\n<meta property=\"og:title\" content=\"Experi\u00eancias em processos de concorr\u00eancia - Martinsdelima\" \/>\n<meta property=\"og:description\" content=\"Experi\u00eanciasAn\u00e1lise de ProcessosAn\u00e1lise de processos perante a Comiss\u00e3o da Concorr\u00eancia e defesa na Audi\u00eancia Nacional O caso partia de um processo sancionat\u00f3rio em que a autoridade da concorr\u00eancia investigava a poss\u00edvel exist\u00eancia de um&nbsp;cartel num mercado industrial. A controv\u00e9rsia girava, principalmente, em torno de se a din\u00e2mica comercial observada (especialmente [&hellip;]\" \/>\n<meta property=\"og:url\" content=\"https:\/\/www.martinsdelima.com\/pt-pt\/experiencias-em-processos-de-concorrencia\/\" \/>\n<meta property=\"og:site_name\" content=\"Martinsdelima\" \/>\n<meta property=\"article:modified_time\" content=\"2026-02-12T11:20:47+00:00\" \/>\n<meta name=\"twitter:card\" content=\"summary_large_image\" \/>\n<meta name=\"twitter:label1\" content=\"Tempo estimado de leitura\" \/>\n\t<meta name=\"twitter:data1\" content=\"3 minutos\" \/>\n<script type=\"application\/ld+json\" class=\"yoast-schema-graph\">{\"@context\":\"https:\/\/schema.org\",\"@graph\":[{\"@type\":\"WebPage\",\"@id\":\"https:\/\/www.martinsdelima.com\/pt-pt\/experiencias-em-processos-de-concorrencia\/\",\"url\":\"https:\/\/www.martinsdelima.com\/pt-pt\/experiencias-em-processos-de-concorrencia\/\",\"name\":\"Experi\u00eancias em processos de concorr\u00eancia - Martinsdelima\",\"isPartOf\":{\"@id\":\"https:\/\/www.martinsdelima.com\/pt-pt\/#website\"},\"datePublished\":\"2026-01-13T12:19:35+00:00\",\"dateModified\":\"2026-02-12T11:20:47+00:00\",\"breadcrumb\":{\"@id\":\"https:\/\/www.martinsdelima.com\/pt-pt\/experiencias-em-processos-de-concorrencia\/#breadcrumb\"},\"inLanguage\":\"pt-PT\",\"potentialAction\":[{\"@type\":\"ReadAction\",\"target\":[\"https:\/\/www.martinsdelima.com\/pt-pt\/experiencias-em-processos-de-concorrencia\/\"]}]},{\"@type\":\"BreadcrumbList\",\"@id\":\"https:\/\/www.martinsdelima.com\/pt-pt\/experiencias-em-processos-de-concorrencia\/#breadcrumb\",\"itemListElement\":[{\"@type\":\"ListItem\",\"position\":1,\"name\":\"P\u00e1gina inicial\",\"item\":\"https:\/\/www.martinsdelima.com\/pt-pt\/inicio\/\"},{\"@type\":\"ListItem\",\"position\":2,\"name\":\"Experi\u00eancias em processos de concorr\u00eancia\"}]},{\"@type\":\"WebSite\",\"@id\":\"https:\/\/www.martinsdelima.com\/pt-pt\/#website\",\"url\":\"https:\/\/www.martinsdelima.com\/pt-pt\/\",\"name\":\"Martinsdelima\",\"description\":\"Forensic&amp;Finance\",\"publisher\":{\"@id\":\"https:\/\/www.martinsdelima.com\/pt-pt\/#organization\"},\"potentialAction\":[{\"@type\":\"SearchAction\",\"target\":{\"@type\":\"EntryPoint\",\"urlTemplate\":\"https:\/\/www.martinsdelima.com\/pt-pt\/?s={search_term_string}\"},\"query-input\":{\"@type\":\"PropertyValueSpecification\",\"valueRequired\":true,\"valueName\":\"search_term_string\"}}],\"inLanguage\":\"pt-PT\"},{\"@type\":\"Organization\",\"@id\":\"https:\/\/www.martinsdelima.com\/pt-pt\/#organization\",\"name\":\"Martinsdelima\",\"url\":\"https:\/\/www.martinsdelima.com\/pt-pt\/\",\"logo\":{\"@type\":\"ImageObject\",\"inLanguage\":\"pt-PT\",\"@id\":\"https:\/\/www.martinsdelima.com\/pt-pt\/#\/schema\/logo\/image\/\",\"url\":\"https:\/\/mligy6wbr5rs.i.optimole.com\/w:auto\/h:auto\/q:mauto\/f:best\/https:\/\/www.martinsdelima.com\/wp-content\/uploads\/2025\/10\/martinsdelima-letras-claras-horizontal.png\",\"contentUrl\":\"https:\/\/mligy6wbr5rs.i.optimole.com\/w:auto\/h:auto\/q:mauto\/f:best\/https:\/\/www.martinsdelima.com\/wp-content\/uploads\/2025\/10\/martinsdelima-letras-claras-horizontal.png\",\"width\":1315,\"height\":217,\"caption\":\"Martinsdelima\"},\"image\":{\"@id\":\"https:\/\/www.martinsdelima.com\/pt-pt\/#\/schema\/logo\/image\/\"}}]}<\/script>\n<!-- \/ Yoast SEO plugin. -->","yoast_head_json":{"title":"Experi\u00eancias em processos de concorr\u00eancia - Martinsdelima","robots":{"index":"index","follow":"follow","max-snippet":"max-snippet:-1","max-image-preview":"max-image-preview:large","max-video-preview":"max-video-preview:-1"},"canonical":"https:\/\/www.martinsdelima.com\/pt-pt\/experiencias-em-processos-de-concorrencia\/","og_locale":"pt_PT","og_type":"article","og_title":"Experi\u00eancias em processos de concorr\u00eancia - Martinsdelima","og_description":"Experi\u00eanciasAn\u00e1lise de ProcessosAn\u00e1lise de processos perante a Comiss\u00e3o da Concorr\u00eancia e defesa na Audi\u00eancia Nacional O caso partia de um processo sancionat\u00f3rio em que a autoridade da concorr\u00eancia investigava a poss\u00edvel exist\u00eancia de um&nbsp;cartel num mercado industrial. A controv\u00e9rsia girava, principalmente, em torno de se a din\u00e2mica comercial observada (especialmente [&hellip;]","og_url":"https:\/\/www.martinsdelima.com\/pt-pt\/experiencias-em-processos-de-concorrencia\/","og_site_name":"Martinsdelima","article_modified_time":"2026-02-12T11:20:47+00:00","twitter_card":"summary_large_image","twitter_misc":{"Tempo estimado de leitura":"3 minutos"},"schema":{"@context":"https:\/\/schema.org","@graph":[{"@type":"WebPage","@id":"https:\/\/www.martinsdelima.com\/pt-pt\/experiencias-em-processos-de-concorrencia\/","url":"https:\/\/www.martinsdelima.com\/pt-pt\/experiencias-em-processos-de-concorrencia\/","name":"Experi\u00eancias em processos de concorr\u00eancia - Martinsdelima","isPartOf":{"@id":"https:\/\/www.martinsdelima.com\/pt-pt\/#website"},"datePublished":"2026-01-13T12:19:35+00:00","dateModified":"2026-02-12T11:20:47+00:00","breadcrumb":{"@id":"https:\/\/www.martinsdelima.com\/pt-pt\/experiencias-em-processos-de-concorrencia\/#breadcrumb"},"inLanguage":"pt-PT","potentialAction":[{"@type":"ReadAction","target":["https:\/\/www.martinsdelima.com\/pt-pt\/experiencias-em-processos-de-concorrencia\/"]}]},{"@type":"BreadcrumbList","@id":"https:\/\/www.martinsdelima.com\/pt-pt\/experiencias-em-processos-de-concorrencia\/#breadcrumb","itemListElement":[{"@type":"ListItem","position":1,"name":"P\u00e1gina inicial","item":"https:\/\/www.martinsdelima.com\/pt-pt\/inicio\/"},{"@type":"ListItem","position":2,"name":"Experi\u00eancias em processos de concorr\u00eancia"}]},{"@type":"WebSite","@id":"https:\/\/www.martinsdelima.com\/pt-pt\/#website","url":"https:\/\/www.martinsdelima.com\/pt-pt\/","name":"Martinsdelima","description":"Forensic&amp;Finance","publisher":{"@id":"https:\/\/www.martinsdelima.com\/pt-pt\/#organization"},"potentialAction":[{"@type":"SearchAction","target":{"@type":"EntryPoint","urlTemplate":"https:\/\/www.martinsdelima.com\/pt-pt\/?s={search_term_string}"},"query-input":{"@type":"PropertyValueSpecification","valueRequired":true,"valueName":"search_term_string"}}],"inLanguage":"pt-PT"},{"@type":"Organization","@id":"https:\/\/www.martinsdelima.com\/pt-pt\/#organization","name":"Martinsdelima","url":"https:\/\/www.martinsdelima.com\/pt-pt\/","logo":{"@type":"ImageObject","inLanguage":"pt-PT","@id":"https:\/\/www.martinsdelima.com\/pt-pt\/#\/schema\/logo\/image\/","url":"https:\/\/mligy6wbr5rs.i.optimole.com\/w:auto\/h:auto\/q:mauto\/f:best\/https:\/\/www.martinsdelima.com\/wp-content\/uploads\/2025\/10\/martinsdelima-letras-claras-horizontal.png","contentUrl":"https:\/\/mligy6wbr5rs.i.optimole.com\/w:auto\/h:auto\/q:mauto\/f:best\/https:\/\/www.martinsdelima.com\/wp-content\/uploads\/2025\/10\/martinsdelima-letras-claras-horizontal.png","width":1315,"height":217,"caption":"Martinsdelima"},"image":{"@id":"https:\/\/www.martinsdelima.com\/pt-pt\/#\/schema\/logo\/image\/"}}]}},"_links":{"self":[{"href":"https:\/\/www.martinsdelima.com\/pt-pt\/wp-json\/wp\/v2\/pages\/10485","targetHints":{"allow":["GET"]}}],"collection":[{"href":"https:\/\/www.martinsdelima.com\/pt-pt\/wp-json\/wp\/v2\/pages"}],"about":[{"href":"https:\/\/www.martinsdelima.com\/pt-pt\/wp-json\/wp\/v2\/types\/page"}],"author":[{"embeddable":true,"href":"https:\/\/www.martinsdelima.com\/pt-pt\/wp-json\/wp\/v2\/users\/1"}],"replies":[{"embeddable":true,"href":"https:\/\/www.martinsdelima.com\/pt-pt\/wp-json\/wp\/v2\/comments?post=10485"}],"version-history":[{"count":3,"href":"https:\/\/www.martinsdelima.com\/pt-pt\/wp-json\/wp\/v2\/pages\/10485\/revisions"}],"predecessor-version":[{"id":11860,"href":"https:\/\/www.martinsdelima.com\/pt-pt\/wp-json\/wp\/v2\/pages\/10485\/revisions\/11860"}],"wp:attachment":[{"href":"https:\/\/www.martinsdelima.com\/pt-pt\/wp-json\/wp\/v2\/media?parent=10485"}],"curies":[{"name":"wp","href":"https:\/\/api.w.org\/{rel}","templated":true}]}}