{"id":10517,"date":"2026-01-11T14:51:20","date_gmt":"2026-01-11T14:51:20","guid":{"rendered":"https:\/\/www.martinsdelima.com\/experiencias-relatorios-construcao\/"},"modified":"2026-02-08T18:46:18","modified_gmt":"2026-02-08T18:46:18","slug":"experiencias-relatorios-construcao","status":"publish","type":"page","link":"https:\/\/www.martinsdelima.com\/pt-pt\/experiencias-relatorios-construcao\/","title":{"rendered":"Experi\u00eancias Relat\u00f3rios constru\u00e7\u00e3o"},"content":{"rendered":"\t\t<div data-elementor-type=\"wp-page\" data-elementor-id=\"10517\" class=\"elementor elementor-10517 elementor-8831\" data-elementor-post-type=\"page\">\n\t\t\t\t\t\t<section class=\"elementor-section elementor-top-section elementor-element elementor-element-5861a17 elementor-section-full_width elementor-section-stretched elementor-section-height-min-height elementor-section-height-default elementor-section-items-middle\" data-id=\"5861a17\" data-element_type=\"section\" data-settings=\"{&quot;stretch_section&quot;:&quot;section-stretched&quot;,&quot;background_background&quot;:&quot;classic&quot;}\">\n\t\t\t\t\t\t\t<div class=\"elementor-background-overlay\"><\/div>\n\t\t\t\t\t\t\t<div class=\"elementor-container elementor-column-gap-default\">\n\t\t\t\t\t<div class=\"elementor-column elementor-col-100 elementor-top-column elementor-element elementor-element-ea42bdb\" data-id=\"ea42bdb\" data-element_type=\"column\">\n\t\t\t<div class=\"elementor-widget-wrap elementor-element-populated\">\n\t\t\t\t\t\t<div class=\"elementor-element elementor-element-8924fce elementor-widget elementor-widget-heading\" data-id=\"8924fce\" data-element_type=\"widget\" data-widget_type=\"heading.default\">\n\t\t\t\t<div class=\"elementor-widget-container\">\n\t\t\t\t\t<h2 class=\"elementor-heading-title elementor-size-default\"><b>Experi\u00eancias<\/b><br><b>Constru\u00e7\u00e3o<\/b><br>Relat\u00f3rio t\u00e9cnico em obra hoteleira sobre diagn\u00f3stico, rastreabilidade, quantifica\u00e7\u00e3o de danos e an\u00e1lise de atrasos<\/h2>\t\t\t\t<\/div>\n\t\t\t\t<\/div>\n\t\t\t\t\t<\/div>\n\t\t<\/div>\n\t\t\t\t\t<\/div>\n\t\t<\/section>\n\t\t\t\t<section class=\"elementor-section elementor-top-section elementor-element elementor-element-9dff6a0 elementor-section-boxed elementor-section-height-default elementor-section-height-default\" data-id=\"9dff6a0\" data-element_type=\"section\">\n\t\t\t\t\t\t<div class=\"elementor-container elementor-column-gap-default\">\n\t\t\t\t\t<div class=\"elementor-column elementor-col-100 elementor-top-column elementor-element elementor-element-c3e38d1\" data-id=\"c3e38d1\" data-element_type=\"column\">\n\t\t\t<div class=\"elementor-widget-wrap elementor-element-populated\">\n\t\t\t\t\t\t<div class=\"elementor-element elementor-element-78fa56c elementor-widget elementor-widget-text-editor\" data-id=\"78fa56c\" data-element_type=\"widget\" data-widget_type=\"text-editor.default\">\n\t\t\t\t<div class=\"elementor-widget-container\">\n\t\t\t\t\t\t\t\t\t<h6>Neste assunto, interviemos numa <strong>obra de constru\u00e7\u00e3o de um hotel em Tenerife<\/strong>, na qual a propriedade se confrontava com <strong>atrasos na entrega, defeitos de execu\u00e7\u00e3o e trabalhos contratados que n\u00e3o chegaram a ser executados<\/strong>. O nosso trabalho consistiu em fornecer uma vis\u00e3o externa, rigorosa e defens\u00e1vel para <strong>analisar tecnicamente os incumprimentos e o seu impacto<\/strong>, com uma abordagem objetiva e imparcial. <\/h6><h6>O trabalho foi estruturado desde o in\u00edcio para responder aos pontos cr\u00edticos do conflito: <strong>revis\u00e3o do contrato e do plano de execu\u00e7\u00e3o<\/strong>, <strong>an\u00e1lise temporal do avan\u00e7o real<\/strong> e <strong>verifica\u00e7\u00e3o t\u00e9cnica de trabalhos pendentes e\/ou defeituosos<\/strong>, incluindo a coer\u00eancia das penaliza\u00e7\u00f5es associadas ao incumprimento. Esta abordagem permitiu ordenar o caso com uma l\u00f3gica pericial clara: o que foi acordado, o que foi executado, o que n\u00e3o foi executado e o que foi necess\u00e1rio corrigir para garantir a entrada em funcionamento. <\/h6><h6>A partir da\u00ed, realiz\u00e1mos uma an\u00e1lise por sistemas e trabalhos, o que permitiu descer ao detalhe t\u00e9cnico sem perder a vis\u00e3o global. O relat\u00f3rio aborda \u00e1reas cr\u00edticas num ativo hoteleiro: <strong>instala\u00e7\u00f5es el\u00e9tricas (baixa e m\u00e9dia tens\u00e3o), instala\u00e7\u00f5es t\u00e9rmicas e canaliza\u00e7\u00e3o, prote\u00e7\u00e3o contra inc\u00eandios, constru\u00e7\u00e3o e acabamentos, redes e sistemas, controlo de obra e sistemas de gest\u00e3o do edif\u00edcio (BMS)<\/strong>, al\u00e9m do bloco de atrasos. Esta segmenta\u00e7\u00e3o foi fundamental para converter uma casu\u00edstica complexa num relato t\u00e9cnico verific\u00e1vel.  <\/h6><h6>Na constru\u00e7\u00e3o e acabamentos, por exemplo, foram documentadas <strong>infiltra\u00e7\u00f5es e humidades<\/strong>, problemas de <strong>impermeabiliza\u00e7\u00e3o<\/strong>, <strong>elementos<\/strong> de termina\u00e7\u00e3o <strong>mal executados<\/strong> e outras ocorr\u00eancias que afetavam o funcionamento e a habitabilidade. Em paralelo, foram identificadas quest\u00f5es especialmente sens\u00edveis por seguran\u00e7a, como defeitos que comprometiam <strong>sistemas de prote\u00e7\u00e3o contra inc\u00eandios<\/strong> e o correto funcionamento de instala\u00e7\u00f5es essenciais. <\/h6><h6>A metodologia combinou <strong>verifica\u00e7\u00e3o in situ<\/strong> (recolhendo evid\u00eancias visuais e contrastando a realidade construtiva), <strong>entrevistas t\u00e9cnicas com industriais e respons\u00e1veis pela obra<\/strong> e a an\u00e1lise de <strong>relat\u00f3rios espec\u00edficos<\/strong> elaborados por especialistas. Tudo isto foi integrado com um crit\u00e9rio pericial de rastreabilidade: cada ocorr\u00eancia \u00e9 vinculada ao seu suporte t\u00e9cnico e \u00e0 sua corrobora\u00e7\u00e3o no local. <\/h6><h6>Finalmente, para chegar a uma resolu\u00e7\u00e3o s\u00f3lida, em cada bloco foi contrastada a parte t\u00e9cnica com a documental, revendo sistematicamente as <strong>faturas e trabalhos executados por terceiros<\/strong> ap\u00f3s a substitui\u00e7\u00e3o do empreiteiro, de modo que o resultado n\u00e3o ficasse numa mera descri\u00e7\u00e3o de falhas, mas numa <strong>certifica\u00e7\u00e3o defens\u00e1vel do que teve de ser executado\/corrigido e porqu\u00ea<\/strong>. Esta combina\u00e7\u00e3o de <strong>diagn\u00f3stico t\u00e9cnico + evid\u00eancia + rastreabilidade documental<\/strong> \u00e9 o que permitiu transformar o caso numa conclus\u00e3o robusta e \u00fatil para a estrat\u00e9gia do procedimento. <\/h6>\t\t\t\t\t\t\t\t<\/div>\n\t\t\t\t<\/div>\n\t\t\t\t\t<\/div>\n\t\t<\/div>\n\t\t\t\t\t<\/div>\n\t\t<\/section>\n\t\t\t\t<\/div>\n\t\t","protected":false},"excerpt":{"rendered":"<p>Experi\u00eanciasConstru\u00e7\u00e3oRelat\u00f3rio t\u00e9cnico em obra hoteleira sobre diagn\u00f3stico, rastreabilidade, quantifica\u00e7\u00e3o de danos e an\u00e1lise de atrasos Neste assunto, interviemos numa obra de constru\u00e7\u00e3o de um hotel em Tenerife, na qual a propriedade se confrontava com atrasos na entrega, defeitos de execu\u00e7\u00e3o e trabalhos contratados que n\u00e3o chegaram a ser executados. O [&hellip;]<\/p>\n","protected":false},"author":1,"featured_media":0,"parent":0,"menu_order":0,"comment_status":"closed","ping_status":"closed","template":"page-templates\/template-pagebuilder-full-width.php","meta":{"footnotes":""},"class_list":["post-10517","page","type-page","status-publish","hentry"],"yoast_head":"<!-- This site is optimized with the Yoast SEO plugin v26.4 - https:\/\/yoast.com\/wordpress\/plugins\/seo\/ -->\n<title>Experi\u00eancias Relat\u00f3rios constru\u00e7\u00e3o - Martinsdelima<\/title>\n<meta name=\"robots\" content=\"index, follow, max-snippet:-1, max-image-preview:large, max-video-preview:-1\" \/>\n<link rel=\"canonical\" href=\"https:\/\/www.martinsdelima.com\/pt-pt\/experiencias-relatorios-construcao\/\" \/>\n<meta property=\"og:locale\" content=\"pt_PT\" \/>\n<meta property=\"og:type\" content=\"article\" \/>\n<meta property=\"og:title\" content=\"Experi\u00eancias Relat\u00f3rios constru\u00e7\u00e3o - Martinsdelima\" \/>\n<meta property=\"og:description\" content=\"Experi\u00eanciasConstru\u00e7\u00e3oRelat\u00f3rio t\u00e9cnico em obra hoteleira sobre diagn\u00f3stico, rastreabilidade, quantifica\u00e7\u00e3o de danos e an\u00e1lise de atrasos Neste assunto, interviemos numa obra de constru\u00e7\u00e3o de um hotel em Tenerife, na qual a propriedade se confrontava com atrasos na entrega, defeitos de execu\u00e7\u00e3o e trabalhos contratados que n\u00e3o chegaram a ser executados. O [&hellip;]\" \/>\n<meta property=\"og:url\" content=\"https:\/\/www.martinsdelima.com\/pt-pt\/experiencias-relatorios-construcao\/\" \/>\n<meta property=\"og:site_name\" content=\"Martinsdelima\" \/>\n<meta property=\"article:modified_time\" content=\"2026-02-08T18:46:18+00:00\" \/>\n<meta name=\"twitter:card\" content=\"summary_large_image\" \/>\n<meta name=\"twitter:label1\" content=\"Tempo estimado de leitura\" \/>\n\t<meta name=\"twitter:data1\" content=\"3 minutos\" \/>\n<script type=\"application\/ld+json\" class=\"yoast-schema-graph\">{\"@context\":\"https:\/\/schema.org\",\"@graph\":[{\"@type\":\"WebPage\",\"@id\":\"https:\/\/www.martinsdelima.com\/pt-pt\/experiencias-relatorios-construcao\/\",\"url\":\"https:\/\/www.martinsdelima.com\/pt-pt\/experiencias-relatorios-construcao\/\",\"name\":\"Experi\u00eancias Relat\u00f3rios constru\u00e7\u00e3o - Martinsdelima\",\"isPartOf\":{\"@id\":\"https:\/\/www.martinsdelima.com\/pt-pt\/#website\"},\"datePublished\":\"2026-01-11T14:51:20+00:00\",\"dateModified\":\"2026-02-08T18:46:18+00:00\",\"breadcrumb\":{\"@id\":\"https:\/\/www.martinsdelima.com\/pt-pt\/experiencias-relatorios-construcao\/#breadcrumb\"},\"inLanguage\":\"pt-PT\",\"potentialAction\":[{\"@type\":\"ReadAction\",\"target\":[\"https:\/\/www.martinsdelima.com\/pt-pt\/experiencias-relatorios-construcao\/\"]}]},{\"@type\":\"BreadcrumbList\",\"@id\":\"https:\/\/www.martinsdelima.com\/pt-pt\/experiencias-relatorios-construcao\/#breadcrumb\",\"itemListElement\":[{\"@type\":\"ListItem\",\"position\":1,\"name\":\"P\u00e1gina inicial\",\"item\":\"https:\/\/www.martinsdelima.com\/pt-pt\/inicio\/\"},{\"@type\":\"ListItem\",\"position\":2,\"name\":\"Experi\u00eancias Relat\u00f3rios constru\u00e7\u00e3o\"}]},{\"@type\":\"WebSite\",\"@id\":\"https:\/\/www.martinsdelima.com\/pt-pt\/#website\",\"url\":\"https:\/\/www.martinsdelima.com\/pt-pt\/\",\"name\":\"Martinsdelima\",\"description\":\"Forensic&amp;Finance\",\"publisher\":{\"@id\":\"https:\/\/www.martinsdelima.com\/pt-pt\/#organization\"},\"potentialAction\":[{\"@type\":\"SearchAction\",\"target\":{\"@type\":\"EntryPoint\",\"urlTemplate\":\"https:\/\/www.martinsdelima.com\/pt-pt\/?s={search_term_string}\"},\"query-input\":{\"@type\":\"PropertyValueSpecification\",\"valueRequired\":true,\"valueName\":\"search_term_string\"}}],\"inLanguage\":\"pt-PT\"},{\"@type\":\"Organization\",\"@id\":\"https:\/\/www.martinsdelima.com\/pt-pt\/#organization\",\"name\":\"Martinsdelima\",\"url\":\"https:\/\/www.martinsdelima.com\/pt-pt\/\",\"logo\":{\"@type\":\"ImageObject\",\"inLanguage\":\"pt-PT\",\"@id\":\"https:\/\/www.martinsdelima.com\/pt-pt\/#\/schema\/logo\/image\/\",\"url\":\"https:\/\/mligy6wbr5rs.i.optimole.com\/w:auto\/h:auto\/q:mauto\/f:best\/https:\/\/www.martinsdelima.com\/wp-content\/uploads\/2025\/10\/martinsdelima-letras-claras-horizontal.png\",\"contentUrl\":\"https:\/\/mligy6wbr5rs.i.optimole.com\/w:auto\/h:auto\/q:mauto\/f:best\/https:\/\/www.martinsdelima.com\/wp-content\/uploads\/2025\/10\/martinsdelima-letras-claras-horizontal.png\",\"width\":1315,\"height\":217,\"caption\":\"Martinsdelima\"},\"image\":{\"@id\":\"https:\/\/www.martinsdelima.com\/pt-pt\/#\/schema\/logo\/image\/\"}}]}<\/script>\n<!-- \/ Yoast SEO plugin. -->","yoast_head_json":{"title":"Experi\u00eancias Relat\u00f3rios constru\u00e7\u00e3o - Martinsdelima","robots":{"index":"index","follow":"follow","max-snippet":"max-snippet:-1","max-image-preview":"max-image-preview:large","max-video-preview":"max-video-preview:-1"},"canonical":"https:\/\/www.martinsdelima.com\/pt-pt\/experiencias-relatorios-construcao\/","og_locale":"pt_PT","og_type":"article","og_title":"Experi\u00eancias Relat\u00f3rios constru\u00e7\u00e3o - Martinsdelima","og_description":"Experi\u00eanciasConstru\u00e7\u00e3oRelat\u00f3rio t\u00e9cnico em obra hoteleira sobre diagn\u00f3stico, rastreabilidade, quantifica\u00e7\u00e3o de danos e an\u00e1lise de atrasos Neste assunto, interviemos numa obra de constru\u00e7\u00e3o de um hotel em Tenerife, na qual a propriedade se confrontava com atrasos na entrega, defeitos de execu\u00e7\u00e3o e trabalhos contratados que n\u00e3o chegaram a ser executados. O [&hellip;]","og_url":"https:\/\/www.martinsdelima.com\/pt-pt\/experiencias-relatorios-construcao\/","og_site_name":"Martinsdelima","article_modified_time":"2026-02-08T18:46:18+00:00","twitter_card":"summary_large_image","twitter_misc":{"Tempo estimado de leitura":"3 minutos"},"schema":{"@context":"https:\/\/schema.org","@graph":[{"@type":"WebPage","@id":"https:\/\/www.martinsdelima.com\/pt-pt\/experiencias-relatorios-construcao\/","url":"https:\/\/www.martinsdelima.com\/pt-pt\/experiencias-relatorios-construcao\/","name":"Experi\u00eancias Relat\u00f3rios constru\u00e7\u00e3o - Martinsdelima","isPartOf":{"@id":"https:\/\/www.martinsdelima.com\/pt-pt\/#website"},"datePublished":"2026-01-11T14:51:20+00:00","dateModified":"2026-02-08T18:46:18+00:00","breadcrumb":{"@id":"https:\/\/www.martinsdelima.com\/pt-pt\/experiencias-relatorios-construcao\/#breadcrumb"},"inLanguage":"pt-PT","potentialAction":[{"@type":"ReadAction","target":["https:\/\/www.martinsdelima.com\/pt-pt\/experiencias-relatorios-construcao\/"]}]},{"@type":"BreadcrumbList","@id":"https:\/\/www.martinsdelima.com\/pt-pt\/experiencias-relatorios-construcao\/#breadcrumb","itemListElement":[{"@type":"ListItem","position":1,"name":"P\u00e1gina inicial","item":"https:\/\/www.martinsdelima.com\/pt-pt\/inicio\/"},{"@type":"ListItem","position":2,"name":"Experi\u00eancias Relat\u00f3rios constru\u00e7\u00e3o"}]},{"@type":"WebSite","@id":"https:\/\/www.martinsdelima.com\/pt-pt\/#website","url":"https:\/\/www.martinsdelima.com\/pt-pt\/","name":"Martinsdelima","description":"Forensic&amp;Finance","publisher":{"@id":"https:\/\/www.martinsdelima.com\/pt-pt\/#organization"},"potentialAction":[{"@type":"SearchAction","target":{"@type":"EntryPoint","urlTemplate":"https:\/\/www.martinsdelima.com\/pt-pt\/?s={search_term_string}"},"query-input":{"@type":"PropertyValueSpecification","valueRequired":true,"valueName":"search_term_string"}}],"inLanguage":"pt-PT"},{"@type":"Organization","@id":"https:\/\/www.martinsdelima.com\/pt-pt\/#organization","name":"Martinsdelima","url":"https:\/\/www.martinsdelima.com\/pt-pt\/","logo":{"@type":"ImageObject","inLanguage":"pt-PT","@id":"https:\/\/www.martinsdelima.com\/pt-pt\/#\/schema\/logo\/image\/","url":"https:\/\/mligy6wbr5rs.i.optimole.com\/w:auto\/h:auto\/q:mauto\/f:best\/https:\/\/www.martinsdelima.com\/wp-content\/uploads\/2025\/10\/martinsdelima-letras-claras-horizontal.png","contentUrl":"https:\/\/mligy6wbr5rs.i.optimole.com\/w:auto\/h:auto\/q:mauto\/f:best\/https:\/\/www.martinsdelima.com\/wp-content\/uploads\/2025\/10\/martinsdelima-letras-claras-horizontal.png","width":1315,"height":217,"caption":"Martinsdelima"},"image":{"@id":"https:\/\/www.martinsdelima.com\/pt-pt\/#\/schema\/logo\/image\/"}}]}},"_links":{"self":[{"href":"https:\/\/www.martinsdelima.com\/pt-pt\/wp-json\/wp\/v2\/pages\/10517","targetHints":{"allow":["GET"]}}],"collection":[{"href":"https:\/\/www.martinsdelima.com\/pt-pt\/wp-json\/wp\/v2\/pages"}],"about":[{"href":"https:\/\/www.martinsdelima.com\/pt-pt\/wp-json\/wp\/v2\/types\/page"}],"author":[{"embeddable":true,"href":"https:\/\/www.martinsdelima.com\/pt-pt\/wp-json\/wp\/v2\/users\/1"}],"replies":[{"embeddable":true,"href":"https:\/\/www.martinsdelima.com\/pt-pt\/wp-json\/wp\/v2\/comments?post=10517"}],"version-history":[{"count":1,"href":"https:\/\/www.martinsdelima.com\/pt-pt\/wp-json\/wp\/v2\/pages\/10517\/revisions"}],"predecessor-version":[{"id":10518,"href":"https:\/\/www.martinsdelima.com\/pt-pt\/wp-json\/wp\/v2\/pages\/10517\/revisions\/10518"}],"wp:attachment":[{"href":"https:\/\/www.martinsdelima.com\/pt-pt\/wp-json\/wp\/v2\/media?parent=10517"}],"curies":[{"name":"wp","href":"https:\/\/api.w.org\/{rel}","templated":true}]}}