{"id":10542,"date":"2026-01-10T09:29:45","date_gmt":"2026-01-10T09:29:45","guid":{"rendered":"https:\/\/www.martinsdelima.com\/experiencias-relatorios-laborais-informaticos\/"},"modified":"2026-02-08T18:47:24","modified_gmt":"2026-02-08T18:47:24","slug":"experiencias-relatorios-laborais-informaticos","status":"publish","type":"page","link":"https:\/\/www.martinsdelima.com\/pt-pt\/experiencias-relatorios-laborais-informaticos\/","title":{"rendered":"Experi\u00eancias Relat\u00f3rios laborais inform\u00e1ticos"},"content":{"rendered":"\t\t<div data-elementor-type=\"wp-page\" data-elementor-id=\"10542\" class=\"elementor elementor-10542 elementor-8678\" data-elementor-post-type=\"page\">\n\t\t\t\t\t\t<section class=\"elementor-section elementor-top-section elementor-element elementor-element-5861a17 elementor-section-full_width elementor-section-stretched elementor-section-height-min-height elementor-section-height-default elementor-section-items-middle\" data-id=\"5861a17\" data-element_type=\"section\" data-settings=\"{&quot;stretch_section&quot;:&quot;section-stretched&quot;,&quot;background_background&quot;:&quot;classic&quot;}\">\n\t\t\t\t\t\t\t<div class=\"elementor-background-overlay\"><\/div>\n\t\t\t\t\t\t\t<div class=\"elementor-container elementor-column-gap-default\">\n\t\t\t\t\t<div class=\"elementor-column elementor-col-100 elementor-top-column elementor-element elementor-element-ea42bdb\" data-id=\"ea42bdb\" data-element_type=\"column\">\n\t\t\t<div class=\"elementor-widget-wrap elementor-element-populated\">\n\t\t\t\t\t\t<div class=\"elementor-element elementor-element-8924fce elementor-widget elementor-widget-heading\" data-id=\"8924fce\" data-element_type=\"widget\" data-widget_type=\"heading.default\">\n\t\t\t\t<div class=\"elementor-widget-container\">\n\t\t\t\t\t<h2 class=\"elementor-heading-title elementor-size-default\"><b>Experi\u00eancias<br>Laborais Inform\u00e1ticos<\/b><br>Autentica\u00e7\u00e3o forense de e-mails num processo laboral com informa\u00e7\u00e3o confidencial<\/h2>\t\t\t\t<\/div>\n\t\t\t\t<\/div>\n\t\t\t\t\t<\/div>\n\t\t<\/div>\n\t\t\t\t\t<\/div>\n\t\t<\/section>\n\t\t\t\t<section class=\"elementor-section elementor-top-section elementor-element elementor-element-9dff6a0 elementor-section-boxed elementor-section-height-default elementor-section-height-default\" data-id=\"9dff6a0\" data-element_type=\"section\">\n\t\t\t\t\t\t<div class=\"elementor-container elementor-column-gap-default\">\n\t\t\t\t\t<div class=\"elementor-column elementor-col-100 elementor-top-column elementor-element elementor-element-c3e38d1\" data-id=\"c3e38d1\" data-element_type=\"column\">\n\t\t\t<div class=\"elementor-widget-wrap elementor-element-populated\">\n\t\t\t\t\t\t<div class=\"elementor-element elementor-element-78fa56c elementor-widget elementor-widget-text-editor\" data-id=\"78fa56c\" data-element_type=\"widget\" data-widget_type=\"text-editor.default\">\n\t\t\t\t<div class=\"elementor-widget-container\">\n\t\t\t\t\t\t\t\t\t<h6>Neste caso, uma organiza\u00e7\u00e3o necessitava de transformar um conjunto de comunica\u00e7\u00f5es digitais em <strong>prova pericial s\u00f3lida<\/strong> para um processo laboral, com um objetivo claro: <strong>garantir a autenticidade<\/strong> dos e-mails analisados e poder sustentar conclus\u00f5es t\u00e9cnicas sem depender de simples capturas ou exporta\u00e7\u00f5es sem controlo forense.<\/h6><h6>O ponto de partida foi especialmente sens\u00edvel: detetou-se que, a partir de uma conta corporativa, tinham sido enviados <strong>v\u00e1rios e-mails de \u00e2mbito confidencial<\/strong> para uma conta particular <strong>na mesma data concreta<\/strong>, dentro de um intervalo de tempo relevante para o processo. Isto <strong>exigia uma an\u00e1lise que comprovasse n\u00e3o s\u00f3 o \u201cqu\u00ea\u201d, mas o \u201ccomo\u201d e o \u201cporqu\u00ea\u201d do ponto de vista t\u00e9cnico.<\/strong> <\/h6><h6>A necessidade pericial era dupla:<\/h6><h6>(1) confirmar que esses e-mails <strong>foram efetivamente enviados\/recebidos<\/strong> e<\/h6><h6>(2) demonstrar que <strong>n\u00e3o tinham sido modificados<\/strong>, incluindo tamb\u00e9m <strong>todo o conte\u00fado anexo<\/strong>.<\/h6><h6>Al\u00e9m disso, devia ser apresentado o <strong>conte\u00fado integral<\/strong> para revis\u00e3o independente, refor\u00e7ando a transpar\u00eancia e a verificabilidade do trabalho.<\/h6><h6>A partir da\u00ed, a an\u00e1lise n\u00e3o se limitou a um \u201clote fechado\u201d: documentou-se que existiam <strong>dezenas de e-mails adicionais<\/strong> trocados entre a conta corporativa e a pessoal, e o trabalho foi ampliado com <strong>pesquisas cegas<\/strong>, estendendo o intervalo de datas <strong>para detetar e verificar comunica\u00e7\u00f5es relacionadas<\/strong>, incorporando-as para avalia\u00e7\u00e3o com a sua autenticidade comprovada.<\/h6><h6>Na martinsdelima aplicamos uma metodologia concebida para que cada conclus\u00e3o fosse <strong>rastre\u00e1vel, reproduz\u00edvel e defens\u00e1vel<\/strong>: realizamos <strong>aquisi\u00e7\u00e3o forense<\/strong>, assegurando a <strong>n\u00e3o modifica\u00e7\u00e3o de bases de dados, cabe\u00e7alhos e conte\u00fados<\/strong>, e estudando metadados em laborat\u00f3rio com ferramentas forenses (p. ex., <strong>Autopsy, X-Ways e EnCase<\/strong>). O cerne t\u00e9cnico do relat\u00f3rio foi a an\u00e1lise de <strong>cabe\u00e7alhos<\/strong> (leitura cronol\u00f3gica de baixo para cima) e campos cr\u00edticos como <strong>Message-ID<\/strong> e <strong>Received<\/strong>, complementada com valida\u00e7\u00f5es de proveni\u00eancia\/destino mediante consulta do titular de IP p\u00fablicas em <strong>RIPE<\/strong>, e verifica\u00e7\u00f5es adicionais com ferramentas como <strong>WinHex<\/strong> e OsForensics para descartar manipula\u00e7\u00f5es em e-mails e anexos.  <\/h6><h6>O resultado foi excelente porque encerrou o debate t\u00e9cnico: concluiu-se que os e-mails periciados eram <strong>reais<\/strong> e que <strong>o seu conte\u00fado n\u00e3o tinha sido alterado<\/strong> (nem datas, nem servidores de envio\/rece\u00e7\u00e3o), <strong>reiterando a N\u00c3O manipula\u00e7\u00e3o<\/strong> e apresentando o conte\u00fado reproduzido e a sua vers\u00e3o original para revis\u00e3o. Na pr\u00e1tica, isto permitiu passar de uma suspeita a uma <strong>evid\u00eancia t\u00e9cnica robusta<\/strong>, minimizando a margem de impugna\u00e7\u00e3o e conferindo ao processo uma base probat\u00f3ria de m\u00e1xima qualidade. <\/h6>\t\t\t\t\t\t\t\t<\/div>\n\t\t\t\t<\/div>\n\t\t\t\t\t<\/div>\n\t\t<\/div>\n\t\t\t\t\t<\/div>\n\t\t<\/section>\n\t\t\t\t<\/div>\n\t\t","protected":false},"excerpt":{"rendered":"<p>Experi\u00eanciasLaborais Inform\u00e1ticosAutentica\u00e7\u00e3o forense de e-mails num processo laboral com informa\u00e7\u00e3o confidencial Neste caso, uma organiza\u00e7\u00e3o necessitava de transformar um conjunto de comunica\u00e7\u00f5es digitais em prova pericial s\u00f3lida para um processo laboral, com um objetivo claro: garantir a autenticidade dos e-mails analisados e poder sustentar conclus\u00f5es t\u00e9cnicas sem depender de simples [&hellip;]<\/p>\n","protected":false},"author":1,"featured_media":0,"parent":0,"menu_order":0,"comment_status":"closed","ping_status":"closed","template":"page-templates\/template-pagebuilder-full-width.php","meta":{"footnotes":""},"class_list":["post-10542","page","type-page","status-publish","hentry"],"yoast_head":"<!-- This site is optimized with the Yoast SEO plugin v26.4 - https:\/\/yoast.com\/wordpress\/plugins\/seo\/ -->\n<title>Experi\u00eancias Relat\u00f3rios laborais inform\u00e1ticos - Martinsdelima<\/title>\n<meta name=\"robots\" content=\"index, follow, max-snippet:-1, max-image-preview:large, max-video-preview:-1\" \/>\n<link rel=\"canonical\" href=\"https:\/\/www.martinsdelima.com\/pt-pt\/experiencias-relatorios-laborais-informaticos\/\" \/>\n<meta property=\"og:locale\" content=\"pt_PT\" \/>\n<meta property=\"og:type\" content=\"article\" \/>\n<meta property=\"og:title\" content=\"Experi\u00eancias Relat\u00f3rios laborais inform\u00e1ticos - Martinsdelima\" \/>\n<meta property=\"og:description\" content=\"Experi\u00eanciasLaborais Inform\u00e1ticosAutentica\u00e7\u00e3o forense de e-mails num processo laboral com informa\u00e7\u00e3o confidencial Neste caso, uma organiza\u00e7\u00e3o necessitava de transformar um conjunto de comunica\u00e7\u00f5es digitais em prova pericial s\u00f3lida para um processo laboral, com um objetivo claro: garantir a autenticidade dos e-mails analisados e poder sustentar conclus\u00f5es t\u00e9cnicas sem depender de simples [&hellip;]\" \/>\n<meta property=\"og:url\" content=\"https:\/\/www.martinsdelima.com\/pt-pt\/experiencias-relatorios-laborais-informaticos\/\" \/>\n<meta property=\"og:site_name\" content=\"Martinsdelima\" \/>\n<meta property=\"article:modified_time\" content=\"2026-02-08T18:47:24+00:00\" \/>\n<meta name=\"twitter:card\" content=\"summary_large_image\" \/>\n<meta name=\"twitter:label1\" content=\"Tempo estimado de leitura\" \/>\n\t<meta name=\"twitter:data1\" content=\"2 minutos\" \/>\n<script type=\"application\/ld+json\" class=\"yoast-schema-graph\">{\"@context\":\"https:\/\/schema.org\",\"@graph\":[{\"@type\":\"WebPage\",\"@id\":\"https:\/\/www.martinsdelima.com\/pt-pt\/experiencias-relatorios-laborais-informaticos\/\",\"url\":\"https:\/\/www.martinsdelima.com\/pt-pt\/experiencias-relatorios-laborais-informaticos\/\",\"name\":\"Experi\u00eancias Relat\u00f3rios laborais inform\u00e1ticos - Martinsdelima\",\"isPartOf\":{\"@id\":\"https:\/\/www.martinsdelima.com\/pt-pt\/#website\"},\"datePublished\":\"2026-01-10T09:29:45+00:00\",\"dateModified\":\"2026-02-08T18:47:24+00:00\",\"breadcrumb\":{\"@id\":\"https:\/\/www.martinsdelima.com\/pt-pt\/experiencias-relatorios-laborais-informaticos\/#breadcrumb\"},\"inLanguage\":\"pt-PT\",\"potentialAction\":[{\"@type\":\"ReadAction\",\"target\":[\"https:\/\/www.martinsdelima.com\/pt-pt\/experiencias-relatorios-laborais-informaticos\/\"]}]},{\"@type\":\"BreadcrumbList\",\"@id\":\"https:\/\/www.martinsdelima.com\/pt-pt\/experiencias-relatorios-laborais-informaticos\/#breadcrumb\",\"itemListElement\":[{\"@type\":\"ListItem\",\"position\":1,\"name\":\"P\u00e1gina inicial\",\"item\":\"https:\/\/www.martinsdelima.com\/pt-pt\/inicio\/\"},{\"@type\":\"ListItem\",\"position\":2,\"name\":\"Experi\u00eancias Relat\u00f3rios laborais inform\u00e1ticos\"}]},{\"@type\":\"WebSite\",\"@id\":\"https:\/\/www.martinsdelima.com\/pt-pt\/#website\",\"url\":\"https:\/\/www.martinsdelima.com\/pt-pt\/\",\"name\":\"Martinsdelima\",\"description\":\"Forensic&amp;Finance\",\"publisher\":{\"@id\":\"https:\/\/www.martinsdelima.com\/pt-pt\/#organization\"},\"potentialAction\":[{\"@type\":\"SearchAction\",\"target\":{\"@type\":\"EntryPoint\",\"urlTemplate\":\"https:\/\/www.martinsdelima.com\/pt-pt\/?s={search_term_string}\"},\"query-input\":{\"@type\":\"PropertyValueSpecification\",\"valueRequired\":true,\"valueName\":\"search_term_string\"}}],\"inLanguage\":\"pt-PT\"},{\"@type\":\"Organization\",\"@id\":\"https:\/\/www.martinsdelima.com\/pt-pt\/#organization\",\"name\":\"Martinsdelima\",\"url\":\"https:\/\/www.martinsdelima.com\/pt-pt\/\",\"logo\":{\"@type\":\"ImageObject\",\"inLanguage\":\"pt-PT\",\"@id\":\"https:\/\/www.martinsdelima.com\/pt-pt\/#\/schema\/logo\/image\/\",\"url\":\"https:\/\/mligy6wbr5rs.i.optimole.com\/w:auto\/h:auto\/q:mauto\/f:best\/https:\/\/www.martinsdelima.com\/wp-content\/uploads\/2025\/10\/martinsdelima-letras-claras-horizontal.png\",\"contentUrl\":\"https:\/\/mligy6wbr5rs.i.optimole.com\/w:auto\/h:auto\/q:mauto\/f:best\/https:\/\/www.martinsdelima.com\/wp-content\/uploads\/2025\/10\/martinsdelima-letras-claras-horizontal.png\",\"width\":1315,\"height\":217,\"caption\":\"Martinsdelima\"},\"image\":{\"@id\":\"https:\/\/www.martinsdelima.com\/pt-pt\/#\/schema\/logo\/image\/\"}}]}<\/script>\n<!-- \/ Yoast SEO plugin. -->","yoast_head_json":{"title":"Experi\u00eancias Relat\u00f3rios laborais inform\u00e1ticos - Martinsdelima","robots":{"index":"index","follow":"follow","max-snippet":"max-snippet:-1","max-image-preview":"max-image-preview:large","max-video-preview":"max-video-preview:-1"},"canonical":"https:\/\/www.martinsdelima.com\/pt-pt\/experiencias-relatorios-laborais-informaticos\/","og_locale":"pt_PT","og_type":"article","og_title":"Experi\u00eancias Relat\u00f3rios laborais inform\u00e1ticos - Martinsdelima","og_description":"Experi\u00eanciasLaborais Inform\u00e1ticosAutentica\u00e7\u00e3o forense de e-mails num processo laboral com informa\u00e7\u00e3o confidencial Neste caso, uma organiza\u00e7\u00e3o necessitava de transformar um conjunto de comunica\u00e7\u00f5es digitais em prova pericial s\u00f3lida para um processo laboral, com um objetivo claro: garantir a autenticidade dos e-mails analisados e poder sustentar conclus\u00f5es t\u00e9cnicas sem depender de simples [&hellip;]","og_url":"https:\/\/www.martinsdelima.com\/pt-pt\/experiencias-relatorios-laborais-informaticos\/","og_site_name":"Martinsdelima","article_modified_time":"2026-02-08T18:47:24+00:00","twitter_card":"summary_large_image","twitter_misc":{"Tempo estimado de leitura":"2 minutos"},"schema":{"@context":"https:\/\/schema.org","@graph":[{"@type":"WebPage","@id":"https:\/\/www.martinsdelima.com\/pt-pt\/experiencias-relatorios-laborais-informaticos\/","url":"https:\/\/www.martinsdelima.com\/pt-pt\/experiencias-relatorios-laborais-informaticos\/","name":"Experi\u00eancias Relat\u00f3rios laborais inform\u00e1ticos - Martinsdelima","isPartOf":{"@id":"https:\/\/www.martinsdelima.com\/pt-pt\/#website"},"datePublished":"2026-01-10T09:29:45+00:00","dateModified":"2026-02-08T18:47:24+00:00","breadcrumb":{"@id":"https:\/\/www.martinsdelima.com\/pt-pt\/experiencias-relatorios-laborais-informaticos\/#breadcrumb"},"inLanguage":"pt-PT","potentialAction":[{"@type":"ReadAction","target":["https:\/\/www.martinsdelima.com\/pt-pt\/experiencias-relatorios-laborais-informaticos\/"]}]},{"@type":"BreadcrumbList","@id":"https:\/\/www.martinsdelima.com\/pt-pt\/experiencias-relatorios-laborais-informaticos\/#breadcrumb","itemListElement":[{"@type":"ListItem","position":1,"name":"P\u00e1gina inicial","item":"https:\/\/www.martinsdelima.com\/pt-pt\/inicio\/"},{"@type":"ListItem","position":2,"name":"Experi\u00eancias Relat\u00f3rios laborais inform\u00e1ticos"}]},{"@type":"WebSite","@id":"https:\/\/www.martinsdelima.com\/pt-pt\/#website","url":"https:\/\/www.martinsdelima.com\/pt-pt\/","name":"Martinsdelima","description":"Forensic&amp;Finance","publisher":{"@id":"https:\/\/www.martinsdelima.com\/pt-pt\/#organization"},"potentialAction":[{"@type":"SearchAction","target":{"@type":"EntryPoint","urlTemplate":"https:\/\/www.martinsdelima.com\/pt-pt\/?s={search_term_string}"},"query-input":{"@type":"PropertyValueSpecification","valueRequired":true,"valueName":"search_term_string"}}],"inLanguage":"pt-PT"},{"@type":"Organization","@id":"https:\/\/www.martinsdelima.com\/pt-pt\/#organization","name":"Martinsdelima","url":"https:\/\/www.martinsdelima.com\/pt-pt\/","logo":{"@type":"ImageObject","inLanguage":"pt-PT","@id":"https:\/\/www.martinsdelima.com\/pt-pt\/#\/schema\/logo\/image\/","url":"https:\/\/mligy6wbr5rs.i.optimole.com\/w:auto\/h:auto\/q:mauto\/f:best\/https:\/\/www.martinsdelima.com\/wp-content\/uploads\/2025\/10\/martinsdelima-letras-claras-horizontal.png","contentUrl":"https:\/\/mligy6wbr5rs.i.optimole.com\/w:auto\/h:auto\/q:mauto\/f:best\/https:\/\/www.martinsdelima.com\/wp-content\/uploads\/2025\/10\/martinsdelima-letras-claras-horizontal.png","width":1315,"height":217,"caption":"Martinsdelima"},"image":{"@id":"https:\/\/www.martinsdelima.com\/pt-pt\/#\/schema\/logo\/image\/"}}]}},"_links":{"self":[{"href":"https:\/\/www.martinsdelima.com\/pt-pt\/wp-json\/wp\/v2\/pages\/10542","targetHints":{"allow":["GET"]}}],"collection":[{"href":"https:\/\/www.martinsdelima.com\/pt-pt\/wp-json\/wp\/v2\/pages"}],"about":[{"href":"https:\/\/www.martinsdelima.com\/pt-pt\/wp-json\/wp\/v2\/types\/page"}],"author":[{"embeddable":true,"href":"https:\/\/www.martinsdelima.com\/pt-pt\/wp-json\/wp\/v2\/users\/1"}],"replies":[{"embeddable":true,"href":"https:\/\/www.martinsdelima.com\/pt-pt\/wp-json\/wp\/v2\/comments?post=10542"}],"version-history":[{"count":1,"href":"https:\/\/www.martinsdelima.com\/pt-pt\/wp-json\/wp\/v2\/pages\/10542\/revisions"}],"predecessor-version":[{"id":10543,"href":"https:\/\/www.martinsdelima.com\/pt-pt\/wp-json\/wp\/v2\/pages\/10542\/revisions\/10543"}],"wp:attachment":[{"href":"https:\/\/www.martinsdelima.com\/pt-pt\/wp-json\/wp\/v2\/media?parent=10542"}],"curies":[{"name":"wp","href":"https:\/\/api.w.org\/{rel}","templated":true}]}}