{"id":10552,"date":"2026-01-10T08:54:35","date_gmt":"2026-01-10T08:54:35","guid":{"rendered":"https:\/\/www.martinsdelima.com\/experiencias-relatorios-mscts\/"},"modified":"2026-02-08T18:47:45","modified_gmt":"2026-02-08T18:47:45","slug":"experiencias-relatorios-mscts","status":"publish","type":"page","link":"https:\/\/www.martinsdelima.com\/pt-pt\/experiencias-relatorios-mscts\/","title":{"rendered":"Experi\u00eancias Relat\u00f3rios MSCTS"},"content":{"rendered":"\t\t<div data-elementor-type=\"wp-page\" data-elementor-id=\"10552\" class=\"elementor elementor-10552 elementor-8656\" data-elementor-post-type=\"page\">\n\t\t\t\t\t\t<section class=\"elementor-section elementor-top-section elementor-element elementor-element-5861a17 elementor-section-full_width elementor-section-stretched elementor-section-height-min-height elementor-section-height-default elementor-section-items-middle\" data-id=\"5861a17\" data-element_type=\"section\" data-settings=\"{&quot;stretch_section&quot;:&quot;section-stretched&quot;,&quot;background_background&quot;:&quot;classic&quot;}\">\n\t\t\t\t\t\t\t<div class=\"elementor-background-overlay\"><\/div>\n\t\t\t\t\t\t\t<div class=\"elementor-container elementor-column-gap-default\">\n\t\t\t\t\t<div class=\"elementor-column elementor-col-100 elementor-top-column elementor-element elementor-element-ea42bdb\" data-id=\"ea42bdb\" data-element_type=\"column\">\n\t\t\t<div class=\"elementor-widget-wrap elementor-element-populated\">\n\t\t\t\t\t\t<div class=\"elementor-element elementor-element-8924fce elementor-widget__width-initial elementor-widget-mobile__width-initial elementor-widget elementor-widget-heading\" data-id=\"8924fce\" data-element_type=\"widget\" data-widget_type=\"heading.default\">\n\t\t\t\t<div class=\"elementor-widget-container\">\n\t\t\t\t\t<h2 class=\"elementor-heading-title elementor-size-default\"><b>Experi\u00eancias<br>MSCTs (Modifica\u00e7\u00f5es Substanciais das Condi\u00e7\u00f5es de Trabalho)<\/b><br>MSCT e Reorganiza\u00e7\u00e3o produtiva numa companhia industrial com dois centros de trabalho<\/h2>\t\t\t\t<\/div>\n\t\t\t\t<\/div>\n\t\t\t\t\t<\/div>\n\t\t<\/div>\n\t\t\t\t\t<\/div>\n\t\t<\/section>\n\t\t\t\t<section class=\"elementor-section elementor-top-section elementor-element elementor-element-9dff6a0 elementor-section-boxed elementor-section-height-default elementor-section-height-default\" data-id=\"9dff6a0\" data-element_type=\"section\">\n\t\t\t\t\t\t<div class=\"elementor-container elementor-column-gap-default\">\n\t\t\t\t\t<div class=\"elementor-column elementor-col-100 elementor-top-column elementor-element elementor-element-c3e38d1\" data-id=\"c3e38d1\" data-element_type=\"column\">\n\t\t\t<div class=\"elementor-widget-wrap elementor-element-populated\">\n\t\t\t\t\t\t<div class=\"elementor-element elementor-element-78fa56c elementor-widget elementor-widget-text-editor\" data-id=\"78fa56c\" data-element_type=\"widget\" data-widget_type=\"text-editor.default\">\n\t\t\t\t<div class=\"elementor-widget-container\">\n\t\t\t\t\t\t\t\t\t<h6>A companhia (industrial, com <strong>dois centros de trabalho muito pr\u00f3ximos entre si<\/strong>) prestava servi\u00e7os de <strong>lavandaria industrial e gest\u00e3o de uniformidade laboral<\/strong>, com processos especialmente exigentes em rastreabilidade e controlo de pe\u00e7as de vestu\u00e1rio para setores como o hoteleiro, sanit\u00e1rio e sociossanit\u00e1rio. Num contexto de resultados econ\u00f3micos negativos recorrentes, a dire\u00e7\u00e3o necessitava de uma solu\u00e7\u00e3o <strong>realista e defens\u00e1vel<\/strong> para assegurar a viabilidade da atividade e evitar cen\u00e1rios de encerramento de centro ou deteriora\u00e7\u00e3o financeira. <\/h6><h6>O ponto de partida era uma opera\u00e7\u00e3o complexa: al\u00e9m da lavagem, existia um <strong>sistema de rastreabilidade<\/strong> (chip\/c\u00f3digo de barras) que exigia <strong>ordena\u00e7\u00e3o de fluxos, controlo de expedi\u00e7\u00e3o e coordena\u00e7\u00e3o com o cliente<\/strong> final. Esta realidade fazia com que qualquer altera\u00e7\u00e3o organizativa tivesse de estar <strong>muito bem planeada<\/strong> para n\u00e3o afetar a qualidade do servi\u00e7o nem a produtividade. <\/h6><h6>Em paralelo, tinha sido executado um <strong>investimento importante<\/strong> num dos centros para ampliar a capacidade produtiva mediante a instala\u00e7\u00e3o de um sistema de uniformidade hospitalar (equipamento e automatiza\u00e7\u00e3o). Esse investimento abria uma oportunidade clara: <strong>especializar cada centro numa atividade principal<\/strong> para <strong>ganhar efici\u00eancia, eliminar duplica\u00e7\u00f5es e melhorar o controlo do processo produtivo<\/strong>. <\/h6><h6>A reorganiza\u00e7\u00e3o proposta supunha redefinir o \u201cqu\u00ea\u201d e o \u201conde\u201d: um centro passaria a concentrar a <strong>lavandaria industrial<\/strong>, enquanto o outro se focaria na <strong>uniformidade laboral<\/strong>. Como consequ\u00eancia direta desse redesenho operacional, estimou-se necess\u00e1ria uma <strong>modifica\u00e7\u00e3o substancial de condi\u00e7\u00f5es de trabalho (MSCT)<\/strong> associada \u00e0 <strong>transfer\u00eancia de um n\u00famero de pessoas trabalhadoras<\/strong> (de atividade de lavandaria e de transporte) e a um <strong>ajuste de turnos\/hor\u00e1rios para otimizar tempos e elevar a produtividade<\/strong>. <\/h6><h6>Na martinsdelima abordamos a encomenda com uma metodologia pericial orientada para \u201cblindar\u201d a altera\u00e7\u00e3o:<\/h6><h6>(1) an\u00e1lise do modelo de neg\u00f3cio e processos (incluindo a rastreabilidade),<\/h6><h6>(2) diagn\u00f3stico organizativo e de pessoal por atividades\/centros,<\/h6><h6>(3) revis\u00e3o do quadro laboral aplic\u00e1vel e o seu impacto pr\u00e1tico, e<\/h6><h6>(4) <strong>an\u00e1lise econ\u00f3mica e proje\u00e7\u00e3o de resultados<\/strong> ap\u00f3s a reorganiza\u00e7\u00e3o, apoiando-nos em documenta\u00e7\u00e3o contabil\u00edstica e setorial para que a medida n\u00e3o fosse uma opini\u00e3o, mas sim uma conclus\u00e3o demonstr\u00e1vel.<\/h6><h6>O resultado foi um relat\u00f3rio que convertia uma necessidade empresarial numa <strong>proposta t\u00e9cnica s\u00f3lida e quantificada<\/strong>: justificava por que a <strong>reestrutura\u00e7\u00e3o era necess\u00e1ria para travar a acumula\u00e7\u00e3o de perdas<\/strong> e apresentava um <strong>roteiro operacional (especializa\u00e7\u00e3o de centros + turnos) para executar a MSCT<\/strong> com coer\u00eancia produtiva. Al\u00e9m disso, projetou-se que, com a implementa\u00e7\u00e3o da reorganiza\u00e7\u00e3o, a companhia poderia <strong>voltar a resultados positivos<\/strong> e crescentes, reduzindo o risco de cen\u00e1rios cr\u00edticos. <\/h6>\t\t\t\t\t\t\t\t<\/div>\n\t\t\t\t<\/div>\n\t\t\t\t\t<\/div>\n\t\t<\/div>\n\t\t\t\t\t<\/div>\n\t\t<\/section>\n\t\t\t\t<\/div>\n\t\t","protected":false},"excerpt":{"rendered":"<p>Experi\u00eanciasMSCTs (Modifica\u00e7\u00f5es Substanciais das Condi\u00e7\u00f5es de Trabalho)MSCT e Reorganiza\u00e7\u00e3o produtiva numa companhia industrial com dois centros de trabalho A companhia (industrial, com dois centros de trabalho muito pr\u00f3ximos entre si) prestava servi\u00e7os de lavandaria industrial e gest\u00e3o de uniformidade laboral, com processos especialmente exigentes em rastreabilidade e controlo de pe\u00e7as [&hellip;]<\/p>\n","protected":false},"author":1,"featured_media":0,"parent":0,"menu_order":0,"comment_status":"closed","ping_status":"closed","template":"page-templates\/template-pagebuilder-full-width.php","meta":{"footnotes":""},"class_list":["post-10552","page","type-page","status-publish","hentry"],"yoast_head":"<!-- This site is optimized with the Yoast SEO plugin v26.4 - https:\/\/yoast.com\/wordpress\/plugins\/seo\/ -->\n<title>Experi\u00eancias Relat\u00f3rios MSCTS - Martinsdelima<\/title>\n<meta name=\"robots\" content=\"index, follow, max-snippet:-1, max-image-preview:large, max-video-preview:-1\" \/>\n<link rel=\"canonical\" href=\"https:\/\/www.martinsdelima.com\/pt-pt\/experiencias-relatorios-mscts\/\" \/>\n<meta property=\"og:locale\" content=\"pt_PT\" \/>\n<meta property=\"og:type\" content=\"article\" \/>\n<meta property=\"og:title\" content=\"Experi\u00eancias Relat\u00f3rios MSCTS - Martinsdelima\" \/>\n<meta property=\"og:description\" content=\"Experi\u00eanciasMSCTs (Modifica\u00e7\u00f5es Substanciais das Condi\u00e7\u00f5es de Trabalho)MSCT e Reorganiza\u00e7\u00e3o produtiva numa companhia industrial com dois centros de trabalho A companhia (industrial, com dois centros de trabalho muito pr\u00f3ximos entre si) prestava servi\u00e7os de lavandaria industrial e gest\u00e3o de uniformidade laboral, com processos especialmente exigentes em rastreabilidade e controlo de pe\u00e7as [&hellip;]\" \/>\n<meta property=\"og:url\" content=\"https:\/\/www.martinsdelima.com\/pt-pt\/experiencias-relatorios-mscts\/\" \/>\n<meta property=\"og:site_name\" content=\"Martinsdelima\" \/>\n<meta property=\"article:modified_time\" content=\"2026-02-08T18:47:45+00:00\" \/>\n<meta name=\"twitter:card\" content=\"summary_large_image\" \/>\n<meta name=\"twitter:label1\" content=\"Tempo estimado de leitura\" \/>\n\t<meta name=\"twitter:data1\" content=\"2 minutos\" \/>\n<script type=\"application\/ld+json\" class=\"yoast-schema-graph\">{\"@context\":\"https:\/\/schema.org\",\"@graph\":[{\"@type\":\"WebPage\",\"@id\":\"https:\/\/www.martinsdelima.com\/pt-pt\/experiencias-relatorios-mscts\/\",\"url\":\"https:\/\/www.martinsdelima.com\/pt-pt\/experiencias-relatorios-mscts\/\",\"name\":\"Experi\u00eancias Relat\u00f3rios MSCTS - Martinsdelima\",\"isPartOf\":{\"@id\":\"https:\/\/www.martinsdelima.com\/pt-pt\/#website\"},\"datePublished\":\"2026-01-10T08:54:35+00:00\",\"dateModified\":\"2026-02-08T18:47:45+00:00\",\"breadcrumb\":{\"@id\":\"https:\/\/www.martinsdelima.com\/pt-pt\/experiencias-relatorios-mscts\/#breadcrumb\"},\"inLanguage\":\"pt-PT\",\"potentialAction\":[{\"@type\":\"ReadAction\",\"target\":[\"https:\/\/www.martinsdelima.com\/pt-pt\/experiencias-relatorios-mscts\/\"]}]},{\"@type\":\"BreadcrumbList\",\"@id\":\"https:\/\/www.martinsdelima.com\/pt-pt\/experiencias-relatorios-mscts\/#breadcrumb\",\"itemListElement\":[{\"@type\":\"ListItem\",\"position\":1,\"name\":\"P\u00e1gina inicial\",\"item\":\"https:\/\/www.martinsdelima.com\/pt-pt\/inicio\/\"},{\"@type\":\"ListItem\",\"position\":2,\"name\":\"Experi\u00eancias Relat\u00f3rios MSCTS\"}]},{\"@type\":\"WebSite\",\"@id\":\"https:\/\/www.martinsdelima.com\/pt-pt\/#website\",\"url\":\"https:\/\/www.martinsdelima.com\/pt-pt\/\",\"name\":\"Martinsdelima\",\"description\":\"Forensic&amp;Finance\",\"publisher\":{\"@id\":\"https:\/\/www.martinsdelima.com\/pt-pt\/#organization\"},\"potentialAction\":[{\"@type\":\"SearchAction\",\"target\":{\"@type\":\"EntryPoint\",\"urlTemplate\":\"https:\/\/www.martinsdelima.com\/pt-pt\/?s={search_term_string}\"},\"query-input\":{\"@type\":\"PropertyValueSpecification\",\"valueRequired\":true,\"valueName\":\"search_term_string\"}}],\"inLanguage\":\"pt-PT\"},{\"@type\":\"Organization\",\"@id\":\"https:\/\/www.martinsdelima.com\/pt-pt\/#organization\",\"name\":\"Martinsdelima\",\"url\":\"https:\/\/www.martinsdelima.com\/pt-pt\/\",\"logo\":{\"@type\":\"ImageObject\",\"inLanguage\":\"pt-PT\",\"@id\":\"https:\/\/www.martinsdelima.com\/pt-pt\/#\/schema\/logo\/image\/\",\"url\":\"https:\/\/mligy6wbr5rs.i.optimole.com\/w:auto\/h:auto\/q:mauto\/f:best\/https:\/\/www.martinsdelima.com\/wp-content\/uploads\/2025\/10\/martinsdelima-letras-claras-horizontal.png\",\"contentUrl\":\"https:\/\/mligy6wbr5rs.i.optimole.com\/w:auto\/h:auto\/q:mauto\/f:best\/https:\/\/www.martinsdelima.com\/wp-content\/uploads\/2025\/10\/martinsdelima-letras-claras-horizontal.png\",\"width\":1315,\"height\":217,\"caption\":\"Martinsdelima\"},\"image\":{\"@id\":\"https:\/\/www.martinsdelima.com\/pt-pt\/#\/schema\/logo\/image\/\"}}]}<\/script>\n<!-- \/ Yoast SEO plugin. -->","yoast_head_json":{"title":"Experi\u00eancias Relat\u00f3rios MSCTS - Martinsdelima","robots":{"index":"index","follow":"follow","max-snippet":"max-snippet:-1","max-image-preview":"max-image-preview:large","max-video-preview":"max-video-preview:-1"},"canonical":"https:\/\/www.martinsdelima.com\/pt-pt\/experiencias-relatorios-mscts\/","og_locale":"pt_PT","og_type":"article","og_title":"Experi\u00eancias Relat\u00f3rios MSCTS - Martinsdelima","og_description":"Experi\u00eanciasMSCTs (Modifica\u00e7\u00f5es Substanciais das Condi\u00e7\u00f5es de Trabalho)MSCT e Reorganiza\u00e7\u00e3o produtiva numa companhia industrial com dois centros de trabalho A companhia (industrial, com dois centros de trabalho muito pr\u00f3ximos entre si) prestava servi\u00e7os de lavandaria industrial e gest\u00e3o de uniformidade laboral, com processos especialmente exigentes em rastreabilidade e controlo de pe\u00e7as [&hellip;]","og_url":"https:\/\/www.martinsdelima.com\/pt-pt\/experiencias-relatorios-mscts\/","og_site_name":"Martinsdelima","article_modified_time":"2026-02-08T18:47:45+00:00","twitter_card":"summary_large_image","twitter_misc":{"Tempo estimado de leitura":"2 minutos"},"schema":{"@context":"https:\/\/schema.org","@graph":[{"@type":"WebPage","@id":"https:\/\/www.martinsdelima.com\/pt-pt\/experiencias-relatorios-mscts\/","url":"https:\/\/www.martinsdelima.com\/pt-pt\/experiencias-relatorios-mscts\/","name":"Experi\u00eancias Relat\u00f3rios MSCTS - Martinsdelima","isPartOf":{"@id":"https:\/\/www.martinsdelima.com\/pt-pt\/#website"},"datePublished":"2026-01-10T08:54:35+00:00","dateModified":"2026-02-08T18:47:45+00:00","breadcrumb":{"@id":"https:\/\/www.martinsdelima.com\/pt-pt\/experiencias-relatorios-mscts\/#breadcrumb"},"inLanguage":"pt-PT","potentialAction":[{"@type":"ReadAction","target":["https:\/\/www.martinsdelima.com\/pt-pt\/experiencias-relatorios-mscts\/"]}]},{"@type":"BreadcrumbList","@id":"https:\/\/www.martinsdelima.com\/pt-pt\/experiencias-relatorios-mscts\/#breadcrumb","itemListElement":[{"@type":"ListItem","position":1,"name":"P\u00e1gina inicial","item":"https:\/\/www.martinsdelima.com\/pt-pt\/inicio\/"},{"@type":"ListItem","position":2,"name":"Experi\u00eancias Relat\u00f3rios MSCTS"}]},{"@type":"WebSite","@id":"https:\/\/www.martinsdelima.com\/pt-pt\/#website","url":"https:\/\/www.martinsdelima.com\/pt-pt\/","name":"Martinsdelima","description":"Forensic&amp;Finance","publisher":{"@id":"https:\/\/www.martinsdelima.com\/pt-pt\/#organization"},"potentialAction":[{"@type":"SearchAction","target":{"@type":"EntryPoint","urlTemplate":"https:\/\/www.martinsdelima.com\/pt-pt\/?s={search_term_string}"},"query-input":{"@type":"PropertyValueSpecification","valueRequired":true,"valueName":"search_term_string"}}],"inLanguage":"pt-PT"},{"@type":"Organization","@id":"https:\/\/www.martinsdelima.com\/pt-pt\/#organization","name":"Martinsdelima","url":"https:\/\/www.martinsdelima.com\/pt-pt\/","logo":{"@type":"ImageObject","inLanguage":"pt-PT","@id":"https:\/\/www.martinsdelima.com\/pt-pt\/#\/schema\/logo\/image\/","url":"https:\/\/mligy6wbr5rs.i.optimole.com\/w:auto\/h:auto\/q:mauto\/f:best\/https:\/\/www.martinsdelima.com\/wp-content\/uploads\/2025\/10\/martinsdelima-letras-claras-horizontal.png","contentUrl":"https:\/\/mligy6wbr5rs.i.optimole.com\/w:auto\/h:auto\/q:mauto\/f:best\/https:\/\/www.martinsdelima.com\/wp-content\/uploads\/2025\/10\/martinsdelima-letras-claras-horizontal.png","width":1315,"height":217,"caption":"Martinsdelima"},"image":{"@id":"https:\/\/www.martinsdelima.com\/pt-pt\/#\/schema\/logo\/image\/"}}]}},"_links":{"self":[{"href":"https:\/\/www.martinsdelima.com\/pt-pt\/wp-json\/wp\/v2\/pages\/10552","targetHints":{"allow":["GET"]}}],"collection":[{"href":"https:\/\/www.martinsdelima.com\/pt-pt\/wp-json\/wp\/v2\/pages"}],"about":[{"href":"https:\/\/www.martinsdelima.com\/pt-pt\/wp-json\/wp\/v2\/types\/page"}],"author":[{"embeddable":true,"href":"https:\/\/www.martinsdelima.com\/pt-pt\/wp-json\/wp\/v2\/users\/1"}],"replies":[{"embeddable":true,"href":"https:\/\/www.martinsdelima.com\/pt-pt\/wp-json\/wp\/v2\/comments?post=10552"}],"version-history":[{"count":1,"href":"https:\/\/www.martinsdelima.com\/pt-pt\/wp-json\/wp\/v2\/pages\/10552\/revisions"}],"predecessor-version":[{"id":10553,"href":"https:\/\/www.martinsdelima.com\/pt-pt\/wp-json\/wp\/v2\/pages\/10552\/revisions\/10553"}],"wp:attachment":[{"href":"https:\/\/www.martinsdelima.com\/pt-pt\/wp-json\/wp\/v2\/media?parent=10552"}],"curies":[{"name":"wp","href":"https:\/\/api.w.org\/{rel}","templated":true}]}}