{"id":10554,"date":"2026-01-10T08:39:51","date_gmt":"2026-01-10T08:39:51","guid":{"rendered":"https:\/\/www.martinsdelima.com\/experiencias-relatorios-demissoes\/"},"modified":"2026-02-08T18:47:57","modified_gmt":"2026-02-08T18:47:57","slug":"experiencias-relatorios-demissoes","status":"publish","type":"page","link":"https:\/\/www.martinsdelima.com\/pt-pt\/experiencias-relatorios-demissoes\/","title":{"rendered":"Experi\u00eancias Relat\u00f3rios Demiss\u00f5es"},"content":{"rendered":"\t\t<div data-elementor-type=\"wp-page\" data-elementor-id=\"10554\" class=\"elementor elementor-10554 elementor-8644\" data-elementor-post-type=\"page\">\n\t\t\t\t\t\t<section class=\"elementor-section elementor-top-section elementor-element elementor-element-5861a17 elementor-section-full_width elementor-section-stretched elementor-section-height-min-height elementor-section-height-default elementor-section-items-middle\" data-id=\"5861a17\" data-element_type=\"section\" data-settings=\"{&quot;stretch_section&quot;:&quot;section-stretched&quot;,&quot;background_background&quot;:&quot;classic&quot;}\">\n\t\t\t\t\t\t\t<div class=\"elementor-background-overlay\"><\/div>\n\t\t\t\t\t\t\t<div class=\"elementor-container elementor-column-gap-default\">\n\t\t\t\t\t<div class=\"elementor-column elementor-col-100 elementor-top-column elementor-element elementor-element-ea42bdb\" data-id=\"ea42bdb\" data-element_type=\"column\">\n\t\t\t<div class=\"elementor-widget-wrap elementor-element-populated\">\n\t\t\t\t\t\t<div class=\"elementor-element elementor-element-8924fce elementor-widget elementor-widget-heading\" data-id=\"8924fce\" data-element_type=\"widget\" data-widget_type=\"heading.default\">\n\t\t\t\t<div class=\"elementor-widget-container\">\n\t\t\t\t\t<h2 class=\"elementor-heading-title elementor-size-default\"><b>Experi\u00eancias<br>Despedimentos Individuais<\/b><br>Despedimento individual de um diretor comercial: auditoria de desempenho, rastreabilidade e quantifica\u00e7\u00e3o do impacto<\/h2>\t\t\t\t<\/div>\n\t\t\t\t<\/div>\n\t\t\t\t\t<\/div>\n\t\t<\/div>\n\t\t\t\t\t<\/div>\n\t\t<\/section>\n\t\t\t\t<section class=\"elementor-section elementor-top-section elementor-element elementor-element-9dff6a0 elementor-section-boxed elementor-section-height-default elementor-section-height-default\" data-id=\"9dff6a0\" data-element_type=\"section\">\n\t\t\t\t\t\t<div class=\"elementor-container elementor-column-gap-default\">\n\t\t\t\t\t<div class=\"elementor-column elementor-col-100 elementor-top-column elementor-element elementor-element-c3e38d1\" data-id=\"c3e38d1\" data-element_type=\"column\">\n\t\t\t<div class=\"elementor-widget-wrap elementor-element-populated\">\n\t\t\t\t\t\t<div class=\"elementor-element elementor-element-78fa56c elementor-widget elementor-widget-text-editor\" data-id=\"78fa56c\" data-element_type=\"widget\" data-widget_type=\"text-editor.default\">\n\t\t\t\t<div class=\"elementor-widget-container\">\n\t\t\t\t\t\t\t\t\t<h6>Neste caso, uma <strong>empresa de refer\u00eancia no setor de embalagens sustent\u00e1veis<\/strong> enfrentava um conflito laboral individual em torno do <strong>desempenho do seu Diretor Comercial<\/strong>, num contexto em que o mercado era favor\u00e1vel e o produto se adequava \u00e0 procura impulsionada por regulamenta\u00e7\u00f5es de sustentabilidade. Apesar disso, a organiza\u00e7\u00e3o acumulava uma <strong>trajet\u00f3ria de resultados insuficientes<\/strong> e uma execu\u00e7\u00e3o comercial que n\u00e3o correspondia ao exig\u00edvel para um cargo-chave. <\/h6><h6>A martinsdelima elaborou um relat\u00f3rio pericial <strong>orientado a sustentar a decis\u00e3o empresarial com evid\u00eancia objetiva<\/strong>, evitando avalia\u00e7\u00f5es subjetivas ou gen\u00e9ricas. O trabalho comprovou um padr\u00e3o consistente de <strong>fragilidades na execu\u00e7\u00e3o comercial<\/strong>: aus\u00eancia de medidas para reequilibrar a margem bruta e falta de estrat\u00e9gia comercial eficiente num cen\u00e1rio de perdas consecutivas, al\u00e9m de um desempenho avaliado em diferentes exerc\u00edcios como <strong>\u201cabaixo das expectativas\u201d<\/strong>. <\/h6><h6>Um dos elementos diferenciadores do relat\u00f3rio foi a <strong>rastreabilidade digital do desempenho<\/strong> atrav\u00e9s de fontes internas. Analisando os registos do CRM corporativo, constatou-se uma <strong>aus\u00eancia pr\u00e1tica de uso da ferramenta<\/strong> por parte do diretor: dos registos em v\u00e1rios anos, apenas <strong>uma percentagem m\u00ednima<\/strong> correspondia ao seu utilizador, um dado especialmente relevante para um cargo de dire\u00e7\u00e3o comercial. Al\u00e9m disso, documentou-se que, apesar do pedido expresso da Dire\u00e7\u00e3o-Geral, <strong>n\u00e3o se chegou a elaborar um plano comercial<\/strong>, mantendo-se a companhia sem uma estrat\u00e9gia definida durante meses.  <\/h6><h6>Para refor\u00e7ar a robustez da an\u00e1lise (e torn\u00e1-la especialmente defens\u00e1vel), o relat\u00f3rio n\u00e3o se limitou a descrever factos, mas incorporou uma <strong>quantifica\u00e7\u00e3o econ\u00f3mica do impacto<\/strong> com metodologia conservadora. Utilizou-se o <strong>EBITDA<\/strong> como indicador, por ser o que reflete receitas menos custos operacionais e evita distor\u00e7\u00f5es por juros, amortiza\u00e7\u00f5es ou impostos. No <strong>M\u00e9todo 1<\/strong>, calculou-se o desvio do EBITDA real face ao or\u00e7amento aprovado pelo Conselho, delimitando o per\u00edodo por crit\u00e9rios de atribui\u00e7\u00e3o temporal, podendo-se calcular um preju\u00edzo concreto.  <\/h6><h6>Como segunda camada de consist\u00eancia, o <strong>M\u00e9todo 2<\/strong> estimou o dano comparando o EBITDA real com o que se teria obtido sob uma execu\u00e7\u00e3o minimamente razo\u00e1vel e diversificada, podendo-se calcular um dano agregado para um per\u00edodo de v\u00e1rios anos. Esta dupla abordagem permitiu sustentar o caso com <strong>duas provas quantitativas convergentes<\/strong>, reduzindo a depend\u00eancia de uma \u00fanica hip\u00f3tese e aumentando a credibilidade pericial. <\/h6><h6>O resultado foi um relat\u00f3rio que converteu um debate laboral individual num relato t\u00e9cnico <strong>claro, verific\u00e1vel e defens\u00e1vel<\/strong>, unindo avalia\u00e7\u00f5es de desempenho, evid\u00eancias objetivas de atividade (CRM), decis\u00f5es internas documentadas (plano comercial solicitado e n\u00e3o entregue) e quantifica\u00e7\u00e3o econ\u00f3mica robusta. Na pr\u00e1tica, este trabalho <strong>fortalece decisivamente a posi\u00e7\u00e3o do cliente<\/strong> em negocia\u00e7\u00e3o e procedimento, ao sustentar a medida com metodologia e provas dificilmente rebat\u00edveis. <\/h6>\t\t\t\t\t\t\t\t<\/div>\n\t\t\t\t<\/div>\n\t\t\t\t\t<\/div>\n\t\t<\/div>\n\t\t\t\t\t<\/div>\n\t\t<\/section>\n\t\t\t\t<\/div>\n\t\t","protected":false},"excerpt":{"rendered":"<p>Experi\u00eanciasDespedimentos IndividuaisDespedimento individual de um diretor comercial: auditoria de desempenho, rastreabilidade e quantifica\u00e7\u00e3o do impacto Neste caso, uma empresa de refer\u00eancia no setor de embalagens sustent\u00e1veis enfrentava um conflito laboral individual em torno do desempenho do seu Diretor Comercial, num contexto em que o mercado era favor\u00e1vel e o produto [&hellip;]<\/p>\n","protected":false},"author":1,"featured_media":0,"parent":0,"menu_order":0,"comment_status":"closed","ping_status":"closed","template":"page-templates\/template-pagebuilder-full-width.php","meta":{"footnotes":""},"class_list":["post-10554","page","type-page","status-publish","hentry"],"yoast_head":"<!-- This site is optimized with the Yoast SEO plugin v26.4 - https:\/\/yoast.com\/wordpress\/plugins\/seo\/ -->\n<title>Experi\u00eancias Relat\u00f3rios Demiss\u00f5es - Martinsdelima<\/title>\n<meta name=\"robots\" content=\"index, follow, max-snippet:-1, max-image-preview:large, max-video-preview:-1\" \/>\n<link rel=\"canonical\" href=\"https:\/\/www.martinsdelima.com\/pt-pt\/experiencias-relatorios-demissoes\/\" \/>\n<meta property=\"og:locale\" content=\"pt_PT\" \/>\n<meta property=\"og:type\" content=\"article\" \/>\n<meta property=\"og:title\" content=\"Experi\u00eancias Relat\u00f3rios Demiss\u00f5es - Martinsdelima\" \/>\n<meta property=\"og:description\" content=\"Experi\u00eanciasDespedimentos IndividuaisDespedimento individual de um diretor comercial: auditoria de desempenho, rastreabilidade e quantifica\u00e7\u00e3o do impacto Neste caso, uma empresa de refer\u00eancia no setor de embalagens sustent\u00e1veis enfrentava um conflito laboral individual em torno do desempenho do seu Diretor Comercial, num contexto em que o mercado era favor\u00e1vel e o produto [&hellip;]\" \/>\n<meta property=\"og:url\" content=\"https:\/\/www.martinsdelima.com\/pt-pt\/experiencias-relatorios-demissoes\/\" \/>\n<meta property=\"og:site_name\" content=\"Martinsdelima\" \/>\n<meta property=\"article:modified_time\" content=\"2026-02-08T18:47:57+00:00\" \/>\n<meta name=\"twitter:card\" content=\"summary_large_image\" \/>\n<meta name=\"twitter:label1\" content=\"Tempo estimado de leitura\" \/>\n\t<meta name=\"twitter:data1\" content=\"3 minutos\" \/>\n<script type=\"application\/ld+json\" class=\"yoast-schema-graph\">{\"@context\":\"https:\/\/schema.org\",\"@graph\":[{\"@type\":\"WebPage\",\"@id\":\"https:\/\/www.martinsdelima.com\/pt-pt\/experiencias-relatorios-demissoes\/\",\"url\":\"https:\/\/www.martinsdelima.com\/pt-pt\/experiencias-relatorios-demissoes\/\",\"name\":\"Experi\u00eancias Relat\u00f3rios Demiss\u00f5es - Martinsdelima\",\"isPartOf\":{\"@id\":\"https:\/\/www.martinsdelima.com\/pt-pt\/#website\"},\"datePublished\":\"2026-01-10T08:39:51+00:00\",\"dateModified\":\"2026-02-08T18:47:57+00:00\",\"breadcrumb\":{\"@id\":\"https:\/\/www.martinsdelima.com\/pt-pt\/experiencias-relatorios-demissoes\/#breadcrumb\"},\"inLanguage\":\"pt-PT\",\"potentialAction\":[{\"@type\":\"ReadAction\",\"target\":[\"https:\/\/www.martinsdelima.com\/pt-pt\/experiencias-relatorios-demissoes\/\"]}]},{\"@type\":\"BreadcrumbList\",\"@id\":\"https:\/\/www.martinsdelima.com\/pt-pt\/experiencias-relatorios-demissoes\/#breadcrumb\",\"itemListElement\":[{\"@type\":\"ListItem\",\"position\":1,\"name\":\"P\u00e1gina inicial\",\"item\":\"https:\/\/www.martinsdelima.com\/pt-pt\/inicio\/\"},{\"@type\":\"ListItem\",\"position\":2,\"name\":\"Experi\u00eancias Relat\u00f3rios Demiss\u00f5es\"}]},{\"@type\":\"WebSite\",\"@id\":\"https:\/\/www.martinsdelima.com\/pt-pt\/#website\",\"url\":\"https:\/\/www.martinsdelima.com\/pt-pt\/\",\"name\":\"Martinsdelima\",\"description\":\"Forensic&amp;Finance\",\"publisher\":{\"@id\":\"https:\/\/www.martinsdelima.com\/pt-pt\/#organization\"},\"potentialAction\":[{\"@type\":\"SearchAction\",\"target\":{\"@type\":\"EntryPoint\",\"urlTemplate\":\"https:\/\/www.martinsdelima.com\/pt-pt\/?s={search_term_string}\"},\"query-input\":{\"@type\":\"PropertyValueSpecification\",\"valueRequired\":true,\"valueName\":\"search_term_string\"}}],\"inLanguage\":\"pt-PT\"},{\"@type\":\"Organization\",\"@id\":\"https:\/\/www.martinsdelima.com\/pt-pt\/#organization\",\"name\":\"Martinsdelima\",\"url\":\"https:\/\/www.martinsdelima.com\/pt-pt\/\",\"logo\":{\"@type\":\"ImageObject\",\"inLanguage\":\"pt-PT\",\"@id\":\"https:\/\/www.martinsdelima.com\/pt-pt\/#\/schema\/logo\/image\/\",\"url\":\"https:\/\/mligy6wbr5rs.i.optimole.com\/w:auto\/h:auto\/q:mauto\/f:best\/https:\/\/www.martinsdelima.com\/wp-content\/uploads\/2025\/10\/martinsdelima-letras-claras-horizontal.png\",\"contentUrl\":\"https:\/\/mligy6wbr5rs.i.optimole.com\/w:auto\/h:auto\/q:mauto\/f:best\/https:\/\/www.martinsdelima.com\/wp-content\/uploads\/2025\/10\/martinsdelima-letras-claras-horizontal.png\",\"width\":1315,\"height\":217,\"caption\":\"Martinsdelima\"},\"image\":{\"@id\":\"https:\/\/www.martinsdelima.com\/pt-pt\/#\/schema\/logo\/image\/\"}}]}<\/script>\n<!-- \/ Yoast SEO plugin. -->","yoast_head_json":{"title":"Experi\u00eancias Relat\u00f3rios Demiss\u00f5es - Martinsdelima","robots":{"index":"index","follow":"follow","max-snippet":"max-snippet:-1","max-image-preview":"max-image-preview:large","max-video-preview":"max-video-preview:-1"},"canonical":"https:\/\/www.martinsdelima.com\/pt-pt\/experiencias-relatorios-demissoes\/","og_locale":"pt_PT","og_type":"article","og_title":"Experi\u00eancias Relat\u00f3rios Demiss\u00f5es - Martinsdelima","og_description":"Experi\u00eanciasDespedimentos IndividuaisDespedimento individual de um diretor comercial: auditoria de desempenho, rastreabilidade e quantifica\u00e7\u00e3o do impacto Neste caso, uma empresa de refer\u00eancia no setor de embalagens sustent\u00e1veis enfrentava um conflito laboral individual em torno do desempenho do seu Diretor Comercial, num contexto em que o mercado era favor\u00e1vel e o produto [&hellip;]","og_url":"https:\/\/www.martinsdelima.com\/pt-pt\/experiencias-relatorios-demissoes\/","og_site_name":"Martinsdelima","article_modified_time":"2026-02-08T18:47:57+00:00","twitter_card":"summary_large_image","twitter_misc":{"Tempo estimado de leitura":"3 minutos"},"schema":{"@context":"https:\/\/schema.org","@graph":[{"@type":"WebPage","@id":"https:\/\/www.martinsdelima.com\/pt-pt\/experiencias-relatorios-demissoes\/","url":"https:\/\/www.martinsdelima.com\/pt-pt\/experiencias-relatorios-demissoes\/","name":"Experi\u00eancias Relat\u00f3rios Demiss\u00f5es - Martinsdelima","isPartOf":{"@id":"https:\/\/www.martinsdelima.com\/pt-pt\/#website"},"datePublished":"2026-01-10T08:39:51+00:00","dateModified":"2026-02-08T18:47:57+00:00","breadcrumb":{"@id":"https:\/\/www.martinsdelima.com\/pt-pt\/experiencias-relatorios-demissoes\/#breadcrumb"},"inLanguage":"pt-PT","potentialAction":[{"@type":"ReadAction","target":["https:\/\/www.martinsdelima.com\/pt-pt\/experiencias-relatorios-demissoes\/"]}]},{"@type":"BreadcrumbList","@id":"https:\/\/www.martinsdelima.com\/pt-pt\/experiencias-relatorios-demissoes\/#breadcrumb","itemListElement":[{"@type":"ListItem","position":1,"name":"P\u00e1gina inicial","item":"https:\/\/www.martinsdelima.com\/pt-pt\/inicio\/"},{"@type":"ListItem","position":2,"name":"Experi\u00eancias Relat\u00f3rios Demiss\u00f5es"}]},{"@type":"WebSite","@id":"https:\/\/www.martinsdelima.com\/pt-pt\/#website","url":"https:\/\/www.martinsdelima.com\/pt-pt\/","name":"Martinsdelima","description":"Forensic&amp;Finance","publisher":{"@id":"https:\/\/www.martinsdelima.com\/pt-pt\/#organization"},"potentialAction":[{"@type":"SearchAction","target":{"@type":"EntryPoint","urlTemplate":"https:\/\/www.martinsdelima.com\/pt-pt\/?s={search_term_string}"},"query-input":{"@type":"PropertyValueSpecification","valueRequired":true,"valueName":"search_term_string"}}],"inLanguage":"pt-PT"},{"@type":"Organization","@id":"https:\/\/www.martinsdelima.com\/pt-pt\/#organization","name":"Martinsdelima","url":"https:\/\/www.martinsdelima.com\/pt-pt\/","logo":{"@type":"ImageObject","inLanguage":"pt-PT","@id":"https:\/\/www.martinsdelima.com\/pt-pt\/#\/schema\/logo\/image\/","url":"https:\/\/mligy6wbr5rs.i.optimole.com\/w:auto\/h:auto\/q:mauto\/f:best\/https:\/\/www.martinsdelima.com\/wp-content\/uploads\/2025\/10\/martinsdelima-letras-claras-horizontal.png","contentUrl":"https:\/\/mligy6wbr5rs.i.optimole.com\/w:auto\/h:auto\/q:mauto\/f:best\/https:\/\/www.martinsdelima.com\/wp-content\/uploads\/2025\/10\/martinsdelima-letras-claras-horizontal.png","width":1315,"height":217,"caption":"Martinsdelima"},"image":{"@id":"https:\/\/www.martinsdelima.com\/pt-pt\/#\/schema\/logo\/image\/"}}]}},"_links":{"self":[{"href":"https:\/\/www.martinsdelima.com\/pt-pt\/wp-json\/wp\/v2\/pages\/10554","targetHints":{"allow":["GET"]}}],"collection":[{"href":"https:\/\/www.martinsdelima.com\/pt-pt\/wp-json\/wp\/v2\/pages"}],"about":[{"href":"https:\/\/www.martinsdelima.com\/pt-pt\/wp-json\/wp\/v2\/types\/page"}],"author":[{"embeddable":true,"href":"https:\/\/www.martinsdelima.com\/pt-pt\/wp-json\/wp\/v2\/users\/1"}],"replies":[{"embeddable":true,"href":"https:\/\/www.martinsdelima.com\/pt-pt\/wp-json\/wp\/v2\/comments?post=10554"}],"version-history":[{"count":1,"href":"https:\/\/www.martinsdelima.com\/pt-pt\/wp-json\/wp\/v2\/pages\/10554\/revisions"}],"predecessor-version":[{"id":10555,"href":"https:\/\/www.martinsdelima.com\/pt-pt\/wp-json\/wp\/v2\/pages\/10554\/revisions\/10555"}],"wp:attachment":[{"href":"https:\/\/www.martinsdelima.com\/pt-pt\/wp-json\/wp\/v2\/media?parent=10554"}],"curies":[{"name":"wp","href":"https:\/\/api.w.org\/{rel}","templated":true}]}}