{"id":10562,"date":"2026-01-09T19:17:29","date_gmt":"2026-01-09T19:17:29","guid":{"rendered":"https:\/\/www.martinsdelima.com\/experiencias-relatorios-informaticos\/"},"modified":"2026-02-08T18:48:18","modified_gmt":"2026-02-08T18:48:18","slug":"experiencias-relatorios-informaticos","status":"publish","type":"page","link":"https:\/\/www.martinsdelima.com\/pt-pt\/experiencias-relatorios-informaticos\/","title":{"rendered":"Experi\u00eancias Relat\u00f3rios Inform\u00e1ticos"},"content":{"rendered":"\t\t<div data-elementor-type=\"wp-page\" data-elementor-id=\"10562\" class=\"elementor elementor-10562 elementor-8615\" data-elementor-post-type=\"page\">\n\t\t\t\t\t\t<section class=\"elementor-section elementor-top-section elementor-element elementor-element-5861a17 elementor-section-full_width elementor-section-stretched elementor-section-height-min-height elementor-section-height-default elementor-section-items-middle\" data-id=\"5861a17\" data-element_type=\"section\" data-settings=\"{&quot;stretch_section&quot;:&quot;section-stretched&quot;,&quot;background_background&quot;:&quot;classic&quot;}\">\n\t\t\t\t\t\t\t<div class=\"elementor-background-overlay\"><\/div>\n\t\t\t\t\t\t\t<div class=\"elementor-container elementor-column-gap-default\">\n\t\t\t\t\t<div class=\"elementor-column elementor-col-100 elementor-top-column elementor-element elementor-element-ea42bdb\" data-id=\"ea42bdb\" data-element_type=\"column\">\n\t\t\t<div class=\"elementor-widget-wrap elementor-element-populated\">\n\t\t\t\t\t\t<div class=\"elementor-element elementor-element-8924fce elementor-widget elementor-widget-heading\" data-id=\"8924fce\" data-element_type=\"widget\" data-widget_type=\"heading.default\">\n\t\t\t\t<div class=\"elementor-widget-container\">\n\t\t\t\t\t<h2 class=\"elementor-heading-title elementor-size-default\"><b>Experi\u00eancias<\/b><br><b>Periciais inform\u00e1ticas<\/b> <br>Valida\u00e7\u00e3o de evid\u00eancia digital e contraper\u00edcia t\u00e9cnica<\/h2>\t\t\t\t<\/div>\n\t\t\t\t<\/div>\n\t\t\t\t\t<\/div>\n\t\t<\/div>\n\t\t\t\t\t<\/div>\n\t\t<\/section>\n\t\t\t\t<section class=\"elementor-section elementor-top-section elementor-element elementor-element-9dff6a0 elementor-section-boxed elementor-section-height-default elementor-section-height-default\" data-id=\"9dff6a0\" data-element_type=\"section\">\n\t\t\t\t\t\t<div class=\"elementor-container elementor-column-gap-default\">\n\t\t\t\t\t<div class=\"elementor-column elementor-col-100 elementor-top-column elementor-element elementor-element-c3e38d1\" data-id=\"c3e38d1\" data-element_type=\"column\">\n\t\t\t<div class=\"elementor-widget-wrap elementor-element-populated\">\n\t\t\t\t\t\t<div class=\"elementor-element elementor-element-78fa56c elementor-widget elementor-widget-text-editor\" data-id=\"78fa56c\" data-element_type=\"widget\" data-widget_type=\"text-editor.default\">\n\t\t\t\t<div class=\"elementor-widget-container\">\n\t\t\t\t\t\t\t\t\t<h6>Neste caso, foi levantado um conflito no qual era fundamental <strong>determinar, com rigor forense, o que realmente tinha acontecido com um equipamento corporativo<\/strong> e se existiam ind\u00edcios t\u00e9cnicos suficientes de <strong>acessos a informa\u00e7\u00e3o sens\u00edvel, poss\u00edvel fuga de dados e\/ou elimina\u00e7\u00e3o de informa\u00e7\u00e3o<\/strong>. A tarefa exigia n\u00e3o s\u00f3 uma an\u00e1lise do dispositivo, mas tamb\u00e9m uma avalia\u00e7\u00e3o cr\u00edtica da documenta\u00e7\u00e3o t\u00e9cnica j\u00e1 apresentada pela outra parte. <\/h6><h6>A complexidade do caso residia no facto de o debate se basear em conclus\u00f5es pr\u00e9vias de terceiros e em interpreta\u00e7\u00f5es de \u201catividade n\u00e3o habitual\u201d (p. ex., abertura de certos ficheiros, utiliza\u00e7\u00e3o de servi\u00e7os de sincroniza\u00e7\u00e3o e liga\u00e7\u00f5es de dispositivos externos). O nosso trabalho consistiu em <strong>separar factos verific\u00e1veis de infer\u00eancias<\/strong> e em <strong>converter uma narrativa t\u00e9cnica confusa numa explica\u00e7\u00e3o s\u00f3lida, compreens\u00edvel e defens\u00e1vel<\/strong> em sede judicial. <\/h6><h6>Desde o princ\u00edpio, a martinsdelima estruturou a an\u00e1lise com um duplo objetivo: <strong><\/strong><\/h6><h6><strong>(i) validar a evid\u00eancia digital e a sua integridade<\/strong> e<\/h6><h6><strong>(ii) realizar uma contraper\u00edcia t\u00e9cnica<\/strong> sobre os relat\u00f3rios contr\u00e1rios, destacando expressamente <strong>a falta de prova digital quando existisse<\/strong>.<\/h6><h6>Como metodologia, aplic\u00e1mos uma abordagem de <strong>inform\u00e1tica forense rastre\u00e1vel e reproduz\u00edvel<\/strong>: revis\u00e3o da <strong>c\u00f3pia\/imagem do disco<\/strong> (correios e arquivos relevantes) e verifica\u00e7\u00e3o de que a evid\u00eancia <strong>n\u00e3o tinha sido alterada<\/strong> desde a sua obten\u00e7\u00e3o e cust\u00f3dia. Al\u00e9m disso, o relat\u00f3rio inclui a utiliza\u00e7\u00e3o de <strong>ferramentas forenses reconhecidas<\/strong> e procedimentos de clonagem orientados para preservar a integridade dos dados (ferramentas como <strong>EnCase, Autopsy, WinHex<\/strong> e fluxos de clonagem com dispositivos forenses). <\/h6><h6>A partir da\u00ed, o trabalho \u201cextraordin\u00e1rio\u201d consistiu na contraper\u00edcia: identific\u00e1mos <strong>fragilidades metodol\u00f3gicas<\/strong> e <strong>saltos l\u00f3gicos<\/strong> nos relat\u00f3rios revistos (por exemplo, <strong>n\u00e3o analisar a pol\u00edtica de seguran\u00e7a<\/strong>, <strong>n\u00e3o demonstrar a utiliza\u00e7\u00e3o n\u00e3o autorizada de informa\u00e7\u00e3o confidencial<\/strong>, <strong>n\u00e3o demonstrar a elimina\u00e7\u00e3o de documenta\u00e7\u00e3o corporativa<\/strong> e, em geral, <strong>n\u00e3o apresentar ind\u00edcios concludentes de fuga<\/strong>). Tamb\u00e9m esclarecemos aspetos t\u00e9cnicos que costumam ser confundidos em lit\u00edgios: <strong>elimina\u00e7\u00e3o segura vs. ferramentas antiforense<\/strong>, explicando que o objetivo e o rasto que deixam s\u00e3o distintos (e que isto \u00e9 determinante para avaliar corretamente o que pode \u2014 ou n\u00e3o \u2014 inferir-se). <\/h6><h6>O resultado foi uma pe\u00e7a pericial com foco no essencial: <strong>factos verific\u00e1veis, explica\u00e7\u00f5es t\u00e9cnicas compreens\u00edveis e conclus\u00f5es prudentes, mas firmes<\/strong>, que permitiram <strong>rebater tecnicamente afirma\u00e7\u00f5es n\u00e3o suficientemente comprovadas<\/strong> e apresentar uma base probat\u00f3ria clara para o procedimento. Por outras palavras: a martinsdelima transformou um cen\u00e1rio de suspeitas e documentos t\u00e9cnicos cruzados num <strong>relato forense s\u00f3lido, defens\u00e1vel e alinhado com padr\u00f5es periciais<\/strong>. <\/h6>\t\t\t\t\t\t\t\t<\/div>\n\t\t\t\t<\/div>\n\t\t\t\t\t<\/div>\n\t\t<\/div>\n\t\t\t\t\t<\/div>\n\t\t<\/section>\n\t\t\t\t<\/div>\n\t\t","protected":false},"excerpt":{"rendered":"<p>Experi\u00eanciasPericiais inform\u00e1ticas Valida\u00e7\u00e3o de evid\u00eancia digital e contraper\u00edcia t\u00e9cnica Neste caso, foi levantado um conflito no qual era fundamental determinar, com rigor forense, o que realmente tinha acontecido com um equipamento corporativo e se existiam ind\u00edcios t\u00e9cnicos suficientes de acessos a informa\u00e7\u00e3o sens\u00edvel, poss\u00edvel fuga de dados e\/ou elimina\u00e7\u00e3o de [&hellip;]<\/p>\n","protected":false},"author":1,"featured_media":0,"parent":0,"menu_order":0,"comment_status":"closed","ping_status":"closed","template":"page-templates\/template-pagebuilder-full-width.php","meta":{"footnotes":""},"class_list":["post-10562","page","type-page","status-publish","hentry"],"yoast_head":"<!-- This site is optimized with the Yoast SEO plugin v26.4 - https:\/\/yoast.com\/wordpress\/plugins\/seo\/ -->\n<title>Experi\u00eancias Relat\u00f3rios Inform\u00e1ticos - Martinsdelima<\/title>\n<meta name=\"robots\" content=\"index, follow, max-snippet:-1, max-image-preview:large, max-video-preview:-1\" \/>\n<link rel=\"canonical\" href=\"https:\/\/www.martinsdelima.com\/pt-pt\/experiencias-relatorios-informaticos\/\" \/>\n<meta property=\"og:locale\" content=\"pt_PT\" \/>\n<meta property=\"og:type\" content=\"article\" \/>\n<meta property=\"og:title\" content=\"Experi\u00eancias Relat\u00f3rios Inform\u00e1ticos - Martinsdelima\" \/>\n<meta property=\"og:description\" content=\"Experi\u00eanciasPericiais inform\u00e1ticas Valida\u00e7\u00e3o de evid\u00eancia digital e contraper\u00edcia t\u00e9cnica Neste caso, foi levantado um conflito no qual era fundamental determinar, com rigor forense, o que realmente tinha acontecido com um equipamento corporativo e se existiam ind\u00edcios t\u00e9cnicos suficientes de acessos a informa\u00e7\u00e3o sens\u00edvel, poss\u00edvel fuga de dados e\/ou elimina\u00e7\u00e3o de [&hellip;]\" \/>\n<meta property=\"og:url\" content=\"https:\/\/www.martinsdelima.com\/pt-pt\/experiencias-relatorios-informaticos\/\" \/>\n<meta property=\"og:site_name\" content=\"Martinsdelima\" \/>\n<meta property=\"article:modified_time\" content=\"2026-02-08T18:48:18+00:00\" \/>\n<meta name=\"twitter:card\" content=\"summary_large_image\" \/>\n<meta name=\"twitter:label1\" content=\"Tempo estimado de leitura\" \/>\n\t<meta name=\"twitter:data1\" content=\"2 minutos\" \/>\n<script type=\"application\/ld+json\" class=\"yoast-schema-graph\">{\"@context\":\"https:\/\/schema.org\",\"@graph\":[{\"@type\":\"WebPage\",\"@id\":\"https:\/\/www.martinsdelima.com\/pt-pt\/experiencias-relatorios-informaticos\/\",\"url\":\"https:\/\/www.martinsdelima.com\/pt-pt\/experiencias-relatorios-informaticos\/\",\"name\":\"Experi\u00eancias Relat\u00f3rios Inform\u00e1ticos - Martinsdelima\",\"isPartOf\":{\"@id\":\"https:\/\/www.martinsdelima.com\/pt-pt\/#website\"},\"datePublished\":\"2026-01-09T19:17:29+00:00\",\"dateModified\":\"2026-02-08T18:48:18+00:00\",\"breadcrumb\":{\"@id\":\"https:\/\/www.martinsdelima.com\/pt-pt\/experiencias-relatorios-informaticos\/#breadcrumb\"},\"inLanguage\":\"pt-PT\",\"potentialAction\":[{\"@type\":\"ReadAction\",\"target\":[\"https:\/\/www.martinsdelima.com\/pt-pt\/experiencias-relatorios-informaticos\/\"]}]},{\"@type\":\"BreadcrumbList\",\"@id\":\"https:\/\/www.martinsdelima.com\/pt-pt\/experiencias-relatorios-informaticos\/#breadcrumb\",\"itemListElement\":[{\"@type\":\"ListItem\",\"position\":1,\"name\":\"P\u00e1gina inicial\",\"item\":\"https:\/\/www.martinsdelima.com\/pt-pt\/inicio\/\"},{\"@type\":\"ListItem\",\"position\":2,\"name\":\"Experi\u00eancias Relat\u00f3rios Inform\u00e1ticos\"}]},{\"@type\":\"WebSite\",\"@id\":\"https:\/\/www.martinsdelima.com\/pt-pt\/#website\",\"url\":\"https:\/\/www.martinsdelima.com\/pt-pt\/\",\"name\":\"Martinsdelima\",\"description\":\"Forensic&amp;Finance\",\"publisher\":{\"@id\":\"https:\/\/www.martinsdelima.com\/pt-pt\/#organization\"},\"potentialAction\":[{\"@type\":\"SearchAction\",\"target\":{\"@type\":\"EntryPoint\",\"urlTemplate\":\"https:\/\/www.martinsdelima.com\/pt-pt\/?s={search_term_string}\"},\"query-input\":{\"@type\":\"PropertyValueSpecification\",\"valueRequired\":true,\"valueName\":\"search_term_string\"}}],\"inLanguage\":\"pt-PT\"},{\"@type\":\"Organization\",\"@id\":\"https:\/\/www.martinsdelima.com\/pt-pt\/#organization\",\"name\":\"Martinsdelima\",\"url\":\"https:\/\/www.martinsdelima.com\/pt-pt\/\",\"logo\":{\"@type\":\"ImageObject\",\"inLanguage\":\"pt-PT\",\"@id\":\"https:\/\/www.martinsdelima.com\/pt-pt\/#\/schema\/logo\/image\/\",\"url\":\"https:\/\/mligy6wbr5rs.i.optimole.com\/w:auto\/h:auto\/q:mauto\/f:best\/https:\/\/www.martinsdelima.com\/wp-content\/uploads\/2025\/10\/martinsdelima-letras-claras-horizontal.png\",\"contentUrl\":\"https:\/\/mligy6wbr5rs.i.optimole.com\/w:auto\/h:auto\/q:mauto\/f:best\/https:\/\/www.martinsdelima.com\/wp-content\/uploads\/2025\/10\/martinsdelima-letras-claras-horizontal.png\",\"width\":1315,\"height\":217,\"caption\":\"Martinsdelima\"},\"image\":{\"@id\":\"https:\/\/www.martinsdelima.com\/pt-pt\/#\/schema\/logo\/image\/\"}}]}<\/script>\n<!-- \/ Yoast SEO plugin. -->","yoast_head_json":{"title":"Experi\u00eancias Relat\u00f3rios Inform\u00e1ticos - Martinsdelima","robots":{"index":"index","follow":"follow","max-snippet":"max-snippet:-1","max-image-preview":"max-image-preview:large","max-video-preview":"max-video-preview:-1"},"canonical":"https:\/\/www.martinsdelima.com\/pt-pt\/experiencias-relatorios-informaticos\/","og_locale":"pt_PT","og_type":"article","og_title":"Experi\u00eancias Relat\u00f3rios Inform\u00e1ticos - Martinsdelima","og_description":"Experi\u00eanciasPericiais inform\u00e1ticas Valida\u00e7\u00e3o de evid\u00eancia digital e contraper\u00edcia t\u00e9cnica Neste caso, foi levantado um conflito no qual era fundamental determinar, com rigor forense, o que realmente tinha acontecido com um equipamento corporativo e se existiam ind\u00edcios t\u00e9cnicos suficientes de acessos a informa\u00e7\u00e3o sens\u00edvel, poss\u00edvel fuga de dados e\/ou elimina\u00e7\u00e3o de [&hellip;]","og_url":"https:\/\/www.martinsdelima.com\/pt-pt\/experiencias-relatorios-informaticos\/","og_site_name":"Martinsdelima","article_modified_time":"2026-02-08T18:48:18+00:00","twitter_card":"summary_large_image","twitter_misc":{"Tempo estimado de leitura":"2 minutos"},"schema":{"@context":"https:\/\/schema.org","@graph":[{"@type":"WebPage","@id":"https:\/\/www.martinsdelima.com\/pt-pt\/experiencias-relatorios-informaticos\/","url":"https:\/\/www.martinsdelima.com\/pt-pt\/experiencias-relatorios-informaticos\/","name":"Experi\u00eancias Relat\u00f3rios Inform\u00e1ticos - Martinsdelima","isPartOf":{"@id":"https:\/\/www.martinsdelima.com\/pt-pt\/#website"},"datePublished":"2026-01-09T19:17:29+00:00","dateModified":"2026-02-08T18:48:18+00:00","breadcrumb":{"@id":"https:\/\/www.martinsdelima.com\/pt-pt\/experiencias-relatorios-informaticos\/#breadcrumb"},"inLanguage":"pt-PT","potentialAction":[{"@type":"ReadAction","target":["https:\/\/www.martinsdelima.com\/pt-pt\/experiencias-relatorios-informaticos\/"]}]},{"@type":"BreadcrumbList","@id":"https:\/\/www.martinsdelima.com\/pt-pt\/experiencias-relatorios-informaticos\/#breadcrumb","itemListElement":[{"@type":"ListItem","position":1,"name":"P\u00e1gina inicial","item":"https:\/\/www.martinsdelima.com\/pt-pt\/inicio\/"},{"@type":"ListItem","position":2,"name":"Experi\u00eancias Relat\u00f3rios Inform\u00e1ticos"}]},{"@type":"WebSite","@id":"https:\/\/www.martinsdelima.com\/pt-pt\/#website","url":"https:\/\/www.martinsdelima.com\/pt-pt\/","name":"Martinsdelima","description":"Forensic&amp;Finance","publisher":{"@id":"https:\/\/www.martinsdelima.com\/pt-pt\/#organization"},"potentialAction":[{"@type":"SearchAction","target":{"@type":"EntryPoint","urlTemplate":"https:\/\/www.martinsdelima.com\/pt-pt\/?s={search_term_string}"},"query-input":{"@type":"PropertyValueSpecification","valueRequired":true,"valueName":"search_term_string"}}],"inLanguage":"pt-PT"},{"@type":"Organization","@id":"https:\/\/www.martinsdelima.com\/pt-pt\/#organization","name":"Martinsdelima","url":"https:\/\/www.martinsdelima.com\/pt-pt\/","logo":{"@type":"ImageObject","inLanguage":"pt-PT","@id":"https:\/\/www.martinsdelima.com\/pt-pt\/#\/schema\/logo\/image\/","url":"https:\/\/mligy6wbr5rs.i.optimole.com\/w:auto\/h:auto\/q:mauto\/f:best\/https:\/\/www.martinsdelima.com\/wp-content\/uploads\/2025\/10\/martinsdelima-letras-claras-horizontal.png","contentUrl":"https:\/\/mligy6wbr5rs.i.optimole.com\/w:auto\/h:auto\/q:mauto\/f:best\/https:\/\/www.martinsdelima.com\/wp-content\/uploads\/2025\/10\/martinsdelima-letras-claras-horizontal.png","width":1315,"height":217,"caption":"Martinsdelima"},"image":{"@id":"https:\/\/www.martinsdelima.com\/pt-pt\/#\/schema\/logo\/image\/"}}]}},"_links":{"self":[{"href":"https:\/\/www.martinsdelima.com\/pt-pt\/wp-json\/wp\/v2\/pages\/10562","targetHints":{"allow":["GET"]}}],"collection":[{"href":"https:\/\/www.martinsdelima.com\/pt-pt\/wp-json\/wp\/v2\/pages"}],"about":[{"href":"https:\/\/www.martinsdelima.com\/pt-pt\/wp-json\/wp\/v2\/types\/page"}],"author":[{"embeddable":true,"href":"https:\/\/www.martinsdelima.com\/pt-pt\/wp-json\/wp\/v2\/users\/1"}],"replies":[{"embeddable":true,"href":"https:\/\/www.martinsdelima.com\/pt-pt\/wp-json\/wp\/v2\/comments?post=10562"}],"version-history":[{"count":1,"href":"https:\/\/www.martinsdelima.com\/pt-pt\/wp-json\/wp\/v2\/pages\/10562\/revisions"}],"predecessor-version":[{"id":10563,"href":"https:\/\/www.martinsdelima.com\/pt-pt\/wp-json\/wp\/v2\/pages\/10562\/revisions\/10563"}],"wp:attachment":[{"href":"https:\/\/www.martinsdelima.com\/pt-pt\/wp-json\/wp\/v2\/media?parent=10562"}],"curies":[{"name":"wp","href":"https:\/\/api.w.org\/{rel}","templated":true}]}}