{"id":10580,"date":"2026-01-09T16:29:28","date_gmt":"2026-01-09T16:29:28","guid":{"rendered":"https:\/\/www.martinsdelima.com\/experiencias-avaliacoes-empresas\/"},"modified":"2026-02-12T11:20:47","modified_gmt":"2026-02-12T11:20:47","slug":"experiencias-avaliacoes-empresas","status":"publish","type":"page","link":"https:\/\/www.martinsdelima.com\/pt-pt\/experiencias-avaliacoes-empresas\/","title":{"rendered":"Experi\u00eancias avalia\u00e7\u00f5es empresas"},"content":{"rendered":"\t\t<div data-elementor-type=\"wp-page\" data-elementor-id=\"10580\" class=\"elementor elementor-10580 elementor-8550\" data-elementor-post-type=\"page\">\n\t\t\t\t\t\t<section class=\"elementor-section elementor-top-section elementor-element elementor-element-5861a17 elementor-section-full_width elementor-section-stretched elementor-section-height-min-height elementor-section-height-default elementor-section-items-middle\" data-id=\"5861a17\" data-element_type=\"section\" data-settings=\"{&quot;stretch_section&quot;:&quot;section-stretched&quot;,&quot;background_background&quot;:&quot;classic&quot;}\">\n\t\t\t\t\t\t\t<div class=\"elementor-background-overlay\"><\/div>\n\t\t\t\t\t\t\t<div class=\"elementor-container elementor-column-gap-default\">\n\t\t\t\t\t<div class=\"elementor-column elementor-col-100 elementor-top-column elementor-element elementor-element-ea42bdb\" data-id=\"ea42bdb\" data-element_type=\"column\">\n\t\t\t<div class=\"elementor-widget-wrap elementor-element-populated\">\n\t\t\t\t\t\t<div class=\"elementor-element elementor-element-8924fce elementor-widget__width-initial elementor-widget-mobile__width-initial elementor-widget elementor-widget-heading\" data-id=\"8924fce\" data-element_type=\"widget\" data-widget_type=\"heading.default\">\n\t\t\t\t<div class=\"elementor-widget-container\">\n\t\t\t\t\t<h2 class=\"elementor-heading-title elementor-size-default\"><b>Experi\u00eancias<br>Avalia\u00e7\u00f5es de Empresas e Unidades de Neg\u00f3cio<br><\/b>Avalia\u00e7\u00e3o de uma cotada em situa\u00e7\u00e3o complexa<\/h2>\t\t\t\t<\/div>\n\t\t\t\t<\/div>\n\t\t\t\t\t<\/div>\n\t\t<\/div>\n\t\t\t\t\t<\/div>\n\t\t<\/section>\n\t\t\t\t<section class=\"elementor-section elementor-top-section elementor-element elementor-element-9dff6a0 elementor-section-boxed elementor-section-height-default elementor-section-height-default\" data-id=\"9dff6a0\" data-element_type=\"section\">\n\t\t\t\t\t\t<div class=\"elementor-container elementor-column-gap-default\">\n\t\t\t\t\t<div class=\"elementor-column elementor-col-100 elementor-top-column elementor-element elementor-element-c3e38d1\" data-id=\"c3e38d1\" data-element_type=\"column\">\n\t\t\t<div class=\"elementor-widget-wrap elementor-element-populated\">\n\t\t\t\t\t\t<div class=\"elementor-element elementor-element-78fa56c elementor-widget elementor-widget-text-editor\" data-id=\"78fa56c\" data-element_type=\"widget\" data-widget_type=\"text-editor.default\">\n\t\t\t\t<div class=\"elementor-widget-container\">\n\t\t\t\t\t\t\t\t\t<h6>Um fundo solicitou \u00e0 <strong>martinsdelima<\/strong> uma <strong>avalia\u00e7\u00e3o independente<\/strong> de uma empresa cotada do setor das telecomunica\u00e7\u00f5es, num contexto de opera\u00e7\u00e3o corporativa no qual existia um <strong>pre\u00e7o de refer\u00eancia para a compra de a\u00e7\u00f5es<\/strong> e um eventual cen\u00e1rio de <strong>exclus\u00e3o de cota\u00e7\u00e3o<\/strong>. O objetivo era dispor de uma opini\u00e3o t\u00e9cnica, rigorosa e utiliz\u00e1vel na tomada de decis\u00f5es, sem depender unicamente de avalia\u00e7\u00f5es pr\u00e9vias de terceiros. <\/h6><h6>O desafio n\u00e3o era \u201cfazer n\u00fameros\u201d, mas sim responder \u00e0 pergunta-chave: <strong>esse pre\u00e7o refletia o valor real do neg\u00f3cio?<\/strong> Para tal, abord\u00e1mos a encomenda numa perspetiva <strong>objetiva e imparcial<\/strong>, estruturando o trabalho para entender o contexto da opera\u00e7\u00e3o, identificar os fatores que moviam o valor e contrastar a razoabilidade do pre\u00e7o proposto com o <strong>valor intr\u00ednseco<\/strong> da empresa.<\/h6><h6>Come\u00e7\u00e1mos por aquilo que marca a diferen\u00e7a em avalia\u00e7\u00f5es exigentes: <strong>compreender o neg\u00f3cio e o seu ambiente<\/strong>. Realiz\u00e1mos uma <strong>an\u00e1lise completa do setor<\/strong> (evolu\u00e7\u00e3o, tend\u00eancias e perspetivas), porque \u00e9 <strong>fundamental<\/strong> para <strong>projetar receitas<\/strong> de forma consistente e n\u00e3o \u201carrastar\u201d pressupostos d\u00e9beis para a avalia\u00e7\u00e3o. Em paralelo, analis\u00e1mos a empresa em detalhe: crescimento (incluindo o inorg\u00e2nico), <strong>demonstra\u00e7\u00f5es financeiras e m\u00e9tricas operacionais<\/strong>, combinando informa\u00e7\u00e3o econ\u00f3mico-financeira e documenta\u00e7\u00e3o p\u00fablica.  <\/h6><h6>A partir da\u00ed, constru\u00edmos uma avalia\u00e7\u00e3o robusta baseada em <strong>m\u00faltiplas abordagens<\/strong> para assegurar consist\u00eancia e fiabilidade. Aplic\u00e1mos <strong>seis metodologias complementares<\/strong> (desconto de fluxos de caixa, m\u00faltiplos de mercado, transa\u00e7\u00f5es precedentes, cota\u00e7\u00e3o m\u00e9dia ponderada, valor te\u00f3rico contabil\u00edstico e valor de liquida\u00e7\u00e3o) e, posteriormente, realiz\u00e1mos uma <strong>s\u00edntese final<\/strong> que prioriza os m\u00e9todos mais informativos para este tipo de ativo e momento de mercado. <\/h6><h6>No que diz respeito \u00e0 metodologia utilizada, a nossa vantagem competitiva esteve no \u201ccomo\u201d: n\u00e3o s\u00f3 aplic\u00e1mos os m\u00e9todos, como <strong>test\u00e1mos a sua representatividade<\/strong>, selecion\u00e1mos compar\u00e1veis com crit\u00e9rio e utiliz\u00e1mos an\u00e1lise quantitativa adicional (incluindo abordagens de regress\u00e3o em compar\u00e1veis) para <strong>evitar enviesamentos t\u00edpicos<\/strong> quando o crescimento e o perfil do neg\u00f3cio n\u00e3o encaixam bem com refer\u00eancias padr\u00e3o. Tudo isto com hip\u00f3teses prudentes, consistentes e rastre\u00e1veis, como exige uma avalia\u00e7\u00e3o realmente defens\u00e1vel. <\/h6><h6>O resultado foi uma conclus\u00e3o clara e acion\u00e1vel: <strong>o valor estimado do neg\u00f3cio n\u00e3o era adequadamente refletido pelo pre\u00e7o de refer\u00eancia<\/strong> e os m\u00e9todos principais, corretamente aplicados, apontavam para um n\u00edvel de valor superior. Isto permitiu ao cliente <strong>tomar decis\u00f5es com seguran\u00e7a<\/strong>, apoiado num relat\u00f3rio s\u00f3lido, compreens\u00edvel para a dire\u00e7\u00e3o e plenamente sustentado em an\u00e1lise t\u00e9cnica. Em resumo: <strong>transform\u00e1mos um caso complexo numa conclus\u00e3o contundente<\/strong> e numa ferramenta de negocia\u00e7\u00e3o e estrat\u00e9gia de primeiro n\u00edvel.  <\/h6>\t\t\t\t\t\t\t\t<\/div>\n\t\t\t\t<\/div>\n\t\t\t\t\t<\/div>\n\t\t<\/div>\n\t\t\t\t\t<\/div>\n\t\t<\/section>\n\t\t\t\t<\/div>\n\t\t","protected":false},"excerpt":{"rendered":"<p>Experi\u00eanciasAvalia\u00e7\u00f5es de Empresas e Unidades de Neg\u00f3cioAvalia\u00e7\u00e3o de uma cotada em situa\u00e7\u00e3o complexa Um fundo solicitou \u00e0 martinsdelima uma avalia\u00e7\u00e3o independente de uma empresa cotada do setor das telecomunica\u00e7\u00f5es, num contexto de opera\u00e7\u00e3o corporativa no qual existia um pre\u00e7o de refer\u00eancia para a compra de a\u00e7\u00f5es e um eventual cen\u00e1rio [&hellip;]<\/p>\n","protected":false},"author":1,"featured_media":0,"parent":0,"menu_order":0,"comment_status":"closed","ping_status":"closed","template":"page-templates\/template-pagebuilder-full-width.php","meta":{"footnotes":""},"class_list":["post-10580","page","type-page","status-publish","hentry"],"yoast_head":"<!-- This site is optimized with the Yoast SEO plugin v26.4 - https:\/\/yoast.com\/wordpress\/plugins\/seo\/ -->\n<title>Experi\u00eancias avalia\u00e7\u00f5es empresas - Martinsdelima<\/title>\n<meta name=\"robots\" content=\"index, follow, max-snippet:-1, max-image-preview:large, max-video-preview:-1\" \/>\n<link rel=\"canonical\" href=\"https:\/\/www.martinsdelima.com\/pt-pt\/experiencias-avaliacoes-empresas\/\" \/>\n<meta property=\"og:locale\" content=\"pt_PT\" \/>\n<meta property=\"og:type\" content=\"article\" \/>\n<meta property=\"og:title\" content=\"Experi\u00eancias avalia\u00e7\u00f5es empresas - Martinsdelima\" \/>\n<meta property=\"og:description\" content=\"Experi\u00eanciasAvalia\u00e7\u00f5es de Empresas e Unidades de Neg\u00f3cioAvalia\u00e7\u00e3o de uma cotada em situa\u00e7\u00e3o complexa Um fundo solicitou \u00e0 martinsdelima uma avalia\u00e7\u00e3o independente de uma empresa cotada do setor das telecomunica\u00e7\u00f5es, num contexto de opera\u00e7\u00e3o corporativa no qual existia um pre\u00e7o de refer\u00eancia para a compra de a\u00e7\u00f5es e um eventual cen\u00e1rio [&hellip;]\" \/>\n<meta property=\"og:url\" content=\"https:\/\/www.martinsdelima.com\/pt-pt\/experiencias-avaliacoes-empresas\/\" \/>\n<meta property=\"og:site_name\" content=\"Martinsdelima\" \/>\n<meta property=\"article:modified_time\" content=\"2026-02-12T11:20:47+00:00\" \/>\n<meta name=\"twitter:card\" content=\"summary_large_image\" \/>\n<meta name=\"twitter:label1\" content=\"Tempo estimado de leitura\" \/>\n\t<meta name=\"twitter:data1\" content=\"3 minutos\" \/>\n<script type=\"application\/ld+json\" class=\"yoast-schema-graph\">{\"@context\":\"https:\/\/schema.org\",\"@graph\":[{\"@type\":\"WebPage\",\"@id\":\"https:\/\/www.martinsdelima.com\/pt-pt\/experiencias-avaliacoes-empresas\/\",\"url\":\"https:\/\/www.martinsdelima.com\/pt-pt\/experiencias-avaliacoes-empresas\/\",\"name\":\"Experi\u00eancias avalia\u00e7\u00f5es empresas - Martinsdelima\",\"isPartOf\":{\"@id\":\"https:\/\/www.martinsdelima.com\/pt-pt\/#website\"},\"datePublished\":\"2026-01-09T16:29:28+00:00\",\"dateModified\":\"2026-02-12T11:20:47+00:00\",\"breadcrumb\":{\"@id\":\"https:\/\/www.martinsdelima.com\/pt-pt\/experiencias-avaliacoes-empresas\/#breadcrumb\"},\"inLanguage\":\"pt-PT\",\"potentialAction\":[{\"@type\":\"ReadAction\",\"target\":[\"https:\/\/www.martinsdelima.com\/pt-pt\/experiencias-avaliacoes-empresas\/\"]}]},{\"@type\":\"BreadcrumbList\",\"@id\":\"https:\/\/www.martinsdelima.com\/pt-pt\/experiencias-avaliacoes-empresas\/#breadcrumb\",\"itemListElement\":[{\"@type\":\"ListItem\",\"position\":1,\"name\":\"P\u00e1gina inicial\",\"item\":\"https:\/\/www.martinsdelima.com\/pt-pt\/inicio\/\"},{\"@type\":\"ListItem\",\"position\":2,\"name\":\"Experi\u00eancias avalia\u00e7\u00f5es empresas\"}]},{\"@type\":\"WebSite\",\"@id\":\"https:\/\/www.martinsdelima.com\/pt-pt\/#website\",\"url\":\"https:\/\/www.martinsdelima.com\/pt-pt\/\",\"name\":\"Martinsdelima\",\"description\":\"Forensic&amp;Finance\",\"publisher\":{\"@id\":\"https:\/\/www.martinsdelima.com\/pt-pt\/#organization\"},\"potentialAction\":[{\"@type\":\"SearchAction\",\"target\":{\"@type\":\"EntryPoint\",\"urlTemplate\":\"https:\/\/www.martinsdelima.com\/pt-pt\/?s={search_term_string}\"},\"query-input\":{\"@type\":\"PropertyValueSpecification\",\"valueRequired\":true,\"valueName\":\"search_term_string\"}}],\"inLanguage\":\"pt-PT\"},{\"@type\":\"Organization\",\"@id\":\"https:\/\/www.martinsdelima.com\/pt-pt\/#organization\",\"name\":\"Martinsdelima\",\"url\":\"https:\/\/www.martinsdelima.com\/pt-pt\/\",\"logo\":{\"@type\":\"ImageObject\",\"inLanguage\":\"pt-PT\",\"@id\":\"https:\/\/www.martinsdelima.com\/pt-pt\/#\/schema\/logo\/image\/\",\"url\":\"https:\/\/mligy6wbr5rs.i.optimole.com\/w:auto\/h:auto\/q:mauto\/f:best\/https:\/\/www.martinsdelima.com\/wp-content\/uploads\/2025\/10\/martinsdelima-letras-claras-horizontal.png\",\"contentUrl\":\"https:\/\/mligy6wbr5rs.i.optimole.com\/w:auto\/h:auto\/q:mauto\/f:best\/https:\/\/www.martinsdelima.com\/wp-content\/uploads\/2025\/10\/martinsdelima-letras-claras-horizontal.png\",\"width\":1315,\"height\":217,\"caption\":\"Martinsdelima\"},\"image\":{\"@id\":\"https:\/\/www.martinsdelima.com\/pt-pt\/#\/schema\/logo\/image\/\"}}]}<\/script>\n<!-- \/ Yoast SEO plugin. -->","yoast_head_json":{"title":"Experi\u00eancias avalia\u00e7\u00f5es empresas - Martinsdelima","robots":{"index":"index","follow":"follow","max-snippet":"max-snippet:-1","max-image-preview":"max-image-preview:large","max-video-preview":"max-video-preview:-1"},"canonical":"https:\/\/www.martinsdelima.com\/pt-pt\/experiencias-avaliacoes-empresas\/","og_locale":"pt_PT","og_type":"article","og_title":"Experi\u00eancias avalia\u00e7\u00f5es empresas - Martinsdelima","og_description":"Experi\u00eanciasAvalia\u00e7\u00f5es de Empresas e Unidades de Neg\u00f3cioAvalia\u00e7\u00e3o de uma cotada em situa\u00e7\u00e3o complexa Um fundo solicitou \u00e0 martinsdelima uma avalia\u00e7\u00e3o independente de uma empresa cotada do setor das telecomunica\u00e7\u00f5es, num contexto de opera\u00e7\u00e3o corporativa no qual existia um pre\u00e7o de refer\u00eancia para a compra de a\u00e7\u00f5es e um eventual cen\u00e1rio [&hellip;]","og_url":"https:\/\/www.martinsdelima.com\/pt-pt\/experiencias-avaliacoes-empresas\/","og_site_name":"Martinsdelima","article_modified_time":"2026-02-12T11:20:47+00:00","twitter_card":"summary_large_image","twitter_misc":{"Tempo estimado de leitura":"3 minutos"},"schema":{"@context":"https:\/\/schema.org","@graph":[{"@type":"WebPage","@id":"https:\/\/www.martinsdelima.com\/pt-pt\/experiencias-avaliacoes-empresas\/","url":"https:\/\/www.martinsdelima.com\/pt-pt\/experiencias-avaliacoes-empresas\/","name":"Experi\u00eancias avalia\u00e7\u00f5es empresas - Martinsdelima","isPartOf":{"@id":"https:\/\/www.martinsdelima.com\/pt-pt\/#website"},"datePublished":"2026-01-09T16:29:28+00:00","dateModified":"2026-02-12T11:20:47+00:00","breadcrumb":{"@id":"https:\/\/www.martinsdelima.com\/pt-pt\/experiencias-avaliacoes-empresas\/#breadcrumb"},"inLanguage":"pt-PT","potentialAction":[{"@type":"ReadAction","target":["https:\/\/www.martinsdelima.com\/pt-pt\/experiencias-avaliacoes-empresas\/"]}]},{"@type":"BreadcrumbList","@id":"https:\/\/www.martinsdelima.com\/pt-pt\/experiencias-avaliacoes-empresas\/#breadcrumb","itemListElement":[{"@type":"ListItem","position":1,"name":"P\u00e1gina inicial","item":"https:\/\/www.martinsdelima.com\/pt-pt\/inicio\/"},{"@type":"ListItem","position":2,"name":"Experi\u00eancias avalia\u00e7\u00f5es empresas"}]},{"@type":"WebSite","@id":"https:\/\/www.martinsdelima.com\/pt-pt\/#website","url":"https:\/\/www.martinsdelima.com\/pt-pt\/","name":"Martinsdelima","description":"Forensic&amp;Finance","publisher":{"@id":"https:\/\/www.martinsdelima.com\/pt-pt\/#organization"},"potentialAction":[{"@type":"SearchAction","target":{"@type":"EntryPoint","urlTemplate":"https:\/\/www.martinsdelima.com\/pt-pt\/?s={search_term_string}"},"query-input":{"@type":"PropertyValueSpecification","valueRequired":true,"valueName":"search_term_string"}}],"inLanguage":"pt-PT"},{"@type":"Organization","@id":"https:\/\/www.martinsdelima.com\/pt-pt\/#organization","name":"Martinsdelima","url":"https:\/\/www.martinsdelima.com\/pt-pt\/","logo":{"@type":"ImageObject","inLanguage":"pt-PT","@id":"https:\/\/www.martinsdelima.com\/pt-pt\/#\/schema\/logo\/image\/","url":"https:\/\/mligy6wbr5rs.i.optimole.com\/w:auto\/h:auto\/q:mauto\/f:best\/https:\/\/www.martinsdelima.com\/wp-content\/uploads\/2025\/10\/martinsdelima-letras-claras-horizontal.png","contentUrl":"https:\/\/mligy6wbr5rs.i.optimole.com\/w:auto\/h:auto\/q:mauto\/f:best\/https:\/\/www.martinsdelima.com\/wp-content\/uploads\/2025\/10\/martinsdelima-letras-claras-horizontal.png","width":1315,"height":217,"caption":"Martinsdelima"},"image":{"@id":"https:\/\/www.martinsdelima.com\/pt-pt\/#\/schema\/logo\/image\/"}}]}},"_links":{"self":[{"href":"https:\/\/www.martinsdelima.com\/pt-pt\/wp-json\/wp\/v2\/pages\/10580","targetHints":{"allow":["GET"]}}],"collection":[{"href":"https:\/\/www.martinsdelima.com\/pt-pt\/wp-json\/wp\/v2\/pages"}],"about":[{"href":"https:\/\/www.martinsdelima.com\/pt-pt\/wp-json\/wp\/v2\/types\/page"}],"author":[{"embeddable":true,"href":"https:\/\/www.martinsdelima.com\/pt-pt\/wp-json\/wp\/v2\/users\/1"}],"replies":[{"embeddable":true,"href":"https:\/\/www.martinsdelima.com\/pt-pt\/wp-json\/wp\/v2\/comments?post=10580"}],"version-history":[{"count":2,"href":"https:\/\/www.martinsdelima.com\/pt-pt\/wp-json\/wp\/v2\/pages\/10580\/revisions"}],"predecessor-version":[{"id":11856,"href":"https:\/\/www.martinsdelima.com\/pt-pt\/wp-json\/wp\/v2\/pages\/10580\/revisions\/11856"}],"wp:attachment":[{"href":"https:\/\/www.martinsdelima.com\/pt-pt\/wp-json\/wp\/v2\/media?parent=10580"}],"curies":[{"name":"wp","href":"https:\/\/api.w.org\/{rel}","templated":true}]}}