{"id":10712,"date":"2026-01-19T15:43:02","date_gmt":"2026-01-19T15:43:02","guid":{"rendered":"https:\/\/www.martinsdelima.com\/experiencias-reestruturacoes-sales\/"},"modified":"2026-02-08T20:02:09","modified_gmt":"2026-02-08T20:02:09","slug":"experiencias-reestruturacoes-sales","status":"publish","type":"page","link":"https:\/\/www.martinsdelima.com\/pt-pt\/experiencias-reestruturacoes-sales\/","title":{"rendered":"Experi\u00eancias reestrutura\u00e7\u00f5es sales"},"content":{"rendered":"\t\t<div data-elementor-type=\"wp-page\" data-elementor-id=\"10712\" class=\"elementor elementor-10712 elementor-9705\" data-elementor-post-type=\"page\">\n\t\t\t\t\t\t<section class=\"elementor-section elementor-top-section elementor-element elementor-element-5861a17 elementor-section-full_width elementor-section-stretched elementor-section-height-min-height elementor-section-height-default elementor-section-items-middle\" data-id=\"5861a17\" data-element_type=\"section\" data-settings=\"{&quot;stretch_section&quot;:&quot;section-stretched&quot;,&quot;background_background&quot;:&quot;classic&quot;}\">\n\t\t\t\t\t\t\t<div class=\"elementor-background-overlay\"><\/div>\n\t\t\t\t\t\t\t<div class=\"elementor-container elementor-column-gap-default\">\n\t\t\t\t\t<div class=\"elementor-column elementor-col-100 elementor-top-column elementor-element elementor-element-ea42bdb\" data-id=\"ea42bdb\" data-element_type=\"column\">\n\t\t\t<div class=\"elementor-widget-wrap elementor-element-populated\">\n\t\t\t\t\t\t<div class=\"elementor-element elementor-element-8924fce elementor-widget__width-initial elementor-widget-mobile__width-initial elementor-widget elementor-widget-heading\" data-id=\"8924fce\" data-element_type=\"widget\" data-widget_type=\"heading.default\">\n\t\t\t\t<div class=\"elementor-widget-container\">\n\t\t\t\t\t<h2 class=\"elementor-heading-title elementor-size-default\"><b>Experi\u00eancias<\/b><br><b>Reestrutura\u00e7\u00f5es Sale &amp; Lease Back<\/b><br>Avalia\u00e7\u00e3o de uma opera\u00e7\u00e3o de Sale &amp; Lease-Back com enfoque financeiro e de risco<\/h2>\t\t\t\t<\/div>\n\t\t\t\t<\/div>\n\t\t\t\t\t<\/div>\n\t\t<\/div>\n\t\t\t\t\t<\/div>\n\t\t<\/section>\n\t\t\t\t<section class=\"elementor-section elementor-top-section elementor-element elementor-element-9dff6a0 elementor-section-boxed elementor-section-height-default elementor-section-height-default\" data-id=\"9dff6a0\" data-element_type=\"section\">\n\t\t\t\t\t\t<div class=\"elementor-container elementor-column-gap-default\">\n\t\t\t\t\t<div class=\"elementor-column elementor-col-100 elementor-top-column elementor-element elementor-element-c3e38d1\" data-id=\"c3e38d1\" data-element_type=\"column\">\n\t\t\t<div class=\"elementor-widget-wrap elementor-element-populated\">\n\t\t\t\t\t\t<div class=\"elementor-element elementor-element-78fa56c elementor-widget elementor-widget-text-editor\" data-id=\"78fa56c\" data-element_type=\"widget\" data-widget_type=\"text-editor.default\">\n\t\t\t\t<div class=\"elementor-widget-container\">\n\t\t\t\t\t\t\t\t\t<h6>Uma companhia com um <strong>ativo imobili\u00e1rio corporativo de grande relev\u00e2ncia estrat\u00e9gica<\/strong> procurava <strong>monetizar o ativo sem perder o seu uso operativo<\/strong>, estruturando a transa\u00e7\u00e3o mediante um <strong>Sale &amp; Lease-Back<\/strong>: venda do im\u00f3vel, perman\u00eancia como arrendat\u00e1rio mediante renda peri\u00f3dica e, no final, distintas alternativas (prorroga\u00e7\u00e3o, recompra mediante valor residual ou devolu\u00e7\u00e3o do ativo).<\/h6><h6>O desafio n\u00e3o era \u201cp\u00f4r um pre\u00e7o\u201d, mas <strong>entender o que se estava a comprar realmente<\/strong>: n\u00e3o s\u00f3 um im\u00f3vel, mas um <strong>pacote financeiro de fluxos futuros<\/strong> condicionado pelo contrato (rendas) e pela op\u00e7\u00e3o final (valor residual). Para tal, identific\u00e1mos os <strong>tr\u00eas pilares que explicam a economia do Sale &amp; Lease-Back<\/strong>: <strong>valor intr\u00ednseco do ativo livre de encargos<\/strong>, <strong>pre\u00e7o de compra e venda sob contrato<\/strong> e <strong>renda acordada<\/strong> (que deve estar vinculada ao pre\u00e7o do contrato, n\u00e3o ao valor \u201cte\u00f3rico\u201d livre). <\/h6><h6>Al\u00e9m disso, o contrato incorporava <strong>sensibilidades chave de mercado<\/strong>, especialmente a <strong>infla\u00e7\u00e3o<\/strong>, que determinava a evolu\u00e7\u00e3o das rendas sob regras espec\u00edficas. Isto convertia a opera\u00e7\u00e3o num caso ideal para aplicar uma \u00f3tica de <strong>risco de mercado (infla\u00e7\u00e3o)<\/strong> e <strong>risco de liquidez (desconto por velocidade de venda)<\/strong>, evitando simplifica\u00e7\u00f5es que costumam distorcer o valor em ativos com estruturas contratuais complexas. <\/h6><h6>A nossa metodologia partiu de uma ideia potente: <strong>avaliar o ativo como um instrumento financeiro<\/strong>, ou seja, <strong>descontar as rendas futuras e somar o valor residual<\/strong> no vencimento. Esta abordagem, alinhada com pr\u00e1ticas habituais em avalia\u00e7\u00f5es financeiras de ativos com contrato, permitiu traduzir o contrato para um modelo robusto de fluxos e risco. <\/h6><h6>Para estimar rendas futuras com realismo, modeliz\u00e1mos a infla\u00e7\u00e3o mediante <strong>simula\u00e7\u00e3o de cen\u00e1rios (Monte Carlo)<\/strong>, gerando m\u00faltiplas trajet\u00f3rias e aplicando as regras contratuais (incluindo limites que afetam o pagamento em determinados tramos). Com isto, a martinsdelima aportou <strong>rastreabilidade, consist\u00eancia e capacidade de stress<\/strong>: n\u00e3o um \u00fanico n\u00famero \u201cbonito\u201d, mas um quadro que explica por que o valor \u00e9 o que \u00e9. <\/h6><h6>Finalmente, constru\u00edmos uma <strong>taxa de desconto coerente com a natureza do risco<\/strong>: uma refer\u00eancia de mercado ligada ao emissor, ajustada por dura\u00e7\u00e3o e complementada com um <strong>diferencial de iliquidez<\/strong> dependente do <strong>tempo razo\u00e1vel de venda<\/strong> do ativo. Em paralelo, estim\u00e1mos o <strong>valor residual<\/strong> no final do contrato com uma <strong>l\u00f3gica imobili\u00e1ria de longo prazo<\/strong> (renda a perpetuidade com crescimento e desconto), integrando-o depois no valor presente. O resultado foi uma <strong>avalia\u00e7\u00e3o defens\u00e1vel, acion\u00e1vel e orientada a maximizar a qualidade de decis\u00e3o<\/strong>, dando \u00e0 empresa um intervalo de valor s\u00f3lido e um roteiro claro para negociar e gerir a opera\u00e7\u00e3o com excel\u00eancia.  <\/h6>\t\t\t\t\t\t\t\t<\/div>\n\t\t\t\t<\/div>\n\t\t\t\t\t<\/div>\n\t\t<\/div>\n\t\t\t\t\t<\/div>\n\t\t<\/section>\n\t\t\t\t<\/div>\n\t\t","protected":false},"excerpt":{"rendered":"<p>Experi\u00eanciasReestrutura\u00e7\u00f5es Sale &amp; Lease BackAvalia\u00e7\u00e3o de uma opera\u00e7\u00e3o de Sale &amp; Lease-Back com enfoque financeiro e de risco Uma companhia com um ativo imobili\u00e1rio corporativo de grande relev\u00e2ncia estrat\u00e9gica procurava monetizar o ativo sem perder o seu uso operativo, estruturando a transa\u00e7\u00e3o mediante um Sale &amp; Lease-Back: venda do im\u00f3vel, [&hellip;]<\/p>\n","protected":false},"author":1,"featured_media":0,"parent":0,"menu_order":0,"comment_status":"closed","ping_status":"closed","template":"page-templates\/template-pagebuilder-full-width.php","meta":{"footnotes":""},"class_list":["post-10712","page","type-page","status-publish","hentry"],"yoast_head":"<!-- This site is optimized with the Yoast SEO plugin v26.4 - https:\/\/yoast.com\/wordpress\/plugins\/seo\/ -->\n<title>Experi\u00eancias reestrutura\u00e7\u00f5es sales - Martinsdelima<\/title>\n<meta name=\"robots\" content=\"index, follow, max-snippet:-1, max-image-preview:large, max-video-preview:-1\" \/>\n<link rel=\"canonical\" href=\"https:\/\/www.martinsdelima.com\/pt-pt\/experiencias-reestruturacoes-sales\/\" \/>\n<meta property=\"og:locale\" content=\"pt_PT\" \/>\n<meta property=\"og:type\" content=\"article\" \/>\n<meta property=\"og:title\" content=\"Experi\u00eancias reestrutura\u00e7\u00f5es sales - Martinsdelima\" \/>\n<meta property=\"og:description\" content=\"Experi\u00eanciasReestrutura\u00e7\u00f5es Sale &amp; Lease BackAvalia\u00e7\u00e3o de uma opera\u00e7\u00e3o de Sale &amp; Lease-Back com enfoque financeiro e de risco Uma companhia com um ativo imobili\u00e1rio corporativo de grande relev\u00e2ncia estrat\u00e9gica procurava monetizar o ativo sem perder o seu uso operativo, estruturando a transa\u00e7\u00e3o mediante um Sale &amp; Lease-Back: venda do im\u00f3vel, [&hellip;]\" \/>\n<meta property=\"og:url\" content=\"https:\/\/www.martinsdelima.com\/pt-pt\/experiencias-reestruturacoes-sales\/\" \/>\n<meta property=\"og:site_name\" content=\"Martinsdelima\" \/>\n<meta property=\"article:modified_time\" content=\"2026-02-08T20:02:09+00:00\" \/>\n<meta name=\"twitter:card\" content=\"summary_large_image\" \/>\n<meta name=\"twitter:label1\" content=\"Tempo estimado de leitura\" \/>\n\t<meta name=\"twitter:data1\" content=\"2 minutos\" \/>\n<script type=\"application\/ld+json\" class=\"yoast-schema-graph\">{\"@context\":\"https:\/\/schema.org\",\"@graph\":[{\"@type\":\"WebPage\",\"@id\":\"https:\/\/www.martinsdelima.com\/pt-pt\/experiencias-reestruturacoes-sales\/\",\"url\":\"https:\/\/www.martinsdelima.com\/pt-pt\/experiencias-reestruturacoes-sales\/\",\"name\":\"Experi\u00eancias reestrutura\u00e7\u00f5es sales - Martinsdelima\",\"isPartOf\":{\"@id\":\"https:\/\/www.martinsdelima.com\/pt-pt\/#website\"},\"datePublished\":\"2026-01-19T15:43:02+00:00\",\"dateModified\":\"2026-02-08T20:02:09+00:00\",\"breadcrumb\":{\"@id\":\"https:\/\/www.martinsdelima.com\/pt-pt\/experiencias-reestruturacoes-sales\/#breadcrumb\"},\"inLanguage\":\"pt-PT\",\"potentialAction\":[{\"@type\":\"ReadAction\",\"target\":[\"https:\/\/www.martinsdelima.com\/pt-pt\/experiencias-reestruturacoes-sales\/\"]}]},{\"@type\":\"BreadcrumbList\",\"@id\":\"https:\/\/www.martinsdelima.com\/pt-pt\/experiencias-reestruturacoes-sales\/#breadcrumb\",\"itemListElement\":[{\"@type\":\"ListItem\",\"position\":1,\"name\":\"P\u00e1gina inicial\",\"item\":\"https:\/\/www.martinsdelima.com\/pt-pt\/inicio\/\"},{\"@type\":\"ListItem\",\"position\":2,\"name\":\"Experi\u00eancias reestrutura\u00e7\u00f5es sales\"}]},{\"@type\":\"WebSite\",\"@id\":\"https:\/\/www.martinsdelima.com\/pt-pt\/#website\",\"url\":\"https:\/\/www.martinsdelima.com\/pt-pt\/\",\"name\":\"Martinsdelima\",\"description\":\"Forensic&amp;Finance\",\"publisher\":{\"@id\":\"https:\/\/www.martinsdelima.com\/pt-pt\/#organization\"},\"potentialAction\":[{\"@type\":\"SearchAction\",\"target\":{\"@type\":\"EntryPoint\",\"urlTemplate\":\"https:\/\/www.martinsdelima.com\/pt-pt\/?s={search_term_string}\"},\"query-input\":{\"@type\":\"PropertyValueSpecification\",\"valueRequired\":true,\"valueName\":\"search_term_string\"}}],\"inLanguage\":\"pt-PT\"},{\"@type\":\"Organization\",\"@id\":\"https:\/\/www.martinsdelima.com\/pt-pt\/#organization\",\"name\":\"Martinsdelima\",\"url\":\"https:\/\/www.martinsdelima.com\/pt-pt\/\",\"logo\":{\"@type\":\"ImageObject\",\"inLanguage\":\"pt-PT\",\"@id\":\"https:\/\/www.martinsdelima.com\/pt-pt\/#\/schema\/logo\/image\/\",\"url\":\"https:\/\/mligy6wbr5rs.i.optimole.com\/w:auto\/h:auto\/q:mauto\/f:best\/https:\/\/www.martinsdelima.com\/wp-content\/uploads\/2025\/10\/martinsdelima-letras-claras-horizontal.png\",\"contentUrl\":\"https:\/\/mligy6wbr5rs.i.optimole.com\/w:auto\/h:auto\/q:mauto\/f:best\/https:\/\/www.martinsdelima.com\/wp-content\/uploads\/2025\/10\/martinsdelima-letras-claras-horizontal.png\",\"width\":1315,\"height\":217,\"caption\":\"Martinsdelima\"},\"image\":{\"@id\":\"https:\/\/www.martinsdelima.com\/pt-pt\/#\/schema\/logo\/image\/\"}}]}<\/script>\n<!-- \/ Yoast SEO plugin. -->","yoast_head_json":{"title":"Experi\u00eancias reestrutura\u00e7\u00f5es sales - Martinsdelima","robots":{"index":"index","follow":"follow","max-snippet":"max-snippet:-1","max-image-preview":"max-image-preview:large","max-video-preview":"max-video-preview:-1"},"canonical":"https:\/\/www.martinsdelima.com\/pt-pt\/experiencias-reestruturacoes-sales\/","og_locale":"pt_PT","og_type":"article","og_title":"Experi\u00eancias reestrutura\u00e7\u00f5es sales - Martinsdelima","og_description":"Experi\u00eanciasReestrutura\u00e7\u00f5es Sale &amp; Lease BackAvalia\u00e7\u00e3o de uma opera\u00e7\u00e3o de Sale &amp; Lease-Back com enfoque financeiro e de risco Uma companhia com um ativo imobili\u00e1rio corporativo de grande relev\u00e2ncia estrat\u00e9gica procurava monetizar o ativo sem perder o seu uso operativo, estruturando a transa\u00e7\u00e3o mediante um Sale &amp; Lease-Back: venda do im\u00f3vel, [&hellip;]","og_url":"https:\/\/www.martinsdelima.com\/pt-pt\/experiencias-reestruturacoes-sales\/","og_site_name":"Martinsdelima","article_modified_time":"2026-02-08T20:02:09+00:00","twitter_card":"summary_large_image","twitter_misc":{"Tempo estimado de leitura":"2 minutos"},"schema":{"@context":"https:\/\/schema.org","@graph":[{"@type":"WebPage","@id":"https:\/\/www.martinsdelima.com\/pt-pt\/experiencias-reestruturacoes-sales\/","url":"https:\/\/www.martinsdelima.com\/pt-pt\/experiencias-reestruturacoes-sales\/","name":"Experi\u00eancias reestrutura\u00e7\u00f5es sales - Martinsdelima","isPartOf":{"@id":"https:\/\/www.martinsdelima.com\/pt-pt\/#website"},"datePublished":"2026-01-19T15:43:02+00:00","dateModified":"2026-02-08T20:02:09+00:00","breadcrumb":{"@id":"https:\/\/www.martinsdelima.com\/pt-pt\/experiencias-reestruturacoes-sales\/#breadcrumb"},"inLanguage":"pt-PT","potentialAction":[{"@type":"ReadAction","target":["https:\/\/www.martinsdelima.com\/pt-pt\/experiencias-reestruturacoes-sales\/"]}]},{"@type":"BreadcrumbList","@id":"https:\/\/www.martinsdelima.com\/pt-pt\/experiencias-reestruturacoes-sales\/#breadcrumb","itemListElement":[{"@type":"ListItem","position":1,"name":"P\u00e1gina inicial","item":"https:\/\/www.martinsdelima.com\/pt-pt\/inicio\/"},{"@type":"ListItem","position":2,"name":"Experi\u00eancias reestrutura\u00e7\u00f5es sales"}]},{"@type":"WebSite","@id":"https:\/\/www.martinsdelima.com\/pt-pt\/#website","url":"https:\/\/www.martinsdelima.com\/pt-pt\/","name":"Martinsdelima","description":"Forensic&amp;Finance","publisher":{"@id":"https:\/\/www.martinsdelima.com\/pt-pt\/#organization"},"potentialAction":[{"@type":"SearchAction","target":{"@type":"EntryPoint","urlTemplate":"https:\/\/www.martinsdelima.com\/pt-pt\/?s={search_term_string}"},"query-input":{"@type":"PropertyValueSpecification","valueRequired":true,"valueName":"search_term_string"}}],"inLanguage":"pt-PT"},{"@type":"Organization","@id":"https:\/\/www.martinsdelima.com\/pt-pt\/#organization","name":"Martinsdelima","url":"https:\/\/www.martinsdelima.com\/pt-pt\/","logo":{"@type":"ImageObject","inLanguage":"pt-PT","@id":"https:\/\/www.martinsdelima.com\/pt-pt\/#\/schema\/logo\/image\/","url":"https:\/\/mligy6wbr5rs.i.optimole.com\/w:auto\/h:auto\/q:mauto\/f:best\/https:\/\/www.martinsdelima.com\/wp-content\/uploads\/2025\/10\/martinsdelima-letras-claras-horizontal.png","contentUrl":"https:\/\/mligy6wbr5rs.i.optimole.com\/w:auto\/h:auto\/q:mauto\/f:best\/https:\/\/www.martinsdelima.com\/wp-content\/uploads\/2025\/10\/martinsdelima-letras-claras-horizontal.png","width":1315,"height":217,"caption":"Martinsdelima"},"image":{"@id":"https:\/\/www.martinsdelima.com\/pt-pt\/#\/schema\/logo\/image\/"}}]}},"_links":{"self":[{"href":"https:\/\/www.martinsdelima.com\/pt-pt\/wp-json\/wp\/v2\/pages\/10712","targetHints":{"allow":["GET"]}}],"collection":[{"href":"https:\/\/www.martinsdelima.com\/pt-pt\/wp-json\/wp\/v2\/pages"}],"about":[{"href":"https:\/\/www.martinsdelima.com\/pt-pt\/wp-json\/wp\/v2\/types\/page"}],"author":[{"embeddable":true,"href":"https:\/\/www.martinsdelima.com\/pt-pt\/wp-json\/wp\/v2\/users\/1"}],"replies":[{"embeddable":true,"href":"https:\/\/www.martinsdelima.com\/pt-pt\/wp-json\/wp\/v2\/comments?post=10712"}],"version-history":[{"count":1,"href":"https:\/\/www.martinsdelima.com\/pt-pt\/wp-json\/wp\/v2\/pages\/10712\/revisions"}],"predecessor-version":[{"id":10713,"href":"https:\/\/www.martinsdelima.com\/pt-pt\/wp-json\/wp\/v2\/pages\/10712\/revisions\/10713"}],"wp:attachment":[{"href":"https:\/\/www.martinsdelima.com\/pt-pt\/wp-json\/wp\/v2\/media?parent=10712"}],"curies":[{"name":"wp","href":"https:\/\/api.w.org\/{rel}","templated":true}]}}