{"id":10724,"date":"2026-01-13T15:53:03","date_gmt":"2026-01-13T15:53:03","guid":{"rendered":"https:\/\/www.martinsdelima.com\/experiencias-concorrencia-posicao\/"},"modified":"2026-02-08T20:02:09","modified_gmt":"2026-02-08T20:02:09","slug":"experiencias-concorrencia-posicao","status":"publish","type":"page","link":"https:\/\/www.martinsdelima.com\/pt-pt\/experiencias-concorrencia-posicao\/","title":{"rendered":"Experi\u00eancias concorr\u00eancia posi\u00e7\u00e3o"},"content":{"rendered":"\t\t<div data-elementor-type=\"wp-page\" data-elementor-id=\"10724\" class=\"elementor elementor-10724 elementor-9050\" data-elementor-post-type=\"page\">\n\t\t\t\t\t\t<section class=\"elementor-section elementor-top-section elementor-element elementor-element-8f0456b elementor-section-full_width elementor-section-stretched elementor-section-height-min-height elementor-section-height-default elementor-section-items-middle\" data-id=\"8f0456b\" data-element_type=\"section\" data-settings=\"{&quot;stretch_section&quot;:&quot;section-stretched&quot;,&quot;background_background&quot;:&quot;classic&quot;}\">\n\t\t\t\t\t\t\t<div class=\"elementor-background-overlay\"><\/div>\n\t\t\t\t\t\t\t<div class=\"elementor-container elementor-column-gap-default\">\n\t\t\t\t\t<div class=\"elementor-column elementor-col-100 elementor-top-column elementor-element elementor-element-3c69b29\" data-id=\"3c69b29\" data-element_type=\"column\">\n\t\t\t<div class=\"elementor-widget-wrap elementor-element-populated\">\n\t\t\t\t\t\t<div class=\"elementor-element elementor-element-585aa77 elementor-widget__width-initial elementor-widget elementor-widget-heading\" data-id=\"585aa77\" data-element_type=\"widget\" data-widget_type=\"heading.default\">\n\t\t\t\t<div class=\"elementor-widget-container\">\n\t\t\t\t\t<h2 class=\"elementor-heading-title elementor-size-default\"><b>Experi\u00eancias<\/b><br><b>Abuso de posi\u00e7\u00e3o dominante e restri\u00e7\u00f5es verticais<\/b><br>Abuso de dom\u00ednio e \"verticais\" num processo competitivo do setor audiovisual<\/h2>\t\t\t\t<\/div>\n\t\t\t\t<\/div>\n\t\t\t\t\t<\/div>\n\t\t<\/div>\n\t\t\t\t\t<\/div>\n\t\t<\/section>\n\t\t\t\t<section class=\"elementor-section elementor-top-section elementor-element elementor-element-a744b8e elementor-section-boxed elementor-section-height-default elementor-section-height-default\" data-id=\"a744b8e\" data-element_type=\"section\">\n\t\t\t\t\t\t<div class=\"elementor-container elementor-column-gap-default\">\n\t\t\t\t\t<div class=\"elementor-column elementor-col-100 elementor-top-column elementor-element elementor-element-57e9261\" data-id=\"57e9261\" data-element_type=\"column\">\n\t\t\t<div class=\"elementor-widget-wrap elementor-element-populated\">\n\t\t\t\t\t\t<div class=\"elementor-element elementor-element-2bdd3d8 elementor-widget elementor-widget-text-editor\" data-id=\"2bdd3d8\" data-element_type=\"widget\" data-widget_type=\"text-editor.default\">\n\t\t\t\t<div class=\"elementor-widget-container\">\n\t\t\t\t\t\t\t\t\t<h6>Neste caso, a martinsdelima atuou como <strong>perito econ\u00f3mico independente<\/strong> num conflito de concorr\u00eancia surgido em torno da <strong>comercializa\u00e7\u00e3o grossista de direitos audiovisuais premium<\/strong> organizados mediante um <strong>procedimento p\u00fablico e competitivo<\/strong>. A controv\u00e9rsia articulou-se como uma acusa\u00e7\u00e3o de <strong>abuso de posi\u00e7\u00e3o dominante<\/strong> e de pr\u00e1ticas com efeito excludente num mercado especialmente sens\u00edvel: o acesso a conte\u00fados audiovisuais de alto valor por parte de operadores interessados na sua explora\u00e7\u00e3o. <\/h6><h6>O caso teve uma primeira vertente claramente \u201cde expediente\u201d: a an\u00e1lise detalhada do <strong>procedimento de licita\u00e7\u00e3o<\/strong>, as suas bases, os requisitos exigidos e a forma como se avaliaram as propostas. O nosso trabalho focou-se em se o processo tinha sido <strong>transparente, n\u00e3o discriminat\u00f3rio<\/strong> e baseado em <strong>crit\u00e9rios objetivos<\/strong>, e em como se geriram as incid\u00eancias documentais detetadas nas propostas de um dos licitadores. <\/h6><h6>A segunda vertente foi processual: ap\u00f3s a licita\u00e7\u00e3o, a controv\u00e9rsia escalou para um cen\u00e1rio de <strong>a\u00e7\u00e3o e reconven\u00e7\u00e3o<\/strong>, no qual <strong>se tentou converter uma discuss\u00e3o t\u00e9cnica<\/strong> (cumprimento de bases, sana\u00e7\u00f5es e crit\u00e9rios de adjudica\u00e7\u00e3o) <strong>numa narrativa de exclus\u00e3o anticoncorrencial<\/strong>. Nesse contexto, o nosso relat\u00f3rio foi fundamental para ordenar os factos, separar o jur\u00eddico do econ\u00f3mico e dotar o procedimento de <strong>um relato verific\u00e1vel e economicamente coerente<\/strong>.<\/h6><h6>Um dos pontos mais determinantes foi demonstrar, com documenta\u00e7\u00e3o e l\u00f3gica econ\u00f3mica, que a suposta exclus\u00e3o n\u00e3o respondia a arbitrariedade, mas a <strong>incumprimentos e conting\u00eancias na pr\u00f3pria proposta<\/strong> e \u00e0 aplica\u00e7\u00e3o estrita de regras comuns para todos os candidatos. Por outras palavras: o relevante n\u00e3o era \u201cquem\u201d apresentava a proposta, mas <strong>se cumpria as condi\u00e7\u00f5es do concurso<\/strong> e se a sua proposta era a melhor conforme as bases. <\/h6><h6>A n\u00edvel de concorr\u00eancia, abord\u00e1mos com rigor tr\u00eas frentes: <strong>mercado relevante<\/strong>, <strong>posi\u00e7\u00e3o de dom\u00ednio<\/strong> e <strong>evid\u00eancia de conduta abusiva<\/strong>. Rebatemos defini\u00e7\u00f5es demasiado restritas do mercado <strong>geogr\u00e1fico<\/strong>, destacando que a <strong>comercializa\u00e7\u00e3o e a capacidade de apresentar propostas n\u00e3o se limitam de forma autom\u00e1tica ao \u00e2mbito nacional quando existe procura e explora\u00e7\u00e3o internacional<\/strong>; e revimos criticamente os crit\u00e9rios utilizados para inferir poder de mercado e efeitos excludentes. <\/h6><h6>Metodologicamente, o trabalho foi constru\u00eddo como uma <strong>an\u00e1lise cr\u00edtica do relat\u00f3rio pericial da contraparte<\/strong>:<\/h6><h6>(i) reconstru\u00e7\u00e3o de <strong>factos<\/strong> e <strong>comunica\u00e7\u00f5es<\/strong> relevantes;<\/h6><h6>(ii) <strong>valida\u00e7\u00e3o econ\u00f3mica<\/strong> dos motivos de rejei\u00e7\u00e3o\/adjudica\u00e7\u00e3o;<\/h6><h6>(iii) contraste com <strong>padr\u00f5es de concorr\u00eancia<\/strong> e racionalidade econ\u00f3mica; e<\/h6><h6>(iv) revis\u00e3o exaustiva da <strong>quantifica\u00e7\u00e3o do preju\u00edzo e da sua metodologia<\/strong>, incluindo a possibilidade de propor <strong>uma abordagem alternativa<\/strong> se fosse necess\u00e1rio.<\/h6><h6>O resultado foi uma posi\u00e7\u00e3o t\u00e9cnica s\u00f3lida que permitiu sustentar a defesa com <strong>argumentos objetivos, verific\u00e1veis e alinhados com um processo competitivo<\/strong>, refor\u00e7ando de forma decisiva a credibilidade econ\u00f3mica do caso.<\/h6>\t\t\t\t\t\t\t\t<\/div>\n\t\t\t\t<\/div>\n\t\t\t\t\t<\/div>\n\t\t<\/div>\n\t\t\t\t\t<\/div>\n\t\t<\/section>\n\t\t\t\t<\/div>\n\t\t","protected":false},"excerpt":{"rendered":"<p>Experi\u00eanciasAbuso de posi\u00e7\u00e3o dominante e restri\u00e7\u00f5es verticaisAbuso de dom\u00ednio e &#8220;verticais&#8221; num processo competitivo do setor audiovisual Neste caso, a martinsdelima atuou como perito econ\u00f3mico independente num conflito de concorr\u00eancia surgido em torno da comercializa\u00e7\u00e3o grossista de direitos audiovisuais premium organizados mediante um procedimento p\u00fablico e competitivo. A controv\u00e9rsia articulou-se [&hellip;]<\/p>\n","protected":false},"author":1,"featured_media":0,"parent":0,"menu_order":0,"comment_status":"closed","ping_status":"closed","template":"page-templates\/template-pagebuilder-full-width.php","meta":{"footnotes":""},"class_list":["post-10724","page","type-page","status-publish","hentry"],"yoast_head":"<!-- This site is optimized with the Yoast SEO plugin v26.4 - https:\/\/yoast.com\/wordpress\/plugins\/seo\/ -->\n<title>Experi\u00eancias concorr\u00eancia posi\u00e7\u00e3o - Martinsdelima<\/title>\n<meta name=\"robots\" content=\"index, follow, max-snippet:-1, max-image-preview:large, max-video-preview:-1\" \/>\n<link rel=\"canonical\" href=\"https:\/\/www.martinsdelima.com\/pt-pt\/experiencias-concorrencia-posicao\/\" \/>\n<meta property=\"og:locale\" content=\"pt_PT\" \/>\n<meta property=\"og:type\" content=\"article\" \/>\n<meta property=\"og:title\" content=\"Experi\u00eancias concorr\u00eancia posi\u00e7\u00e3o - Martinsdelima\" \/>\n<meta property=\"og:description\" content=\"Experi\u00eanciasAbuso de posi\u00e7\u00e3o dominante e restri\u00e7\u00f5es verticaisAbuso de dom\u00ednio e &#8220;verticais&#8221; num processo competitivo do setor audiovisual Neste caso, a martinsdelima atuou como perito econ\u00f3mico independente num conflito de concorr\u00eancia surgido em torno da comercializa\u00e7\u00e3o grossista de direitos audiovisuais premium organizados mediante um procedimento p\u00fablico e competitivo. A controv\u00e9rsia articulou-se [&hellip;]\" \/>\n<meta property=\"og:url\" content=\"https:\/\/www.martinsdelima.com\/pt-pt\/experiencias-concorrencia-posicao\/\" \/>\n<meta property=\"og:site_name\" content=\"Martinsdelima\" \/>\n<meta property=\"article:modified_time\" content=\"2026-02-08T20:02:09+00:00\" \/>\n<meta name=\"twitter:card\" content=\"summary_large_image\" \/>\n<meta name=\"twitter:label1\" content=\"Tempo estimado de leitura\" \/>\n\t<meta name=\"twitter:data1\" content=\"3 minutos\" \/>\n<script type=\"application\/ld+json\" class=\"yoast-schema-graph\">{\"@context\":\"https:\/\/schema.org\",\"@graph\":[{\"@type\":\"WebPage\",\"@id\":\"https:\/\/www.martinsdelima.com\/pt-pt\/experiencias-concorrencia-posicao\/\",\"url\":\"https:\/\/www.martinsdelima.com\/pt-pt\/experiencias-concorrencia-posicao\/\",\"name\":\"Experi\u00eancias concorr\u00eancia posi\u00e7\u00e3o - Martinsdelima\",\"isPartOf\":{\"@id\":\"https:\/\/www.martinsdelima.com\/pt-pt\/#website\"},\"datePublished\":\"2026-01-13T15:53:03+00:00\",\"dateModified\":\"2026-02-08T20:02:09+00:00\",\"breadcrumb\":{\"@id\":\"https:\/\/www.martinsdelima.com\/pt-pt\/experiencias-concorrencia-posicao\/#breadcrumb\"},\"inLanguage\":\"pt-PT\",\"potentialAction\":[{\"@type\":\"ReadAction\",\"target\":[\"https:\/\/www.martinsdelima.com\/pt-pt\/experiencias-concorrencia-posicao\/\"]}]},{\"@type\":\"BreadcrumbList\",\"@id\":\"https:\/\/www.martinsdelima.com\/pt-pt\/experiencias-concorrencia-posicao\/#breadcrumb\",\"itemListElement\":[{\"@type\":\"ListItem\",\"position\":1,\"name\":\"P\u00e1gina inicial\",\"item\":\"https:\/\/www.martinsdelima.com\/pt-pt\/inicio\/\"},{\"@type\":\"ListItem\",\"position\":2,\"name\":\"Experi\u00eancias concorr\u00eancia posi\u00e7\u00e3o\"}]},{\"@type\":\"WebSite\",\"@id\":\"https:\/\/www.martinsdelima.com\/pt-pt\/#website\",\"url\":\"https:\/\/www.martinsdelima.com\/pt-pt\/\",\"name\":\"Martinsdelima\",\"description\":\"Forensic&amp;Finance\",\"publisher\":{\"@id\":\"https:\/\/www.martinsdelima.com\/pt-pt\/#organization\"},\"potentialAction\":[{\"@type\":\"SearchAction\",\"target\":{\"@type\":\"EntryPoint\",\"urlTemplate\":\"https:\/\/www.martinsdelima.com\/pt-pt\/?s={search_term_string}\"},\"query-input\":{\"@type\":\"PropertyValueSpecification\",\"valueRequired\":true,\"valueName\":\"search_term_string\"}}],\"inLanguage\":\"pt-PT\"},{\"@type\":\"Organization\",\"@id\":\"https:\/\/www.martinsdelima.com\/pt-pt\/#organization\",\"name\":\"Martinsdelima\",\"url\":\"https:\/\/www.martinsdelima.com\/pt-pt\/\",\"logo\":{\"@type\":\"ImageObject\",\"inLanguage\":\"pt-PT\",\"@id\":\"https:\/\/www.martinsdelima.com\/pt-pt\/#\/schema\/logo\/image\/\",\"url\":\"https:\/\/mligy6wbr5rs.i.optimole.com\/w:auto\/h:auto\/q:mauto\/f:best\/https:\/\/www.martinsdelima.com\/wp-content\/uploads\/2025\/10\/martinsdelima-letras-claras-horizontal.png\",\"contentUrl\":\"https:\/\/mligy6wbr5rs.i.optimole.com\/w:auto\/h:auto\/q:mauto\/f:best\/https:\/\/www.martinsdelima.com\/wp-content\/uploads\/2025\/10\/martinsdelima-letras-claras-horizontal.png\",\"width\":1315,\"height\":217,\"caption\":\"Martinsdelima\"},\"image\":{\"@id\":\"https:\/\/www.martinsdelima.com\/pt-pt\/#\/schema\/logo\/image\/\"}}]}<\/script>\n<!-- \/ Yoast SEO plugin. -->","yoast_head_json":{"title":"Experi\u00eancias concorr\u00eancia posi\u00e7\u00e3o - Martinsdelima","robots":{"index":"index","follow":"follow","max-snippet":"max-snippet:-1","max-image-preview":"max-image-preview:large","max-video-preview":"max-video-preview:-1"},"canonical":"https:\/\/www.martinsdelima.com\/pt-pt\/experiencias-concorrencia-posicao\/","og_locale":"pt_PT","og_type":"article","og_title":"Experi\u00eancias concorr\u00eancia posi\u00e7\u00e3o - Martinsdelima","og_description":"Experi\u00eanciasAbuso de posi\u00e7\u00e3o dominante e restri\u00e7\u00f5es verticaisAbuso de dom\u00ednio e &#8220;verticais&#8221; num processo competitivo do setor audiovisual Neste caso, a martinsdelima atuou como perito econ\u00f3mico independente num conflito de concorr\u00eancia surgido em torno da comercializa\u00e7\u00e3o grossista de direitos audiovisuais premium organizados mediante um procedimento p\u00fablico e competitivo. A controv\u00e9rsia articulou-se [&hellip;]","og_url":"https:\/\/www.martinsdelima.com\/pt-pt\/experiencias-concorrencia-posicao\/","og_site_name":"Martinsdelima","article_modified_time":"2026-02-08T20:02:09+00:00","twitter_card":"summary_large_image","twitter_misc":{"Tempo estimado de leitura":"3 minutos"},"schema":{"@context":"https:\/\/schema.org","@graph":[{"@type":"WebPage","@id":"https:\/\/www.martinsdelima.com\/pt-pt\/experiencias-concorrencia-posicao\/","url":"https:\/\/www.martinsdelima.com\/pt-pt\/experiencias-concorrencia-posicao\/","name":"Experi\u00eancias concorr\u00eancia posi\u00e7\u00e3o - Martinsdelima","isPartOf":{"@id":"https:\/\/www.martinsdelima.com\/pt-pt\/#website"},"datePublished":"2026-01-13T15:53:03+00:00","dateModified":"2026-02-08T20:02:09+00:00","breadcrumb":{"@id":"https:\/\/www.martinsdelima.com\/pt-pt\/experiencias-concorrencia-posicao\/#breadcrumb"},"inLanguage":"pt-PT","potentialAction":[{"@type":"ReadAction","target":["https:\/\/www.martinsdelima.com\/pt-pt\/experiencias-concorrencia-posicao\/"]}]},{"@type":"BreadcrumbList","@id":"https:\/\/www.martinsdelima.com\/pt-pt\/experiencias-concorrencia-posicao\/#breadcrumb","itemListElement":[{"@type":"ListItem","position":1,"name":"P\u00e1gina inicial","item":"https:\/\/www.martinsdelima.com\/pt-pt\/inicio\/"},{"@type":"ListItem","position":2,"name":"Experi\u00eancias concorr\u00eancia posi\u00e7\u00e3o"}]},{"@type":"WebSite","@id":"https:\/\/www.martinsdelima.com\/pt-pt\/#website","url":"https:\/\/www.martinsdelima.com\/pt-pt\/","name":"Martinsdelima","description":"Forensic&amp;Finance","publisher":{"@id":"https:\/\/www.martinsdelima.com\/pt-pt\/#organization"},"potentialAction":[{"@type":"SearchAction","target":{"@type":"EntryPoint","urlTemplate":"https:\/\/www.martinsdelima.com\/pt-pt\/?s={search_term_string}"},"query-input":{"@type":"PropertyValueSpecification","valueRequired":true,"valueName":"search_term_string"}}],"inLanguage":"pt-PT"},{"@type":"Organization","@id":"https:\/\/www.martinsdelima.com\/pt-pt\/#organization","name":"Martinsdelima","url":"https:\/\/www.martinsdelima.com\/pt-pt\/","logo":{"@type":"ImageObject","inLanguage":"pt-PT","@id":"https:\/\/www.martinsdelima.com\/pt-pt\/#\/schema\/logo\/image\/","url":"https:\/\/mligy6wbr5rs.i.optimole.com\/w:auto\/h:auto\/q:mauto\/f:best\/https:\/\/www.martinsdelima.com\/wp-content\/uploads\/2025\/10\/martinsdelima-letras-claras-horizontal.png","contentUrl":"https:\/\/mligy6wbr5rs.i.optimole.com\/w:auto\/h:auto\/q:mauto\/f:best\/https:\/\/www.martinsdelima.com\/wp-content\/uploads\/2025\/10\/martinsdelima-letras-claras-horizontal.png","width":1315,"height":217,"caption":"Martinsdelima"},"image":{"@id":"https:\/\/www.martinsdelima.com\/pt-pt\/#\/schema\/logo\/image\/"}}]}},"_links":{"self":[{"href":"https:\/\/www.martinsdelima.com\/pt-pt\/wp-json\/wp\/v2\/pages\/10724","targetHints":{"allow":["GET"]}}],"collection":[{"href":"https:\/\/www.martinsdelima.com\/pt-pt\/wp-json\/wp\/v2\/pages"}],"about":[{"href":"https:\/\/www.martinsdelima.com\/pt-pt\/wp-json\/wp\/v2\/types\/page"}],"author":[{"embeddable":true,"href":"https:\/\/www.martinsdelima.com\/pt-pt\/wp-json\/wp\/v2\/users\/1"}],"replies":[{"embeddable":true,"href":"https:\/\/www.martinsdelima.com\/pt-pt\/wp-json\/wp\/v2\/comments?post=10724"}],"version-history":[{"count":1,"href":"https:\/\/www.martinsdelima.com\/pt-pt\/wp-json\/wp\/v2\/pages\/10724\/revisions"}],"predecessor-version":[{"id":10726,"href":"https:\/\/www.martinsdelima.com\/pt-pt\/wp-json\/wp\/v2\/pages\/10724\/revisions\/10726"}],"wp:attachment":[{"href":"https:\/\/www.martinsdelima.com\/pt-pt\/wp-json\/wp\/v2\/media?parent=10724"}],"curies":[{"name":"wp","href":"https:\/\/api.w.org\/{rel}","templated":true}]}}