{"id":10736,"date":"2026-01-07T13:55:38","date_gmt":"2026-01-07T13:55:38","guid":{"rendered":"https:\/\/www.martinsdelima.com\/aquisicao-de-centrais-de-energias-renovaveis\/"},"modified":"2026-02-08T20:02:19","modified_gmt":"2026-02-08T20:02:19","slug":"aquisicao-de-centrais-de-energias-renovaveis","status":"publish","type":"page","link":"https:\/\/www.martinsdelima.com\/pt-pt\/aquisicao-de-centrais-de-energias-renovaveis\/","title":{"rendered":"Aquisi\u00e7\u00e3o de Centrais de Energias Renov\u00e1veis"},"content":{"rendered":"\t\t<div data-elementor-type=\"wp-page\" data-elementor-id=\"10736\" class=\"elementor elementor-10736 elementor-8444\" data-elementor-post-type=\"page\">\n\t\t\t\t\t\t<section class=\"elementor-section elementor-top-section elementor-element elementor-element-5861a17 elementor-section-full_width elementor-section-stretched elementor-section-height-min-height elementor-section-height-default elementor-section-items-middle\" data-id=\"5861a17\" data-element_type=\"section\" data-settings=\"{&quot;stretch_section&quot;:&quot;section-stretched&quot;,&quot;background_background&quot;:&quot;classic&quot;}\">\n\t\t\t\t\t\t\t<div class=\"elementor-background-overlay\"><\/div>\n\t\t\t\t\t\t\t<div class=\"elementor-container elementor-column-gap-default\">\n\t\t\t\t\t<div class=\"elementor-column elementor-col-100 elementor-top-column elementor-element elementor-element-ea42bdb\" data-id=\"ea42bdb\" data-element_type=\"column\">\n\t\t\t<div class=\"elementor-widget-wrap elementor-element-populated\">\n\t\t\t\t\t\t<div class=\"elementor-element elementor-element-8924fce elementor-widget elementor-widget-heading\" data-id=\"8924fce\" data-element_type=\"widget\" data-widget_type=\"heading.default\">\n\t\t\t\t<div class=\"elementor-widget-container\">\n\t\t\t\t\t<h2 class=\"elementor-heading-title elementor-size-default\"><b>Experi\u00eancias<\/b><br><b>Avalia\u00e7\u00e3o de Danos<\/b><br>Aquisi\u00e7\u00e3o de centrais de energias renov\u00e1veis. An\u00e1lise T\u00e9cnica Regulat\u00f3ria e Econ\u00f3mica <\/h2>\t\t\t\t<\/div>\n\t\t\t\t<\/div>\n\t\t\t\t\t<\/div>\n\t\t<\/div>\n\t\t\t\t\t<\/div>\n\t\t<\/section>\n\t\t\t\t<section class=\"elementor-section elementor-top-section elementor-element elementor-element-9dff6a0 elementor-section-boxed elementor-section-height-default elementor-section-height-default\" data-id=\"9dff6a0\" data-element_type=\"section\">\n\t\t\t\t\t\t<div class=\"elementor-container elementor-column-gap-default\">\n\t\t\t\t\t<div class=\"elementor-column elementor-col-100 elementor-top-column elementor-element elementor-element-c3e38d1\" data-id=\"c3e38d1\" data-element_type=\"column\">\n\t\t\t<div class=\"elementor-widget-wrap elementor-element-populated\">\n\t\t\t\t\t\t<div class=\"elementor-element elementor-element-78fa56c elementor-widget elementor-widget-text-editor\" data-id=\"78fa56c\" data-element_type=\"widget\" data-widget_type=\"text-editor.default\">\n\t\t\t\t<div class=\"elementor-widget-container\">\n\t\t\t\t\t\t\t\t\t<h6>Num caso recente no setor das energias renov\u00e1veis, uma opera\u00e7\u00e3o de compra e venda de 100% de uma <strong>sociedade propriet\u00e1ria de v\u00e1rios projetos<\/strong> viu-se envolvida numa controv\u00e9rsia ap\u00f3s o fecho: o <strong>comprador questionou uma caracter\u00edstica t\u00e9cnica<\/strong> fundamental de um dos projetos e sustentou que, por isso, o valor pago devia ser ajustado.<\/h6><h6>A diverg\u00eancia escalou rapidamente porque o comprador chegou a reclamar um <strong>preju\u00edzo econ\u00f3mico relevante<\/strong> e, al\u00e9m disso, <strong>reteve parte do pre\u00e7o diferido<\/strong> acordado no contrato. A discuss\u00e3o baseava-se em relat\u00f3rios e comunica\u00e7\u00f5es cruzadas entre as partes, e desembocou num cen\u00e1rio claramente pr\u00e9-contencioso, com a\u00e7\u00e3o judicial interposta pela parte vendedora para reclamar o montante retido. <\/h6><h6>Nesse contexto, a martinsdelima foi designada para apresentar uma vis\u00e3o pericial independente, orientada para dois objetivos:<\/h6><h6>(i) <strong>rever criticamente a base t\u00e9cnica e econ\u00f3mica<\/strong> da reclama\u00e7\u00e3o contr\u00e1ria<\/h6><h6>(ii)<strong> quantificar<\/strong>, com metodologia robusta, o <strong>dano<\/strong> realmente suportado pelo nosso cliente em rela\u00e7\u00e3o com essa reten\u00e7\u00e3o e com as consequ\u00eancias econ\u00f3micas associadas.<\/h6><h6>A <strong>metodologia<\/strong> combinou <strong>an\u00e1lise documental e verifica\u00e7\u00e3o t\u00e9cnica-regulat\u00f3ria<\/strong>. Revimos a documenta\u00e7\u00e3o trocada em due diligence e o <strong>estado real do projeto<\/strong> \u00e0 data da transa\u00e7\u00e3o, contrastando o \u201ccomunicado\u201d face ao efetivamente comprovado. Paralelamente, analis\u00e1mos o <strong>quadro normativo<\/strong> aplic\u00e1vel e os <strong>marcos administrativos<\/strong> relevantes para avaliar se a interpreta\u00e7\u00e3o t\u00e9cnica da contraparte era consistente com a realidade do processo e com a legisla\u00e7\u00e3o setorial. <\/h6><h6>Um ponto diferencial do trabalho foi a <strong>refuta\u00e7\u00e3o<\/strong> <strong>fundamentada<\/strong> dos <strong>relat\u00f3rios<\/strong> <strong>contr\u00e1rios<\/strong>, identificando omiss\u00f5es, enviesamentos e conclus\u00f5es que n\u00e3o se sustentavam ao reconstruir a sequ\u00eancia temporal e documental do projeto. Por exemplo, demonstr\u00e1mos como uma <strong>abordagem parcial podia induzir a qualificar erradamente o estado do ativo<\/strong>, e como era imprescind\u00edvel avaliar o projeto de forma global e com crit\u00e9rios verific\u00e1veis, evitando simplifica\u00e7\u00f5es que distorcem a realidade econ\u00f3mica. <\/h6><h6>O resultado foi um relat\u00f3rio pericial concebido para sustentar uma posi\u00e7\u00e3o processual e negocial s\u00f3lida: uma narrativa clara, tecnicamente consistente, e uma quantifica\u00e7\u00e3o defens\u00e1vel que permite discutir de igual para igual com consultoras e peritos da contraparte. Na pr\u00e1tica, este tipo de trabalhos \u00e9 o que marca a diferen\u00e7a quando h\u00e1 montantes relevantes retidos e a <strong>controv\u00e9rsia exige converter um debate t\u00e9cnico-complexo em conclus\u00f5es compreens\u00edveis e utiliz\u00e1veis<\/strong> em negocia\u00e7\u00e3o e em sala. <\/h6>\t\t\t\t\t\t\t\t<\/div>\n\t\t\t\t<\/div>\n\t\t\t\t\t<\/div>\n\t\t<\/div>\n\t\t\t\t\t<\/div>\n\t\t<\/section>\n\t\t\t\t<\/div>\n\t\t","protected":false},"excerpt":{"rendered":"<p>Experi\u00eanciasAvalia\u00e7\u00e3o de DanosAquisi\u00e7\u00e3o de centrais de energias renov\u00e1veis. An\u00e1lise T\u00e9cnica Regulat\u00f3ria e Econ\u00f3mica Num caso recente no setor das energias renov\u00e1veis, uma opera\u00e7\u00e3o de compra e venda de 100% de uma sociedade propriet\u00e1ria de v\u00e1rios projetos viu-se envolvida numa controv\u00e9rsia ap\u00f3s o fecho: o comprador questionou uma caracter\u00edstica t\u00e9cnica fundamental [&hellip;]<\/p>\n","protected":false},"author":1,"featured_media":0,"parent":0,"menu_order":0,"comment_status":"closed","ping_status":"closed","template":"page-templates\/template-pagebuilder-full-width.php","meta":{"footnotes":""},"class_list":["post-10736","page","type-page","status-publish","hentry"],"yoast_head":"<!-- This site is optimized with the Yoast SEO plugin v26.4 - https:\/\/yoast.com\/wordpress\/plugins\/seo\/ -->\n<title>Aquisi\u00e7\u00e3o de Centrais de Energias Renov\u00e1veis - Martinsdelima<\/title>\n<meta name=\"robots\" content=\"index, follow, max-snippet:-1, max-image-preview:large, max-video-preview:-1\" \/>\n<link rel=\"canonical\" href=\"https:\/\/www.martinsdelima.com\/pt-pt\/aquisicao-de-centrais-de-energias-renovaveis\/\" \/>\n<meta property=\"og:locale\" content=\"pt_PT\" \/>\n<meta property=\"og:type\" content=\"article\" \/>\n<meta property=\"og:title\" content=\"Aquisi\u00e7\u00e3o de Centrais de Energias Renov\u00e1veis - Martinsdelima\" \/>\n<meta property=\"og:description\" content=\"Experi\u00eanciasAvalia\u00e7\u00e3o de DanosAquisi\u00e7\u00e3o de centrais de energias renov\u00e1veis. An\u00e1lise T\u00e9cnica Regulat\u00f3ria e Econ\u00f3mica Num caso recente no setor das energias renov\u00e1veis, uma opera\u00e7\u00e3o de compra e venda de 100% de uma sociedade propriet\u00e1ria de v\u00e1rios projetos viu-se envolvida numa controv\u00e9rsia ap\u00f3s o fecho: o comprador questionou uma caracter\u00edstica t\u00e9cnica fundamental [&hellip;]\" \/>\n<meta property=\"og:url\" content=\"https:\/\/www.martinsdelima.com\/pt-pt\/aquisicao-de-centrais-de-energias-renovaveis\/\" \/>\n<meta property=\"og:site_name\" content=\"Martinsdelima\" \/>\n<meta property=\"article:modified_time\" content=\"2026-02-08T20:02:19+00:00\" \/>\n<meta name=\"twitter:card\" content=\"summary_large_image\" \/>\n<meta name=\"twitter:label1\" content=\"Tempo estimado de leitura\" \/>\n\t<meta name=\"twitter:data1\" content=\"2 minutos\" \/>\n<script type=\"application\/ld+json\" class=\"yoast-schema-graph\">{\"@context\":\"https:\/\/schema.org\",\"@graph\":[{\"@type\":\"WebPage\",\"@id\":\"https:\/\/www.martinsdelima.com\/pt-pt\/aquisicao-de-centrais-de-energias-renovaveis\/\",\"url\":\"https:\/\/www.martinsdelima.com\/pt-pt\/aquisicao-de-centrais-de-energias-renovaveis\/\",\"name\":\"Aquisi\u00e7\u00e3o de Centrais de Energias Renov\u00e1veis - Martinsdelima\",\"isPartOf\":{\"@id\":\"https:\/\/www.martinsdelima.com\/pt-pt\/#website\"},\"datePublished\":\"2026-01-07T13:55:38+00:00\",\"dateModified\":\"2026-02-08T20:02:19+00:00\",\"breadcrumb\":{\"@id\":\"https:\/\/www.martinsdelima.com\/pt-pt\/aquisicao-de-centrais-de-energias-renovaveis\/#breadcrumb\"},\"inLanguage\":\"pt-PT\",\"potentialAction\":[{\"@type\":\"ReadAction\",\"target\":[\"https:\/\/www.martinsdelima.com\/pt-pt\/aquisicao-de-centrais-de-energias-renovaveis\/\"]}]},{\"@type\":\"BreadcrumbList\",\"@id\":\"https:\/\/www.martinsdelima.com\/pt-pt\/aquisicao-de-centrais-de-energias-renovaveis\/#breadcrumb\",\"itemListElement\":[{\"@type\":\"ListItem\",\"position\":1,\"name\":\"P\u00e1gina inicial\",\"item\":\"https:\/\/www.martinsdelima.com\/pt-pt\/inicio\/\"},{\"@type\":\"ListItem\",\"position\":2,\"name\":\"Aquisi\u00e7\u00e3o de Centrais de Energias Renov\u00e1veis\"}]},{\"@type\":\"WebSite\",\"@id\":\"https:\/\/www.martinsdelima.com\/pt-pt\/#website\",\"url\":\"https:\/\/www.martinsdelima.com\/pt-pt\/\",\"name\":\"Martinsdelima\",\"description\":\"Forensic&amp;Finance\",\"publisher\":{\"@id\":\"https:\/\/www.martinsdelima.com\/pt-pt\/#organization\"},\"potentialAction\":[{\"@type\":\"SearchAction\",\"target\":{\"@type\":\"EntryPoint\",\"urlTemplate\":\"https:\/\/www.martinsdelima.com\/pt-pt\/?s={search_term_string}\"},\"query-input\":{\"@type\":\"PropertyValueSpecification\",\"valueRequired\":true,\"valueName\":\"search_term_string\"}}],\"inLanguage\":\"pt-PT\"},{\"@type\":\"Organization\",\"@id\":\"https:\/\/www.martinsdelima.com\/pt-pt\/#organization\",\"name\":\"Martinsdelima\",\"url\":\"https:\/\/www.martinsdelima.com\/pt-pt\/\",\"logo\":{\"@type\":\"ImageObject\",\"inLanguage\":\"pt-PT\",\"@id\":\"https:\/\/www.martinsdelima.com\/pt-pt\/#\/schema\/logo\/image\/\",\"url\":\"https:\/\/mligy6wbr5rs.i.optimole.com\/w:auto\/h:auto\/q:mauto\/f:best\/https:\/\/www.martinsdelima.com\/wp-content\/uploads\/2025\/10\/martinsdelima-letras-claras-horizontal.png\",\"contentUrl\":\"https:\/\/mligy6wbr5rs.i.optimole.com\/w:auto\/h:auto\/q:mauto\/f:best\/https:\/\/www.martinsdelima.com\/wp-content\/uploads\/2025\/10\/martinsdelima-letras-claras-horizontal.png\",\"width\":1315,\"height\":217,\"caption\":\"Martinsdelima\"},\"image\":{\"@id\":\"https:\/\/www.martinsdelima.com\/pt-pt\/#\/schema\/logo\/image\/\"}}]}<\/script>\n<!-- \/ Yoast SEO plugin. -->","yoast_head_json":{"title":"Aquisi\u00e7\u00e3o de Centrais de Energias Renov\u00e1veis - Martinsdelima","robots":{"index":"index","follow":"follow","max-snippet":"max-snippet:-1","max-image-preview":"max-image-preview:large","max-video-preview":"max-video-preview:-1"},"canonical":"https:\/\/www.martinsdelima.com\/pt-pt\/aquisicao-de-centrais-de-energias-renovaveis\/","og_locale":"pt_PT","og_type":"article","og_title":"Aquisi\u00e7\u00e3o de Centrais de Energias Renov\u00e1veis - Martinsdelima","og_description":"Experi\u00eanciasAvalia\u00e7\u00e3o de DanosAquisi\u00e7\u00e3o de centrais de energias renov\u00e1veis. An\u00e1lise T\u00e9cnica Regulat\u00f3ria e Econ\u00f3mica Num caso recente no setor das energias renov\u00e1veis, uma opera\u00e7\u00e3o de compra e venda de 100% de uma sociedade propriet\u00e1ria de v\u00e1rios projetos viu-se envolvida numa controv\u00e9rsia ap\u00f3s o fecho: o comprador questionou uma caracter\u00edstica t\u00e9cnica fundamental [&hellip;]","og_url":"https:\/\/www.martinsdelima.com\/pt-pt\/aquisicao-de-centrais-de-energias-renovaveis\/","og_site_name":"Martinsdelima","article_modified_time":"2026-02-08T20:02:19+00:00","twitter_card":"summary_large_image","twitter_misc":{"Tempo estimado de leitura":"2 minutos"},"schema":{"@context":"https:\/\/schema.org","@graph":[{"@type":"WebPage","@id":"https:\/\/www.martinsdelima.com\/pt-pt\/aquisicao-de-centrais-de-energias-renovaveis\/","url":"https:\/\/www.martinsdelima.com\/pt-pt\/aquisicao-de-centrais-de-energias-renovaveis\/","name":"Aquisi\u00e7\u00e3o de Centrais de Energias Renov\u00e1veis - Martinsdelima","isPartOf":{"@id":"https:\/\/www.martinsdelima.com\/pt-pt\/#website"},"datePublished":"2026-01-07T13:55:38+00:00","dateModified":"2026-02-08T20:02:19+00:00","breadcrumb":{"@id":"https:\/\/www.martinsdelima.com\/pt-pt\/aquisicao-de-centrais-de-energias-renovaveis\/#breadcrumb"},"inLanguage":"pt-PT","potentialAction":[{"@type":"ReadAction","target":["https:\/\/www.martinsdelima.com\/pt-pt\/aquisicao-de-centrais-de-energias-renovaveis\/"]}]},{"@type":"BreadcrumbList","@id":"https:\/\/www.martinsdelima.com\/pt-pt\/aquisicao-de-centrais-de-energias-renovaveis\/#breadcrumb","itemListElement":[{"@type":"ListItem","position":1,"name":"P\u00e1gina inicial","item":"https:\/\/www.martinsdelima.com\/pt-pt\/inicio\/"},{"@type":"ListItem","position":2,"name":"Aquisi\u00e7\u00e3o de Centrais de Energias Renov\u00e1veis"}]},{"@type":"WebSite","@id":"https:\/\/www.martinsdelima.com\/pt-pt\/#website","url":"https:\/\/www.martinsdelima.com\/pt-pt\/","name":"Martinsdelima","description":"Forensic&amp;Finance","publisher":{"@id":"https:\/\/www.martinsdelima.com\/pt-pt\/#organization"},"potentialAction":[{"@type":"SearchAction","target":{"@type":"EntryPoint","urlTemplate":"https:\/\/www.martinsdelima.com\/pt-pt\/?s={search_term_string}"},"query-input":{"@type":"PropertyValueSpecification","valueRequired":true,"valueName":"search_term_string"}}],"inLanguage":"pt-PT"},{"@type":"Organization","@id":"https:\/\/www.martinsdelima.com\/pt-pt\/#organization","name":"Martinsdelima","url":"https:\/\/www.martinsdelima.com\/pt-pt\/","logo":{"@type":"ImageObject","inLanguage":"pt-PT","@id":"https:\/\/www.martinsdelima.com\/pt-pt\/#\/schema\/logo\/image\/","url":"https:\/\/mligy6wbr5rs.i.optimole.com\/w:auto\/h:auto\/q:mauto\/f:best\/https:\/\/www.martinsdelima.com\/wp-content\/uploads\/2025\/10\/martinsdelima-letras-claras-horizontal.png","contentUrl":"https:\/\/mligy6wbr5rs.i.optimole.com\/w:auto\/h:auto\/q:mauto\/f:best\/https:\/\/www.martinsdelima.com\/wp-content\/uploads\/2025\/10\/martinsdelima-letras-claras-horizontal.png","width":1315,"height":217,"caption":"Martinsdelima"},"image":{"@id":"https:\/\/www.martinsdelima.com\/pt-pt\/#\/schema\/logo\/image\/"}}]}},"_links":{"self":[{"href":"https:\/\/www.martinsdelima.com\/pt-pt\/wp-json\/wp\/v2\/pages\/10736","targetHints":{"allow":["GET"]}}],"collection":[{"href":"https:\/\/www.martinsdelima.com\/pt-pt\/wp-json\/wp\/v2\/pages"}],"about":[{"href":"https:\/\/www.martinsdelima.com\/pt-pt\/wp-json\/wp\/v2\/types\/page"}],"author":[{"embeddable":true,"href":"https:\/\/www.martinsdelima.com\/pt-pt\/wp-json\/wp\/v2\/users\/1"}],"replies":[{"embeddable":true,"href":"https:\/\/www.martinsdelima.com\/pt-pt\/wp-json\/wp\/v2\/comments?post=10736"}],"version-history":[{"count":1,"href":"https:\/\/www.martinsdelima.com\/pt-pt\/wp-json\/wp\/v2\/pages\/10736\/revisions"}],"predecessor-version":[{"id":10738,"href":"https:\/\/www.martinsdelima.com\/pt-pt\/wp-json\/wp\/v2\/pages\/10736\/revisions\/10738"}],"wp:attachment":[{"href":"https:\/\/www.martinsdelima.com\/pt-pt\/wp-json\/wp\/v2\/media?parent=10736"}],"curies":[{"name":"wp","href":"https:\/\/api.w.org\/{rel}","templated":true}]}}