{"id":10743,"date":"2026-01-07T14:36:52","date_gmt":"2026-01-07T14:36:52","guid":{"rendered":"https:\/\/www.martinsdelima.com\/experiencias-pagamento-variavel\/"},"modified":"2026-02-08T20:02:19","modified_gmt":"2026-02-08T20:02:19","slug":"experiencias-pagamento-variavel","status":"publish","type":"page","link":"https:\/\/www.martinsdelima.com\/pt-pt\/experiencias-pagamento-variavel\/","title":{"rendered":"Experi\u00eancias Pagamento Vari\u00e1vel"},"content":{"rendered":"\t\t<div data-elementor-type=\"wp-page\" data-elementor-id=\"10743\" class=\"elementor elementor-10743 elementor-8512\" data-elementor-post-type=\"page\">\n\t\t\t\t\t\t<section class=\"elementor-section elementor-top-section elementor-element elementor-element-5861a17 elementor-section-full_width elementor-section-stretched elementor-section-height-min-height elementor-section-height-default elementor-section-items-middle\" data-id=\"5861a17\" data-element_type=\"section\" data-settings=\"{&quot;stretch_section&quot;:&quot;section-stretched&quot;,&quot;background_background&quot;:&quot;classic&quot;}\">\n\t\t\t\t\t\t\t<div class=\"elementor-background-overlay\"><\/div>\n\t\t\t\t\t\t\t<div class=\"elementor-container elementor-column-gap-default\">\n\t\t\t\t\t<div class=\"elementor-column elementor-col-100 elementor-top-column elementor-element elementor-element-ea42bdb\" data-id=\"ea42bdb\" data-element_type=\"column\">\n\t\t\t<div class=\"elementor-widget-wrap elementor-element-populated\">\n\t\t\t\t\t\t<div class=\"elementor-element elementor-element-8924fce elementor-widget elementor-widget-heading\" data-id=\"8924fce\" data-element_type=\"widget\" data-widget_type=\"heading.default\">\n\t\t\t\t<div class=\"elementor-widget-container\">\n\t\t\t\t\t<h2 class=\"elementor-heading-title elementor-size-default\"><b>Experi\u00eancias<\/b><br><b>P\u00f3s - M&amp;A<\/b><br>Pagamento vari\u00e1vel \"Earn Out\" em transa\u00e7\u00e3o de Hospital Veterin\u00e1rio<\/h2>\t\t\t\t<\/div>\n\t\t\t\t<\/div>\n\t\t\t\t\t<\/div>\n\t\t<\/div>\n\t\t\t\t\t<\/div>\n\t\t<\/section>\n\t\t\t\t<section class=\"elementor-section elementor-top-section elementor-element elementor-element-9dff6a0 elementor-section-boxed elementor-section-height-default elementor-section-height-default\" data-id=\"9dff6a0\" data-element_type=\"section\">\n\t\t\t\t\t\t<div class=\"elementor-container elementor-column-gap-default\">\n\t\t\t\t\t<div class=\"elementor-column elementor-col-100 elementor-top-column elementor-element elementor-element-c3e38d1\" data-id=\"c3e38d1\" data-element_type=\"column\">\n\t\t\t<div class=\"elementor-widget-wrap elementor-element-populated\">\n\t\t\t\t\t\t<div class=\"elementor-element elementor-element-78fa56c elementor-widget elementor-widget-text-editor\" data-id=\"78fa56c\" data-element_type=\"widget\" data-widget_type=\"text-editor.default\">\n\t\t\t\t<div class=\"elementor-widget-container\">\n\t\t\t\t\t\t\t\t\t<h6>Numa opera\u00e7\u00e3o de compra e venda de 100% de uma sociedade titular de dois hospitais veterin\u00e1rios na Comunidade de Madrid, a transa\u00e7\u00e3o foi estruturada com um <strong>pre\u00e7o inicial e um pagamento vari\u00e1vel (earn-out)<\/strong> ligado \u00e0 <strong>evolu\u00e7\u00e3o do neg\u00f3cio<\/strong> em exerc\u00edcios posteriores. A controv\u00e9rsia surgiu quando, ap\u00f3s o fecho, se questionou <strong>como deveriam ser medidos (e comprovados) os objetivos<\/strong> econ\u00f3micos que ativavam esses pagamentos adicionais. <\/h6><h6>Neste contexto, a martinsdelima foi designada para aportar uma vis\u00e3o pericial independente com um duplo foco: por um lado, reconstruir com precis\u00e3o como deveriam ser interpretadas as <strong>cl\u00e1usulas de pagamento vari\u00e1vel<\/strong> e, por outro, analisar o <strong>desempenho real e hist\u00f3rico do neg\u00f3cio<\/strong> e a sua evolu\u00e7\u00e3o expect\u00e1vel dentro de um setor em crescimento.<\/h6><h6>O elemento chave do caso foi que, ap\u00f3s a aquisi\u00e7\u00e3o, o <strong>comprador integrou a sociedade numa opera\u00e7\u00e3o corporativa de fus\u00e3o, com partilha e consolida\u00e7\u00e3o de receitas e despesas<\/strong> entre distintas companhias do grupo. Essa integra\u00e7\u00e3o alterou a <strong>rastreabilidade contabil\u00edstica<\/strong> do neg\u00f3cio adquirido e gerou um conflito direto sobre a possibilidade de <strong>verificar os marcos do earn-out<\/strong> e, consequentemente, sobre o direito efetivo a receber o pagamento vari\u00e1vel. <\/h6><h6>Para resolv\u00ea-lo, desenvolvemos uma metodologia s\u00f3lida baseada em<\/h6><h6>(i) an\u00e1lise contratual e <strong>reconstru\u00e7\u00e3o de m\u00e9tricas relevantes<\/strong> (fatura\u00e7\u00e3o, estrutura de custos, EBITDA e restri\u00e7\u00f5es espec\u00edficas)<\/h6><h6>(ii) an\u00e1lise do setor e contraste com <strong>compar\u00e1veis<\/strong><\/h6><h6>(iii) <strong>avalia\u00e7\u00e3o do neg\u00f3cio<\/strong> com triangula\u00e7\u00e3o de m\u00e9todos: <strong>Desconto de Fluxos de Caixa<\/strong> (DCF), m\u00faltiplos de compar\u00e1veis cotadas (<strong>EV\/EBITDA<\/strong> e EV\/Sales) e transa\u00e7\u00f5es precedentes (bases especializadas).<\/h6><h6>Na parte do earn-out, realiz\u00e1mos uma comprova\u00e7\u00e3o t\u00e9cnica de <strong>cumprimento de objetivos<\/strong> baseando-se nas condi\u00e7\u00f5es acordadas (incluindo limites de despesas e regras de c\u00e1lculo), mostrando como, sob as hip\u00f3teses e m\u00e9tricas aplic\u00e1veis, o <strong>pagamento vari\u00e1vel era quantific\u00e1vel de forma objetiva e defens\u00e1vel<\/strong>.<\/h6><h6>Como resultado, o relat\u00f3rio aportou uma <strong>quantifica\u00e7\u00e3o s\u00f3lida do valor do neg\u00f3cio \u00e0 data da transa\u00e7\u00e3o<\/strong> e uma leitura t\u00e9cnica clara do impacto da integra\u00e7\u00e3o societ\u00e1ria nos pagamentos vari\u00e1veis. Em particular, a an\u00e1lise pericial determinou um valor de <strong>capitais pr\u00f3prios<\/strong> (equity value) significativamente <strong>superior<\/strong>, concluindo ainda que o pre\u00e7o acordado no contrato se situava abaixo do mercado, refor\u00e7ando a posi\u00e7\u00e3o do cliente com argumentos verific\u00e1veis e diretamente utiliz\u00e1veis em negocia\u00e7\u00e3o e\/ou sede contenciosa. <\/h6>\t\t\t\t\t\t\t\t<\/div>\n\t\t\t\t<\/div>\n\t\t\t\t\t<\/div>\n\t\t<\/div>\n\t\t\t\t\t<\/div>\n\t\t<\/section>\n\t\t\t\t<\/div>\n\t\t","protected":false},"excerpt":{"rendered":"<p>Experi\u00eanciasP\u00f3s \u2013 M&amp;APagamento vari\u00e1vel &#8220;Earn Out&#8221; em transa\u00e7\u00e3o de Hospital Veterin\u00e1rio Numa opera\u00e7\u00e3o de compra e venda de 100% de uma sociedade titular de dois hospitais veterin\u00e1rios na Comunidade de Madrid, a transa\u00e7\u00e3o foi estruturada com um pre\u00e7o inicial e um pagamento vari\u00e1vel (earn-out) ligado \u00e0 evolu\u00e7\u00e3o do neg\u00f3cio em [&hellip;]<\/p>\n","protected":false},"author":1,"featured_media":0,"parent":0,"menu_order":0,"comment_status":"closed","ping_status":"closed","template":"page-templates\/template-pagebuilder-full-width.php","meta":{"footnotes":""},"class_list":["post-10743","page","type-page","status-publish","hentry"],"yoast_head":"<!-- This site is optimized with the Yoast SEO plugin v26.4 - https:\/\/yoast.com\/wordpress\/plugins\/seo\/ -->\n<title>Experi\u00eancias Pagamento Vari\u00e1vel - Martinsdelima<\/title>\n<meta name=\"robots\" content=\"index, follow, max-snippet:-1, max-image-preview:large, max-video-preview:-1\" \/>\n<link rel=\"canonical\" href=\"https:\/\/www.martinsdelima.com\/pt-pt\/experiencias-pagamento-variavel\/\" \/>\n<meta property=\"og:locale\" content=\"pt_PT\" \/>\n<meta property=\"og:type\" content=\"article\" \/>\n<meta property=\"og:title\" content=\"Experi\u00eancias Pagamento Vari\u00e1vel - Martinsdelima\" \/>\n<meta property=\"og:description\" content=\"Experi\u00eanciasP\u00f3s \u2013 M&amp;APagamento vari\u00e1vel &#8220;Earn Out&#8221; em transa\u00e7\u00e3o de Hospital Veterin\u00e1rio Numa opera\u00e7\u00e3o de compra e venda de 100% de uma sociedade titular de dois hospitais veterin\u00e1rios na Comunidade de Madrid, a transa\u00e7\u00e3o foi estruturada com um pre\u00e7o inicial e um pagamento vari\u00e1vel (earn-out) ligado \u00e0 evolu\u00e7\u00e3o do neg\u00f3cio em [&hellip;]\" \/>\n<meta property=\"og:url\" content=\"https:\/\/www.martinsdelima.com\/pt-pt\/experiencias-pagamento-variavel\/\" \/>\n<meta property=\"og:site_name\" content=\"Martinsdelima\" \/>\n<meta property=\"article:modified_time\" content=\"2026-02-08T20:02:19+00:00\" \/>\n<meta name=\"twitter:card\" content=\"summary_large_image\" \/>\n<meta name=\"twitter:label1\" content=\"Tempo estimado de leitura\" \/>\n\t<meta name=\"twitter:data1\" content=\"2 minutos\" \/>\n<script type=\"application\/ld+json\" class=\"yoast-schema-graph\">{\"@context\":\"https:\/\/schema.org\",\"@graph\":[{\"@type\":\"WebPage\",\"@id\":\"https:\/\/www.martinsdelima.com\/pt-pt\/experiencias-pagamento-variavel\/\",\"url\":\"https:\/\/www.martinsdelima.com\/pt-pt\/experiencias-pagamento-variavel\/\",\"name\":\"Experi\u00eancias Pagamento Vari\u00e1vel - Martinsdelima\",\"isPartOf\":{\"@id\":\"https:\/\/www.martinsdelima.com\/pt-pt\/#website\"},\"datePublished\":\"2026-01-07T14:36:52+00:00\",\"dateModified\":\"2026-02-08T20:02:19+00:00\",\"breadcrumb\":{\"@id\":\"https:\/\/www.martinsdelima.com\/pt-pt\/experiencias-pagamento-variavel\/#breadcrumb\"},\"inLanguage\":\"pt-PT\",\"potentialAction\":[{\"@type\":\"ReadAction\",\"target\":[\"https:\/\/www.martinsdelima.com\/pt-pt\/experiencias-pagamento-variavel\/\"]}]},{\"@type\":\"BreadcrumbList\",\"@id\":\"https:\/\/www.martinsdelima.com\/pt-pt\/experiencias-pagamento-variavel\/#breadcrumb\",\"itemListElement\":[{\"@type\":\"ListItem\",\"position\":1,\"name\":\"P\u00e1gina inicial\",\"item\":\"https:\/\/www.martinsdelima.com\/pt-pt\/inicio\/\"},{\"@type\":\"ListItem\",\"position\":2,\"name\":\"Experi\u00eancias Pagamento Vari\u00e1vel\"}]},{\"@type\":\"WebSite\",\"@id\":\"https:\/\/www.martinsdelima.com\/pt-pt\/#website\",\"url\":\"https:\/\/www.martinsdelima.com\/pt-pt\/\",\"name\":\"Martinsdelima\",\"description\":\"Forensic&amp;Finance\",\"publisher\":{\"@id\":\"https:\/\/www.martinsdelima.com\/pt-pt\/#organization\"},\"potentialAction\":[{\"@type\":\"SearchAction\",\"target\":{\"@type\":\"EntryPoint\",\"urlTemplate\":\"https:\/\/www.martinsdelima.com\/pt-pt\/?s={search_term_string}\"},\"query-input\":{\"@type\":\"PropertyValueSpecification\",\"valueRequired\":true,\"valueName\":\"search_term_string\"}}],\"inLanguage\":\"pt-PT\"},{\"@type\":\"Organization\",\"@id\":\"https:\/\/www.martinsdelima.com\/pt-pt\/#organization\",\"name\":\"Martinsdelima\",\"url\":\"https:\/\/www.martinsdelima.com\/pt-pt\/\",\"logo\":{\"@type\":\"ImageObject\",\"inLanguage\":\"pt-PT\",\"@id\":\"https:\/\/www.martinsdelima.com\/pt-pt\/#\/schema\/logo\/image\/\",\"url\":\"https:\/\/mligy6wbr5rs.i.optimole.com\/w:auto\/h:auto\/q:mauto\/f:best\/https:\/\/www.martinsdelima.com\/wp-content\/uploads\/2025\/10\/martinsdelima-letras-claras-horizontal.png\",\"contentUrl\":\"https:\/\/mligy6wbr5rs.i.optimole.com\/w:auto\/h:auto\/q:mauto\/f:best\/https:\/\/www.martinsdelima.com\/wp-content\/uploads\/2025\/10\/martinsdelima-letras-claras-horizontal.png\",\"width\":1315,\"height\":217,\"caption\":\"Martinsdelima\"},\"image\":{\"@id\":\"https:\/\/www.martinsdelima.com\/pt-pt\/#\/schema\/logo\/image\/\"}}]}<\/script>\n<!-- \/ Yoast SEO plugin. -->","yoast_head_json":{"title":"Experi\u00eancias Pagamento Vari\u00e1vel - Martinsdelima","robots":{"index":"index","follow":"follow","max-snippet":"max-snippet:-1","max-image-preview":"max-image-preview:large","max-video-preview":"max-video-preview:-1"},"canonical":"https:\/\/www.martinsdelima.com\/pt-pt\/experiencias-pagamento-variavel\/","og_locale":"pt_PT","og_type":"article","og_title":"Experi\u00eancias Pagamento Vari\u00e1vel - Martinsdelima","og_description":"Experi\u00eanciasP\u00f3s \u2013 M&amp;APagamento vari\u00e1vel &#8220;Earn Out&#8221; em transa\u00e7\u00e3o de Hospital Veterin\u00e1rio Numa opera\u00e7\u00e3o de compra e venda de 100% de uma sociedade titular de dois hospitais veterin\u00e1rios na Comunidade de Madrid, a transa\u00e7\u00e3o foi estruturada com um pre\u00e7o inicial e um pagamento vari\u00e1vel (earn-out) ligado \u00e0 evolu\u00e7\u00e3o do neg\u00f3cio em [&hellip;]","og_url":"https:\/\/www.martinsdelima.com\/pt-pt\/experiencias-pagamento-variavel\/","og_site_name":"Martinsdelima","article_modified_time":"2026-02-08T20:02:19+00:00","twitter_card":"summary_large_image","twitter_misc":{"Tempo estimado de leitura":"2 minutos"},"schema":{"@context":"https:\/\/schema.org","@graph":[{"@type":"WebPage","@id":"https:\/\/www.martinsdelima.com\/pt-pt\/experiencias-pagamento-variavel\/","url":"https:\/\/www.martinsdelima.com\/pt-pt\/experiencias-pagamento-variavel\/","name":"Experi\u00eancias Pagamento Vari\u00e1vel - Martinsdelima","isPartOf":{"@id":"https:\/\/www.martinsdelima.com\/pt-pt\/#website"},"datePublished":"2026-01-07T14:36:52+00:00","dateModified":"2026-02-08T20:02:19+00:00","breadcrumb":{"@id":"https:\/\/www.martinsdelima.com\/pt-pt\/experiencias-pagamento-variavel\/#breadcrumb"},"inLanguage":"pt-PT","potentialAction":[{"@type":"ReadAction","target":["https:\/\/www.martinsdelima.com\/pt-pt\/experiencias-pagamento-variavel\/"]}]},{"@type":"BreadcrumbList","@id":"https:\/\/www.martinsdelima.com\/pt-pt\/experiencias-pagamento-variavel\/#breadcrumb","itemListElement":[{"@type":"ListItem","position":1,"name":"P\u00e1gina inicial","item":"https:\/\/www.martinsdelima.com\/pt-pt\/inicio\/"},{"@type":"ListItem","position":2,"name":"Experi\u00eancias Pagamento Vari\u00e1vel"}]},{"@type":"WebSite","@id":"https:\/\/www.martinsdelima.com\/pt-pt\/#website","url":"https:\/\/www.martinsdelima.com\/pt-pt\/","name":"Martinsdelima","description":"Forensic&amp;Finance","publisher":{"@id":"https:\/\/www.martinsdelima.com\/pt-pt\/#organization"},"potentialAction":[{"@type":"SearchAction","target":{"@type":"EntryPoint","urlTemplate":"https:\/\/www.martinsdelima.com\/pt-pt\/?s={search_term_string}"},"query-input":{"@type":"PropertyValueSpecification","valueRequired":true,"valueName":"search_term_string"}}],"inLanguage":"pt-PT"},{"@type":"Organization","@id":"https:\/\/www.martinsdelima.com\/pt-pt\/#organization","name":"Martinsdelima","url":"https:\/\/www.martinsdelima.com\/pt-pt\/","logo":{"@type":"ImageObject","inLanguage":"pt-PT","@id":"https:\/\/www.martinsdelima.com\/pt-pt\/#\/schema\/logo\/image\/","url":"https:\/\/mligy6wbr5rs.i.optimole.com\/w:auto\/h:auto\/q:mauto\/f:best\/https:\/\/www.martinsdelima.com\/wp-content\/uploads\/2025\/10\/martinsdelima-letras-claras-horizontal.png","contentUrl":"https:\/\/mligy6wbr5rs.i.optimole.com\/w:auto\/h:auto\/q:mauto\/f:best\/https:\/\/www.martinsdelima.com\/wp-content\/uploads\/2025\/10\/martinsdelima-letras-claras-horizontal.png","width":1315,"height":217,"caption":"Martinsdelima"},"image":{"@id":"https:\/\/www.martinsdelima.com\/pt-pt\/#\/schema\/logo\/image\/"}}]}},"_links":{"self":[{"href":"https:\/\/www.martinsdelima.com\/pt-pt\/wp-json\/wp\/v2\/pages\/10743","targetHints":{"allow":["GET"]}}],"collection":[{"href":"https:\/\/www.martinsdelima.com\/pt-pt\/wp-json\/wp\/v2\/pages"}],"about":[{"href":"https:\/\/www.martinsdelima.com\/pt-pt\/wp-json\/wp\/v2\/types\/page"}],"author":[{"embeddable":true,"href":"https:\/\/www.martinsdelima.com\/pt-pt\/wp-json\/wp\/v2\/users\/1"}],"replies":[{"embeddable":true,"href":"https:\/\/www.martinsdelima.com\/pt-pt\/wp-json\/wp\/v2\/comments?post=10743"}],"version-history":[{"count":1,"href":"https:\/\/www.martinsdelima.com\/pt-pt\/wp-json\/wp\/v2\/pages\/10743\/revisions"}],"predecessor-version":[{"id":10745,"href":"https:\/\/www.martinsdelima.com\/pt-pt\/wp-json\/wp\/v2\/pages\/10743\/revisions\/10745"}],"wp:attachment":[{"href":"https:\/\/www.martinsdelima.com\/pt-pt\/wp-json\/wp\/v2\/media?parent=10743"}],"curies":[{"name":"wp","href":"https:\/\/api.w.org\/{rel}","templated":true}]}}