{"id":10787,"date":"2025-11-25T22:35:50","date_gmt":"2025-11-25T22:35:50","guid":{"rendered":"https:\/\/www.martinsdelima.com\/relatorios-periciais-laborais\/"},"modified":"2026-02-12T11:45:12","modified_gmt":"2026-02-12T11:45:12","slug":"relatorios-periciais-laborais","status":"publish","type":"page","link":"https:\/\/www.martinsdelima.com\/pt-pt\/relatorios-periciais-laborais\/","title":{"rendered":"Relat\u00f3rios Periciais Laborais"},"content":{"rendered":"\t\t<div data-elementor-type=\"wp-page\" data-elementor-id=\"10787\" class=\"elementor elementor-10787 elementor-7791\" data-elementor-post-type=\"page\">\n\t\t\t\t\t\t<section class=\"elementor-section elementor-top-section elementor-element elementor-element-5861a17 elementor-section-full_width elementor-section-stretched elementor-section-height-default elementor-section-height-default\" data-id=\"5861a17\" data-element_type=\"section\" data-settings=\"{&quot;stretch_section&quot;:&quot;section-stretched&quot;,&quot;background_background&quot;:&quot;classic&quot;}\">\n\t\t\t\t\t\t\t<div class=\"elementor-background-overlay\"><\/div>\n\t\t\t\t\t\t\t<div class=\"elementor-container elementor-column-gap-default\">\n\t\t\t\t\t<div class=\"elementor-column elementor-col-100 elementor-top-column elementor-element elementor-element-ea42bdb\" data-id=\"ea42bdb\" data-element_type=\"column\">\n\t\t\t<div class=\"elementor-widget-wrap elementor-element-populated\">\n\t\t\t\t\t\t<div class=\"elementor-element elementor-element-8924fce elementor-widget elementor-widget-heading\" data-id=\"8924fce\" data-element_type=\"widget\" data-widget_type=\"heading.default\">\n\t\t\t\t<div class=\"elementor-widget-container\">\n\t\t\t\t\t<h2 class=\"elementor-heading-title elementor-size-default\"><b>Relat\u00f3rios Periciais Laborais e de Recursos Humanos<\/b><\/h2>\t\t\t\t<\/div>\n\t\t\t\t<\/div>\n\t\t\t\t\t<\/div>\n\t\t<\/div>\n\t\t\t\t\t<\/div>\n\t\t<\/section>\n\t\t<div class=\"elementor-element elementor-element-fe28872 e-flex e-con-boxed e-con e-parent\" data-id=\"fe28872\" data-element_type=\"container\">\n\t\t\t\t\t<div class=\"e-con-inner\">\n\t\t<div class=\"elementor-element elementor-element-11786d1 e-con-full e-flex e-con e-child\" data-id=\"11786d1\" data-element_type=\"container\">\n\t\t\t\t<div class=\"elementor-element elementor-element-9f5b602 elementor-widget elementor-widget-text-editor\" data-id=\"9f5b602\" data-element_type=\"widget\" data-widget_type=\"text-editor.default\">\n\t\t\t\t<div class=\"elementor-widget-container\">\n\t\t\t\t\t\t\t\t\t<h6>Na martinsdelima, elaboramos <strong>relat\u00f3rios periciais t\u00e9cnico-laborais<\/strong> para todo o tipo de procedimentos de reorganiza\u00e7\u00e3o empresarial, combinando <strong>an\u00e1lise econ\u00f3mica, operativa, t\u00e9cnica e organizativa<\/strong> com crit\u00e9rio pericial independente. A nossa experi\u00eancia transversal por setores, desde a ind\u00fastria e energia at\u00e9 aos servi\u00e7os, retalho ou ambientes altamente regulamentados, permite-nos situar cada caso no seu contexto real de mercado e de neg\u00f3cio, e construir conclus\u00f5es s\u00f3lidas e defens\u00e1veis. <\/h6><h6><strong> <\/strong><\/h6><h6><strong>Despedimento coletivo: ERE e ERTE<\/strong><\/h6><h6>Preparamos relat\u00f3rios para <strong>expedientes de regulamenta\u00e7\u00e3o de emprego<\/strong>, tanto extintivos como tempor\u00e1rios, comprovando de forma rigorosa a ocorr\u00eancia de <strong>causas econ\u00f3micas, t\u00e9cnicas, organizativas ou produtivas (ETOP)<\/strong>, bem como situa\u00e7\u00f5es de for\u00e7a maior ou outras circunst\u00e2ncias excecionais. Analisamos a evolu\u00e7\u00e3o da <strong>atividade, procura, estrutura de custos, capacidade produtiva, organiza\u00e7\u00e3o do quadro de pessoal e proje\u00e7\u00f5es de viabilidade<\/strong>, para justificar o alcance da medida, a sua proporcionalidade e as suas alternativas poss\u00edveis. Estes trabalhos costumam integrar cen\u00e1rios comparativos e modeliza\u00e7\u00e3o do impacto econ\u00f3mico de diferentes solu\u00e7\u00f5es organizativas.  <\/h6><h6 data-start=\"1931\" data-end=\"1987\"><strong> <\/strong><\/h6><h6 data-start=\"1931\" data-end=\"1987\"><strong>Despedimentos individuais (disciplinares e objetivos)<\/strong><\/h6><h6 data-start=\"1988\" data-end=\"2307\">Emitimos pareceres sobre <strong data-start=\"2014\" data-end=\"2047\">despedimentos por causas objetivas<\/strong> (inaptid\u00e3o superveniente, falta de adapta\u00e7\u00e3o, amortiza\u00e7\u00e3o do posto) e <strong data-start=\"2120\" data-end=\"2138\">disciplinares<\/strong> (transgress\u00e3o da boa-f\u00e9, diminui\u00e7\u00e3o continuada de rendimento, insubordina\u00e7\u00e3o), com verifica\u00e7\u00e3o de <strong data-start=\"2243\" data-end=\"2282\">factos, m\u00e9tricas e proporcionalidade<\/strong>.<\/h6><h6 data-start=\"1988\" data-end=\"2307\">Para tal, fazemos uma <strong>a<\/strong><strong data-start=\"2310\" data-end=\"2336\">uditoria de desempenho<\/strong> e usamos <strong>\u00edndices de refer\u00eancias internas e externas (KPIs, Benchmarks)<\/strong> e revemos a <strong data-start=\"2400\" data-end=\"2427\">rastreabilidade de ordens<\/strong>, comunica\u00e7\u00f5es, protocolos e dilig\u00eancia empresarial.<\/h6><h6 data-start=\"1988\" data-end=\"2307\">Al\u00e9m disso, se necess\u00e1rio, realizamos o <strong>c<\/strong><strong data-start=\"2486\" data-end=\"2516\">\u00e1lculo de indemniza\u00e7\u00f5es<\/strong> e o controlo de <strong data-start=\"2530\" data-end=\"2546\">formalidades<\/strong> (prazos, notifica\u00e7\u00f5es, documenta\u00e7\u00e3o).<\/h6><h6><strong> <\/strong><\/h6><h6><strong>Modifica\u00e7\u00e3o Substancial de Condi\u00e7\u00f5es de Trabalho (MSCT)<\/strong><\/h6><h6>Intervimos em modifica\u00e7\u00f5es substanciais de condi\u00e7\u00f5es de trabalho (MSCT), mobilidade funcional\/geogr\u00e1fica e reestrutura\u00e7\u00f5es internas. Desenvolvemos an\u00e1lises detalhadas de <strong>produtividade, turnos, cargas de trabalho, efici\u00eancia de processos e dimensionamento de quadros de pessoal<\/strong>, contrastando a organiza\u00e7\u00e3o real face \u00e0 procura atual e prevista. Com isto, identificamos inefici\u00eancias, avaliamos a necessidade de mudan\u00e7as estruturais e propomos medidas organizativas vi\u00e1veis para recuperar a competitividade.  <\/h6><h6><strong> <\/strong><\/h6><h6><strong>Alta Dire\u00e7\u00e3o e postos-chave<\/strong><\/h6><h6>Contamos com pr\u00e1tica espec\u00edfica em <strong>relat\u00f3rios relativos \u00e0 alta dire\u00e7\u00e3o e fun\u00e7\u00f5es estrat\u00e9gicas<\/strong>, nos quais analisamos fun\u00e7\u00f5es efetivas, estrutura retributiva e vari\u00e1vel, alinhamento com objetivos, crit\u00e9rios de mercado e rastreabilidade de decis\u00f5es. Estes relat\u00f3rios s\u00e3o habitualmente utilizados em processos de reorganiza\u00e7\u00e3o, conflitos laborais complexos ou revis\u00f5es internas onde \u00e9 necess\u00e1ria uma avalia\u00e7\u00e3o t\u00e9cnica independente. <\/h6><h6><strong> <\/strong><\/h6><h6 data-start=\"3430\" data-end=\"3461\"><strong>Remunera\u00e7\u00e3o e Stock-Options<\/strong><\/h6><h6 data-start=\"3463\" data-end=\"3727\">Aconselhamos em controv\u00e9rsias sobre <strong data-start=\"152\" data-end=\"194\">estrutura retributiva fixa e vari\u00e1vel<\/strong>, <strong data-start=\"196\" data-end=\"205\">b\u00f3nus<\/strong> e <strong data-start=\"208\" data-end=\"236\">incentivos a longo prazo<\/strong> (LTIP, <em data-start=\"244\" data-end=\"270\">Long-Term Incentive Plan<\/em>), como <strong data-start=\"278\" data-end=\"305\">op\u00e7\u00f5es sobre a\u00e7\u00f5es<\/strong> (<em data-start=\"307\" data-end=\"322\">stock options<\/em>), <strong data-start=\"325\" data-end=\"350\">a\u00e7\u00f5es restritas<\/strong> (RSU, <em data-start=\"357\" data-end=\"381\">Restricted Stock Units<\/em>) e <strong data-start=\"385\" data-end=\"403\">phantom shares<\/strong> (direitos econ\u00f3micos que replicam o valor da a\u00e7\u00e3o sem transmiss\u00e3o de titularidade). Tamb\u00e9m analisamos <strong data-start=\"512\" data-end=\"539\">cl\u00e1usulas de prote\u00e7\u00e3o<\/strong> como <em data-start=\"545\" data-end=\"563\">golden parachute<\/em> (compensa\u00e7\u00e3o de sa\u00edda para executivos), <strong data-start=\"606\" data-end=\"625\">no-solicitation<\/strong> (n\u00e3o capta\u00e7\u00e3o de pessoal ou clientes) e <strong data-start=\"666\" data-end=\"681\">perman\u00eancia<\/strong>. <\/h6><h6 data-start=\"0\" data-end=\"417\">Verificamos objetivos e indicadores (<strong data-start=\"37\" data-end=\"44\">KPI<\/strong>, <em data-start=\"46\" data-end=\"74\">Key Performance Indicators<\/em> ou indicadores-chave) e os sistemas de dire\u00e7\u00e3o por objetivos (<strong data-start=\"139\" data-end=\"146\">MBO<\/strong>, <em data-start=\"148\" data-end=\"174\">Management by Objectives<\/em>). Ajustamos os resultados contabil\u00edsticos a margens operacionais como <strong data-start=\"239\" data-end=\"247\">EBIT<\/strong> (<em data-start=\"249\" data-end=\"285\">Earnings Before Interest and Taxes<\/em>) e <strong data-start=\"289\" data-end=\"299\">EBITDA<\/strong> (<em data-start=\"301\" data-end=\"365\">Earnings Before Interest, Taxes, Depreciation and Amortization<\/em>), aplicando os limites do plano (<strong data-start=\"400\" data-end=\"415\">caps\/floors<\/strong>). <\/h6><h6 data-start=\"419\" data-end=\"647\">Revisamos a <strong data-start=\"432\" data-end=\"460\">consist\u00eancia contratual<\/strong>: elegibilidade, <strong data-start=\"476\" data-end=\"487\">devengo<\/strong> (quando nasce o direito), <strong data-start=\"514\" data-end=\"525\">vesting<\/strong> (consolida\u00e7\u00e3o), <strong data-start=\"543\" data-end=\"560\">acelera\u00e7\u00f5es<\/strong>, mecanismos <strong data-start=\"573\" data-end=\"582\">malus<\/strong> (penaliza\u00e7\u00e3o ex post) e <strong data-start=\"608\" data-end=\"620\">clawback<\/strong> (restitui\u00e7\u00e3o de montantes).<\/h6><h6 data-start=\"649\" data-end=\"858\">Comparamos com o <strong data-start=\"667\" data-end=\"678\">mercado<\/strong> (benchmark) para fun\u00e7\u00f5es-chave e alta dire\u00e7\u00e3o, contrastando fixo, vari\u00e1vel e pacotes de longo prazo face a pr\u00e1ticas do setor, e documentamos conclus\u00f5es com rastreabilidade.<\/h6><div><\/div><div><\/div><div><\/div><div><\/div><h6 data-start=\"43\" data-end=\"532\"><strong> <\/strong><\/h6><h6 data-start=\"43\" data-end=\"532\"><strong>Reorganiza\u00e7\u00f5es e conven\u00e7\u00f5es<\/strong><\/h6><h6 data-start=\"43\" data-end=\"532\">Apoiamos processos de <strong data-start=\"64\" data-end=\"82\">reorganiza\u00e7\u00e3o<\/strong> e <strong data-start=\"85\" data-end=\"110\">negocia\u00e7\u00e3o coletiva<\/strong>, per\u00edodo de consultas, modifica\u00e7\u00f5es coletivas, desvincula\u00e7\u00f5es e acordos de empresa, combinando an\u00e1lise organizativa e econ\u00f3mica. Partimos de um <strong data-start=\"276\" data-end=\"309\">diagn\u00f3stico por centros e \u00e1reas<\/strong> (fun\u00e7\u00f5es efetivas, processos, sobreposi\u00e7\u00f5es e dimensionamento) e <strong data-start=\"378\" data-end=\"404\">modelizamos o impacto<\/strong> em custo, servi\u00e7o, produtividade e rota\u00e7\u00e3o, comparando alternativas com crit\u00e9rios de necessidade, adequa\u00e7\u00e3o e proporcionalidade. <\/h6><h6 data-start=\"534\" data-end=\"951\">Se for ponderada a <strong data-start=\"547\" data-end=\"569\">mudan\u00e7a de conven\u00e7\u00e3o<\/strong>, elaboramos um <strong data-start=\"585\" data-end=\"624\">relat\u00f3rio de fun\u00e7\u00f5es e remunera\u00e7\u00f5es<\/strong>: invent\u00e1rio e avalia\u00e7\u00e3o objetiva de fun\u00e7\u00f5es, <strong data-start=\"688\" data-end=\"710\">matrizes de encaixe<\/strong> com a conven\u00e7\u00e3o de destino e <strong data-start=\"740\" data-end=\"758\">quantifica\u00e7\u00e3o<\/strong> de diferen\u00e7as em sal\u00e1rio base, complementos, jornada, piquetes e pr\u00e9mios. Propomos <strong data-start=\"844\" data-end=\"872\">mecanismos de transi\u00e7\u00e3o<\/strong> (absor\u00e7\u00e3o\/compensa\u00e7\u00e3o, calend\u00e1rio e marcos) para uma implementa\u00e7\u00e3o defens\u00e1vel. <\/h6><h6 data-start=\"953\" data-end=\"1434\">Al\u00e9m disso, analisamos <strong data-start=\"972\" data-end=\"996\">conven\u00e7\u00f5es aplic\u00e1veis<\/strong>, <strong data-start=\"998\" data-end=\"1014\">concorr\u00eancia<\/strong> e <strong data-start=\"1017\" data-end=\"1043\">margem de flexibilidade<\/strong> (articula\u00e7\u00e3o, prioridade e procedimentos) para sustentar a escolha do quadro convencional e a viabilidade das medidas.<\/h6><h6><\/h6><h6><\/h6><h6><strong> <\/strong><\/h6><h6><strong>Relat\u00f3rios m\u00e9dicos no \u00e2mbito laboral<\/strong><\/h6><h6>Elaboramos relat\u00f3rios m\u00e9dico-laborais vinculados a processos de incapacidade, aptid\u00e3o para a fun\u00e7\u00e3o, sequelas e avalia\u00e7\u00e3o funcional. Analisamos de forma estruturada a documenta\u00e7\u00e3o cl\u00ednica e a evolu\u00e7\u00e3o do quadro cl\u00ednico para determinar limita\u00e7\u00f5es, progn\u00f3stico e repercuss\u00e3o na atividade profissional, apoiando tecnicamente decis\u00f5es empresariais ou posi\u00e7\u00f5es processuais. <\/h6><div><\/div><div><\/div><div><h2 data-start=\"6102\" data-end=\"6135\"><\/h2><\/div><div><h6 data-start=\"6102\" data-end=\"6135\"><strong> <\/strong><\/h6><h6 data-start=\"6102\" data-end=\"6135\"><strong>Concorr\u00eancia e confidencialidade<\/strong><\/h6><h6>Realizamos relat\u00f3rios sobre <strong data-start=\"6152\" data-end=\"6195\">acordos de n\u00e3o concorr\u00eancia e n\u00e3o capta\u00e7\u00e3o<\/strong>, <strong data-start=\"6197\" data-end=\"6217\">confidencialidade<\/strong>, <strong data-start=\"6219\" data-end=\"6243\">concorr\u00eancia desleal<\/strong>, <strong data-start=\"6245\" data-end=\"6272\">apropria\u00e7\u00e3o de conhecimento (know-how)<\/strong> e <strong data-start=\"6275\" data-end=\"6316\">explora\u00e7\u00e3o de segredos empresariais<\/strong> no \u00e2mbito laboral.<\/h6><h6>Para tal, em primeiro lugar, analisamos os <strong>contratos<\/strong> (\u00e2mbito objetivo\/temporal\/territorial; compensa\u00e7\u00e3o; proporcionalidade). Em seguida, contrastamos com crit\u00e9rios admitidos de <strong>concorr\u00eancia<\/strong> (produto, pre\u00e7o, \u00e2mbito geogr\u00e1fico, imagem, comunica\u00e7\u00e3o, posicionamento). Al\u00e9m disso, rastreamos evid\u00eancias como <strong>movimentos de informa\u00e7\u00e3o, reposit\u00f3rios e acessos<\/strong>.  <\/h6><h6>Finalmente, realizamos a quantifica\u00e7\u00e3o do <strong>dano emergente e lucro cessante<\/strong>.<\/h6><\/div><h6><strong> <\/strong><\/h6><h6><strong>Experi\u00eancia em negocia\u00e7\u00e3o e sede judicial<\/strong><\/h6><h6>Um elemento diferenciador da nossa pr\u00e1tica \u00e9 a combina\u00e7\u00e3o de <strong>capacidade pericial e experi\u00eancia processual e negocial<\/strong>. Contamos com uma vasta experi\u00eancia tanto em sala (ratifica\u00e7\u00e3o e defesa de relat\u00f3rios perante <strong>tribunais e Audi\u00eancia Nacional<\/strong>) como em mesa de negocia\u00e7\u00e3o, acompanhando empresas em per\u00edodos de consultas e negocia\u00e7\u00f5es com <strong>representa\u00e7\u00f5es sindicais e comiss\u00f5es de empresa<\/strong>. Traduzimos dados e documenta\u00e7\u00e3o em argumentos claros, consistentes e \u00fateis para a tomada de decis\u00f5es, facilitando acordos quando poss\u00edvel e fortalecendo a posi\u00e7\u00e3o t\u00e9cnica da empresa quando o conflito chega a sede judicial.<\/h6>\t\t\t\t\t\t\t\t<\/div>\n\t\t\t\t<\/div>\n\t\t\t\t<\/div>\n\t\t\t\t\t<\/div>\n\t\t\t\t<\/div>\n\t\t\t\t<\/div>\n\t\t","protected":false},"excerpt":{"rendered":"<p>Relat\u00f3rios Periciais Laborais e de Recursos Humanos Na martinsdelima, elaboramos relat\u00f3rios periciais t\u00e9cnico-laborais para todo o tipo de procedimentos de reorganiza\u00e7\u00e3o empresarial, combinando an\u00e1lise econ\u00f3mica, operativa, t\u00e9cnica e organizativa com crit\u00e9rio pericial independente. A nossa experi\u00eancia transversal por setores, desde a ind\u00fastria e energia at\u00e9 aos servi\u00e7os, retalho ou ambientes [&hellip;]<\/p>\n","protected":false},"author":1,"featured_media":0,"parent":0,"menu_order":0,"comment_status":"closed","ping_status":"closed","template":"page-templates\/template-pagebuilder-full-width.php","meta":{"footnotes":""},"class_list":["post-10787","page","type-page","status-publish","hentry"],"yoast_head":"<!-- This site is optimized with the Yoast SEO plugin v26.4 - https:\/\/yoast.com\/wordpress\/plugins\/seo\/ -->\n<title>Relat\u00f3rios Periciais Laborais - Martinsdelima<\/title>\n<meta name=\"robots\" content=\"index, follow, max-snippet:-1, max-image-preview:large, max-video-preview:-1\" \/>\n<link rel=\"canonical\" href=\"https:\/\/www.martinsdelima.com\/pt-pt\/relatorios-periciais-laborais\/\" \/>\n<meta property=\"og:locale\" content=\"pt_PT\" \/>\n<meta property=\"og:type\" content=\"article\" \/>\n<meta property=\"og:title\" content=\"Relat\u00f3rios Periciais Laborais - Martinsdelima\" \/>\n<meta property=\"og:description\" content=\"Relat\u00f3rios Periciais Laborais e de Recursos Humanos Na martinsdelima, elaboramos relat\u00f3rios periciais t\u00e9cnico-laborais para todo o tipo de procedimentos de reorganiza\u00e7\u00e3o empresarial, combinando an\u00e1lise econ\u00f3mica, operativa, t\u00e9cnica e organizativa com crit\u00e9rio pericial independente. A nossa experi\u00eancia transversal por setores, desde a ind\u00fastria e energia at\u00e9 aos servi\u00e7os, retalho ou ambientes [&hellip;]\" \/>\n<meta property=\"og:url\" content=\"https:\/\/www.martinsdelima.com\/pt-pt\/relatorios-periciais-laborais\/\" \/>\n<meta property=\"og:site_name\" content=\"Martinsdelima\" \/>\n<meta property=\"article:modified_time\" content=\"2026-02-12T11:45:12+00:00\" \/>\n<meta name=\"twitter:card\" content=\"summary_large_image\" \/>\n<meta name=\"twitter:label1\" content=\"Tempo estimado de leitura\" \/>\n\t<meta name=\"twitter:data1\" content=\"5 minutos\" \/>\n<script type=\"application\/ld+json\" class=\"yoast-schema-graph\">{\"@context\":\"https:\/\/schema.org\",\"@graph\":[{\"@type\":\"WebPage\",\"@id\":\"https:\/\/www.martinsdelima.com\/pt-pt\/relatorios-periciais-laborais\/\",\"url\":\"https:\/\/www.martinsdelima.com\/pt-pt\/relatorios-periciais-laborais\/\",\"name\":\"Relat\u00f3rios Periciais Laborais - Martinsdelima\",\"isPartOf\":{\"@id\":\"https:\/\/www.martinsdelima.com\/pt-pt\/#website\"},\"datePublished\":\"2025-11-25T22:35:50+00:00\",\"dateModified\":\"2026-02-12T11:45:12+00:00\",\"breadcrumb\":{\"@id\":\"https:\/\/www.martinsdelima.com\/pt-pt\/relatorios-periciais-laborais\/#breadcrumb\"},\"inLanguage\":\"pt-PT\",\"potentialAction\":[{\"@type\":\"ReadAction\",\"target\":[\"https:\/\/www.martinsdelima.com\/pt-pt\/relatorios-periciais-laborais\/\"]}]},{\"@type\":\"BreadcrumbList\",\"@id\":\"https:\/\/www.martinsdelima.com\/pt-pt\/relatorios-periciais-laborais\/#breadcrumb\",\"itemListElement\":[{\"@type\":\"ListItem\",\"position\":1,\"name\":\"P\u00e1gina inicial\",\"item\":\"https:\/\/www.martinsdelima.com\/pt-pt\/inicio\/\"},{\"@type\":\"ListItem\",\"position\":2,\"name\":\"Relat\u00f3rios Periciais Laborais\"}]},{\"@type\":\"WebSite\",\"@id\":\"https:\/\/www.martinsdelima.com\/pt-pt\/#website\",\"url\":\"https:\/\/www.martinsdelima.com\/pt-pt\/\",\"name\":\"Martinsdelima\",\"description\":\"Forensic&amp;Finance\",\"publisher\":{\"@id\":\"https:\/\/www.martinsdelima.com\/pt-pt\/#organization\"},\"potentialAction\":[{\"@type\":\"SearchAction\",\"target\":{\"@type\":\"EntryPoint\",\"urlTemplate\":\"https:\/\/www.martinsdelima.com\/pt-pt\/?s={search_term_string}\"},\"query-input\":{\"@type\":\"PropertyValueSpecification\",\"valueRequired\":true,\"valueName\":\"search_term_string\"}}],\"inLanguage\":\"pt-PT\"},{\"@type\":\"Organization\",\"@id\":\"https:\/\/www.martinsdelima.com\/pt-pt\/#organization\",\"name\":\"Martinsdelima\",\"url\":\"https:\/\/www.martinsdelima.com\/pt-pt\/\",\"logo\":{\"@type\":\"ImageObject\",\"inLanguage\":\"pt-PT\",\"@id\":\"https:\/\/www.martinsdelima.com\/pt-pt\/#\/schema\/logo\/image\/\",\"url\":\"https:\/\/mligy6wbr5rs.i.optimole.com\/w:auto\/h:auto\/q:mauto\/f:best\/https:\/\/www.martinsdelima.com\/wp-content\/uploads\/2025\/10\/martinsdelima-letras-claras-horizontal.png\",\"contentUrl\":\"https:\/\/mligy6wbr5rs.i.optimole.com\/w:auto\/h:auto\/q:mauto\/f:best\/https:\/\/www.martinsdelima.com\/wp-content\/uploads\/2025\/10\/martinsdelima-letras-claras-horizontal.png\",\"width\":1315,\"height\":217,\"caption\":\"Martinsdelima\"},\"image\":{\"@id\":\"https:\/\/www.martinsdelima.com\/pt-pt\/#\/schema\/logo\/image\/\"}}]}<\/script>\n<!-- \/ Yoast SEO plugin. -->","yoast_head_json":{"title":"Relat\u00f3rios Periciais Laborais - Martinsdelima","robots":{"index":"index","follow":"follow","max-snippet":"max-snippet:-1","max-image-preview":"max-image-preview:large","max-video-preview":"max-video-preview:-1"},"canonical":"https:\/\/www.martinsdelima.com\/pt-pt\/relatorios-periciais-laborais\/","og_locale":"pt_PT","og_type":"article","og_title":"Relat\u00f3rios Periciais Laborais - Martinsdelima","og_description":"Relat\u00f3rios Periciais Laborais e de Recursos Humanos Na martinsdelima, elaboramos relat\u00f3rios periciais t\u00e9cnico-laborais para todo o tipo de procedimentos de reorganiza\u00e7\u00e3o empresarial, combinando an\u00e1lise econ\u00f3mica, operativa, t\u00e9cnica e organizativa com crit\u00e9rio pericial independente. A nossa experi\u00eancia transversal por setores, desde a ind\u00fastria e energia at\u00e9 aos servi\u00e7os, retalho ou ambientes [&hellip;]","og_url":"https:\/\/www.martinsdelima.com\/pt-pt\/relatorios-periciais-laborais\/","og_site_name":"Martinsdelima","article_modified_time":"2026-02-12T11:45:12+00:00","twitter_card":"summary_large_image","twitter_misc":{"Tempo estimado de leitura":"5 minutos"},"schema":{"@context":"https:\/\/schema.org","@graph":[{"@type":"WebPage","@id":"https:\/\/www.martinsdelima.com\/pt-pt\/relatorios-periciais-laborais\/","url":"https:\/\/www.martinsdelima.com\/pt-pt\/relatorios-periciais-laborais\/","name":"Relat\u00f3rios Periciais Laborais - Martinsdelima","isPartOf":{"@id":"https:\/\/www.martinsdelima.com\/pt-pt\/#website"},"datePublished":"2025-11-25T22:35:50+00:00","dateModified":"2026-02-12T11:45:12+00:00","breadcrumb":{"@id":"https:\/\/www.martinsdelima.com\/pt-pt\/relatorios-periciais-laborais\/#breadcrumb"},"inLanguage":"pt-PT","potentialAction":[{"@type":"ReadAction","target":["https:\/\/www.martinsdelima.com\/pt-pt\/relatorios-periciais-laborais\/"]}]},{"@type":"BreadcrumbList","@id":"https:\/\/www.martinsdelima.com\/pt-pt\/relatorios-periciais-laborais\/#breadcrumb","itemListElement":[{"@type":"ListItem","position":1,"name":"P\u00e1gina inicial","item":"https:\/\/www.martinsdelima.com\/pt-pt\/inicio\/"},{"@type":"ListItem","position":2,"name":"Relat\u00f3rios Periciais Laborais"}]},{"@type":"WebSite","@id":"https:\/\/www.martinsdelima.com\/pt-pt\/#website","url":"https:\/\/www.martinsdelima.com\/pt-pt\/","name":"Martinsdelima","description":"Forensic&amp;Finance","publisher":{"@id":"https:\/\/www.martinsdelima.com\/pt-pt\/#organization"},"potentialAction":[{"@type":"SearchAction","target":{"@type":"EntryPoint","urlTemplate":"https:\/\/www.martinsdelima.com\/pt-pt\/?s={search_term_string}"},"query-input":{"@type":"PropertyValueSpecification","valueRequired":true,"valueName":"search_term_string"}}],"inLanguage":"pt-PT"},{"@type":"Organization","@id":"https:\/\/www.martinsdelima.com\/pt-pt\/#organization","name":"Martinsdelima","url":"https:\/\/www.martinsdelima.com\/pt-pt\/","logo":{"@type":"ImageObject","inLanguage":"pt-PT","@id":"https:\/\/www.martinsdelima.com\/pt-pt\/#\/schema\/logo\/image\/","url":"https:\/\/mligy6wbr5rs.i.optimole.com\/w:auto\/h:auto\/q:mauto\/f:best\/https:\/\/www.martinsdelima.com\/wp-content\/uploads\/2025\/10\/martinsdelima-letras-claras-horizontal.png","contentUrl":"https:\/\/mligy6wbr5rs.i.optimole.com\/w:auto\/h:auto\/q:mauto\/f:best\/https:\/\/www.martinsdelima.com\/wp-content\/uploads\/2025\/10\/martinsdelima-letras-claras-horizontal.png","width":1315,"height":217,"caption":"Martinsdelima"},"image":{"@id":"https:\/\/www.martinsdelima.com\/pt-pt\/#\/schema\/logo\/image\/"}}]}},"_links":{"self":[{"href":"https:\/\/www.martinsdelima.com\/pt-pt\/wp-json\/wp\/v2\/pages\/10787","targetHints":{"allow":["GET"]}}],"collection":[{"href":"https:\/\/www.martinsdelima.com\/pt-pt\/wp-json\/wp\/v2\/pages"}],"about":[{"href":"https:\/\/www.martinsdelima.com\/pt-pt\/wp-json\/wp\/v2\/types\/page"}],"author":[{"embeddable":true,"href":"https:\/\/www.martinsdelima.com\/pt-pt\/wp-json\/wp\/v2\/users\/1"}],"replies":[{"embeddable":true,"href":"https:\/\/www.martinsdelima.com\/pt-pt\/wp-json\/wp\/v2\/comments?post=10787"}],"version-history":[{"count":2,"href":"https:\/\/www.martinsdelima.com\/pt-pt\/wp-json\/wp\/v2\/pages\/10787\/revisions"}],"predecessor-version":[{"id":11905,"href":"https:\/\/www.martinsdelima.com\/pt-pt\/wp-json\/wp\/v2\/pages\/10787\/revisions\/11905"}],"wp:attachment":[{"href":"https:\/\/www.martinsdelima.com\/pt-pt\/wp-json\/wp\/v2\/media?parent=10787"}],"curies":[{"name":"wp","href":"https:\/\/api.w.org\/{rel}","templated":true}]}}