{"id":10797,"date":"2025-11-25T21:57:47","date_gmt":"2025-11-25T21:57:47","guid":{"rendered":"https:\/\/www.martinsdelima.com\/relatorios-periciais-economicos\/"},"modified":"2026-02-12T11:42:11","modified_gmt":"2026-02-12T11:42:11","slug":"relatorios-periciais-economicos","status":"publish","type":"page","link":"https:\/\/www.martinsdelima.com\/pt-pt\/relatorios-periciais-economicos\/","title":{"rendered":"Relat\u00f3rios Periciais Econ\u00f3micos"},"content":{"rendered":"\t\t<div data-elementor-type=\"wp-page\" data-elementor-id=\"10797\" class=\"elementor elementor-10797 elementor-7747\" data-elementor-post-type=\"page\">\n\t\t\t\t\t\t<section class=\"elementor-section elementor-top-section elementor-element elementor-element-5861a17 elementor-section-full_width elementor-section-stretched elementor-section-height-default elementor-section-height-default\" data-id=\"5861a17\" data-element_type=\"section\" data-settings=\"{&quot;stretch_section&quot;:&quot;section-stretched&quot;,&quot;background_background&quot;:&quot;classic&quot;}\">\n\t\t\t\t\t\t\t<div class=\"elementor-background-overlay\"><\/div>\n\t\t\t\t\t\t\t<div class=\"elementor-container elementor-column-gap-default\">\n\t\t\t\t\t<div class=\"elementor-column elementor-col-100 elementor-top-column elementor-element elementor-element-ea42bdb\" data-id=\"ea42bdb\" data-element_type=\"column\">\n\t\t\t<div class=\"elementor-widget-wrap elementor-element-populated\">\n\t\t\t\t\t\t<div class=\"elementor-element elementor-element-8924fce elementor-widget elementor-widget-heading\" data-id=\"8924fce\" data-element_type=\"widget\" data-widget_type=\"heading.default\">\n\t\t\t\t<div class=\"elementor-widget-container\">\n\t\t\t\t\t<h2 class=\"elementor-heading-title elementor-size-default\"><b>Relat\u00f3rios Periciais Econ\u00f3micos<\/b><\/h2>\t\t\t\t<\/div>\n\t\t\t\t<\/div>\n\t\t\t\t\t<\/div>\n\t\t<\/div>\n\t\t\t\t\t<\/div>\n\t\t<\/section>\n\t\t<div class=\"elementor-element elementor-element-fe28872 e-flex e-con-boxed e-con e-parent\" data-id=\"fe28872\" data-element_type=\"container\">\n\t\t\t\t\t<div class=\"e-con-inner\">\n\t\t<div class=\"elementor-element elementor-element-11786d1 e-con-full e-flex e-con e-child\" data-id=\"11786d1\" data-element_type=\"container\">\n\t\t\t\t<div class=\"elementor-element elementor-element-9f5b602 elementor-widget elementor-widget-text-editor\" data-id=\"9f5b602\" data-element_type=\"widget\" data-widget_type=\"text-editor.default\">\n\t\t\t\t<div class=\"elementor-widget-container\">\n\t\t\t\t\t\t\t\t\t<h6 class=\"MsoNormal\" style=\"text-align: justify;\">Na \u00e1rea pericial econ\u00f3mica, a <strong>martinsdelima<\/strong> conta com uma experi\u00eancia transversal em setores t\u00e3o diversos como <strong>energia, constru\u00e7\u00e3o, imobili\u00e1rio, ind\u00fastria, media, publicidade, sa\u00fade, log\u00edstica ou telecomunica\u00e7\u00f5es<\/strong>. Isto permite-nos aportar uma vis\u00e3o rigorosa, independente e <strong>defens\u00e1vel em controv\u00e9rsias complexas em qualquer combina\u00e7\u00e3o de setores<\/strong>. <\/h6><h6>Todas as nossas an\u00e1lises econ\u00f3micas e financeiras s\u00e3o realizadas a partir de uma <strong>perspetiva pr\u00e1tica e simples<\/strong>, convertendo dados em argumentos s\u00f3lidos. O nosso objetivo \u00e9 sempre o mesmo: oferecer relat\u00f3rios periciais claros, convincentes e preparados para serem defendidos de forma robusta. <\/h6><h6 class=\"MsoNormal\" style=\"text-align: justify;\"><b> <\/b><\/h6><h6 class=\"MsoNormal\" style=\"text-align: justify;\"><b>Avalia\u00e7\u00e3o de danos<\/b><\/h6><h6 class=\"MsoNormal\" style=\"text-align: justify;\"><strong>A<\/strong><b>valiamos danos<\/b>, elaborando an\u00e1lises econ\u00f3micas detalhadas, por exemplo, em projetos de constru\u00e7\u00e3o e infraestruturas (<strong>custos adicionais, extens\u00f5es de prazo, modifica\u00e7\u00f5es de obra<\/strong>), setor energ\u00e9tico (<strong>desvios or\u00e7amentais, impacto de decis\u00f5es t\u00e9cnicas ou regulat\u00f3rias<\/strong>), hotelaria e restaura\u00e7\u00e3o (<strong>encerramentos, restri\u00e7\u00f5es, defeitos de constru\u00e7\u00e3o, interrup\u00e7\u00f5es de atividade<\/strong>), ambiente e reciclagem (<strong>custos de descontamina\u00e7\u00e3o, paralisa\u00e7\u00f5es<\/strong>), ind\u00fastria (<strong>incidentes operacionais e perdas produtivas<\/strong>) e todo o tipo de setores. Aportamos uma vis\u00e3o clara e acion\u00e1vel na avalia\u00e7\u00e3o de danos, quantificando de forma precisa o impacto real de controv\u00e9rsias contratuais ou perdas de neg\u00f3cio. <\/h6><h6>Por sua vez, combinamos esta an\u00e1lise detalhada e rigorosa com uma exposi\u00e7\u00e3o clara e acess\u00edvel para qualquer leitor, o que nos permite transmitir e sustentar as nossas conclus\u00f5es de forma convincente.<\/h6><h6 class=\"MsoNormal\" style=\"text-align: justify;\"><b> <\/b><\/h6><h6 class=\"MsoNormal\" style=\"text-align: justify;\"><b>Penal Econ\u00f3mico<\/b><\/h6><h6><\/h6><h6><span style=\"font-weight: normal;\">Trabalhamos amplamente na elabora\u00e7\u00e3o de relat\u00f3rios periciais para lit\u00edgios de \u00e2mbito <b>Penal Econ\u00f3mico<\/b>. Aportamos rigor t\u00e9cnico para demonstrar ou refutar <strong>preju\u00edzos patrimoniais em casos complexos<\/strong>. Analisamos a <strong>rastreabilidade<\/strong> das opera\u00e7\u00f5es, realizamos <strong>an\u00e1lise forense<\/strong> de informa\u00e7\u00e3o econ\u00f3mico-financeira e examinamos qualquer facto patrimonial relevante, aplicando-o em setores como banca, fundos e estruturas financeiras, publicidade, meios de comunica\u00e7\u00e3o e muitos outros.  <\/span><\/h6><h6 class=\"MsoNormal\" style=\"text-align: justify;\"><span style=\"font-weight: normal;\"> <\/span><\/h6><h6 class=\"MsoNormal\" style=\"text-align: justify;\"><b>P\u00f3s M&amp;A<\/b><\/h6><h6 class=\"MsoNormal\" style=\"text-align: justify;\">Al\u00e9m disso, acompanhamos os nossos clientes em situa\u00e7\u00f5es posteriores a uma transa\u00e7\u00e3o de <strong>compra<\/strong><b>-venda de empresas ou qualquer outro tipo de ativos (P\u00f3s-M&amp;A).<\/b> A nossa pr\u00e1tica inclui a <strong>avalia\u00e7\u00e3o de ativos e neg\u00f3cios<\/strong> (HORECA, imobili\u00e1rio, publicidade, fundos, energia), a <strong>an\u00e1lise de planos de neg\u00f3cio, cen\u00e1rios financeiros<\/strong>, <strong>earn-outs<\/strong>, discrep\u00e2ncias em contas de fecho e <strong>revis\u00e3o de pressupostos econ\u00f3micos<\/strong> utilizados em transa\u00e7\u00f5es.<\/h6><h6 class=\"MsoNormal\" style=\"text-align: justify;\"><b> <\/b><\/h6><h6 class=\"MsoNormal\" style=\"text-align: justify;\"><b>Ag\u00eancia e Franchising<\/b><\/h6><h6 class=\"MsoNormal\" style=\"text-align: justify;\"><span style=\"font-weight: normal;\">Em<\/span> temas relacionados com <b>Ag\u00eancia e Franchising<\/b>, temos trabalhado extensivamente, entre outros setores, em restaura\u00e7\u00e3o, retalho, telecomunica\u00e7\u00f5es e maquinaria profissional, avaliando <strong>preju\u00edzos, desvios de vendas ou perda de valor de marca, incumprimentos contratuais, c\u00e1lculo de royalties, indemniza\u00e7\u00f5es por clientela, lucros cessantes e danos emergentes<\/strong>.<\/h6><h6 class=\"MsoNormal\" style=\"text-align: justify;\"><b> <\/b><\/h6><h6 class=\"MsoNormal\" style=\"text-align: justify;\"><b>Financeiro e Derivados<\/b><\/h6><h6>No \u00e2mbito <b>Financeiro<\/b>, desenvolvemos relat\u00f3rios econ\u00f3mico-financeiros de alta granularidade em <strong>banca, fundos, imobili\u00e1rio, telecomunica\u00e7\u00f5es e grandes corpora\u00e7\u00f5es<\/strong>, analisando estruturas de receitas, rentabilidade, cumprimento contratual, avalia\u00e7\u00e3o mediante DCF ou m\u00faltiplos, custos operacionais e a solidez econ\u00f3mica de decis\u00f5es estrat\u00e9gicas.<\/h6><h6>Al\u00e9m disso, elaboramos relat\u00f3rios sobre <strong>estruturas financeiras complexas como derivados<\/strong> de taxa de juro, mercadorias, divisas, infla\u00e7\u00e3o. Estas an\u00e1lises s\u00e3o realizadas de forma independente e como parte do financiamento de projetos ou empresarial. <\/h6><p><strong> <\/strong><\/p><h6><strong>An\u00e1lise Reputacional<\/strong><\/h6><h6>Elaboramos an\u00e1lises reputacionais de <b>potenciais investidores, sociedades e entidades p\u00fablicas ou privadas<\/b>. Avaliamos o seu <b>perfil institucional, trajet\u00f3ria hist\u00f3rica, presen\u00e7a nos media e perce\u00e7\u00e3o no ecossistema econ\u00f3mico<\/b>. Desenvolvemos relat\u00f3rios espec\u00edficos de <strong data-start=\"2514\" data-end=\"2536\">valor reputacional<\/strong>, incluindo a quantifica\u00e7\u00e3o do impacto reputacional de organiza\u00e7\u00f5es, aportando conclus\u00f5es claras, defens\u00e1veis e fundamentadas em metodologia robusta.  <\/h6>\t\t\t\t\t\t\t\t<\/div>\n\t\t\t\t<\/div>\n\t\t\t\t<\/div>\n\t\t\t\t\t<\/div>\n\t\t\t\t<\/div>\n\t\t\t\t<\/div>\n\t\t","protected":false},"excerpt":{"rendered":"<p>Relat\u00f3rios Periciais Econ\u00f3micos Na \u00e1rea pericial econ\u00f3mica, a martinsdelima conta com uma experi\u00eancia transversal em setores t\u00e3o diversos como energia, constru\u00e7\u00e3o, imobili\u00e1rio, ind\u00fastria, media, publicidade, sa\u00fade, log\u00edstica ou telecomunica\u00e7\u00f5es. Isto permite-nos aportar uma vis\u00e3o rigorosa, independente e defens\u00e1vel em controv\u00e9rsias complexas em qualquer combina\u00e7\u00e3o de setores. Todas as nossas an\u00e1lises [&hellip;]<\/p>\n","protected":false},"author":1,"featured_media":0,"parent":0,"menu_order":0,"comment_status":"closed","ping_status":"closed","template":"page-templates\/template-pagebuilder-full-width.php","meta":{"footnotes":""},"class_list":["post-10797","page","type-page","status-publish","hentry"],"yoast_head":"<!-- This site is optimized with the Yoast SEO plugin v26.4 - https:\/\/yoast.com\/wordpress\/plugins\/seo\/ -->\n<title>Relat\u00f3rios Periciais Econ\u00f3micos - Martinsdelima<\/title>\n<meta name=\"robots\" content=\"index, follow, max-snippet:-1, max-image-preview:large, max-video-preview:-1\" \/>\n<link rel=\"canonical\" href=\"https:\/\/www.martinsdelima.com\/pt-pt\/relatorios-periciais-economicos\/\" \/>\n<meta property=\"og:locale\" content=\"pt_PT\" \/>\n<meta property=\"og:type\" content=\"article\" \/>\n<meta property=\"og:title\" content=\"Relat\u00f3rios Periciais Econ\u00f3micos - Martinsdelima\" \/>\n<meta property=\"og:description\" content=\"Relat\u00f3rios Periciais Econ\u00f3micos Na \u00e1rea pericial econ\u00f3mica, a martinsdelima conta com uma experi\u00eancia transversal em setores t\u00e3o diversos como energia, constru\u00e7\u00e3o, imobili\u00e1rio, ind\u00fastria, media, publicidade, sa\u00fade, log\u00edstica ou telecomunica\u00e7\u00f5es. Isto permite-nos aportar uma vis\u00e3o rigorosa, independente e defens\u00e1vel em controv\u00e9rsias complexas em qualquer combina\u00e7\u00e3o de setores. Todas as nossas an\u00e1lises [&hellip;]\" \/>\n<meta property=\"og:url\" content=\"https:\/\/www.martinsdelima.com\/pt-pt\/relatorios-periciais-economicos\/\" \/>\n<meta property=\"og:site_name\" content=\"Martinsdelima\" \/>\n<meta property=\"article:modified_time\" content=\"2026-02-12T11:42:11+00:00\" \/>\n<meta name=\"twitter:card\" content=\"summary_large_image\" \/>\n<meta name=\"twitter:label1\" content=\"Tempo estimado de leitura\" \/>\n\t<meta name=\"twitter:data1\" content=\"3 minutos\" \/>\n<script type=\"application\/ld+json\" class=\"yoast-schema-graph\">{\"@context\":\"https:\/\/schema.org\",\"@graph\":[{\"@type\":\"WebPage\",\"@id\":\"https:\/\/www.martinsdelima.com\/pt-pt\/relatorios-periciais-economicos\/\",\"url\":\"https:\/\/www.martinsdelima.com\/pt-pt\/relatorios-periciais-economicos\/\",\"name\":\"Relat\u00f3rios Periciais Econ\u00f3micos - Martinsdelima\",\"isPartOf\":{\"@id\":\"https:\/\/www.martinsdelima.com\/pt-pt\/#website\"},\"datePublished\":\"2025-11-25T21:57:47+00:00\",\"dateModified\":\"2026-02-12T11:42:11+00:00\",\"breadcrumb\":{\"@id\":\"https:\/\/www.martinsdelima.com\/pt-pt\/relatorios-periciais-economicos\/#breadcrumb\"},\"inLanguage\":\"pt-PT\",\"potentialAction\":[{\"@type\":\"ReadAction\",\"target\":[\"https:\/\/www.martinsdelima.com\/pt-pt\/relatorios-periciais-economicos\/\"]}]},{\"@type\":\"BreadcrumbList\",\"@id\":\"https:\/\/www.martinsdelima.com\/pt-pt\/relatorios-periciais-economicos\/#breadcrumb\",\"itemListElement\":[{\"@type\":\"ListItem\",\"position\":1,\"name\":\"P\u00e1gina inicial\",\"item\":\"https:\/\/www.martinsdelima.com\/pt-pt\/inicio\/\"},{\"@type\":\"ListItem\",\"position\":2,\"name\":\"Relat\u00f3rios Periciais Econ\u00f3micos\"}]},{\"@type\":\"WebSite\",\"@id\":\"https:\/\/www.martinsdelima.com\/pt-pt\/#website\",\"url\":\"https:\/\/www.martinsdelima.com\/pt-pt\/\",\"name\":\"Martinsdelima\",\"description\":\"Forensic&amp;Finance\",\"publisher\":{\"@id\":\"https:\/\/www.martinsdelima.com\/pt-pt\/#organization\"},\"potentialAction\":[{\"@type\":\"SearchAction\",\"target\":{\"@type\":\"EntryPoint\",\"urlTemplate\":\"https:\/\/www.martinsdelima.com\/pt-pt\/?s={search_term_string}\"},\"query-input\":{\"@type\":\"PropertyValueSpecification\",\"valueRequired\":true,\"valueName\":\"search_term_string\"}}],\"inLanguage\":\"pt-PT\"},{\"@type\":\"Organization\",\"@id\":\"https:\/\/www.martinsdelima.com\/pt-pt\/#organization\",\"name\":\"Martinsdelima\",\"url\":\"https:\/\/www.martinsdelima.com\/pt-pt\/\",\"logo\":{\"@type\":\"ImageObject\",\"inLanguage\":\"pt-PT\",\"@id\":\"https:\/\/www.martinsdelima.com\/pt-pt\/#\/schema\/logo\/image\/\",\"url\":\"https:\/\/mligy6wbr5rs.i.optimole.com\/w:auto\/h:auto\/q:mauto\/f:best\/https:\/\/www.martinsdelima.com\/wp-content\/uploads\/2025\/10\/martinsdelima-letras-claras-horizontal.png\",\"contentUrl\":\"https:\/\/mligy6wbr5rs.i.optimole.com\/w:auto\/h:auto\/q:mauto\/f:best\/https:\/\/www.martinsdelima.com\/wp-content\/uploads\/2025\/10\/martinsdelima-letras-claras-horizontal.png\",\"width\":1315,\"height\":217,\"caption\":\"Martinsdelima\"},\"image\":{\"@id\":\"https:\/\/www.martinsdelima.com\/pt-pt\/#\/schema\/logo\/image\/\"}}]}<\/script>\n<!-- \/ Yoast SEO plugin. -->","yoast_head_json":{"title":"Relat\u00f3rios Periciais Econ\u00f3micos - Martinsdelima","robots":{"index":"index","follow":"follow","max-snippet":"max-snippet:-1","max-image-preview":"max-image-preview:large","max-video-preview":"max-video-preview:-1"},"canonical":"https:\/\/www.martinsdelima.com\/pt-pt\/relatorios-periciais-economicos\/","og_locale":"pt_PT","og_type":"article","og_title":"Relat\u00f3rios Periciais Econ\u00f3micos - Martinsdelima","og_description":"Relat\u00f3rios Periciais Econ\u00f3micos Na \u00e1rea pericial econ\u00f3mica, a martinsdelima conta com uma experi\u00eancia transversal em setores t\u00e3o diversos como energia, constru\u00e7\u00e3o, imobili\u00e1rio, ind\u00fastria, media, publicidade, sa\u00fade, log\u00edstica ou telecomunica\u00e7\u00f5es. Isto permite-nos aportar uma vis\u00e3o rigorosa, independente e defens\u00e1vel em controv\u00e9rsias complexas em qualquer combina\u00e7\u00e3o de setores. Todas as nossas an\u00e1lises [&hellip;]","og_url":"https:\/\/www.martinsdelima.com\/pt-pt\/relatorios-periciais-economicos\/","og_site_name":"Martinsdelima","article_modified_time":"2026-02-12T11:42:11+00:00","twitter_card":"summary_large_image","twitter_misc":{"Tempo estimado de leitura":"3 minutos"},"schema":{"@context":"https:\/\/schema.org","@graph":[{"@type":"WebPage","@id":"https:\/\/www.martinsdelima.com\/pt-pt\/relatorios-periciais-economicos\/","url":"https:\/\/www.martinsdelima.com\/pt-pt\/relatorios-periciais-economicos\/","name":"Relat\u00f3rios Periciais Econ\u00f3micos - Martinsdelima","isPartOf":{"@id":"https:\/\/www.martinsdelima.com\/pt-pt\/#website"},"datePublished":"2025-11-25T21:57:47+00:00","dateModified":"2026-02-12T11:42:11+00:00","breadcrumb":{"@id":"https:\/\/www.martinsdelima.com\/pt-pt\/relatorios-periciais-economicos\/#breadcrumb"},"inLanguage":"pt-PT","potentialAction":[{"@type":"ReadAction","target":["https:\/\/www.martinsdelima.com\/pt-pt\/relatorios-periciais-economicos\/"]}]},{"@type":"BreadcrumbList","@id":"https:\/\/www.martinsdelima.com\/pt-pt\/relatorios-periciais-economicos\/#breadcrumb","itemListElement":[{"@type":"ListItem","position":1,"name":"P\u00e1gina inicial","item":"https:\/\/www.martinsdelima.com\/pt-pt\/inicio\/"},{"@type":"ListItem","position":2,"name":"Relat\u00f3rios Periciais Econ\u00f3micos"}]},{"@type":"WebSite","@id":"https:\/\/www.martinsdelima.com\/pt-pt\/#website","url":"https:\/\/www.martinsdelima.com\/pt-pt\/","name":"Martinsdelima","description":"Forensic&amp;Finance","publisher":{"@id":"https:\/\/www.martinsdelima.com\/pt-pt\/#organization"},"potentialAction":[{"@type":"SearchAction","target":{"@type":"EntryPoint","urlTemplate":"https:\/\/www.martinsdelima.com\/pt-pt\/?s={search_term_string}"},"query-input":{"@type":"PropertyValueSpecification","valueRequired":true,"valueName":"search_term_string"}}],"inLanguage":"pt-PT"},{"@type":"Organization","@id":"https:\/\/www.martinsdelima.com\/pt-pt\/#organization","name":"Martinsdelima","url":"https:\/\/www.martinsdelima.com\/pt-pt\/","logo":{"@type":"ImageObject","inLanguage":"pt-PT","@id":"https:\/\/www.martinsdelima.com\/pt-pt\/#\/schema\/logo\/image\/","url":"https:\/\/mligy6wbr5rs.i.optimole.com\/w:auto\/h:auto\/q:mauto\/f:best\/https:\/\/www.martinsdelima.com\/wp-content\/uploads\/2025\/10\/martinsdelima-letras-claras-horizontal.png","contentUrl":"https:\/\/mligy6wbr5rs.i.optimole.com\/w:auto\/h:auto\/q:mauto\/f:best\/https:\/\/www.martinsdelima.com\/wp-content\/uploads\/2025\/10\/martinsdelima-letras-claras-horizontal.png","width":1315,"height":217,"caption":"Martinsdelima"},"image":{"@id":"https:\/\/www.martinsdelima.com\/pt-pt\/#\/schema\/logo\/image\/"}}]}},"_links":{"self":[{"href":"https:\/\/www.martinsdelima.com\/pt-pt\/wp-json\/wp\/v2\/pages\/10797","targetHints":{"allow":["GET"]}}],"collection":[{"href":"https:\/\/www.martinsdelima.com\/pt-pt\/wp-json\/wp\/v2\/pages"}],"about":[{"href":"https:\/\/www.martinsdelima.com\/pt-pt\/wp-json\/wp\/v2\/types\/page"}],"author":[{"embeddable":true,"href":"https:\/\/www.martinsdelima.com\/pt-pt\/wp-json\/wp\/v2\/users\/1"}],"replies":[{"embeddable":true,"href":"https:\/\/www.martinsdelima.com\/pt-pt\/wp-json\/wp\/v2\/comments?post=10797"}],"version-history":[{"count":2,"href":"https:\/\/www.martinsdelima.com\/pt-pt\/wp-json\/wp\/v2\/pages\/10797\/revisions"}],"predecessor-version":[{"id":11889,"href":"https:\/\/www.martinsdelima.com\/pt-pt\/wp-json\/wp\/v2\/pages\/10797\/revisions\/11889"}],"wp:attachment":[{"href":"https:\/\/www.martinsdelima.com\/pt-pt\/wp-json\/wp\/v2\/media?parent=10797"}],"curies":[{"name":"wp","href":"https:\/\/api.w.org\/{rel}","templated":true}]}}