{"id":10803,"date":"2025-11-21T11:05:43","date_gmt":"2025-11-21T11:05:43","guid":{"rendered":"https:\/\/www.martinsdelima.com\/setor-de-media\/"},"modified":"2026-02-12T11:03:16","modified_gmt":"2026-02-12T11:03:16","slug":"setor-de-media","status":"publish","type":"page","link":"https:\/\/www.martinsdelima.com\/pt-pt\/setor-de-media\/","title":{"rendered":"Setor de Media"},"content":{"rendered":"\t\t<div data-elementor-type=\"wp-page\" data-elementor-id=\"10803\" class=\"elementor elementor-10803 elementor-7068\" data-elementor-post-type=\"page\">\n\t\t\t\t\t\t<section class=\"elementor-section elementor-top-section elementor-element elementor-element-5861a17 elementor-section-full_width elementor-section-stretched elementor-section-height-default elementor-section-height-default\" data-id=\"5861a17\" data-element_type=\"section\" data-settings=\"{&quot;stretch_section&quot;:&quot;section-stretched&quot;,&quot;background_background&quot;:&quot;classic&quot;}\">\n\t\t\t\t\t\t\t<div class=\"elementor-background-overlay\"><\/div>\n\t\t\t\t\t\t\t<div class=\"elementor-container elementor-column-gap-default\">\n\t\t\t\t\t<div class=\"elementor-column elementor-col-100 elementor-top-column elementor-element elementor-element-ea42bdb\" data-id=\"ea42bdb\" data-element_type=\"column\">\n\t\t\t<div class=\"elementor-widget-wrap elementor-element-populated\">\n\t\t\t\t\t\t<div class=\"elementor-element elementor-element-8924fce elementor-widget elementor-widget-heading\" data-id=\"8924fce\" data-element_type=\"widget\" data-widget_type=\"heading.default\">\n\t\t\t\t<div class=\"elementor-widget-container\">\n\t\t\t\t\t<h2 class=\"elementor-heading-title elementor-size-default\"><b>Meios de Comunica\u00e7\u00e3o<\/b><\/h2>\t\t\t\t<\/div>\n\t\t\t\t<\/div>\n\t\t\t\t\t<\/div>\n\t\t<\/div>\n\t\t\t\t\t<\/div>\n\t\t<\/section>\n\t\t<div class=\"elementor-element elementor-element-7469000 e-flex e-con-boxed e-con e-parent\" data-id=\"7469000\" data-element_type=\"container\">\n\t\t\t\t\t<div class=\"e-con-inner\">\n\t\t<div class=\"elementor-element elementor-element-4404da7 e-con-full e-flex e-con e-child\" data-id=\"4404da7\" data-element_type=\"container\">\n\t\t\t\t<div class=\"elementor-element elementor-element-d53b9d3 elementor-widget elementor-widget-text-editor\" data-id=\"d53b9d3\" data-element_type=\"widget\" data-widget_type=\"text-editor.default\">\n\t\t\t\t<div class=\"elementor-widget-container\">\n\t\t\t\t\t\t\t\t\t<h6>O setor dos meios de comunica\u00e7\u00e3o encontra-se em <strong>constante transforma\u00e7\u00e3o devido \u00e0 digitaliza\u00e7\u00e3o, \u00e0 fragmenta\u00e7\u00e3o de audi\u00eancias e \u00e0 evolu\u00e7\u00e3o dos modelos de monetiza\u00e7\u00e3o<\/strong>, onde os grupos editoriais e audiovisuais operam sob uma forte press\u00e3o competitiva e uma crescente necessidade de adaptar estruturas, processos e modelos de neg\u00f3cio.<\/h6>\n<h6>Na martinsdelima, trabalh\u00e1mos para <strong>grupos editoriais de refer\u00eancia, operadores de televis\u00e3o, produtoras audiovisuais, empresas de servi\u00e7os gr\u00e1ficos<\/strong> e companhias do setor das telecomunica\u00e7\u00f5es cuja atividade est\u00e1 estreitamente vinculada ao conte\u00fado audiovisual. Esta diversidade permite-nos compreender com precis\u00e3o as particularidades inerentes a este mercado. <\/h6>\n<h6><strong>&nbsp;<\/strong><\/h6>\n<h6><strong>Relat\u00f3rios periciais laborais<\/strong><\/h6>\n<h6>Uma parte central do nosso trabalho orienta-se para as <strong>reestrutura\u00e7\u00f5es laborais no setor de imprensa escrita e digital<\/strong>, t\u00e3o sujeito a transforma\u00e7\u00f5es tecnol\u00f3gicas constantes, mudan\u00e7as regulat\u00f3rias e padr\u00f5es de consumo cada vez mais fragmentados. O nosso objetivo \u00e9 a avalia\u00e7\u00e3o da concorr\u00eancia de causas ETOP (econ\u00f3micas, t\u00e9cnicas, organizativas e produtivas), na companhia ou no grupo audiovisual em quest\u00e3o, e o estudo de viabilidade de distintas medidas de reestrutura\u00e7\u00e3o. <\/h6>\n<h6>Analisamos, entre outros, a estrutura de <strong>receitas<\/strong> \u2014<strong>difus\u00e3o<\/strong>, v<strong>enda de exemplares, publicidade, neg\u00f3cio digital e eventos<\/strong>\u2014, a sua organiza\u00e7\u00e3o interna, os seus processos produtivos e a sua posi\u00e7\u00e3o no mercado. Tamb\u00e9m avaliamos o impacto de fatores externos sobre a atividade e as proje\u00e7\u00f5es de resultados sob m\u00faltiplas hip\u00f3teses. <\/h6>\n<h6><strong>&nbsp;<\/strong><\/h6>\n<h6><strong>Relat\u00f3rios periciais econ\u00f3micos<\/strong><\/h6>\n<h6>Al\u00e9m disso, avaliamos <strong>danos e preju\u00edzos<\/strong> em situa\u00e7\u00f5es de conflito. No \u00e2mbito audiovisual, particip\u00e1mos em projetos com produtoras de televis\u00e3o, analisando a <strong>repercuss\u00e3o econ\u00f3mica de incidentes tecnol\u00f3gicos, perdas de informa\u00e7\u00e3o, interrup\u00e7\u00f5es na produ\u00e7\u00e3o<\/strong> ou defici\u00eancias em servi\u00e7os contratados. Tamb\u00e9m avali\u00e1mos rela\u00e7\u00f5es contratuais complexas entre produtoras e fornecedores tecnol\u00f3gicos, determinando as obriga\u00e7\u00f5es das partes e quantificando os danos associados a falhas na presta\u00e7\u00e3o do servi\u00e7o.  <\/h6>\n<h6><strong>&nbsp;<\/strong><\/h6>\n<h6><strong>Relat\u00f3rios periciais de concorr\u00eancia<\/strong><\/h6>\n<h6>O nosso trabalho abrange projetos relacionados com a televis\u00e3o paga e os conte\u00fados premium, analisando a estrutura dos <strong>direitos audiovisuais<\/strong>, a <strong>relev\u00e2ncia do conte\u00fado desportivo na concorr\u00eancia entre operadores<\/strong> e o impacto econ\u00f3mico que resultaria da perda de determinados <strong>direitos de transmiss\u00e3o, como a La Liga e a Champions League<\/strong>. Estas an\u00e1lises permitiram avaliar a sensibilidade dos clientes, os efeitos sobre a base de assinantes, a rentabilidade por utilizador e a potencial varia\u00e7\u00e3o da margem em diferentes cen\u00e1rios comerciais. <\/h6>\t\t\t\t\t\t\t\t<\/div>\n\t\t\t\t<\/div>\n\t\t\t\t<\/div>\n\t\t\t\t\t<\/div>\n\t\t\t\t<\/div>\n\t\t\t\t<\/div>\n\t\t","protected":false},"excerpt":{"rendered":"<p>Meios de Comunica\u00e7\u00e3o O setor dos meios de comunica\u00e7\u00e3o encontra-se em constante transforma\u00e7\u00e3o devido \u00e0 digitaliza\u00e7\u00e3o, \u00e0 fragmenta\u00e7\u00e3o de audi\u00eancias e \u00e0 evolu\u00e7\u00e3o dos modelos de monetiza\u00e7\u00e3o, onde os grupos editoriais e audiovisuais operam sob uma forte press\u00e3o competitiva e uma crescente necessidade de adaptar estruturas, processos e modelos de [&hellip;]<\/p>\n","protected":false},"author":1,"featured_media":0,"parent":0,"menu_order":0,"comment_status":"closed","ping_status":"closed","template":"page-templates\/template-pagebuilder-full-width.php","meta":{"footnotes":""},"class_list":["post-10803","page","type-page","status-publish","hentry"],"yoast_head":"<!-- This site is optimized with the Yoast SEO plugin v26.4 - https:\/\/yoast.com\/wordpress\/plugins\/seo\/ -->\n<title>Setor de Media - Martinsdelima<\/title>\n<meta name=\"robots\" content=\"index, follow, max-snippet:-1, max-image-preview:large, max-video-preview:-1\" \/>\n<link rel=\"canonical\" href=\"https:\/\/www.martinsdelima.com\/pt-pt\/setor-de-media\/\" \/>\n<meta property=\"og:locale\" content=\"pt_PT\" \/>\n<meta property=\"og:type\" content=\"article\" \/>\n<meta property=\"og:title\" content=\"Setor de Media - Martinsdelima\" \/>\n<meta property=\"og:description\" content=\"Meios de Comunica\u00e7\u00e3o O setor dos meios de comunica\u00e7\u00e3o encontra-se em constante transforma\u00e7\u00e3o devido \u00e0 digitaliza\u00e7\u00e3o, \u00e0 fragmenta\u00e7\u00e3o de audi\u00eancias e \u00e0 evolu\u00e7\u00e3o dos modelos de monetiza\u00e7\u00e3o, onde os grupos editoriais e audiovisuais operam sob uma forte press\u00e3o competitiva e uma crescente necessidade de adaptar estruturas, processos e modelos de [&hellip;]\" \/>\n<meta property=\"og:url\" content=\"https:\/\/www.martinsdelima.com\/pt-pt\/setor-de-media\/\" \/>\n<meta property=\"og:site_name\" content=\"Martinsdelima\" \/>\n<meta property=\"article:modified_time\" content=\"2026-02-12T11:03:16+00:00\" \/>\n<meta name=\"twitter:card\" content=\"summary_large_image\" \/>\n<meta name=\"twitter:label1\" content=\"Tempo estimado de leitura\" \/>\n\t<meta name=\"twitter:data1\" content=\"2 minutos\" \/>\n<script type=\"application\/ld+json\" class=\"yoast-schema-graph\">{\"@context\":\"https:\/\/schema.org\",\"@graph\":[{\"@type\":\"WebPage\",\"@id\":\"https:\/\/www.martinsdelima.com\/pt-pt\/setor-de-media\/\",\"url\":\"https:\/\/www.martinsdelima.com\/pt-pt\/setor-de-media\/\",\"name\":\"Setor de Media - Martinsdelima\",\"isPartOf\":{\"@id\":\"https:\/\/www.martinsdelima.com\/pt-pt\/#website\"},\"datePublished\":\"2025-11-21T11:05:43+00:00\",\"dateModified\":\"2026-02-12T11:03:16+00:00\",\"breadcrumb\":{\"@id\":\"https:\/\/www.martinsdelima.com\/pt-pt\/setor-de-media\/#breadcrumb\"},\"inLanguage\":\"pt-PT\",\"potentialAction\":[{\"@type\":\"ReadAction\",\"target\":[\"https:\/\/www.martinsdelima.com\/pt-pt\/setor-de-media\/\"]}]},{\"@type\":\"BreadcrumbList\",\"@id\":\"https:\/\/www.martinsdelima.com\/pt-pt\/setor-de-media\/#breadcrumb\",\"itemListElement\":[{\"@type\":\"ListItem\",\"position\":1,\"name\":\"P\u00e1gina inicial\",\"item\":\"https:\/\/www.martinsdelima.com\/pt-pt\/inicio\/\"},{\"@type\":\"ListItem\",\"position\":2,\"name\":\"Setor de Media\"}]},{\"@type\":\"WebSite\",\"@id\":\"https:\/\/www.martinsdelima.com\/pt-pt\/#website\",\"url\":\"https:\/\/www.martinsdelima.com\/pt-pt\/\",\"name\":\"Martinsdelima\",\"description\":\"Forensic&amp;Finance\",\"publisher\":{\"@id\":\"https:\/\/www.martinsdelima.com\/pt-pt\/#organization\"},\"potentialAction\":[{\"@type\":\"SearchAction\",\"target\":{\"@type\":\"EntryPoint\",\"urlTemplate\":\"https:\/\/www.martinsdelima.com\/pt-pt\/?s={search_term_string}\"},\"query-input\":{\"@type\":\"PropertyValueSpecification\",\"valueRequired\":true,\"valueName\":\"search_term_string\"}}],\"inLanguage\":\"pt-PT\"},{\"@type\":\"Organization\",\"@id\":\"https:\/\/www.martinsdelima.com\/pt-pt\/#organization\",\"name\":\"Martinsdelima\",\"url\":\"https:\/\/www.martinsdelima.com\/pt-pt\/\",\"logo\":{\"@type\":\"ImageObject\",\"inLanguage\":\"pt-PT\",\"@id\":\"https:\/\/www.martinsdelima.com\/pt-pt\/#\/schema\/logo\/image\/\",\"url\":\"https:\/\/mligy6wbr5rs.i.optimole.com\/w:auto\/h:auto\/q:mauto\/f:best\/https:\/\/www.martinsdelima.com\/wp-content\/uploads\/2025\/10\/martinsdelima-letras-claras-horizontal.png\",\"contentUrl\":\"https:\/\/mligy6wbr5rs.i.optimole.com\/w:auto\/h:auto\/q:mauto\/f:best\/https:\/\/www.martinsdelima.com\/wp-content\/uploads\/2025\/10\/martinsdelima-letras-claras-horizontal.png\",\"width\":1315,\"height\":217,\"caption\":\"Martinsdelima\"},\"image\":{\"@id\":\"https:\/\/www.martinsdelima.com\/pt-pt\/#\/schema\/logo\/image\/\"}}]}<\/script>\n<!-- \/ Yoast SEO plugin. -->","yoast_head_json":{"title":"Setor de Media - Martinsdelima","robots":{"index":"index","follow":"follow","max-snippet":"max-snippet:-1","max-image-preview":"max-image-preview:large","max-video-preview":"max-video-preview:-1"},"canonical":"https:\/\/www.martinsdelima.com\/pt-pt\/setor-de-media\/","og_locale":"pt_PT","og_type":"article","og_title":"Setor de Media - Martinsdelima","og_description":"Meios de Comunica\u00e7\u00e3o O setor dos meios de comunica\u00e7\u00e3o encontra-se em constante transforma\u00e7\u00e3o devido \u00e0 digitaliza\u00e7\u00e3o, \u00e0 fragmenta\u00e7\u00e3o de audi\u00eancias e \u00e0 evolu\u00e7\u00e3o dos modelos de monetiza\u00e7\u00e3o, onde os grupos editoriais e audiovisuais operam sob uma forte press\u00e3o competitiva e uma crescente necessidade de adaptar estruturas, processos e modelos de [&hellip;]","og_url":"https:\/\/www.martinsdelima.com\/pt-pt\/setor-de-media\/","og_site_name":"Martinsdelima","article_modified_time":"2026-02-12T11:03:16+00:00","twitter_card":"summary_large_image","twitter_misc":{"Tempo estimado de leitura":"2 minutos"},"schema":{"@context":"https:\/\/schema.org","@graph":[{"@type":"WebPage","@id":"https:\/\/www.martinsdelima.com\/pt-pt\/setor-de-media\/","url":"https:\/\/www.martinsdelima.com\/pt-pt\/setor-de-media\/","name":"Setor de Media - Martinsdelima","isPartOf":{"@id":"https:\/\/www.martinsdelima.com\/pt-pt\/#website"},"datePublished":"2025-11-21T11:05:43+00:00","dateModified":"2026-02-12T11:03:16+00:00","breadcrumb":{"@id":"https:\/\/www.martinsdelima.com\/pt-pt\/setor-de-media\/#breadcrumb"},"inLanguage":"pt-PT","potentialAction":[{"@type":"ReadAction","target":["https:\/\/www.martinsdelima.com\/pt-pt\/setor-de-media\/"]}]},{"@type":"BreadcrumbList","@id":"https:\/\/www.martinsdelima.com\/pt-pt\/setor-de-media\/#breadcrumb","itemListElement":[{"@type":"ListItem","position":1,"name":"P\u00e1gina inicial","item":"https:\/\/www.martinsdelima.com\/pt-pt\/inicio\/"},{"@type":"ListItem","position":2,"name":"Setor de Media"}]},{"@type":"WebSite","@id":"https:\/\/www.martinsdelima.com\/pt-pt\/#website","url":"https:\/\/www.martinsdelima.com\/pt-pt\/","name":"Martinsdelima","description":"Forensic&amp;Finance","publisher":{"@id":"https:\/\/www.martinsdelima.com\/pt-pt\/#organization"},"potentialAction":[{"@type":"SearchAction","target":{"@type":"EntryPoint","urlTemplate":"https:\/\/www.martinsdelima.com\/pt-pt\/?s={search_term_string}"},"query-input":{"@type":"PropertyValueSpecification","valueRequired":true,"valueName":"search_term_string"}}],"inLanguage":"pt-PT"},{"@type":"Organization","@id":"https:\/\/www.martinsdelima.com\/pt-pt\/#organization","name":"Martinsdelima","url":"https:\/\/www.martinsdelima.com\/pt-pt\/","logo":{"@type":"ImageObject","inLanguage":"pt-PT","@id":"https:\/\/www.martinsdelima.com\/pt-pt\/#\/schema\/logo\/image\/","url":"https:\/\/mligy6wbr5rs.i.optimole.com\/w:auto\/h:auto\/q:mauto\/f:best\/https:\/\/www.martinsdelima.com\/wp-content\/uploads\/2025\/10\/martinsdelima-letras-claras-horizontal.png","contentUrl":"https:\/\/mligy6wbr5rs.i.optimole.com\/w:auto\/h:auto\/q:mauto\/f:best\/https:\/\/www.martinsdelima.com\/wp-content\/uploads\/2025\/10\/martinsdelima-letras-claras-horizontal.png","width":1315,"height":217,"caption":"Martinsdelima"},"image":{"@id":"https:\/\/www.martinsdelima.com\/pt-pt\/#\/schema\/logo\/image\/"}}]}},"_links":{"self":[{"href":"https:\/\/www.martinsdelima.com\/pt-pt\/wp-json\/wp\/v2\/pages\/10803","targetHints":{"allow":["GET"]}}],"collection":[{"href":"https:\/\/www.martinsdelima.com\/pt-pt\/wp-json\/wp\/v2\/pages"}],"about":[{"href":"https:\/\/www.martinsdelima.com\/pt-pt\/wp-json\/wp\/v2\/types\/page"}],"author":[{"embeddable":true,"href":"https:\/\/www.martinsdelima.com\/pt-pt\/wp-json\/wp\/v2\/users\/1"}],"replies":[{"embeddable":true,"href":"https:\/\/www.martinsdelima.com\/pt-pt\/wp-json\/wp\/v2\/comments?post=10803"}],"version-history":[{"count":3,"href":"https:\/\/www.martinsdelima.com\/pt-pt\/wp-json\/wp\/v2\/pages\/10803\/revisions"}],"predecessor-version":[{"id":11822,"href":"https:\/\/www.martinsdelima.com\/pt-pt\/wp-json\/wp\/v2\/pages\/10803\/revisions\/11822"}],"wp:attachment":[{"href":"https:\/\/www.martinsdelima.com\/pt-pt\/wp-json\/wp\/v2\/media?parent=10803"}],"curies":[{"name":"wp","href":"https:\/\/api.w.org\/{rel}","templated":true}]}}