{"id":10807,"date":"2025-11-21T11:04:58","date_gmt":"2025-11-21T11:04:58","guid":{"rendered":"https:\/\/www.martinsdelima.com\/setor-logistica-e-transportes\/"},"modified":"2026-02-12T10:47:18","modified_gmt":"2026-02-12T10:47:18","slug":"setor-logistica-e-transportes","status":"publish","type":"page","link":"https:\/\/www.martinsdelima.com\/pt-pt\/setor-logistica-e-transportes\/","title":{"rendered":"Setor Log\u00edstica e Transportes"},"content":{"rendered":"\t\t<div data-elementor-type=\"wp-page\" data-elementor-id=\"10807\" class=\"elementor elementor-10807 elementor-7070\" data-elementor-post-type=\"page\">\n\t\t\t\t\t\t<section class=\"elementor-section elementor-top-section elementor-element elementor-element-5861a17 elementor-section-full_width elementor-section-stretched elementor-section-height-default elementor-section-height-default\" data-id=\"5861a17\" data-element_type=\"section\" data-settings=\"{&quot;stretch_section&quot;:&quot;section-stretched&quot;,&quot;background_background&quot;:&quot;classic&quot;}\">\n\t\t\t\t\t\t\t<div class=\"elementor-background-overlay\"><\/div>\n\t\t\t\t\t\t\t<div class=\"elementor-container elementor-column-gap-default\">\n\t\t\t\t\t<div class=\"elementor-column elementor-col-100 elementor-top-column elementor-element elementor-element-ea42bdb\" data-id=\"ea42bdb\" data-element_type=\"column\">\n\t\t\t<div class=\"elementor-widget-wrap elementor-element-populated\">\n\t\t\t\t\t\t<div class=\"elementor-element elementor-element-8924fce elementor-widget elementor-widget-heading\" data-id=\"8924fce\" data-element_type=\"widget\" data-widget_type=\"heading.default\">\n\t\t\t\t<div class=\"elementor-widget-container\">\n\t\t\t\t\t<h2 class=\"elementor-heading-title elementor-size-default\"><b>Log\u00edstica e Transportes<\/b><\/h2>\t\t\t\t<\/div>\n\t\t\t\t<\/div>\n\t\t\t\t\t<\/div>\n\t\t<\/div>\n\t\t\t\t\t<\/div>\n\t\t<\/section>\n\t\t<div class=\"elementor-element elementor-element-7469000 e-flex e-con-boxed e-con e-parent\" data-id=\"7469000\" data-element_type=\"container\">\n\t\t\t\t\t<div class=\"e-con-inner\">\n\t\t<div class=\"elementor-element elementor-element-4404da7 e-con-full e-flex e-con e-child\" data-id=\"4404da7\" data-element_type=\"container\">\n\t\t\t\t<div class=\"elementor-element elementor-element-d53b9d3 elementor-widget elementor-widget-text-editor\" data-id=\"d53b9d3\" data-element_type=\"widget\" data-widget_type=\"text-editor.default\">\n\t\t\t\t<div class=\"elementor-widget-container\">\n\t\t\t\t\t\t\t\t\t<h6>Na martinsdelima, contamos com uma vasta experi\u00eancia a assessorar <strong>operadores log\u00edsticos, empresas de transporte urgente e grupos dedicados \u00e0 gest\u00e3o de armaz\u00e9ns<\/strong> e redes de distribui\u00e7\u00e3o.<\/h6><h6><strong> <\/strong><\/h6><h6><strong>Relat\u00f3rios Periciais T\u00e9cnicos<\/strong><\/h6><h6>Analis\u00e1mos em profundidade o funcionamento de redes log\u00edsticas e de transporte, avaliando processos de rece\u00e7\u00e3o, <strong>armazenamento, manipula\u00e7\u00e3o, <em>picking<\/em>, distribui\u00e7\u00e3o, gest\u00e3o de reembolsos,<\/strong> incid\u00eancias e san\u00e7\u00f5es. Este trabalho t\u00e9cnico permitiu-nos verificar a rastreabilidade da mercadoria, identificar falhas operacionais e comprovar a correta ou incorreta execu\u00e7\u00e3o dos servi\u00e7os. <\/h6><h6><\/h6><h6><strong> <\/strong><\/h6><h6><strong>Relat\u00f3rios Periciais Econ\u00f3micos<\/strong><\/h6><h6>Contamos com experi\u00eancia a avaliar reclama\u00e7\u00f5es por <strong>danos e preju\u00edzos<\/strong> no \u00e2mbito do transporte, analisando o impacto econ\u00f3mico da resolu\u00e7\u00e3o de contratos por incumprimentos operacionais, sinistros por extravio, incid\u00eancias na presta\u00e7\u00e3o do servi\u00e7o, san\u00e7\u00f5es acumuladas ou defici\u00eancias nos processos de entrega e reembolso.<\/h6><div><\/div><div><h6><strong> <\/strong><\/h6><h6><strong>Relat\u00f3rios Periciais de Concorr\u00eancia<\/strong><\/h6><h6>Ademais, na martinsdelima, assessor\u00e1mos empresas do setor de mudan\u00e7as, elaborando relat\u00f3rios dirigidos \u00e0 <strong>CNMC e \u00e0 Audiencia Nacional<\/strong> para realizar <strong>an\u00e1lises do mercado afetado<\/strong>, avalia\u00e7\u00e3o da <strong>repercuss\u00e3o nos pre\u00e7os (pass-on)<\/strong> para, finalmente, calcular o impacto nos consumidores finais.<\/h6><\/div>\t\t\t\t\t\t\t\t<\/div>\n\t\t\t\t<\/div>\n\t\t\t\t<\/div>\n\t\t\t\t\t<\/div>\n\t\t\t\t<\/div>\n\t\t\t\t<\/div>\n\t\t","protected":false},"excerpt":{"rendered":"<p>Log\u00edstica e Transportes Na martinsdelima, contamos com uma vasta experi\u00eancia a assessorar operadores log\u00edsticos, empresas de transporte urgente e grupos dedicados \u00e0 gest\u00e3o de armaz\u00e9ns e redes de distribui\u00e7\u00e3o. Relat\u00f3rios Periciais T\u00e9cnicos Analis\u00e1mos em profundidade o funcionamento de redes log\u00edsticas e de transporte, avaliando processos de rece\u00e7\u00e3o, armazenamento, manipula\u00e7\u00e3o, picking, [&hellip;]<\/p>\n","protected":false},"author":1,"featured_media":0,"parent":0,"menu_order":0,"comment_status":"closed","ping_status":"closed","template":"page-templates\/template-pagebuilder-full-width.php","meta":{"footnotes":""},"class_list":["post-10807","page","type-page","status-publish","hentry"],"yoast_head":"<!-- This site is optimized with the Yoast SEO plugin v26.4 - https:\/\/yoast.com\/wordpress\/plugins\/seo\/ -->\n<title>Setor Log\u00edstica e Transportes - Martinsdelima<\/title>\n<meta name=\"robots\" content=\"index, follow, max-snippet:-1, max-image-preview:large, max-video-preview:-1\" \/>\n<link rel=\"canonical\" href=\"https:\/\/www.martinsdelima.com\/pt-pt\/setor-logistica-e-transportes\/\" \/>\n<meta property=\"og:locale\" content=\"pt_PT\" \/>\n<meta property=\"og:type\" content=\"article\" \/>\n<meta property=\"og:title\" content=\"Setor Log\u00edstica e Transportes - Martinsdelima\" \/>\n<meta property=\"og:description\" content=\"Log\u00edstica e Transportes Na martinsdelima, contamos com uma vasta experi\u00eancia a assessorar operadores log\u00edsticos, empresas de transporte urgente e grupos dedicados \u00e0 gest\u00e3o de armaz\u00e9ns e redes de distribui\u00e7\u00e3o. Relat\u00f3rios Periciais T\u00e9cnicos Analis\u00e1mos em profundidade o funcionamento de redes log\u00edsticas e de transporte, avaliando processos de rece\u00e7\u00e3o, armazenamento, manipula\u00e7\u00e3o, picking, [&hellip;]\" \/>\n<meta property=\"og:url\" content=\"https:\/\/www.martinsdelima.com\/pt-pt\/setor-logistica-e-transportes\/\" \/>\n<meta property=\"og:site_name\" content=\"Martinsdelima\" \/>\n<meta property=\"article:modified_time\" content=\"2026-02-12T10:47:18+00:00\" \/>\n<meta name=\"twitter:card\" content=\"summary_large_image\" \/>\n<meta name=\"twitter:label1\" content=\"Tempo estimado de leitura\" \/>\n\t<meta name=\"twitter:data1\" content=\"1 minuto\" \/>\n<script type=\"application\/ld+json\" class=\"yoast-schema-graph\">{\"@context\":\"https:\/\/schema.org\",\"@graph\":[{\"@type\":\"WebPage\",\"@id\":\"https:\/\/www.martinsdelima.com\/pt-pt\/setor-logistica-e-transportes\/\",\"url\":\"https:\/\/www.martinsdelima.com\/pt-pt\/setor-logistica-e-transportes\/\",\"name\":\"Setor Log\u00edstica e Transportes - Martinsdelima\",\"isPartOf\":{\"@id\":\"https:\/\/www.martinsdelima.com\/pt-pt\/#website\"},\"datePublished\":\"2025-11-21T11:04:58+00:00\",\"dateModified\":\"2026-02-12T10:47:18+00:00\",\"breadcrumb\":{\"@id\":\"https:\/\/www.martinsdelima.com\/pt-pt\/setor-logistica-e-transportes\/#breadcrumb\"},\"inLanguage\":\"pt-PT\",\"potentialAction\":[{\"@type\":\"ReadAction\",\"target\":[\"https:\/\/www.martinsdelima.com\/pt-pt\/setor-logistica-e-transportes\/\"]}]},{\"@type\":\"BreadcrumbList\",\"@id\":\"https:\/\/www.martinsdelima.com\/pt-pt\/setor-logistica-e-transportes\/#breadcrumb\",\"itemListElement\":[{\"@type\":\"ListItem\",\"position\":1,\"name\":\"P\u00e1gina inicial\",\"item\":\"https:\/\/www.martinsdelima.com\/pt-pt\/inicio\/\"},{\"@type\":\"ListItem\",\"position\":2,\"name\":\"Setor Log\u00edstica e Transportes\"}]},{\"@type\":\"WebSite\",\"@id\":\"https:\/\/www.martinsdelima.com\/pt-pt\/#website\",\"url\":\"https:\/\/www.martinsdelima.com\/pt-pt\/\",\"name\":\"Martinsdelima\",\"description\":\"Forensic&amp;Finance\",\"publisher\":{\"@id\":\"https:\/\/www.martinsdelima.com\/pt-pt\/#organization\"},\"potentialAction\":[{\"@type\":\"SearchAction\",\"target\":{\"@type\":\"EntryPoint\",\"urlTemplate\":\"https:\/\/www.martinsdelima.com\/pt-pt\/?s={search_term_string}\"},\"query-input\":{\"@type\":\"PropertyValueSpecification\",\"valueRequired\":true,\"valueName\":\"search_term_string\"}}],\"inLanguage\":\"pt-PT\"},{\"@type\":\"Organization\",\"@id\":\"https:\/\/www.martinsdelima.com\/pt-pt\/#organization\",\"name\":\"Martinsdelima\",\"url\":\"https:\/\/www.martinsdelima.com\/pt-pt\/\",\"logo\":{\"@type\":\"ImageObject\",\"inLanguage\":\"pt-PT\",\"@id\":\"https:\/\/www.martinsdelima.com\/pt-pt\/#\/schema\/logo\/image\/\",\"url\":\"https:\/\/mligy6wbr5rs.i.optimole.com\/w:auto\/h:auto\/q:mauto\/f:best\/https:\/\/www.martinsdelima.com\/wp-content\/uploads\/2025\/10\/martinsdelima-letras-claras-horizontal.png\",\"contentUrl\":\"https:\/\/mligy6wbr5rs.i.optimole.com\/w:auto\/h:auto\/q:mauto\/f:best\/https:\/\/www.martinsdelima.com\/wp-content\/uploads\/2025\/10\/martinsdelima-letras-claras-horizontal.png\",\"width\":1315,\"height\":217,\"caption\":\"Martinsdelima\"},\"image\":{\"@id\":\"https:\/\/www.martinsdelima.com\/pt-pt\/#\/schema\/logo\/image\/\"}}]}<\/script>\n<!-- \/ Yoast SEO plugin. -->","yoast_head_json":{"title":"Setor Log\u00edstica e Transportes - Martinsdelima","robots":{"index":"index","follow":"follow","max-snippet":"max-snippet:-1","max-image-preview":"max-image-preview:large","max-video-preview":"max-video-preview:-1"},"canonical":"https:\/\/www.martinsdelima.com\/pt-pt\/setor-logistica-e-transportes\/","og_locale":"pt_PT","og_type":"article","og_title":"Setor Log\u00edstica e Transportes - Martinsdelima","og_description":"Log\u00edstica e Transportes Na martinsdelima, contamos com uma vasta experi\u00eancia a assessorar operadores log\u00edsticos, empresas de transporte urgente e grupos dedicados \u00e0 gest\u00e3o de armaz\u00e9ns e redes de distribui\u00e7\u00e3o. Relat\u00f3rios Periciais T\u00e9cnicos Analis\u00e1mos em profundidade o funcionamento de redes log\u00edsticas e de transporte, avaliando processos de rece\u00e7\u00e3o, armazenamento, manipula\u00e7\u00e3o, picking, [&hellip;]","og_url":"https:\/\/www.martinsdelima.com\/pt-pt\/setor-logistica-e-transportes\/","og_site_name":"Martinsdelima","article_modified_time":"2026-02-12T10:47:18+00:00","twitter_card":"summary_large_image","twitter_misc":{"Tempo estimado de leitura":"1 minuto"},"schema":{"@context":"https:\/\/schema.org","@graph":[{"@type":"WebPage","@id":"https:\/\/www.martinsdelima.com\/pt-pt\/setor-logistica-e-transportes\/","url":"https:\/\/www.martinsdelima.com\/pt-pt\/setor-logistica-e-transportes\/","name":"Setor Log\u00edstica e Transportes - Martinsdelima","isPartOf":{"@id":"https:\/\/www.martinsdelima.com\/pt-pt\/#website"},"datePublished":"2025-11-21T11:04:58+00:00","dateModified":"2026-02-12T10:47:18+00:00","breadcrumb":{"@id":"https:\/\/www.martinsdelima.com\/pt-pt\/setor-logistica-e-transportes\/#breadcrumb"},"inLanguage":"pt-PT","potentialAction":[{"@type":"ReadAction","target":["https:\/\/www.martinsdelima.com\/pt-pt\/setor-logistica-e-transportes\/"]}]},{"@type":"BreadcrumbList","@id":"https:\/\/www.martinsdelima.com\/pt-pt\/setor-logistica-e-transportes\/#breadcrumb","itemListElement":[{"@type":"ListItem","position":1,"name":"P\u00e1gina inicial","item":"https:\/\/www.martinsdelima.com\/pt-pt\/inicio\/"},{"@type":"ListItem","position":2,"name":"Setor Log\u00edstica e Transportes"}]},{"@type":"WebSite","@id":"https:\/\/www.martinsdelima.com\/pt-pt\/#website","url":"https:\/\/www.martinsdelima.com\/pt-pt\/","name":"Martinsdelima","description":"Forensic&amp;Finance","publisher":{"@id":"https:\/\/www.martinsdelima.com\/pt-pt\/#organization"},"potentialAction":[{"@type":"SearchAction","target":{"@type":"EntryPoint","urlTemplate":"https:\/\/www.martinsdelima.com\/pt-pt\/?s={search_term_string}"},"query-input":{"@type":"PropertyValueSpecification","valueRequired":true,"valueName":"search_term_string"}}],"inLanguage":"pt-PT"},{"@type":"Organization","@id":"https:\/\/www.martinsdelima.com\/pt-pt\/#organization","name":"Martinsdelima","url":"https:\/\/www.martinsdelima.com\/pt-pt\/","logo":{"@type":"ImageObject","inLanguage":"pt-PT","@id":"https:\/\/www.martinsdelima.com\/pt-pt\/#\/schema\/logo\/image\/","url":"https:\/\/mligy6wbr5rs.i.optimole.com\/w:auto\/h:auto\/q:mauto\/f:best\/https:\/\/www.martinsdelima.com\/wp-content\/uploads\/2025\/10\/martinsdelima-letras-claras-horizontal.png","contentUrl":"https:\/\/mligy6wbr5rs.i.optimole.com\/w:auto\/h:auto\/q:mauto\/f:best\/https:\/\/www.martinsdelima.com\/wp-content\/uploads\/2025\/10\/martinsdelima-letras-claras-horizontal.png","width":1315,"height":217,"caption":"Martinsdelima"},"image":{"@id":"https:\/\/www.martinsdelima.com\/pt-pt\/#\/schema\/logo\/image\/"}}]}},"_links":{"self":[{"href":"https:\/\/www.martinsdelima.com\/pt-pt\/wp-json\/wp\/v2\/pages\/10807","targetHints":{"allow":["GET"]}}],"collection":[{"href":"https:\/\/www.martinsdelima.com\/pt-pt\/wp-json\/wp\/v2\/pages"}],"about":[{"href":"https:\/\/www.martinsdelima.com\/pt-pt\/wp-json\/wp\/v2\/types\/page"}],"author":[{"embeddable":true,"href":"https:\/\/www.martinsdelima.com\/pt-pt\/wp-json\/wp\/v2\/users\/1"}],"replies":[{"embeddable":true,"href":"https:\/\/www.martinsdelima.com\/pt-pt\/wp-json\/wp\/v2\/comments?post=10807"}],"version-history":[{"count":2,"href":"https:\/\/www.martinsdelima.com\/pt-pt\/wp-json\/wp\/v2\/pages\/10807\/revisions"}],"predecessor-version":[{"id":11775,"href":"https:\/\/www.martinsdelima.com\/pt-pt\/wp-json\/wp\/v2\/pages\/10807\/revisions\/11775"}],"wp:attachment":[{"href":"https:\/\/www.martinsdelima.com\/pt-pt\/wp-json\/wp\/v2\/media?parent=10807"}],"curies":[{"name":"wp","href":"https:\/\/api.w.org\/{rel}","templated":true}]}}