{"id":10813,"date":"2025-11-23T12:01:04","date_gmt":"2025-11-23T12:01:04","guid":{"rendered":"https:\/\/www.martinsdelima.com\/setor-publicidade\/"},"modified":"2026-02-12T11:03:16","modified_gmt":"2026-02-12T11:03:16","slug":"setor-publicidade","status":"publish","type":"page","link":"https:\/\/www.martinsdelima.com\/pt-pt\/setor-publicidade\/","title":{"rendered":"Setor Publicidade"},"content":{"rendered":"\t\t<div data-elementor-type=\"wp-page\" data-elementor-id=\"10813\" class=\"elementor elementor-10813 elementor-7067\" data-elementor-post-type=\"page\">\n\t\t\t\t\t\t<section class=\"elementor-section elementor-top-section elementor-element elementor-element-5861a17 elementor-section-full_width elementor-section-stretched elementor-section-height-default elementor-section-height-default\" data-id=\"5861a17\" data-element_type=\"section\" data-settings=\"{&quot;stretch_section&quot;:&quot;section-stretched&quot;,&quot;background_background&quot;:&quot;classic&quot;}\">\n\t\t\t\t\t\t\t<div class=\"elementor-background-overlay\"><\/div>\n\t\t\t\t\t\t\t<div class=\"elementor-container elementor-column-gap-default\">\n\t\t\t\t\t<div class=\"elementor-column elementor-col-100 elementor-top-column elementor-element elementor-element-ea42bdb\" data-id=\"ea42bdb\" data-element_type=\"column\">\n\t\t\t<div class=\"elementor-widget-wrap elementor-element-populated\">\n\t\t\t\t\t\t<div class=\"elementor-element elementor-element-8924fce elementor-widget elementor-widget-heading\" data-id=\"8924fce\" data-element_type=\"widget\" data-widget_type=\"heading.default\">\n\t\t\t\t<div class=\"elementor-widget-container\">\n\t\t\t\t\t<h2 class=\"elementor-heading-title elementor-size-default\"><b>Publicidade<\/b><\/h2>\t\t\t\t<\/div>\n\t\t\t\t<\/div>\n\t\t\t\t\t<\/div>\n\t\t<\/div>\n\t\t\t\t\t<\/div>\n\t\t<\/section>\n\t\t<div class=\"elementor-element elementor-element-7469000 e-flex e-con-boxed e-con e-parent\" data-id=\"7469000\" data-element_type=\"container\">\n\t\t\t\t\t<div class=\"e-con-inner\">\n\t\t<div class=\"elementor-element elementor-element-4404da7 e-con-full e-flex e-con e-child\" data-id=\"4404da7\" data-element_type=\"container\">\n\t\t\t\t<div class=\"elementor-element elementor-element-d53b9d3 elementor-widget elementor-widget-text-editor\" data-id=\"d53b9d3\" data-element_type=\"widget\" data-widget_type=\"text-editor.default\">\n\t\t\t\t<div class=\"elementor-widget-container\">\n\t\t\t\t\t\t\t\t\t<h6>Na martinsdelima, contamos com uma vasta experi\u00eancia na an\u00e1lise da ind\u00fastria publicit\u00e1ria em constante mudan\u00e7a, tanto em <strong>ambientes tradicionais como no ecossistema digital<\/strong>, abrangendo desde a an\u00e1lise do mercado publicit\u00e1rio digital e a participa\u00e7\u00e3o com relat\u00f3rios periciais em lit\u00edgios, at\u00e9 \u00e0 avalia\u00e7\u00e3o e estrutura\u00e7\u00e3o de opera\u00e7\u00f5es empresariais em ag\u00eancias e grupos de comunica\u00e7\u00e3o; passando tamb\u00e9m por relat\u00f3rios t\u00e9cnicos para processos de reestrutura\u00e7\u00e3o de empresas em organiza\u00e7\u00f5es publicit\u00e1rias.<\/h6>\n<h6>Trabalh\u00e1mos para grandes plataformas globais de publicidade online, associa\u00e7\u00f5es setoriais e grupos de comunica\u00e7\u00e3o que comercializam espa\u00e7os publicit\u00e1rios.<\/h6>\n<h6><strong>&nbsp;<\/strong><\/h6>\n<h6><strong>Relat\u00f3rios periciais econ\u00f3micos<\/strong><\/h6>\n<h6>Entre outros, elabor\u00e1mos relat\u00f3rios t\u00e9cnicos sobre o <strong>funcionamento dos mercados, a concorr\u00eancia entre canais<\/strong> (televis\u00e3o, imprensa, r\u00e1dio, exterior, digital) e os fatores que determinam a aloca\u00e7\u00e3o dos or\u00e7amentos dos anunciantes.<\/h6>\n<h6>O nosso conhecimento do setor estende-se tamb\u00e9m a <strong>grandes grupos de comunica\u00e7\u00e3o que dependem da venda de publicidade como principal fonte de receita<\/strong>. Para estas empresas, realiz\u00e1mos an\u00e1lises econ\u00f3micas e produtivas das suas divis\u00f5es de comercializa\u00e7\u00e3o publicit\u00e1ria, avaliando a evolu\u00e7\u00e3o do investimento em meios, o impacto do ambiente macroecon\u00f3mico (incluindo o efeito da COVID-19), a rentabilidade por linhas de neg\u00f3cio e a necessidade de adaptar estruturas de custos e modelos comerciais a um mercado em transforma\u00e7\u00e3o acelerada. Estes relat\u00f3rios combinam o estudo do <strong>setor da comunica\u00e7\u00e3o<\/strong> com a an\u00e1lise detalhada de <strong>contas de resultados, margens, estruturas de pessoal<\/strong> e capacidade de investimento dos grupos, proporcionando uma base quantitativa s\u00f3lida para decis\u00f5es estrat\u00e9gicas e processos de reorganiza\u00e7\u00e3o.  <\/h6>\n<h6><strong>&nbsp;<\/strong><\/h6>\n<h6><strong>Avalia\u00e7\u00f5es<\/strong><\/h6>\n<h6>Uma parte relevante da nossa pr\u00e1tica centra-se em <strong>empresas de marketing e publicidade digital<\/strong>, incluindo <strong>ag\u00eancias especializadas em marketplaces e em gest\u00e3o de campanhas de meios online<\/strong>. Para este tipo de clientes, realiz\u00e1mos avalia\u00e7\u00f5es integrais de neg\u00f3cio, apoiadas em metodologias de desconto de fluxos de caixa e m\u00faltiplos de mercado, an\u00e1lise detalhada de resultados hist\u00f3ricos, estrutura de receitas por servi\u00e7o e oportunidades de crescimento (novos mercados, novas plataformas, amplia\u00e7\u00e3o de servi\u00e7os). Estes trabalhos incluem a identifica\u00e7\u00e3o de alavancas de valor, a compara\u00e7\u00e3o com empresas cotadas do setor e a elabora\u00e7\u00e3o de cen\u00e1rios de crescimento e sensibilidade que permitem determinar intervalos razo\u00e1veis de avalia\u00e7\u00e3o para opera\u00e7\u00f5es empresariais.  <\/h6>\n<h6><\/h6>\n<h6><strong>&nbsp;<\/strong><\/h6>\n<h6><strong>Planos de neg\u00f3cios<\/strong><\/h6>\n<h6>Realiz\u00e1mos planos de neg\u00f3cios para ag\u00eancias de publicidade tradicional, publicidade digital e ag\u00eancias especializadas em Market-Places como a Amazon.<\/h6>\n<h6><\/h6>\n<h6><strong>&nbsp;<\/strong><\/h6>\n<h6><strong>Transa\u00e7\u00f5es<\/strong><\/h6>\n<h6>Trabalhamos em opera\u00e7\u00f5es de <strong>M&amp;A no setor publicit\u00e1rio e de marketing digital, desde a primeira abordagem at\u00e9 \u00e0 conclus\u00e3o da transa\u00e7\u00e3o, incluindo a cobran\u00e7a de prazos vari\u00e1veis (earn-outs)<\/strong><\/h6>\n<h6>O nosso trabalho abrange a prepara\u00e7\u00e3o de <strong>cadernos de venda e <em>investment memoranda<\/em>, a constru\u00e7\u00e3o de <em>business plans<\/em> e proje\u00e7\u00f5es financeiras,<\/strong> a avalia\u00e7\u00e3o das empresas-alvo e a defini\u00e7\u00e3o da l\u00f3gica econ\u00f3mica da transa\u00e7\u00e3o. Al\u00e9m disso, assessor\u00e1mos na estrutura\u00e7\u00e3o de pagamentos (pre\u00e7os fixos e vari\u00e1veis, <em>earn-outs<\/em>, op\u00e7\u00f5es de compra e venda), na identifica\u00e7\u00e3o de conting\u00eancias relevantes e na tradu\u00e7\u00e3o de tudo isso para termos econ\u00f3micos claros para <strong>cartas de inten\u00e7\u00f5es (LOI)<\/strong>. Finalmente, a martinsdelima apoia nos processos de <strong>Due-Dilligence, contratos de compra e venda e, finalmente, no recebimento de Earn-Outs.<\/strong>  <\/h6>\t\t\t\t\t\t\t\t<\/div>\n\t\t\t\t<\/div>\n\t\t\t\t<\/div>\n\t\t\t\t\t<\/div>\n\t\t\t\t<\/div>\n\t\t\t\t<\/div>\n\t\t","protected":false},"excerpt":{"rendered":"<p>Publicidade Na martinsdelima, contamos com uma vasta experi\u00eancia na an\u00e1lise da ind\u00fastria publicit\u00e1ria em constante mudan\u00e7a, tanto em ambientes tradicionais como no ecossistema digital, abrangendo desde a an\u00e1lise do mercado publicit\u00e1rio digital e a participa\u00e7\u00e3o com relat\u00f3rios periciais em lit\u00edgios, at\u00e9 \u00e0 avalia\u00e7\u00e3o e estrutura\u00e7\u00e3o de opera\u00e7\u00f5es empresariais em ag\u00eancias [&hellip;]<\/p>\n","protected":false},"author":1,"featured_media":0,"parent":0,"menu_order":0,"comment_status":"closed","ping_status":"closed","template":"page-templates\/template-pagebuilder-full-width.php","meta":{"footnotes":""},"class_list":["post-10813","page","type-page","status-publish","hentry"],"yoast_head":"<!-- This site is optimized with the Yoast SEO plugin v26.4 - https:\/\/yoast.com\/wordpress\/plugins\/seo\/ -->\n<title>Setor Publicidade - Martinsdelima<\/title>\n<meta name=\"robots\" content=\"index, follow, max-snippet:-1, max-image-preview:large, max-video-preview:-1\" \/>\n<link rel=\"canonical\" href=\"https:\/\/www.martinsdelima.com\/pt-pt\/setor-publicidade\/\" \/>\n<meta property=\"og:locale\" content=\"pt_PT\" \/>\n<meta property=\"og:type\" content=\"article\" \/>\n<meta property=\"og:title\" content=\"Setor Publicidade - Martinsdelima\" \/>\n<meta property=\"og:description\" content=\"Publicidade Na martinsdelima, contamos com uma vasta experi\u00eancia na an\u00e1lise da ind\u00fastria publicit\u00e1ria em constante mudan\u00e7a, tanto em ambientes tradicionais como no ecossistema digital, abrangendo desde a an\u00e1lise do mercado publicit\u00e1rio digital e a participa\u00e7\u00e3o com relat\u00f3rios periciais em lit\u00edgios, at\u00e9 \u00e0 avalia\u00e7\u00e3o e estrutura\u00e7\u00e3o de opera\u00e7\u00f5es empresariais em ag\u00eancias [&hellip;]\" \/>\n<meta property=\"og:url\" content=\"https:\/\/www.martinsdelima.com\/pt-pt\/setor-publicidade\/\" \/>\n<meta property=\"og:site_name\" content=\"Martinsdelima\" \/>\n<meta property=\"article:modified_time\" content=\"2026-02-12T11:03:16+00:00\" \/>\n<meta name=\"twitter:card\" content=\"summary_large_image\" \/>\n<meta name=\"twitter:label1\" content=\"Tempo estimado de leitura\" \/>\n\t<meta name=\"twitter:data1\" content=\"3 minutos\" \/>\n<script type=\"application\/ld+json\" class=\"yoast-schema-graph\">{\"@context\":\"https:\/\/schema.org\",\"@graph\":[{\"@type\":\"WebPage\",\"@id\":\"https:\/\/www.martinsdelima.com\/pt-pt\/setor-publicidade\/\",\"url\":\"https:\/\/www.martinsdelima.com\/pt-pt\/setor-publicidade\/\",\"name\":\"Setor Publicidade - Martinsdelima\",\"isPartOf\":{\"@id\":\"https:\/\/www.martinsdelima.com\/pt-pt\/#website\"},\"datePublished\":\"2025-11-23T12:01:04+00:00\",\"dateModified\":\"2026-02-12T11:03:16+00:00\",\"breadcrumb\":{\"@id\":\"https:\/\/www.martinsdelima.com\/pt-pt\/setor-publicidade\/#breadcrumb\"},\"inLanguage\":\"pt-PT\",\"potentialAction\":[{\"@type\":\"ReadAction\",\"target\":[\"https:\/\/www.martinsdelima.com\/pt-pt\/setor-publicidade\/\"]}]},{\"@type\":\"BreadcrumbList\",\"@id\":\"https:\/\/www.martinsdelima.com\/pt-pt\/setor-publicidade\/#breadcrumb\",\"itemListElement\":[{\"@type\":\"ListItem\",\"position\":1,\"name\":\"P\u00e1gina inicial\",\"item\":\"https:\/\/www.martinsdelima.com\/pt-pt\/inicio\/\"},{\"@type\":\"ListItem\",\"position\":2,\"name\":\"Setor Publicidade\"}]},{\"@type\":\"WebSite\",\"@id\":\"https:\/\/www.martinsdelima.com\/pt-pt\/#website\",\"url\":\"https:\/\/www.martinsdelima.com\/pt-pt\/\",\"name\":\"Martinsdelima\",\"description\":\"Forensic&amp;Finance\",\"publisher\":{\"@id\":\"https:\/\/www.martinsdelima.com\/pt-pt\/#organization\"},\"potentialAction\":[{\"@type\":\"SearchAction\",\"target\":{\"@type\":\"EntryPoint\",\"urlTemplate\":\"https:\/\/www.martinsdelima.com\/pt-pt\/?s={search_term_string}\"},\"query-input\":{\"@type\":\"PropertyValueSpecification\",\"valueRequired\":true,\"valueName\":\"search_term_string\"}}],\"inLanguage\":\"pt-PT\"},{\"@type\":\"Organization\",\"@id\":\"https:\/\/www.martinsdelima.com\/pt-pt\/#organization\",\"name\":\"Martinsdelima\",\"url\":\"https:\/\/www.martinsdelima.com\/pt-pt\/\",\"logo\":{\"@type\":\"ImageObject\",\"inLanguage\":\"pt-PT\",\"@id\":\"https:\/\/www.martinsdelima.com\/pt-pt\/#\/schema\/logo\/image\/\",\"url\":\"https:\/\/mligy6wbr5rs.i.optimole.com\/w:auto\/h:auto\/q:mauto\/f:best\/https:\/\/www.martinsdelima.com\/wp-content\/uploads\/2025\/10\/martinsdelima-letras-claras-horizontal.png\",\"contentUrl\":\"https:\/\/mligy6wbr5rs.i.optimole.com\/w:auto\/h:auto\/q:mauto\/f:best\/https:\/\/www.martinsdelima.com\/wp-content\/uploads\/2025\/10\/martinsdelima-letras-claras-horizontal.png\",\"width\":1315,\"height\":217,\"caption\":\"Martinsdelima\"},\"image\":{\"@id\":\"https:\/\/www.martinsdelima.com\/pt-pt\/#\/schema\/logo\/image\/\"}}]}<\/script>\n<!-- \/ Yoast SEO plugin. -->","yoast_head_json":{"title":"Setor Publicidade - Martinsdelima","robots":{"index":"index","follow":"follow","max-snippet":"max-snippet:-1","max-image-preview":"max-image-preview:large","max-video-preview":"max-video-preview:-1"},"canonical":"https:\/\/www.martinsdelima.com\/pt-pt\/setor-publicidade\/","og_locale":"pt_PT","og_type":"article","og_title":"Setor Publicidade - Martinsdelima","og_description":"Publicidade Na martinsdelima, contamos com uma vasta experi\u00eancia na an\u00e1lise da ind\u00fastria publicit\u00e1ria em constante mudan\u00e7a, tanto em ambientes tradicionais como no ecossistema digital, abrangendo desde a an\u00e1lise do mercado publicit\u00e1rio digital e a participa\u00e7\u00e3o com relat\u00f3rios periciais em lit\u00edgios, at\u00e9 \u00e0 avalia\u00e7\u00e3o e estrutura\u00e7\u00e3o de opera\u00e7\u00f5es empresariais em ag\u00eancias [&hellip;]","og_url":"https:\/\/www.martinsdelima.com\/pt-pt\/setor-publicidade\/","og_site_name":"Martinsdelima","article_modified_time":"2026-02-12T11:03:16+00:00","twitter_card":"summary_large_image","twitter_misc":{"Tempo estimado de leitura":"3 minutos"},"schema":{"@context":"https:\/\/schema.org","@graph":[{"@type":"WebPage","@id":"https:\/\/www.martinsdelima.com\/pt-pt\/setor-publicidade\/","url":"https:\/\/www.martinsdelima.com\/pt-pt\/setor-publicidade\/","name":"Setor Publicidade - Martinsdelima","isPartOf":{"@id":"https:\/\/www.martinsdelima.com\/pt-pt\/#website"},"datePublished":"2025-11-23T12:01:04+00:00","dateModified":"2026-02-12T11:03:16+00:00","breadcrumb":{"@id":"https:\/\/www.martinsdelima.com\/pt-pt\/setor-publicidade\/#breadcrumb"},"inLanguage":"pt-PT","potentialAction":[{"@type":"ReadAction","target":["https:\/\/www.martinsdelima.com\/pt-pt\/setor-publicidade\/"]}]},{"@type":"BreadcrumbList","@id":"https:\/\/www.martinsdelima.com\/pt-pt\/setor-publicidade\/#breadcrumb","itemListElement":[{"@type":"ListItem","position":1,"name":"P\u00e1gina inicial","item":"https:\/\/www.martinsdelima.com\/pt-pt\/inicio\/"},{"@type":"ListItem","position":2,"name":"Setor Publicidade"}]},{"@type":"WebSite","@id":"https:\/\/www.martinsdelima.com\/pt-pt\/#website","url":"https:\/\/www.martinsdelima.com\/pt-pt\/","name":"Martinsdelima","description":"Forensic&amp;Finance","publisher":{"@id":"https:\/\/www.martinsdelima.com\/pt-pt\/#organization"},"potentialAction":[{"@type":"SearchAction","target":{"@type":"EntryPoint","urlTemplate":"https:\/\/www.martinsdelima.com\/pt-pt\/?s={search_term_string}"},"query-input":{"@type":"PropertyValueSpecification","valueRequired":true,"valueName":"search_term_string"}}],"inLanguage":"pt-PT"},{"@type":"Organization","@id":"https:\/\/www.martinsdelima.com\/pt-pt\/#organization","name":"Martinsdelima","url":"https:\/\/www.martinsdelima.com\/pt-pt\/","logo":{"@type":"ImageObject","inLanguage":"pt-PT","@id":"https:\/\/www.martinsdelima.com\/pt-pt\/#\/schema\/logo\/image\/","url":"https:\/\/mligy6wbr5rs.i.optimole.com\/w:auto\/h:auto\/q:mauto\/f:best\/https:\/\/www.martinsdelima.com\/wp-content\/uploads\/2025\/10\/martinsdelima-letras-claras-horizontal.png","contentUrl":"https:\/\/mligy6wbr5rs.i.optimole.com\/w:auto\/h:auto\/q:mauto\/f:best\/https:\/\/www.martinsdelima.com\/wp-content\/uploads\/2025\/10\/martinsdelima-letras-claras-horizontal.png","width":1315,"height":217,"caption":"Martinsdelima"},"image":{"@id":"https:\/\/www.martinsdelima.com\/pt-pt\/#\/schema\/logo\/image\/"}}]}},"_links":{"self":[{"href":"https:\/\/www.martinsdelima.com\/pt-pt\/wp-json\/wp\/v2\/pages\/10813","targetHints":{"allow":["GET"]}}],"collection":[{"href":"https:\/\/www.martinsdelima.com\/pt-pt\/wp-json\/wp\/v2\/pages"}],"about":[{"href":"https:\/\/www.martinsdelima.com\/pt-pt\/wp-json\/wp\/v2\/types\/page"}],"author":[{"embeddable":true,"href":"https:\/\/www.martinsdelima.com\/pt-pt\/wp-json\/wp\/v2\/users\/1"}],"replies":[{"embeddable":true,"href":"https:\/\/www.martinsdelima.com\/pt-pt\/wp-json\/wp\/v2\/comments?post=10813"}],"version-history":[{"count":3,"href":"https:\/\/www.martinsdelima.com\/pt-pt\/wp-json\/wp\/v2\/pages\/10813\/revisions"}],"predecessor-version":[{"id":11818,"href":"https:\/\/www.martinsdelima.com\/pt-pt\/wp-json\/wp\/v2\/pages\/10813\/revisions\/11818"}],"wp:attachment":[{"href":"https:\/\/www.martinsdelima.com\/pt-pt\/wp-json\/wp\/v2\/media?parent=10813"}],"curies":[{"name":"wp","href":"https:\/\/api.w.org\/{rel}","templated":true}]}}