{"id":10819,"date":"2025-11-21T11:05:27","date_gmt":"2025-11-21T11:05:27","guid":{"rendered":"https:\/\/www.martinsdelima.com\/setor-do-meio-ambiente-e-reciclagem\/"},"modified":"2026-02-12T10:50:42","modified_gmt":"2026-02-12T10:50:42","slug":"setor-do-meio-ambiente-e-reciclagem","status":"publish","type":"page","link":"https:\/\/www.martinsdelima.com\/pt-pt\/setor-do-meio-ambiente-e-reciclagem\/","title":{"rendered":"Setor do Meio Ambiente e Reciclagem"},"content":{"rendered":"\t\t<div data-elementor-type=\"wp-page\" data-elementor-id=\"10819\" class=\"elementor elementor-10819 elementor-7069\" data-elementor-post-type=\"page\">\n\t\t\t\t\t\t<section class=\"elementor-section elementor-top-section elementor-element elementor-element-5861a17 elementor-section-full_width elementor-section-stretched elementor-section-height-default elementor-section-height-default\" data-id=\"5861a17\" data-element_type=\"section\" data-settings=\"{&quot;stretch_section&quot;:&quot;section-stretched&quot;,&quot;background_background&quot;:&quot;classic&quot;}\">\n\t\t\t\t\t\t\t<div class=\"elementor-background-overlay\"><\/div>\n\t\t\t\t\t\t\t<div class=\"elementor-container elementor-column-gap-default\">\n\t\t\t\t\t<div class=\"elementor-column elementor-col-100 elementor-top-column elementor-element elementor-element-ea42bdb\" data-id=\"ea42bdb\" data-element_type=\"column\">\n\t\t\t<div class=\"elementor-widget-wrap elementor-element-populated\">\n\t\t\t\t\t\t<div class=\"elementor-element elementor-element-8924fce elementor-widget elementor-widget-heading\" data-id=\"8924fce\" data-element_type=\"widget\" data-widget_type=\"heading.default\">\n\t\t\t\t<div class=\"elementor-widget-container\">\n\t\t\t\t\t<h2 class=\"elementor-heading-title elementor-size-default\"><b>Meio Ambiente e Reciclagem<\/b><\/h2>\t\t\t\t<\/div>\n\t\t\t\t<\/div>\n\t\t\t\t\t<\/div>\n\t\t<\/div>\n\t\t\t\t\t<\/div>\n\t\t<\/section>\n\t\t<div class=\"elementor-element elementor-element-7469000 e-flex e-con-boxed e-con e-parent\" data-id=\"7469000\" data-element_type=\"container\">\n\t\t\t\t\t<div class=\"e-con-inner\">\n\t\t<div class=\"elementor-element elementor-element-4404da7 e-con-full e-flex e-con e-child\" data-id=\"4404da7\" data-element_type=\"container\">\n\t\t\t\t<div class=\"elementor-element elementor-element-d53b9d3 elementor-widget elementor-widget-text-editor\" data-id=\"d53b9d3\" data-element_type=\"widget\" data-widget_type=\"text-editor.default\">\n\t\t\t\t<div class=\"elementor-widget-container\">\n\t\t\t\t\t\t\t\t\t<h6>O setor do meio ambiente e de reciclagem abrange atividades relacionadas com a <strong>gest\u00e3o de res\u00edduos, a descontamina\u00e7\u00e3o de solos, a valoriza\u00e7\u00e3o energ\u00e9tica, o tratamento industrial e o cumprimento de normativas ambientais<\/strong> cada vez mais rigorosas. Trata-se de um \u00e2mbito altamente t\u00e9cnico, onde a viabilidade econ\u00f3mica dos projetos depende diretamente da sua adequa\u00e7\u00e3o a padr\u00f5es legais, da correta execu\u00e7\u00e3o das infraestruturas e de uma gest\u00e3o respons\u00e1vel dos impactos ambientais. <\/h6><h6>Na martinsdelima, contamos com uma s\u00f3lida experi\u00eancia na <strong>avalia\u00e7\u00e3o t\u00e9cnica, econ\u00f3mica e regulat\u00f3ria de projetos ambientais<\/strong>, tanto para empresas industriais como para fundos de investimento e promotores.<\/h6><h6><strong> <\/strong><\/h6><h6><strong>Relat\u00f3rios periciais t\u00e9cnicos<\/strong><\/h6><h6>Realiz\u00e1mos an\u00e1lises aprofundadas de instala\u00e7\u00f5es industriais e projetos de reciclagem, incluindo auditorias t\u00e9cnicas, visitas de inspe\u00e7\u00e3o e avalia\u00e7\u00f5es do funcionamento real de unidades de valoriza\u00e7\u00e3o e reciclagem. Estes trabalhos permitiram detetar falhas de engenharia, defici\u00eancias operacionais e riscos associados ao design ou execu\u00e7\u00e3o de projetos que deviam transformar res\u00edduos espec\u00edficos em combust\u00edveis ou outros produtos energ\u00e9ticos. <\/h6><h6>Al\u00e9m disso, assistimos fundos de investimento e empresas em processos de compra de empresas sujeitas a obriga\u00e7\u00f5es ambientais. Nestes casos, identificamos irregularidades, contamina\u00e7\u00e3o em solos e instala\u00e7\u00f5es, incumprimentos normativos e riscos ocultos, avaliando a sua repercuss\u00e3o financeira, operativa e legal. <\/h6><h6><strong> <\/strong><\/h6><h6><strong>Relat\u00f3rios periciais econ\u00f3micos<\/strong><\/h6><h6>Realizamos estudos econ\u00f3mico-financeiros orientados para determinar o impacto da contamina\u00e7\u00e3o ou das falhas t\u00e9cnicas na atividade empresarial. Isto inclui o c\u00e1lculo do <strong>dano emergente<\/strong> \u2014 como os custos de descontamina\u00e7\u00e3o ou de repara\u00e7\u00e3o de instala\u00e7\u00f5es \u2014 e do <strong>lucro cessante<\/strong> derivado de <strong>atrasos, paralisa\u00e7\u00f5es ou limita\u00e7\u00f5es no uso de ativos afetados<\/strong>. <\/h6><h6>Avali\u00e1mos igualmente danos em casos nos quais foi vendido um <strong>terreno que n\u00e3o estava limpo<\/strong>. Nestes casos, avaliamos o <strong>dano emergente<\/strong>, incluindo valores como custos de limpeza do solo ou licen\u00e7as necess\u00e1rias. Adicionalmente, calculamos o lucro cessante resultante do atraso na constru\u00e7\u00e3o e venda dos im\u00f3veis ou do neg\u00f3cio que se pretendia implementar.  <\/h6>\t\t\t\t\t\t\t\t<\/div>\n\t\t\t\t<\/div>\n\t\t\t\t<\/div>\n\t\t\t\t\t<\/div>\n\t\t\t\t<\/div>\n\t\t\t\t<\/div>\n\t\t","protected":false},"excerpt":{"rendered":"<p>Meio Ambiente e Reciclagem O setor do meio ambiente e de reciclagem abrange atividades relacionadas com a gest\u00e3o de res\u00edduos, a descontamina\u00e7\u00e3o de solos, a valoriza\u00e7\u00e3o energ\u00e9tica, o tratamento industrial e o cumprimento de normativas ambientais cada vez mais rigorosas. Trata-se de um \u00e2mbito altamente t\u00e9cnico, onde a viabilidade econ\u00f3mica [&hellip;]<\/p>\n","protected":false},"author":1,"featured_media":0,"parent":0,"menu_order":0,"comment_status":"closed","ping_status":"closed","template":"page-templates\/template-pagebuilder-full-width.php","meta":{"footnotes":""},"class_list":["post-10819","page","type-page","status-publish","hentry"],"yoast_head":"<!-- This site is optimized with the Yoast SEO plugin v26.4 - https:\/\/yoast.com\/wordpress\/plugins\/seo\/ -->\n<title>Setor do Meio Ambiente e Reciclagem - Martinsdelima<\/title>\n<meta name=\"robots\" content=\"index, follow, max-snippet:-1, max-image-preview:large, max-video-preview:-1\" \/>\n<link rel=\"canonical\" href=\"https:\/\/www.martinsdelima.com\/pt-pt\/setor-do-meio-ambiente-e-reciclagem\/\" \/>\n<meta property=\"og:locale\" content=\"pt_PT\" \/>\n<meta property=\"og:type\" content=\"article\" \/>\n<meta property=\"og:title\" content=\"Setor do Meio Ambiente e Reciclagem - Martinsdelima\" \/>\n<meta property=\"og:description\" content=\"Meio Ambiente e Reciclagem O setor do meio ambiente e de reciclagem abrange atividades relacionadas com a gest\u00e3o de res\u00edduos, a descontamina\u00e7\u00e3o de solos, a valoriza\u00e7\u00e3o energ\u00e9tica, o tratamento industrial e o cumprimento de normativas ambientais cada vez mais rigorosas. Trata-se de um \u00e2mbito altamente t\u00e9cnico, onde a viabilidade econ\u00f3mica [&hellip;]\" \/>\n<meta property=\"og:url\" content=\"https:\/\/www.martinsdelima.com\/pt-pt\/setor-do-meio-ambiente-e-reciclagem\/\" \/>\n<meta property=\"og:site_name\" content=\"Martinsdelima\" \/>\n<meta property=\"article:modified_time\" content=\"2026-02-12T10:50:42+00:00\" \/>\n<meta name=\"twitter:card\" content=\"summary_large_image\" \/>\n<meta name=\"twitter:label1\" content=\"Tempo estimado de leitura\" \/>\n\t<meta name=\"twitter:data1\" content=\"2 minutos\" \/>\n<script type=\"application\/ld+json\" class=\"yoast-schema-graph\">{\"@context\":\"https:\/\/schema.org\",\"@graph\":[{\"@type\":\"WebPage\",\"@id\":\"https:\/\/www.martinsdelima.com\/pt-pt\/setor-do-meio-ambiente-e-reciclagem\/\",\"url\":\"https:\/\/www.martinsdelima.com\/pt-pt\/setor-do-meio-ambiente-e-reciclagem\/\",\"name\":\"Setor do Meio Ambiente e Reciclagem - Martinsdelima\",\"isPartOf\":{\"@id\":\"https:\/\/www.martinsdelima.com\/pt-pt\/#website\"},\"datePublished\":\"2025-11-21T11:05:27+00:00\",\"dateModified\":\"2026-02-12T10:50:42+00:00\",\"breadcrumb\":{\"@id\":\"https:\/\/www.martinsdelima.com\/pt-pt\/setor-do-meio-ambiente-e-reciclagem\/#breadcrumb\"},\"inLanguage\":\"pt-PT\",\"potentialAction\":[{\"@type\":\"ReadAction\",\"target\":[\"https:\/\/www.martinsdelima.com\/pt-pt\/setor-do-meio-ambiente-e-reciclagem\/\"]}]},{\"@type\":\"BreadcrumbList\",\"@id\":\"https:\/\/www.martinsdelima.com\/pt-pt\/setor-do-meio-ambiente-e-reciclagem\/#breadcrumb\",\"itemListElement\":[{\"@type\":\"ListItem\",\"position\":1,\"name\":\"P\u00e1gina inicial\",\"item\":\"https:\/\/www.martinsdelima.com\/pt-pt\/inicio\/\"},{\"@type\":\"ListItem\",\"position\":2,\"name\":\"Setor do Meio Ambiente e Reciclagem\"}]},{\"@type\":\"WebSite\",\"@id\":\"https:\/\/www.martinsdelima.com\/pt-pt\/#website\",\"url\":\"https:\/\/www.martinsdelima.com\/pt-pt\/\",\"name\":\"Martinsdelima\",\"description\":\"Forensic&amp;Finance\",\"publisher\":{\"@id\":\"https:\/\/www.martinsdelima.com\/pt-pt\/#organization\"},\"potentialAction\":[{\"@type\":\"SearchAction\",\"target\":{\"@type\":\"EntryPoint\",\"urlTemplate\":\"https:\/\/www.martinsdelima.com\/pt-pt\/?s={search_term_string}\"},\"query-input\":{\"@type\":\"PropertyValueSpecification\",\"valueRequired\":true,\"valueName\":\"search_term_string\"}}],\"inLanguage\":\"pt-PT\"},{\"@type\":\"Organization\",\"@id\":\"https:\/\/www.martinsdelima.com\/pt-pt\/#organization\",\"name\":\"Martinsdelima\",\"url\":\"https:\/\/www.martinsdelima.com\/pt-pt\/\",\"logo\":{\"@type\":\"ImageObject\",\"inLanguage\":\"pt-PT\",\"@id\":\"https:\/\/www.martinsdelima.com\/pt-pt\/#\/schema\/logo\/image\/\",\"url\":\"https:\/\/mligy6wbr5rs.i.optimole.com\/w:auto\/h:auto\/q:mauto\/f:best\/https:\/\/www.martinsdelima.com\/wp-content\/uploads\/2025\/10\/martinsdelima-letras-claras-horizontal.png\",\"contentUrl\":\"https:\/\/mligy6wbr5rs.i.optimole.com\/w:auto\/h:auto\/q:mauto\/f:best\/https:\/\/www.martinsdelima.com\/wp-content\/uploads\/2025\/10\/martinsdelima-letras-claras-horizontal.png\",\"width\":1315,\"height\":217,\"caption\":\"Martinsdelima\"},\"image\":{\"@id\":\"https:\/\/www.martinsdelima.com\/pt-pt\/#\/schema\/logo\/image\/\"}}]}<\/script>\n<!-- \/ Yoast SEO plugin. -->","yoast_head_json":{"title":"Setor do Meio Ambiente e Reciclagem - Martinsdelima","robots":{"index":"index","follow":"follow","max-snippet":"max-snippet:-1","max-image-preview":"max-image-preview:large","max-video-preview":"max-video-preview:-1"},"canonical":"https:\/\/www.martinsdelima.com\/pt-pt\/setor-do-meio-ambiente-e-reciclagem\/","og_locale":"pt_PT","og_type":"article","og_title":"Setor do Meio Ambiente e Reciclagem - Martinsdelima","og_description":"Meio Ambiente e Reciclagem O setor do meio ambiente e de reciclagem abrange atividades relacionadas com a gest\u00e3o de res\u00edduos, a descontamina\u00e7\u00e3o de solos, a valoriza\u00e7\u00e3o energ\u00e9tica, o tratamento industrial e o cumprimento de normativas ambientais cada vez mais rigorosas. Trata-se de um \u00e2mbito altamente t\u00e9cnico, onde a viabilidade econ\u00f3mica [&hellip;]","og_url":"https:\/\/www.martinsdelima.com\/pt-pt\/setor-do-meio-ambiente-e-reciclagem\/","og_site_name":"Martinsdelima","article_modified_time":"2026-02-12T10:50:42+00:00","twitter_card":"summary_large_image","twitter_misc":{"Tempo estimado de leitura":"2 minutos"},"schema":{"@context":"https:\/\/schema.org","@graph":[{"@type":"WebPage","@id":"https:\/\/www.martinsdelima.com\/pt-pt\/setor-do-meio-ambiente-e-reciclagem\/","url":"https:\/\/www.martinsdelima.com\/pt-pt\/setor-do-meio-ambiente-e-reciclagem\/","name":"Setor do Meio Ambiente e Reciclagem - Martinsdelima","isPartOf":{"@id":"https:\/\/www.martinsdelima.com\/pt-pt\/#website"},"datePublished":"2025-11-21T11:05:27+00:00","dateModified":"2026-02-12T10:50:42+00:00","breadcrumb":{"@id":"https:\/\/www.martinsdelima.com\/pt-pt\/setor-do-meio-ambiente-e-reciclagem\/#breadcrumb"},"inLanguage":"pt-PT","potentialAction":[{"@type":"ReadAction","target":["https:\/\/www.martinsdelima.com\/pt-pt\/setor-do-meio-ambiente-e-reciclagem\/"]}]},{"@type":"BreadcrumbList","@id":"https:\/\/www.martinsdelima.com\/pt-pt\/setor-do-meio-ambiente-e-reciclagem\/#breadcrumb","itemListElement":[{"@type":"ListItem","position":1,"name":"P\u00e1gina inicial","item":"https:\/\/www.martinsdelima.com\/pt-pt\/inicio\/"},{"@type":"ListItem","position":2,"name":"Setor do Meio Ambiente e Reciclagem"}]},{"@type":"WebSite","@id":"https:\/\/www.martinsdelima.com\/pt-pt\/#website","url":"https:\/\/www.martinsdelima.com\/pt-pt\/","name":"Martinsdelima","description":"Forensic&amp;Finance","publisher":{"@id":"https:\/\/www.martinsdelima.com\/pt-pt\/#organization"},"potentialAction":[{"@type":"SearchAction","target":{"@type":"EntryPoint","urlTemplate":"https:\/\/www.martinsdelima.com\/pt-pt\/?s={search_term_string}"},"query-input":{"@type":"PropertyValueSpecification","valueRequired":true,"valueName":"search_term_string"}}],"inLanguage":"pt-PT"},{"@type":"Organization","@id":"https:\/\/www.martinsdelima.com\/pt-pt\/#organization","name":"Martinsdelima","url":"https:\/\/www.martinsdelima.com\/pt-pt\/","logo":{"@type":"ImageObject","inLanguage":"pt-PT","@id":"https:\/\/www.martinsdelima.com\/pt-pt\/#\/schema\/logo\/image\/","url":"https:\/\/mligy6wbr5rs.i.optimole.com\/w:auto\/h:auto\/q:mauto\/f:best\/https:\/\/www.martinsdelima.com\/wp-content\/uploads\/2025\/10\/martinsdelima-letras-claras-horizontal.png","contentUrl":"https:\/\/mligy6wbr5rs.i.optimole.com\/w:auto\/h:auto\/q:mauto\/f:best\/https:\/\/www.martinsdelima.com\/wp-content\/uploads\/2025\/10\/martinsdelima-letras-claras-horizontal.png","width":1315,"height":217,"caption":"Martinsdelima"},"image":{"@id":"https:\/\/www.martinsdelima.com\/pt-pt\/#\/schema\/logo\/image\/"}}]}},"_links":{"self":[{"href":"https:\/\/www.martinsdelima.com\/pt-pt\/wp-json\/wp\/v2\/pages\/10819","targetHints":{"allow":["GET"]}}],"collection":[{"href":"https:\/\/www.martinsdelima.com\/pt-pt\/wp-json\/wp\/v2\/pages"}],"about":[{"href":"https:\/\/www.martinsdelima.com\/pt-pt\/wp-json\/wp\/v2\/types\/page"}],"author":[{"embeddable":true,"href":"https:\/\/www.martinsdelima.com\/pt-pt\/wp-json\/wp\/v2\/users\/1"}],"replies":[{"embeddable":true,"href":"https:\/\/www.martinsdelima.com\/pt-pt\/wp-json\/wp\/v2\/comments?post=10819"}],"version-history":[{"count":2,"href":"https:\/\/www.martinsdelima.com\/pt-pt\/wp-json\/wp\/v2\/pages\/10819\/revisions"}],"predecessor-version":[{"id":11784,"href":"https:\/\/www.martinsdelima.com\/pt-pt\/wp-json\/wp\/v2\/pages\/10819\/revisions\/11784"}],"wp:attachment":[{"href":"https:\/\/www.martinsdelima.com\/pt-pt\/wp-json\/wp\/v2\/media?parent=10819"}],"curies":[{"name":"wp","href":"https:\/\/api.w.org\/{rel}","templated":true}]}}