{"id":10824,"date":"2025-11-23T12:21:43","date_gmt":"2025-11-23T12:21:43","guid":{"rendered":"https:\/\/www.martinsdelima.com\/setor-da-saude\/"},"modified":"2026-02-12T10:58:56","modified_gmt":"2026-02-12T10:58:56","slug":"setor-da-saude","status":"publish","type":"page","link":"https:\/\/www.martinsdelima.com\/pt-pt\/setor-da-saude\/","title":{"rendered":"Setor da Sa\u00fade"},"content":{"rendered":"\t\t<div data-elementor-type=\"wp-page\" data-elementor-id=\"10824\" class=\"elementor elementor-10824 elementor-7066\" data-elementor-post-type=\"page\">\n\t\t\t\t\t\t<section class=\"elementor-section elementor-top-section elementor-element elementor-element-5861a17 elementor-section-full_width elementor-section-stretched elementor-section-height-default elementor-section-height-default\" data-id=\"5861a17\" data-element_type=\"section\" data-settings=\"{&quot;stretch_section&quot;:&quot;section-stretched&quot;,&quot;background_background&quot;:&quot;classic&quot;}\">\n\t\t\t\t\t\t\t<div class=\"elementor-background-overlay\"><\/div>\n\t\t\t\t\t\t\t<div class=\"elementor-container elementor-column-gap-default\">\n\t\t\t\t\t<div class=\"elementor-column elementor-col-100 elementor-top-column elementor-element elementor-element-ea42bdb\" data-id=\"ea42bdb\" data-element_type=\"column\">\n\t\t\t<div class=\"elementor-widget-wrap elementor-element-populated\">\n\t\t\t\t\t\t<div class=\"elementor-element elementor-element-8924fce elementor-widget elementor-widget-heading\" data-id=\"8924fce\" data-element_type=\"widget\" data-widget_type=\"heading.default\">\n\t\t\t\t<div class=\"elementor-widget-container\">\n\t\t\t\t\t<h2 class=\"elementor-heading-title elementor-size-default\"><b>Sa\u00fade<\/b><\/h2>\t\t\t\t<\/div>\n\t\t\t\t<\/div>\n\t\t\t\t\t<\/div>\n\t\t<\/div>\n\t\t\t\t\t<\/div>\n\t\t<\/section>\n\t\t<div class=\"elementor-element elementor-element-7469000 e-flex e-con-boxed e-con e-parent\" data-id=\"7469000\" data-element_type=\"container\">\n\t\t\t\t\t<div class=\"e-con-inner\">\n\t\t<div class=\"elementor-element elementor-element-4404da7 e-con-full e-flex e-con e-child\" data-id=\"4404da7\" data-element_type=\"container\">\n\t\t\t\t<div class=\"elementor-element elementor-element-d53b9d3 elementor-widget elementor-widget-text-editor\" data-id=\"d53b9d3\" data-element_type=\"widget\" data-widget_type=\"text-editor.default\">\n\t\t\t\t<div class=\"elementor-widget-container\">\n\t\t\t\t\t\t\t\t\t<h6>O setor da sa\u00fade e sociossanit\u00e1rio engloba <strong>hospitais, centros m\u00e9dicos especializados, laborat\u00f3rios, cl\u00ednicas veterin\u00e1rias, entidades de reabilita\u00e7\u00e3o, servi\u00e7os de depend\u00eancia<\/strong> e centros onde a atividade assistencial exige elevados padr\u00f5es t\u00e9cnicos, alta regula\u00e7\u00e3o e estruturas econ\u00f3micas complexas.<\/h6>\n<h6>Na martinsdelima, temos acompanhado entidades sanit\u00e1rias e sociossanit\u00e1rias em distintos momentos, aportando an\u00e1lises independentes, avalia\u00e7\u00f5es de ativos e apoio t\u00e9cnico em processos laborais, financeiros e operacionais.<\/h6>\n<h6><strong>&nbsp;<\/strong><\/h6>\n<h6><strong>Relat\u00f3rios periciais econ\u00f3micos<\/strong><\/h6>\n<h6>Elabor\u00e1mos <strong>an\u00e1lises financeiras integrais<\/strong> para grupos sanit\u00e1rios e de diagn\u00f3stico, avaliando o seu desempenho econ\u00f3mico, a estrutura de custos, a rentabilidade por \u00e1rea de atividade e as necessidades de investimento para garantir a sua viabilidade e crescimento.<\/h6>\n<h6><strong>&nbsp;<\/strong><\/h6>\n<h6><strong>Relat\u00f3rios periciais laborais<\/strong><\/h6>\n<h6>Realiz\u00e1mos relat\u00f3rios t\u00e9cnicos para processos de lay-off<strong> (ERTE) em organiza\u00e7\u00f5es sanit\u00e1rias e sociossanit\u00e1rias<\/strong>, justificando causas econ\u00f3micas, produtivas ou organizativas em setores especialmente sens\u00edveis pela sua repercuss\u00e3o direta na presta\u00e7\u00e3o de servi\u00e7os essenciais.<\/h6>\n<h6><strong>&nbsp;<\/strong><\/h6>\n<h6><strong>Avalia\u00e7\u00f5es<\/strong><\/h6>\n<h6>Contamos com experi\u00eancia na avalia\u00e7\u00e3o de companhias do \u00e2mbito sanit\u00e1rio e veterin\u00e1rio, incluindo cen\u00e1rios complexos com pagamentos contingentes (earn-outs). Nestes casos, determin\u00e1mos o valor real do neg\u00f3cio e analis\u00e1mos os efeitos operativos e econ\u00f3micos de decis\u00f5es diretivas que afetaram o funcionamento da companhia ou a ativa\u00e7\u00e3o de marcos contratuais. <\/h6>\t\t\t\t\t\t\t\t<\/div>\n\t\t\t\t<\/div>\n\t\t\t\t<\/div>\n\t\t\t\t\t<\/div>\n\t\t\t\t<\/div>\n\t\t\t\t<\/div>\n\t\t","protected":false},"excerpt":{"rendered":"<p>Sa\u00fade O setor da sa\u00fade e sociossanit\u00e1rio engloba hospitais, centros m\u00e9dicos especializados, laborat\u00f3rios, cl\u00ednicas veterin\u00e1rias, entidades de reabilita\u00e7\u00e3o, servi\u00e7os de depend\u00eancia e centros onde a atividade assistencial exige elevados padr\u00f5es t\u00e9cnicos, alta regula\u00e7\u00e3o e estruturas econ\u00f3micas complexas. Na martinsdelima, temos acompanhado entidades sanit\u00e1rias e sociossanit\u00e1rias em distintos momentos, aportando an\u00e1lises [&hellip;]<\/p>\n","protected":false},"author":1,"featured_media":0,"parent":0,"menu_order":0,"comment_status":"closed","ping_status":"closed","template":"page-templates\/template-pagebuilder-full-width.php","meta":{"footnotes":""},"class_list":["post-10824","page","type-page","status-publish","hentry"],"yoast_head":"<!-- This site is optimized with the Yoast SEO plugin v26.4 - https:\/\/yoast.com\/wordpress\/plugins\/seo\/ -->\n<title>Setor da Sa\u00fade - Martinsdelima<\/title>\n<meta name=\"robots\" content=\"index, follow, max-snippet:-1, max-image-preview:large, max-video-preview:-1\" \/>\n<link rel=\"canonical\" href=\"https:\/\/www.martinsdelima.com\/pt-pt\/setor-da-saude\/\" \/>\n<meta property=\"og:locale\" content=\"pt_PT\" \/>\n<meta property=\"og:type\" content=\"article\" \/>\n<meta property=\"og:title\" content=\"Setor da Sa\u00fade - Martinsdelima\" \/>\n<meta property=\"og:description\" content=\"Sa\u00fade O setor da sa\u00fade e sociossanit\u00e1rio engloba hospitais, centros m\u00e9dicos especializados, laborat\u00f3rios, cl\u00ednicas veterin\u00e1rias, entidades de reabilita\u00e7\u00e3o, servi\u00e7os de depend\u00eancia e centros onde a atividade assistencial exige elevados padr\u00f5es t\u00e9cnicos, alta regula\u00e7\u00e3o e estruturas econ\u00f3micas complexas. Na martinsdelima, temos acompanhado entidades sanit\u00e1rias e sociossanit\u00e1rias em distintos momentos, aportando an\u00e1lises [&hellip;]\" \/>\n<meta property=\"og:url\" content=\"https:\/\/www.martinsdelima.com\/pt-pt\/setor-da-saude\/\" \/>\n<meta property=\"og:site_name\" content=\"Martinsdelima\" \/>\n<meta property=\"article:modified_time\" content=\"2026-02-12T10:58:56+00:00\" \/>\n<meta name=\"twitter:card\" content=\"summary_large_image\" \/>\n<meta name=\"twitter:label1\" content=\"Tempo estimado de leitura\" \/>\n\t<meta name=\"twitter:data1\" content=\"1 minuto\" \/>\n<script type=\"application\/ld+json\" class=\"yoast-schema-graph\">{\"@context\":\"https:\/\/schema.org\",\"@graph\":[{\"@type\":\"WebPage\",\"@id\":\"https:\/\/www.martinsdelima.com\/pt-pt\/setor-da-saude\/\",\"url\":\"https:\/\/www.martinsdelima.com\/pt-pt\/setor-da-saude\/\",\"name\":\"Setor da Sa\u00fade - Martinsdelima\",\"isPartOf\":{\"@id\":\"https:\/\/www.martinsdelima.com\/pt-pt\/#website\"},\"datePublished\":\"2025-11-23T12:21:43+00:00\",\"dateModified\":\"2026-02-12T10:58:56+00:00\",\"breadcrumb\":{\"@id\":\"https:\/\/www.martinsdelima.com\/pt-pt\/setor-da-saude\/#breadcrumb\"},\"inLanguage\":\"pt-PT\",\"potentialAction\":[{\"@type\":\"ReadAction\",\"target\":[\"https:\/\/www.martinsdelima.com\/pt-pt\/setor-da-saude\/\"]}]},{\"@type\":\"BreadcrumbList\",\"@id\":\"https:\/\/www.martinsdelima.com\/pt-pt\/setor-da-saude\/#breadcrumb\",\"itemListElement\":[{\"@type\":\"ListItem\",\"position\":1,\"name\":\"P\u00e1gina inicial\",\"item\":\"https:\/\/www.martinsdelima.com\/pt-pt\/inicio\/\"},{\"@type\":\"ListItem\",\"position\":2,\"name\":\"Setor da Sa\u00fade\"}]},{\"@type\":\"WebSite\",\"@id\":\"https:\/\/www.martinsdelima.com\/pt-pt\/#website\",\"url\":\"https:\/\/www.martinsdelima.com\/pt-pt\/\",\"name\":\"Martinsdelima\",\"description\":\"Forensic&amp;Finance\",\"publisher\":{\"@id\":\"https:\/\/www.martinsdelima.com\/pt-pt\/#organization\"},\"potentialAction\":[{\"@type\":\"SearchAction\",\"target\":{\"@type\":\"EntryPoint\",\"urlTemplate\":\"https:\/\/www.martinsdelima.com\/pt-pt\/?s={search_term_string}\"},\"query-input\":{\"@type\":\"PropertyValueSpecification\",\"valueRequired\":true,\"valueName\":\"search_term_string\"}}],\"inLanguage\":\"pt-PT\"},{\"@type\":\"Organization\",\"@id\":\"https:\/\/www.martinsdelima.com\/pt-pt\/#organization\",\"name\":\"Martinsdelima\",\"url\":\"https:\/\/www.martinsdelima.com\/pt-pt\/\",\"logo\":{\"@type\":\"ImageObject\",\"inLanguage\":\"pt-PT\",\"@id\":\"https:\/\/www.martinsdelima.com\/pt-pt\/#\/schema\/logo\/image\/\",\"url\":\"https:\/\/mligy6wbr5rs.i.optimole.com\/w:auto\/h:auto\/q:mauto\/f:best\/https:\/\/www.martinsdelima.com\/wp-content\/uploads\/2025\/10\/martinsdelima-letras-claras-horizontal.png\",\"contentUrl\":\"https:\/\/mligy6wbr5rs.i.optimole.com\/w:auto\/h:auto\/q:mauto\/f:best\/https:\/\/www.martinsdelima.com\/wp-content\/uploads\/2025\/10\/martinsdelima-letras-claras-horizontal.png\",\"width\":1315,\"height\":217,\"caption\":\"Martinsdelima\"},\"image\":{\"@id\":\"https:\/\/www.martinsdelima.com\/pt-pt\/#\/schema\/logo\/image\/\"}}]}<\/script>\n<!-- \/ Yoast SEO plugin. -->","yoast_head_json":{"title":"Setor da Sa\u00fade - Martinsdelima","robots":{"index":"index","follow":"follow","max-snippet":"max-snippet:-1","max-image-preview":"max-image-preview:large","max-video-preview":"max-video-preview:-1"},"canonical":"https:\/\/www.martinsdelima.com\/pt-pt\/setor-da-saude\/","og_locale":"pt_PT","og_type":"article","og_title":"Setor da Sa\u00fade - Martinsdelima","og_description":"Sa\u00fade O setor da sa\u00fade e sociossanit\u00e1rio engloba hospitais, centros m\u00e9dicos especializados, laborat\u00f3rios, cl\u00ednicas veterin\u00e1rias, entidades de reabilita\u00e7\u00e3o, servi\u00e7os de depend\u00eancia e centros onde a atividade assistencial exige elevados padr\u00f5es t\u00e9cnicos, alta regula\u00e7\u00e3o e estruturas econ\u00f3micas complexas. Na martinsdelima, temos acompanhado entidades sanit\u00e1rias e sociossanit\u00e1rias em distintos momentos, aportando an\u00e1lises [&hellip;]","og_url":"https:\/\/www.martinsdelima.com\/pt-pt\/setor-da-saude\/","og_site_name":"Martinsdelima","article_modified_time":"2026-02-12T10:58:56+00:00","twitter_card":"summary_large_image","twitter_misc":{"Tempo estimado de leitura":"1 minuto"},"schema":{"@context":"https:\/\/schema.org","@graph":[{"@type":"WebPage","@id":"https:\/\/www.martinsdelima.com\/pt-pt\/setor-da-saude\/","url":"https:\/\/www.martinsdelima.com\/pt-pt\/setor-da-saude\/","name":"Setor da Sa\u00fade - Martinsdelima","isPartOf":{"@id":"https:\/\/www.martinsdelima.com\/pt-pt\/#website"},"datePublished":"2025-11-23T12:21:43+00:00","dateModified":"2026-02-12T10:58:56+00:00","breadcrumb":{"@id":"https:\/\/www.martinsdelima.com\/pt-pt\/setor-da-saude\/#breadcrumb"},"inLanguage":"pt-PT","potentialAction":[{"@type":"ReadAction","target":["https:\/\/www.martinsdelima.com\/pt-pt\/setor-da-saude\/"]}]},{"@type":"BreadcrumbList","@id":"https:\/\/www.martinsdelima.com\/pt-pt\/setor-da-saude\/#breadcrumb","itemListElement":[{"@type":"ListItem","position":1,"name":"P\u00e1gina inicial","item":"https:\/\/www.martinsdelima.com\/pt-pt\/inicio\/"},{"@type":"ListItem","position":2,"name":"Setor da Sa\u00fade"}]},{"@type":"WebSite","@id":"https:\/\/www.martinsdelima.com\/pt-pt\/#website","url":"https:\/\/www.martinsdelima.com\/pt-pt\/","name":"Martinsdelima","description":"Forensic&amp;Finance","publisher":{"@id":"https:\/\/www.martinsdelima.com\/pt-pt\/#organization"},"potentialAction":[{"@type":"SearchAction","target":{"@type":"EntryPoint","urlTemplate":"https:\/\/www.martinsdelima.com\/pt-pt\/?s={search_term_string}"},"query-input":{"@type":"PropertyValueSpecification","valueRequired":true,"valueName":"search_term_string"}}],"inLanguage":"pt-PT"},{"@type":"Organization","@id":"https:\/\/www.martinsdelima.com\/pt-pt\/#organization","name":"Martinsdelima","url":"https:\/\/www.martinsdelima.com\/pt-pt\/","logo":{"@type":"ImageObject","inLanguage":"pt-PT","@id":"https:\/\/www.martinsdelima.com\/pt-pt\/#\/schema\/logo\/image\/","url":"https:\/\/mligy6wbr5rs.i.optimole.com\/w:auto\/h:auto\/q:mauto\/f:best\/https:\/\/www.martinsdelima.com\/wp-content\/uploads\/2025\/10\/martinsdelima-letras-claras-horizontal.png","contentUrl":"https:\/\/mligy6wbr5rs.i.optimole.com\/w:auto\/h:auto\/q:mauto\/f:best\/https:\/\/www.martinsdelima.com\/wp-content\/uploads\/2025\/10\/martinsdelima-letras-claras-horizontal.png","width":1315,"height":217,"caption":"Martinsdelima"},"image":{"@id":"https:\/\/www.martinsdelima.com\/pt-pt\/#\/schema\/logo\/image\/"}}]}},"_links":{"self":[{"href":"https:\/\/www.martinsdelima.com\/pt-pt\/wp-json\/wp\/v2\/pages\/10824","targetHints":{"allow":["GET"]}}],"collection":[{"href":"https:\/\/www.martinsdelima.com\/pt-pt\/wp-json\/wp\/v2\/pages"}],"about":[{"href":"https:\/\/www.martinsdelima.com\/pt-pt\/wp-json\/wp\/v2\/types\/page"}],"author":[{"embeddable":true,"href":"https:\/\/www.martinsdelima.com\/pt-pt\/wp-json\/wp\/v2\/users\/1"}],"replies":[{"embeddable":true,"href":"https:\/\/www.martinsdelima.com\/pt-pt\/wp-json\/wp\/v2\/comments?post=10824"}],"version-history":[{"count":2,"href":"https:\/\/www.martinsdelima.com\/pt-pt\/wp-json\/wp\/v2\/pages\/10824\/revisions"}],"predecessor-version":[{"id":11803,"href":"https:\/\/www.martinsdelima.com\/pt-pt\/wp-json\/wp\/v2\/pages\/10824\/revisions\/11803"}],"wp:attachment":[{"href":"https:\/\/www.martinsdelima.com\/pt-pt\/wp-json\/wp\/v2\/media?parent=10824"}],"curies":[{"name":"wp","href":"https:\/\/api.w.org\/{rel}","templated":true}]}}