{"id":10828,"date":"2025-11-19T17:32:14","date_gmt":"2025-11-19T17:32:14","guid":{"rendered":"https:\/\/www.martinsdelima.com\/setor-bens-de-consumo-e-retalho\/"},"modified":"2026-02-12T10:34:50","modified_gmt":"2026-02-12T10:34:50","slug":"setor-bens-de-consumo-e-retalho","status":"publish","type":"page","link":"https:\/\/www.martinsdelima.com\/pt-pt\/setores\/setor-bens-de-consumo-e-retalho\/","title":{"rendered":"Setor Bens de Consumo e Retalho"},"content":{"rendered":"\t\t<div data-elementor-type=\"wp-page\" data-elementor-id=\"10828\" class=\"elementor elementor-10828 elementor-6850\" data-elementor-post-type=\"page\">\n\t\t\t\t\t\t<section class=\"elementor-section elementor-top-section elementor-element elementor-element-5861a17 elementor-section-full_width elementor-section-stretched elementor-section-height-default elementor-section-height-default\" data-id=\"5861a17\" data-element_type=\"section\" data-settings=\"{&quot;stretch_section&quot;:&quot;section-stretched&quot;,&quot;background_background&quot;:&quot;classic&quot;}\">\n\t\t\t\t\t\t\t<div class=\"elementor-background-overlay\"><\/div>\n\t\t\t\t\t\t\t<div class=\"elementor-container elementor-column-gap-default\">\n\t\t\t\t\t<div class=\"elementor-column elementor-col-100 elementor-top-column elementor-element elementor-element-ea42bdb\" data-id=\"ea42bdb\" data-element_type=\"column\">\n\t\t\t<div class=\"elementor-widget-wrap elementor-element-populated\">\n\t\t\t\t\t\t<div class=\"elementor-element elementor-element-8924fce elementor-widget elementor-widget-heading\" data-id=\"8924fce\" data-element_type=\"widget\" data-widget_type=\"heading.default\">\n\t\t\t\t<div class=\"elementor-widget-container\">\n\t\t\t\t\t<h2 class=\"elementor-heading-title elementor-size-default\"><b>Bens de Consumo e Retalho<\/b><\/h2>\t\t\t\t<\/div>\n\t\t\t\t<\/div>\n\t\t\t\t\t<\/div>\n\t\t<\/div>\n\t\t\t\t\t<\/div>\n\t\t<\/section>\n\t\t<div class=\"elementor-element elementor-element-fd55e71 e-flex e-con-boxed e-con e-parent\" data-id=\"fd55e71\" data-element_type=\"container\">\n\t\t\t\t\t<div class=\"e-con-inner\">\n\t\t<div class=\"elementor-element elementor-element-683406e e-con-full e-flex e-con e-child\" data-id=\"683406e\" data-element_type=\"container\">\n\t\t\t\t<div class=\"elementor-element elementor-element-817c688 elementor-widget elementor-widget-text-editor\" data-id=\"817c688\" data-element_type=\"widget\" data-widget_type=\"text-editor.default\">\n\t\t\t\t<div class=\"elementor-widget-container\">\n\t\t\t\t\t\t\t\t\t<h6>O setor de <strong>bens de consumo e retalho<\/strong> agrega algumas das ind\u00fastrias mais din\u00e2micas e exigentes da economia: <strong>alimenta\u00e7\u00e3o e bebidas, moda, cosm\u00e9tica, distribui\u00e7\u00e3o retalhista e marcas de grande consumo<\/strong>. Trata-se de um ambiente marcado pela press\u00e3o competitiva, a volatilidade da procura, a sensibilidade a choques externos e a necessidade constante de otimizar opera\u00e7\u00f5es, margens e estruturas comerciais.<br>A martinsdelima conta com ampla experi\u00eancia neste setor, desenvolvendo trabalhos enquadrados em diversos setores e trabalhando, igualmente, em problem\u00e1ticas muito diversas. <br>Trabalh\u00e1mos para grandes multinacionais de grande consumo, incluindo <strong>l\u00edderes globais em bebidas e alimenta\u00e7\u00e3o<\/strong> com presen\u00e7a em dezenas de pa\u00edses. Al\u00e9m disso, acompanh\u00e1mos grandes distribuidores europeus e um dos <strong>maiores grupos t\u00eaxteis do mundo<\/strong>. Tamb\u00e9m produtores europeus de alimenta\u00e7\u00e3o especializada, adegas e destilarias, empresas de cosm\u00e9tica profissional, entre outros.    <\/h6><h6>Esta diversidade reflete a nossa capacidade para assessorar desde grandes corpora\u00e7\u00f5es nacionais e internacionais e grupos do <strong>IBEX35, S&amp;P 500 e TOPIX<\/strong> at\u00e9 empresas altamente especializadas nos seus setores.<\/h6><h6><strong> <\/strong><\/h6><h6><strong>Relat\u00f3rios periciais econ\u00f3micos<\/strong><br>Desenvolvemos relat\u00f3rios com um amplo leque de problem\u00e1ticas, entre elas, a <strong>quantifica\u00e7\u00e3o de perdas operacionais e funcionais<\/strong> decorrentes de ciberataques, reconstruindo vendas afetadas, margens e disrup\u00e7\u00f5es em processos cr\u00edticos. <br>Tamb\u00e9m incumprimento de pactos de n\u00e3o concorr\u00eancia; controv\u00e9rsias entre <strong>fabricantes e distribuidores<\/strong>, verificando condi\u00e7\u00f5es comerciais, tarifas, listing fees, repercuss\u00e3o de custos e margens reais obtidas em cada canal. <br>Al\u00e9m disso, elabor\u00e1mos relat\u00f3rios sobre posicionamento de marcas, estrutura de mercado e rela\u00e7\u00f5es entre <strong>fabricantes e engarrafadores<\/strong>; quantifica\u00e7\u00e3o de <strong>preju\u00edzos por incid\u00eancias log\u00edsticas<\/strong>, fornecimento ou quedas de procura; an\u00e1lise dos efeitos econ\u00f3micos de modifica\u00e7\u00f5es contratuais, altera\u00e7\u00f5es nas condi\u00e7\u00f5es comerciais, evolu\u00e7\u00e3o de vendas por categoria, sensibilidade do consumo perante choques externos e reconstru\u00e7\u00e3o de margens compar\u00e1veis entre exerc\u00edcios afetados por eventos extraordin\u00e1rios; quantifica\u00e7\u00e3o de danos decorrentes de encerramentos, restri\u00e7\u00f5es ou <strong>disputas comerciais<\/strong>; impacto por disrup\u00e7\u00f5es do mercado, an\u00e1lise de invent\u00e1rios, reorganiza\u00e7\u00e3o tempor\u00e1ria de opera\u00e7\u00f5es e avalia\u00e7\u00e3o econ\u00f3mica de cen\u00e1rios setoriais adversos; e um longo etc\u00e9tera.<\/h6><h6><strong> <\/strong><\/h6><h6><strong>Relat\u00f3rios periciais laborais<\/strong><br>Al\u00e9m disso, realizamos relat\u00f3rios do setor de bens de consumo e retalho no \u00e2mbito laboral para <strong>EREs, ERTEs e MSCTs<\/strong>, baseados numa an\u00e1lise profunda do mercado a que pertence a empresa, a evolu\u00e7\u00e3o da procura, a sua situa\u00e7\u00e3o financeira e organizativa e potenciais reestrutura\u00e7\u00f5es. Estes trabalhos incluem <strong>revis\u00f5es de turnos, cargas de trabalho, produtividade<\/strong>, efici\u00eancia operativa e modeliza\u00e7\u00e3o de impactos econ\u00f3micos de distintas alternativas organizativas. <\/h6><div><h6>Tamb\u00e9m realizamos relat\u00f3rios que analisam os <strong>pactos de n\u00e3o concorr\u00eancia<\/strong> de diretores ao abandonar a sua empresa para comprovar se foram vulnerados.<\/h6><\/div><div><h6><strong> <\/strong><\/h6><h6><strong>Relat\u00f3rios periciais de concorr\u00eancia<\/strong><br>Realizamos relat\u00f3rios que analisam a semelhan\u00e7a entre a marca e imagem corporativa de duas empresas para analisar se houve <strong>concorr\u00eancia desleal<\/strong>.<\/h6><h6>Noutras ocasi\u00f5es, analisamos os <strong>pactos de n\u00e3o concorr\u00eancia<\/strong> na hora de repartir mercados entre duas empresas. <\/h6><div><\/div><div><h6><strong> <\/strong><\/h6><h6><strong>Avalia\u00e7\u00f5es<\/strong><\/h6><h6>Valorizamos empresas do setor com o objetivo de posteriormente executar <strong>transa\u00e7\u00f5es<\/strong>. Trata-se de valoriza\u00e7\u00f5es cujo objetivo \u00e9 tornar a empresa atrativa para que possa ser reestruturada. <\/h6><div><h6><\/h6><h6><strong> <\/strong><\/h6><h6><strong>Reestrutura\u00e7\u00f5es<\/strong><\/h6><h6>Uma vez conhecida a empresa atrav\u00e9s da sua valoriza\u00e7\u00e3o, realiz\u00e1mos um <strong>plano de neg\u00f3cios<\/strong>, incluindo a reestrutura\u00e7\u00e3o da sua d\u00edvida e do seu capital. Num longo processo, ajudamos a empresa a d<strong>ar a volta ao neg\u00f3cio, \u00e0 d\u00edvida e \u00e0 propriedade<\/strong>. <\/h6><\/div><\/div><\/div>\t\t\t\t\t\t\t\t<\/div>\n\t\t\t\t<\/div>\n\t\t\t\t<\/div>\n\t\t\t\t\t<\/div>\n\t\t\t\t<\/div>\n\t\t\t\t<\/div>\n\t\t","protected":false},"excerpt":{"rendered":"<p>Bens de Consumo e Retalho O setor de bens de consumo e retalho agrega algumas das ind\u00fastrias mais din\u00e2micas e exigentes da economia: alimenta\u00e7\u00e3o e bebidas, moda, cosm\u00e9tica, distribui\u00e7\u00e3o retalhista e marcas de grande consumo. Trata-se de um ambiente marcado pela press\u00e3o competitiva, a volatilidade da procura, a sensibilidade a [&hellip;]<\/p>\n","protected":false},"author":1,"featured_media":0,"parent":10923,"menu_order":0,"comment_status":"closed","ping_status":"closed","template":"page-templates\/template-pagebuilder-full-width.php","meta":{"footnotes":""},"class_list":["post-10828","page","type-page","status-publish","hentry"],"yoast_head":"<!-- This site is optimized with the Yoast SEO plugin v26.4 - https:\/\/yoast.com\/wordpress\/plugins\/seo\/ -->\n<title>Setor Bens de Consumo e Retalho - Martinsdelima<\/title>\n<meta name=\"robots\" content=\"index, follow, max-snippet:-1, max-image-preview:large, max-video-preview:-1\" \/>\n<link rel=\"canonical\" href=\"https:\/\/www.martinsdelima.com\/pt-pt\/setores\/setor-bens-de-consumo-e-retalho\/\" \/>\n<meta property=\"og:locale\" content=\"pt_PT\" \/>\n<meta property=\"og:type\" content=\"article\" \/>\n<meta property=\"og:title\" content=\"Setor Bens de Consumo e Retalho - Martinsdelima\" \/>\n<meta property=\"og:description\" content=\"Bens de Consumo e Retalho O setor de bens de consumo e retalho agrega algumas das ind\u00fastrias mais din\u00e2micas e exigentes da economia: alimenta\u00e7\u00e3o e bebidas, moda, cosm\u00e9tica, distribui\u00e7\u00e3o retalhista e marcas de grande consumo. Trata-se de um ambiente marcado pela press\u00e3o competitiva, a volatilidade da procura, a sensibilidade a [&hellip;]\" \/>\n<meta property=\"og:url\" content=\"https:\/\/www.martinsdelima.com\/pt-pt\/setores\/setor-bens-de-consumo-e-retalho\/\" \/>\n<meta property=\"og:site_name\" content=\"Martinsdelima\" \/>\n<meta property=\"article:modified_time\" content=\"2026-02-12T10:34:50+00:00\" \/>\n<meta name=\"twitter:card\" content=\"summary_large_image\" \/>\n<meta name=\"twitter:label1\" content=\"Tempo estimado de leitura\" \/>\n\t<meta name=\"twitter:data1\" content=\"3 minutos\" \/>\n<script type=\"application\/ld+json\" class=\"yoast-schema-graph\">{\"@context\":\"https:\/\/schema.org\",\"@graph\":[{\"@type\":\"WebPage\",\"@id\":\"https:\/\/www.martinsdelima.com\/pt-pt\/setores\/setor-bens-de-consumo-e-retalho\/\",\"url\":\"https:\/\/www.martinsdelima.com\/pt-pt\/setores\/setor-bens-de-consumo-e-retalho\/\",\"name\":\"Setor Bens de Consumo e Retalho - Martinsdelima\",\"isPartOf\":{\"@id\":\"https:\/\/www.martinsdelima.com\/pt-pt\/#website\"},\"datePublished\":\"2025-11-19T17:32:14+00:00\",\"dateModified\":\"2026-02-12T10:34:50+00:00\",\"breadcrumb\":{\"@id\":\"https:\/\/www.martinsdelima.com\/pt-pt\/setores\/setor-bens-de-consumo-e-retalho\/#breadcrumb\"},\"inLanguage\":\"pt-PT\",\"potentialAction\":[{\"@type\":\"ReadAction\",\"target\":[\"https:\/\/www.martinsdelima.com\/pt-pt\/setores\/setor-bens-de-consumo-e-retalho\/\"]}]},{\"@type\":\"BreadcrumbList\",\"@id\":\"https:\/\/www.martinsdelima.com\/pt-pt\/setores\/setor-bens-de-consumo-e-retalho\/#breadcrumb\",\"itemListElement\":[{\"@type\":\"ListItem\",\"position\":1,\"name\":\"P\u00e1gina inicial\",\"item\":\"https:\/\/www.martinsdelima.com\/pt-pt\/inicio\/\"},{\"@type\":\"ListItem\",\"position\":2,\"name\":\"Setores\",\"item\":\"https:\/\/www.martinsdelima.com\/pt-pt\/setores\/\"},{\"@type\":\"ListItem\",\"position\":3,\"name\":\"Setor Bens de Consumo e Retalho\"}]},{\"@type\":\"WebSite\",\"@id\":\"https:\/\/www.martinsdelima.com\/pt-pt\/#website\",\"url\":\"https:\/\/www.martinsdelima.com\/pt-pt\/\",\"name\":\"Martinsdelima\",\"description\":\"Forensic&amp;Finance\",\"publisher\":{\"@id\":\"https:\/\/www.martinsdelima.com\/pt-pt\/#organization\"},\"potentialAction\":[{\"@type\":\"SearchAction\",\"target\":{\"@type\":\"EntryPoint\",\"urlTemplate\":\"https:\/\/www.martinsdelima.com\/pt-pt\/?s={search_term_string}\"},\"query-input\":{\"@type\":\"PropertyValueSpecification\",\"valueRequired\":true,\"valueName\":\"search_term_string\"}}],\"inLanguage\":\"pt-PT\"},{\"@type\":\"Organization\",\"@id\":\"https:\/\/www.martinsdelima.com\/pt-pt\/#organization\",\"name\":\"Martinsdelima\",\"url\":\"https:\/\/www.martinsdelima.com\/pt-pt\/\",\"logo\":{\"@type\":\"ImageObject\",\"inLanguage\":\"pt-PT\",\"@id\":\"https:\/\/www.martinsdelima.com\/pt-pt\/#\/schema\/logo\/image\/\",\"url\":\"https:\/\/mligy6wbr5rs.i.optimole.com\/w:auto\/h:auto\/q:mauto\/f:best\/https:\/\/www.martinsdelima.com\/wp-content\/uploads\/2025\/10\/martinsdelima-letras-claras-horizontal.png\",\"contentUrl\":\"https:\/\/mligy6wbr5rs.i.optimole.com\/w:auto\/h:auto\/q:mauto\/f:best\/https:\/\/www.martinsdelima.com\/wp-content\/uploads\/2025\/10\/martinsdelima-letras-claras-horizontal.png\",\"width\":1315,\"height\":217,\"caption\":\"Martinsdelima\"},\"image\":{\"@id\":\"https:\/\/www.martinsdelima.com\/pt-pt\/#\/schema\/logo\/image\/\"}}]}<\/script>\n<!-- \/ Yoast SEO plugin. -->","yoast_head_json":{"title":"Setor Bens de Consumo e Retalho - Martinsdelima","robots":{"index":"index","follow":"follow","max-snippet":"max-snippet:-1","max-image-preview":"max-image-preview:large","max-video-preview":"max-video-preview:-1"},"canonical":"https:\/\/www.martinsdelima.com\/pt-pt\/setores\/setor-bens-de-consumo-e-retalho\/","og_locale":"pt_PT","og_type":"article","og_title":"Setor Bens de Consumo e Retalho - Martinsdelima","og_description":"Bens de Consumo e Retalho O setor de bens de consumo e retalho agrega algumas das ind\u00fastrias mais din\u00e2micas e exigentes da economia: alimenta\u00e7\u00e3o e bebidas, moda, cosm\u00e9tica, distribui\u00e7\u00e3o retalhista e marcas de grande consumo. Trata-se de um ambiente marcado pela press\u00e3o competitiva, a volatilidade da procura, a sensibilidade a [&hellip;]","og_url":"https:\/\/www.martinsdelima.com\/pt-pt\/setores\/setor-bens-de-consumo-e-retalho\/","og_site_name":"Martinsdelima","article_modified_time":"2026-02-12T10:34:50+00:00","twitter_card":"summary_large_image","twitter_misc":{"Tempo estimado de leitura":"3 minutos"},"schema":{"@context":"https:\/\/schema.org","@graph":[{"@type":"WebPage","@id":"https:\/\/www.martinsdelima.com\/pt-pt\/setores\/setor-bens-de-consumo-e-retalho\/","url":"https:\/\/www.martinsdelima.com\/pt-pt\/setores\/setor-bens-de-consumo-e-retalho\/","name":"Setor Bens de Consumo e Retalho - Martinsdelima","isPartOf":{"@id":"https:\/\/www.martinsdelima.com\/pt-pt\/#website"},"datePublished":"2025-11-19T17:32:14+00:00","dateModified":"2026-02-12T10:34:50+00:00","breadcrumb":{"@id":"https:\/\/www.martinsdelima.com\/pt-pt\/setores\/setor-bens-de-consumo-e-retalho\/#breadcrumb"},"inLanguage":"pt-PT","potentialAction":[{"@type":"ReadAction","target":["https:\/\/www.martinsdelima.com\/pt-pt\/setores\/setor-bens-de-consumo-e-retalho\/"]}]},{"@type":"BreadcrumbList","@id":"https:\/\/www.martinsdelima.com\/pt-pt\/setores\/setor-bens-de-consumo-e-retalho\/#breadcrumb","itemListElement":[{"@type":"ListItem","position":1,"name":"P\u00e1gina inicial","item":"https:\/\/www.martinsdelima.com\/pt-pt\/inicio\/"},{"@type":"ListItem","position":2,"name":"Setores","item":"https:\/\/www.martinsdelima.com\/pt-pt\/setores\/"},{"@type":"ListItem","position":3,"name":"Setor Bens de Consumo e Retalho"}]},{"@type":"WebSite","@id":"https:\/\/www.martinsdelima.com\/pt-pt\/#website","url":"https:\/\/www.martinsdelima.com\/pt-pt\/","name":"Martinsdelima","description":"Forensic&amp;Finance","publisher":{"@id":"https:\/\/www.martinsdelima.com\/pt-pt\/#organization"},"potentialAction":[{"@type":"SearchAction","target":{"@type":"EntryPoint","urlTemplate":"https:\/\/www.martinsdelima.com\/pt-pt\/?s={search_term_string}"},"query-input":{"@type":"PropertyValueSpecification","valueRequired":true,"valueName":"search_term_string"}}],"inLanguage":"pt-PT"},{"@type":"Organization","@id":"https:\/\/www.martinsdelima.com\/pt-pt\/#organization","name":"Martinsdelima","url":"https:\/\/www.martinsdelima.com\/pt-pt\/","logo":{"@type":"ImageObject","inLanguage":"pt-PT","@id":"https:\/\/www.martinsdelima.com\/pt-pt\/#\/schema\/logo\/image\/","url":"https:\/\/mligy6wbr5rs.i.optimole.com\/w:auto\/h:auto\/q:mauto\/f:best\/https:\/\/www.martinsdelima.com\/wp-content\/uploads\/2025\/10\/martinsdelima-letras-claras-horizontal.png","contentUrl":"https:\/\/mligy6wbr5rs.i.optimole.com\/w:auto\/h:auto\/q:mauto\/f:best\/https:\/\/www.martinsdelima.com\/wp-content\/uploads\/2025\/10\/martinsdelima-letras-claras-horizontal.png","width":1315,"height":217,"caption":"Martinsdelima"},"image":{"@id":"https:\/\/www.martinsdelima.com\/pt-pt\/#\/schema\/logo\/image\/"}}]}},"_links":{"self":[{"href":"https:\/\/www.martinsdelima.com\/pt-pt\/wp-json\/wp\/v2\/pages\/10828","targetHints":{"allow":["GET"]}}],"collection":[{"href":"https:\/\/www.martinsdelima.com\/pt-pt\/wp-json\/wp\/v2\/pages"}],"about":[{"href":"https:\/\/www.martinsdelima.com\/pt-pt\/wp-json\/wp\/v2\/types\/page"}],"author":[{"embeddable":true,"href":"https:\/\/www.martinsdelima.com\/pt-pt\/wp-json\/wp\/v2\/users\/1"}],"replies":[{"embeddable":true,"href":"https:\/\/www.martinsdelima.com\/pt-pt\/wp-json\/wp\/v2\/comments?post=10828"}],"version-history":[{"count":2,"href":"https:\/\/www.martinsdelima.com\/pt-pt\/wp-json\/wp\/v2\/pages\/10828\/revisions"}],"predecessor-version":[{"id":11715,"href":"https:\/\/www.martinsdelima.com\/pt-pt\/wp-json\/wp\/v2\/pages\/10828\/revisions\/11715"}],"up":[{"embeddable":true,"href":"https:\/\/www.martinsdelima.com\/pt-pt\/wp-json\/wp\/v2\/pages\/10923"}],"wp:attachment":[{"href":"https:\/\/www.martinsdelima.com\/pt-pt\/wp-json\/wp\/v2\/media?parent=10828"}],"curies":[{"name":"wp","href":"https:\/\/api.w.org\/{rel}","templated":true}]}}