{"id":10839,"date":"2025-11-17T18:14:07","date_gmt":"2025-11-17T18:14:07","guid":{"rendered":"https:\/\/www.martinsdelima.com\/setor-da-construcao-e-infraestruturas\/"},"modified":"2026-02-12T10:37:03","modified_gmt":"2026-02-12T10:37:03","slug":"setor-da-construcao-e-infraestruturas","status":"publish","type":"page","link":"https:\/\/www.martinsdelima.com\/pt-pt\/setores\/setor-da-construcao-e-infraestruturas\/","title":{"rendered":"Setor da Constru\u00e7\u00e3o e Infraestruturas"},"content":{"rendered":"\t\t<div data-elementor-type=\"wp-page\" data-elementor-id=\"10839\" class=\"elementor elementor-10839 elementor-6589\" data-elementor-post-type=\"page\">\n\t\t\t\t\t\t<section class=\"elementor-section elementor-top-section elementor-element elementor-element-5861a17 elementor-section-full_width elementor-section-stretched elementor-section-height-default elementor-section-height-default\" data-id=\"5861a17\" data-element_type=\"section\" data-settings=\"{&quot;stretch_section&quot;:&quot;section-stretched&quot;,&quot;background_background&quot;:&quot;classic&quot;}\">\n\t\t\t\t\t\t\t<div class=\"elementor-background-overlay\"><\/div>\n\t\t\t\t\t\t\t<div class=\"elementor-container elementor-column-gap-default\">\n\t\t\t\t\t<div class=\"elementor-column elementor-col-100 elementor-top-column elementor-element elementor-element-ea42bdb\" data-id=\"ea42bdb\" data-element_type=\"column\">\n\t\t\t<div class=\"elementor-widget-wrap elementor-element-populated\">\n\t\t\t\t\t\t<div class=\"elementor-element elementor-element-8924fce elementor-widget elementor-widget-heading\" data-id=\"8924fce\" data-element_type=\"widget\" data-widget_type=\"heading.default\">\n\t\t\t\t<div class=\"elementor-widget-container\">\n\t\t\t\t\t<h2 class=\"elementor-heading-title elementor-size-default\">Constru\u00e7\u00e3o e Infraestruturas<\/h2>\t\t\t\t<\/div>\n\t\t\t\t<\/div>\n\t\t\t\t\t<\/div>\n\t\t<\/div>\n\t\t\t\t\t<\/div>\n\t\t<\/section>\n\t\t<div class=\"elementor-element elementor-element-fd55e71 e-flex e-con-boxed e-con e-parent\" data-id=\"fd55e71\" data-element_type=\"container\">\n\t\t\t\t\t<div class=\"e-con-inner\">\n\t\t<div class=\"elementor-element elementor-element-683406e e-con-full e-flex e-con e-child\" data-id=\"683406e\" data-element_type=\"container\">\n\t\t\t\t<div class=\"elementor-element elementor-element-817c688 elementor-widget elementor-widget-text-editor\" data-id=\"817c688\" data-element_type=\"widget\" data-widget_type=\"text-editor.default\">\n\t\t\t\t<div class=\"elementor-widget-container\">\n\t\t\t\t\t\t\t\t\t<h6>O nosso trabalho no setor da constru\u00e7\u00e3o e das infraestruturas centra-se na elabora\u00e7\u00e3o de <strong>relat\u00f3rios econ\u00f3micos e t\u00e9cnicos<\/strong> que analisam de forma rigorosa projetos de obra civil, edifica\u00e7\u00e3o, infraestruturas de transporte, instala\u00e7\u00f5es industriais e equipamentos p\u00fablicos e privados.<\/h6>\n<h6><strong>A nossa abordagem combina engenharia, economia e metodologia pericial<\/strong> para oferecer relat\u00f3rios robustos e defens\u00e1veis em <strong>sede judicial ou arbitral.<\/strong><\/h6>\n<h6>Colaboramos com construtoras, empresas de engenharia, promotoras, operadores de infraestruturas, administra\u00e7\u00f5es p\u00fablicas, fundos e escrit\u00f3rios que requerem uma an\u00e1lise t\u00e9cnica e econ\u00f3mica independente para resolver controv\u00e9rsias, supervisionar grandes projetos ou apoiar processos de licita\u00e7\u00e3o, contrata\u00e7\u00e3o e execu\u00e7\u00e3o.&nbsp;<\/h6>\n<h6>A nossa experi\u00eancia abrange desde edifica\u00e7\u00f5es complexas at\u00e9 infraestruturas lineares, e permite-nos aportar clareza t\u00e9cnica, crit\u00e9rio econ\u00f3mico e uma vis\u00e3o integral em ambientes de alta exig\u00eancia e complexidade.<\/h6>\n<h6><\/h6>\n<h6><strong>&nbsp;<\/strong><\/h6>\n<h6><strong>Relat\u00f3rios periciais t\u00e9cnicos<\/strong><\/h6>\n<h6>Avaliamos projetos, mem\u00f3rias t\u00e9cnicas, medi\u00e7\u00f5es, certifica\u00e7\u00f5es, tra\u00e7ados, cronogramas e cumprimento normativo, apresentando conclus\u00f5es precisas sobre a adequa\u00e7\u00e3o t\u00e9cnica do projeto, a execu\u00e7\u00e3o real dos trabalhos e a solidez das solu\u00e7\u00f5es construtivas adotadas.<\/h6>\n<h6><span style=\"font-weight: normal;\">Al\u00e9m disso, realizamos <\/span><strong>an\u00e1lises de atrasos <\/strong><span style=\"font-weight: normal;\">que permitem determinar <\/span><strong>a sua causa e atribuir responsabilidades de forma objetiva. <\/strong><span style=\"font-weight: normal;\">Esta revis\u00e3o <\/span><strong>distingue entre atrasos imput\u00e1veis a cada uma das partes <\/strong><span style=\"font-weight: normal;\">ou a fatores alheios ao contrato, tornando-se um elemento essencial para a <\/span><strong>correta avalia\u00e7\u00e3o de danos e a quantifica\u00e7\u00e3o dos seus impactos.<\/strong><\/h6>\n<h6><strong><br><\/strong><strong>Relat\u00f3rios periciais econ\u00f3micos<\/strong><\/h6>\n<h6>Sob a perspetiva econ\u00f3mico-financeira, realizamos an\u00e1lises detalhadas de desvios or\u00e7amentais, sobrecustos, reclama\u00e7\u00f5es por modifica\u00e7\u00f5es de obra, amplia\u00e7\u00f5es de prazo, paralisa\u00e7\u00f5es, incumprimentos contratuais e rendimento das unidades executadas.&nbsp;<\/h6>\n<h6>Quantificamos danos e preju\u00edzos, revemos liquida\u00e7\u00f5es, valorizamos rubricas controvertidas e estudamos o impacto econ\u00f3mico de decis\u00f5es t\u00e9cnicas, varia\u00e7\u00f5es de \u00e2mbito ou incumprimentos das obriga\u00e7\u00f5es do empreiteiro ou do dono da obra.&nbsp;<\/h6>\n<h6>Finalmente, calculamos o <b>lucro cessante<\/b> aplicando a metodologia mais adequada em cada caso, <b>incluindo taxas de desconto<\/b> como o Custo M\u00e9dio Ponderado de Capital (<b>WACC<\/b>).<\/h6>\n<div><\/div>\n<div><\/div>\n<h6><\/h6>\t\t\t\t\t\t\t\t<\/div>\n\t\t\t\t<\/div>\n\t\t\t\t<\/div>\n\t\t\t\t\t<\/div>\n\t\t\t\t<\/div>\n\t\t\t\t<\/div>\n\t\t","protected":false},"excerpt":{"rendered":"<p>Constru\u00e7\u00e3o e Infraestruturas O nosso trabalho no setor da constru\u00e7\u00e3o e das infraestruturas centra-se na elabora\u00e7\u00e3o de relat\u00f3rios econ\u00f3micos e t\u00e9cnicos que analisam de forma rigorosa projetos de obra civil, edifica\u00e7\u00e3o, infraestruturas de transporte, instala\u00e7\u00f5es industriais e equipamentos p\u00fablicos e privados. A nossa abordagem combina engenharia, economia e metodologia pericial [&hellip;]<\/p>\n","protected":false},"author":1,"featured_media":0,"parent":10923,"menu_order":0,"comment_status":"closed","ping_status":"closed","template":"page-templates\/template-pagebuilder-full-width.php","meta":{"footnotes":""},"class_list":["post-10839","page","type-page","status-publish","hentry"],"yoast_head":"<!-- This site is optimized with the Yoast SEO plugin v26.4 - https:\/\/yoast.com\/wordpress\/plugins\/seo\/ -->\n<title>Setor da Constru\u00e7\u00e3o e Infraestruturas - Martinsdelima<\/title>\n<meta name=\"robots\" content=\"index, follow, max-snippet:-1, max-image-preview:large, max-video-preview:-1\" \/>\n<link rel=\"canonical\" href=\"https:\/\/www.martinsdelima.com\/pt-pt\/setores\/setor-da-construcao-e-infraestruturas\/\" \/>\n<meta property=\"og:locale\" content=\"pt_PT\" \/>\n<meta property=\"og:type\" content=\"article\" \/>\n<meta property=\"og:title\" content=\"Setor da Constru\u00e7\u00e3o e Infraestruturas - Martinsdelima\" \/>\n<meta property=\"og:description\" content=\"Constru\u00e7\u00e3o e Infraestruturas O nosso trabalho no setor da constru\u00e7\u00e3o e das infraestruturas centra-se na elabora\u00e7\u00e3o de relat\u00f3rios econ\u00f3micos e t\u00e9cnicos que analisam de forma rigorosa projetos de obra civil, edifica\u00e7\u00e3o, infraestruturas de transporte, instala\u00e7\u00f5es industriais e equipamentos p\u00fablicos e privados. A nossa abordagem combina engenharia, economia e metodologia pericial [&hellip;]\" \/>\n<meta property=\"og:url\" content=\"https:\/\/www.martinsdelima.com\/pt-pt\/setores\/setor-da-construcao-e-infraestruturas\/\" \/>\n<meta property=\"og:site_name\" content=\"Martinsdelima\" \/>\n<meta property=\"article:modified_time\" content=\"2026-02-12T10:37:03+00:00\" \/>\n<meta name=\"twitter:card\" content=\"summary_large_image\" \/>\n<meta name=\"twitter:label1\" content=\"Tempo estimado de leitura\" \/>\n\t<meta name=\"twitter:data1\" content=\"2 minutos\" \/>\n<script type=\"application\/ld+json\" class=\"yoast-schema-graph\">{\"@context\":\"https:\/\/schema.org\",\"@graph\":[{\"@type\":\"WebPage\",\"@id\":\"https:\/\/www.martinsdelima.com\/pt-pt\/setores\/setor-da-construcao-e-infraestruturas\/\",\"url\":\"https:\/\/www.martinsdelima.com\/pt-pt\/setores\/setor-da-construcao-e-infraestruturas\/\",\"name\":\"Setor da Constru\u00e7\u00e3o e Infraestruturas - Martinsdelima\",\"isPartOf\":{\"@id\":\"https:\/\/www.martinsdelima.com\/pt-pt\/#website\"},\"datePublished\":\"2025-11-17T18:14:07+00:00\",\"dateModified\":\"2026-02-12T10:37:03+00:00\",\"breadcrumb\":{\"@id\":\"https:\/\/www.martinsdelima.com\/pt-pt\/setores\/setor-da-construcao-e-infraestruturas\/#breadcrumb\"},\"inLanguage\":\"pt-PT\",\"potentialAction\":[{\"@type\":\"ReadAction\",\"target\":[\"https:\/\/www.martinsdelima.com\/pt-pt\/setores\/setor-da-construcao-e-infraestruturas\/\"]}]},{\"@type\":\"BreadcrumbList\",\"@id\":\"https:\/\/www.martinsdelima.com\/pt-pt\/setores\/setor-da-construcao-e-infraestruturas\/#breadcrumb\",\"itemListElement\":[{\"@type\":\"ListItem\",\"position\":1,\"name\":\"P\u00e1gina inicial\",\"item\":\"https:\/\/www.martinsdelima.com\/pt-pt\/inicio\/\"},{\"@type\":\"ListItem\",\"position\":2,\"name\":\"Setores\",\"item\":\"https:\/\/www.martinsdelima.com\/pt-pt\/setores\/\"},{\"@type\":\"ListItem\",\"position\":3,\"name\":\"Setor da Constru\u00e7\u00e3o e Infraestruturas\"}]},{\"@type\":\"WebSite\",\"@id\":\"https:\/\/www.martinsdelima.com\/pt-pt\/#website\",\"url\":\"https:\/\/www.martinsdelima.com\/pt-pt\/\",\"name\":\"Martinsdelima\",\"description\":\"Forensic&amp;Finance\",\"publisher\":{\"@id\":\"https:\/\/www.martinsdelima.com\/pt-pt\/#organization\"},\"potentialAction\":[{\"@type\":\"SearchAction\",\"target\":{\"@type\":\"EntryPoint\",\"urlTemplate\":\"https:\/\/www.martinsdelima.com\/pt-pt\/?s={search_term_string}\"},\"query-input\":{\"@type\":\"PropertyValueSpecification\",\"valueRequired\":true,\"valueName\":\"search_term_string\"}}],\"inLanguage\":\"pt-PT\"},{\"@type\":\"Organization\",\"@id\":\"https:\/\/www.martinsdelima.com\/pt-pt\/#organization\",\"name\":\"Martinsdelima\",\"url\":\"https:\/\/www.martinsdelima.com\/pt-pt\/\",\"logo\":{\"@type\":\"ImageObject\",\"inLanguage\":\"pt-PT\",\"@id\":\"https:\/\/www.martinsdelima.com\/pt-pt\/#\/schema\/logo\/image\/\",\"url\":\"https:\/\/mligy6wbr5rs.i.optimole.com\/w:auto\/h:auto\/q:mauto\/f:best\/https:\/\/www.martinsdelima.com\/wp-content\/uploads\/2025\/10\/martinsdelima-letras-claras-horizontal.png\",\"contentUrl\":\"https:\/\/mligy6wbr5rs.i.optimole.com\/w:auto\/h:auto\/q:mauto\/f:best\/https:\/\/www.martinsdelima.com\/wp-content\/uploads\/2025\/10\/martinsdelima-letras-claras-horizontal.png\",\"width\":1315,\"height\":217,\"caption\":\"Martinsdelima\"},\"image\":{\"@id\":\"https:\/\/www.martinsdelima.com\/pt-pt\/#\/schema\/logo\/image\/\"}}]}<\/script>\n<!-- \/ Yoast SEO plugin. -->","yoast_head_json":{"title":"Setor da Constru\u00e7\u00e3o e Infraestruturas - Martinsdelima","robots":{"index":"index","follow":"follow","max-snippet":"max-snippet:-1","max-image-preview":"max-image-preview:large","max-video-preview":"max-video-preview:-1"},"canonical":"https:\/\/www.martinsdelima.com\/pt-pt\/setores\/setor-da-construcao-e-infraestruturas\/","og_locale":"pt_PT","og_type":"article","og_title":"Setor da Constru\u00e7\u00e3o e Infraestruturas - Martinsdelima","og_description":"Constru\u00e7\u00e3o e Infraestruturas O nosso trabalho no setor da constru\u00e7\u00e3o e das infraestruturas centra-se na elabora\u00e7\u00e3o de relat\u00f3rios econ\u00f3micos e t\u00e9cnicos que analisam de forma rigorosa projetos de obra civil, edifica\u00e7\u00e3o, infraestruturas de transporte, instala\u00e7\u00f5es industriais e equipamentos p\u00fablicos e privados. A nossa abordagem combina engenharia, economia e metodologia pericial [&hellip;]","og_url":"https:\/\/www.martinsdelima.com\/pt-pt\/setores\/setor-da-construcao-e-infraestruturas\/","og_site_name":"Martinsdelima","article_modified_time":"2026-02-12T10:37:03+00:00","twitter_card":"summary_large_image","twitter_misc":{"Tempo estimado de leitura":"2 minutos"},"schema":{"@context":"https:\/\/schema.org","@graph":[{"@type":"WebPage","@id":"https:\/\/www.martinsdelima.com\/pt-pt\/setores\/setor-da-construcao-e-infraestruturas\/","url":"https:\/\/www.martinsdelima.com\/pt-pt\/setores\/setor-da-construcao-e-infraestruturas\/","name":"Setor da Constru\u00e7\u00e3o e Infraestruturas - Martinsdelima","isPartOf":{"@id":"https:\/\/www.martinsdelima.com\/pt-pt\/#website"},"datePublished":"2025-11-17T18:14:07+00:00","dateModified":"2026-02-12T10:37:03+00:00","breadcrumb":{"@id":"https:\/\/www.martinsdelima.com\/pt-pt\/setores\/setor-da-construcao-e-infraestruturas\/#breadcrumb"},"inLanguage":"pt-PT","potentialAction":[{"@type":"ReadAction","target":["https:\/\/www.martinsdelima.com\/pt-pt\/setores\/setor-da-construcao-e-infraestruturas\/"]}]},{"@type":"BreadcrumbList","@id":"https:\/\/www.martinsdelima.com\/pt-pt\/setores\/setor-da-construcao-e-infraestruturas\/#breadcrumb","itemListElement":[{"@type":"ListItem","position":1,"name":"P\u00e1gina inicial","item":"https:\/\/www.martinsdelima.com\/pt-pt\/inicio\/"},{"@type":"ListItem","position":2,"name":"Setores","item":"https:\/\/www.martinsdelima.com\/pt-pt\/setores\/"},{"@type":"ListItem","position":3,"name":"Setor da Constru\u00e7\u00e3o e Infraestruturas"}]},{"@type":"WebSite","@id":"https:\/\/www.martinsdelima.com\/pt-pt\/#website","url":"https:\/\/www.martinsdelima.com\/pt-pt\/","name":"Martinsdelima","description":"Forensic&amp;Finance","publisher":{"@id":"https:\/\/www.martinsdelima.com\/pt-pt\/#organization"},"potentialAction":[{"@type":"SearchAction","target":{"@type":"EntryPoint","urlTemplate":"https:\/\/www.martinsdelima.com\/pt-pt\/?s={search_term_string}"},"query-input":{"@type":"PropertyValueSpecification","valueRequired":true,"valueName":"search_term_string"}}],"inLanguage":"pt-PT"},{"@type":"Organization","@id":"https:\/\/www.martinsdelima.com\/pt-pt\/#organization","name":"Martinsdelima","url":"https:\/\/www.martinsdelima.com\/pt-pt\/","logo":{"@type":"ImageObject","inLanguage":"pt-PT","@id":"https:\/\/www.martinsdelima.com\/pt-pt\/#\/schema\/logo\/image\/","url":"https:\/\/mligy6wbr5rs.i.optimole.com\/w:auto\/h:auto\/q:mauto\/f:best\/https:\/\/www.martinsdelima.com\/wp-content\/uploads\/2025\/10\/martinsdelima-letras-claras-horizontal.png","contentUrl":"https:\/\/mligy6wbr5rs.i.optimole.com\/w:auto\/h:auto\/q:mauto\/f:best\/https:\/\/www.martinsdelima.com\/wp-content\/uploads\/2025\/10\/martinsdelima-letras-claras-horizontal.png","width":1315,"height":217,"caption":"Martinsdelima"},"image":{"@id":"https:\/\/www.martinsdelima.com\/pt-pt\/#\/schema\/logo\/image\/"}}]}},"_links":{"self":[{"href":"https:\/\/www.martinsdelima.com\/pt-pt\/wp-json\/wp\/v2\/pages\/10839","targetHints":{"allow":["GET"]}}],"collection":[{"href":"https:\/\/www.martinsdelima.com\/pt-pt\/wp-json\/wp\/v2\/pages"}],"about":[{"href":"https:\/\/www.martinsdelima.com\/pt-pt\/wp-json\/wp\/v2\/types\/page"}],"author":[{"embeddable":true,"href":"https:\/\/www.martinsdelima.com\/pt-pt\/wp-json\/wp\/v2\/users\/1"}],"replies":[{"embeddable":true,"href":"https:\/\/www.martinsdelima.com\/pt-pt\/wp-json\/wp\/v2\/comments?post=10839"}],"version-history":[{"count":3,"href":"https:\/\/www.martinsdelima.com\/pt-pt\/wp-json\/wp\/v2\/pages\/10839\/revisions"}],"predecessor-version":[{"id":11725,"href":"https:\/\/www.martinsdelima.com\/pt-pt\/wp-json\/wp\/v2\/pages\/10839\/revisions\/11725"}],"up":[{"embeddable":true,"href":"https:\/\/www.martinsdelima.com\/pt-pt\/wp-json\/wp\/v2\/pages\/10923"}],"wp:attachment":[{"href":"https:\/\/www.martinsdelima.com\/pt-pt\/wp-json\/wp\/v2\/media?parent=10839"}],"curies":[{"name":"wp","href":"https:\/\/api.w.org\/{rel}","templated":true}]}}