{"id":10840,"date":"2025-11-21T11:06:52","date_gmt":"2025-11-21T11:06:52","guid":{"rendered":"https:\/\/www.martinsdelima.com\/setor-das-telecomunicacoes\/"},"modified":"2026-02-12T11:00:32","modified_gmt":"2026-02-12T11:00:32","slug":"setor-das-telecomunicacoes","status":"publish","type":"page","link":"https:\/\/www.martinsdelima.com\/pt-pt\/setor-das-telecomunicacoes\/","title":{"rendered":"Setor das Telecomunica\u00e7\u00f5es"},"content":{"rendered":"\t\t<div data-elementor-type=\"wp-page\" data-elementor-id=\"10840\" class=\"elementor elementor-10840 elementor-7065\" data-elementor-post-type=\"page\">\n\t\t\t\t\t\t<section class=\"elementor-section elementor-top-section elementor-element elementor-element-5861a17 elementor-section-full_width elementor-section-stretched elementor-section-height-default elementor-section-height-default\" data-id=\"5861a17\" data-element_type=\"section\" data-settings=\"{&quot;stretch_section&quot;:&quot;section-stretched&quot;,&quot;background_background&quot;:&quot;classic&quot;}\">\n\t\t\t\t\t\t\t<div class=\"elementor-background-overlay\"><\/div>\n\t\t\t\t\t\t\t<div class=\"elementor-container elementor-column-gap-default\">\n\t\t\t\t\t<div class=\"elementor-column elementor-col-100 elementor-top-column elementor-element elementor-element-ea42bdb\" data-id=\"ea42bdb\" data-element_type=\"column\">\n\t\t\t<div class=\"elementor-widget-wrap elementor-element-populated\">\n\t\t\t\t\t\t<div class=\"elementor-element elementor-element-8924fce elementor-widget elementor-widget-heading\" data-id=\"8924fce\" data-element_type=\"widget\" data-widget_type=\"heading.default\">\n\t\t\t\t<div class=\"elementor-widget-container\">\n\t\t\t\t\t<h2 class=\"elementor-heading-title elementor-size-default\"><b>Telecomunica\u00e7\u00f5es<\/b><\/h2>\t\t\t\t<\/div>\n\t\t\t\t<\/div>\n\t\t\t\t\t<\/div>\n\t\t<\/div>\n\t\t\t\t\t<\/div>\n\t\t<\/section>\n\t\t<div class=\"elementor-element elementor-element-7469000 e-flex e-con-boxed e-con e-parent\" data-id=\"7469000\" data-element_type=\"container\">\n\t\t\t\t\t<div class=\"e-con-inner\">\n\t\t<div class=\"elementor-element elementor-element-4404da7 e-con-full e-flex e-con e-child\" data-id=\"4404da7\" data-element_type=\"container\">\n\t\t\t\t<div class=\"elementor-element elementor-element-d53b9d3 elementor-widget elementor-widget-text-editor\" data-id=\"d53b9d3\" data-element_type=\"widget\" data-widget_type=\"text-editor.default\">\n\t\t\t\t<div class=\"elementor-widget-container\">\n\t\t\t\t\t\t\t\t\t<h6>No setor das telecomunica\u00e7\u00f5es, elaboramos relat\u00f3rios t\u00e9cnico-econ\u00f3micos que analisam com rigor a operativa, os modelos comerciais, as implementa\u00e7\u00f5es de rede e o desempenho dos distintos atores do ecossistema <em>telco<\/em>.<\/h6><h6>Colaboramos com <strong>operadores de primeiro n\u00edvel, com grandes companhias de telecomunica\u00e7\u00f5es m\u00f3veis e fixas, com empresas de instala\u00e7\u00e3o e manuten\u00e7\u00e3o<\/strong> que operam \u00e0 escala nacional, com distribuidores do setor e com fornecedores especializados em infraestruturas de rede.<\/h6><h6>A nossa experi\u00eancia inclui a participa\u00e7\u00e3o em opera\u00e7\u00f5es corporativas de grande relev\u00e2ncia \u2014 como a OPA sobre um dos principais operadores do pa\u00eds \u2014 assim como a interven\u00e7\u00e3o em disputas sobre implementa\u00e7\u00f5es de grande escala e revis\u00f5es contratuais complexas. Apresentamos an\u00e1lises independentes e precisas para resolver controv\u00e9rsias, avaliar investimentos, otimizar opera\u00e7\u00f5es e apoiar decis\u00f5es estrat\u00e9gicas num setor essencial para a conetividade e a economia digital. <\/h6><p><strong> <\/strong><\/p><h6><strong>Relat\u00f3rios periciais t\u00e9cnicos<\/strong><\/h6><h6>Avaliamos infraestruturas e servi\u00e7os grossistas, ofertas retalhistas, conte\u00fados, efici\u00eancia operativa e cumprimento contratual, apresentando uma vis\u00e3o completa da qualidade do servi\u00e7o e da solidez t\u00e9cnica e econ\u00f3mica de cada projeto.<\/h6><h6>Analisamos redes fixas e m\u00f3veis, implementa\u00e7\u00f5es de fibra e 5G, sistemas OSS\/BSS, processos de provis\u00e3o e fatura\u00e7\u00e3o, produtividade de equipas t\u00e9cnicas e rastreabilidade de incid\u00eancias.<\/h6><h6><\/h6><h6><\/h6><div><b> <\/b><\/div><h6><b>Relat\u00f3rios periciais econ\u00f3micos<\/b><\/h6><h6>Estudamos c<strong>ustos reais de instala\u00e7\u00e3o e manuten\u00e7\u00e3o, correspond\u00eancia entre o executado e o certificado, impacto econ\u00f3mico de ativos audiovisuais<\/strong>, elasticidade de pre\u00e7os, migra\u00e7\u00e3o de clientes e rendimento operativo, integrando m\u00e9tricas t\u00e9cnicas e financeiras em conclus\u00f5es robustas.<\/h6><h6>Al\u00e9m disso, realiz\u00e1mos in\u00fameros relat\u00f3rios sobre <strong>indemniza\u00e7\u00e3o por clientela<\/strong> para os <strong>l\u00edderes nacionais de telecomunica\u00e7\u00f5es em contratos de ag\u00eancia<\/strong>, analisando em primeiro lugar as causas que analisam a proveni\u00eancia da indemniza\u00e7\u00e3o por clientela para, em seguida, calcular o valor razo\u00e1vel de tal indemniza\u00e7\u00e3o.<\/h6><h6><strong><br><\/strong><strong>Relat\u00f3rios periciais de concorr\u00eancia<\/strong><\/h6><h6>Na martinsdelima, trabalhamos em projetos complexos que combinam contrata\u00e7\u00e3o p\u00fablica, regula\u00e7\u00e3o de telecomunica\u00e7\u00f5es e Direito da Concorr\u00eancia, nos quais analisamos como um grande contrato auton\u00f3mico de rede corporativa condiciona a viabilidade de um plano de moderniza\u00e7\u00e3o de rede (migra\u00e7\u00e3o para fibra) em m\u00faltiplos munic\u00edpios.<\/h6><h6>Modelizamos <strong>receitas e custos por zona, determinamos limiares de rentabilidade, identificamos lares e n\u00facleos que ficaram fora da atualiza\u00e7\u00e3o tecnol\u00f3gica e quantificamos o impacto sobre a capacidade competitiva<\/strong>, reputa\u00e7\u00e3o e valor da empresa afetada face a um operador com poder significativo de mercado.<\/h6><h6><\/h6><h6><\/h6><h6><\/h6><h6><\/h6>\t\t\t\t\t\t\t\t<\/div>\n\t\t\t\t<\/div>\n\t\t\t\t<\/div>\n\t\t\t\t\t<\/div>\n\t\t\t\t<\/div>\n\t\t\t\t<\/div>\n\t\t","protected":false},"excerpt":{"rendered":"<p>Telecomunica\u00e7\u00f5es No setor das telecomunica\u00e7\u00f5es, elaboramos relat\u00f3rios t\u00e9cnico-econ\u00f3micos que analisam com rigor a operativa, os modelos comerciais, as implementa\u00e7\u00f5es de rede e o desempenho dos distintos atores do ecossistema telco. Colaboramos com operadores de primeiro n\u00edvel, com grandes companhias de telecomunica\u00e7\u00f5es m\u00f3veis e fixas, com empresas de instala\u00e7\u00e3o e manuten\u00e7\u00e3o [&hellip;]<\/p>\n","protected":false},"author":1,"featured_media":0,"parent":0,"menu_order":0,"comment_status":"closed","ping_status":"closed","template":"page-templates\/template-pagebuilder-full-width.php","meta":{"footnotes":""},"class_list":["post-10840","page","type-page","status-publish","hentry"],"yoast_head":"<!-- This site is optimized with the Yoast SEO plugin v26.4 - https:\/\/yoast.com\/wordpress\/plugins\/seo\/ -->\n<title>Setor das Telecomunica\u00e7\u00f5es - Martinsdelima<\/title>\n<meta name=\"robots\" content=\"index, follow, max-snippet:-1, max-image-preview:large, max-video-preview:-1\" \/>\n<link rel=\"canonical\" href=\"https:\/\/www.martinsdelima.com\/pt-pt\/setor-das-telecomunicacoes\/\" \/>\n<meta property=\"og:locale\" content=\"pt_PT\" \/>\n<meta property=\"og:type\" content=\"article\" \/>\n<meta property=\"og:title\" content=\"Setor das Telecomunica\u00e7\u00f5es - Martinsdelima\" \/>\n<meta property=\"og:description\" content=\"Telecomunica\u00e7\u00f5es No setor das telecomunica\u00e7\u00f5es, elaboramos relat\u00f3rios t\u00e9cnico-econ\u00f3micos que analisam com rigor a operativa, os modelos comerciais, as implementa\u00e7\u00f5es de rede e o desempenho dos distintos atores do ecossistema telco. Colaboramos com operadores de primeiro n\u00edvel, com grandes companhias de telecomunica\u00e7\u00f5es m\u00f3veis e fixas, com empresas de instala\u00e7\u00e3o e manuten\u00e7\u00e3o [&hellip;]\" \/>\n<meta property=\"og:url\" content=\"https:\/\/www.martinsdelima.com\/pt-pt\/setor-das-telecomunicacoes\/\" \/>\n<meta property=\"og:site_name\" content=\"Martinsdelima\" \/>\n<meta property=\"article:modified_time\" content=\"2026-02-12T11:00:32+00:00\" \/>\n<meta name=\"twitter:card\" content=\"summary_large_image\" \/>\n<meta name=\"twitter:label1\" content=\"Tempo estimado de leitura\" \/>\n\t<meta name=\"twitter:data1\" content=\"2 minutos\" \/>\n<script type=\"application\/ld+json\" class=\"yoast-schema-graph\">{\"@context\":\"https:\/\/schema.org\",\"@graph\":[{\"@type\":\"WebPage\",\"@id\":\"https:\/\/www.martinsdelima.com\/pt-pt\/setor-das-telecomunicacoes\/\",\"url\":\"https:\/\/www.martinsdelima.com\/pt-pt\/setor-das-telecomunicacoes\/\",\"name\":\"Setor das Telecomunica\u00e7\u00f5es - Martinsdelima\",\"isPartOf\":{\"@id\":\"https:\/\/www.martinsdelima.com\/pt-pt\/#website\"},\"datePublished\":\"2025-11-21T11:06:52+00:00\",\"dateModified\":\"2026-02-12T11:00:32+00:00\",\"breadcrumb\":{\"@id\":\"https:\/\/www.martinsdelima.com\/pt-pt\/setor-das-telecomunicacoes\/#breadcrumb\"},\"inLanguage\":\"pt-PT\",\"potentialAction\":[{\"@type\":\"ReadAction\",\"target\":[\"https:\/\/www.martinsdelima.com\/pt-pt\/setor-das-telecomunicacoes\/\"]}]},{\"@type\":\"BreadcrumbList\",\"@id\":\"https:\/\/www.martinsdelima.com\/pt-pt\/setor-das-telecomunicacoes\/#breadcrumb\",\"itemListElement\":[{\"@type\":\"ListItem\",\"position\":1,\"name\":\"P\u00e1gina inicial\",\"item\":\"https:\/\/www.martinsdelima.com\/pt-pt\/inicio\/\"},{\"@type\":\"ListItem\",\"position\":2,\"name\":\"Setor das Telecomunica\u00e7\u00f5es\"}]},{\"@type\":\"WebSite\",\"@id\":\"https:\/\/www.martinsdelima.com\/pt-pt\/#website\",\"url\":\"https:\/\/www.martinsdelima.com\/pt-pt\/\",\"name\":\"Martinsdelima\",\"description\":\"Forensic&amp;Finance\",\"publisher\":{\"@id\":\"https:\/\/www.martinsdelima.com\/pt-pt\/#organization\"},\"potentialAction\":[{\"@type\":\"SearchAction\",\"target\":{\"@type\":\"EntryPoint\",\"urlTemplate\":\"https:\/\/www.martinsdelima.com\/pt-pt\/?s={search_term_string}\"},\"query-input\":{\"@type\":\"PropertyValueSpecification\",\"valueRequired\":true,\"valueName\":\"search_term_string\"}}],\"inLanguage\":\"pt-PT\"},{\"@type\":\"Organization\",\"@id\":\"https:\/\/www.martinsdelima.com\/pt-pt\/#organization\",\"name\":\"Martinsdelima\",\"url\":\"https:\/\/www.martinsdelima.com\/pt-pt\/\",\"logo\":{\"@type\":\"ImageObject\",\"inLanguage\":\"pt-PT\",\"@id\":\"https:\/\/www.martinsdelima.com\/pt-pt\/#\/schema\/logo\/image\/\",\"url\":\"https:\/\/mligy6wbr5rs.i.optimole.com\/w:auto\/h:auto\/q:mauto\/f:best\/https:\/\/www.martinsdelima.com\/wp-content\/uploads\/2025\/10\/martinsdelima-letras-claras-horizontal.png\",\"contentUrl\":\"https:\/\/mligy6wbr5rs.i.optimole.com\/w:auto\/h:auto\/q:mauto\/f:best\/https:\/\/www.martinsdelima.com\/wp-content\/uploads\/2025\/10\/martinsdelima-letras-claras-horizontal.png\",\"width\":1315,\"height\":217,\"caption\":\"Martinsdelima\"},\"image\":{\"@id\":\"https:\/\/www.martinsdelima.com\/pt-pt\/#\/schema\/logo\/image\/\"}}]}<\/script>\n<!-- \/ Yoast SEO plugin. -->","yoast_head_json":{"title":"Setor das Telecomunica\u00e7\u00f5es - Martinsdelima","robots":{"index":"index","follow":"follow","max-snippet":"max-snippet:-1","max-image-preview":"max-image-preview:large","max-video-preview":"max-video-preview:-1"},"canonical":"https:\/\/www.martinsdelima.com\/pt-pt\/setor-das-telecomunicacoes\/","og_locale":"pt_PT","og_type":"article","og_title":"Setor das Telecomunica\u00e7\u00f5es - Martinsdelima","og_description":"Telecomunica\u00e7\u00f5es No setor das telecomunica\u00e7\u00f5es, elaboramos relat\u00f3rios t\u00e9cnico-econ\u00f3micos que analisam com rigor a operativa, os modelos comerciais, as implementa\u00e7\u00f5es de rede e o desempenho dos distintos atores do ecossistema telco. Colaboramos com operadores de primeiro n\u00edvel, com grandes companhias de telecomunica\u00e7\u00f5es m\u00f3veis e fixas, com empresas de instala\u00e7\u00e3o e manuten\u00e7\u00e3o [&hellip;]","og_url":"https:\/\/www.martinsdelima.com\/pt-pt\/setor-das-telecomunicacoes\/","og_site_name":"Martinsdelima","article_modified_time":"2026-02-12T11:00:32+00:00","twitter_card":"summary_large_image","twitter_misc":{"Tempo estimado de leitura":"2 minutos"},"schema":{"@context":"https:\/\/schema.org","@graph":[{"@type":"WebPage","@id":"https:\/\/www.martinsdelima.com\/pt-pt\/setor-das-telecomunicacoes\/","url":"https:\/\/www.martinsdelima.com\/pt-pt\/setor-das-telecomunicacoes\/","name":"Setor das Telecomunica\u00e7\u00f5es - Martinsdelima","isPartOf":{"@id":"https:\/\/www.martinsdelima.com\/pt-pt\/#website"},"datePublished":"2025-11-21T11:06:52+00:00","dateModified":"2026-02-12T11:00:32+00:00","breadcrumb":{"@id":"https:\/\/www.martinsdelima.com\/pt-pt\/setor-das-telecomunicacoes\/#breadcrumb"},"inLanguage":"pt-PT","potentialAction":[{"@type":"ReadAction","target":["https:\/\/www.martinsdelima.com\/pt-pt\/setor-das-telecomunicacoes\/"]}]},{"@type":"BreadcrumbList","@id":"https:\/\/www.martinsdelima.com\/pt-pt\/setor-das-telecomunicacoes\/#breadcrumb","itemListElement":[{"@type":"ListItem","position":1,"name":"P\u00e1gina inicial","item":"https:\/\/www.martinsdelima.com\/pt-pt\/inicio\/"},{"@type":"ListItem","position":2,"name":"Setor das Telecomunica\u00e7\u00f5es"}]},{"@type":"WebSite","@id":"https:\/\/www.martinsdelima.com\/pt-pt\/#website","url":"https:\/\/www.martinsdelima.com\/pt-pt\/","name":"Martinsdelima","description":"Forensic&amp;Finance","publisher":{"@id":"https:\/\/www.martinsdelima.com\/pt-pt\/#organization"},"potentialAction":[{"@type":"SearchAction","target":{"@type":"EntryPoint","urlTemplate":"https:\/\/www.martinsdelima.com\/pt-pt\/?s={search_term_string}"},"query-input":{"@type":"PropertyValueSpecification","valueRequired":true,"valueName":"search_term_string"}}],"inLanguage":"pt-PT"},{"@type":"Organization","@id":"https:\/\/www.martinsdelima.com\/pt-pt\/#organization","name":"Martinsdelima","url":"https:\/\/www.martinsdelima.com\/pt-pt\/","logo":{"@type":"ImageObject","inLanguage":"pt-PT","@id":"https:\/\/www.martinsdelima.com\/pt-pt\/#\/schema\/logo\/image\/","url":"https:\/\/mligy6wbr5rs.i.optimole.com\/w:auto\/h:auto\/q:mauto\/f:best\/https:\/\/www.martinsdelima.com\/wp-content\/uploads\/2025\/10\/martinsdelima-letras-claras-horizontal.png","contentUrl":"https:\/\/mligy6wbr5rs.i.optimole.com\/w:auto\/h:auto\/q:mauto\/f:best\/https:\/\/www.martinsdelima.com\/wp-content\/uploads\/2025\/10\/martinsdelima-letras-claras-horizontal.png","width":1315,"height":217,"caption":"Martinsdelima"},"image":{"@id":"https:\/\/www.martinsdelima.com\/pt-pt\/#\/schema\/logo\/image\/"}}]}},"_links":{"self":[{"href":"https:\/\/www.martinsdelima.com\/pt-pt\/wp-json\/wp\/v2\/pages\/10840","targetHints":{"allow":["GET"]}}],"collection":[{"href":"https:\/\/www.martinsdelima.com\/pt-pt\/wp-json\/wp\/v2\/pages"}],"about":[{"href":"https:\/\/www.martinsdelima.com\/pt-pt\/wp-json\/wp\/v2\/types\/page"}],"author":[{"embeddable":true,"href":"https:\/\/www.martinsdelima.com\/pt-pt\/wp-json\/wp\/v2\/users\/1"}],"replies":[{"embeddable":true,"href":"https:\/\/www.martinsdelima.com\/pt-pt\/wp-json\/wp\/v2\/comments?post=10840"}],"version-history":[{"count":2,"href":"https:\/\/www.martinsdelima.com\/pt-pt\/wp-json\/wp\/v2\/pages\/10840\/revisions"}],"predecessor-version":[{"id":11811,"href":"https:\/\/www.martinsdelima.com\/pt-pt\/wp-json\/wp\/v2\/pages\/10840\/revisions\/11811"}],"wp:attachment":[{"href":"https:\/\/www.martinsdelima.com\/pt-pt\/wp-json\/wp\/v2\/media?parent=10840"}],"curies":[{"name":"wp","href":"https:\/\/api.w.org\/{rel}","templated":true}]}}