{"id":10852,"date":"2025-11-17T17:47:47","date_gmt":"2025-11-17T17:47:47","guid":{"rendered":"https:\/\/www.martinsdelima.com\/setor-automovel\/"},"modified":"2026-02-12T10:32:44","modified_gmt":"2026-02-12T10:32:44","slug":"setor-automovel","status":"publish","type":"page","link":"https:\/\/www.martinsdelima.com\/pt-pt\/setores\/setor-automovel\/","title":{"rendered":"Setor Autom\u00f3vel"},"content":{"rendered":"\t\t<div data-elementor-type=\"wp-page\" data-elementor-id=\"10852\" class=\"elementor elementor-10852 elementor-6558\" data-elementor-post-type=\"page\">\n\t\t\t\t\t\t<section class=\"elementor-section elementor-top-section elementor-element elementor-element-5861a17 elementor-section-full_width elementor-section-stretched elementor-section-height-default elementor-section-height-default\" data-id=\"5861a17\" data-element_type=\"section\" data-settings=\"{&quot;stretch_section&quot;:&quot;section-stretched&quot;,&quot;background_background&quot;:&quot;classic&quot;}\">\n\t\t\t\t\t\t\t<div class=\"elementor-background-overlay\"><\/div>\n\t\t\t\t\t\t\t<div class=\"elementor-container elementor-column-gap-default\">\n\t\t\t\t\t<div class=\"elementor-column elementor-col-100 elementor-top-column elementor-element elementor-element-ea42bdb\" data-id=\"ea42bdb\" data-element_type=\"column\">\n\t\t\t<div class=\"elementor-widget-wrap elementor-element-populated\">\n\t\t\t\t\t\t<div class=\"elementor-element elementor-element-8924fce elementor-widget elementor-widget-heading\" data-id=\"8924fce\" data-element_type=\"widget\" data-widget_type=\"heading.default\">\n\t\t\t\t<div class=\"elementor-widget-container\">\n\t\t\t\t\t<h2 class=\"elementor-heading-title elementor-size-default\"><b>Autom\u00f3vel<\/b><\/h2>\t\t\t\t<\/div>\n\t\t\t\t<\/div>\n\t\t\t\t\t<\/div>\n\t\t<\/div>\n\t\t\t\t\t<\/div>\n\t\t<\/section>\n\t\t<div class=\"elementor-element elementor-element-fd55e71 e-flex e-con-boxed e-con e-parent\" data-id=\"fd55e71\" data-element_type=\"container\">\n\t\t\t\t\t<div class=\"e-con-inner\">\n\t\t<div class=\"elementor-element elementor-element-683406e e-con-full e-flex e-con e-child\" data-id=\"683406e\" data-element_type=\"container\">\n\t\t\t\t<div class=\"elementor-element elementor-element-817c688 elementor-widget elementor-widget-text-editor\" data-id=\"817c688\" data-element_type=\"widget\" data-widget_type=\"text-editor.default\">\n\t\t\t\t<div class=\"elementor-widget-container\">\n\t\t\t\t\t\t\t\t\t<div>\n<h6>O setor autom\u00f3vel \u00e9 uma das ind\u00fastrias com maior peso na <b>economia espanhola e europeia. <\/b>Abrange o fabrico e a comercializa\u00e7\u00e3o de ve\u00edculos, o transporte profissional rodovi\u00e1rio e as atividades ligadas a frotas, constituindo um eixo fundamental para a competitividade e a mobilidade empresarial.<\/h6>\n<h6>Neste contexto, os fabricantes e distribuidores operam em <strong>mercados altamente regulamentados e muito sens\u00edveis aos ciclos econ\u00f3micos<\/strong>, onde as mudan\u00e7as tecnol\u00f3gicas, as normas ambientais e as varia\u00e7\u00f5es na procura geram impactos diretos sobre os custos, o investimento e a estrutura financeira das empresas.<\/h6>\n<h6>Na martinsdelima, contamos com uma vasta experi\u00eancia na an\u00e1lise econ\u00f3mica e financeira do setor autom\u00f3vel, assessorando empresas afetadas por <strong>pr\u00e1ticas anticoncorrenciais<\/strong> e outras distor\u00e7\u00f5es do mercado. Al\u00e9m disso, temos trabalhado extensivamente para multinacionais do setor auxiliar do autom\u00f3vel para <strong>reestruturar a empresa, otimizando a for\u00e7a de trabalho mediante a realiza\u00e7\u00e3o de EREs e MSCTs (Modifica\u00e7\u00e3o Substancial das Condi\u00e7\u00f5es de Trabalho)<\/strong>. <\/h6>\n<h6><b>&nbsp;<\/b><\/h6>\n<h6><b>Relat\u00f3rios periciais de concorr\u00eancia<\/b><br>Os nossos trabalhos incluem a quantifica\u00e7\u00e3o de danos derivados de <strong>cart\u00e9is<\/strong> no fabrico de ve\u00edculos industriais e ligeiros, analisando <strong>aumentos artificiais de pre\u00e7o, atrasos na introdu\u00e7\u00e3o de tecnologias<\/strong> mais eficientes e repercuss\u00f5es econ\u00f3micas ao longo de toda a cadeia de valor.&nbsp;<\/h6>\n<h6>Al\u00e9m disso, tamb\u00e9m analisamos o impacto financeiro em empresas com frotas, determinamos o <strong>pass-on<\/strong> ou efeito de repercuss\u00e3o de custos e quantificamos o lucro cessante derivado de varia\u00e7\u00f5es no volume de atividade, pre\u00e7os, custos operacionais ou atrasos tecnol\u00f3gicos que tenham afetado o desempenho normal empresarial.&nbsp;<\/h6>\n<h6><\/h6>\n<h6><b>&nbsp;<\/b><\/h6>\n<h6><b>Relat\u00f3rios periciais laborais<\/b><\/h6>\n<h6>Realiz\u00e1mos v\u00e1rios relat\u00f3rios t\u00e9cnicos para a reorganiza\u00e7\u00e3o europeia de uma multinacional europeia do setor de componentes autom\u00f3veis que implicava a realiza\u00e7\u00e3o de v\u00e1rios processos de despedimento coletivo e de modifica\u00e7\u00e3o substancial das condi\u00e7\u00f5es de trabalho por motivos organizativos, t\u00e9cnicos e produtivos.&nbsp;<\/h6>\n<\/div>\n<h6><\/h6>\n<h6>Al\u00e9m disso, realiz\u00e1mos um estudo da organiza\u00e7\u00e3o de turnos da empresa que teve como consequ\u00eancia a realiza\u00e7\u00e3o de v\u00e1rios estudos para melhorar drasticamente a efici\u00eancia da f\u00e1brica mediante MSCTs.<\/h6>\n<h6><\/h6>\n<h6><\/h6>\t\t\t\t\t\t\t\t<\/div>\n\t\t\t\t<\/div>\n\t\t\t\t<\/div>\n\t\t\t\t\t<\/div>\n\t\t\t\t<\/div>\n\t\t\t\t<\/div>\n\t\t","protected":false},"excerpt":{"rendered":"<p>Autom\u00f3vel O setor autom\u00f3vel \u00e9 uma das ind\u00fastrias com maior peso na economia espanhola e europeia. Abrange o fabrico e a comercializa\u00e7\u00e3o de ve\u00edculos, o transporte profissional rodovi\u00e1rio e as atividades ligadas a frotas, constituindo um eixo fundamental para a competitividade e a mobilidade empresarial. Neste contexto, os fabricantes e [&hellip;]<\/p>\n","protected":false},"author":1,"featured_media":0,"parent":10923,"menu_order":0,"comment_status":"closed","ping_status":"closed","template":"page-templates\/template-pagebuilder-full-width.php","meta":{"footnotes":""},"class_list":["post-10852","page","type-page","status-publish","hentry"],"yoast_head":"<!-- This site is optimized with the Yoast SEO plugin v26.4 - https:\/\/yoast.com\/wordpress\/plugins\/seo\/ -->\n<title>Setor Autom\u00f3vel - Martinsdelima<\/title>\n<meta name=\"robots\" content=\"index, follow, max-snippet:-1, max-image-preview:large, max-video-preview:-1\" \/>\n<link rel=\"canonical\" href=\"https:\/\/www.martinsdelima.com\/pt-pt\/setores\/setor-automovel\/\" \/>\n<meta property=\"og:locale\" content=\"pt_PT\" \/>\n<meta property=\"og:type\" content=\"article\" \/>\n<meta property=\"og:title\" content=\"Setor Autom\u00f3vel - Martinsdelima\" \/>\n<meta property=\"og:description\" content=\"Autom\u00f3vel O setor autom\u00f3vel \u00e9 uma das ind\u00fastrias com maior peso na economia espanhola e europeia. Abrange o fabrico e a comercializa\u00e7\u00e3o de ve\u00edculos, o transporte profissional rodovi\u00e1rio e as atividades ligadas a frotas, constituindo um eixo fundamental para a competitividade e a mobilidade empresarial. Neste contexto, os fabricantes e [&hellip;]\" \/>\n<meta property=\"og:url\" content=\"https:\/\/www.martinsdelima.com\/pt-pt\/setores\/setor-automovel\/\" \/>\n<meta property=\"og:site_name\" content=\"Martinsdelima\" \/>\n<meta property=\"article:modified_time\" content=\"2026-02-12T10:32:44+00:00\" \/>\n<meta name=\"twitter:card\" content=\"summary_large_image\" \/>\n<meta name=\"twitter:label1\" content=\"Tempo estimado de leitura\" \/>\n\t<meta name=\"twitter:data1\" content=\"2 minutos\" \/>\n<script type=\"application\/ld+json\" class=\"yoast-schema-graph\">{\"@context\":\"https:\/\/schema.org\",\"@graph\":[{\"@type\":\"WebPage\",\"@id\":\"https:\/\/www.martinsdelima.com\/pt-pt\/setores\/setor-automovel\/\",\"url\":\"https:\/\/www.martinsdelima.com\/pt-pt\/setores\/setor-automovel\/\",\"name\":\"Setor Autom\u00f3vel - Martinsdelima\",\"isPartOf\":{\"@id\":\"https:\/\/www.martinsdelima.com\/pt-pt\/#website\"},\"datePublished\":\"2025-11-17T17:47:47+00:00\",\"dateModified\":\"2026-02-12T10:32:44+00:00\",\"breadcrumb\":{\"@id\":\"https:\/\/www.martinsdelima.com\/pt-pt\/setores\/setor-automovel\/#breadcrumb\"},\"inLanguage\":\"pt-PT\",\"potentialAction\":[{\"@type\":\"ReadAction\",\"target\":[\"https:\/\/www.martinsdelima.com\/pt-pt\/setores\/setor-automovel\/\"]}]},{\"@type\":\"BreadcrumbList\",\"@id\":\"https:\/\/www.martinsdelima.com\/pt-pt\/setores\/setor-automovel\/#breadcrumb\",\"itemListElement\":[{\"@type\":\"ListItem\",\"position\":1,\"name\":\"P\u00e1gina inicial\",\"item\":\"https:\/\/www.martinsdelima.com\/pt-pt\/inicio\/\"},{\"@type\":\"ListItem\",\"position\":2,\"name\":\"Setores\",\"item\":\"https:\/\/www.martinsdelima.com\/pt-pt\/setores\/\"},{\"@type\":\"ListItem\",\"position\":3,\"name\":\"Setor Autom\u00f3vel\"}]},{\"@type\":\"WebSite\",\"@id\":\"https:\/\/www.martinsdelima.com\/pt-pt\/#website\",\"url\":\"https:\/\/www.martinsdelima.com\/pt-pt\/\",\"name\":\"Martinsdelima\",\"description\":\"Forensic&amp;Finance\",\"publisher\":{\"@id\":\"https:\/\/www.martinsdelima.com\/pt-pt\/#organization\"},\"potentialAction\":[{\"@type\":\"SearchAction\",\"target\":{\"@type\":\"EntryPoint\",\"urlTemplate\":\"https:\/\/www.martinsdelima.com\/pt-pt\/?s={search_term_string}\"},\"query-input\":{\"@type\":\"PropertyValueSpecification\",\"valueRequired\":true,\"valueName\":\"search_term_string\"}}],\"inLanguage\":\"pt-PT\"},{\"@type\":\"Organization\",\"@id\":\"https:\/\/www.martinsdelima.com\/pt-pt\/#organization\",\"name\":\"Martinsdelima\",\"url\":\"https:\/\/www.martinsdelima.com\/pt-pt\/\",\"logo\":{\"@type\":\"ImageObject\",\"inLanguage\":\"pt-PT\",\"@id\":\"https:\/\/www.martinsdelima.com\/pt-pt\/#\/schema\/logo\/image\/\",\"url\":\"https:\/\/mligy6wbr5rs.i.optimole.com\/w:auto\/h:auto\/q:mauto\/f:best\/https:\/\/www.martinsdelima.com\/wp-content\/uploads\/2025\/10\/martinsdelima-letras-claras-horizontal.png\",\"contentUrl\":\"https:\/\/mligy6wbr5rs.i.optimole.com\/w:auto\/h:auto\/q:mauto\/f:best\/https:\/\/www.martinsdelima.com\/wp-content\/uploads\/2025\/10\/martinsdelima-letras-claras-horizontal.png\",\"width\":1315,\"height\":217,\"caption\":\"Martinsdelima\"},\"image\":{\"@id\":\"https:\/\/www.martinsdelima.com\/pt-pt\/#\/schema\/logo\/image\/\"}}]}<\/script>\n<!-- \/ Yoast SEO plugin. -->","yoast_head_json":{"title":"Setor Autom\u00f3vel - Martinsdelima","robots":{"index":"index","follow":"follow","max-snippet":"max-snippet:-1","max-image-preview":"max-image-preview:large","max-video-preview":"max-video-preview:-1"},"canonical":"https:\/\/www.martinsdelima.com\/pt-pt\/setores\/setor-automovel\/","og_locale":"pt_PT","og_type":"article","og_title":"Setor Autom\u00f3vel - Martinsdelima","og_description":"Autom\u00f3vel O setor autom\u00f3vel \u00e9 uma das ind\u00fastrias com maior peso na economia espanhola e europeia. Abrange o fabrico e a comercializa\u00e7\u00e3o de ve\u00edculos, o transporte profissional rodovi\u00e1rio e as atividades ligadas a frotas, constituindo um eixo fundamental para a competitividade e a mobilidade empresarial. Neste contexto, os fabricantes e [&hellip;]","og_url":"https:\/\/www.martinsdelima.com\/pt-pt\/setores\/setor-automovel\/","og_site_name":"Martinsdelima","article_modified_time":"2026-02-12T10:32:44+00:00","twitter_card":"summary_large_image","twitter_misc":{"Tempo estimado de leitura":"2 minutos"},"schema":{"@context":"https:\/\/schema.org","@graph":[{"@type":"WebPage","@id":"https:\/\/www.martinsdelima.com\/pt-pt\/setores\/setor-automovel\/","url":"https:\/\/www.martinsdelima.com\/pt-pt\/setores\/setor-automovel\/","name":"Setor Autom\u00f3vel - Martinsdelima","isPartOf":{"@id":"https:\/\/www.martinsdelima.com\/pt-pt\/#website"},"datePublished":"2025-11-17T17:47:47+00:00","dateModified":"2026-02-12T10:32:44+00:00","breadcrumb":{"@id":"https:\/\/www.martinsdelima.com\/pt-pt\/setores\/setor-automovel\/#breadcrumb"},"inLanguage":"pt-PT","potentialAction":[{"@type":"ReadAction","target":["https:\/\/www.martinsdelima.com\/pt-pt\/setores\/setor-automovel\/"]}]},{"@type":"BreadcrumbList","@id":"https:\/\/www.martinsdelima.com\/pt-pt\/setores\/setor-automovel\/#breadcrumb","itemListElement":[{"@type":"ListItem","position":1,"name":"P\u00e1gina inicial","item":"https:\/\/www.martinsdelima.com\/pt-pt\/inicio\/"},{"@type":"ListItem","position":2,"name":"Setores","item":"https:\/\/www.martinsdelima.com\/pt-pt\/setores\/"},{"@type":"ListItem","position":3,"name":"Setor Autom\u00f3vel"}]},{"@type":"WebSite","@id":"https:\/\/www.martinsdelima.com\/pt-pt\/#website","url":"https:\/\/www.martinsdelima.com\/pt-pt\/","name":"Martinsdelima","description":"Forensic&amp;Finance","publisher":{"@id":"https:\/\/www.martinsdelima.com\/pt-pt\/#organization"},"potentialAction":[{"@type":"SearchAction","target":{"@type":"EntryPoint","urlTemplate":"https:\/\/www.martinsdelima.com\/pt-pt\/?s={search_term_string}"},"query-input":{"@type":"PropertyValueSpecification","valueRequired":true,"valueName":"search_term_string"}}],"inLanguage":"pt-PT"},{"@type":"Organization","@id":"https:\/\/www.martinsdelima.com\/pt-pt\/#organization","name":"Martinsdelima","url":"https:\/\/www.martinsdelima.com\/pt-pt\/","logo":{"@type":"ImageObject","inLanguage":"pt-PT","@id":"https:\/\/www.martinsdelima.com\/pt-pt\/#\/schema\/logo\/image\/","url":"https:\/\/mligy6wbr5rs.i.optimole.com\/w:auto\/h:auto\/q:mauto\/f:best\/https:\/\/www.martinsdelima.com\/wp-content\/uploads\/2025\/10\/martinsdelima-letras-claras-horizontal.png","contentUrl":"https:\/\/mligy6wbr5rs.i.optimole.com\/w:auto\/h:auto\/q:mauto\/f:best\/https:\/\/www.martinsdelima.com\/wp-content\/uploads\/2025\/10\/martinsdelima-letras-claras-horizontal.png","width":1315,"height":217,"caption":"Martinsdelima"},"image":{"@id":"https:\/\/www.martinsdelima.com\/pt-pt\/#\/schema\/logo\/image\/"}}]}},"_links":{"self":[{"href":"https:\/\/www.martinsdelima.com\/pt-pt\/wp-json\/wp\/v2\/pages\/10852","targetHints":{"allow":["GET"]}}],"collection":[{"href":"https:\/\/www.martinsdelima.com\/pt-pt\/wp-json\/wp\/v2\/pages"}],"about":[{"href":"https:\/\/www.martinsdelima.com\/pt-pt\/wp-json\/wp\/v2\/types\/page"}],"author":[{"embeddable":true,"href":"https:\/\/www.martinsdelima.com\/pt-pt\/wp-json\/wp\/v2\/users\/1"}],"replies":[{"embeddable":true,"href":"https:\/\/www.martinsdelima.com\/pt-pt\/wp-json\/wp\/v2\/comments?post=10852"}],"version-history":[{"count":2,"href":"https:\/\/www.martinsdelima.com\/pt-pt\/wp-json\/wp\/v2\/pages\/10852\/revisions"}],"predecessor-version":[{"id":11701,"href":"https:\/\/www.martinsdelima.com\/pt-pt\/wp-json\/wp\/v2\/pages\/10852\/revisions\/11701"}],"up":[{"embeddable":true,"href":"https:\/\/www.martinsdelima.com\/pt-pt\/wp-json\/wp\/v2\/pages\/10923"}],"wp:attachment":[{"href":"https:\/\/www.martinsdelima.com\/pt-pt\/wp-json\/wp\/v2\/media?parent=10852"}],"curies":[{"name":"wp","href":"https:\/\/api.w.org\/{rel}","templated":true}]}}