{"id":10855,"date":"2025-11-19T10:29:54","date_gmt":"2025-11-19T10:29:54","guid":{"rendered":"https:\/\/www.martinsdelima.com\/setor-fundos-e-estruturas-financeiras\/"},"modified":"2026-02-12T10:41:55","modified_gmt":"2026-02-12T10:41:55","slug":"setor-fundos-e-estruturas-financeiras","status":"publish","type":"page","link":"https:\/\/www.martinsdelima.com\/pt-pt\/setor-fundos-e-estruturas-financeiras\/","title":{"rendered":"Setor Fundos e Estruturas Financeiras"},"content":{"rendered":"\t\t<div data-elementor-type=\"wp-page\" data-elementor-id=\"10855\" class=\"elementor elementor-10855 elementor-5996\" data-elementor-post-type=\"page\">\n\t\t\t\t\t\t<section class=\"elementor-section elementor-top-section elementor-element elementor-element-5861a17 elementor-section-full_width elementor-section-stretched elementor-section-height-default elementor-section-height-default\" data-id=\"5861a17\" data-element_type=\"section\" data-settings=\"{&quot;stretch_section&quot;:&quot;section-stretched&quot;,&quot;background_background&quot;:&quot;classic&quot;}\">\n\t\t\t\t\t\t\t<div class=\"elementor-background-overlay\"><\/div>\n\t\t\t\t\t\t\t<div class=\"elementor-container elementor-column-gap-default\">\n\t\t\t\t\t<div class=\"elementor-column elementor-col-100 elementor-top-column elementor-element elementor-element-ea42bdb\" data-id=\"ea42bdb\" data-element_type=\"column\">\n\t\t\t<div class=\"elementor-widget-wrap elementor-element-populated\">\n\t\t\t\t\t\t<div class=\"elementor-element elementor-element-8924fce elementor-widget elementor-widget-heading\" data-id=\"8924fce\" data-element_type=\"widget\" data-widget_type=\"heading.default\">\n\t\t\t\t<div class=\"elementor-widget-container\">\n\t\t\t\t\t<h2 class=\"elementor-heading-title elementor-size-default\"><b>Fundos e Estruturas Financeiras<\/b><\/h2>\t\t\t\t<\/div>\n\t\t\t\t<\/div>\n\t\t\t\t\t<\/div>\n\t\t<\/div>\n\t\t\t\t\t<\/div>\n\t\t<\/section>\n\t\t<div class=\"elementor-element elementor-element-e71c8f4 e-flex e-con-boxed e-con e-parent\" data-id=\"e71c8f4\" data-element_type=\"container\">\n\t\t\t\t\t<div class=\"e-con-inner\">\n\t\t<div class=\"elementor-element elementor-element-4303a99 e-con-full e-flex e-con e-child\" data-id=\"4303a99\" data-element_type=\"container\">\n\t\t\t\t<div class=\"elementor-element elementor-element-3f59d73 elementor-widget elementor-widget-text-editor\" data-id=\"3f59d73\" data-element_type=\"widget\" data-widget_type=\"text-editor.default\">\n\t\t\t\t<div class=\"elementor-widget-container\">\n\t\t\t\t\t\t\t\t\t<h6><strong>Fundos<\/strong> de capital de risco, <strong>ve\u00edculos especializados<\/strong>, <strong>gestoras<\/strong>, entidades financeiras, family offices e investidores institucionais requerem uma an\u00e1lise independente que permita compreender com precis\u00e3o a l\u00f3gica econ\u00f3mica das suas estruturas, a distribui\u00e7\u00e3o de riscos e o impacto contratual e financeiro das suas decis\u00f5es.<br>Na martinsdelima contamos com uma experi\u00eancia consolidada em an\u00e1lise econ\u00f3mica e financeira de fundos de investimento, ve\u00edculos especializados e estruturas de <strong>Project Finance<\/strong>, <strong>modelos de remunera\u00e7\u00e3o e produtos financeiros complexos<\/strong>. Trabalhamos para gestoras e promotores de fundos, ve\u00edculos de investimento especializados, entidades financeiras, family offices e investidores institucionais que necessitam de uma an\u00e1lise independente das suas estruturas financeiras.  <br>A nossa contribui\u00e7\u00e3o consiste em traduzir contratos complexos, esquemas de capital de risco e derivados estruturados em conclus\u00f5es econ\u00f3micas claras e defens\u00e1veis para a potencial tomada de decis\u00f5es, negocia\u00e7\u00e3o ou resolu\u00e7\u00e3o de controv\u00e9rsias financeiras.<\/h6><h6><strong> <\/strong><\/h6><h6><strong>Relat\u00f3rios periciais econ\u00f3micos<\/strong><br>Contamos com experi\u00eancia espec\u00edfica na <strong>estrutura econ\u00f3mica de ve\u00edculos de capital de risco e gestoras de fundos<\/strong>, analisando o seu regime legal, \u00f3rg\u00e3os de decis\u00e3o (comit\u00e9s de investimento, conselhos de administra\u00e7\u00e3o), fluxos de receitas <strong>(comiss\u00f5es de gest\u00e3o, management fees, e participa\u00e7\u00e3o em mais-valias ou carried interest)<\/strong> e a forma como se articula a rela\u00e7\u00e3o entre a sociedade gestora, os promotores e os investidores. Estud\u00e1mos tamb\u00e9m o grau de autonomia real de determinados executivos dentro destas estruturas, a sua capacidade de decis\u00e3o e os limites derivados da concentra\u00e7\u00e3o do controlo pol\u00edtico num acionista ou grupo promotor.<br>No \u00e2mbito da gest\u00e3o de ativos e estruturas de asset management, emitimos <strong>relat\u00f3rios sobre a adequa\u00e7\u00e3o de fees de gest\u00e3o<\/strong> acordadas entre fundos ou ve\u00edculos de investimento e sociedades operativas, comparando a estrutura de fees acordada com as pr\u00e1ticas de mercado. <br>Tamb\u00e9m desenvolvemos uma linha de trabalho especializada em <strong>produtos financeiros complexos e derivados<\/strong>, como por exemplo permutas financeiras de taxas de juro (swaps) expl\u00edcitas ou impl\u00edcitas em contratos de financiamento. Analisamos a idoneidade dos produtos oferecidos por entidades financeiras, o perfil e n\u00edvel de conhecimentos do cliente, o conte\u00fado e momento da informa\u00e7\u00e3o facilitada. <strong>Valorizamos os derivados a pre\u00e7os de mercado<\/strong> e comparamos a solu\u00e7\u00e3o contratada com alternativas razo\u00e1veis.  <\/h6><h6>Realizamos igualmente relat\u00f3rios que explicam a razoabilidade das <strong>comiss\u00f5es de sucesso<\/strong> na hora de concluir com sucesso uma opera\u00e7\u00e3o. \u00c9 comum que os <strong>clientes de banca de investimento<\/strong> se queixem, uma vez terminada a opera\u00e7\u00e3o, da importante comiss\u00e3o que devem pagar. <\/h6><h6><strong> <\/strong><\/h6><h6><strong>Relat\u00f3rios periciais laborais<\/strong><\/h6><h6>Realizamos relat\u00f3rios que analisam a situa\u00e7\u00e3o de sa\u00edda de s\u00f3cios de gestoras. Calculamos o valor da sua participa\u00e7\u00e3o, tendo em conta os carries e qualquer outra remunera\u00e7\u00e3o vari\u00e1vel. <\/h6>\t\t\t\t\t\t\t\t<\/div>\n\t\t\t\t<\/div>\n\t\t\t\t<\/div>\n\t\t\t\t\t<\/div>\n\t\t\t\t<\/div>\n\t\t\t\t<\/div>\n\t\t","protected":false},"excerpt":{"rendered":"<p>Fundos e Estruturas Financeiras Fundos de capital de risco, ve\u00edculos especializados, gestoras, entidades financeiras, family offices e investidores institucionais requerem uma an\u00e1lise independente que permita compreender com precis\u00e3o a l\u00f3gica econ\u00f3mica das suas estruturas, a distribui\u00e7\u00e3o de riscos e o impacto contratual e financeiro das suas decis\u00f5es.Na martinsdelima contamos com [&hellip;]<\/p>\n","protected":false},"author":1,"featured_media":0,"parent":0,"menu_order":0,"comment_status":"closed","ping_status":"closed","template":"page-templates\/template-pagebuilder-full-width.php","meta":{"footnotes":""},"class_list":["post-10855","page","type-page","status-publish","hentry"],"yoast_head":"<!-- This site is optimized with the Yoast SEO plugin v26.4 - https:\/\/yoast.com\/wordpress\/plugins\/seo\/ -->\n<title>Setor Fundos e Estruturas Financeiras - Martinsdelima<\/title>\n<meta name=\"robots\" content=\"index, follow, max-snippet:-1, max-image-preview:large, max-video-preview:-1\" \/>\n<link rel=\"canonical\" href=\"https:\/\/www.martinsdelima.com\/pt-pt\/setor-fundos-e-estruturas-financeiras\/\" \/>\n<meta property=\"og:locale\" content=\"pt_PT\" \/>\n<meta property=\"og:type\" content=\"article\" \/>\n<meta property=\"og:title\" content=\"Setor Fundos e Estruturas Financeiras - Martinsdelima\" \/>\n<meta property=\"og:description\" content=\"Fundos e Estruturas Financeiras Fundos de capital de risco, ve\u00edculos especializados, gestoras, entidades financeiras, family offices e investidores institucionais requerem uma an\u00e1lise independente que permita compreender com precis\u00e3o a l\u00f3gica econ\u00f3mica das suas estruturas, a distribui\u00e7\u00e3o de riscos e o impacto contratual e financeiro das suas decis\u00f5es.Na martinsdelima contamos com [&hellip;]\" \/>\n<meta property=\"og:url\" content=\"https:\/\/www.martinsdelima.com\/pt-pt\/setor-fundos-e-estruturas-financeiras\/\" \/>\n<meta property=\"og:site_name\" content=\"Martinsdelima\" \/>\n<meta property=\"article:modified_time\" content=\"2026-02-12T10:41:55+00:00\" \/>\n<meta name=\"twitter:card\" content=\"summary_large_image\" \/>\n<meta name=\"twitter:label1\" content=\"Tempo estimado de leitura\" \/>\n\t<meta name=\"twitter:data1\" content=\"2 minutos\" \/>\n<script type=\"application\/ld+json\" class=\"yoast-schema-graph\">{\"@context\":\"https:\/\/schema.org\",\"@graph\":[{\"@type\":\"WebPage\",\"@id\":\"https:\/\/www.martinsdelima.com\/pt-pt\/setor-fundos-e-estruturas-financeiras\/\",\"url\":\"https:\/\/www.martinsdelima.com\/pt-pt\/setor-fundos-e-estruturas-financeiras\/\",\"name\":\"Setor Fundos e Estruturas Financeiras - Martinsdelima\",\"isPartOf\":{\"@id\":\"https:\/\/www.martinsdelima.com\/pt-pt\/#website\"},\"datePublished\":\"2025-11-19T10:29:54+00:00\",\"dateModified\":\"2026-02-12T10:41:55+00:00\",\"breadcrumb\":{\"@id\":\"https:\/\/www.martinsdelima.com\/pt-pt\/setor-fundos-e-estruturas-financeiras\/#breadcrumb\"},\"inLanguage\":\"pt-PT\",\"potentialAction\":[{\"@type\":\"ReadAction\",\"target\":[\"https:\/\/www.martinsdelima.com\/pt-pt\/setor-fundos-e-estruturas-financeiras\/\"]}]},{\"@type\":\"BreadcrumbList\",\"@id\":\"https:\/\/www.martinsdelima.com\/pt-pt\/setor-fundos-e-estruturas-financeiras\/#breadcrumb\",\"itemListElement\":[{\"@type\":\"ListItem\",\"position\":1,\"name\":\"P\u00e1gina inicial\",\"item\":\"https:\/\/www.martinsdelima.com\/pt-pt\/inicio\/\"},{\"@type\":\"ListItem\",\"position\":2,\"name\":\"Setor Fundos e Estruturas Financeiras\"}]},{\"@type\":\"WebSite\",\"@id\":\"https:\/\/www.martinsdelima.com\/pt-pt\/#website\",\"url\":\"https:\/\/www.martinsdelima.com\/pt-pt\/\",\"name\":\"Martinsdelima\",\"description\":\"Forensic&amp;Finance\",\"publisher\":{\"@id\":\"https:\/\/www.martinsdelima.com\/pt-pt\/#organization\"},\"potentialAction\":[{\"@type\":\"SearchAction\",\"target\":{\"@type\":\"EntryPoint\",\"urlTemplate\":\"https:\/\/www.martinsdelima.com\/pt-pt\/?s={search_term_string}\"},\"query-input\":{\"@type\":\"PropertyValueSpecification\",\"valueRequired\":true,\"valueName\":\"search_term_string\"}}],\"inLanguage\":\"pt-PT\"},{\"@type\":\"Organization\",\"@id\":\"https:\/\/www.martinsdelima.com\/pt-pt\/#organization\",\"name\":\"Martinsdelima\",\"url\":\"https:\/\/www.martinsdelima.com\/pt-pt\/\",\"logo\":{\"@type\":\"ImageObject\",\"inLanguage\":\"pt-PT\",\"@id\":\"https:\/\/www.martinsdelima.com\/pt-pt\/#\/schema\/logo\/image\/\",\"url\":\"https:\/\/mligy6wbr5rs.i.optimole.com\/w:auto\/h:auto\/q:mauto\/f:best\/https:\/\/www.martinsdelima.com\/wp-content\/uploads\/2025\/10\/martinsdelima-letras-claras-horizontal.png\",\"contentUrl\":\"https:\/\/mligy6wbr5rs.i.optimole.com\/w:auto\/h:auto\/q:mauto\/f:best\/https:\/\/www.martinsdelima.com\/wp-content\/uploads\/2025\/10\/martinsdelima-letras-claras-horizontal.png\",\"width\":1315,\"height\":217,\"caption\":\"Martinsdelima\"},\"image\":{\"@id\":\"https:\/\/www.martinsdelima.com\/pt-pt\/#\/schema\/logo\/image\/\"}}]}<\/script>\n<!-- \/ Yoast SEO plugin. -->","yoast_head_json":{"title":"Setor Fundos e Estruturas Financeiras - Martinsdelima","robots":{"index":"index","follow":"follow","max-snippet":"max-snippet:-1","max-image-preview":"max-image-preview:large","max-video-preview":"max-video-preview:-1"},"canonical":"https:\/\/www.martinsdelima.com\/pt-pt\/setor-fundos-e-estruturas-financeiras\/","og_locale":"pt_PT","og_type":"article","og_title":"Setor Fundos e Estruturas Financeiras - Martinsdelima","og_description":"Fundos e Estruturas Financeiras Fundos de capital de risco, ve\u00edculos especializados, gestoras, entidades financeiras, family offices e investidores institucionais requerem uma an\u00e1lise independente que permita compreender com precis\u00e3o a l\u00f3gica econ\u00f3mica das suas estruturas, a distribui\u00e7\u00e3o de riscos e o impacto contratual e financeiro das suas decis\u00f5es.Na martinsdelima contamos com [&hellip;]","og_url":"https:\/\/www.martinsdelima.com\/pt-pt\/setor-fundos-e-estruturas-financeiras\/","og_site_name":"Martinsdelima","article_modified_time":"2026-02-12T10:41:55+00:00","twitter_card":"summary_large_image","twitter_misc":{"Tempo estimado de leitura":"2 minutos"},"schema":{"@context":"https:\/\/schema.org","@graph":[{"@type":"WebPage","@id":"https:\/\/www.martinsdelima.com\/pt-pt\/setor-fundos-e-estruturas-financeiras\/","url":"https:\/\/www.martinsdelima.com\/pt-pt\/setor-fundos-e-estruturas-financeiras\/","name":"Setor Fundos e Estruturas Financeiras - Martinsdelima","isPartOf":{"@id":"https:\/\/www.martinsdelima.com\/pt-pt\/#website"},"datePublished":"2025-11-19T10:29:54+00:00","dateModified":"2026-02-12T10:41:55+00:00","breadcrumb":{"@id":"https:\/\/www.martinsdelima.com\/pt-pt\/setor-fundos-e-estruturas-financeiras\/#breadcrumb"},"inLanguage":"pt-PT","potentialAction":[{"@type":"ReadAction","target":["https:\/\/www.martinsdelima.com\/pt-pt\/setor-fundos-e-estruturas-financeiras\/"]}]},{"@type":"BreadcrumbList","@id":"https:\/\/www.martinsdelima.com\/pt-pt\/setor-fundos-e-estruturas-financeiras\/#breadcrumb","itemListElement":[{"@type":"ListItem","position":1,"name":"P\u00e1gina inicial","item":"https:\/\/www.martinsdelima.com\/pt-pt\/inicio\/"},{"@type":"ListItem","position":2,"name":"Setor Fundos e Estruturas Financeiras"}]},{"@type":"WebSite","@id":"https:\/\/www.martinsdelima.com\/pt-pt\/#website","url":"https:\/\/www.martinsdelima.com\/pt-pt\/","name":"Martinsdelima","description":"Forensic&amp;Finance","publisher":{"@id":"https:\/\/www.martinsdelima.com\/pt-pt\/#organization"},"potentialAction":[{"@type":"SearchAction","target":{"@type":"EntryPoint","urlTemplate":"https:\/\/www.martinsdelima.com\/pt-pt\/?s={search_term_string}"},"query-input":{"@type":"PropertyValueSpecification","valueRequired":true,"valueName":"search_term_string"}}],"inLanguage":"pt-PT"},{"@type":"Organization","@id":"https:\/\/www.martinsdelima.com\/pt-pt\/#organization","name":"Martinsdelima","url":"https:\/\/www.martinsdelima.com\/pt-pt\/","logo":{"@type":"ImageObject","inLanguage":"pt-PT","@id":"https:\/\/www.martinsdelima.com\/pt-pt\/#\/schema\/logo\/image\/","url":"https:\/\/mligy6wbr5rs.i.optimole.com\/w:auto\/h:auto\/q:mauto\/f:best\/https:\/\/www.martinsdelima.com\/wp-content\/uploads\/2025\/10\/martinsdelima-letras-claras-horizontal.png","contentUrl":"https:\/\/mligy6wbr5rs.i.optimole.com\/w:auto\/h:auto\/q:mauto\/f:best\/https:\/\/www.martinsdelima.com\/wp-content\/uploads\/2025\/10\/martinsdelima-letras-claras-horizontal.png","width":1315,"height":217,"caption":"Martinsdelima"},"image":{"@id":"https:\/\/www.martinsdelima.com\/pt-pt\/#\/schema\/logo\/image\/"}}]}},"_links":{"self":[{"href":"https:\/\/www.martinsdelima.com\/pt-pt\/wp-json\/wp\/v2\/pages\/10855","targetHints":{"allow":["GET"]}}],"collection":[{"href":"https:\/\/www.martinsdelima.com\/pt-pt\/wp-json\/wp\/v2\/pages"}],"about":[{"href":"https:\/\/www.martinsdelima.com\/pt-pt\/wp-json\/wp\/v2\/types\/page"}],"author":[{"embeddable":true,"href":"https:\/\/www.martinsdelima.com\/pt-pt\/wp-json\/wp\/v2\/users\/1"}],"replies":[{"embeddable":true,"href":"https:\/\/www.martinsdelima.com\/pt-pt\/wp-json\/wp\/v2\/comments?post=10855"}],"version-history":[{"count":2,"href":"https:\/\/www.martinsdelima.com\/pt-pt\/wp-json\/wp\/v2\/pages\/10855\/revisions"}],"predecessor-version":[{"id":11751,"href":"https:\/\/www.martinsdelima.com\/pt-pt\/wp-json\/wp\/v2\/pages\/10855\/revisions\/11751"}],"wp:attachment":[{"href":"https:\/\/www.martinsdelima.com\/pt-pt\/wp-json\/wp\/v2\/media?parent=10855"}],"curies":[{"name":"wp","href":"https:\/\/api.w.org\/{rel}","templated":true}]}}