{"id":10869,"date":"2025-11-20T17:32:27","date_gmt":"2025-11-20T17:32:27","guid":{"rendered":"https:\/\/www.martinsdelima.com\/setor-industrial\/"},"modified":"2026-02-12T10:43:41","modified_gmt":"2026-02-12T10:43:41","slug":"setor-industrial","status":"publish","type":"page","link":"https:\/\/www.martinsdelima.com\/pt-pt\/setor-industrial\/","title":{"rendered":"Setor Industrial"},"content":{"rendered":"\t\t<div data-elementor-type=\"wp-page\" data-elementor-id=\"10869\" class=\"elementor elementor-10869 elementor-5995\" data-elementor-post-type=\"page\">\n\t\t\t\t\t\t<section class=\"elementor-section elementor-top-section elementor-element elementor-element-5861a17 elementor-section-full_width elementor-section-stretched elementor-section-height-default elementor-section-height-default\" data-id=\"5861a17\" data-element_type=\"section\" data-settings=\"{&quot;stretch_section&quot;:&quot;section-stretched&quot;,&quot;background_background&quot;:&quot;classic&quot;}\">\n\t\t\t\t\t\t\t<div class=\"elementor-background-overlay\"><\/div>\n\t\t\t\t\t\t\t<div class=\"elementor-container elementor-column-gap-default\">\n\t\t\t\t\t<div class=\"elementor-column elementor-col-100 elementor-top-column elementor-element elementor-element-ea42bdb\" data-id=\"ea42bdb\" data-element_type=\"column\">\n\t\t\t<div class=\"elementor-widget-wrap elementor-element-populated\">\n\t\t\t\t\t\t<div class=\"elementor-element elementor-element-8924fce elementor-widget elementor-widget-heading\" data-id=\"8924fce\" data-element_type=\"widget\" data-widget_type=\"heading.default\">\n\t\t\t\t<div class=\"elementor-widget-container\">\n\t\t\t\t\t<h2 class=\"elementor-heading-title elementor-size-default\">Ind\u00fastria<\/h2>\t\t\t\t<\/div>\n\t\t\t\t<\/div>\n\t\t\t\t\t<\/div>\n\t\t<\/div>\n\t\t\t\t\t<\/div>\n\t\t<\/section>\n\t\t<div class=\"elementor-element elementor-element-fe28872 e-flex e-con-boxed e-con e-parent\" data-id=\"fe28872\" data-element_type=\"container\">\n\t\t\t\t\t<div class=\"e-con-inner\">\n\t\t<div class=\"elementor-element elementor-element-11786d1 e-con-full e-flex e-con e-child\" data-id=\"11786d1\" data-element_type=\"container\">\n\t\t\t\t<div class=\"elementor-element elementor-element-9f5b602 elementor-widget elementor-widget-text-editor\" data-id=\"9f5b602\" data-element_type=\"widget\" data-widget_type=\"text-editor.default\">\n\t\t\t\t<div class=\"elementor-widget-container\">\n\t\t\t\t\t\t\t\t\t<h6>Na martinsdelima, temos experi\u00eancia na \u00e1rea industrial, prestando servi\u00e7o tanto a <strong>empresas l\u00edderes na ind\u00fastria como a empresas m\u00e9dias e pequenas<\/strong> que requeiram a opini\u00e3o t\u00e9cnica e econ\u00f3mica de um especialista independente.<\/h6>\n<h6>Trabalh\u00e1mos com grandes empresas do setor industrial, como as ind\u00fastrias <strong>petroqu\u00edmica, sider\u00fargica, metal\u00fargica, do vidro, de materiais de constru\u00e7\u00e3o e infraestruturas, aeron\u00e1utica, farmac\u00eautica, autom\u00f3vel, t\u00eaxtil, eletr\u00f3nica, alimentar, de gest\u00e3o e transforma\u00e7\u00e3o de subprodutos animais<\/strong>.&nbsp;<\/h6>\n<h6><strong>&nbsp;<\/strong><\/h6>\n<h6><strong>Relat\u00f3rios periciais t\u00e9cnicos<\/strong><\/h6>\n<h6>Preparamos relat\u00f3rios t\u00e9cnicos, abordando diferentes tem\u00e1ticas sobre as linhas de produ\u00e7\u00e3o, a organiza\u00e7\u00e3o de processos, a seguran\u00e7a das instala\u00e7\u00f5es e o cumprimento de obriga\u00e7\u00f5es regulamentares.&nbsp;<\/h6>\n<h6>Realizamos a reconstru\u00e7\u00e3o de incidentes cr\u00edticos e avaliamos o seu impacto nas instala\u00e7\u00f5es e no pessoal, revendo os procedimentos aplicados e o desenvolvimento completo do processo, desde os factos pr\u00e9vios at\u00e9 ao intervalo temporal do evento e a paragem posterior.&nbsp;<\/h6>\n<h6><strong>&nbsp;<\/strong><\/h6>\n<h6><strong>Relat\u00f3rios periciais econ\u00f3micos<\/strong><\/h6>\n<h6>Numa perspetiva econ\u00f3mica, elaboramos relat\u00f3rios, quantificando os <strong>danos<\/strong> decorrentes de incidentes industriais, incumprimentos contratuais, problemas com fornecedores, tanto de maquinaria como de mat\u00e9rias-primas, integrando a informa\u00e7\u00e3o relevante do setor e os dados de produ\u00e7\u00e3o.&nbsp;<\/h6>\n<h6><strong>&nbsp;<\/strong><\/h6>\n<h6><strong>Relat\u00f3rios periciais laborais<\/strong><\/h6>\n<h6>Al\u00e9m disso, elaboramos relat\u00f3rios t\u00e9cnicos para procedimentos laborais, mediante uma an\u00e1lise exaustiva do setor, bem como da situa\u00e7\u00e3o operativa das companhias manufatureiras, revendo a capacidade produtiva, o uso de instala\u00e7\u00f5es e a organiza\u00e7\u00e3o do pessoal face \u00e0 procura real e prevista. Com isto, identificamos inefici\u00eancias, propomos altera\u00e7\u00f5es em estruturas e processos e apresentamos cen\u00e1rios que permitam recuperar margem e competitividade. <\/h6>\n<h6>Elaboramos relat\u00f3rios para <strong>EREs<\/strong>, combinando o nosso <strong>conhecimento t\u00e9cnico industrial com o econ\u00f3mico<\/strong>. Por isso, somos capazes de otimizar as quatro causas <strong>Econ\u00f3micas, T\u00e9cnicas, Organizativas e Produtivas.<\/strong> <\/h6>\n<h6>Al\u00e9m disso, realizamos <strong>MSCTs<\/strong> para reorganizar turnos, linhas de produ\u00e7\u00e3o e qualquer aspeto da <strong>organiza\u00e7\u00e3o industrial<\/strong>.<\/h6>\t\t\t\t\t\t\t\t<\/div>\n\t\t\t\t<\/div>\n\t\t\t\t<\/div>\n\t\t\t\t\t<\/div>\n\t\t\t\t<\/div>\n\t\t\t\t<\/div>\n\t\t","protected":false},"excerpt":{"rendered":"<p>Ind\u00fastria Na martinsdelima, temos experi\u00eancia na \u00e1rea industrial, prestando servi\u00e7o tanto a empresas l\u00edderes na ind\u00fastria como a empresas m\u00e9dias e pequenas que requeiram a opini\u00e3o t\u00e9cnica e econ\u00f3mica de um especialista independente. Trabalh\u00e1mos com grandes empresas do setor industrial, como as ind\u00fastrias petroqu\u00edmica, sider\u00fargica, metal\u00fargica, do vidro, de materiais [&hellip;]<\/p>\n","protected":false},"author":1,"featured_media":0,"parent":0,"menu_order":0,"comment_status":"closed","ping_status":"closed","template":"page-templates\/template-pagebuilder-full-width.php","meta":{"footnotes":""},"class_list":["post-10869","page","type-page","status-publish","hentry"],"yoast_head":"<!-- This site is optimized with the Yoast SEO plugin v26.4 - https:\/\/yoast.com\/wordpress\/plugins\/seo\/ -->\n<title>Setor Industrial - Martinsdelima<\/title>\n<meta name=\"robots\" content=\"index, follow, max-snippet:-1, max-image-preview:large, max-video-preview:-1\" \/>\n<link rel=\"canonical\" href=\"https:\/\/www.martinsdelima.com\/pt-pt\/setor-industrial\/\" \/>\n<meta property=\"og:locale\" content=\"pt_PT\" \/>\n<meta property=\"og:type\" content=\"article\" \/>\n<meta property=\"og:title\" content=\"Setor Industrial - Martinsdelima\" \/>\n<meta property=\"og:description\" content=\"Ind\u00fastria Na martinsdelima, temos experi\u00eancia na \u00e1rea industrial, prestando servi\u00e7o tanto a empresas l\u00edderes na ind\u00fastria como a empresas m\u00e9dias e pequenas que requeiram a opini\u00e3o t\u00e9cnica e econ\u00f3mica de um especialista independente. Trabalh\u00e1mos com grandes empresas do setor industrial, como as ind\u00fastrias petroqu\u00edmica, sider\u00fargica, metal\u00fargica, do vidro, de materiais [&hellip;]\" \/>\n<meta property=\"og:url\" content=\"https:\/\/www.martinsdelima.com\/pt-pt\/setor-industrial\/\" \/>\n<meta property=\"og:site_name\" content=\"Martinsdelima\" \/>\n<meta property=\"article:modified_time\" content=\"2026-02-12T10:43:41+00:00\" \/>\n<meta name=\"twitter:card\" content=\"summary_large_image\" \/>\n<meta name=\"twitter:label1\" content=\"Tempo estimado de leitura\" \/>\n\t<meta name=\"twitter:data1\" content=\"2 minutos\" \/>\n<script type=\"application\/ld+json\" class=\"yoast-schema-graph\">{\"@context\":\"https:\/\/schema.org\",\"@graph\":[{\"@type\":\"WebPage\",\"@id\":\"https:\/\/www.martinsdelima.com\/pt-pt\/setor-industrial\/\",\"url\":\"https:\/\/www.martinsdelima.com\/pt-pt\/setor-industrial\/\",\"name\":\"Setor Industrial - Martinsdelima\",\"isPartOf\":{\"@id\":\"https:\/\/www.martinsdelima.com\/pt-pt\/#website\"},\"datePublished\":\"2025-11-20T17:32:27+00:00\",\"dateModified\":\"2026-02-12T10:43:41+00:00\",\"breadcrumb\":{\"@id\":\"https:\/\/www.martinsdelima.com\/pt-pt\/setor-industrial\/#breadcrumb\"},\"inLanguage\":\"pt-PT\",\"potentialAction\":[{\"@type\":\"ReadAction\",\"target\":[\"https:\/\/www.martinsdelima.com\/pt-pt\/setor-industrial\/\"]}]},{\"@type\":\"BreadcrumbList\",\"@id\":\"https:\/\/www.martinsdelima.com\/pt-pt\/setor-industrial\/#breadcrumb\",\"itemListElement\":[{\"@type\":\"ListItem\",\"position\":1,\"name\":\"P\u00e1gina inicial\",\"item\":\"https:\/\/www.martinsdelima.com\/pt-pt\/inicio\/\"},{\"@type\":\"ListItem\",\"position\":2,\"name\":\"Setor Industrial\"}]},{\"@type\":\"WebSite\",\"@id\":\"https:\/\/www.martinsdelima.com\/pt-pt\/#website\",\"url\":\"https:\/\/www.martinsdelima.com\/pt-pt\/\",\"name\":\"Martinsdelima\",\"description\":\"Forensic&amp;Finance\",\"publisher\":{\"@id\":\"https:\/\/www.martinsdelima.com\/pt-pt\/#organization\"},\"potentialAction\":[{\"@type\":\"SearchAction\",\"target\":{\"@type\":\"EntryPoint\",\"urlTemplate\":\"https:\/\/www.martinsdelima.com\/pt-pt\/?s={search_term_string}\"},\"query-input\":{\"@type\":\"PropertyValueSpecification\",\"valueRequired\":true,\"valueName\":\"search_term_string\"}}],\"inLanguage\":\"pt-PT\"},{\"@type\":\"Organization\",\"@id\":\"https:\/\/www.martinsdelima.com\/pt-pt\/#organization\",\"name\":\"Martinsdelima\",\"url\":\"https:\/\/www.martinsdelima.com\/pt-pt\/\",\"logo\":{\"@type\":\"ImageObject\",\"inLanguage\":\"pt-PT\",\"@id\":\"https:\/\/www.martinsdelima.com\/pt-pt\/#\/schema\/logo\/image\/\",\"url\":\"https:\/\/mligy6wbr5rs.i.optimole.com\/w:auto\/h:auto\/q:mauto\/f:best\/https:\/\/www.martinsdelima.com\/wp-content\/uploads\/2025\/10\/martinsdelima-letras-claras-horizontal.png\",\"contentUrl\":\"https:\/\/mligy6wbr5rs.i.optimole.com\/w:auto\/h:auto\/q:mauto\/f:best\/https:\/\/www.martinsdelima.com\/wp-content\/uploads\/2025\/10\/martinsdelima-letras-claras-horizontal.png\",\"width\":1315,\"height\":217,\"caption\":\"Martinsdelima\"},\"image\":{\"@id\":\"https:\/\/www.martinsdelima.com\/pt-pt\/#\/schema\/logo\/image\/\"}}]}<\/script>\n<!-- \/ Yoast SEO plugin. -->","yoast_head_json":{"title":"Setor Industrial - Martinsdelima","robots":{"index":"index","follow":"follow","max-snippet":"max-snippet:-1","max-image-preview":"max-image-preview:large","max-video-preview":"max-video-preview:-1"},"canonical":"https:\/\/www.martinsdelima.com\/pt-pt\/setor-industrial\/","og_locale":"pt_PT","og_type":"article","og_title":"Setor Industrial - Martinsdelima","og_description":"Ind\u00fastria Na martinsdelima, temos experi\u00eancia na \u00e1rea industrial, prestando servi\u00e7o tanto a empresas l\u00edderes na ind\u00fastria como a empresas m\u00e9dias e pequenas que requeiram a opini\u00e3o t\u00e9cnica e econ\u00f3mica de um especialista independente. Trabalh\u00e1mos com grandes empresas do setor industrial, como as ind\u00fastrias petroqu\u00edmica, sider\u00fargica, metal\u00fargica, do vidro, de materiais [&hellip;]","og_url":"https:\/\/www.martinsdelima.com\/pt-pt\/setor-industrial\/","og_site_name":"Martinsdelima","article_modified_time":"2026-02-12T10:43:41+00:00","twitter_card":"summary_large_image","twitter_misc":{"Tempo estimado de leitura":"2 minutos"},"schema":{"@context":"https:\/\/schema.org","@graph":[{"@type":"WebPage","@id":"https:\/\/www.martinsdelima.com\/pt-pt\/setor-industrial\/","url":"https:\/\/www.martinsdelima.com\/pt-pt\/setor-industrial\/","name":"Setor Industrial - Martinsdelima","isPartOf":{"@id":"https:\/\/www.martinsdelima.com\/pt-pt\/#website"},"datePublished":"2025-11-20T17:32:27+00:00","dateModified":"2026-02-12T10:43:41+00:00","breadcrumb":{"@id":"https:\/\/www.martinsdelima.com\/pt-pt\/setor-industrial\/#breadcrumb"},"inLanguage":"pt-PT","potentialAction":[{"@type":"ReadAction","target":["https:\/\/www.martinsdelima.com\/pt-pt\/setor-industrial\/"]}]},{"@type":"BreadcrumbList","@id":"https:\/\/www.martinsdelima.com\/pt-pt\/setor-industrial\/#breadcrumb","itemListElement":[{"@type":"ListItem","position":1,"name":"P\u00e1gina inicial","item":"https:\/\/www.martinsdelima.com\/pt-pt\/inicio\/"},{"@type":"ListItem","position":2,"name":"Setor Industrial"}]},{"@type":"WebSite","@id":"https:\/\/www.martinsdelima.com\/pt-pt\/#website","url":"https:\/\/www.martinsdelima.com\/pt-pt\/","name":"Martinsdelima","description":"Forensic&amp;Finance","publisher":{"@id":"https:\/\/www.martinsdelima.com\/pt-pt\/#organization"},"potentialAction":[{"@type":"SearchAction","target":{"@type":"EntryPoint","urlTemplate":"https:\/\/www.martinsdelima.com\/pt-pt\/?s={search_term_string}"},"query-input":{"@type":"PropertyValueSpecification","valueRequired":true,"valueName":"search_term_string"}}],"inLanguage":"pt-PT"},{"@type":"Organization","@id":"https:\/\/www.martinsdelima.com\/pt-pt\/#organization","name":"Martinsdelima","url":"https:\/\/www.martinsdelima.com\/pt-pt\/","logo":{"@type":"ImageObject","inLanguage":"pt-PT","@id":"https:\/\/www.martinsdelima.com\/pt-pt\/#\/schema\/logo\/image\/","url":"https:\/\/mligy6wbr5rs.i.optimole.com\/w:auto\/h:auto\/q:mauto\/f:best\/https:\/\/www.martinsdelima.com\/wp-content\/uploads\/2025\/10\/martinsdelima-letras-claras-horizontal.png","contentUrl":"https:\/\/mligy6wbr5rs.i.optimole.com\/w:auto\/h:auto\/q:mauto\/f:best\/https:\/\/www.martinsdelima.com\/wp-content\/uploads\/2025\/10\/martinsdelima-letras-claras-horizontal.png","width":1315,"height":217,"caption":"Martinsdelima"},"image":{"@id":"https:\/\/www.martinsdelima.com\/pt-pt\/#\/schema\/logo\/image\/"}}]}},"_links":{"self":[{"href":"https:\/\/www.martinsdelima.com\/pt-pt\/wp-json\/wp\/v2\/pages\/10869","targetHints":{"allow":["GET"]}}],"collection":[{"href":"https:\/\/www.martinsdelima.com\/pt-pt\/wp-json\/wp\/v2\/pages"}],"about":[{"href":"https:\/\/www.martinsdelima.com\/pt-pt\/wp-json\/wp\/v2\/types\/page"}],"author":[{"embeddable":true,"href":"https:\/\/www.martinsdelima.com\/pt-pt\/wp-json\/wp\/v2\/users\/1"}],"replies":[{"embeddable":true,"href":"https:\/\/www.martinsdelima.com\/pt-pt\/wp-json\/wp\/v2\/comments?post=10869"}],"version-history":[{"count":2,"href":"https:\/\/www.martinsdelima.com\/pt-pt\/wp-json\/wp\/v2\/pages\/10869\/revisions"}],"predecessor-version":[{"id":11755,"href":"https:\/\/www.martinsdelima.com\/pt-pt\/wp-json\/wp\/v2\/pages\/10869\/revisions\/11755"}],"wp:attachment":[{"href":"https:\/\/www.martinsdelima.com\/pt-pt\/wp-json\/wp\/v2\/media?parent=10869"}],"curies":[{"name":"wp","href":"https:\/\/api.w.org\/{rel}","templated":true}]}}