{"id":10884,"date":"2025-11-13T19:38:45","date_gmt":"2025-11-13T19:38:45","guid":{"rendered":"https:\/\/www.martinsdelima.com\/setor-da-energia\/"},"modified":"2026-02-12T09:53:44","modified_gmt":"2026-02-12T09:53:44","slug":"setor-da-energia","status":"publish","type":"page","link":"https:\/\/www.martinsdelima.com\/pt-pt\/setor-da-energia\/","title":{"rendered":"Setor da Energia"},"content":{"rendered":"\t\t<div data-elementor-type=\"wp-page\" data-elementor-id=\"10884\" class=\"elementor elementor-10884 elementor-5997\" data-elementor-post-type=\"page\">\n\t\t\t\t\t\t<section class=\"elementor-section elementor-top-section elementor-element elementor-element-5861a17 elementor-section-full_width elementor-section-stretched elementor-section-height-default elementor-section-height-default\" data-id=\"5861a17\" data-element_type=\"section\" data-settings=\"{&quot;stretch_section&quot;:&quot;section-stretched&quot;,&quot;background_background&quot;:&quot;classic&quot;}\">\n\t\t\t\t\t\t\t<div class=\"elementor-background-overlay\"><\/div>\n\t\t\t\t\t\t\t<div class=\"elementor-container elementor-column-gap-default\">\n\t\t\t\t\t<div class=\"elementor-column elementor-col-100 elementor-top-column elementor-element elementor-element-ea42bdb\" data-id=\"ea42bdb\" data-element_type=\"column\">\n\t\t\t<div class=\"elementor-widget-wrap elementor-element-populated\">\n\t\t\t\t\t\t<div class=\"elementor-element elementor-element-8924fce elementor-widget elementor-widget-heading\" data-id=\"8924fce\" data-element_type=\"widget\" data-widget_type=\"heading.default\">\n\t\t\t\t<div class=\"elementor-widget-container\">\n\t\t\t\t\t<h2 class=\"elementor-heading-title elementor-size-default\"><b>Energia, Petr\u00f3leo e G\u00e1s<\/b><\/h2>\t\t\t\t<\/div>\n\t\t\t\t<\/div>\n\t\t\t\t\t<\/div>\n\t\t<\/div>\n\t\t\t\t\t<\/div>\n\t\t<\/section>\n\t\t<div class=\"elementor-element elementor-element-c1e267b e-flex e-con-boxed e-con e-parent\" data-id=\"c1e267b\" data-element_type=\"container\">\n\t\t\t\t\t<div class=\"e-con-inner\">\n\t\t<div class=\"elementor-element elementor-element-1083406 e-con-full e-flex e-con e-child\" data-id=\"1083406\" data-element_type=\"container\">\n\t\t\t\t<div class=\"elementor-element elementor-element-9515f49 elementor-widget elementor-widget-text-editor\" data-id=\"9515f49\" data-element_type=\"widget\" data-widget_type=\"text-editor.default\">\n\t\t\t\t<div class=\"elementor-widget-container\">\n\t\t\t\t\t\t\t\t\t<h6>O setor energ\u00e9tico abrange atividades t\u00e3o diversas como a <strong>gera\u00e7\u00e3o el\u00e9trica, as redes de transporte e distribui\u00e7\u00e3o, o g\u00e1s natural, os combust\u00edveis l\u00edquidos, as energias renov\u00e1veis, o hidrog\u00e9nio verde<\/strong> e outros vetores em transforma\u00e7\u00e3o. Para este conjunto de ind\u00fastrias, elaboramos <span style=\"font-weight: normal;\">relat\u00f3rios <strong>t\u00e9cnicos e econ\u00f3micos<\/strong><\/span> orientados especificamente para projetos e ativos ao longo de toda a cadeia de valor. <\/h6>\n<h6><\/h6>\n<h6>O nosso trabalho permite determinar a viabilidade t\u00e9cnica de solu\u00e7\u00f5es, justificar modifica\u00e7\u00f5es de design e fornecer evid\u00eancias s\u00f3lidas em situa\u00e7\u00f5es de controv\u00e9rsia ou supervis\u00e3o administrativa. Trabalhamos para companhias energ\u00e9ticas, incluindo todas as do <strong>IBEX35, operadores de redes, desenvolvedores renov\u00e1veis, engenharias e fundos<\/strong> que requerem uma vis\u00e3o independente, precisa e profundamente especializada em energia. A nossa experi\u00eancia abrange desde pequenas instala\u00e7\u00f5es at\u00e9 infraestruturas cr\u00edticas, e permite-nos oferecer relat\u00f3rios que integram a perspetiva t\u00e9cnica e econ\u00f3mica para resolver disputas, apoiar processos regulat\u00f3rios e facilitar decis\u00f5es estrat\u00e9gicas num setor em cont\u00ednua evolu\u00e7\u00e3o.  <\/h6>\n<h6><\/h6>\n<h6><\/h6>\n<h6><\/h6>\n<h6><strong>&nbsp;<\/strong><\/h6>\n<h6><strong>Relat\u00f3rios periciais t\u00e9cnicos<\/strong><br>Analisamos <strong>configura\u00e7\u00f5es t\u00e9cnicas, infraestruturas el\u00e9tricas e tra\u00e7ados de evacua\u00e7\u00e3o,<\/strong> avaliamos alternativas e os seus impactos, estudamos afe\u00e7\u00f5es e compatibilidades de uso, e revemos o cumprimento dos requisitos normativos em projetos de gera\u00e7\u00e3o, redes e comercializa\u00e7\u00e3o.&nbsp;<\/h6>\n<h6><\/h6>\n<h6><\/h6>\n<h6><\/h6>\n<h6><strong>&nbsp;<\/strong><\/h6>\n<h6><strong>Relat\u00f3rios periciais econ\u00f3micos<\/strong><br>No \u00e2mbito econ\u00f3mico e financeiro, elaboramos relat\u00f3rios de quantifica\u00e7\u00e3o de danos derivados de incumprimentos contratuais, atrasos, sobrecustos ou varia\u00e7\u00f5es de \u00e2mbito em projetos energ\u00e9ticos. Avaliamos desvios or\u00e7amentais, <strong>valorizamos ativos e projetos<\/strong> (incluindo modelos DCF, PPA e an\u00e1lise de riscos) e acreditamos o impacto econ\u00f3mico de decis\u00f5es t\u00e9cnicas ou regulat\u00f3rias. O nosso objetivo \u00e9 <strong>traduzir dados t\u00e9cnicos e operacionais em conclus\u00f5es econ\u00f3micas claras<\/strong>, defens\u00e1veis e baseadas em metodologia robusta.  <\/h6>\n<h6><strong><\/strong><\/h6>\n<h6><strong>&nbsp;<\/strong><\/h6>\n<h6><strong>Avalia\u00e7\u00f5es<\/strong><br>Executamos avalia\u00e7\u00f5es de todo o tipo de empresas relacionadas com a energia, <strong>centrais fotovoltaicas, e\u00f3licas, hidr\u00e1ulicas e todas as n\u00e3o renov\u00e1veis, como nucleares, ciclo combinado, t\u00e9rmicas ou cogera\u00e7\u00e3o<\/strong>. Realizamos estas avalia\u00e7\u00f5es em <strong>qualquer fase de desenvolvimento da central<\/strong>, desde a sua conce\u00e7\u00e3o, antes de obter todas as licen\u00e7as, em situa\u00e7\u00e3o de in\u00edcio de obras, durante as obras e, finalmente, durante o seu funcionamento. <\/h6>\n<div><\/div>\n<div>\n<h6><strong><\/strong><\/h6>\n<h6><span style=\"font-weight: normal;\">As avalia\u00e7\u00f5es t\u00eam como objetivo transa\u00e7\u00f5es e\/ou justifica\u00e7\u00e3o do valor perante os <b>investidores ou auditores<\/b>.<\/span><strong>&nbsp;<\/strong><\/h6>\n<div><\/div>\n<div><\/div>\n<h6><strong>&nbsp;<\/strong><\/h6>\n<h6><strong>Transa\u00e7\u00f5es<\/strong><br>Em muitas ocasi\u00f5es, as avalia\u00e7\u00f5es d\u00e3o lugar a um processo de compra e venda. A martinsdelima <strong>acompanha a transa\u00e7\u00e3o at\u00e9 ao seu fecho<\/strong>, passando pela reda\u00e7\u00e3o da carta de inten\u00e7\u00f5es, &#8220;Due-Dilligence&#8221; e, finalmente, com os contratos de compra e venda. <\/h6>\n<\/div>\t\t\t\t\t\t\t\t<\/div>\n\t\t\t\t<\/div>\n\t\t\t\t<\/div>\n\t\t\t\t\t<\/div>\n\t\t\t\t<\/div>\n\t\t\t\t<\/div>\n\t\t","protected":false},"excerpt":{"rendered":"<p>Energia, Petr\u00f3leo e G\u00e1s O setor energ\u00e9tico abrange atividades t\u00e3o diversas como a gera\u00e7\u00e3o el\u00e9trica, as redes de transporte e distribui\u00e7\u00e3o, o g\u00e1s natural, os combust\u00edveis l\u00edquidos, as energias renov\u00e1veis, o hidrog\u00e9nio verde e outros vetores em transforma\u00e7\u00e3o. Para este conjunto de ind\u00fastrias, elaboramos relat\u00f3rios t\u00e9cnicos e econ\u00f3micos orientados especificamente [&hellip;]<\/p>\n","protected":false},"author":1,"featured_media":0,"parent":0,"menu_order":0,"comment_status":"closed","ping_status":"closed","template":"page-templates\/template-pagebuilder-full-width.php","meta":{"footnotes":""},"class_list":["post-10884","page","type-page","status-publish","hentry"],"yoast_head":"<!-- This site is optimized with the Yoast SEO plugin v26.4 - https:\/\/yoast.com\/wordpress\/plugins\/seo\/ -->\n<title>Setor da Energia - Martinsdelima<\/title>\n<meta name=\"robots\" content=\"index, follow, max-snippet:-1, max-image-preview:large, max-video-preview:-1\" \/>\n<link rel=\"canonical\" href=\"https:\/\/www.martinsdelima.com\/pt-pt\/setor-da-energia\/\" \/>\n<meta property=\"og:locale\" content=\"pt_PT\" \/>\n<meta property=\"og:type\" content=\"article\" \/>\n<meta property=\"og:title\" content=\"Setor da Energia - Martinsdelima\" \/>\n<meta property=\"og:description\" content=\"Energia, Petr\u00f3leo e G\u00e1s O setor energ\u00e9tico abrange atividades t\u00e3o diversas como a gera\u00e7\u00e3o el\u00e9trica, as redes de transporte e distribui\u00e7\u00e3o, o g\u00e1s natural, os combust\u00edveis l\u00edquidos, as energias renov\u00e1veis, o hidrog\u00e9nio verde e outros vetores em transforma\u00e7\u00e3o. Para este conjunto de ind\u00fastrias, elaboramos relat\u00f3rios t\u00e9cnicos e econ\u00f3micos orientados especificamente [&hellip;]\" \/>\n<meta property=\"og:url\" content=\"https:\/\/www.martinsdelima.com\/pt-pt\/setor-da-energia\/\" \/>\n<meta property=\"og:site_name\" content=\"Martinsdelima\" \/>\n<meta property=\"article:modified_time\" content=\"2026-02-12T09:53:44+00:00\" \/>\n<meta name=\"twitter:card\" content=\"summary_large_image\" \/>\n<meta name=\"twitter:label1\" content=\"Tempo estimado de leitura\" \/>\n\t<meta name=\"twitter:data1\" content=\"2 minutos\" \/>\n<script type=\"application\/ld+json\" class=\"yoast-schema-graph\">{\"@context\":\"https:\/\/schema.org\",\"@graph\":[{\"@type\":\"WebPage\",\"@id\":\"https:\/\/www.martinsdelima.com\/pt-pt\/setor-da-energia\/\",\"url\":\"https:\/\/www.martinsdelima.com\/pt-pt\/setor-da-energia\/\",\"name\":\"Setor da Energia - Martinsdelima\",\"isPartOf\":{\"@id\":\"https:\/\/www.martinsdelima.com\/pt-pt\/#website\"},\"datePublished\":\"2025-11-13T19:38:45+00:00\",\"dateModified\":\"2026-02-12T09:53:44+00:00\",\"breadcrumb\":{\"@id\":\"https:\/\/www.martinsdelima.com\/pt-pt\/setor-da-energia\/#breadcrumb\"},\"inLanguage\":\"pt-PT\",\"potentialAction\":[{\"@type\":\"ReadAction\",\"target\":[\"https:\/\/www.martinsdelima.com\/pt-pt\/setor-da-energia\/\"]}]},{\"@type\":\"BreadcrumbList\",\"@id\":\"https:\/\/www.martinsdelima.com\/pt-pt\/setor-da-energia\/#breadcrumb\",\"itemListElement\":[{\"@type\":\"ListItem\",\"position\":1,\"name\":\"P\u00e1gina inicial\",\"item\":\"https:\/\/www.martinsdelima.com\/pt-pt\/inicio\/\"},{\"@type\":\"ListItem\",\"position\":2,\"name\":\"Setor da Energia\"}]},{\"@type\":\"WebSite\",\"@id\":\"https:\/\/www.martinsdelima.com\/pt-pt\/#website\",\"url\":\"https:\/\/www.martinsdelima.com\/pt-pt\/\",\"name\":\"Martinsdelima\",\"description\":\"Forensic&amp;Finance\",\"publisher\":{\"@id\":\"https:\/\/www.martinsdelima.com\/pt-pt\/#organization\"},\"potentialAction\":[{\"@type\":\"SearchAction\",\"target\":{\"@type\":\"EntryPoint\",\"urlTemplate\":\"https:\/\/www.martinsdelima.com\/pt-pt\/?s={search_term_string}\"},\"query-input\":{\"@type\":\"PropertyValueSpecification\",\"valueRequired\":true,\"valueName\":\"search_term_string\"}}],\"inLanguage\":\"pt-PT\"},{\"@type\":\"Organization\",\"@id\":\"https:\/\/www.martinsdelima.com\/pt-pt\/#organization\",\"name\":\"Martinsdelima\",\"url\":\"https:\/\/www.martinsdelima.com\/pt-pt\/\",\"logo\":{\"@type\":\"ImageObject\",\"inLanguage\":\"pt-PT\",\"@id\":\"https:\/\/www.martinsdelima.com\/pt-pt\/#\/schema\/logo\/image\/\",\"url\":\"https:\/\/mligy6wbr5rs.i.optimole.com\/w:auto\/h:auto\/q:mauto\/f:best\/https:\/\/www.martinsdelima.com\/wp-content\/uploads\/2025\/10\/martinsdelima-letras-claras-horizontal.png\",\"contentUrl\":\"https:\/\/mligy6wbr5rs.i.optimole.com\/w:auto\/h:auto\/q:mauto\/f:best\/https:\/\/www.martinsdelima.com\/wp-content\/uploads\/2025\/10\/martinsdelima-letras-claras-horizontal.png\",\"width\":1315,\"height\":217,\"caption\":\"Martinsdelima\"},\"image\":{\"@id\":\"https:\/\/www.martinsdelima.com\/pt-pt\/#\/schema\/logo\/image\/\"}}]}<\/script>\n<!-- \/ Yoast SEO plugin. -->","yoast_head_json":{"title":"Setor da Energia - Martinsdelima","robots":{"index":"index","follow":"follow","max-snippet":"max-snippet:-1","max-image-preview":"max-image-preview:large","max-video-preview":"max-video-preview:-1"},"canonical":"https:\/\/www.martinsdelima.com\/pt-pt\/setor-da-energia\/","og_locale":"pt_PT","og_type":"article","og_title":"Setor da Energia - Martinsdelima","og_description":"Energia, Petr\u00f3leo e G\u00e1s O setor energ\u00e9tico abrange atividades t\u00e3o diversas como a gera\u00e7\u00e3o el\u00e9trica, as redes de transporte e distribui\u00e7\u00e3o, o g\u00e1s natural, os combust\u00edveis l\u00edquidos, as energias renov\u00e1veis, o hidrog\u00e9nio verde e outros vetores em transforma\u00e7\u00e3o. Para este conjunto de ind\u00fastrias, elaboramos relat\u00f3rios t\u00e9cnicos e econ\u00f3micos orientados especificamente [&hellip;]","og_url":"https:\/\/www.martinsdelima.com\/pt-pt\/setor-da-energia\/","og_site_name":"Martinsdelima","article_modified_time":"2026-02-12T09:53:44+00:00","twitter_card":"summary_large_image","twitter_misc":{"Tempo estimado de leitura":"2 minutos"},"schema":{"@context":"https:\/\/schema.org","@graph":[{"@type":"WebPage","@id":"https:\/\/www.martinsdelima.com\/pt-pt\/setor-da-energia\/","url":"https:\/\/www.martinsdelima.com\/pt-pt\/setor-da-energia\/","name":"Setor da Energia - Martinsdelima","isPartOf":{"@id":"https:\/\/www.martinsdelima.com\/pt-pt\/#website"},"datePublished":"2025-11-13T19:38:45+00:00","dateModified":"2026-02-12T09:53:44+00:00","breadcrumb":{"@id":"https:\/\/www.martinsdelima.com\/pt-pt\/setor-da-energia\/#breadcrumb"},"inLanguage":"pt-PT","potentialAction":[{"@type":"ReadAction","target":["https:\/\/www.martinsdelima.com\/pt-pt\/setor-da-energia\/"]}]},{"@type":"BreadcrumbList","@id":"https:\/\/www.martinsdelima.com\/pt-pt\/setor-da-energia\/#breadcrumb","itemListElement":[{"@type":"ListItem","position":1,"name":"P\u00e1gina inicial","item":"https:\/\/www.martinsdelima.com\/pt-pt\/inicio\/"},{"@type":"ListItem","position":2,"name":"Setor da Energia"}]},{"@type":"WebSite","@id":"https:\/\/www.martinsdelima.com\/pt-pt\/#website","url":"https:\/\/www.martinsdelima.com\/pt-pt\/","name":"Martinsdelima","description":"Forensic&amp;Finance","publisher":{"@id":"https:\/\/www.martinsdelima.com\/pt-pt\/#organization"},"potentialAction":[{"@type":"SearchAction","target":{"@type":"EntryPoint","urlTemplate":"https:\/\/www.martinsdelima.com\/pt-pt\/?s={search_term_string}"},"query-input":{"@type":"PropertyValueSpecification","valueRequired":true,"valueName":"search_term_string"}}],"inLanguage":"pt-PT"},{"@type":"Organization","@id":"https:\/\/www.martinsdelima.com\/pt-pt\/#organization","name":"Martinsdelima","url":"https:\/\/www.martinsdelima.com\/pt-pt\/","logo":{"@type":"ImageObject","inLanguage":"pt-PT","@id":"https:\/\/www.martinsdelima.com\/pt-pt\/#\/schema\/logo\/image\/","url":"https:\/\/mligy6wbr5rs.i.optimole.com\/w:auto\/h:auto\/q:mauto\/f:best\/https:\/\/www.martinsdelima.com\/wp-content\/uploads\/2025\/10\/martinsdelima-letras-claras-horizontal.png","contentUrl":"https:\/\/mligy6wbr5rs.i.optimole.com\/w:auto\/h:auto\/q:mauto\/f:best\/https:\/\/www.martinsdelima.com\/wp-content\/uploads\/2025\/10\/martinsdelima-letras-claras-horizontal.png","width":1315,"height":217,"caption":"Martinsdelima"},"image":{"@id":"https:\/\/www.martinsdelima.com\/pt-pt\/#\/schema\/logo\/image\/"}}]}},"_links":{"self":[{"href":"https:\/\/www.martinsdelima.com\/pt-pt\/wp-json\/wp\/v2\/pages\/10884","targetHints":{"allow":["GET"]}}],"collection":[{"href":"https:\/\/www.martinsdelima.com\/pt-pt\/wp-json\/wp\/v2\/pages"}],"about":[{"href":"https:\/\/www.martinsdelima.com\/pt-pt\/wp-json\/wp\/v2\/types\/page"}],"author":[{"embeddable":true,"href":"https:\/\/www.martinsdelima.com\/pt-pt\/wp-json\/wp\/v2\/users\/1"}],"replies":[{"embeddable":true,"href":"https:\/\/www.martinsdelima.com\/pt-pt\/wp-json\/wp\/v2\/comments?post=10884"}],"version-history":[{"count":2,"href":"https:\/\/www.martinsdelima.com\/pt-pt\/wp-json\/wp\/v2\/pages\/10884\/revisions"}],"predecessor-version":[{"id":11604,"href":"https:\/\/www.martinsdelima.com\/pt-pt\/wp-json\/wp\/v2\/pages\/10884\/revisions\/11604"}],"wp:attachment":[{"href":"https:\/\/www.martinsdelima.com\/pt-pt\/wp-json\/wp\/v2\/media?parent=10884"}],"curies":[{"name":"wp","href":"https:\/\/api.w.org\/{rel}","templated":true}]}}