{"id":10893,"date":"2025-11-13T19:36:04","date_gmt":"2025-11-13T19:36:04","guid":{"rendered":"https:\/\/www.martinsdelima.com\/setor-desporto\/"},"modified":"2026-02-12T10:38:20","modified_gmt":"2026-02-12T10:38:20","slug":"setor-desporto","status":"publish","type":"page","link":"https:\/\/www.martinsdelima.com\/pt-pt\/setor-desporto\/","title":{"rendered":"Setor Desporto"},"content":{"rendered":"\t\t<div data-elementor-type=\"wp-page\" data-elementor-id=\"10893\" class=\"elementor elementor-10893 elementor-5984\" data-elementor-post-type=\"page\">\n\t\t\t\t\t\t<section class=\"elementor-section elementor-top-section elementor-element elementor-element-5861a17 elementor-section-full_width elementor-section-stretched elementor-section-height-default elementor-section-height-default\" data-id=\"5861a17\" data-element_type=\"section\" data-settings=\"{&quot;stretch_section&quot;:&quot;section-stretched&quot;,&quot;background_background&quot;:&quot;classic&quot;}\">\n\t\t\t\t\t\t\t<div class=\"elementor-background-overlay\"><\/div>\n\t\t\t\t\t\t\t<div class=\"elementor-container elementor-column-gap-default\">\n\t\t\t\t\t<div class=\"elementor-column elementor-col-100 elementor-top-column elementor-element elementor-element-ea42bdb\" data-id=\"ea42bdb\" data-element_type=\"column\">\n\t\t\t<div class=\"elementor-widget-wrap elementor-element-populated\">\n\t\t\t\t\t\t<div class=\"elementor-element elementor-element-8924fce elementor-widget elementor-widget-heading\" data-id=\"8924fce\" data-element_type=\"widget\" data-widget_type=\"heading.default\">\n\t\t\t\t<div class=\"elementor-widget-container\">\n\t\t\t\t\t<h2 class=\"elementor-heading-title elementor-size-default\"><b>Desportos<\/b><\/h2>\t\t\t\t<\/div>\n\t\t\t\t<\/div>\n\t\t\t\t\t<\/div>\n\t\t<\/div>\n\t\t\t\t\t<\/div>\n\t\t<\/section>\n\t\t<div class=\"elementor-element elementor-element-71ed656 e-flex e-con-boxed e-con e-parent\" data-id=\"71ed656\" data-element_type=\"container\">\n\t\t\t\t\t<div class=\"e-con-inner\">\n\t\t<div class=\"elementor-element elementor-element-9596b5a e-con-full e-flex e-con e-child\" data-id=\"9596b5a\" data-element_type=\"container\">\n\t\t\t\t<div class=\"elementor-element elementor-element-ff671cf elementor-widget elementor-widget-text-editor\" data-id=\"ff671cf\" data-element_type=\"widget\" data-widget_type=\"text-editor.default\">\n\t\t\t\t<div class=\"elementor-widget-container\">\n\t\t\t\t\t\t\t\t\t<h6>O setor desportivo combina elementos econ\u00f3micos, contratuais e de desempenho que requerem uma abordagem distinta da de qualquer outra ind\u00fastria. Neste \u00e2mbito, analisamos modelos de explora\u00e7\u00e3o, estruturas de receitas, direitos audiovisuais e comerciais, bem como o enquadramento normativo das opera\u00e7\u00f5es de clubes, federa\u00e7\u00f5es e ligas. O nosso trabalho permite interpretar com precis\u00e3o a dimens\u00e3o econ\u00f3mica de decis\u00f5es estrat\u00e9gicas, disputas regulat\u00f3rias, desacordos contratuais ou processos arbitrais.  <\/h6><h6><\/h6><h6><\/h6><h6><\/h6><h6><strong> <\/strong><\/h6><h6><strong>Relat\u00f3rios periciais econ\u00f3micos<\/strong><\/h6><h6>Uma parte essencial da nossa atividade consiste em avaliar jogadores de primeira divis\u00e3o, estudar a imagem e marca tanto de desportistas como de entidades desportivas e examinar a situa\u00e7\u00e3o financeira de clubes em distintas divis\u00f5es. <\/h6><h6>Avaliamos como a posi\u00e7\u00e3o na competi\u00e7\u00e3o afeta o equil\u00edbrio econ\u00f3mico das organiza\u00e7\u00f5es e analisamos o desempenho de treinadores e jogadores comparando-o com os recursos empregados, os objetivos desportivos fixados e os padr\u00f5es do setor.<\/h6><h6><\/h6><h6><b><br><\/b><b>Relat\u00f3rios periciais de concorr\u00eancia<\/b><\/h6><h6>Colaboramos com clubes, organismos desportivos, promotores, patrocinadores e ag\u00eancias que necessitam de relat\u00f3rios independentes e altamente especializados. A experi\u00eancia em competi\u00e7\u00f5es profissionais, estruturas federativas e projetos institucionais permite-nos oferecer an\u00e1lises que combinam economia, t\u00e9cnica e desempenho num ambiente em permanente transforma\u00e7\u00e3o. <\/h6><div><h6>Realiz\u00e1mos estudos para avaliar o valor da transmiss\u00e3o da Liga ou da Liga dos Campe\u00f5es para empresas de meios audiovisuais.<\/h6><\/div><div><\/div><h6><strong> <\/strong><\/h6><h6><strong>Relat\u00f3rios periciais laborais<\/strong><br>Atualmente, os clubes desportivos devem cuidar do equil\u00edbrio econ\u00f3mico para poderem continuar e oferecer o melhor espet\u00e1culo aos seus seguidores. Por isso, em muitas ocasi\u00f5es, os clubes devem fazer reestrutura\u00e7\u00f5es e\/ou varia\u00e7\u00f5es na compensa\u00e7\u00e3o dos jogadores. A martinsdelima elabora relat\u00f3rios para cumprir esses objetivos.  <\/h6><div><h6><strong> <\/strong><\/h6><h6><strong>Avalia\u00e7\u00f5es<\/strong><\/h6><h6>Realizamos avalia\u00e7\u00f5es de jogadores tendo em conta, de forma exaustiva, todos os par\u00e2metros que influenciam a sua avalia\u00e7\u00e3o, jogadores de perfil similar e contrata\u00e7\u00f5es recentes.<\/h6><div><\/div><\/div>\t\t\t\t\t\t\t\t<\/div>\n\t\t\t\t<\/div>\n\t\t\t\t<\/div>\n\t\t\t\t\t<\/div>\n\t\t\t\t<\/div>\n\t\t\t\t<\/div>\n\t\t","protected":false},"excerpt":{"rendered":"<p>Desportos O setor desportivo combina elementos econ\u00f3micos, contratuais e de desempenho que requerem uma abordagem distinta da de qualquer outra ind\u00fastria. Neste \u00e2mbito, analisamos modelos de explora\u00e7\u00e3o, estruturas de receitas, direitos audiovisuais e comerciais, bem como o enquadramento normativo das opera\u00e7\u00f5es de clubes, federa\u00e7\u00f5es e ligas. O nosso trabalho permite [&hellip;]<\/p>\n","protected":false},"author":1,"featured_media":0,"parent":0,"menu_order":0,"comment_status":"closed","ping_status":"closed","template":"page-templates\/template-pagebuilder-full-width.php","meta":{"footnotes":""},"class_list":["post-10893","page","type-page","status-publish","hentry"],"yoast_head":"<!-- This site is optimized with the Yoast SEO plugin v26.4 - https:\/\/yoast.com\/wordpress\/plugins\/seo\/ -->\n<title>Setor Desporto - Martinsdelima<\/title>\n<meta name=\"robots\" content=\"index, follow, max-snippet:-1, max-image-preview:large, max-video-preview:-1\" \/>\n<link rel=\"canonical\" href=\"https:\/\/www.martinsdelima.com\/pt-pt\/setor-desporto\/\" \/>\n<meta property=\"og:locale\" content=\"pt_PT\" \/>\n<meta property=\"og:type\" content=\"article\" \/>\n<meta property=\"og:title\" content=\"Setor Desporto - Martinsdelima\" \/>\n<meta property=\"og:description\" content=\"Desportos O setor desportivo combina elementos econ\u00f3micos, contratuais e de desempenho que requerem uma abordagem distinta da de qualquer outra ind\u00fastria. Neste \u00e2mbito, analisamos modelos de explora\u00e7\u00e3o, estruturas de receitas, direitos audiovisuais e comerciais, bem como o enquadramento normativo das opera\u00e7\u00f5es de clubes, federa\u00e7\u00f5es e ligas. O nosso trabalho permite [&hellip;]\" \/>\n<meta property=\"og:url\" content=\"https:\/\/www.martinsdelima.com\/pt-pt\/setor-desporto\/\" \/>\n<meta property=\"og:site_name\" content=\"Martinsdelima\" \/>\n<meta property=\"article:modified_time\" content=\"2026-02-12T10:38:20+00:00\" \/>\n<meta name=\"twitter:card\" content=\"summary_large_image\" \/>\n<meta name=\"twitter:label1\" content=\"Tempo estimado de leitura\" \/>\n\t<meta name=\"twitter:data1\" content=\"2 minutos\" \/>\n<script type=\"application\/ld+json\" class=\"yoast-schema-graph\">{\"@context\":\"https:\/\/schema.org\",\"@graph\":[{\"@type\":\"WebPage\",\"@id\":\"https:\/\/www.martinsdelima.com\/pt-pt\/setor-desporto\/\",\"url\":\"https:\/\/www.martinsdelima.com\/pt-pt\/setor-desporto\/\",\"name\":\"Setor Desporto - Martinsdelima\",\"isPartOf\":{\"@id\":\"https:\/\/www.martinsdelima.com\/pt-pt\/#website\"},\"datePublished\":\"2025-11-13T19:36:04+00:00\",\"dateModified\":\"2026-02-12T10:38:20+00:00\",\"breadcrumb\":{\"@id\":\"https:\/\/www.martinsdelima.com\/pt-pt\/setor-desporto\/#breadcrumb\"},\"inLanguage\":\"pt-PT\",\"potentialAction\":[{\"@type\":\"ReadAction\",\"target\":[\"https:\/\/www.martinsdelima.com\/pt-pt\/setor-desporto\/\"]}]},{\"@type\":\"BreadcrumbList\",\"@id\":\"https:\/\/www.martinsdelima.com\/pt-pt\/setor-desporto\/#breadcrumb\",\"itemListElement\":[{\"@type\":\"ListItem\",\"position\":1,\"name\":\"P\u00e1gina inicial\",\"item\":\"https:\/\/www.martinsdelima.com\/pt-pt\/inicio\/\"},{\"@type\":\"ListItem\",\"position\":2,\"name\":\"Setor Desporto\"}]},{\"@type\":\"WebSite\",\"@id\":\"https:\/\/www.martinsdelima.com\/pt-pt\/#website\",\"url\":\"https:\/\/www.martinsdelima.com\/pt-pt\/\",\"name\":\"Martinsdelima\",\"description\":\"Forensic&amp;Finance\",\"publisher\":{\"@id\":\"https:\/\/www.martinsdelima.com\/pt-pt\/#organization\"},\"potentialAction\":[{\"@type\":\"SearchAction\",\"target\":{\"@type\":\"EntryPoint\",\"urlTemplate\":\"https:\/\/www.martinsdelima.com\/pt-pt\/?s={search_term_string}\"},\"query-input\":{\"@type\":\"PropertyValueSpecification\",\"valueRequired\":true,\"valueName\":\"search_term_string\"}}],\"inLanguage\":\"pt-PT\"},{\"@type\":\"Organization\",\"@id\":\"https:\/\/www.martinsdelima.com\/pt-pt\/#organization\",\"name\":\"Martinsdelima\",\"url\":\"https:\/\/www.martinsdelima.com\/pt-pt\/\",\"logo\":{\"@type\":\"ImageObject\",\"inLanguage\":\"pt-PT\",\"@id\":\"https:\/\/www.martinsdelima.com\/pt-pt\/#\/schema\/logo\/image\/\",\"url\":\"https:\/\/mligy6wbr5rs.i.optimole.com\/w:auto\/h:auto\/q:mauto\/f:best\/https:\/\/www.martinsdelima.com\/wp-content\/uploads\/2025\/10\/martinsdelima-letras-claras-horizontal.png\",\"contentUrl\":\"https:\/\/mligy6wbr5rs.i.optimole.com\/w:auto\/h:auto\/q:mauto\/f:best\/https:\/\/www.martinsdelima.com\/wp-content\/uploads\/2025\/10\/martinsdelima-letras-claras-horizontal.png\",\"width\":1315,\"height\":217,\"caption\":\"Martinsdelima\"},\"image\":{\"@id\":\"https:\/\/www.martinsdelima.com\/pt-pt\/#\/schema\/logo\/image\/\"}}]}<\/script>\n<!-- \/ Yoast SEO plugin. -->","yoast_head_json":{"title":"Setor Desporto - Martinsdelima","robots":{"index":"index","follow":"follow","max-snippet":"max-snippet:-1","max-image-preview":"max-image-preview:large","max-video-preview":"max-video-preview:-1"},"canonical":"https:\/\/www.martinsdelima.com\/pt-pt\/setor-desporto\/","og_locale":"pt_PT","og_type":"article","og_title":"Setor Desporto - Martinsdelima","og_description":"Desportos O setor desportivo combina elementos econ\u00f3micos, contratuais e de desempenho que requerem uma abordagem distinta da de qualquer outra ind\u00fastria. Neste \u00e2mbito, analisamos modelos de explora\u00e7\u00e3o, estruturas de receitas, direitos audiovisuais e comerciais, bem como o enquadramento normativo das opera\u00e7\u00f5es de clubes, federa\u00e7\u00f5es e ligas. O nosso trabalho permite [&hellip;]","og_url":"https:\/\/www.martinsdelima.com\/pt-pt\/setor-desporto\/","og_site_name":"Martinsdelima","article_modified_time":"2026-02-12T10:38:20+00:00","twitter_card":"summary_large_image","twitter_misc":{"Tempo estimado de leitura":"2 minutos"},"schema":{"@context":"https:\/\/schema.org","@graph":[{"@type":"WebPage","@id":"https:\/\/www.martinsdelima.com\/pt-pt\/setor-desporto\/","url":"https:\/\/www.martinsdelima.com\/pt-pt\/setor-desporto\/","name":"Setor Desporto - Martinsdelima","isPartOf":{"@id":"https:\/\/www.martinsdelima.com\/pt-pt\/#website"},"datePublished":"2025-11-13T19:36:04+00:00","dateModified":"2026-02-12T10:38:20+00:00","breadcrumb":{"@id":"https:\/\/www.martinsdelima.com\/pt-pt\/setor-desporto\/#breadcrumb"},"inLanguage":"pt-PT","potentialAction":[{"@type":"ReadAction","target":["https:\/\/www.martinsdelima.com\/pt-pt\/setor-desporto\/"]}]},{"@type":"BreadcrumbList","@id":"https:\/\/www.martinsdelima.com\/pt-pt\/setor-desporto\/#breadcrumb","itemListElement":[{"@type":"ListItem","position":1,"name":"P\u00e1gina inicial","item":"https:\/\/www.martinsdelima.com\/pt-pt\/inicio\/"},{"@type":"ListItem","position":2,"name":"Setor Desporto"}]},{"@type":"WebSite","@id":"https:\/\/www.martinsdelima.com\/pt-pt\/#website","url":"https:\/\/www.martinsdelima.com\/pt-pt\/","name":"Martinsdelima","description":"Forensic&amp;Finance","publisher":{"@id":"https:\/\/www.martinsdelima.com\/pt-pt\/#organization"},"potentialAction":[{"@type":"SearchAction","target":{"@type":"EntryPoint","urlTemplate":"https:\/\/www.martinsdelima.com\/pt-pt\/?s={search_term_string}"},"query-input":{"@type":"PropertyValueSpecification","valueRequired":true,"valueName":"search_term_string"}}],"inLanguage":"pt-PT"},{"@type":"Organization","@id":"https:\/\/www.martinsdelima.com\/pt-pt\/#organization","name":"Martinsdelima","url":"https:\/\/www.martinsdelima.com\/pt-pt\/","logo":{"@type":"ImageObject","inLanguage":"pt-PT","@id":"https:\/\/www.martinsdelima.com\/pt-pt\/#\/schema\/logo\/image\/","url":"https:\/\/mligy6wbr5rs.i.optimole.com\/w:auto\/h:auto\/q:mauto\/f:best\/https:\/\/www.martinsdelima.com\/wp-content\/uploads\/2025\/10\/martinsdelima-letras-claras-horizontal.png","contentUrl":"https:\/\/mligy6wbr5rs.i.optimole.com\/w:auto\/h:auto\/q:mauto\/f:best\/https:\/\/www.martinsdelima.com\/wp-content\/uploads\/2025\/10\/martinsdelima-letras-claras-horizontal.png","width":1315,"height":217,"caption":"Martinsdelima"},"image":{"@id":"https:\/\/www.martinsdelima.com\/pt-pt\/#\/schema\/logo\/image\/"}}]}},"_links":{"self":[{"href":"https:\/\/www.martinsdelima.com\/pt-pt\/wp-json\/wp\/v2\/pages\/10893","targetHints":{"allow":["GET"]}}],"collection":[{"href":"https:\/\/www.martinsdelima.com\/pt-pt\/wp-json\/wp\/v2\/pages"}],"about":[{"href":"https:\/\/www.martinsdelima.com\/pt-pt\/wp-json\/wp\/v2\/types\/page"}],"author":[{"embeddable":true,"href":"https:\/\/www.martinsdelima.com\/pt-pt\/wp-json\/wp\/v2\/users\/1"}],"replies":[{"embeddable":true,"href":"https:\/\/www.martinsdelima.com\/pt-pt\/wp-json\/wp\/v2\/comments?post=10893"}],"version-history":[{"count":2,"href":"https:\/\/www.martinsdelima.com\/pt-pt\/wp-json\/wp\/v2\/pages\/10893\/revisions"}],"predecessor-version":[{"id":11731,"href":"https:\/\/www.martinsdelima.com\/pt-pt\/wp-json\/wp\/v2\/pages\/10893\/revisions\/11731"}],"wp:attachment":[{"href":"https:\/\/www.martinsdelima.com\/pt-pt\/wp-json\/wp\/v2\/media?parent=10893"}],"curies":[{"name":"wp","href":"https:\/\/api.w.org\/{rel}","templated":true}]}}