{"id":10905,"date":"2025-11-20T17:59:04","date_gmt":"2025-11-20T17:59:04","guid":{"rendered":"https:\/\/www.martinsdelima.com\/setor-informatica\/"},"modified":"2026-02-12T10:46:21","modified_gmt":"2026-02-12T10:46:21","slug":"setor-informatica","status":"publish","type":"page","link":"https:\/\/www.martinsdelima.com\/pt-pt\/setor-informatica\/","title":{"rendered":"Setor Inform\u00e1tica"},"content":{"rendered":"\t\t<div data-elementor-type=\"wp-page\" data-elementor-id=\"10905\" class=\"elementor elementor-10905 elementor-5982\" data-elementor-post-type=\"page\">\n\t\t\t\t\t\t<section class=\"elementor-section elementor-top-section elementor-element elementor-element-5861a17 elementor-section-full_width elementor-section-stretched elementor-section-height-default elementor-section-height-default\" data-id=\"5861a17\" data-element_type=\"section\" data-settings=\"{&quot;stretch_section&quot;:&quot;section-stretched&quot;,&quot;background_background&quot;:&quot;classic&quot;}\">\n\t\t\t\t\t\t\t<div class=\"elementor-background-overlay\"><\/div>\n\t\t\t\t\t\t\t<div class=\"elementor-container elementor-column-gap-default\">\n\t\t\t\t\t<div class=\"elementor-column elementor-col-100 elementor-top-column elementor-element elementor-element-ea42bdb\" data-id=\"ea42bdb\" data-element_type=\"column\">\n\t\t\t<div class=\"elementor-widget-wrap elementor-element-populated\">\n\t\t\t\t\t\t<div class=\"elementor-element elementor-element-8924fce elementor-widget elementor-widget-heading\" data-id=\"8924fce\" data-element_type=\"widget\" data-widget_type=\"heading.default\">\n\t\t\t\t<div class=\"elementor-widget-container\">\n\t\t\t\t\t<h2 class=\"elementor-heading-title elementor-size-default\">Inform\u00e1tica<\/h2>\t\t\t\t<\/div>\n\t\t\t\t<\/div>\n\t\t\t\t\t<\/div>\n\t\t<\/div>\n\t\t\t\t\t<\/div>\n\t\t<\/section>\n\t\t<div class=\"elementor-element elementor-element-7469000 e-flex e-con-boxed e-con e-parent\" data-id=\"7469000\" data-element_type=\"container\">\n\t\t\t\t\t<div class=\"e-con-inner\">\n\t\t<div class=\"elementor-element elementor-element-4404da7 e-con-full e-flex e-con e-child\" data-id=\"4404da7\" data-element_type=\"container\">\n\t\t\t\t<div class=\"elementor-element elementor-element-d53b9d3 elementor-widget elementor-widget-text-editor\" data-id=\"d53b9d3\" data-element_type=\"widget\" data-widget_type=\"text-editor.default\">\n\t\t\t\t<div class=\"elementor-widget-container\">\n\t\t\t\t\t\t\t\t\t<h6>O setor inform\u00e1tico abrange desde <strong>infraestruturas cr\u00edticas e plataformas digitais at\u00e9 servi\u00e7os de software, integra\u00e7\u00e3o de sistemas e opera\u00e7\u00f5es de IT em grande escala<\/strong>. \u00c9 um \u00e2mbito em constante evolu\u00e7\u00e3o, onde os ativos digitais, a seguran\u00e7a da informa\u00e7\u00e3o, a continuidade de neg\u00f3cio e a fiabilidade dos sistemas inform\u00e1ticos s\u00e3o essenciais para o funcionamento das organiza\u00e7\u00f5es. <\/h6><h6>Na martinsdelima, contamos com uma \u00e1rea inform\u00e1tica especializada que combina <strong>an\u00e1lise forense digital, avalia\u00e7\u00e3o t\u00e9cnica e estudos econ\u00f3mico-financeiros de sistemas e ativos tecnol\u00f3gicos<\/strong>.<\/h6><h6><strong> <\/strong><\/h6><h6><strong>Relat\u00f3rios Periciais T\u00e9cnicos Inform\u00e1ticos<\/strong><\/h6><h6>Realizamos an\u00e1lises periciais de evid\u00eancias digitais para esclarecer factos controversos, reconstruir incidentes e determinar a <strong>autenticidade, integridade e rastreabilidade da informa\u00e7\u00e3o<\/strong>. Examinamos <strong>correios eletr\u00f3nicos, mensagens, metadados, dispositivos m\u00f3veis<\/strong>, equipamentos inform\u00e1ticos e s\u00edtios Web, acreditando a validade probat\u00f3ria e garantindo a cadeia de cust\u00f3dia. Os nossos relat\u00f3rios permitem identificar manipula\u00e7\u00f5es, atribuir autorias, verificar acessos e documentar de forma precisa incidentes tecnol\u00f3gicos ou disputas contratuais.  <\/h6><h6><strong> <\/strong><\/h6><h6><strong>Relat\u00f3rios Periciais T\u00e9cnico-Econ\u00f3micos<\/strong><\/h6><h6>Elaboramos estudos independentes sobre o funcionamento de sistemas, a qualidade do software e a robustez dos processos digitais, bem como avalia\u00e7\u00f5es do <strong>impacto econ\u00f3mico derivado de falhas tecnol\u00f3gicas, interrup\u00e7\u00f5es do servi\u00e7o, incidentes operacionais, incumprimentos contratuais, falhas da nuvem ou defeitos no desenvolvimento ou integra\u00e7\u00e3o de plataformas<\/strong>. Estas an\u00e1lises combinam crit\u00e9rios t\u00e9cnicos e financeiros para determinar o alcance real dos danos e a sua repercuss\u00e3o na atividade. <\/h6>\t\t\t\t\t\t\t\t<\/div>\n\t\t\t\t<\/div>\n\t\t\t\t<\/div>\n\t\t\t\t\t<\/div>\n\t\t\t\t<\/div>\n\t\t\t\t<\/div>\n\t\t","protected":false},"excerpt":{"rendered":"<p>Inform\u00e1tica O setor inform\u00e1tico abrange desde infraestruturas cr\u00edticas e plataformas digitais at\u00e9 servi\u00e7os de software, integra\u00e7\u00e3o de sistemas e opera\u00e7\u00f5es de IT em grande escala. \u00c9 um \u00e2mbito em constante evolu\u00e7\u00e3o, onde os ativos digitais, a seguran\u00e7a da informa\u00e7\u00e3o, a continuidade de neg\u00f3cio e a fiabilidade dos sistemas inform\u00e1ticos s\u00e3o [&hellip;]<\/p>\n","protected":false},"author":1,"featured_media":0,"parent":0,"menu_order":0,"comment_status":"closed","ping_status":"closed","template":"page-templates\/template-pagebuilder-full-width.php","meta":{"footnotes":""},"class_list":["post-10905","page","type-page","status-publish","hentry"],"yoast_head":"<!-- This site is optimized with the Yoast SEO plugin v26.4 - https:\/\/yoast.com\/wordpress\/plugins\/seo\/ -->\n<title>Setor Inform\u00e1tica - Martinsdelima<\/title>\n<meta name=\"robots\" content=\"index, follow, max-snippet:-1, max-image-preview:large, max-video-preview:-1\" \/>\n<link rel=\"canonical\" href=\"https:\/\/www.martinsdelima.com\/pt-pt\/setor-informatica\/\" \/>\n<meta property=\"og:locale\" content=\"pt_PT\" \/>\n<meta property=\"og:type\" content=\"article\" \/>\n<meta property=\"og:title\" content=\"Setor Inform\u00e1tica - Martinsdelima\" \/>\n<meta property=\"og:description\" content=\"Inform\u00e1tica O setor inform\u00e1tico abrange desde infraestruturas cr\u00edticas e plataformas digitais at\u00e9 servi\u00e7os de software, integra\u00e7\u00e3o de sistemas e opera\u00e7\u00f5es de IT em grande escala. \u00c9 um \u00e2mbito em constante evolu\u00e7\u00e3o, onde os ativos digitais, a seguran\u00e7a da informa\u00e7\u00e3o, a continuidade de neg\u00f3cio e a fiabilidade dos sistemas inform\u00e1ticos s\u00e3o [&hellip;]\" \/>\n<meta property=\"og:url\" content=\"https:\/\/www.martinsdelima.com\/pt-pt\/setor-informatica\/\" \/>\n<meta property=\"og:site_name\" content=\"Martinsdelima\" \/>\n<meta property=\"article:modified_time\" content=\"2026-02-12T10:46:21+00:00\" \/>\n<meta name=\"twitter:card\" content=\"summary_large_image\" \/>\n<meta name=\"twitter:label1\" content=\"Tempo estimado de leitura\" \/>\n\t<meta name=\"twitter:data1\" content=\"1 minuto\" \/>\n<script type=\"application\/ld+json\" class=\"yoast-schema-graph\">{\"@context\":\"https:\/\/schema.org\",\"@graph\":[{\"@type\":\"WebPage\",\"@id\":\"https:\/\/www.martinsdelima.com\/pt-pt\/setor-informatica\/\",\"url\":\"https:\/\/www.martinsdelima.com\/pt-pt\/setor-informatica\/\",\"name\":\"Setor Inform\u00e1tica - Martinsdelima\",\"isPartOf\":{\"@id\":\"https:\/\/www.martinsdelima.com\/pt-pt\/#website\"},\"datePublished\":\"2025-11-20T17:59:04+00:00\",\"dateModified\":\"2026-02-12T10:46:21+00:00\",\"breadcrumb\":{\"@id\":\"https:\/\/www.martinsdelima.com\/pt-pt\/setor-informatica\/#breadcrumb\"},\"inLanguage\":\"pt-PT\",\"potentialAction\":[{\"@type\":\"ReadAction\",\"target\":[\"https:\/\/www.martinsdelima.com\/pt-pt\/setor-informatica\/\"]}]},{\"@type\":\"BreadcrumbList\",\"@id\":\"https:\/\/www.martinsdelima.com\/pt-pt\/setor-informatica\/#breadcrumb\",\"itemListElement\":[{\"@type\":\"ListItem\",\"position\":1,\"name\":\"P\u00e1gina inicial\",\"item\":\"https:\/\/www.martinsdelima.com\/pt-pt\/inicio\/\"},{\"@type\":\"ListItem\",\"position\":2,\"name\":\"Setor Inform\u00e1tica\"}]},{\"@type\":\"WebSite\",\"@id\":\"https:\/\/www.martinsdelima.com\/pt-pt\/#website\",\"url\":\"https:\/\/www.martinsdelima.com\/pt-pt\/\",\"name\":\"Martinsdelima\",\"description\":\"Forensic&amp;Finance\",\"publisher\":{\"@id\":\"https:\/\/www.martinsdelima.com\/pt-pt\/#organization\"},\"potentialAction\":[{\"@type\":\"SearchAction\",\"target\":{\"@type\":\"EntryPoint\",\"urlTemplate\":\"https:\/\/www.martinsdelima.com\/pt-pt\/?s={search_term_string}\"},\"query-input\":{\"@type\":\"PropertyValueSpecification\",\"valueRequired\":true,\"valueName\":\"search_term_string\"}}],\"inLanguage\":\"pt-PT\"},{\"@type\":\"Organization\",\"@id\":\"https:\/\/www.martinsdelima.com\/pt-pt\/#organization\",\"name\":\"Martinsdelima\",\"url\":\"https:\/\/www.martinsdelima.com\/pt-pt\/\",\"logo\":{\"@type\":\"ImageObject\",\"inLanguage\":\"pt-PT\",\"@id\":\"https:\/\/www.martinsdelima.com\/pt-pt\/#\/schema\/logo\/image\/\",\"url\":\"https:\/\/mligy6wbr5rs.i.optimole.com\/w:auto\/h:auto\/q:mauto\/f:best\/https:\/\/www.martinsdelima.com\/wp-content\/uploads\/2025\/10\/martinsdelima-letras-claras-horizontal.png\",\"contentUrl\":\"https:\/\/mligy6wbr5rs.i.optimole.com\/w:auto\/h:auto\/q:mauto\/f:best\/https:\/\/www.martinsdelima.com\/wp-content\/uploads\/2025\/10\/martinsdelima-letras-claras-horizontal.png\",\"width\":1315,\"height\":217,\"caption\":\"Martinsdelima\"},\"image\":{\"@id\":\"https:\/\/www.martinsdelima.com\/pt-pt\/#\/schema\/logo\/image\/\"}}]}<\/script>\n<!-- \/ Yoast SEO plugin. -->","yoast_head_json":{"title":"Setor Inform\u00e1tica - Martinsdelima","robots":{"index":"index","follow":"follow","max-snippet":"max-snippet:-1","max-image-preview":"max-image-preview:large","max-video-preview":"max-video-preview:-1"},"canonical":"https:\/\/www.martinsdelima.com\/pt-pt\/setor-informatica\/","og_locale":"pt_PT","og_type":"article","og_title":"Setor Inform\u00e1tica - Martinsdelima","og_description":"Inform\u00e1tica O setor inform\u00e1tico abrange desde infraestruturas cr\u00edticas e plataformas digitais at\u00e9 servi\u00e7os de software, integra\u00e7\u00e3o de sistemas e opera\u00e7\u00f5es de IT em grande escala. \u00c9 um \u00e2mbito em constante evolu\u00e7\u00e3o, onde os ativos digitais, a seguran\u00e7a da informa\u00e7\u00e3o, a continuidade de neg\u00f3cio e a fiabilidade dos sistemas inform\u00e1ticos s\u00e3o [&hellip;]","og_url":"https:\/\/www.martinsdelima.com\/pt-pt\/setor-informatica\/","og_site_name":"Martinsdelima","article_modified_time":"2026-02-12T10:46:21+00:00","twitter_card":"summary_large_image","twitter_misc":{"Tempo estimado de leitura":"1 minuto"},"schema":{"@context":"https:\/\/schema.org","@graph":[{"@type":"WebPage","@id":"https:\/\/www.martinsdelima.com\/pt-pt\/setor-informatica\/","url":"https:\/\/www.martinsdelima.com\/pt-pt\/setor-informatica\/","name":"Setor Inform\u00e1tica - Martinsdelima","isPartOf":{"@id":"https:\/\/www.martinsdelima.com\/pt-pt\/#website"},"datePublished":"2025-11-20T17:59:04+00:00","dateModified":"2026-02-12T10:46:21+00:00","breadcrumb":{"@id":"https:\/\/www.martinsdelima.com\/pt-pt\/setor-informatica\/#breadcrumb"},"inLanguage":"pt-PT","potentialAction":[{"@type":"ReadAction","target":["https:\/\/www.martinsdelima.com\/pt-pt\/setor-informatica\/"]}]},{"@type":"BreadcrumbList","@id":"https:\/\/www.martinsdelima.com\/pt-pt\/setor-informatica\/#breadcrumb","itemListElement":[{"@type":"ListItem","position":1,"name":"P\u00e1gina inicial","item":"https:\/\/www.martinsdelima.com\/pt-pt\/inicio\/"},{"@type":"ListItem","position":2,"name":"Setor Inform\u00e1tica"}]},{"@type":"WebSite","@id":"https:\/\/www.martinsdelima.com\/pt-pt\/#website","url":"https:\/\/www.martinsdelima.com\/pt-pt\/","name":"Martinsdelima","description":"Forensic&amp;Finance","publisher":{"@id":"https:\/\/www.martinsdelima.com\/pt-pt\/#organization"},"potentialAction":[{"@type":"SearchAction","target":{"@type":"EntryPoint","urlTemplate":"https:\/\/www.martinsdelima.com\/pt-pt\/?s={search_term_string}"},"query-input":{"@type":"PropertyValueSpecification","valueRequired":true,"valueName":"search_term_string"}}],"inLanguage":"pt-PT"},{"@type":"Organization","@id":"https:\/\/www.martinsdelima.com\/pt-pt\/#organization","name":"Martinsdelima","url":"https:\/\/www.martinsdelima.com\/pt-pt\/","logo":{"@type":"ImageObject","inLanguage":"pt-PT","@id":"https:\/\/www.martinsdelima.com\/pt-pt\/#\/schema\/logo\/image\/","url":"https:\/\/mligy6wbr5rs.i.optimole.com\/w:auto\/h:auto\/q:mauto\/f:best\/https:\/\/www.martinsdelima.com\/wp-content\/uploads\/2025\/10\/martinsdelima-letras-claras-horizontal.png","contentUrl":"https:\/\/mligy6wbr5rs.i.optimole.com\/w:auto\/h:auto\/q:mauto\/f:best\/https:\/\/www.martinsdelima.com\/wp-content\/uploads\/2025\/10\/martinsdelima-letras-claras-horizontal.png","width":1315,"height":217,"caption":"Martinsdelima"},"image":{"@id":"https:\/\/www.martinsdelima.com\/pt-pt\/#\/schema\/logo\/image\/"}}]}},"_links":{"self":[{"href":"https:\/\/www.martinsdelima.com\/pt-pt\/wp-json\/wp\/v2\/pages\/10905","targetHints":{"allow":["GET"]}}],"collection":[{"href":"https:\/\/www.martinsdelima.com\/pt-pt\/wp-json\/wp\/v2\/pages"}],"about":[{"href":"https:\/\/www.martinsdelima.com\/pt-pt\/wp-json\/wp\/v2\/types\/page"}],"author":[{"embeddable":true,"href":"https:\/\/www.martinsdelima.com\/pt-pt\/wp-json\/wp\/v2\/users\/1"}],"replies":[{"embeddable":true,"href":"https:\/\/www.martinsdelima.com\/pt-pt\/wp-json\/wp\/v2\/comments?post=10905"}],"version-history":[{"count":2,"href":"https:\/\/www.martinsdelima.com\/pt-pt\/wp-json\/wp\/v2\/pages\/10905\/revisions"}],"predecessor-version":[{"id":11769,"href":"https:\/\/www.martinsdelima.com\/pt-pt\/wp-json\/wp\/v2\/pages\/10905\/revisions\/11769"}],"wp:attachment":[{"href":"https:\/\/www.martinsdelima.com\/pt-pt\/wp-json\/wp\/v2\/media?parent=10905"}],"curies":[{"name":"wp","href":"https:\/\/api.w.org\/{rel}","templated":true}]}}