{"id":10910,"date":"2025-11-20T17:59:18","date_gmt":"2025-11-20T17:59:18","guid":{"rendered":"https:\/\/www.martinsdelima.com\/setor-imobiliario\/"},"modified":"2026-02-12T10:45:19","modified_gmt":"2026-02-12T10:45:19","slug":"setor-imobiliario","status":"publish","type":"page","link":"https:\/\/www.martinsdelima.com\/pt-pt\/setor-imobiliario\/","title":{"rendered":"Setor Imobili\u00e1rio"},"content":{"rendered":"\t\t<div data-elementor-type=\"wp-page\" data-elementor-id=\"10910\" class=\"elementor elementor-10910 elementor-5986\" data-elementor-post-type=\"page\">\n\t\t\t\t\t\t<section class=\"elementor-section elementor-top-section elementor-element elementor-element-5861a17 elementor-section-full_width elementor-section-stretched elementor-section-height-default elementor-section-height-default\" data-id=\"5861a17\" data-element_type=\"section\" data-settings=\"{&quot;stretch_section&quot;:&quot;section-stretched&quot;,&quot;background_background&quot;:&quot;classic&quot;}\">\n\t\t\t\t\t\t\t<div class=\"elementor-background-overlay\"><\/div>\n\t\t\t\t\t\t\t<div class=\"elementor-container elementor-column-gap-default\">\n\t\t\t\t\t<div class=\"elementor-column elementor-col-100 elementor-top-column elementor-element elementor-element-ea42bdb\" data-id=\"ea42bdb\" data-element_type=\"column\">\n\t\t\t<div class=\"elementor-widget-wrap elementor-element-populated\">\n\t\t\t\t\t\t<div class=\"elementor-element elementor-element-8924fce elementor-widget elementor-widget-heading\" data-id=\"8924fce\" data-element_type=\"widget\" data-widget_type=\"heading.default\">\n\t\t\t\t<div class=\"elementor-widget-container\">\n\t\t\t\t\t<h2 class=\"elementor-heading-title elementor-size-default\"><b>Imobili\u00e1rio<\/b><\/h2>\t\t\t\t<\/div>\n\t\t\t\t<\/div>\n\t\t\t\t\t<\/div>\n\t\t<\/div>\n\t\t\t\t\t<\/div>\n\t\t<\/section>\n\t\t<div class=\"elementor-element elementor-element-f9d73ba e-flex e-con-boxed e-con e-parent\" data-id=\"f9d73ba\" data-element_type=\"container\">\n\t\t\t\t\t<div class=\"e-con-inner\">\n\t\t<div class=\"elementor-element elementor-element-da85702 e-con-full e-flex e-con e-child\" data-id=\"da85702\" data-element_type=\"container\">\n\t\t\t\t<div class=\"elementor-element elementor-element-9061372 elementor-widget elementor-widget-text-editor\" data-id=\"9061372\" data-element_type=\"widget\" data-widget_type=\"text-editor.default\">\n\t\t\t\t<div class=\"elementor-widget-container\">\n\t\t\t\t\t\t\t\t\t<h6>O trabalho da martinsdelima no setor <strong>imobili\u00e1rio<\/strong> centra-se na <strong>an\u00e1lise t\u00e9cnico-econ\u00f3mica de ativos, contratos e opera\u00e7\u00f5es<\/strong> que requerem uma avalia\u00e7\u00e3o independente rigorosa.<\/h6><h6>Este trabalho combina verifica\u00e7\u00e3o documental, an\u00e1lise t\u00e9cnica, revis\u00e3o financeira e modeliza\u00e7\u00e3o econ\u00f3mica para apresentar conclus\u00f5es s\u00f3lidas e defens\u00e1veis em contextos de <strong>lit\u00edgio, arbitragem, negocia\u00e7\u00e3o, auditoria interna ou tomada de decis\u00f5es estrat\u00e9gicas<\/strong>. <\/h6><h6>A nossa experi\u00eancia abrange desde contratos de <strong>arrendamento, sales &amp; lease back e adequa\u00e7\u00e3o de espa\u00e7os comerciais<\/strong> at\u00e9 desenvolvimentos residenciais, espa\u00e7os de <em>coworking<\/em>, instala\u00e7\u00f5es desportivas, estruturas SPV de promo\u00e7\u00e3o, centros log\u00edsticos e carteiras geridas por servicers.<\/h6><h6><strong> <\/strong><\/h6><h6><strong>Relat\u00f3rios periciais t\u00e9cnicos<\/strong><\/h6><h6>No \u00e2mbito t\u00e9cnico, avaliamos a adequa\u00e7\u00e3o t\u00e9cnica de espa\u00e7os, escrit\u00f3rios, centros desportivos, edif\u00edcios em reabilita\u00e7\u00e3o e projetos em curso, revendo documenta\u00e7\u00e3o t\u00e9cnica, or\u00e7amentos, certifica\u00e7\u00f5es, cronogramas e cumprimento das normas exig\u00edveis.<\/h6><h6>Contrastamos o executado com o contratado, identificamos desvios construtivos e examinamos se o im\u00f3vel re\u00fane as condi\u00e7\u00f5es necess\u00e1rias para a sua utiliza\u00e7\u00e3o, arrendamento ou explora\u00e7\u00e3o.<\/h6><h6><strong> <\/strong><\/h6><h6><strong>Relat\u00f3rios periciais econ\u00f3micos<\/strong><\/h6><h6>No \u00e2mbito econ\u00f3mico-financeiro, realizamos <strong>an\u00e1lises detalhadas de investimentos, planos de neg\u00f3cios, rentabilidades esperadas e desvios face \u00e0s previs\u00f5es.<\/strong><\/h6><h6>Valorizamos ativos e projetos atrav\u00e9s de metodologias DCF, modelos de receitas, an\u00e1lises comparativas e revis\u00e3o de m\u00e9tricas do setor.<\/h6><h6>Quantificamos danos derivados de <strong>atrasos em obras, cancelamento de projetos, perdas de clientes, falhas de adequa\u00e7\u00e3o do im\u00f3vel<\/strong>, <strong>altera\u00e7\u00f5es nas condi\u00e7\u00f5es de explora\u00e7\u00e3o ou incumprimentos contratuais<\/strong>.<\/h6><h6>Tamb\u00e9m avaliamos a coer\u00eancia entre as previs\u00f5es de explora\u00e7\u00e3o e o comportamento real do ativo, verificamos c\u00e1lculos de <em>earn-outs<\/em>, estudamos carteiras imobili\u00e1rias e revemos a rentabilidade de promo\u00e7\u00f5es, portf\u00f3lios ou linhas de neg\u00f3cio vinculadas \u00e0 gest\u00e3o imobili\u00e1ria.<\/h6>\t\t\t\t\t\t\t\t<\/div>\n\t\t\t\t<\/div>\n\t\t\t\t<\/div>\n\t\t\t\t\t<\/div>\n\t\t\t\t<\/div>\n\t\t\t\t<\/div>\n\t\t","protected":false},"excerpt":{"rendered":"<p>Imobili\u00e1rio O trabalho da martinsdelima no setor imobili\u00e1rio centra-se na an\u00e1lise t\u00e9cnico-econ\u00f3mica de ativos, contratos e opera\u00e7\u00f5es que requerem uma avalia\u00e7\u00e3o independente rigorosa. Este trabalho combina verifica\u00e7\u00e3o documental, an\u00e1lise t\u00e9cnica, revis\u00e3o financeira e modeliza\u00e7\u00e3o econ\u00f3mica para apresentar conclus\u00f5es s\u00f3lidas e defens\u00e1veis em contextos de lit\u00edgio, arbitragem, negocia\u00e7\u00e3o, auditoria interna ou [&hellip;]<\/p>\n","protected":false},"author":1,"featured_media":0,"parent":0,"menu_order":0,"comment_status":"closed","ping_status":"closed","template":"page-templates\/template-pagebuilder-full-width.php","meta":{"footnotes":""},"class_list":["post-10910","page","type-page","status-publish","hentry"],"yoast_head":"<!-- This site is optimized with the Yoast SEO plugin v26.4 - https:\/\/yoast.com\/wordpress\/plugins\/seo\/ -->\n<title>Setor Imobili\u00e1rio - Martinsdelima<\/title>\n<meta name=\"robots\" content=\"index, follow, max-snippet:-1, max-image-preview:large, max-video-preview:-1\" \/>\n<link rel=\"canonical\" href=\"https:\/\/www.martinsdelima.com\/pt-pt\/setor-imobiliario\/\" \/>\n<meta property=\"og:locale\" content=\"pt_PT\" \/>\n<meta property=\"og:type\" content=\"article\" \/>\n<meta property=\"og:title\" content=\"Setor Imobili\u00e1rio - Martinsdelima\" \/>\n<meta property=\"og:description\" content=\"Imobili\u00e1rio O trabalho da martinsdelima no setor imobili\u00e1rio centra-se na an\u00e1lise t\u00e9cnico-econ\u00f3mica de ativos, contratos e opera\u00e7\u00f5es que requerem uma avalia\u00e7\u00e3o independente rigorosa. Este trabalho combina verifica\u00e7\u00e3o documental, an\u00e1lise t\u00e9cnica, revis\u00e3o financeira e modeliza\u00e7\u00e3o econ\u00f3mica para apresentar conclus\u00f5es s\u00f3lidas e defens\u00e1veis em contextos de lit\u00edgio, arbitragem, negocia\u00e7\u00e3o, auditoria interna ou [&hellip;]\" \/>\n<meta property=\"og:url\" content=\"https:\/\/www.martinsdelima.com\/pt-pt\/setor-imobiliario\/\" \/>\n<meta property=\"og:site_name\" content=\"Martinsdelima\" \/>\n<meta property=\"article:modified_time\" content=\"2026-02-12T10:45:19+00:00\" \/>\n<meta name=\"twitter:card\" content=\"summary_large_image\" \/>\n<meta name=\"twitter:label1\" content=\"Tempo estimado de leitura\" \/>\n\t<meta name=\"twitter:data1\" content=\"2 minutos\" \/>\n<script type=\"application\/ld+json\" class=\"yoast-schema-graph\">{\"@context\":\"https:\/\/schema.org\",\"@graph\":[{\"@type\":\"WebPage\",\"@id\":\"https:\/\/www.martinsdelima.com\/pt-pt\/setor-imobiliario\/\",\"url\":\"https:\/\/www.martinsdelima.com\/pt-pt\/setor-imobiliario\/\",\"name\":\"Setor Imobili\u00e1rio - Martinsdelima\",\"isPartOf\":{\"@id\":\"https:\/\/www.martinsdelima.com\/pt-pt\/#website\"},\"datePublished\":\"2025-11-20T17:59:18+00:00\",\"dateModified\":\"2026-02-12T10:45:19+00:00\",\"breadcrumb\":{\"@id\":\"https:\/\/www.martinsdelima.com\/pt-pt\/setor-imobiliario\/#breadcrumb\"},\"inLanguage\":\"pt-PT\",\"potentialAction\":[{\"@type\":\"ReadAction\",\"target\":[\"https:\/\/www.martinsdelima.com\/pt-pt\/setor-imobiliario\/\"]}]},{\"@type\":\"BreadcrumbList\",\"@id\":\"https:\/\/www.martinsdelima.com\/pt-pt\/setor-imobiliario\/#breadcrumb\",\"itemListElement\":[{\"@type\":\"ListItem\",\"position\":1,\"name\":\"P\u00e1gina inicial\",\"item\":\"https:\/\/www.martinsdelima.com\/pt-pt\/inicio\/\"},{\"@type\":\"ListItem\",\"position\":2,\"name\":\"Setor Imobili\u00e1rio\"}]},{\"@type\":\"WebSite\",\"@id\":\"https:\/\/www.martinsdelima.com\/pt-pt\/#website\",\"url\":\"https:\/\/www.martinsdelima.com\/pt-pt\/\",\"name\":\"Martinsdelima\",\"description\":\"Forensic&amp;Finance\",\"publisher\":{\"@id\":\"https:\/\/www.martinsdelima.com\/pt-pt\/#organization\"},\"potentialAction\":[{\"@type\":\"SearchAction\",\"target\":{\"@type\":\"EntryPoint\",\"urlTemplate\":\"https:\/\/www.martinsdelima.com\/pt-pt\/?s={search_term_string}\"},\"query-input\":{\"@type\":\"PropertyValueSpecification\",\"valueRequired\":true,\"valueName\":\"search_term_string\"}}],\"inLanguage\":\"pt-PT\"},{\"@type\":\"Organization\",\"@id\":\"https:\/\/www.martinsdelima.com\/pt-pt\/#organization\",\"name\":\"Martinsdelima\",\"url\":\"https:\/\/www.martinsdelima.com\/pt-pt\/\",\"logo\":{\"@type\":\"ImageObject\",\"inLanguage\":\"pt-PT\",\"@id\":\"https:\/\/www.martinsdelima.com\/pt-pt\/#\/schema\/logo\/image\/\",\"url\":\"https:\/\/mligy6wbr5rs.i.optimole.com\/w:auto\/h:auto\/q:mauto\/f:best\/https:\/\/www.martinsdelima.com\/wp-content\/uploads\/2025\/10\/martinsdelima-letras-claras-horizontal.png\",\"contentUrl\":\"https:\/\/mligy6wbr5rs.i.optimole.com\/w:auto\/h:auto\/q:mauto\/f:best\/https:\/\/www.martinsdelima.com\/wp-content\/uploads\/2025\/10\/martinsdelima-letras-claras-horizontal.png\",\"width\":1315,\"height\":217,\"caption\":\"Martinsdelima\"},\"image\":{\"@id\":\"https:\/\/www.martinsdelima.com\/pt-pt\/#\/schema\/logo\/image\/\"}}]}<\/script>\n<!-- \/ Yoast SEO plugin. -->","yoast_head_json":{"title":"Setor Imobili\u00e1rio - Martinsdelima","robots":{"index":"index","follow":"follow","max-snippet":"max-snippet:-1","max-image-preview":"max-image-preview:large","max-video-preview":"max-video-preview:-1"},"canonical":"https:\/\/www.martinsdelima.com\/pt-pt\/setor-imobiliario\/","og_locale":"pt_PT","og_type":"article","og_title":"Setor Imobili\u00e1rio - Martinsdelima","og_description":"Imobili\u00e1rio O trabalho da martinsdelima no setor imobili\u00e1rio centra-se na an\u00e1lise t\u00e9cnico-econ\u00f3mica de ativos, contratos e opera\u00e7\u00f5es que requerem uma avalia\u00e7\u00e3o independente rigorosa. Este trabalho combina verifica\u00e7\u00e3o documental, an\u00e1lise t\u00e9cnica, revis\u00e3o financeira e modeliza\u00e7\u00e3o econ\u00f3mica para apresentar conclus\u00f5es s\u00f3lidas e defens\u00e1veis em contextos de lit\u00edgio, arbitragem, negocia\u00e7\u00e3o, auditoria interna ou [&hellip;]","og_url":"https:\/\/www.martinsdelima.com\/pt-pt\/setor-imobiliario\/","og_site_name":"Martinsdelima","article_modified_time":"2026-02-12T10:45:19+00:00","twitter_card":"summary_large_image","twitter_misc":{"Tempo estimado de leitura":"2 minutos"},"schema":{"@context":"https:\/\/schema.org","@graph":[{"@type":"WebPage","@id":"https:\/\/www.martinsdelima.com\/pt-pt\/setor-imobiliario\/","url":"https:\/\/www.martinsdelima.com\/pt-pt\/setor-imobiliario\/","name":"Setor Imobili\u00e1rio - Martinsdelima","isPartOf":{"@id":"https:\/\/www.martinsdelima.com\/pt-pt\/#website"},"datePublished":"2025-11-20T17:59:18+00:00","dateModified":"2026-02-12T10:45:19+00:00","breadcrumb":{"@id":"https:\/\/www.martinsdelima.com\/pt-pt\/setor-imobiliario\/#breadcrumb"},"inLanguage":"pt-PT","potentialAction":[{"@type":"ReadAction","target":["https:\/\/www.martinsdelima.com\/pt-pt\/setor-imobiliario\/"]}]},{"@type":"BreadcrumbList","@id":"https:\/\/www.martinsdelima.com\/pt-pt\/setor-imobiliario\/#breadcrumb","itemListElement":[{"@type":"ListItem","position":1,"name":"P\u00e1gina inicial","item":"https:\/\/www.martinsdelima.com\/pt-pt\/inicio\/"},{"@type":"ListItem","position":2,"name":"Setor Imobili\u00e1rio"}]},{"@type":"WebSite","@id":"https:\/\/www.martinsdelima.com\/pt-pt\/#website","url":"https:\/\/www.martinsdelima.com\/pt-pt\/","name":"Martinsdelima","description":"Forensic&amp;Finance","publisher":{"@id":"https:\/\/www.martinsdelima.com\/pt-pt\/#organization"},"potentialAction":[{"@type":"SearchAction","target":{"@type":"EntryPoint","urlTemplate":"https:\/\/www.martinsdelima.com\/pt-pt\/?s={search_term_string}"},"query-input":{"@type":"PropertyValueSpecification","valueRequired":true,"valueName":"search_term_string"}}],"inLanguage":"pt-PT"},{"@type":"Organization","@id":"https:\/\/www.martinsdelima.com\/pt-pt\/#organization","name":"Martinsdelima","url":"https:\/\/www.martinsdelima.com\/pt-pt\/","logo":{"@type":"ImageObject","inLanguage":"pt-PT","@id":"https:\/\/www.martinsdelima.com\/pt-pt\/#\/schema\/logo\/image\/","url":"https:\/\/mligy6wbr5rs.i.optimole.com\/w:auto\/h:auto\/q:mauto\/f:best\/https:\/\/www.martinsdelima.com\/wp-content\/uploads\/2025\/10\/martinsdelima-letras-claras-horizontal.png","contentUrl":"https:\/\/mligy6wbr5rs.i.optimole.com\/w:auto\/h:auto\/q:mauto\/f:best\/https:\/\/www.martinsdelima.com\/wp-content\/uploads\/2025\/10\/martinsdelima-letras-claras-horizontal.png","width":1315,"height":217,"caption":"Martinsdelima"},"image":{"@id":"https:\/\/www.martinsdelima.com\/pt-pt\/#\/schema\/logo\/image\/"}}]}},"_links":{"self":[{"href":"https:\/\/www.martinsdelima.com\/pt-pt\/wp-json\/wp\/v2\/pages\/10910","targetHints":{"allow":["GET"]}}],"collection":[{"href":"https:\/\/www.martinsdelima.com\/pt-pt\/wp-json\/wp\/v2\/pages"}],"about":[{"href":"https:\/\/www.martinsdelima.com\/pt-pt\/wp-json\/wp\/v2\/types\/page"}],"author":[{"embeddable":true,"href":"https:\/\/www.martinsdelima.com\/pt-pt\/wp-json\/wp\/v2\/users\/1"}],"replies":[{"embeddable":true,"href":"https:\/\/www.martinsdelima.com\/pt-pt\/wp-json\/wp\/v2\/comments?post=10910"}],"version-history":[{"count":2,"href":"https:\/\/www.martinsdelima.com\/pt-pt\/wp-json\/wp\/v2\/pages\/10910\/revisions"}],"predecessor-version":[{"id":11763,"href":"https:\/\/www.martinsdelima.com\/pt-pt\/wp-json\/wp\/v2\/pages\/10910\/revisions\/11763"}],"wp:attachment":[{"href":"https:\/\/www.martinsdelima.com\/pt-pt\/wp-json\/wp\/v2\/media?parent=10910"}],"curies":[{"name":"wp","href":"https:\/\/api.w.org\/{rel}","templated":true}]}}