{"id":10916,"date":"2025-11-13T19:29:15","date_gmt":"2025-11-13T19:29:15","guid":{"rendered":"https:\/\/www.martinsdelima.com\/setor-banca-e-seguros\/"},"modified":"2026-02-12T10:33:52","modified_gmt":"2026-02-12T10:33:52","slug":"setor-banca-e-seguros","status":"publish","type":"page","link":"https:\/\/www.martinsdelima.com\/pt-pt\/setor-banca-e-seguros\/","title":{"rendered":"Setor Banca e Seguros"},"content":{"rendered":"\t\t<div data-elementor-type=\"wp-page\" data-elementor-id=\"10916\" class=\"elementor elementor-10916 elementor-5978\" data-elementor-post-type=\"page\">\n\t\t\t\t\t\t<section class=\"elementor-section elementor-top-section elementor-element elementor-element-5861a17 elementor-section-full_width elementor-section-stretched elementor-section-height-default elementor-section-height-default\" data-id=\"5861a17\" data-element_type=\"section\" data-settings=\"{&quot;stretch_section&quot;:&quot;section-stretched&quot;,&quot;background_background&quot;:&quot;classic&quot;}\">\n\t\t\t\t\t\t\t<div class=\"elementor-background-overlay\"><\/div>\n\t\t\t\t\t\t\t<div class=\"elementor-container elementor-column-gap-default\">\n\t\t\t\t\t<div class=\"elementor-column elementor-col-100 elementor-top-column elementor-element elementor-element-ea42bdb\" data-id=\"ea42bdb\" data-element_type=\"column\">\n\t\t\t<div class=\"elementor-widget-wrap elementor-element-populated\">\n\t\t\t\t\t\t<div class=\"elementor-element elementor-element-8924fce elementor-widget elementor-widget-heading\" data-id=\"8924fce\" data-element_type=\"widget\" data-widget_type=\"heading.default\">\n\t\t\t\t<div class=\"elementor-widget-container\">\n\t\t\t\t\t<h2 class=\"elementor-heading-title elementor-size-default\"><b>Banca e Seguros<\/b><\/h2>\t\t\t\t<\/div>\n\t\t\t\t<\/div>\n\t\t\t\t\t<\/div>\n\t\t<\/div>\n\t\t\t\t\t<\/div>\n\t\t<\/section>\n\t\t<div class=\"elementor-element elementor-element-076cef0 e-flex e-con-boxed e-con e-parent\" data-id=\"076cef0\" data-element_type=\"container\">\n\t\t\t\t\t<div class=\"e-con-inner\">\n\t\t<div class=\"elementor-element elementor-element-0292ac2 e-con-full e-flex e-con e-child\" data-id=\"0292ac2\" data-element_type=\"container\">\n\t\t\t\t<div class=\"elementor-element elementor-element-748112b elementor-widget elementor-widget-text-editor\" data-id=\"748112b\" data-element_type=\"widget\" data-widget_type=\"text-editor.default\">\n\t\t\t\t<div class=\"elementor-widget-container\">\n\t\t\t\t\t\t\t\t\t<h6>Bancos e seguradoras operam num <strong>ambiente fortemente regulamentado<\/strong>, sujeito a exig\u00eancias crescentes de transpar\u00eancia, solv\u00eancia e controlo, e exposto a <strong>riscos operacionais, tecnol\u00f3gicos e reputacionais<\/strong> que impactam diretamente na sua estabilidade e na sua capacidade para prestar servi\u00e7os essenciais.<\/h6><h6>A martinsdelima conta com uma <strong>vasta experi\u00eancia<\/strong> num setor t\u00e3o estrat\u00e9gico como o da banca e seguros. Trabalhamos para grandes bancos internacionais que cotam no <strong>IBEX, DAX, SSE180 e FTE A50 China<\/strong> ou, companhias de banca privada, <strong>seguradoras europeias<\/strong> e corretoras com carteira corporativa, o que nos permitiu abordar problem\u00e1ticas muito diversas.<\/h6><h6><strong> <\/strong><\/h6><h6><strong>Relat\u00f3rios periciais econ\u00f3micos<\/strong><br>Na banca, desenvolvemos an\u00e1lises econ\u00f3mico-financeiras complexas, estudos setoriais e periciais de alta granularidade para grandes entidades internacionais, incluindo a revis\u00e3o de solv\u00eancia, liquidez, riscos, modelos de neg\u00f3cio e estruturas operacionais de banca privada. <br>Tamb\u00e9m elabor\u00e1mos relat\u00f3rios periciais sobre rastreabilidade de opera\u00e7\u00f5es banc\u00e1rias, movimentos irregulares, <strong>an\u00e1lise forense de contas, produtos derivados<\/strong>, carteiras de investimento e quantifica\u00e7\u00e3o individualizada de preju\u00edzos para clientes de banca de retalho e privada geridos por entidades europeias de primeiro n\u00edvel.<br>Ademais, a martinsdelima participou na realiza\u00e7\u00e3o de Relat\u00f3rios Periciais de penal econ\u00f3mico nos casos mais importantes consequ\u00eancia da <strong>crise financeira da primeira d\u00e9cada do s\u00e9culo<\/strong>. <\/h6><h6><\/h6><h6><\/h6><h6><\/h6><h6><strong> <\/strong><\/h6><h6><strong>Relat\u00f3rios periciais laborais<\/strong><br>No \u00e2mbito laboral, desenvolvemos an\u00e1lises vinculadas a estruturas de <strong>remunera\u00e7\u00e3o vari\u00e1vel, cumprimento de objetivos<\/strong> e incentivos ligados a resultados, avaliando a coer\u00eancia entre os sistemas de <strong>b\u00f3nus e os crit\u00e9rios econ\u00f3micos<\/strong> ou comerciais efetivamente alcan\u00e7ados dentro de entidades financeiras. <\/h6><h6><\/h6><h6><\/h6><h6><\/h6>\t\t\t\t\t\t\t\t<\/div>\n\t\t\t\t<\/div>\n\t\t\t\t<\/div>\n\t\t\t\t\t<\/div>\n\t\t\t\t<\/div>\n\t\t\t\t<\/div>\n\t\t","protected":false},"excerpt":{"rendered":"<p>Banca e Seguros Bancos e seguradoras operam num ambiente fortemente regulamentado, sujeito a exig\u00eancias crescentes de transpar\u00eancia, solv\u00eancia e controlo, e exposto a riscos operacionais, tecnol\u00f3gicos e reputacionais que impactam diretamente na sua estabilidade e na sua capacidade para prestar servi\u00e7os essenciais. A martinsdelima conta com uma vasta experi\u00eancia num [&hellip;]<\/p>\n","protected":false},"author":1,"featured_media":0,"parent":0,"menu_order":0,"comment_status":"closed","ping_status":"closed","template":"page-templates\/template-pagebuilder-full-width.php","meta":{"footnotes":""},"class_list":["post-10916","page","type-page","status-publish","hentry"],"yoast_head":"<!-- This site is optimized with the Yoast SEO plugin v26.4 - https:\/\/yoast.com\/wordpress\/plugins\/seo\/ -->\n<title>Setor Banca e Seguros - Martinsdelima<\/title>\n<meta name=\"robots\" content=\"index, follow, max-snippet:-1, max-image-preview:large, max-video-preview:-1\" \/>\n<link rel=\"canonical\" href=\"https:\/\/www.martinsdelima.com\/pt-pt\/setor-banca-e-seguros\/\" \/>\n<meta property=\"og:locale\" content=\"pt_PT\" \/>\n<meta property=\"og:type\" content=\"article\" \/>\n<meta property=\"og:title\" content=\"Setor Banca e Seguros - Martinsdelima\" \/>\n<meta property=\"og:description\" content=\"Banca e Seguros Bancos e seguradoras operam num ambiente fortemente regulamentado, sujeito a exig\u00eancias crescentes de transpar\u00eancia, solv\u00eancia e controlo, e exposto a riscos operacionais, tecnol\u00f3gicos e reputacionais que impactam diretamente na sua estabilidade e na sua capacidade para prestar servi\u00e7os essenciais. A martinsdelima conta com uma vasta experi\u00eancia num [&hellip;]\" \/>\n<meta property=\"og:url\" content=\"https:\/\/www.martinsdelima.com\/pt-pt\/setor-banca-e-seguros\/\" \/>\n<meta property=\"og:site_name\" content=\"Martinsdelima\" \/>\n<meta property=\"article:modified_time\" content=\"2026-02-12T10:33:52+00:00\" \/>\n<meta name=\"twitter:card\" content=\"summary_large_image\" \/>\n<meta name=\"twitter:label1\" content=\"Tempo estimado de leitura\" \/>\n\t<meta name=\"twitter:data1\" content=\"1 minuto\" \/>\n<script type=\"application\/ld+json\" class=\"yoast-schema-graph\">{\"@context\":\"https:\/\/schema.org\",\"@graph\":[{\"@type\":\"WebPage\",\"@id\":\"https:\/\/www.martinsdelima.com\/pt-pt\/setor-banca-e-seguros\/\",\"url\":\"https:\/\/www.martinsdelima.com\/pt-pt\/setor-banca-e-seguros\/\",\"name\":\"Setor Banca e Seguros - Martinsdelima\",\"isPartOf\":{\"@id\":\"https:\/\/www.martinsdelima.com\/pt-pt\/#website\"},\"datePublished\":\"2025-11-13T19:29:15+00:00\",\"dateModified\":\"2026-02-12T10:33:52+00:00\",\"breadcrumb\":{\"@id\":\"https:\/\/www.martinsdelima.com\/pt-pt\/setor-banca-e-seguros\/#breadcrumb\"},\"inLanguage\":\"pt-PT\",\"potentialAction\":[{\"@type\":\"ReadAction\",\"target\":[\"https:\/\/www.martinsdelima.com\/pt-pt\/setor-banca-e-seguros\/\"]}]},{\"@type\":\"BreadcrumbList\",\"@id\":\"https:\/\/www.martinsdelima.com\/pt-pt\/setor-banca-e-seguros\/#breadcrumb\",\"itemListElement\":[{\"@type\":\"ListItem\",\"position\":1,\"name\":\"P\u00e1gina inicial\",\"item\":\"https:\/\/www.martinsdelima.com\/pt-pt\/inicio\/\"},{\"@type\":\"ListItem\",\"position\":2,\"name\":\"Setor Banca e Seguros\"}]},{\"@type\":\"WebSite\",\"@id\":\"https:\/\/www.martinsdelima.com\/pt-pt\/#website\",\"url\":\"https:\/\/www.martinsdelima.com\/pt-pt\/\",\"name\":\"Martinsdelima\",\"description\":\"Forensic&amp;Finance\",\"publisher\":{\"@id\":\"https:\/\/www.martinsdelima.com\/pt-pt\/#organization\"},\"potentialAction\":[{\"@type\":\"SearchAction\",\"target\":{\"@type\":\"EntryPoint\",\"urlTemplate\":\"https:\/\/www.martinsdelima.com\/pt-pt\/?s={search_term_string}\"},\"query-input\":{\"@type\":\"PropertyValueSpecification\",\"valueRequired\":true,\"valueName\":\"search_term_string\"}}],\"inLanguage\":\"pt-PT\"},{\"@type\":\"Organization\",\"@id\":\"https:\/\/www.martinsdelima.com\/pt-pt\/#organization\",\"name\":\"Martinsdelima\",\"url\":\"https:\/\/www.martinsdelima.com\/pt-pt\/\",\"logo\":{\"@type\":\"ImageObject\",\"inLanguage\":\"pt-PT\",\"@id\":\"https:\/\/www.martinsdelima.com\/pt-pt\/#\/schema\/logo\/image\/\",\"url\":\"https:\/\/mligy6wbr5rs.i.optimole.com\/w:auto\/h:auto\/q:mauto\/f:best\/https:\/\/www.martinsdelima.com\/wp-content\/uploads\/2025\/10\/martinsdelima-letras-claras-horizontal.png\",\"contentUrl\":\"https:\/\/mligy6wbr5rs.i.optimole.com\/w:auto\/h:auto\/q:mauto\/f:best\/https:\/\/www.martinsdelima.com\/wp-content\/uploads\/2025\/10\/martinsdelima-letras-claras-horizontal.png\",\"width\":1315,\"height\":217,\"caption\":\"Martinsdelima\"},\"image\":{\"@id\":\"https:\/\/www.martinsdelima.com\/pt-pt\/#\/schema\/logo\/image\/\"}}]}<\/script>\n<!-- \/ Yoast SEO plugin. -->","yoast_head_json":{"title":"Setor Banca e Seguros - Martinsdelima","robots":{"index":"index","follow":"follow","max-snippet":"max-snippet:-1","max-image-preview":"max-image-preview:large","max-video-preview":"max-video-preview:-1"},"canonical":"https:\/\/www.martinsdelima.com\/pt-pt\/setor-banca-e-seguros\/","og_locale":"pt_PT","og_type":"article","og_title":"Setor Banca e Seguros - Martinsdelima","og_description":"Banca e Seguros Bancos e seguradoras operam num ambiente fortemente regulamentado, sujeito a exig\u00eancias crescentes de transpar\u00eancia, solv\u00eancia e controlo, e exposto a riscos operacionais, tecnol\u00f3gicos e reputacionais que impactam diretamente na sua estabilidade e na sua capacidade para prestar servi\u00e7os essenciais. A martinsdelima conta com uma vasta experi\u00eancia num [&hellip;]","og_url":"https:\/\/www.martinsdelima.com\/pt-pt\/setor-banca-e-seguros\/","og_site_name":"Martinsdelima","article_modified_time":"2026-02-12T10:33:52+00:00","twitter_card":"summary_large_image","twitter_misc":{"Tempo estimado de leitura":"1 minuto"},"schema":{"@context":"https:\/\/schema.org","@graph":[{"@type":"WebPage","@id":"https:\/\/www.martinsdelima.com\/pt-pt\/setor-banca-e-seguros\/","url":"https:\/\/www.martinsdelima.com\/pt-pt\/setor-banca-e-seguros\/","name":"Setor Banca e Seguros - Martinsdelima","isPartOf":{"@id":"https:\/\/www.martinsdelima.com\/pt-pt\/#website"},"datePublished":"2025-11-13T19:29:15+00:00","dateModified":"2026-02-12T10:33:52+00:00","breadcrumb":{"@id":"https:\/\/www.martinsdelima.com\/pt-pt\/setor-banca-e-seguros\/#breadcrumb"},"inLanguage":"pt-PT","potentialAction":[{"@type":"ReadAction","target":["https:\/\/www.martinsdelima.com\/pt-pt\/setor-banca-e-seguros\/"]}]},{"@type":"BreadcrumbList","@id":"https:\/\/www.martinsdelima.com\/pt-pt\/setor-banca-e-seguros\/#breadcrumb","itemListElement":[{"@type":"ListItem","position":1,"name":"P\u00e1gina inicial","item":"https:\/\/www.martinsdelima.com\/pt-pt\/inicio\/"},{"@type":"ListItem","position":2,"name":"Setor Banca e Seguros"}]},{"@type":"WebSite","@id":"https:\/\/www.martinsdelima.com\/pt-pt\/#website","url":"https:\/\/www.martinsdelima.com\/pt-pt\/","name":"Martinsdelima","description":"Forensic&amp;Finance","publisher":{"@id":"https:\/\/www.martinsdelima.com\/pt-pt\/#organization"},"potentialAction":[{"@type":"SearchAction","target":{"@type":"EntryPoint","urlTemplate":"https:\/\/www.martinsdelima.com\/pt-pt\/?s={search_term_string}"},"query-input":{"@type":"PropertyValueSpecification","valueRequired":true,"valueName":"search_term_string"}}],"inLanguage":"pt-PT"},{"@type":"Organization","@id":"https:\/\/www.martinsdelima.com\/pt-pt\/#organization","name":"Martinsdelima","url":"https:\/\/www.martinsdelima.com\/pt-pt\/","logo":{"@type":"ImageObject","inLanguage":"pt-PT","@id":"https:\/\/www.martinsdelima.com\/pt-pt\/#\/schema\/logo\/image\/","url":"https:\/\/mligy6wbr5rs.i.optimole.com\/w:auto\/h:auto\/q:mauto\/f:best\/https:\/\/www.martinsdelima.com\/wp-content\/uploads\/2025\/10\/martinsdelima-letras-claras-horizontal.png","contentUrl":"https:\/\/mligy6wbr5rs.i.optimole.com\/w:auto\/h:auto\/q:mauto\/f:best\/https:\/\/www.martinsdelima.com\/wp-content\/uploads\/2025\/10\/martinsdelima-letras-claras-horizontal.png","width":1315,"height":217,"caption":"Martinsdelima"},"image":{"@id":"https:\/\/www.martinsdelima.com\/pt-pt\/#\/schema\/logo\/image\/"}}]}},"_links":{"self":[{"href":"https:\/\/www.martinsdelima.com\/pt-pt\/wp-json\/wp\/v2\/pages\/10916","targetHints":{"allow":["GET"]}}],"collection":[{"href":"https:\/\/www.martinsdelima.com\/pt-pt\/wp-json\/wp\/v2\/pages"}],"about":[{"href":"https:\/\/www.martinsdelima.com\/pt-pt\/wp-json\/wp\/v2\/types\/page"}],"author":[{"embeddable":true,"href":"https:\/\/www.martinsdelima.com\/pt-pt\/wp-json\/wp\/v2\/users\/1"}],"replies":[{"embeddable":true,"href":"https:\/\/www.martinsdelima.com\/pt-pt\/wp-json\/wp\/v2\/comments?post=10916"}],"version-history":[{"count":2,"href":"https:\/\/www.martinsdelima.com\/pt-pt\/wp-json\/wp\/v2\/pages\/10916\/revisions"}],"predecessor-version":[{"id":11709,"href":"https:\/\/www.martinsdelima.com\/pt-pt\/wp-json\/wp\/v2\/pages\/10916\/revisions\/11709"}],"wp:attachment":[{"href":"https:\/\/www.martinsdelima.com\/pt-pt\/wp-json\/wp\/v2\/media?parent=10916"}],"curies":[{"name":"wp","href":"https:\/\/api.w.org\/{rel}","templated":true}]}}