{"id":11192,"date":"2022-12-21T10:11:09","date_gmt":"2022-12-21T10:11:09","guid":{"rendered":"https:\/\/www.martinsdelima.com\/fraude-provocado-por-um-executivo-de-banca\/"},"modified":"2026-02-12T11:03:54","modified_gmt":"2026-02-12T11:03:54","slug":"fraude-provocado-por-um-executivo-de-banca","status":"publish","type":"page","link":"https:\/\/www.martinsdelima.com\/pt-pt\/fraude-provocado-por-um-executivo-de-banca\/","title":{"rendered":"Fraude provocado por um executivo de banca"},"content":{"rendered":"\t\t<div data-elementor-type=\"wp-page\" data-elementor-id=\"11192\" class=\"elementor elementor-11192 elementor-1456\" data-elementor-post-type=\"page\">\n\t\t\t\t\t\t<section class=\"elementor-section elementor-top-section elementor-element elementor-element-5861a17 elementor-section-full_width elementor-section-stretched elementor-section-height-min-height elementor-section-height-default elementor-section-items-middle\" data-id=\"5861a17\" data-element_type=\"section\" data-settings=\"{&quot;stretch_section&quot;:&quot;section-stretched&quot;,&quot;background_background&quot;:&quot;classic&quot;}\">\n\t\t\t\t\t\t\t<div class=\"elementor-background-overlay\"><\/div>\n\t\t\t\t\t\t\t<div class=\"elementor-container elementor-column-gap-default\">\n\t\t\t\t\t<div class=\"elementor-column elementor-col-100 elementor-top-column elementor-element elementor-element-ea42bdb\" data-id=\"ea42bdb\" data-element_type=\"column\">\n\t\t\t<div class=\"elementor-widget-wrap elementor-element-populated\">\n\t\t\t\t\t\t<div class=\"elementor-element elementor-element-8924fce elementor-widget__width-initial elementor-widget elementor-widget-heading\" data-id=\"8924fce\" data-element_type=\"widget\" data-widget_type=\"heading.default\">\n\t\t\t\t<div class=\"elementor-widget-container\">\n\t\t\t\t\t<h2 class=\"elementor-heading-title elementor-size-default\"><b>Experi\u00eancias<\/b><br><b>Penal Econ\u00f3mico<\/b><br>Fraude produzida por um executivo de banca, incluindo opera\u00e7\u00f5es ocultas e refuta\u00e7\u00e3o do dano<\/h2>\t\t\t\t<\/div>\n\t\t\t\t<\/div>\n\t\t\t\t\t<\/div>\n\t\t<\/div>\n\t\t\t\t\t<\/div>\n\t\t<\/section>\n\t\t\t\t<section class=\"elementor-section elementor-top-section elementor-element elementor-element-9dff6a0 elementor-section-boxed elementor-section-height-default elementor-section-height-default\" data-id=\"9dff6a0\" data-element_type=\"section\">\n\t\t\t\t\t\t<div class=\"elementor-container elementor-column-gap-default\">\n\t\t\t\t\t<div class=\"elementor-column elementor-col-100 elementor-top-column elementor-element elementor-element-c3e38d1\" data-id=\"c3e38d1\" data-element_type=\"column\">\n\t\t\t<div class=\"elementor-widget-wrap elementor-element-populated\">\n\t\t\t\t\t\t<div class=\"elementor-element elementor-element-78fa56c elementor-widget elementor-widget-text-editor\" data-id=\"78fa56c\" data-element_type=\"widget\" data-widget_type=\"text-editor.default\">\n\t\t\t\t<div class=\"elementor-widget-container\">\n\t\t\t\t\t\t\t\t\t<h6>Um <strong>grupo familiar com m\u00faltiplas sociedades<\/strong> detetou <strong>incoer\u00eancias graves na informa\u00e7\u00e3o<\/strong> recebida sobre as suas <strong>posi\u00e7\u00f5es financeiras<\/strong> e a evolu\u00e7\u00e3o dos seus <strong>investimentos<\/strong>. A problem\u00e1tica, segundo se descreve no relat\u00f3rio, enquadrava-se numa <strong>operativa de gest\u00e3o de facto<\/strong> por parte de um gestor, com uma margem de atua\u00e7\u00e3o muito ampla sobre compras e vendas de ativos, que terminou por derivar num esquema de <strong>oculta\u00e7\u00e3o e manipula\u00e7\u00e3o da realidade econ\u00f3mica<\/strong>. <\/h6><h6>O n\u00facleo do caso foi que, para sustentar o funcionamento do sistema, o gestor teria <strong>ocultado perdas<\/strong> e, quando existiam rendimentos em determinadas contas, <strong>n\u00e3o os comunicava<\/strong> para os utilizar como \u201cmecanismo de compensa\u00e7\u00e3o\u201d face a perdas de outras posi\u00e7\u00f5es. A consequ\u00eancia direta foi uma distor\u00e7\u00e3o continuada da informa\u00e7\u00e3o facultada ao cliente, apoiada na <strong>emiss\u00e3o de documenta\u00e7\u00e3o com resultados aparentes n\u00e3o consistentes com a realidade<\/strong>. <\/h6><h6>Al\u00e9m disso, o relat\u00f3rio identifica um elemento especialmente relevante em penal econ\u00f3mico: a <strong>exist\u00eancia de uma conta banc\u00e1ria \u201coculta\u201d<\/strong>, <strong>desconhecida para os titulares<\/strong>, desde a qual se teriam executado <strong>movimentos sem conhecimento<\/strong> nem controlo do <strong>cliente<\/strong>. Precisamente por esse desconhecimento, a an\u00e1lise pericial considera que <strong>os movimentos realizados desde essa conta se imputam como preju\u00edzo<\/strong> por n\u00e3o haver possibilidade de autoriza\u00e7\u00e3o informada por parte do titular. <\/h6><h6>A operativa n\u00e3o se limitava a simples d\u00e9bitos ou levantamentos: descrevem-se <strong>movimentos entre contas<\/strong>, opera\u00e7\u00f5es com <strong>derivados<\/strong> e entradas\/sa\u00eddas tanto para os pr\u00f3prios titulares como para <strong>terceiras pessoas (outros clientes)<\/strong>, al\u00e9m de conceitos acess\u00f3rios como comiss\u00f5es e juros. Essa realidade \u00e9 fundamental porque permite explicar por que raz\u00e3o uma abordagem global ou parcial pode falhar: parte do \u201cvazio\u201d de uma conta pode estar vinculado a <strong>transfer\u00eancias e saneamentos entre clientes<\/strong> que, se n\u00e3o forem reconstru\u00eddos, deixam a an\u00e1lise incompleta. <\/h6><h6>Face a relat\u00f3rios externos baseados em estimativas agregadas, a martinsdelima trabalhou a defesa t\u00e9cnica do caso assinalando pontos cr\u00edticos: <strong>altera\u00e7\u00f5es na amostra de prejudicados que distorcem propor\u00e7\u00f5es<\/strong>, <strong>c\u00e1lculos globais n\u00e3o individualizados<\/strong> (com reconhecimento expl\u00edcito de falta de precis\u00e3o a n\u00edvel individual) e <strong>subestima\u00e7\u00f5es por n\u00e3o contemplar opera\u00e7\u00f5es cruzadas entre clientes<\/strong> e centrar-se apenas no que termina no patrim\u00f3nio do gestor.<\/h6><h6>A metodologia da martinsdelima baseou-se numa <strong>reconstru\u00e7\u00e3o forense e rastre\u00e1vel<\/strong>:<\/h6><h6>(i) <strong>classifica\u00e7\u00e3o de movimentos por tipologia<\/strong> (opera\u00e7\u00f5es reconhecidas vs. n\u00e3o reconhecidas),<\/h6><h6>(ii) separa\u00e7\u00e3o entre <strong>conta vis\u00edvel e conta oculta<\/strong>, e<\/h6><h6>(iii) <strong>segmenta\u00e7\u00e3o de entradas\/sa\u00eddas por natureza<\/strong> (derivados, transfer\u00eancias, comiss\u00f5es, etc.) para identificar o que era autoriz\u00e1vel e o que n\u00e3o era.<\/h6><h6>Em paralelo, revisou-se o <strong>cumprimento documental exig\u00edvel na contrata\u00e7\u00e3o de derivados<\/strong> (processo, documenta\u00e7\u00e3o e l\u00f3gica de idoneidade\/conveni\u00eancia), refor\u00e7ando a an\u00e1lise t\u00e9cnica da operativa complexa e seus riscos. <strong>O resultado foi uma posi\u00e7\u00e3o pericial s\u00f3lida, defens\u00e1vel e compreens\u00edvel<\/strong>, que permitiu <strong>sustentar uma quantifica\u00e7\u00e3o fundamentada<\/strong> e, sobretudo, <strong>desmontar as debilidades metodol\u00f3gicas<\/strong> de aproxima\u00e7\u00f5es agregadas: <strong>quando se analisa ao detalhe, veem-se as transfer\u00eancias, atribui\u00e7\u00f5es e circuitos que explicam a realidade econ\u00f3mica do caso.<\/strong><\/h6>\t\t\t\t\t\t\t\t<\/div>\n\t\t\t\t<\/div>\n\t\t\t\t\t<\/div>\n\t\t<\/div>\n\t\t\t\t\t<\/div>\n\t\t<\/section>\n\t\t\t\t<\/div>\n\t\t","protected":false},"excerpt":{"rendered":"<p>Experi\u00eanciasPenal Econ\u00f3micoFraude produzida por um executivo de banca, incluindo opera\u00e7\u00f5es ocultas e refuta\u00e7\u00e3o do dano Um grupo familiar com m\u00faltiplas sociedades detetou incoer\u00eancias graves na informa\u00e7\u00e3o recebida sobre as suas posi\u00e7\u00f5es financeiras e a evolu\u00e7\u00e3o dos seus investimentos. A problem\u00e1tica, segundo se descreve no relat\u00f3rio, enquadrava-se numa operativa de gest\u00e3o [&hellip;]<\/p>\n","protected":false},"author":1,"featured_media":0,"parent":0,"menu_order":0,"comment_status":"closed","ping_status":"closed","template":"page-templates\/template-pagebuilder-full-width.php","meta":{"footnotes":""},"class_list":["post-11192","page","type-page","status-publish","hentry"],"yoast_head":"<!-- This site is optimized with the Yoast SEO plugin v26.4 - https:\/\/yoast.com\/wordpress\/plugins\/seo\/ -->\n<title>Fraude provocado por um executivo de banca - Martinsdelima<\/title>\n<meta name=\"robots\" content=\"index, follow, max-snippet:-1, max-image-preview:large, max-video-preview:-1\" \/>\n<link rel=\"canonical\" href=\"https:\/\/www.martinsdelima.com\/pt-pt\/fraude-provocado-por-um-executivo-de-banca\/\" \/>\n<meta property=\"og:locale\" content=\"pt_PT\" \/>\n<meta property=\"og:type\" content=\"article\" \/>\n<meta property=\"og:title\" content=\"Fraude provocado por um executivo de banca - Martinsdelima\" \/>\n<meta property=\"og:description\" content=\"Experi\u00eanciasPenal Econ\u00f3micoFraude produzida por um executivo de banca, incluindo opera\u00e7\u00f5es ocultas e refuta\u00e7\u00e3o do dano Um grupo familiar com m\u00faltiplas sociedades detetou incoer\u00eancias graves na informa\u00e7\u00e3o recebida sobre as suas posi\u00e7\u00f5es financeiras e a evolu\u00e7\u00e3o dos seus investimentos. A problem\u00e1tica, segundo se descreve no relat\u00f3rio, enquadrava-se numa operativa de gest\u00e3o [&hellip;]\" \/>\n<meta property=\"og:url\" content=\"https:\/\/www.martinsdelima.com\/pt-pt\/fraude-provocado-por-um-executivo-de-banca\/\" \/>\n<meta property=\"og:site_name\" content=\"Martinsdelima\" \/>\n<meta property=\"article:modified_time\" content=\"2026-02-12T11:03:54+00:00\" \/>\n<meta name=\"twitter:card\" content=\"summary_large_image\" \/>\n<meta name=\"twitter:label1\" content=\"Tempo estimado de leitura\" \/>\n\t<meta name=\"twitter:data1\" content=\"3 minutos\" \/>\n<script type=\"application\/ld+json\" class=\"yoast-schema-graph\">{\"@context\":\"https:\/\/schema.org\",\"@graph\":[{\"@type\":\"WebPage\",\"@id\":\"https:\/\/www.martinsdelima.com\/pt-pt\/fraude-provocado-por-um-executivo-de-banca\/\",\"url\":\"https:\/\/www.martinsdelima.com\/pt-pt\/fraude-provocado-por-um-executivo-de-banca\/\",\"name\":\"Fraude provocado por um executivo de banca - Martinsdelima\",\"isPartOf\":{\"@id\":\"https:\/\/www.martinsdelima.com\/pt-pt\/#website\"},\"datePublished\":\"2022-12-21T10:11:09+00:00\",\"dateModified\":\"2026-02-12T11:03:54+00:00\",\"breadcrumb\":{\"@id\":\"https:\/\/www.martinsdelima.com\/pt-pt\/fraude-provocado-por-um-executivo-de-banca\/#breadcrumb\"},\"inLanguage\":\"pt-PT\",\"potentialAction\":[{\"@type\":\"ReadAction\",\"target\":[\"https:\/\/www.martinsdelima.com\/pt-pt\/fraude-provocado-por-um-executivo-de-banca\/\"]}]},{\"@type\":\"BreadcrumbList\",\"@id\":\"https:\/\/www.martinsdelima.com\/pt-pt\/fraude-provocado-por-um-executivo-de-banca\/#breadcrumb\",\"itemListElement\":[{\"@type\":\"ListItem\",\"position\":1,\"name\":\"P\u00e1gina inicial\",\"item\":\"https:\/\/www.martinsdelima.com\/pt-pt\/inicio\/\"},{\"@type\":\"ListItem\",\"position\":2,\"name\":\"Fraude provocado por um executivo de banca\"}]},{\"@type\":\"WebSite\",\"@id\":\"https:\/\/www.martinsdelima.com\/pt-pt\/#website\",\"url\":\"https:\/\/www.martinsdelima.com\/pt-pt\/\",\"name\":\"Martinsdelima\",\"description\":\"Forensic&amp;Finance\",\"publisher\":{\"@id\":\"https:\/\/www.martinsdelima.com\/pt-pt\/#organization\"},\"potentialAction\":[{\"@type\":\"SearchAction\",\"target\":{\"@type\":\"EntryPoint\",\"urlTemplate\":\"https:\/\/www.martinsdelima.com\/pt-pt\/?s={search_term_string}\"},\"query-input\":{\"@type\":\"PropertyValueSpecification\",\"valueRequired\":true,\"valueName\":\"search_term_string\"}}],\"inLanguage\":\"pt-PT\"},{\"@type\":\"Organization\",\"@id\":\"https:\/\/www.martinsdelima.com\/pt-pt\/#organization\",\"name\":\"Martinsdelima\",\"url\":\"https:\/\/www.martinsdelima.com\/pt-pt\/\",\"logo\":{\"@type\":\"ImageObject\",\"inLanguage\":\"pt-PT\",\"@id\":\"https:\/\/www.martinsdelima.com\/pt-pt\/#\/schema\/logo\/image\/\",\"url\":\"https:\/\/mligy6wbr5rs.i.optimole.com\/w:auto\/h:auto\/q:mauto\/f:best\/https:\/\/www.martinsdelima.com\/wp-content\/uploads\/2025\/10\/martinsdelima-letras-claras-horizontal.png\",\"contentUrl\":\"https:\/\/mligy6wbr5rs.i.optimole.com\/w:auto\/h:auto\/q:mauto\/f:best\/https:\/\/www.martinsdelima.com\/wp-content\/uploads\/2025\/10\/martinsdelima-letras-claras-horizontal.png\",\"width\":1315,\"height\":217,\"caption\":\"Martinsdelima\"},\"image\":{\"@id\":\"https:\/\/www.martinsdelima.com\/pt-pt\/#\/schema\/logo\/image\/\"}}]}<\/script>\n<!-- \/ Yoast SEO plugin. -->","yoast_head_json":{"title":"Fraude provocado por um executivo de banca - Martinsdelima","robots":{"index":"index","follow":"follow","max-snippet":"max-snippet:-1","max-image-preview":"max-image-preview:large","max-video-preview":"max-video-preview:-1"},"canonical":"https:\/\/www.martinsdelima.com\/pt-pt\/fraude-provocado-por-um-executivo-de-banca\/","og_locale":"pt_PT","og_type":"article","og_title":"Fraude provocado por um executivo de banca - Martinsdelima","og_description":"Experi\u00eanciasPenal Econ\u00f3micoFraude produzida por um executivo de banca, incluindo opera\u00e7\u00f5es ocultas e refuta\u00e7\u00e3o do dano Um grupo familiar com m\u00faltiplas sociedades detetou incoer\u00eancias graves na informa\u00e7\u00e3o recebida sobre as suas posi\u00e7\u00f5es financeiras e a evolu\u00e7\u00e3o dos seus investimentos. A problem\u00e1tica, segundo se descreve no relat\u00f3rio, enquadrava-se numa operativa de gest\u00e3o [&hellip;]","og_url":"https:\/\/www.martinsdelima.com\/pt-pt\/fraude-provocado-por-um-executivo-de-banca\/","og_site_name":"Martinsdelima","article_modified_time":"2026-02-12T11:03:54+00:00","twitter_card":"summary_large_image","twitter_misc":{"Tempo estimado de leitura":"3 minutos"},"schema":{"@context":"https:\/\/schema.org","@graph":[{"@type":"WebPage","@id":"https:\/\/www.martinsdelima.com\/pt-pt\/fraude-provocado-por-um-executivo-de-banca\/","url":"https:\/\/www.martinsdelima.com\/pt-pt\/fraude-provocado-por-um-executivo-de-banca\/","name":"Fraude provocado por um executivo de banca - Martinsdelima","isPartOf":{"@id":"https:\/\/www.martinsdelima.com\/pt-pt\/#website"},"datePublished":"2022-12-21T10:11:09+00:00","dateModified":"2026-02-12T11:03:54+00:00","breadcrumb":{"@id":"https:\/\/www.martinsdelima.com\/pt-pt\/fraude-provocado-por-um-executivo-de-banca\/#breadcrumb"},"inLanguage":"pt-PT","potentialAction":[{"@type":"ReadAction","target":["https:\/\/www.martinsdelima.com\/pt-pt\/fraude-provocado-por-um-executivo-de-banca\/"]}]},{"@type":"BreadcrumbList","@id":"https:\/\/www.martinsdelima.com\/pt-pt\/fraude-provocado-por-um-executivo-de-banca\/#breadcrumb","itemListElement":[{"@type":"ListItem","position":1,"name":"P\u00e1gina inicial","item":"https:\/\/www.martinsdelima.com\/pt-pt\/inicio\/"},{"@type":"ListItem","position":2,"name":"Fraude provocado por um executivo de banca"}]},{"@type":"WebSite","@id":"https:\/\/www.martinsdelima.com\/pt-pt\/#website","url":"https:\/\/www.martinsdelima.com\/pt-pt\/","name":"Martinsdelima","description":"Forensic&amp;Finance","publisher":{"@id":"https:\/\/www.martinsdelima.com\/pt-pt\/#organization"},"potentialAction":[{"@type":"SearchAction","target":{"@type":"EntryPoint","urlTemplate":"https:\/\/www.martinsdelima.com\/pt-pt\/?s={search_term_string}"},"query-input":{"@type":"PropertyValueSpecification","valueRequired":true,"valueName":"search_term_string"}}],"inLanguage":"pt-PT"},{"@type":"Organization","@id":"https:\/\/www.martinsdelima.com\/pt-pt\/#organization","name":"Martinsdelima","url":"https:\/\/www.martinsdelima.com\/pt-pt\/","logo":{"@type":"ImageObject","inLanguage":"pt-PT","@id":"https:\/\/www.martinsdelima.com\/pt-pt\/#\/schema\/logo\/image\/","url":"https:\/\/mligy6wbr5rs.i.optimole.com\/w:auto\/h:auto\/q:mauto\/f:best\/https:\/\/www.martinsdelima.com\/wp-content\/uploads\/2025\/10\/martinsdelima-letras-claras-horizontal.png","contentUrl":"https:\/\/mligy6wbr5rs.i.optimole.com\/w:auto\/h:auto\/q:mauto\/f:best\/https:\/\/www.martinsdelima.com\/wp-content\/uploads\/2025\/10\/martinsdelima-letras-claras-horizontal.png","width":1315,"height":217,"caption":"Martinsdelima"},"image":{"@id":"https:\/\/www.martinsdelima.com\/pt-pt\/#\/schema\/logo\/image\/"}}]}},"_links":{"self":[{"href":"https:\/\/www.martinsdelima.com\/pt-pt\/wp-json\/wp\/v2\/pages\/11192","targetHints":{"allow":["GET"]}}],"collection":[{"href":"https:\/\/www.martinsdelima.com\/pt-pt\/wp-json\/wp\/v2\/pages"}],"about":[{"href":"https:\/\/www.martinsdelima.com\/pt-pt\/wp-json\/wp\/v2\/types\/page"}],"author":[{"embeddable":true,"href":"https:\/\/www.martinsdelima.com\/pt-pt\/wp-json\/wp\/v2\/users\/1"}],"replies":[{"embeddable":true,"href":"https:\/\/www.martinsdelima.com\/pt-pt\/wp-json\/wp\/v2\/comments?post=11192"}],"version-history":[{"count":2,"href":"https:\/\/www.martinsdelima.com\/pt-pt\/wp-json\/wp\/v2\/pages\/11192\/revisions"}],"predecessor-version":[{"id":11829,"href":"https:\/\/www.martinsdelima.com\/pt-pt\/wp-json\/wp\/v2\/pages\/11192\/revisions\/11829"}],"wp:attachment":[{"href":"https:\/\/www.martinsdelima.com\/pt-pt\/wp-json\/wp\/v2\/media?parent=11192"}],"curies":[{"name":"wp","href":"https:\/\/api.w.org\/{rel}","templated":true}]}}