{"id":11291,"date":"2022-09-29T11:49:42","date_gmt":"2022-09-29T11:49:42","guid":{"rendered":"https:\/\/www.martinsdelima.com\/periciais\/"},"modified":"2026-02-15T13:51:56","modified_gmt":"2026-02-15T13:51:56","slug":"periciais","status":"publish","type":"page","link":"https:\/\/www.martinsdelima.com\/pt-pt\/periciais\/","title":{"rendered":"Periciais"},"content":{"rendered":"\t\t<div data-elementor-type=\"wp-page\" data-elementor-id=\"11291\" class=\"elementor elementor-11291 elementor-475\" data-elementor-post-type=\"page\">\n\t\t\t\t\t\t<section class=\"elementor-section elementor-top-section elementor-element elementor-element-5861a17 elementor-section-full_width elementor-section-stretched elementor-section-height-default elementor-section-height-default\" data-id=\"5861a17\" data-element_type=\"section\" data-settings=\"{&quot;stretch_section&quot;:&quot;section-stretched&quot;,&quot;background_background&quot;:&quot;classic&quot;}\">\n\t\t\t\t\t\t<div class=\"elementor-container elementor-column-gap-default\">\n\t\t\t\t\t<div class=\"elementor-column elementor-col-100 elementor-top-column elementor-element elementor-element-ea42bdb\" data-id=\"ea42bdb\" data-element_type=\"column\">\n\t\t\t<div class=\"elementor-widget-wrap elementor-element-populated\">\n\t\t\t\t\t\t<div class=\"elementor-element elementor-element-8924fce elementor-widget elementor-widget-heading\" data-id=\"8924fce\" data-element_type=\"widget\" data-widget_type=\"heading.default\">\n\t\t\t\t<div class=\"elementor-widget-container\">\n\t\t\t\t\t<h1 class=\"elementor-heading-title elementor-size-default\">Relat\u00f3rios Periciais<\/h1>\t\t\t\t<\/div>\n\t\t\t\t<\/div>\n\t\t\t\t\t<\/div>\n\t\t<\/div>\n\t\t\t\t\t<\/div>\n\t\t<\/section>\n\t\t<div class=\"elementor-element elementor-element-e6d078a e-flex e-con-boxed e-con e-parent\" data-id=\"e6d078a\" data-element_type=\"container\" data-settings=\"{&quot;background_background&quot;:&quot;classic&quot;}\">\n\t\t\t\t\t<div class=\"e-con-inner\">\n\t\t<div class=\"elementor-element elementor-element-70c766a e-con-full e-flex e-con e-child\" data-id=\"70c766a\" data-element_type=\"container\">\n\t\t\t\t<div class=\"elementor-element elementor-element-c184fa5 elementor-widget elementor-widget-heading\" data-id=\"c184fa5\" data-element_type=\"widget\" data-widget_type=\"heading.default\">\n\t\t\t\t<div class=\"elementor-widget-container\">\n\t\t\t\t\t<h3 class=\"elementor-heading-title elementor-size-default\"><b>\u00c1reas de especializa\u00e7\u00e3o<\/b><\/h3>\t\t\t\t<\/div>\n\t\t\t\t<\/div>\n\t\t\t\t<\/div>\n\t\t\t\t\t<\/div>\n\t\t\t\t<\/div>\n\t\t<div class=\"elementor-element elementor-element-ed64f10 e-flex e-con-boxed e-con e-parent\" data-id=\"ed64f10\" data-element_type=\"container\">\n\t\t\t\t\t<div class=\"e-con-inner\">\n\t\t<div class=\"elementor-element elementor-element-4ce02d1 e-con-full e-flex e-con e-child\" data-id=\"4ce02d1\" data-element_type=\"container\">\n\t\t<div class=\"elementor-element elementor-element-d04e554 e-con-full e-flex e-con e-child\" data-id=\"d04e554\" data-element_type=\"container\" data-settings=\"{&quot;background_background&quot;:&quot;classic&quot;}\">\n\t\t\t\t<div class=\"elementor-element elementor-element-067025a elementor-widget elementor-widget-heading\" data-id=\"067025a\" data-element_type=\"widget\" data-widget_type=\"heading.default\">\n\t\t\t\t<div class=\"elementor-widget-container\">\n\t\t\t\t\t<h3 class=\"elementor-heading-title elementor-size-default\"><a href=\"https:\/\/www.martinsdelima.com\/pt-pt\/relatorios-periciais-economicos\/\"><b>Relat\u00f3rios Periciais Econ\u00f3micos<\/b><\/a><\/h3>\t\t\t\t<\/div>\n\t\t\t\t<\/div>\n\t\t\t\t<div class=\"elementor-element elementor-element-0443187 elementor-widget elementor-widget-heading\" data-id=\"0443187\" data-element_type=\"widget\" data-widget_type=\"heading.default\">\n\t\t\t\t<div class=\"elementor-widget-container\">\n\t\t\t\t\t<h5 class=\"elementor-heading-title elementor-size-default\"><a href=\"https:\/\/www.martinsdelima.com\/pt-pt\/relatorios-periciais-economicos\/\"><br>Avalia\u00e7\u00e3o de Danos<br><br>Penal Econ\u00f3mico<br><br>P\u00f3s-M&amp;A<br><br>Ag\u00eancia e Franchising<br><br>Financeiros e Derivados<br><br>An\u00e1lise Reputacional<\/a><\/h5>\t\t\t\t<\/div>\n\t\t\t\t<\/div>\n\t\t\t\t<\/div>\n\t\t\t\t<\/div>\n\t\t<div class=\"elementor-element elementor-element-e5e340b e-con-full e-flex e-con e-child\" data-id=\"e5e340b\" data-element_type=\"container\">\n\t\t<div class=\"elementor-element elementor-element-db8e50b e-con-full e-flex e-con e-child\" data-id=\"db8e50b\" data-element_type=\"container\" data-settings=\"{&quot;background_background&quot;:&quot;classic&quot;}\">\n\t\t\t\t<div class=\"elementor-element elementor-element-958538b elementor-widget elementor-widget-heading\" data-id=\"958538b\" data-element_type=\"widget\" data-widget_type=\"heading.default\">\n\t\t\t\t<div class=\"elementor-widget-container\">\n\t\t\t\t\t<h3 class=\"elementor-heading-title elementor-size-default\"><a href=\"https:\/\/www.martinsdelima.com\/pt-pt\/relatorios-periciais-tecnicos\/\"><b>Relat\u00f3rios Periciais T\u00e9cnicos<\/b><\/a><\/h3>\t\t\t\t<\/div>\n\t\t\t\t<\/div>\n\t\t\t\t<div class=\"elementor-element elementor-element-2456b18 elementor-widget elementor-widget-heading\" data-id=\"2456b18\" data-element_type=\"widget\" data-widget_type=\"heading.default\">\n\t\t\t\t<div class=\"elementor-widget-container\">\n\t\t\t\t\t<h5 class=\"elementor-heading-title elementor-size-default\"><a href=\"https:\/\/www.martinsdelima.com\/pt-pt\/relatorios-periciais-tecnicos\/\"><br>Energia<br><br>Constru\u00e7\u00e3o<br><br>Ind\u00fastria e Engenharia<br><br>Inform\u00e1ticos<br><br>Ambiente e Reciclagem<br><br>Altera\u00e7\u00f5es Regulamentares<\/a><\/h5>\t\t\t\t<\/div>\n\t\t\t\t<\/div>\n\t\t\t\t<\/div>\n\t\t\t\t<\/div>\n\t\t\t\t\t<\/div>\n\t\t\t\t<\/div>\n\t\t<div class=\"elementor-element elementor-element-672f598 e-flex e-con-boxed e-con e-parent\" data-id=\"672f598\" data-element_type=\"container\">\n\t\t\t\t\t<div class=\"e-con-inner\">\n\t\t<div class=\"elementor-element elementor-element-347b85b e-con-full e-flex e-con e-child\" data-id=\"347b85b\" data-element_type=\"container\">\n\t\t<div class=\"elementor-element elementor-element-0206569 e-con-full e-flex e-con e-child\" data-id=\"0206569\" data-element_type=\"container\" data-settings=\"{&quot;background_background&quot;:&quot;classic&quot;}\">\n\t\t\t\t<div class=\"elementor-element elementor-element-f4e4190 elementor-widget elementor-widget-heading\" data-id=\"f4e4190\" data-element_type=\"widget\" data-widget_type=\"heading.default\">\n\t\t\t\t<div class=\"elementor-widget-container\">\n\t\t\t\t\t<h3 class=\"elementor-heading-title elementor-size-default\"><a href=\"https:\/\/www.martinsdelima.com\/pt-pt\/relatorios-periciais-laborais\/\"><b>Relat\u00f3rios Periciais Laborais e de Recursos Humanos<\/b><\/a><\/h3>\t\t\t\t<\/div>\n\t\t\t\t<\/div>\n\t\t\t\t<div class=\"elementor-element elementor-element-a2492d7 elementor-widget elementor-widget-heading\" data-id=\"a2492d7\" data-element_type=\"widget\" data-widget_type=\"heading.default\">\n\t\t\t\t<div class=\"elementor-widget-container\">\n\t\t\t\t\t<h5 class=\"elementor-heading-title elementor-size-default\"><a href=\"https:\/\/www.martinsdelima.com\/pt-pt\/relatorios-periciais-laborais\/\">Despedimentos, lay-off e altera\u00e7\u00f5es das condi\u00e7\u00f5es de trabalho<br><br>Remunera\u00e7\u00e3o e Stock-Options<br><br>Reorganiza\u00e7\u00f5es e Acordos<br><br>M\u00e9dicos<br><br>Laborais Inform\u00e1ticos<br><br>Pactos de N\u00e3o Concorr\u00eancia<\/a><\/h5>\t\t\t\t<\/div>\n\t\t\t\t<\/div>\n\t\t\t\t<\/div>\n\t\t\t\t<\/div>\n\t\t<div class=\"elementor-element elementor-element-b307d9e e-con-full e-flex e-con e-child\" data-id=\"b307d9e\" data-element_type=\"container\">\n\t\t<div class=\"elementor-element elementor-element-cad7bbe e-con-full e-flex e-con e-child\" data-id=\"cad7bbe\" data-element_type=\"container\" data-settings=\"{&quot;background_background&quot;:&quot;classic&quot;}\">\n\t\t\t\t<div class=\"elementor-element elementor-element-86bc58e elementor-widget elementor-widget-heading\" data-id=\"86bc58e\" data-element_type=\"widget\" data-widget_type=\"heading.default\">\n\t\t\t\t<div class=\"elementor-widget-container\">\n\t\t\t\t\t<h3 class=\"elementor-heading-title elementor-size-default\"><a href=\"https:\/\/www.martinsdelima.com\/pt-pt\/relatorios-periciais-de-concorrencia\/\"><b>Relat\u00f3rios Periciais de Concorr\u00eancia<\/b><\/a><\/h3>\t\t\t\t<\/div>\n\t\t\t\t<\/div>\n\t\t\t\t<div class=\"elementor-element elementor-element-b28e323 elementor-widget elementor-widget-heading\" data-id=\"b28e323\" data-element_type=\"widget\" data-widget_type=\"heading.default\">\n\t\t\t\t<div class=\"elementor-widget-container\">\n\t\t\t\t\t<h5 class=\"elementor-heading-title elementor-size-default\"><a href=\"https:\/\/www.martinsdelima.com\/pt-pt\/relatorios-periciais-de-concorrencia\/\">An\u00e1lise de Processos de Autoridades<br><br>Danos e Pr\u00e1ticas Anticompetitivas<br><br>Danos em Cart\u00e9is<br><br>Abuso e Restri\u00e7\u00f5es Verticais<br><br>An\u00e1lise do Mercado, Poder e Barreiras<br><br>Concorr\u00eancia Desleal<br><\/a><\/h5>\t\t\t\t<\/div>\n\t\t\t\t<\/div>\n\t\t\t\t<\/div>\n\t\t\t\t<\/div>\n\t\t\t\t\t<\/div>\n\t\t\t\t<\/div>\n\t\t<div class=\"elementor-element elementor-element-f552b16 e-flex e-con-boxed e-con e-parent\" data-id=\"f552b16\" data-element_type=\"container\">\n\t\t\t\t\t<div class=\"e-con-inner\">\n\t\t\t\t<div class=\"elementor-element elementor-element-e0b996e elementor-widget elementor-widget-text-editor\" data-id=\"e0b996e\" data-element_type=\"widget\" data-widget_type=\"text-editor.default\">\n\t\t\t\t<div class=\"elementor-widget-container\">\n\t\t\t\t\t\t\t\t\t<h6>Realizamos Relat\u00f3rios Periciais para <b>Arbitragens Internacionais (ICC, CIAM-CIAR, etc.) e Nacionais<\/b> e para <b>todo o tipo de Lit\u00edgios<\/b> (Civil, Mercantil, Penal, Laboral) did\u00e1ticos, simples e s\u00f3lidos<\/h6><h6>Elaboramos relat\u00f3rios de peritos <b>Econ\u00f3micos, T\u00e9cnicos, Laborais e de Concorr\u00eancia.<\/b> Muitas vezes<span style=\"font-weight: normal;\"> <\/span>trabalhamos num relat\u00f3rio econ\u00f3mico e noutro t\u00e9cnico, noutras limitamo-nos a um ou outro dependendo da estrat\u00e9gia processual do caso.<\/h6><h6>Trabalhamos com multinacionais cotadas nos \u00edndices mais importantes do mundo (S&amp;P500, NASDAQ, FT100, IBEX35, CAC40, DAX), cotadas, familiares e pequenas e m\u00e9dias empresas. Os nossos idiomas de trabalho s\u00e3o espanhol, ingl\u00eas, franc\u00eas e portugu\u00eas. <\/h6><h6><\/h6><h6>Al\u00e9m disso, trabalhamos com os maiores escrit\u00f3rios de advogados do mundo, bem como com os grandes escrit\u00f3rios nacionais e tamb\u00e9m com escrit\u00f3rios especializados.<\/h6><h6><b><br><\/b><b>Abordagem do trabalho e profissionais da martinsdelima<\/b><\/h6><h6>Os peritos da martinsdelima s\u00e3o profissionais com vasta experi\u00eancia em empresas reconhecidas<strong>, McKinsey &amp; Company, Banco Santander, Bain, Microsoft, BBVA, AT Kearney,<\/strong> e formados nas melhores universidades do mundo, <strong>INSEAD, Harvard, Kellogg, Wharton, ICAI-ICADE, CUNEF, Carlos III, Polit\u00e9cnica de Madrid,<\/strong>. <br>Ao mesmo tempo, s\u00e3o professores em escolas de p\u00f3s-gradua\u00e7\u00e3o de prest\u00edgio como o IE, ICAI, Escolas de Inform\u00e1tica, CUNEF ou ICADE. <br>Essa combina\u00e7\u00e3o de experi\u00eancia e ensino permite entender os problemas em profundidade e exp\u00f4-los de forma simples e convincente.<\/h6><h6><\/h6>\t\t\t\t\t\t\t\t<\/div>\n\t\t\t\t<\/div>\n\t\t\t\t\t<\/div>\n\t\t\t\t<\/div>\n\t\t\t\t<\/div>\n\t\t","protected":false},"excerpt":{"rendered":"<p>Relat\u00f3rios Periciais \u00c1reas de especializa\u00e7\u00e3o Relat\u00f3rios Periciais Econ\u00f3micos Avalia\u00e7\u00e3o de Danos Penal Econ\u00f3mico P\u00f3s-M&amp;A Ag\u00eancia e Franchising Financeiros e Derivados An\u00e1lise Reputacional Relat\u00f3rios Periciais T\u00e9cnicos Energia Constru\u00e7\u00e3o Ind\u00fastria e Engenharia Inform\u00e1ticos Ambiente e Reciclagem Altera\u00e7\u00f5es Regulamentares Relat\u00f3rios Periciais Laborais e de Recursos Humanos Despedimentos, lay-off e altera\u00e7\u00f5es das condi\u00e7\u00f5es de [&hellip;]<\/p>\n","protected":false},"author":1,"featured_media":10600,"parent":0,"menu_order":0,"comment_status":"closed","ping_status":"closed","template":"page-templates\/template-pagebuilder-full-width.php","meta":{"footnotes":""},"class_list":["post-11291","page","type-page","status-publish","has-post-thumbnail","hentry"],"yoast_head":"<!-- This site is optimized with the Yoast SEO plugin v26.4 - https:\/\/yoast.com\/wordpress\/plugins\/seo\/ -->\n<title>Forensic e Peritagem Judicial<\/title>\n<meta name=\"description\" content=\"Forensic e Peritagem Judicial. - Na Martins de Lima, oferecemos servi\u00e7os de Forensic e Peritagem Judicial em toda a Espanha - +34 911 99 56 51\" \/>\n<meta name=\"robots\" content=\"index, follow, max-snippet:-1, max-image-preview:large, max-video-preview:-1\" \/>\n<link rel=\"canonical\" href=\"https:\/\/www.martinsdelima.com\/pt-pt\/periciais\/\" \/>\n<meta property=\"og:locale\" content=\"pt_PT\" \/>\n<meta property=\"og:type\" content=\"article\" \/>\n<meta property=\"og:title\" content=\"Forensic e Peritagem Judicial\" \/>\n<meta property=\"og:description\" content=\"Forensic e Peritagem Judicial. - Na Martins de Lima, oferecemos servi\u00e7os de Forensic e Peritagem Judicial em toda a Espanha - +34 911 99 56 51\" \/>\n<meta property=\"og:url\" content=\"https:\/\/www.martinsdelima.com\/pt-pt\/periciais\/\" \/>\n<meta property=\"og:site_name\" content=\"Martinsdelima\" \/>\n<meta property=\"article:modified_time\" content=\"2026-02-15T13:51:56+00:00\" \/>\n<meta property=\"og:image\" content=\"https:\/\/mligy6wbr5rs.i.optimole.com\/w:auto\/h:auto\/q:mauto\/f:best\/https:\/\/www.martinsdelima.com\/wp-content\/uploads\/2024\/09\/Foto-11-9-24-10-28-37-1-scaled.jpg\" \/>\n\t<meta property=\"og:image:width\" content=\"2560\" \/>\n\t<meta property=\"og:image:height\" content=\"1343\" \/>\n\t<meta property=\"og:image:type\" content=\"image\/jpeg\" \/>\n<meta name=\"twitter:card\" content=\"summary_large_image\" \/>\n<meta name=\"twitter:label1\" content=\"Tempo estimado de leitura\" \/>\n\t<meta name=\"twitter:data1\" content=\"2 minutos\" \/>\n<script type=\"application\/ld+json\" class=\"yoast-schema-graph\">{\"@context\":\"https:\/\/schema.org\",\"@graph\":[{\"@type\":\"WebPage\",\"@id\":\"https:\/\/www.martinsdelima.com\/pt-pt\/periciais\/\",\"url\":\"https:\/\/www.martinsdelima.com\/pt-pt\/periciais\/\",\"name\":\"Forensic e Peritagem Judicial\",\"isPartOf\":{\"@id\":\"https:\/\/www.martinsdelima.com\/pt-pt\/#website\"},\"primaryImageOfPage\":{\"@id\":\"https:\/\/www.martinsdelima.com\/pt-pt\/periciais\/#primaryimage\"},\"image\":{\"@id\":\"https:\/\/www.martinsdelima.com\/pt-pt\/periciais\/#primaryimage\"},\"thumbnailUrl\":\"https:\/\/mligy6wbr5rs.i.optimole.com\/w:auto\/h:auto\/q:mauto\/f:best\/https:\/\/www.martinsdelima.com\/wp-content\/uploads\/2024\/09\/Foto-11-9-24-10-28-37-1-scaled.jpg\",\"datePublished\":\"2022-09-29T11:49:42+00:00\",\"dateModified\":\"2026-02-15T13:51:56+00:00\",\"description\":\"Forensic e Peritagem Judicial. - Na Martins de Lima, oferecemos servi\u00e7os de Forensic e Peritagem Judicial em toda a Espanha - +34 911 99 56 51\",\"breadcrumb\":{\"@id\":\"https:\/\/www.martinsdelima.com\/pt-pt\/periciais\/#breadcrumb\"},\"inLanguage\":\"pt-PT\",\"potentialAction\":[{\"@type\":\"ReadAction\",\"target\":[\"https:\/\/www.martinsdelima.com\/pt-pt\/periciais\/\"]}]},{\"@type\":\"ImageObject\",\"inLanguage\":\"pt-PT\",\"@id\":\"https:\/\/www.martinsdelima.com\/pt-pt\/periciais\/#primaryimage\",\"url\":\"https:\/\/mligy6wbr5rs.i.optimole.com\/w:auto\/h:auto\/q:mauto\/f:best\/https:\/\/www.martinsdelima.com\/wp-content\/uploads\/2024\/09\/Foto-11-9-24-10-28-37-1-scaled.jpg\",\"contentUrl\":\"https:\/\/mligy6wbr5rs.i.optimole.com\/w:auto\/h:auto\/q:mauto\/f:best\/https:\/\/www.martinsdelima.com\/wp-content\/uploads\/2024\/09\/Foto-11-9-24-10-28-37-1-scaled.jpg\",\"width\":2560,\"height\":1343,\"caption\":\"Forensic e peritagem judicial Martins de Lima\"},{\"@type\":\"BreadcrumbList\",\"@id\":\"https:\/\/www.martinsdelima.com\/pt-pt\/periciais\/#breadcrumb\",\"itemListElement\":[{\"@type\":\"ListItem\",\"position\":1,\"name\":\"P\u00e1gina inicial\",\"item\":\"https:\/\/www.martinsdelima.com\/pt-pt\/inicio\/\"},{\"@type\":\"ListItem\",\"position\":2,\"name\":\"Periciais\"}]},{\"@type\":\"WebSite\",\"@id\":\"https:\/\/www.martinsdelima.com\/pt-pt\/#website\",\"url\":\"https:\/\/www.martinsdelima.com\/pt-pt\/\",\"name\":\"Martinsdelima\",\"description\":\"Forensic&amp;Finance\",\"publisher\":{\"@id\":\"https:\/\/www.martinsdelima.com\/pt-pt\/#organization\"},\"potentialAction\":[{\"@type\":\"SearchAction\",\"target\":{\"@type\":\"EntryPoint\",\"urlTemplate\":\"https:\/\/www.martinsdelima.com\/pt-pt\/?s={search_term_string}\"},\"query-input\":{\"@type\":\"PropertyValueSpecification\",\"valueRequired\":true,\"valueName\":\"search_term_string\"}}],\"inLanguage\":\"pt-PT\"},{\"@type\":\"Organization\",\"@id\":\"https:\/\/www.martinsdelima.com\/pt-pt\/#organization\",\"name\":\"Martinsdelima\",\"url\":\"https:\/\/www.martinsdelima.com\/pt-pt\/\",\"logo\":{\"@type\":\"ImageObject\",\"inLanguage\":\"pt-PT\",\"@id\":\"https:\/\/www.martinsdelima.com\/pt-pt\/#\/schema\/logo\/image\/\",\"url\":\"https:\/\/mligy6wbr5rs.i.optimole.com\/w:auto\/h:auto\/q:mauto\/f:best\/https:\/\/www.martinsdelima.com\/wp-content\/uploads\/2025\/10\/martinsdelima-letras-claras-horizontal.png\",\"contentUrl\":\"https:\/\/mligy6wbr5rs.i.optimole.com\/w:auto\/h:auto\/q:mauto\/f:best\/https:\/\/www.martinsdelima.com\/wp-content\/uploads\/2025\/10\/martinsdelima-letras-claras-horizontal.png\",\"width\":1315,\"height\":217,\"caption\":\"Martinsdelima\"},\"image\":{\"@id\":\"https:\/\/www.martinsdelima.com\/pt-pt\/#\/schema\/logo\/image\/\"}}]}<\/script>\n<!-- \/ Yoast SEO plugin. -->","yoast_head_json":{"title":"Forensic e Peritagem Judicial","description":"Forensic e Peritagem Judicial. - Na Martins de Lima, oferecemos servi\u00e7os de Forensic e Peritagem Judicial em toda a Espanha - +34 911 99 56 51","robots":{"index":"index","follow":"follow","max-snippet":"max-snippet:-1","max-image-preview":"max-image-preview:large","max-video-preview":"max-video-preview:-1"},"canonical":"https:\/\/www.martinsdelima.com\/pt-pt\/periciais\/","og_locale":"pt_PT","og_type":"article","og_title":"Forensic e Peritagem Judicial","og_description":"Forensic e Peritagem Judicial. - Na Martins de Lima, oferecemos servi\u00e7os de Forensic e Peritagem Judicial em toda a Espanha - +34 911 99 56 51","og_url":"https:\/\/www.martinsdelima.com\/pt-pt\/periciais\/","og_site_name":"Martinsdelima","article_modified_time":"2026-02-15T13:51:56+00:00","og_image":[{"width":2560,"height":1343,"url":"https:\/\/mligy6wbr5rs.i.optimole.com\/w:auto\/h:auto\/q:mauto\/f:best\/https:\/\/www.martinsdelima.com\/wp-content\/uploads\/2024\/09\/Foto-11-9-24-10-28-37-1-scaled.jpg","type":"image\/jpeg"}],"twitter_card":"summary_large_image","twitter_misc":{"Tempo estimado de leitura":"2 minutos"},"schema":{"@context":"https:\/\/schema.org","@graph":[{"@type":"WebPage","@id":"https:\/\/www.martinsdelima.com\/pt-pt\/periciais\/","url":"https:\/\/www.martinsdelima.com\/pt-pt\/periciais\/","name":"Forensic e Peritagem Judicial","isPartOf":{"@id":"https:\/\/www.martinsdelima.com\/pt-pt\/#website"},"primaryImageOfPage":{"@id":"https:\/\/www.martinsdelima.com\/pt-pt\/periciais\/#primaryimage"},"image":{"@id":"https:\/\/www.martinsdelima.com\/pt-pt\/periciais\/#primaryimage"},"thumbnailUrl":"https:\/\/mligy6wbr5rs.i.optimole.com\/w:auto\/h:auto\/q:mauto\/f:best\/https:\/\/www.martinsdelima.com\/wp-content\/uploads\/2024\/09\/Foto-11-9-24-10-28-37-1-scaled.jpg","datePublished":"2022-09-29T11:49:42+00:00","dateModified":"2026-02-15T13:51:56+00:00","description":"Forensic e Peritagem Judicial. - Na Martins de Lima, oferecemos servi\u00e7os de Forensic e Peritagem Judicial em toda a Espanha - +34 911 99 56 51","breadcrumb":{"@id":"https:\/\/www.martinsdelima.com\/pt-pt\/periciais\/#breadcrumb"},"inLanguage":"pt-PT","potentialAction":[{"@type":"ReadAction","target":["https:\/\/www.martinsdelima.com\/pt-pt\/periciais\/"]}]},{"@type":"ImageObject","inLanguage":"pt-PT","@id":"https:\/\/www.martinsdelima.com\/pt-pt\/periciais\/#primaryimage","url":"https:\/\/mligy6wbr5rs.i.optimole.com\/w:auto\/h:auto\/q:mauto\/f:best\/https:\/\/www.martinsdelima.com\/wp-content\/uploads\/2024\/09\/Foto-11-9-24-10-28-37-1-scaled.jpg","contentUrl":"https:\/\/mligy6wbr5rs.i.optimole.com\/w:auto\/h:auto\/q:mauto\/f:best\/https:\/\/www.martinsdelima.com\/wp-content\/uploads\/2024\/09\/Foto-11-9-24-10-28-37-1-scaled.jpg","width":2560,"height":1343,"caption":"Forensic e peritagem judicial Martins de Lima"},{"@type":"BreadcrumbList","@id":"https:\/\/www.martinsdelima.com\/pt-pt\/periciais\/#breadcrumb","itemListElement":[{"@type":"ListItem","position":1,"name":"P\u00e1gina inicial","item":"https:\/\/www.martinsdelima.com\/pt-pt\/inicio\/"},{"@type":"ListItem","position":2,"name":"Periciais"}]},{"@type":"WebSite","@id":"https:\/\/www.martinsdelima.com\/pt-pt\/#website","url":"https:\/\/www.martinsdelima.com\/pt-pt\/","name":"Martinsdelima","description":"Forensic&amp;Finance","publisher":{"@id":"https:\/\/www.martinsdelima.com\/pt-pt\/#organization"},"potentialAction":[{"@type":"SearchAction","target":{"@type":"EntryPoint","urlTemplate":"https:\/\/www.martinsdelima.com\/pt-pt\/?s={search_term_string}"},"query-input":{"@type":"PropertyValueSpecification","valueRequired":true,"valueName":"search_term_string"}}],"inLanguage":"pt-PT"},{"@type":"Organization","@id":"https:\/\/www.martinsdelima.com\/pt-pt\/#organization","name":"Martinsdelima","url":"https:\/\/www.martinsdelima.com\/pt-pt\/","logo":{"@type":"ImageObject","inLanguage":"pt-PT","@id":"https:\/\/www.martinsdelima.com\/pt-pt\/#\/schema\/logo\/image\/","url":"https:\/\/mligy6wbr5rs.i.optimole.com\/w:auto\/h:auto\/q:mauto\/f:best\/https:\/\/www.martinsdelima.com\/wp-content\/uploads\/2025\/10\/martinsdelima-letras-claras-horizontal.png","contentUrl":"https:\/\/mligy6wbr5rs.i.optimole.com\/w:auto\/h:auto\/q:mauto\/f:best\/https:\/\/www.martinsdelima.com\/wp-content\/uploads\/2025\/10\/martinsdelima-letras-claras-horizontal.png","width":1315,"height":217,"caption":"Martinsdelima"},"image":{"@id":"https:\/\/www.martinsdelima.com\/pt-pt\/#\/schema\/logo\/image\/"}}]}},"_links":{"self":[{"href":"https:\/\/www.martinsdelima.com\/pt-pt\/wp-json\/wp\/v2\/pages\/11291","targetHints":{"allow":["GET"]}}],"collection":[{"href":"https:\/\/www.martinsdelima.com\/pt-pt\/wp-json\/wp\/v2\/pages"}],"about":[{"href":"https:\/\/www.martinsdelima.com\/pt-pt\/wp-json\/wp\/v2\/types\/page"}],"author":[{"embeddable":true,"href":"https:\/\/www.martinsdelima.com\/pt-pt\/wp-json\/wp\/v2\/users\/1"}],"replies":[{"embeddable":true,"href":"https:\/\/www.martinsdelima.com\/pt-pt\/wp-json\/wp\/v2\/comments?post=11291"}],"version-history":[{"count":5,"href":"https:\/\/www.martinsdelima.com\/pt-pt\/wp-json\/wp\/v2\/pages\/11291\/revisions"}],"predecessor-version":[{"id":12147,"href":"https:\/\/www.martinsdelima.com\/pt-pt\/wp-json\/wp\/v2\/pages\/11291\/revisions\/12147"}],"wp:featuredmedia":[{"embeddable":true,"href":"https:\/\/www.martinsdelima.com\/pt-pt\/wp-json\/wp\/v2\/media\/10600"}],"wp:attachment":[{"href":"https:\/\/www.martinsdelima.com\/pt-pt\/wp-json\/wp\/v2\/media?parent=11291"}],"curies":[{"name":"wp","href":"https:\/\/api.w.org\/{rel}","templated":true}]}}