{"id":11365,"date":"2022-09-29T14:32:00","date_gmt":"2022-09-29T14:32:00","guid":{"rendered":"https:\/\/www.martinsdelima.com\/financas-corporativas\/"},"modified":"2026-02-13T12:56:23","modified_gmt":"2026-02-13T12:56:23","slug":"financas-corporativas","status":"publish","type":"page","link":"https:\/\/www.martinsdelima.com\/pt-pt\/financas-corporativas\/","title":{"rendered":"Finan\u00e7as Corporativas"},"content":{"rendered":"\t\t<div data-elementor-type=\"wp-page\" data-elementor-id=\"11365\" class=\"elementor elementor-11365 elementor-568\" data-elementor-post-type=\"page\">\n\t\t\t\t\t\t<section class=\"elementor-section elementor-top-section elementor-element elementor-element-3a391b3 elementor-section-full_width elementor-section-stretched elementor-section-height-default elementor-section-height-default\" data-id=\"3a391b3\" data-element_type=\"section\" data-settings=\"{&quot;stretch_section&quot;:&quot;section-stretched&quot;,&quot;background_background&quot;:&quot;classic&quot;}\">\n\t\t\t\t\t\t\t<div class=\"elementor-background-overlay\"><\/div>\n\t\t\t\t\t\t\t<div class=\"elementor-container elementor-column-gap-default\">\n\t\t\t\t\t<div class=\"elementor-column elementor-col-100 elementor-top-column elementor-element elementor-element-08a0e80\" data-id=\"08a0e80\" data-element_type=\"column\">\n\t\t\t<div class=\"elementor-widget-wrap elementor-element-populated\">\n\t\t\t\t\t\t<div class=\"elementor-element elementor-element-55426bd elementor-widget elementor-widget-heading\" data-id=\"55426bd\" data-element_type=\"widget\" data-widget_type=\"heading.default\">\n\t\t\t\t<div class=\"elementor-widget-container\">\n\t\t\t\t\t<h2 class=\"elementor-heading-title elementor-size-default\"><b>Consultoria Financeira<\/b><\/h2>\t\t\t\t<\/div>\n\t\t\t\t<\/div>\n\t\t\t\t\t<\/div>\n\t\t<\/div>\n\t\t\t\t\t<\/div>\n\t\t<\/section>\n\t\t<div class=\"elementor-element elementor-element-ab53969 e-flex e-con-boxed e-con e-parent\" data-id=\"ab53969\" data-element_type=\"container\" data-settings=\"{&quot;background_background&quot;:&quot;classic&quot;}\">\n\t\t\t\t\t<div class=\"e-con-inner\">\n\t\t<div class=\"elementor-element elementor-element-b4ce634 e-con-full e-flex e-con e-child\" data-id=\"b4ce634\" data-element_type=\"container\">\n\t\t\t\t<div class=\"elementor-element elementor-element-35f63fc elementor-widget elementor-widget-heading\" data-id=\"35f63fc\" data-element_type=\"widget\" data-widget_type=\"heading.default\">\n\t\t\t\t<div class=\"elementor-widget-container\">\n\t\t\t\t\t<h3 class=\"elementor-heading-title elementor-size-default\"><b>\u00c1reas de especializa\u00e7\u00e3o<\/b><\/h3>\t\t\t\t<\/div>\n\t\t\t\t<\/div>\n\t\t\t\t<\/div>\n\t\t\t\t\t<\/div>\n\t\t\t\t<\/div>\n\t\t<div class=\"elementor-element elementor-element-a7374e6 e-flex e-con-boxed e-con e-parent\" data-id=\"a7374e6\" data-element_type=\"container\">\n\t\t\t\t\t<div class=\"e-con-inner\">\n\t\t<div class=\"elementor-element elementor-element-5d64e37 e-con-full e-flex e-con e-child\" data-id=\"5d64e37\" data-element_type=\"container\">\n\t\t<div class=\"elementor-element elementor-element-c69c5ad e-con-full e-flex e-con e-child\" data-id=\"c69c5ad\" data-element_type=\"container\" data-settings=\"{&quot;background_background&quot;:&quot;classic&quot;}\">\n\t\t\t\t<div class=\"elementor-element elementor-element-1b0163c elementor-widget elementor-widget-heading\" data-id=\"1b0163c\" data-element_type=\"widget\" data-widget_type=\"heading.default\">\n\t\t\t\t<div class=\"elementor-widget-container\">\n\t\t\t\t\t<h3 class=\"elementor-heading-title elementor-size-default\"><a href=\"https:\/\/www.martinsdelima.com\/pt-pt\/avaliacoes\/\"><b>Avalia\u00e7\u00f5es<\/b><\/a><\/h3>\t\t\t\t<\/div>\n\t\t\t\t<\/div>\n\t\t\t\t<div class=\"elementor-element elementor-element-2ba0ce4 elementor-widget elementor-widget-heading\" data-id=\"2ba0ce4\" data-element_type=\"widget\" data-widget_type=\"heading.default\">\n\t\t\t\t<div class=\"elementor-widget-container\">\n\t\t\t\t\t<h5 class=\"elementor-heading-title elementor-size-default\"><a href=\"https:\/\/www.martinsdelima.com\/pt-pt\/avaliacoes\/\"><br>Avalia\u00e7\u00e3o de Empresas e Unidades<br><br>Avalia\u00e7\u00e3o de Derivados<br><br>Avalia\u00e7\u00e3o de Projetos e PPA<br><br>Avalia\u00e7\u00e3o de Fundos e Carteiras de Ativos<br><br>Avalia\u00e7\u00e3o de Desportistas<br><br>Avalia\u00e7\u00e3o de Propriedade Intelectual e Marcas<br><\/a><\/h5>\t\t\t\t<\/div>\n\t\t\t\t<\/div>\n\t\t\t\t<\/div>\n\t\t\t\t<\/div>\n\t\t<div class=\"elementor-element elementor-element-65a9724 e-con-full e-flex e-con e-child\" data-id=\"65a9724\" data-element_type=\"container\">\n\t\t<div class=\"elementor-element elementor-element-5d99157 e-con-full e-flex e-con e-child\" data-id=\"5d99157\" data-element_type=\"container\" data-settings=\"{&quot;background_background&quot;:&quot;classic&quot;}\">\n\t\t\t\t<div class=\"elementor-element elementor-element-17d41c0 elementor-widget elementor-widget-heading\" data-id=\"17d41c0\" data-element_type=\"widget\" data-widget_type=\"heading.default\">\n\t\t\t\t<div class=\"elementor-widget-container\">\n\t\t\t\t\t<h3 class=\"elementor-heading-title elementor-size-default\"><a href=\"https:\/\/www.martinsdelima.com\/pt-pt\/fusoes-e-aquisicoes\/\"><b>Fus\u00f5es e Aquisi\u00e7\u00f5es (M&amp;A)<\/b><\/a><\/h3>\t\t\t\t<\/div>\n\t\t\t\t<\/div>\n\t\t\t\t<div class=\"elementor-element elementor-element-f3b01c2 elementor-widget elementor-widget-heading\" data-id=\"f3b01c2\" data-element_type=\"widget\" data-widget_type=\"heading.default\">\n\t\t\t\t<div class=\"elementor-widget-container\">\n\t\t\t\t\t<h5 class=\"elementor-heading-title elementor-size-default\"><a href=\"https:\/\/www.martinsdelima.com\/pt-pt\/fusoes-e-aquisicoes\/\"><br>Procura de Investidores<br><br>Carta de Inten\u00e7\u00f5es<br><br>Due Diligence<br><br>Apoio em Contratos de Compra e Venda<br><br>Acordos de S\u00f3cios-Diretores<br><br>P\u00f3s M&amp;A<\/a><\/h5>\t\t\t\t<\/div>\n\t\t\t\t<\/div>\n\t\t\t\t<\/div>\n\t\t\t\t<\/div>\n\t\t\t\t\t<\/div>\n\t\t\t\t<\/div>\n\t\t<div class=\"elementor-element elementor-element-baf2097 e-flex e-con-boxed e-con e-parent\" data-id=\"baf2097\" data-element_type=\"container\">\n\t\t\t\t\t<div class=\"e-con-inner\">\n\t\t<div class=\"elementor-element elementor-element-b816673 e-con-full e-flex e-con e-child\" data-id=\"b816673\" data-element_type=\"container\">\n\t\t<div class=\"elementor-element elementor-element-bf77972 e-con-full e-flex e-con e-child\" data-id=\"bf77972\" data-element_type=\"container\" data-settings=\"{&quot;background_background&quot;:&quot;classic&quot;}\">\n\t\t\t\t<div class=\"elementor-element elementor-element-ebd3d1f elementor-widget elementor-widget-heading\" data-id=\"ebd3d1f\" data-element_type=\"widget\" data-widget_type=\"heading.default\">\n\t\t\t\t<div class=\"elementor-widget-container\">\n\t\t\t\t\t<h3 class=\"elementor-heading-title elementor-size-default\"><a href=\"https:\/\/www.martinsdelima.com\/pt-pt\/planos-de-negocios\/\"><b>Planos de Neg\u00f3cio<\/b><\/a><\/h3>\t\t\t\t<\/div>\n\t\t\t\t<\/div>\n\t\t\t\t<div class=\"elementor-element elementor-element-9ec91c8 elementor-widget elementor-widget-heading\" data-id=\"9ec91c8\" data-element_type=\"widget\" data-widget_type=\"heading.default\">\n\t\t\t\t<div class=\"elementor-widget-container\">\n\t\t\t\t\t<h5 class=\"elementor-heading-title elementor-size-default\"><a href=\"https:\/\/www.martinsdelima.com\/pt-pt\/planos-de-negocios\/\"><br>Planos Estrat\u00e9gicos<br><br>An\u00e1lise de Mercados e Setoriais<br><br>Financiamento de Planos de Neg\u00f3cio<br><br>An\u00e1lise de Coberturas Financeiras<br><br>Planos de Investimento em Publicidade e Marketing<br><br>Planos de Investimentos<\/a><\/h5>\t\t\t\t<\/div>\n\t\t\t\t<\/div>\n\t\t\t\t<\/div>\n\t\t\t\t<\/div>\n\t\t<div class=\"elementor-element elementor-element-2dae289 e-con-full e-flex e-con e-child\" data-id=\"2dae289\" data-element_type=\"container\">\n\t\t<div class=\"elementor-element elementor-element-5327739 e-con-full e-flex e-con e-child\" data-id=\"5327739\" data-element_type=\"container\" data-settings=\"{&quot;background_background&quot;:&quot;classic&quot;}\">\n\t\t\t\t<div class=\"elementor-element elementor-element-c4e86fe elementor-widget elementor-widget-heading\" data-id=\"c4e86fe\" data-element_type=\"widget\" data-widget_type=\"heading.default\">\n\t\t\t\t<div class=\"elementor-widget-container\">\n\t\t\t\t\t<h3 class=\"elementor-heading-title elementor-size-default\"><a href=\"https:\/\/www.martinsdelima.com\/pt-pt\/reestruturacoes\/\"><b>Reestrutura\u00e7\u00f5es<\/b><\/a><\/h3>\t\t\t\t<\/div>\n\t\t\t\t<\/div>\n\t\t\t\t<div class=\"elementor-element elementor-element-acb6269 elementor-widget elementor-widget-heading\" data-id=\"acb6269\" data-element_type=\"widget\" data-widget_type=\"heading.default\">\n\t\t\t\t<div class=\"elementor-widget-container\">\n\t\t\t\t\t<h5 class=\"elementor-heading-title elementor-size-default\"><a href=\"https:\/\/www.martinsdelima.com\/pt-pt\/reestruturacoes\/\"><br>D\u00edvida<br><br>Derivados<br><br>Recursos Humanos<br><br>Geogr\u00e1fica<br><br>Perante Altera\u00e7\u00f5es Regulat\u00f3rias<br><br>Venda e Loca\u00e7\u00e3o Posterior (Sale &amp; Lease-Back)<\/a><\/h5>\t\t\t\t<\/div>\n\t\t\t\t<\/div>\n\t\t\t\t<\/div>\n\t\t\t\t<\/div>\n\t\t\t\t\t<\/div>\n\t\t\t\t<\/div>\n\t\t\t\t<\/div>\n\t\t","protected":false},"excerpt":{"rendered":"<p>Consultoria Financeira \u00c1reas de especializa\u00e7\u00e3o Avalia\u00e7\u00f5es Avalia\u00e7\u00e3o de Empresas e Unidades Avalia\u00e7\u00e3o de Derivados Avalia\u00e7\u00e3o de Projetos e PPA Avalia\u00e7\u00e3o de Fundos e Carteiras de Ativos Avalia\u00e7\u00e3o de Desportistas Avalia\u00e7\u00e3o de Propriedade Intelectual e Marcas Fus\u00f5es e Aquisi\u00e7\u00f5es (M&amp;A) Procura de Investidores Carta de Inten\u00e7\u00f5es Due Diligence Apoio em Contratos [&hellip;]<\/p>\n","protected":false},"author":1,"featured_media":0,"parent":0,"menu_order":0,"comment_status":"closed","ping_status":"closed","template":"page-templates\/template-pagebuilder-full-width.php","meta":{"footnotes":""},"class_list":["post-11365","page","type-page","status-publish","hentry"],"yoast_head":"<!-- This site is optimized with the Yoast SEO plugin v26.4 - https:\/\/yoast.com\/wordpress\/plugins\/seo\/ -->\n<title>Finan\u00e7as Corporativas - Martinsdelima<\/title>\n<meta name=\"robots\" content=\"index, follow, max-snippet:-1, max-image-preview:large, max-video-preview:-1\" \/>\n<link rel=\"canonical\" href=\"https:\/\/www.martinsdelima.com\/pt-pt\/financas-corporativas\/\" \/>\n<meta property=\"og:locale\" content=\"pt_PT\" \/>\n<meta property=\"og:type\" content=\"article\" \/>\n<meta property=\"og:title\" content=\"Finan\u00e7as Corporativas - Martinsdelima\" \/>\n<meta property=\"og:description\" content=\"Consultoria Financeira \u00c1reas de especializa\u00e7\u00e3o Avalia\u00e7\u00f5es Avalia\u00e7\u00e3o de Empresas e Unidades Avalia\u00e7\u00e3o de Derivados Avalia\u00e7\u00e3o de Projetos e PPA Avalia\u00e7\u00e3o de Fundos e Carteiras de Ativos Avalia\u00e7\u00e3o de Desportistas Avalia\u00e7\u00e3o de Propriedade Intelectual e Marcas Fus\u00f5es e Aquisi\u00e7\u00f5es (M&amp;A) Procura de Investidores Carta de Inten\u00e7\u00f5es Due Diligence Apoio em Contratos [&hellip;]\" \/>\n<meta property=\"og:url\" content=\"https:\/\/www.martinsdelima.com\/pt-pt\/financas-corporativas\/\" \/>\n<meta property=\"og:site_name\" content=\"Martinsdelima\" \/>\n<meta property=\"article:modified_time\" content=\"2026-02-13T12:56:23+00:00\" \/>\n<meta name=\"twitter:card\" content=\"summary_large_image\" \/>\n<meta name=\"twitter:label1\" content=\"Tempo estimado de leitura\" \/>\n\t<meta name=\"twitter:data1\" content=\"1 minuto\" \/>\n<script type=\"application\/ld+json\" class=\"yoast-schema-graph\">{\"@context\":\"https:\/\/schema.org\",\"@graph\":[{\"@type\":\"WebPage\",\"@id\":\"https:\/\/www.martinsdelima.com\/pt-pt\/financas-corporativas\/\",\"url\":\"https:\/\/www.martinsdelima.com\/pt-pt\/financas-corporativas\/\",\"name\":\"Finan\u00e7as Corporativas - Martinsdelima\",\"isPartOf\":{\"@id\":\"https:\/\/www.martinsdelima.com\/pt-pt\/#website\"},\"datePublished\":\"2022-09-29T14:32:00+00:00\",\"dateModified\":\"2026-02-13T12:56:23+00:00\",\"breadcrumb\":{\"@id\":\"https:\/\/www.martinsdelima.com\/pt-pt\/financas-corporativas\/#breadcrumb\"},\"inLanguage\":\"pt-PT\",\"potentialAction\":[{\"@type\":\"ReadAction\",\"target\":[\"https:\/\/www.martinsdelima.com\/pt-pt\/financas-corporativas\/\"]}]},{\"@type\":\"BreadcrumbList\",\"@id\":\"https:\/\/www.martinsdelima.com\/pt-pt\/financas-corporativas\/#breadcrumb\",\"itemListElement\":[{\"@type\":\"ListItem\",\"position\":1,\"name\":\"P\u00e1gina inicial\",\"item\":\"https:\/\/www.martinsdelima.com\/pt-pt\/inicio\/\"},{\"@type\":\"ListItem\",\"position\":2,\"name\":\"Finan\u00e7as Corporativas\"}]},{\"@type\":\"WebSite\",\"@id\":\"https:\/\/www.martinsdelima.com\/pt-pt\/#website\",\"url\":\"https:\/\/www.martinsdelima.com\/pt-pt\/\",\"name\":\"Martinsdelima\",\"description\":\"Forensic&amp;Finance\",\"publisher\":{\"@id\":\"https:\/\/www.martinsdelima.com\/pt-pt\/#organization\"},\"potentialAction\":[{\"@type\":\"SearchAction\",\"target\":{\"@type\":\"EntryPoint\",\"urlTemplate\":\"https:\/\/www.martinsdelima.com\/pt-pt\/?s={search_term_string}\"},\"query-input\":{\"@type\":\"PropertyValueSpecification\",\"valueRequired\":true,\"valueName\":\"search_term_string\"}}],\"inLanguage\":\"pt-PT\"},{\"@type\":\"Organization\",\"@id\":\"https:\/\/www.martinsdelima.com\/pt-pt\/#organization\",\"name\":\"Martinsdelima\",\"url\":\"https:\/\/www.martinsdelima.com\/pt-pt\/\",\"logo\":{\"@type\":\"ImageObject\",\"inLanguage\":\"pt-PT\",\"@id\":\"https:\/\/www.martinsdelima.com\/pt-pt\/#\/schema\/logo\/image\/\",\"url\":\"https:\/\/mligy6wbr5rs.i.optimole.com\/w:auto\/h:auto\/q:mauto\/f:best\/https:\/\/www.martinsdelima.com\/wp-content\/uploads\/2025\/10\/martinsdelima-letras-claras-horizontal.png\",\"contentUrl\":\"https:\/\/mligy6wbr5rs.i.optimole.com\/w:auto\/h:auto\/q:mauto\/f:best\/https:\/\/www.martinsdelima.com\/wp-content\/uploads\/2025\/10\/martinsdelima-letras-claras-horizontal.png\",\"width\":1315,\"height\":217,\"caption\":\"Martinsdelima\"},\"image\":{\"@id\":\"https:\/\/www.martinsdelima.com\/pt-pt\/#\/schema\/logo\/image\/\"}}]}<\/script>\n<!-- \/ Yoast SEO plugin. -->","yoast_head_json":{"title":"Finan\u00e7as Corporativas - Martinsdelima","robots":{"index":"index","follow":"follow","max-snippet":"max-snippet:-1","max-image-preview":"max-image-preview:large","max-video-preview":"max-video-preview:-1"},"canonical":"https:\/\/www.martinsdelima.com\/pt-pt\/financas-corporativas\/","og_locale":"pt_PT","og_type":"article","og_title":"Finan\u00e7as Corporativas - Martinsdelima","og_description":"Consultoria Financeira \u00c1reas de especializa\u00e7\u00e3o Avalia\u00e7\u00f5es Avalia\u00e7\u00e3o de Empresas e Unidades Avalia\u00e7\u00e3o de Derivados Avalia\u00e7\u00e3o de Projetos e PPA Avalia\u00e7\u00e3o de Fundos e Carteiras de Ativos Avalia\u00e7\u00e3o de Desportistas Avalia\u00e7\u00e3o de Propriedade Intelectual e Marcas Fus\u00f5es e Aquisi\u00e7\u00f5es (M&amp;A) Procura de Investidores Carta de Inten\u00e7\u00f5es Due Diligence Apoio em Contratos [&hellip;]","og_url":"https:\/\/www.martinsdelima.com\/pt-pt\/financas-corporativas\/","og_site_name":"Martinsdelima","article_modified_time":"2026-02-13T12:56:23+00:00","twitter_card":"summary_large_image","twitter_misc":{"Tempo estimado de leitura":"1 minuto"},"schema":{"@context":"https:\/\/schema.org","@graph":[{"@type":"WebPage","@id":"https:\/\/www.martinsdelima.com\/pt-pt\/financas-corporativas\/","url":"https:\/\/www.martinsdelima.com\/pt-pt\/financas-corporativas\/","name":"Finan\u00e7as Corporativas - Martinsdelima","isPartOf":{"@id":"https:\/\/www.martinsdelima.com\/pt-pt\/#website"},"datePublished":"2022-09-29T14:32:00+00:00","dateModified":"2026-02-13T12:56:23+00:00","breadcrumb":{"@id":"https:\/\/www.martinsdelima.com\/pt-pt\/financas-corporativas\/#breadcrumb"},"inLanguage":"pt-PT","potentialAction":[{"@type":"ReadAction","target":["https:\/\/www.martinsdelima.com\/pt-pt\/financas-corporativas\/"]}]},{"@type":"BreadcrumbList","@id":"https:\/\/www.martinsdelima.com\/pt-pt\/financas-corporativas\/#breadcrumb","itemListElement":[{"@type":"ListItem","position":1,"name":"P\u00e1gina inicial","item":"https:\/\/www.martinsdelima.com\/pt-pt\/inicio\/"},{"@type":"ListItem","position":2,"name":"Finan\u00e7as Corporativas"}]},{"@type":"WebSite","@id":"https:\/\/www.martinsdelima.com\/pt-pt\/#website","url":"https:\/\/www.martinsdelima.com\/pt-pt\/","name":"Martinsdelima","description":"Forensic&amp;Finance","publisher":{"@id":"https:\/\/www.martinsdelima.com\/pt-pt\/#organization"},"potentialAction":[{"@type":"SearchAction","target":{"@type":"EntryPoint","urlTemplate":"https:\/\/www.martinsdelima.com\/pt-pt\/?s={search_term_string}"},"query-input":{"@type":"PropertyValueSpecification","valueRequired":true,"valueName":"search_term_string"}}],"inLanguage":"pt-PT"},{"@type":"Organization","@id":"https:\/\/www.martinsdelima.com\/pt-pt\/#organization","name":"Martinsdelima","url":"https:\/\/www.martinsdelima.com\/pt-pt\/","logo":{"@type":"ImageObject","inLanguage":"pt-PT","@id":"https:\/\/www.martinsdelima.com\/pt-pt\/#\/schema\/logo\/image\/","url":"https:\/\/mligy6wbr5rs.i.optimole.com\/w:auto\/h:auto\/q:mauto\/f:best\/https:\/\/www.martinsdelima.com\/wp-content\/uploads\/2025\/10\/martinsdelima-letras-claras-horizontal.png","contentUrl":"https:\/\/mligy6wbr5rs.i.optimole.com\/w:auto\/h:auto\/q:mauto\/f:best\/https:\/\/www.martinsdelima.com\/wp-content\/uploads\/2025\/10\/martinsdelima-letras-claras-horizontal.png","width":1315,"height":217,"caption":"Martinsdelima"},"image":{"@id":"https:\/\/www.martinsdelima.com\/pt-pt\/#\/schema\/logo\/image\/"}}]}},"_links":{"self":[{"href":"https:\/\/www.martinsdelima.com\/pt-pt\/wp-json\/wp\/v2\/pages\/11365","targetHints":{"allow":["GET"]}}],"collection":[{"href":"https:\/\/www.martinsdelima.com\/pt-pt\/wp-json\/wp\/v2\/pages"}],"about":[{"href":"https:\/\/www.martinsdelima.com\/pt-pt\/wp-json\/wp\/v2\/types\/page"}],"author":[{"embeddable":true,"href":"https:\/\/www.martinsdelima.com\/pt-pt\/wp-json\/wp\/v2\/users\/1"}],"replies":[{"embeddable":true,"href":"https:\/\/www.martinsdelima.com\/pt-pt\/wp-json\/wp\/v2\/comments?post=11365"}],"version-history":[{"count":3,"href":"https:\/\/www.martinsdelima.com\/pt-pt\/wp-json\/wp\/v2\/pages\/11365\/revisions"}],"predecessor-version":[{"id":11634,"href":"https:\/\/www.martinsdelima.com\/pt-pt\/wp-json\/wp\/v2\/pages\/11365\/revisions\/11634"}],"wp:attachment":[{"href":"https:\/\/www.martinsdelima.com\/pt-pt\/wp-json\/wp\/v2\/media?parent=11365"}],"curies":[{"name":"wp","href":"https:\/\/api.w.org\/{rel}","templated":true}]}}