{"id":11397,"date":"2022-09-19T08:17:03","date_gmt":"2022-09-19T08:17:03","guid":{"rendered":"https:\/\/www.martinsdelima.com\/politica-de-privacidade\/"},"modified":"2026-02-08T20:04:40","modified_gmt":"2026-02-08T20:04:40","slug":"politica-de-privacidade","status":"publish","type":"page","link":"https:\/\/www.martinsdelima.com\/pt-pt\/politica-de-privacidade\/","title":{"rendered":"Pol\u00edtica de Privacidade"},"content":{"rendered":"\t\t<div data-elementor-type=\"wp-page\" data-elementor-id=\"11397\" class=\"elementor elementor-11397 elementor-3\" data-elementor-post-type=\"page\">\n\t\t\t\t\t\t<section class=\"elementor-section elementor-top-section elementor-element elementor-element-32f7805 elementor-section-full_width elementor-section-stretched elementor-section-height-default elementor-section-height-default\" data-id=\"32f7805\" data-element_type=\"section\" data-settings=\"{&quot;stretch_section&quot;:&quot;section-stretched&quot;,&quot;background_background&quot;:&quot;classic&quot;}\">\n\t\t\t\t\t\t<div class=\"elementor-container elementor-column-gap-default\">\n\t\t\t\t\t<div class=\"elementor-column elementor-col-100 elementor-top-column elementor-element elementor-element-d0b5874\" data-id=\"d0b5874\" data-element_type=\"column\">\n\t\t\t<div class=\"elementor-widget-wrap elementor-element-populated\">\n\t\t\t\t\t\t<div class=\"elementor-element elementor-element-0550440 elementor-widget-mobile__width-initial elementor-widget elementor-widget-heading\" data-id=\"0550440\" data-element_type=\"widget\" data-widget_type=\"heading.default\">\n\t\t\t\t<div class=\"elementor-widget-container\">\n\t\t\t\t\t<h2 class=\"elementor-heading-title elementor-size-default\">Pol\u00edtica de Privacidade<\/h2>\t\t\t\t<\/div>\n\t\t\t\t<\/div>\n\t\t\t\t\t<\/div>\n\t\t<\/div>\n\t\t\t\t\t<\/div>\n\t\t<\/section>\n\t\t\t\t<section class=\"elementor-section elementor-top-section elementor-element elementor-element-323d3691 elementor-section-boxed elementor-section-height-default elementor-section-height-default\" data-id=\"323d3691\" data-element_type=\"section\">\n\t\t\t\t\t\t<div class=\"elementor-container elementor-column-gap-default\">\n\t\t\t\t\t<div class=\"elementor-column elementor-col-100 elementor-top-column elementor-element elementor-element-3e211db4\" data-id=\"3e211db4\" data-element_type=\"column\">\n\t\t\t<div class=\"elementor-widget-wrap elementor-element-populated\">\n\t\t\t\t\t\t<div class=\"elementor-element elementor-element-ea454b3 elementor-widget__width-initial elementor-widget elementor-widget-text-editor\" data-id=\"ea454b3\" data-element_type=\"widget\" data-widget_type=\"text-editor.default\">\n\t\t\t\t<div class=\"elementor-widget-container\">\n\t\t\t\t\t\t\t\t\t<p><span>Seguindo os princ\u00edpios da licitude, lealdade e transpar\u00eancia, colocamos \u00e0 sua disposi\u00e7\u00e3o a presente Pol\u00edtica de Privacidade.<br><br><\/span><\/p>\n<hr style=\"height: 2px; background-color: grey;\">\n<p><span style=\"color: #7d2728; font-weight: 500;\"><br>Quem \u00e9 o respons\u00e1vel pelo tratamento dos seus dados?<\/span><\/p>\n<p><span style=\"color: #7d2728; font-weight: 200;\">Respons\u00e1vel:<\/span><span style=\"font-size: inherit; color: var( --e-global-color-text ); word-spacing: var( --e-global-typography-text-word-spacing );\"> <span style=\"font-weight: 500;\">Martins de Lima S.L.<\/span><\/span><\/p>\n<p><span style=\"color: #7d2728; font-weight: 200;\">NIF: <\/span>B84866466<\/p>\n<p><span style=\"color: #7d2728; font-weight: 200;\">Domic\u00edlio social:<\/span> Calle Serrano 93, 5E, 28006, Madrid<\/p>\n<p><span style=\"color: #7d2728; font-weight: 200;\">Contacto:<\/span><\/p>\n<ul style=\"font-weight: 100;\">\n<li><span>Email: <a href=\"mailto:lopd@martinsdelima.com\">lopd@martinsdelima.com<\/a><\/span><\/li>\n<li><span>Telefone: 911995651<\/span><\/li>\n<\/ul>\n<hr style=\"height: 2px; background-color: grey;\">\n<p><span style=\"color: #7d2728; font-weight: 500;\"><br>Com que finalidade tratamos os seus dados pessoais?<\/span><\/p>\n<p><span>Na <span style=\"font-weight: 500;\">Martins de Lima S.L.<\/span>, dependendo da categoria de interessado em quest\u00e3o, tratamos a informa\u00e7\u00e3o que nos faculta com as seguintes finalidades:<br><\/span><span style=\"font-size: inherit; word-spacing: var( --e-global-typography-text-word-spacing );\"><br><span style=\"color: #7d2728;\">Potenciais clientes<\/span><\/span><\/p>\n<p><span>Gerir a potencial rela\u00e7\u00e3o comercial e\/ou profissional, gerir o envio de informa\u00e7\u00e3o solicitada e\/ou resolver as consultas apresentadas, facilitar ofertas dos nossos servi\u00e7os e\/ou produtos do seu interesse.<\/span><\/p>\n<p><span><span style=\"color: #7d2728;\">Clientes<\/span><br><\/span><span>Gerir a rela\u00e7\u00e3o comercial e\/ou profissional, facilitar ofertas dos nossos servi\u00e7os e\/ou produtos do seu interesse.<\/span><\/p>\n<p><span><span style=\"color: #7d2728;\">Fornecedores<\/span><br><\/span><span>Gerir a rela\u00e7\u00e3o comercial e\/ou profissional.<\/span><span>&nbsp;<\/span><\/p>\n<p><span><span style=\"color: #7d2728;\">Candidatos<\/span><br><\/span><span>Gerir o processo de sele\u00e7\u00e3o de pessoal.<\/span><\/p>\n<p><span><span style=\"color: #7d2728;\">Utilizadores web<\/span><br><\/span><span>Gerir a an\u00e1lise dos seus dados de navega\u00e7\u00e3o.<br><br><\/span><\/p>\n<hr style=\"height: 2px; background-color: grey;\">\n<p><span style=\"color: #7d2728; font-weight: 500;\"><br>Qual \u00e9 a legitimidade para o tratamento dos seus dados?<\/span><\/p>\n<p><span>A base legal para o tratamento dos seus dados pessoais, dependendo da categoria de interessado em quest\u00e3o, pode ser:<\/span><\/p>\n<p><span style=\"color: #7d2728;\">Potenciais clientes<\/span><\/p>\n<p><span>Art. 6.1.b RGPD: aplica\u00e7\u00e3o, a pedido do interessado, de medidas pr\u00e9-contratuais (or\u00e7amentos, folhas de encomenda, ofertas de servi\u00e7os\u2026).<\/span><\/p>\n<p><span>Art. 6.1.f RGPD: Interesse leg\u00edtimo (enviar informa\u00e7\u00e3o solicitada, responder \u00e0s consultas apresentadas\u2026).<\/span><\/p>\n<p><span>Art. 6.1.a RGPD: consentimento do pr\u00f3prio interessado (facilitar ofertas dos nossos servi\u00e7os e\/ou produtos).<\/span><\/p>\n<p><span style=\"color: #7d2728;\">Clientes<\/span><\/p>\n<p><span>Art. 6.1.b RGPD: execu\u00e7\u00e3o de um contrato em que o interessado \u00e9 parte.<\/span><\/p>\n<p><span style=\"color: #7d2728;\">Fornecedores<\/span><\/p>\n<p><span>Art. 6.1.b RGPD: execu\u00e7\u00e3o de um contrato em que o interessado \u00e9 parte.<\/span><\/p>\n<p><span style=\"color: #7d2728;\">Candidatos<\/span><\/p>\n<p><span>Art. 6.1.a RGPD: consentimento do pr\u00f3prio interessado.<\/span><\/p>\n<p><span style=\"color: #7d2728;\">Utilizadores web<\/span><\/p>\n<p><span>Art. 6.1.a RGPD: consentimento do pr\u00f3prio interessado.<\/span><\/p>\n<p><span>Os dados que lhe solicitamos s\u00e3o adequados, pertinentes e estritamente necess\u00e1rios e, em nenhum caso, est\u00e1 obrigado a facult\u00e1-los, mas a sua n\u00e3o comunica\u00e7\u00e3o poder\u00e1 afetar a finalidade do servi\u00e7o ou a impossibilidade de o prestar.<br><br><\/span><\/p>\n<hr style=\"height: 2px; background-color: grey;\">\n<p><span style=\"color: #7d2728; font-weight: 500;\"><br>Durante quanto tempo conservaremos os seus dados pessoais?<\/span><\/p>\n<p><span>Os seus dados ser\u00e3o conservados pelo tempo m\u00ednimo necess\u00e1rio para a correta presta\u00e7\u00e3o do servi\u00e7o oferecido, bem como para atender \u00e0s responsabilidades que possam derivar do mesmo e de qualquer outra exig\u00eancia legal.<br><br><\/span><\/p>\n<hr style=\"height: 2px; background-color: grey;\">\n<p><span style=\"color: #7d2728; font-weight: 500;\"><br>A que destinat\u00e1rios ser\u00e3o comunicados os seus dados?<\/span><\/p>\n<p><span style=\"color: var( --e-global-color-text ); word-spacing: var( --e-global-typography-text-word-spacing );\">A <span style=\"font-weight: 500;\">Martins de Lima S.L.<\/span><span> n\u00e3o comunicar\u00e1 os seus dados a nenhum terceiro, salvo se tal for expressamente informado.<\/span><\/span><\/p>\n<p><span>Adicionalmente, informamos que determinados dados, em virtude da legisla\u00e7\u00e3o vigente ou da rela\u00e7\u00e3o contratual que mantenha com a <span style=\"font-weight: 500;\">Martins de Lima S.L.,<\/span> poder\u00e3o ser comunicados a:<\/span><span>&nbsp;<\/span><\/p>\n<p><span>Os bancos e entidades financeiras para a cobran\u00e7a dos servi\u00e7os contratados e\/ou produtos comprados.<\/span><\/p>\n<p><span>Administra\u00e7\u00f5es p\u00fablicas com compet\u00eancia nos setores de atividade da <span style=\"font-weight: 500;\">Martins de Lima S.L.,<\/span> quando assim o estabele\u00e7a a legisla\u00e7\u00e3o vigente.<br><br><\/span><\/p>\n<hr style=\"height: 2px; background-color: grey;\">\n<p><span style=\"color: #7d2728; font-weight: 500;\"><br>Quais s\u00e3o os seus direitos quando nos faculta os seus dados?<\/span><\/p>\n<p><span>Os direitos de prote\u00e7\u00e3o de dados que poder\u00e3o ser exercidos pelos interessados, quando aplic\u00e1vel, s\u00e3o:<\/span><\/p>\n<ul style=\"font-weight: 100;\">\n<li><span>Direito a solicitar o acesso aos dados pessoais relativos ao interessado.<\/span><\/li>\n<li><span>Direito de retifica\u00e7\u00e3o ou elimina\u00e7\u00e3o.<\/span><\/li>\n<li><span>Direito de oposi\u00e7\u00e3o.<\/span><\/li>\n<li><span>Direito a solicitar a limita\u00e7\u00e3o do seu tratamento.<\/span><\/li>\n<li><span>Direito \u00e0 portabilidade dos dados.<\/span><\/li>\n<li><span>Direito a n\u00e3o ser objeto de decis\u00f5es baseadas unicamente no tratamento automatizado de dados.<\/span><\/li>\n<\/ul>\n<p><span>Os titulares dos dados pessoais obtidos poder\u00e3o exercer os seus direitos de prote\u00e7\u00e3o de dados pessoais dirigindo uma comunica\u00e7\u00e3o por escrito ao domic\u00edlio social da <span style=\"font-weight: 500;\">Martins de Lima S.L.<\/span> ou para o endere\u00e7o de correio eletr\u00f3nico habilitado para o efeito, <a href=\"mailto:lopd@martinsdelima.com\">lopd@martinsdelima.com<\/a>.<\/span><\/p>\n<p><span>Modelos, formul\u00e1rios e mais informa\u00e7\u00f5es dispon\u00edveis sobre os seus direitos na p\u00e1gina web da autoridade de controlo nacional, Ag\u00eancia Espanhola de Prote\u00e7\u00e3o de Dados, doravante, AEPD, <a href=\"http:\/\/www.aepd.es\" target=\"_blank\" rel=\"noopener\">www.aepd.es<\/a>.<br><br><\/span><\/p>\n<hr style=\"height: 2px; background-color: grey;\">\n<p><span style=\"color: #7d2728; font-weight: 500;\"><br>Posso retirar o consentimento?<\/span><\/p>\n<p><span>Tem a possibilidade e o direito de retirar o consentimento para qualquer finalidade espec\u00edfica outorgada no seu momento, sem que tal afete a licitude do tratamento baseado no consentimento pr\u00e9vio \u00e0 sua retirada.<br><br><\/span><\/p>\n<hr style=\"height: 2px; background-color: grey;\">\n<p><span style=\"color: #7d2728; font-weight: 500;\"><br>Onde posso reclamar caso considere que os meus dados n\u00e3o s\u00e3o tratados corretamente?<\/span><\/p>\n<p><span>Se algum interessado considerar que os seus dados n\u00e3o s\u00e3o tratados corretamente pela <span style=\"font-weight: 500;\">Martins de Lima S.L.<\/span> ou que os pedidos de exerc\u00edcio de direitos n\u00e3o foram atendidos de forma satisfat\u00f3ria, pode apresentar uma reclama\u00e7\u00e3o \u00e0 autoridade de prote\u00e7\u00e3o de dados que corresponda, sendo a AEPD a indicada no territ\u00f3rio nacional, <a href=\"http:\/\/www.aepd.es\" target=\"_blank\" rel=\"noopener\">www.aepd.es<\/a>.<br><br><\/span><\/p>\n<hr style=\"height: 2px; background-color: grey;\">\n<p><span style=\"color: #7d2728; font-weight: 500;\"><br>Seguran\u00e7a e atualiza\u00e7\u00e3o dos seus dados pessoais<\/span><\/p>\n<p><span>Com o objetivo de salvaguardar a seguran\u00e7a dos seus dados pessoais, informamos que foram adotadas todas as medidas de \u00edndole t\u00e9cnica e organizativa necess\u00e1rias para garantir a seguran\u00e7a dos dados pessoais fornecidos. Tudo isto para evitar a sua altera\u00e7\u00e3o, perda e\/ou tratamentos ou acessos n\u00e3o autorizados, tal como exige a legisla\u00e7\u00e3o, ainda que a seguran\u00e7a absoluta n\u00e3o exista. <\/span><span>&nbsp;<\/span><\/p>\n<p><span>\u00c9 importante que, para que possamos manter os seus dados pessoais atualizados, nos informe sempre que ocorra uma modifica\u00e7\u00e3o dos mesmos.<br><br><\/span><\/p>\n<hr style=\"height: 2px; background-color: grey;\">\n<p><span style=\"color: #7d2728; font-weight: 500;\"><br>Confidencialidade<\/span><\/p>\n<p><span>A <span style=\"font-weight: 500;\">Martins de Lima S.L.<\/span> informa que os seus dados ser\u00e3o tratados com o m\u00e1ximo zelo e confidencialidade por todo o pessoal que intervenha em qualquer uma das fases do tratamento. N\u00e3o cederemos nem comunicaremos a nenhum terceiro os seus dados, exceto nos casos legalmente previstos, ou salvo se o interessado nos tiver autorizado expressamente. <\/span><\/p>\t\t\t\t\t\t\t\t<\/div>\n\t\t\t\t<\/div>\n\t\t\t\t\t<\/div>\n\t\t<\/div>\n\t\t\t\t\t<\/div>\n\t\t<\/section>\n\t\t\t\t<section class=\"elementor-section elementor-top-section elementor-element elementor-element-f9e24ac elementor-section-boxed elementor-section-height-default elementor-section-height-default\" data-id=\"f9e24ac\" data-element_type=\"section\">\n\t\t\t\t\t\t<div class=\"elementor-container elementor-column-gap-default\">\n\t\t\t\t\t<div class=\"elementor-column elementor-col-100 elementor-top-column elementor-element elementor-element-6060ea1\" data-id=\"6060ea1\" data-element_type=\"column\">\n\t\t\t<div class=\"elementor-widget-wrap\">\n\t\t\t\t\t\t\t<\/div>\n\t\t<\/div>\n\t\t\t\t\t<\/div>\n\t\t<\/section>\n\t\t\t\t<\/div>\n\t\t","protected":false},"excerpt":{"rendered":"<p>Pol\u00edtica de Privacidade Seguindo os princ\u00edpios da licitude, lealdade e transpar\u00eancia, colocamos \u00e0 sua disposi\u00e7\u00e3o a presente Pol\u00edtica de Privacidade. Quem \u00e9 o respons\u00e1vel pelo tratamento dos seus dados? Respons\u00e1vel: Martins de Lima S.L. NIF: B84866466 Domic\u00edlio social: Calle Serrano 93, 5E, 28006, Madrid Contacto: Email: lopd@martinsdelima.com Telefone: 911995651 Com [&hellip;]<\/p>\n","protected":false},"author":1,"featured_media":0,"parent":0,"menu_order":0,"comment_status":"closed","ping_status":"open","template":"page-templates\/template-pagebuilder-full-width.php","meta":{"footnotes":""},"class_list":["post-11397","page","type-page","status-publish","hentry"],"yoast_head":"<!-- This site is optimized with the Yoast SEO plugin v26.4 - https:\/\/yoast.com\/wordpress\/plugins\/seo\/ -->\n<title>Pol\u00edtica de Privacidade - Martinsdelima<\/title>\n<meta name=\"robots\" content=\"index, follow, max-snippet:-1, max-image-preview:large, max-video-preview:-1\" \/>\n<link rel=\"canonical\" href=\"https:\/\/www.martinsdelima.com\/pt-pt\/politica-de-privacidade\/\" \/>\n<meta property=\"og:locale\" content=\"pt_PT\" \/>\n<meta property=\"og:type\" content=\"article\" \/>\n<meta property=\"og:title\" content=\"Pol\u00edtica de Privacidade - Martinsdelima\" \/>\n<meta property=\"og:description\" content=\"Pol\u00edtica de Privacidade Seguindo os princ\u00edpios da licitude, lealdade e transpar\u00eancia, colocamos \u00e0 sua disposi\u00e7\u00e3o a presente Pol\u00edtica de Privacidade. Quem \u00e9 o respons\u00e1vel pelo tratamento dos seus dados? Respons\u00e1vel: Martins de Lima S.L. NIF: B84866466 Domic\u00edlio social: Calle Serrano 93, 5E, 28006, Madrid Contacto: Email: lopd@martinsdelima.com Telefone: 911995651 Com [&hellip;]\" \/>\n<meta property=\"og:url\" content=\"https:\/\/www.martinsdelima.com\/pt-pt\/politica-de-privacidade\/\" \/>\n<meta property=\"og:site_name\" content=\"Martinsdelima\" \/>\n<meta property=\"article:modified_time\" content=\"2026-02-08T20:04:40+00:00\" \/>\n<meta name=\"twitter:card\" content=\"summary_large_image\" \/>\n<meta name=\"twitter:label1\" content=\"Tempo estimado de leitura\" \/>\n\t<meta name=\"twitter:data1\" content=\"5 minutos\" \/>\n<script type=\"application\/ld+json\" class=\"yoast-schema-graph\">{\"@context\":\"https:\/\/schema.org\",\"@graph\":[{\"@type\":\"WebPage\",\"@id\":\"https:\/\/www.martinsdelima.com\/pt-pt\/politica-de-privacidade\/\",\"url\":\"https:\/\/www.martinsdelima.com\/pt-pt\/politica-de-privacidade\/\",\"name\":\"Pol\u00edtica de Privacidade - Martinsdelima\",\"isPartOf\":{\"@id\":\"https:\/\/www.martinsdelima.com\/pt-pt\/#website\"},\"datePublished\":\"2022-09-19T08:17:03+00:00\",\"dateModified\":\"2026-02-08T20:04:40+00:00\",\"breadcrumb\":{\"@id\":\"https:\/\/www.martinsdelima.com\/pt-pt\/politica-de-privacidade\/#breadcrumb\"},\"inLanguage\":\"pt-PT\",\"potentialAction\":[{\"@type\":\"ReadAction\",\"target\":[\"https:\/\/www.martinsdelima.com\/pt-pt\/politica-de-privacidade\/\"]}]},{\"@type\":\"BreadcrumbList\",\"@id\":\"https:\/\/www.martinsdelima.com\/pt-pt\/politica-de-privacidade\/#breadcrumb\",\"itemListElement\":[{\"@type\":\"ListItem\",\"position\":1,\"name\":\"P\u00e1gina inicial\",\"item\":\"https:\/\/www.martinsdelima.com\/pt-pt\/inicio\/\"},{\"@type\":\"ListItem\",\"position\":2,\"name\":\"Pol\u00edtica de Privacidade\"}]},{\"@type\":\"WebSite\",\"@id\":\"https:\/\/www.martinsdelima.com\/pt-pt\/#website\",\"url\":\"https:\/\/www.martinsdelima.com\/pt-pt\/\",\"name\":\"Martinsdelima\",\"description\":\"Forensic&amp;Finance\",\"publisher\":{\"@id\":\"https:\/\/www.martinsdelima.com\/pt-pt\/#organization\"},\"potentialAction\":[{\"@type\":\"SearchAction\",\"target\":{\"@type\":\"EntryPoint\",\"urlTemplate\":\"https:\/\/www.martinsdelima.com\/pt-pt\/?s={search_term_string}\"},\"query-input\":{\"@type\":\"PropertyValueSpecification\",\"valueRequired\":true,\"valueName\":\"search_term_string\"}}],\"inLanguage\":\"pt-PT\"},{\"@type\":\"Organization\",\"@id\":\"https:\/\/www.martinsdelima.com\/pt-pt\/#organization\",\"name\":\"Martinsdelima\",\"url\":\"https:\/\/www.martinsdelima.com\/pt-pt\/\",\"logo\":{\"@type\":\"ImageObject\",\"inLanguage\":\"pt-PT\",\"@id\":\"https:\/\/www.martinsdelima.com\/pt-pt\/#\/schema\/logo\/image\/\",\"url\":\"https:\/\/mligy6wbr5rs.i.optimole.com\/w:auto\/h:auto\/q:mauto\/f:best\/https:\/\/www.martinsdelima.com\/wp-content\/uploads\/2025\/10\/martinsdelima-letras-claras-horizontal.png\",\"contentUrl\":\"https:\/\/mligy6wbr5rs.i.optimole.com\/w:auto\/h:auto\/q:mauto\/f:best\/https:\/\/www.martinsdelima.com\/wp-content\/uploads\/2025\/10\/martinsdelima-letras-claras-horizontal.png\",\"width\":1315,\"height\":217,\"caption\":\"Martinsdelima\"},\"image\":{\"@id\":\"https:\/\/www.martinsdelima.com\/pt-pt\/#\/schema\/logo\/image\/\"}}]}<\/script>\n<!-- \/ Yoast SEO plugin. -->","yoast_head_json":{"title":"Pol\u00edtica de Privacidade - Martinsdelima","robots":{"index":"index","follow":"follow","max-snippet":"max-snippet:-1","max-image-preview":"max-image-preview:large","max-video-preview":"max-video-preview:-1"},"canonical":"https:\/\/www.martinsdelima.com\/pt-pt\/politica-de-privacidade\/","og_locale":"pt_PT","og_type":"article","og_title":"Pol\u00edtica de Privacidade - Martinsdelima","og_description":"Pol\u00edtica de Privacidade Seguindo os princ\u00edpios da licitude, lealdade e transpar\u00eancia, colocamos \u00e0 sua disposi\u00e7\u00e3o a presente Pol\u00edtica de Privacidade. Quem \u00e9 o respons\u00e1vel pelo tratamento dos seus dados? Respons\u00e1vel: Martins de Lima S.L. NIF: B84866466 Domic\u00edlio social: Calle Serrano 93, 5E, 28006, Madrid Contacto: Email: lopd@martinsdelima.com Telefone: 911995651 Com [&hellip;]","og_url":"https:\/\/www.martinsdelima.com\/pt-pt\/politica-de-privacidade\/","og_site_name":"Martinsdelima","article_modified_time":"2026-02-08T20:04:40+00:00","twitter_card":"summary_large_image","twitter_misc":{"Tempo estimado de leitura":"5 minutos"},"schema":{"@context":"https:\/\/schema.org","@graph":[{"@type":"WebPage","@id":"https:\/\/www.martinsdelima.com\/pt-pt\/politica-de-privacidade\/","url":"https:\/\/www.martinsdelima.com\/pt-pt\/politica-de-privacidade\/","name":"Pol\u00edtica de Privacidade - Martinsdelima","isPartOf":{"@id":"https:\/\/www.martinsdelima.com\/pt-pt\/#website"},"datePublished":"2022-09-19T08:17:03+00:00","dateModified":"2026-02-08T20:04:40+00:00","breadcrumb":{"@id":"https:\/\/www.martinsdelima.com\/pt-pt\/politica-de-privacidade\/#breadcrumb"},"inLanguage":"pt-PT","potentialAction":[{"@type":"ReadAction","target":["https:\/\/www.martinsdelima.com\/pt-pt\/politica-de-privacidade\/"]}]},{"@type":"BreadcrumbList","@id":"https:\/\/www.martinsdelima.com\/pt-pt\/politica-de-privacidade\/#breadcrumb","itemListElement":[{"@type":"ListItem","position":1,"name":"P\u00e1gina inicial","item":"https:\/\/www.martinsdelima.com\/pt-pt\/inicio\/"},{"@type":"ListItem","position":2,"name":"Pol\u00edtica de Privacidade"}]},{"@type":"WebSite","@id":"https:\/\/www.martinsdelima.com\/pt-pt\/#website","url":"https:\/\/www.martinsdelima.com\/pt-pt\/","name":"Martinsdelima","description":"Forensic&amp;Finance","publisher":{"@id":"https:\/\/www.martinsdelima.com\/pt-pt\/#organization"},"potentialAction":[{"@type":"SearchAction","target":{"@type":"EntryPoint","urlTemplate":"https:\/\/www.martinsdelima.com\/pt-pt\/?s={search_term_string}"},"query-input":{"@type":"PropertyValueSpecification","valueRequired":true,"valueName":"search_term_string"}}],"inLanguage":"pt-PT"},{"@type":"Organization","@id":"https:\/\/www.martinsdelima.com\/pt-pt\/#organization","name":"Martinsdelima","url":"https:\/\/www.martinsdelima.com\/pt-pt\/","logo":{"@type":"ImageObject","inLanguage":"pt-PT","@id":"https:\/\/www.martinsdelima.com\/pt-pt\/#\/schema\/logo\/image\/","url":"https:\/\/mligy6wbr5rs.i.optimole.com\/w:auto\/h:auto\/q:mauto\/f:best\/https:\/\/www.martinsdelima.com\/wp-content\/uploads\/2025\/10\/martinsdelima-letras-claras-horizontal.png","contentUrl":"https:\/\/mligy6wbr5rs.i.optimole.com\/w:auto\/h:auto\/q:mauto\/f:best\/https:\/\/www.martinsdelima.com\/wp-content\/uploads\/2025\/10\/martinsdelima-letras-claras-horizontal.png","width":1315,"height":217,"caption":"Martinsdelima"},"image":{"@id":"https:\/\/www.martinsdelima.com\/pt-pt\/#\/schema\/logo\/image\/"}}]}},"_links":{"self":[{"href":"https:\/\/www.martinsdelima.com\/pt-pt\/wp-json\/wp\/v2\/pages\/11397","targetHints":{"allow":["GET"]}}],"collection":[{"href":"https:\/\/www.martinsdelima.com\/pt-pt\/wp-json\/wp\/v2\/pages"}],"about":[{"href":"https:\/\/www.martinsdelima.com\/pt-pt\/wp-json\/wp\/v2\/types\/page"}],"author":[{"embeddable":true,"href":"https:\/\/www.martinsdelima.com\/pt-pt\/wp-json\/wp\/v2\/users\/1"}],"replies":[{"embeddable":true,"href":"https:\/\/www.martinsdelima.com\/pt-pt\/wp-json\/wp\/v2\/comments?post=11397"}],"version-history":[{"count":1,"href":"https:\/\/www.martinsdelima.com\/pt-pt\/wp-json\/wp\/v2\/pages\/11397\/revisions"}],"predecessor-version":[{"id":11407,"href":"https:\/\/www.martinsdelima.com\/pt-pt\/wp-json\/wp\/v2\/pages\/11397\/revisions\/11407"}],"wp:attachment":[{"href":"https:\/\/www.martinsdelima.com\/pt-pt\/wp-json\/wp\/v2\/media?parent=11397"}],"curies":[{"name":"wp","href":"https:\/\/api.w.org\/{rel}","templated":true}]}}